{"id":52818,"date":"2023-05-11T01:01:43","date_gmt":"2023-05-10T23:01:43","guid":{"rendered":"https:\/\/www.comau.com\/?page_id=52818"},"modified":"2024-07-20T03:40:50","modified_gmt":"2024-07-20T01:40:50","slug":"50-anni-comau","status":"publish","type":"page","link":"https:\/\/www.comau.com\/it\/about-us\/50-anni-comau\/","title":{"rendered":"50 anni"},"content":{"rendered":"\n<div class=\"wp-block-getwid-image-box getwid-animation has-text-center has-mobile-layout-default has-mobile-alignment-center\" data-animation=\"zoomSmall\"><div class=\"wp-block-getwid-image-box__image-container is-position-top\"><div class=\"wp-block-getwid-image-box__image-wrapper\"><img decoding=\"async\" width=\"300\" height=\"132\" src=\"https:\/\/www.comau.com\/wp-content\/uploads\/2023\/05\/Comau-comau-50-color@4x-300x132.png\" alt=\"\" class=\"wp-block-getwid-image-box__image wp-image-53280\" srcset=\"https:\/\/www.comau.com\/wp-content\/uploads\/2023\/05\/Comau-comau-50-color@4x-300x132.png 300w, https:\/\/www.comau.com\/wp-content\/uploads\/2023\/05\/Comau-comau-50-color@4x-1024x451.png 1024w, https:\/\/www.comau.com\/wp-content\/uploads\/2023\/05\/Comau-comau-50-color@4x-768x339.png 768w, https:\/\/www.comau.com\/wp-content\/uploads\/2023\/05\/Comau-comau-50-color@4x-1536x677.png 1536w, https:\/\/www.comau.com\/wp-content\/uploads\/2023\/05\/Comau-comau-50-color@4x-2048x903.png 2048w\" sizes=\"(max-width: 300px) 100vw, 300px\" \/><\/div><\/div><div class=\"wp-block-getwid-image-box__content\">\n<h3 class=\"wp-block-heading\"><\/h3>\n\n\n\n<div style=\"height:20px\" aria-hidden=\"true\" class=\"wp-block-spacer\"><\/div>\n<\/div><\/div>\n\n\n\n<p><strong>\ufeffIl 2023 \u00e8 un anno molto significativo per Comau<\/strong>. Rappresenta il raggiungimento di una pietra miliare perch\u00e9 non ci sono molte aziende in grado di raccontare una storia come la nostra.<\/p>\n\n\n\n<p>Una storia basata sulla <strong>crescita e sull&#8217;espansione<\/strong>, fatta di sfide vinte e talvolta perse, di lezioni apprese dagli altri.<\/p>\n\n\n\n<p>Una storia basata su <strong>competenze e tecnologia<\/strong>, che continueremo a mettere a disposizione di tutti i nostri clienti e partner, sia nelle nostre aree di competenza tradizionali che in nuovissimi mercati, a cui stiamo gi\u00e0 puntando con soluzioni innovative.<\/p>\n\n\n\n<p>Una storia di <strong>passione<\/strong>.<\/p>\n\n\n\n<h2 class=\"wp-block-heading\">Shaping Innovation &#8211; <strong>Dare forma all&#8217;innovazione<\/strong><\/h2>\n\n\n\n<div style=\"height:20px\" aria-hidden=\"true\" class=\"wp-block-spacer\"><\/div>\n\n\n\n<p>DARE FORMA ALL&#8217;INNOVAZIONE. \u00c8 un&#8217;espressione della capacit\u00e0 di Comau di <strong>dare forma a soluzioni sempre nuove<\/strong>, riunendo molte competenze diverse per creare ogni volta qualcosa di nuovo che guarda al futuro<\/p>\n\n\n\n<h2 class=\"wp-block-heading\">Celebriamo una storia di 50 anni<\/h2>\n\n\n\n<div style=\"height:20px\" aria-hidden=\"true\" class=\"wp-block-spacer\"><\/div>\n\n\n\n<p>50 anni pieni di sfide da superare e successi che hanno visto Comau crescere ed evolversi grazie a un team internazionale e multiculturale in grado di anticipare le tendenze tecnologiche e di mercato, sviluppando soluzioni di automazione all&#8217;avanguardia.<\/p>\n\n\n\n<p>Ed \u00e8 fondamentale ricordare che la nostra \u00e8 una storia di trasformazione, perch\u00e9 Comau non \u00e8 quello che era 50 anni fa, o addirittura 5 anni fa. <strong>Non smettiamo mai di guardare al futuro.<\/strong><\/p>\n\n\n\n<p>Vi invitiamo a scoprire i principali traguardi raggiunti da Comau durante questo viaggio. Guardate il video:<\/p>\n\n\n\n<p>Attenzione: Il video viene visualizzato in lingua inglese.<\/p>\n\n\n\n<div style=\"height:20px\" aria-hidden=\"true\" class=\"wp-block-spacer\"><\/div>\n\n\n\n<figure class=\"wp-block-video\"><video height=\"1080\" style=\"aspect-ratio: 1920 \/ 1080;\" width=\"1920\" controls loop muted src=\"https:\/\/www.comau.com\/wp-content\/uploads\/2023\/05\/Comau-50years-Video_web-version-2.mp4\"><\/video><\/figure>\n\n\n\n<p><\/p>\n\n\n\n<h2 class=\"wp-block-heading\" id=\"a-new-way-of-manufacturing\"><strong>Le nostre radici<\/strong><\/h2>\n\n\n\n<p>Una storia che inizia dal primo sistema robotico lanciato sul mercato negli anni &#8217;70, per arrivare poi alle tecnologie che negli anni &#8217;80 e &#8217;90 hanno permesso a Comau di aprire una nuova era di automazione, pi\u00f9 avanzata e flessibile. Dall&#8217;espansione globale che ha condotto con successo la nostra azienda nel nuovo millennio, allo sviluppo di prodotti e sistemi sempre pi\u00f9 innovativi, fino alle nuove soluzioni avanzate di robotica, digitale e di e-Mobility.<\/p>\n\n\n\n<div class=\"wp-block-buttons is-layout-flex wp-block-buttons-is-layout-flex\">\n<div class=\"wp-block-button is-style-fill\"><a class=\"wp-block-button__link wp-element-button\" href=\"https:\/\/www.comau.com\/it\/about-us\/history\/\" target=\"_blank\" rel=\"noreferrer noopener\">Scopri la storia di Comau<\/a><\/div>\n<\/div>\n\n\n\n<h2 class=\"wp-block-heading has-text-align-center has-text-color\" style=\"color:#0046ad\"><strong>Per saperne di pi\u00f9 su Comau<\/strong><\/h2>\n\n\n\n<div class=\"wp-block-columns is-layout-flex wp-container-core-columns-is-layout-9d6595d7 wp-block-columns-is-layout-flex\">\n<div class=\"wp-block-column has-white-background-color has-background is-layout-flow wp-block-column-is-layout-flow\">\n<div class=\"wp-block-getwid-image-box getwid-animation has-text-center has-mobile-layout-default has-mobile-alignment-default\" data-animation=\"zoomSmall\"><div class=\"wp-block-getwid-image-box__image-container is-position-top\"><div class=\"wp-block-getwid-image-box__image-wrapper\"><img decoding=\"async\" width=\"1024\" height=\"318\" src=\"https:\/\/www.comau.com\/wp-content\/uploads\/2022\/02\/Sustainability_HERO-1024x318.jpg\" class=\"wp-block-getwid-image-box__image wp-image-43226\" srcset=\"https:\/\/www.comau.com\/wp-content\/uploads\/2022\/02\/Sustainability_HERO-1024x318.jpg 1024w, https:\/\/www.comau.com\/wp-content\/uploads\/2022\/02\/Sustainability_HERO-300x93.jpg 300w, https:\/\/www.comau.com\/wp-content\/uploads\/2022\/02\/Sustainability_HERO-768x238.jpg 768w, https:\/\/www.comau.com\/wp-content\/uploads\/2022\/02\/Sustainability_HERO.jpg 1450w\" sizes=\"(max-width: 1024px) 100vw, 1024px\" \/><\/div><\/div><div class=\"wp-block-getwid-image-box__content\">\n<h3 class=\"wp-block-heading has-text-align-left\"><strong>Sostenibilit\u00e0<\/strong><\/h3>\n\n\n\n<p class=\"has-text-align-left\">La continua spinta verso l&#8217;innovazione di Comau l&#8217;ha naturalmente condotta ad adottare e creare soluzioni e tecnologie sostenibili, sia per le proprie attivit\u00e0 che per quelle dei propri clienti.&nbsp;<\/p>\n\n\n\n<div class=\"wp-block-buttons is-layout-flex wp-block-buttons-is-layout-flex\">\n<div class=\"wp-block-button\"><a class=\"wp-block-button__link wp-element-button\" href=\"https:\/\/www.comau.com\/en\/about-us\/sustainability\/\" target=\"_blank\" rel=\"noreferrer noopener\">Continua a leggere<\/a><\/div>\n<\/div>\n\n\n\n<p><\/p>\n<\/div><\/div>\n<\/div>\n\n\n\n<div class=\"wp-block-column has-white-background-color has-background is-layout-flow wp-block-column-is-layout-flow\">\n<div class=\"wp-block-getwid-image-box getwid-animation has-text-center has-mobile-layout-default has-mobile-alignment-default\" data-animation=\"zoomSmall\"><div class=\"wp-block-getwid-image-box__image-container is-position-top\"><div class=\"wp-block-getwid-image-box__image-wrapper\"><img decoding=\"async\" width=\"1280\" height=\"485\" src=\"https:\/\/www.comau.com\/wp-content\/uploads\/2021\/06\/corporate-governance_header.jpg\" alt=\"\" class=\"wp-block-getwid-image-box__image wp-image-317\" srcset=\"https:\/\/www.comau.com\/wp-content\/uploads\/2021\/06\/corporate-governance_header.jpg 1280w, https:\/\/www.comau.com\/wp-content\/uploads\/2021\/06\/corporate-governance_header-300x114.jpg 300w, https:\/\/www.comau.com\/wp-content\/uploads\/2021\/06\/corporate-governance_header-1024x388.jpg 1024w, https:\/\/www.comau.com\/wp-content\/uploads\/2021\/06\/corporate-governance_header-768x291.jpg 768w\" sizes=\"(max-width: 1280px) 100vw, 1280px\" \/><\/div><\/div><div class=\"wp-block-getwid-image-box__content\">\n<h3 class=\"wp-block-heading has-text-align-left\"><strong>Governance aziendale<\/strong><\/h3>\n\n\n\n<p class=\"has-text-align-left\">\u200b\u200bLe aziende del Gruppo Comau sono fortemente impegnate a condurre le loro attivit\u00e0 nell&#8217;ambito della Compliance, rispettando i pi\u00f9 elevati standard di etica e integrit\u00e0.<\/p>\n\n\n\n<div class=\"wp-block-buttons is-layout-flex wp-block-buttons-is-layout-flex\">\n<div class=\"wp-block-button\"><a class=\"wp-block-button__link wp-element-button\" href=\"https:\/\/www.comau.com\/en\/about-us\/corporate-governance\/\" target=\"_blank\" rel=\"noreferrer noopener\">Continua a leggere<\/a><\/div>\n<\/div>\n\n\n\n<p><\/p>\n<\/div><\/div>\n<\/div>\n\n\n\n<div class=\"wp-block-column has-white-background-color has-background is-layout-flow wp-block-column-is-layout-flow\">\n<div class=\"wp-block-getwid-image-box getwid-animation has-text-center has-mobile-layout-default has-mobile-alignment-default\" data-animation=\"zoomSmall\"><div class=\"wp-block-getwid-image-box__image-container is-position-top\"><div class=\"wp-block-getwid-image-box__image-wrapper\"><img decoding=\"async\" width=\"1280\" height=\"485\" src=\"https:\/\/www.comau.com\/wp-content\/uploads\/2021\/06\/sustainabily_header.jpg\" alt=\"\" class=\"wp-block-getwid-image-box__image wp-image-335\" srcset=\"https:\/\/www.comau.com\/wp-content\/uploads\/2021\/06\/sustainabily_header.jpg 1280w, https:\/\/www.comau.com\/wp-content\/uploads\/2021\/06\/sustainabily_header-300x114.jpg 300w, https:\/\/www.comau.com\/wp-content\/uploads\/2021\/06\/sustainabily_header-1024x388.jpg 1024w, https:\/\/www.comau.com\/wp-content\/uploads\/2021\/06\/sustainabily_header-768x291.jpg 768w\" sizes=\"(max-width: 1280px) 100vw, 1280px\" \/><\/div><\/div><div class=\"wp-block-getwid-image-box__content\">\n<h3 class=\"wp-block-heading has-text-align-left\"><strong>Qualit\u00e0<\/strong><\/h3>\n\n\n\n<p class=\"has-text-align-left\">Il Sistema di gestione della qualit\u00e0 di Comau \u00e8 conforme ai pi\u00f9 recenti standard internazionali. Clienti, fornitori e personale del team Comau sono sempre il punto di riferimento per definire le migliori pratiche.<\/p>\n\n\n\n<div class=\"wp-block-buttons is-layout-flex wp-block-buttons-is-layout-flex\">\n<div class=\"wp-block-button\"><a class=\"wp-block-button__link wp-element-button\" href=\"https:\/\/www.comau.com\/en\/about-us\/quality-and-sustainability\/\" target=\"_blank\" rel=\"noreferrer noopener\">Continua a leggere<\/a><\/div>\n<\/div>\n\n\n\n<p><\/p>\n<\/div><\/div>\n<\/div>\n<\/div>\n","protected":false},"excerpt":{"rendered":"<p>\ufeffIl 2023 \u00e8 un anno molto significativo per Comau. Rappresenta il raggiungimento di una pietra miliare perch\u00e9 non ci sono molte aziende in grado di raccontare una storia come la nostra. Una storia basata sulla crescita e sull&#8217;espansione, fatta di sfide vinte e talvolta perse, di lezioni apprese dagli altri. Una storia basata su competenze [&hellip;]<\/p>\n","protected":false},"author":21,"featured_media":52831,"parent":3681,"menu_order":1,"comment_status":"closed","ping_status":"closed","template":"","meta":{"_acf_changed":false,"ep_exclude_from_search":false,"footnotes":""},"class_list":["post-52818","page","type-page","status-publish","has-post-thumbnail","hentry"],"acf":[],"yoast_head":"<!-- This site is optimized with the Yoast SEO plugin v26.9 - https:\/\/yoast.com\/product\/yoast-seo-wordpress\/ -->\n<title>Celebriamo una storia di 50 anni | Comau<\/title>\n<meta name=\"description\" content=\"Una storia lunga 50 anni che parte dal primo sistema robotizzato Comau, per aprire una nuova era di automazione avanzata e flessibile.\" \/>\n<meta name=\"robots\" content=\"index, follow, max-snippet:-1, max-image-preview:large, max-video-preview:-1\" \/>\n<link rel=\"canonical\" href=\"https:\/\/www.comau.com\/it\/about-us\/50-anni-comau\/\" \/>\n<meta property=\"og:locale\" content=\"it_IT\" \/>\n<meta property=\"og:type\" content=\"article\" \/>\n<meta property=\"og:title\" content=\"Celebriamo una storia di 50 anni | Comau\" \/>\n<meta property=\"og:description\" content=\"Una storia lunga 50 anni che parte dal primo sistema robotizzato Comau, per aprire una nuova era di automazione avanzata e flessibile.\" \/>\n<meta property=\"og:url\" content=\"https:\/\/www.comau.com\/it\/about-us\/50-anni-comau\/\" \/>\n<meta property=\"og:site_name\" content=\"Comau\" \/>\n<meta property=\"article:publisher\" content=\"https:\/\/www.facebook.com\/COMAU\/\" \/>\n<meta property=\"article:modified_time\" content=\"2024-07-20T01:40:50+00:00\" \/>\n<meta property=\"og:image\" content=\"https:\/\/www.comau.com\/wp-content\/uploads\/2023\/05\/Header_Comau_Headquarters.jpg\" \/>\n\t<meta property=\"og:image:width\" content=\"1450\" \/>\n\t<meta property=\"og:image:height\" content=\"450\" \/>\n\t<meta property=\"og:image:type\" content=\"image\/jpeg\" \/>\n<meta name=\"twitter:card\" content=\"summary_large_image\" \/>\n<meta name=\"twitter:site\" content=\"@comaugroup\" \/>\n<meta name=\"twitter:label1\" content=\"Tempo di lettura stimato\" \/>\n\t<meta name=\"twitter:data1\" content=\"3 minuti\" \/>\n<script type=\"application\/ld+json\" class=\"yoast-schema-graph\">{\"@context\":\"https:\/\/schema.org\",\"@graph\":[{\"@type\":\"WebPage\",\"@id\":\"https:\/\/www.comau.com\/it\/about-us\/50-anni-comau\/\",\"url\":\"https:\/\/www.comau.com\/it\/about-us\/50-anni-comau\/\",\"name\":\"Celebriamo una storia di 50 anni | Comau\",\"isPartOf\":{\"@id\":\"https:\/\/www.comau.com\/it\/#website\"},\"primaryImageOfPage\":{\"@id\":\"https:\/\/www.comau.com\/it\/about-us\/50-anni-comau\/#primaryimage\"},\"image\":{\"@id\":\"https:\/\/www.comau.com\/it\/about-us\/50-anni-comau\/#primaryimage\"},\"thumbnailUrl\":\"https:\/\/www.comau.com\/wp-content\/uploads\/2023\/05\/Header_Comau_Headquarters.jpg\",\"datePublished\":\"2023-05-10T23:01:43+00:00\",\"dateModified\":\"2024-07-20T01:40:50+00:00\",\"description\":\"Una storia lunga 50 anni che parte dal primo sistema robotizzato Comau, per aprire una nuova era di automazione avanzata e flessibile.\",\"breadcrumb\":{\"@id\":\"https:\/\/www.comau.com\/it\/about-us\/50-anni-comau\/#breadcrumb\"},\"inLanguage\":\"it-IT\",\"potentialAction\":[{\"@type\":\"ReadAction\",\"target\":[\"https:\/\/www.comau.com\/it\/about-us\/50-anni-comau\/\"]}]},{\"@type\":\"ImageObject\",\"inLanguage\":\"it-IT\",\"@id\":\"https:\/\/www.comau.com\/it\/about-us\/50-anni-comau\/#primaryimage\",\"url\":\"https:\/\/www.comau.com\/wp-content\/uploads\/2023\/05\/Header_Comau_Headquarters.jpg\",\"contentUrl\":\"https:\/\/www.comau.com\/wp-content\/uploads\/2023\/05\/Header_Comau_Headquarters.jpg\",\"width\":1450,\"height\":450},{\"@type\":\"BreadcrumbList\",\"@id\":\"https:\/\/www.comau.com\/it\/about-us\/50-anni-comau\/#breadcrumb\",\"itemListElement\":[{\"@type\":\"ListItem\",\"position\":1,\"name\":\"Home\",\"item\":\"https:\/\/www.comau.com\/it\/\"},{\"@type\":\"ListItem\",\"position\":2,\"name\":\"Questa \u00e8 Comau\",\"item\":\"https:\/\/www.comau.com\/it\/about-us\/\"},{\"@type\":\"ListItem\",\"position\":3,\"name\":\"50 anni\"}]},{\"@type\":\"WebSite\",\"@id\":\"https:\/\/www.comau.com\/it\/#website\",\"url\":\"https:\/\/www.comau.com\/it\/\",\"name\":\"Comau\",\"description\":\"Industrial automation and robotics\",\"publisher\":{\"@id\":\"https:\/\/www.comau.com\/it\/#organization\"},\"potentialAction\":[{\"@type\":\"SearchAction\",\"target\":{\"@type\":\"EntryPoint\",\"urlTemplate\":\"https:\/\/www.comau.com\/it\/?s={search_term_string}\"},\"query-input\":{\"@type\":\"PropertyValueSpecification\",\"valueRequired\":true,\"valueName\":\"search_term_string\"}}],\"inLanguage\":\"it-IT\"},{\"@type\":\"Organization\",\"@id\":\"https:\/\/www.comau.com\/it\/#organization\",\"name\":\"Comau\",\"url\":\"https:\/\/www.comau.com\/it\/\",\"logo\":{\"@type\":\"ImageObject\",\"inLanguage\":\"it-IT\",\"@id\":\"https:\/\/www.comau.com\/it\/#\/schema\/logo\/image\/\",\"url\":\"https:\/\/www.comau.com\/wp-content\/uploads\/2024\/07\/cropped-Logo-COMAU.png\",\"contentUrl\":\"https:\/\/www.comau.com\/wp-content\/uploads\/2024\/07\/cropped-Logo-COMAU.png\",\"width\":434,\"height\":434,\"caption\":\"Comau\"},\"image\":{\"@id\":\"https:\/\/www.comau.com\/it\/#\/schema\/logo\/image\/\"},\"sameAs\":[\"https:\/\/www.facebook.com\/COMAU\/\",\"https:\/\/x.com\/comaugroup\",\"https:\/\/www.instagram.com\/comaugroup\/\",\"https:\/\/www.linkedin.com\/company\/comau\",\"https:\/\/www.youtube.com\/user\/comau\"]}]}<\/script>\n<!-- \/ Yoast SEO plugin. -->","yoast_head_json":{"title":"Celebriamo una storia di 50 anni | Comau","description":"Una storia lunga 50 anni che parte dal primo sistema robotizzato Comau, per aprire una nuova era di automazione avanzata e flessibile.","robots":{"index":"index","follow":"follow","max-snippet":"max-snippet:-1","max-image-preview":"max-image-preview:large","max-video-preview":"max-video-preview:-1"},"canonical":"https:\/\/www.comau.com\/it\/about-us\/50-anni-comau\/","og_locale":"it_IT","og_type":"article","og_title":"Celebriamo una storia di 50 anni | Comau","og_description":"Una storia lunga 50 anni che parte dal primo sistema robotizzato Comau, per aprire una nuova era di automazione avanzata e flessibile.","og_url":"https:\/\/www.comau.com\/it\/about-us\/50-anni-comau\/","og_site_name":"Comau","article_publisher":"https:\/\/www.facebook.com\/COMAU\/","article_modified_time":"2024-07-20T01:40:50+00:00","og_image":[{"width":1450,"height":450,"url":"https:\/\/www.comau.com\/wp-content\/uploads\/2023\/05\/Header_Comau_Headquarters.jpg","type":"image\/jpeg"}],"twitter_card":"summary_large_image","twitter_site":"@comaugroup","twitter_misc":{"Tempo di lettura stimato":"3 minuti"},"schema":{"@context":"https:\/\/schema.org","@graph":[{"@type":"WebPage","@id":"https:\/\/www.comau.com\/it\/about-us\/50-anni-comau\/","url":"https:\/\/www.comau.com\/it\/about-us\/50-anni-comau\/","name":"Celebriamo una storia di 50 anni | Comau","isPartOf":{"@id":"https:\/\/www.comau.com\/it\/#website"},"primaryImageOfPage":{"@id":"https:\/\/www.comau.com\/it\/about-us\/50-anni-comau\/#primaryimage"},"image":{"@id":"https:\/\/www.comau.com\/it\/about-us\/50-anni-comau\/#primaryimage"},"thumbnailUrl":"https:\/\/www.comau.com\/wp-content\/uploads\/2023\/05\/Header_Comau_Headquarters.jpg","datePublished":"2023-05-10T23:01:43+00:00","dateModified":"2024-07-20T01:40:50+00:00","description":"Una storia lunga 50 anni che parte dal primo sistema robotizzato Comau, per aprire una nuova era di automazione avanzata e flessibile.","breadcrumb":{"@id":"https:\/\/www.comau.com\/it\/about-us\/50-anni-comau\/#breadcrumb"},"inLanguage":"it-IT","potentialAction":[{"@type":"ReadAction","target":["https:\/\/www.comau.com\/it\/about-us\/50-anni-comau\/"]}]},{"@type":"ImageObject","inLanguage":"it-IT","@id":"https:\/\/www.comau.com\/it\/about-us\/50-anni-comau\/#primaryimage","url":"https:\/\/www.comau.com\/wp-content\/uploads\/2023\/05\/Header_Comau_Headquarters.jpg","contentUrl":"https:\/\/www.comau.com\/wp-content\/uploads\/2023\/05\/Header_Comau_Headquarters.jpg","width":1450,"height":450},{"@type":"BreadcrumbList","@id":"https:\/\/www.comau.com\/it\/about-us\/50-anni-comau\/#breadcrumb","itemListElement":[{"@type":"ListItem","position":1,"name":"Home","item":"https:\/\/www.comau.com\/it\/"},{"@type":"ListItem","position":2,"name":"Questa \u00e8 Comau","item":"https:\/\/www.comau.com\/it\/about-us\/"},{"@type":"ListItem","position":3,"name":"50 anni"}]},{"@type":"WebSite","@id":"https:\/\/www.comau.com\/it\/#website","url":"https:\/\/www.comau.com\/it\/","name":"Comau","description":"Industrial automation and robotics","publisher":{"@id":"https:\/\/www.comau.com\/it\/#organization"},"potentialAction":[{"@type":"SearchAction","target":{"@type":"EntryPoint","urlTemplate":"https:\/\/www.comau.com\/it\/?s={search_term_string}"},"query-input":{"@type":"PropertyValueSpecification","valueRequired":true,"valueName":"search_term_string"}}],"inLanguage":"it-IT"},{"@type":"Organization","@id":"https:\/\/www.comau.com\/it\/#organization","name":"Comau","url":"https:\/\/www.comau.com\/it\/","logo":{"@type":"ImageObject","inLanguage":"it-IT","@id":"https:\/\/www.comau.com\/it\/#\/schema\/logo\/image\/","url":"https:\/\/www.comau.com\/wp-content\/uploads\/2024\/07\/cropped-Logo-COMAU.png","contentUrl":"https:\/\/www.comau.com\/wp-content\/uploads\/2024\/07\/cropped-Logo-COMAU.png","width":434,"height":434,"caption":"Comau"},"image":{"@id":"https:\/\/www.comau.com\/it\/#\/schema\/logo\/image\/"},"sameAs":["https:\/\/www.facebook.com\/COMAU\/","https:\/\/x.com\/comaugroup","https:\/\/www.instagram.com\/comaugroup\/","https:\/\/www.linkedin.com\/company\/comau","https:\/\/www.youtube.com\/user\/comau"]}]}},"_links":{"self":[{"href":"https:\/\/www.comau.com\/it\/wp-json\/wp\/v2\/pages\/52818","targetHints":{"allow":["GET"]}}],"collection":[{"href":"https:\/\/www.comau.com\/it\/wp-json\/wp\/v2\/pages"}],"about":[{"href":"https:\/\/www.comau.com\/it\/wp-json\/wp\/v2\/types\/page"}],"author":[{"embeddable":true,"href":"https:\/\/www.comau.com\/it\/wp-json\/wp\/v2\/users\/21"}],"replies":[{"embeddable":true,"href":"https:\/\/www.comau.com\/it\/wp-json\/wp\/v2\/comments?post=52818"}],"version-history":[{"count":10,"href":"https:\/\/www.comau.com\/it\/wp-json\/wp\/v2\/pages\/52818\/revisions"}],"predecessor-version":[{"id":65780,"href":"https:\/\/www.comau.com\/it\/wp-json\/wp\/v2\/pages\/52818\/revisions\/65780"}],"up":[{"embeddable":true,"href":"https:\/\/www.comau.com\/it\/wp-json\/wp\/v2\/pages\/3681"}],"wp:featuredmedia":[{"embeddable":true,"href":"https:\/\/www.comau.com\/it\/wp-json\/wp\/v2\/media\/52831"}],"wp:attachment":[{"href":"https:\/\/www.comau.com\/it\/wp-json\/wp\/v2\/media?parent=52818"}],"curies":[{"name":"wp","href":"https:\/\/api.w.org\/{rel}","templated":true}]}}