{"id":51815,"date":"2023-04-19T15:59:55","date_gmt":"2023-04-19T13:59:55","guid":{"rendered":"https:\/\/www.comau.com\/?page_id=51815"},"modified":"2023-05-27T23:11:47","modified_gmt":"2023-05-27T21:11:47","slug":"john-deere-utilizza-la-robotica-indossabile-di-comau","status":"publish","type":"page","link":"https:\/\/www.comau.com\/it\/about-us\/success-stories\/john-deere-utilizza-la-robotica-indossabile-di-comau\/","title":{"rendered":"John Deere utilizza in Brasile la robotica indossabile di Comau per garantire il benessere ergonomico dei lavoratori durante operazioni manuali"},"content":{"rendered":"\n<p>Fondata nel 1837, John Deere \u00e8 un&#8217;azienda tecnologica di respiro globale che fornisce principalmente software e attrezzature per l&#8217;agricoltura, l&#8217;edilizia e la silvicoltura. Con un imponente portafoglio clienti, l\u2019azienda \u00e8 conosciuta in tutto il mondo per lo sviluppo di prodotti innovativi e di alta qualit\u00e0, che riflettono una tradizione di integrit\u00e0 lunga 186 anni. Questo stesso spirito pionieristico ha portato i manager del centro di distribuzione ricambi dell&#8217;azienda ad iniziare a cercare modi per migliorare la sicurezza, la salute e la sostenibilit\u00e0 della propria forza lavoro.<\/p>\n\n\n<div class=\"wp-block-image\">\n<figure class=\"alignright size-large is-resized\"><img decoding=\"async\" src=\"https:\/\/www.comau.com\/wp-content\/uploads\/2023\/04\/IMG_9599-1024x683.jpg\" alt=\"\" class=\"wp-image-52496\" width=\"512\" height=\"342\" srcset=\"https:\/\/www.comau.com\/wp-content\/uploads\/2023\/04\/IMG_9599-1024x683.jpg 1024w, https:\/\/www.comau.com\/wp-content\/uploads\/2023\/04\/IMG_9599-300x200.jpg 300w, https:\/\/www.comau.com\/wp-content\/uploads\/2023\/04\/IMG_9599-768x512.jpg 768w, https:\/\/www.comau.com\/wp-content\/uploads\/2023\/04\/IMG_9599-1536x1024.jpg 1536w, https:\/\/www.comau.com\/wp-content\/uploads\/2023\/04\/IMG_9599-2048x1365.jpg 2048w\" sizes=\"(max-width: 512px) 100vw, 512px\" \/><\/figure>\n<\/div>\n\n\n<p>Il servizio di logistica dei ricambi di John Deere ha un ruolo chiave nell\u2019aiutare il produttore di attrezzature agricole a soddisfare rapidamente le richieste in arrivo dai concessionari e dai clienti finali. Per gestire oltre 150.000 pezzi diversi, necessari per rifornire il mercato locale, l&#8217;azienda ha costruito un impianto di distribuzione di 75.000 m2 a Campinas, nello stato di San Paolo. Tuttavia, le dimensioni di questa struttura sono solo un aspetto che caratterizza l\u2019operativit\u00e0 dello stabilimento. Per soddisfare pienamente la domanda dei clienti, ci\u00f2 che conta \u00e8 la velocit\u00e0 e l&#8217;efficienza con cui vengono gestite le operazioni, poich\u00e9 spesso i componenti di ricambio devono essere consegnati per il giorno successivo. Per riuscire a raggiungere questo obiettivo, i dipendenti di John Deere devono quindi selezionare, smistare e imballare centinaia di componenti al giorno, un&#8217;attivit\u00e0 che comporta movimenti ripetitivi di braccia, spalle e schiena.<\/p>\n\n\n\n<p>All&#8217;inizio del 2022, il team di John Deere ha contattato Helmar De Aquino, ingegnere ed ergonomista specializzato di Comau, per capire in che modo l&#8217;esoscheletro indossabile dell&#8217;azienda avrebbe potuto migliorare il benessere e la qualit\u00e0 di lavoro dei dipendenti che avevano il compito di sollevare, spostare e prelevare pezzi di ricambio di diverse forme, dimensione e peso.<\/p>\n\n\n\n<div class=\"wp-block-group wide-section-light-1 py-5 my-5\"><div class=\"wp-block-group__inner-container is-layout-flow wp-block-group-is-layout-flow\">\n<blockquote class=\"wp-block-quote has-text-align-left success-story-quote is-layout-flow wp-block-quote-is-layout-flow\" style=\"font-size:16px\">\n<p style=\"font-size:16px\">&#8220;Il nostro impegno per fornire ai clienti tecnologie di automazione innovative si estende anche alla ricerca di nuove modalit\u00e0 per garantire ai lavoratori di svolgere le proprie attivit\u00e0 quotidiane in modo pi\u00f9 sicuro, in diverse applicazioni e settori&#8221;, ha affermato Laerte Scarpitta, Comau Leader per le Americhe. &#8220;MATE-XT \u00e8 un esoscheletro indossabile, facile da usare, che garantisce a John Deere un elevato valore aggiunto e benefici misurabili in termini di riduzione della fatica muscolare percepita e, di conseguenza, dello stress meccanico a cui sono sottoposti la schiena, la zona lombare, le braccia e le spalle di un lavoratore. Questa tecnologia \u00e8 l\u2019ennesimo esempio del grande valore che la robotica pu\u00f2 apportare al lavoro umano&#8221;.<\/p>\n<cite><strong><strong><strong><strong>Laerte Scarpitta, Comau Leader per le Americhe<\/strong><\/strong><\/strong><\/strong><\/cite><\/blockquote>\n<\/div><\/div>\n\n\n\n<div class=\"wp-block-columns is-layout-flex wp-container-core-columns-is-layout-9d6595d7 wp-block-columns-is-layout-flex\">\n<div class=\"wp-block-column is-layout-flow wp-block-column-is-layout-flow\">\n<h2 class=\"h3 wp-block-heading\" id=\"the-challenge\">La sfida<\/h2>\n\n\n\n<p>Al fine di migliorare il benessere e rendere pi\u00f9 sostenibile l\u2019ergonomia dei lavoratori, John Deere stava cercando attivamente una soluzione che consentisse di alleviare lo sforzo fisico dei suoi dipendenti. Il miglioramento della postura e della qualit\u00e0 di lavoro era il secondo obiettivo, poich\u00e9 l&#8217;azienda voleva ridurre il rischio ergonomico che caratterizza le attivit\u00e0 di gestione logistica dei componenti<\/p>\n\n\n\n<p>ohn Deere ha quindi chiesto a Comau di dimostrare le prestazioni ergonomiche del suo esoscheletro robotico passivo MATE-XT, in termini di efficacia nella riduzione del rischio di sovraccarico biomeccanico degli arti superiori. Dato che i lavoratori dovevano indossare questo innovativo esoscheletro fino ad 8 ore al giorno, poter garantire un comfort generale ed elevata adattabilit\u00e0 erano altri due requisiti richiesti.<\/p>\n<\/div>\n\n\n\n<div class=\"wp-block-column is-layout-flow wp-block-column-is-layout-flow\">\n<h2 class=\"h3 wp-block-heading\" id=\"the-solution\">La soluzione<\/h2>\n\n\n\n<p>L\u2019esoscheletro MATE-XT si \u00e8 rivelato una soluzione perfetta grazie alla sua efficacia e alla sua struttura innovativa. Oltre ad essere leggero e facile da indossare, <a href=\"https:\/\/mate.comau.com\" target=\"_blank\" rel=\"noreferrer noopener\">MATE-XT<\/a> replica con precisione tutti i movimenti della spalla, aiutando i lavoratori a svolgere il proprio compito in modo confortevole, riducendo l&#8217;affaticamento muscolare senza limitare la mobilit\u00e0 o comportare la presenza di volumi aggiuntivi.. Inoltre, il suo design ergonomico pu\u00f2 essere facilmente regolato per adeguarsi, con poche operazioni iniziali, a persone con un diverso tipo di corporatura, modificando la lunghezza degli spallacci e il livello di supporto in base all&#8217;operatore o al lavoro da svolgere.<\/p>\n\n\n\n<p>Oltre ad offrire un sostegno posturale traspirante ed altamente efficace, MATE-XT \u00e8 certificato EAWS (Ergonomic Assessment Work-Sheet). Fornendo a John Deere una valutazione obiettiva del miglioramento dell\u2019ergonomia, il team dell\u2019azienda \u00e8 stato in grado di calcolare facilmente i benefici previsti in termini di riduzione dell&#8217;affaticamento muscolare, velocit\u00e0 di esecuzione e ROI atteso.<\/p>\n\n\n\n<p>Comau ha anche aiutato John Deere a rendere pi\u00f9 semplice e veloce l\u2019integrazione dell&#8217;esoscheletro MATE-XT nelle proprie operazioni quotidiane, offrendo un corso di formazione pratica che si \u00e8 tenuto presso il centro di distribuzione ricambi di Campinas. Infine, gli esperti di ergonomia di Comau hanno lavorato insieme al cliente per monitorare l\u2019andamento dell\u2019equilibrio muscolare e l\u2019apporto di energia impiegato dai lavoratori durante lo svolgimento di attivit\u00e0 di routine.<\/p>\n\n\n\n<p>Dopo aver ricevuto il primo esoscheletro a met\u00e0 del 2022, John Deere ha acquistato, sei mesi dopo, altri tre MATE-XT. Attualmente tutti e quattro gli esoscheletri vengono usati per supportare le operazioni di confezionamento, in aggiunta ad altre unit\u00e0 in fase di test in diverse are operative.<\/p>\n<\/div>\n<\/div>\n\n\n\n<div class=\"wp-block-group wide-section-light-1 py-5 my-5\"><div class=\"wp-block-group__inner-container is-layout-flow wp-block-group-is-layout-flow\">\n<div class=\"wp-block-group wide-section-light-1 py-5 my-5\"><div class=\"wp-block-group__inner-container is-layout-flow wp-block-group-is-layout-flow\">\n<h2 class=\"h2 wp-block-heading\" id=\"the-results\">I risultati<\/h2>\n\n\n\n<p>Dopo aver adottato l&#8217;esoscheletro MATE-XT per l\u2019esecuzione delle operazioni quotidiane, i dipendenti di John Deere hanno accolto facilmente questa tecnologia, apprezzando molto il suo utilizzo durante il proprio lavoro. Grazie alla sua struttura sottile e leggera, in fibra di carbonio, che pu\u00f2 essere indossata come uno zaino, l&#8217;esoscheletro MATE-XT offre 8 livelli di supporto che possono essere impostati e modificati in modo rapido e semplice a seconda delle necessit\u00e0, senza interrompere l&#8217;attivit\u00e0 che si sta svolgendo.<\/p>\n\n\n\n<p>Anche quando si lavora con oggetti piccoli e leggeri, lo sforzo apparentemente minimo dovuto all\u2019esecuzione di movimenti manuali ripetitivi pu\u00f2 avere un impatto significativo sul corpo. Per aiutare John Deere a quantificare i vantaggi ottenuti con l&#8217;uso di MATE-XT, Comau ha eseguito un&#8217;analisi elettromiografica dei fattori di rischio ergonomico. MATE-XT ha mantenuto i muscoli degli operatori in fase di riposo per il 98,5% del tempo di attivit\u00e0, mentre senza indossare MATE-XT la fase di riposo muscolare si limitava al 2,4% del tempo.<\/p>\n\n\n\n<p>In termini di postura, MATE-XT di Comau garantisce un corretto equilibrio muscolare e l\u2019apporto di energia necessario per stabilizzare e sostenere il peso del braccio. Indossando l&#8217;esoscheletro, \u00e8 possibile mantenere il braccio in una posizione stabile utilizzando solo il 10% della capacit\u00e0 di forza massima dell&#8217;operatore. Ci\u00f2 si traduce in una maggiore sensazione di benessere, a cui si aggiungono risultati tangibili basati sulle prestazioni ottenute, come l&#8217;ottimizzazione dei processi e l&#8217;aumento della produttivit\u00e0. In tal modo, MATE-XT sta aiutando John Deere a diminuire i rischi ergonomici e ad ottenere una riduzione del 68% del sovraccarico muscolare.<\/p>\n\n\n\n<div class=\"wp-block-columns is-layout-flex wp-container-core-columns-is-layout-9d6595d7 wp-block-columns-is-layout-flex\">\n<div class=\"wp-block-column is-layout-flow wp-block-column-is-layout-flow\">\n<div class=\"wp-block-getwid-counter\"><div class=\"wp-block-getwid-counter__wrapper\" data-start=\"0\" data-end=\"68\" data-decimal-places=\"0\" data-duration=\"3\" data-use-easing=\"true\" data-use-grouping=\"true\" data-separator=\",\" data-decimal=\".\" data-easing-fn=\"outExpo\" data-numerals=\"default\"><span class=\"wp-block-getwid-counter__number\">0<\/span><p class=\"wp-block-getwid-counter__suffix\">%<\/p><\/div><\/div>\n\n\n\n<p>Sovraccarico muscolare ridotto<\/p>\n<\/div>\n\n\n\n<div class=\"wp-block-column is-layout-flow wp-block-column-is-layout-flow\">\n<div class=\"wp-block-getwid-counter\"><div class=\"wp-block-getwid-counter__wrapper\" data-start=\"0\" data-end=\"98\" data-decimal-places=\"0\" data-duration=\"3\" data-use-easing=\"true\" data-use-grouping=\"true\" data-separator=\",\" data-decimal=\".\" data-easing-fn=\"outExpo\" data-numerals=\"default\"><span class=\"wp-block-getwid-counter__number\">0<\/span><p class=\"wp-block-getwid-counter__suffix\">%<\/p><\/div><\/div>\n\n\n\n<p>Muscoli mantenuto in condizione di riposo nel 98,5% del tempo di lavoro<\/p>\n<\/div>\n\n\n\n<div class=\"wp-block-column is-vertically-aligned-center is-layout-flow wp-block-column-is-layout-flow\">\n<div class=\"wp-block-group\"><div class=\"wp-block-group__inner-container is-layout-constrained wp-block-group-is-layout-constrained\">\n<h2 class=\"has-text-color wp-block-heading\" style=\"color:#095ffb\">Diminuzione dei rischi ergonomici<\/h2>\n<\/div><\/div>\n<\/div>\n<\/div>\n<\/div><\/div>\n<\/div><\/div>\n","protected":false},"excerpt":{"rendered":"<p>Fondata nel 1837, John Deere \u00e8 un&#8217;azienda tecnologica di respiro globale che fornisce principalmente software e attrezzature per l&#8217;agricoltura, l&#8217;edilizia e la silvicoltura. Con un imponente portafoglio clienti, l\u2019azienda \u00e8 conosciuta in tutto il mondo per lo sviluppo di prodotti innovativi e di alta qualit\u00e0, che riflettono una tradizione di integrit\u00e0 lunga 186 anni. Questo [&hellip;]<\/p>\n","protected":false},"author":21,"featured_media":54109,"parent":41288,"menu_order":5,"comment_status":"closed","ping_status":"closed","template":"","meta":{"_acf_changed":false,"ep_exclude_from_search":false,"footnotes":""},"class_list":["post-51815","page","type-page","status-publish","has-post-thumbnail","hentry"],"acf":[],"yoast_head":"<!-- This site is optimized with the Yoast SEO plugin v26.9 - https:\/\/yoast.com\/product\/yoast-seo-wordpress\/ -->\n<title>John Deere implementa la tecnologia indossabile di Comau<\/title>\n<meta name=\"description\" content=\"La tecnologia indossabile di Comau - l&#039;esoscheletro MATE-XT - favorisce il benessere ergonomico nel centro di distribuzione ricambi di John Deere in Brasile\" \/>\n<meta name=\"robots\" content=\"index, follow, max-snippet:-1, max-image-preview:large, max-video-preview:-1\" \/>\n<link rel=\"canonical\" href=\"https:\/\/www.comau.com\/it\/about-us\/success-stories\/john-deere-utilizza-la-robotica-indossabile-di-comau\/\" \/>\n<meta property=\"og:locale\" content=\"it_IT\" \/>\n<meta property=\"og:type\" content=\"article\" \/>\n<meta property=\"og:title\" content=\"John Deere implementa la tecnologia indossabile di Comau\" \/>\n<meta property=\"og:description\" content=\"La tecnologia indossabile di Comau - l&#039;esoscheletro MATE-XT - favorisce il benessere ergonomico nel centro di distribuzione ricambi di John Deere in Brasile\" \/>\n<meta property=\"og:url\" content=\"https:\/\/www.comau.com\/it\/about-us\/success-stories\/john-deere-utilizza-la-robotica-indossabile-di-comau\/\" \/>\n<meta property=\"og:site_name\" content=\"Comau\" \/>\n<meta property=\"article:publisher\" content=\"https:\/\/www.facebook.com\/COMAU\/\" \/>\n<meta property=\"article:modified_time\" content=\"2023-05-27T21:11:47+00:00\" \/>\n<meta property=\"og:image\" content=\"https:\/\/www.comau.com\/wp-content\/uploads\/2023\/04\/Comau-1-WebPage-Banner_JohnDeere-Success-Story.png\" \/>\n\t<meta property=\"og:image:width\" content=\"1450\" \/>\n\t<meta property=\"og:image:height\" content=\"450\" \/>\n\t<meta property=\"og:image:type\" content=\"image\/png\" \/>\n<meta name=\"twitter:card\" content=\"summary_large_image\" \/>\n<meta name=\"twitter:site\" content=\"@comaugroup\" \/>\n<meta name=\"twitter:label1\" content=\"Tempo di lettura stimato\" \/>\n\t<meta name=\"twitter:data1\" content=\"5 minuti\" \/>\n<script type=\"application\/ld+json\" class=\"yoast-schema-graph\">{\"@context\":\"https:\/\/schema.org\",\"@graph\":[{\"@type\":\"WebPage\",\"@id\":\"https:\/\/www.comau.com\/it\/about-us\/success-stories\/john-deere-utilizza-la-robotica-indossabile-di-comau\/\",\"url\":\"https:\/\/www.comau.com\/it\/about-us\/success-stories\/john-deere-utilizza-la-robotica-indossabile-di-comau\/\",\"name\":\"John Deere implementa la tecnologia indossabile di Comau\",\"isPartOf\":{\"@id\":\"https:\/\/www.comau.com\/it\/#website\"},\"primaryImageOfPage\":{\"@id\":\"https:\/\/www.comau.com\/it\/about-us\/success-stories\/john-deere-utilizza-la-robotica-indossabile-di-comau\/#primaryimage\"},\"image\":{\"@id\":\"https:\/\/www.comau.com\/it\/about-us\/success-stories\/john-deere-utilizza-la-robotica-indossabile-di-comau\/#primaryimage\"},\"thumbnailUrl\":\"https:\/\/www.comau.com\/wp-content\/uploads\/2023\/05\/Comau_Exoskeleton_Ergonomics_JohnDeere_header.jpg\",\"datePublished\":\"2023-04-19T13:59:55+00:00\",\"dateModified\":\"2023-05-27T21:11:47+00:00\",\"description\":\"La tecnologia indossabile di Comau - l'esoscheletro MATE-XT - favorisce il benessere ergonomico nel centro di distribuzione ricambi di John Deere in Brasile\",\"breadcrumb\":{\"@id\":\"https:\/\/www.comau.com\/it\/about-us\/success-stories\/john-deere-utilizza-la-robotica-indossabile-di-comau\/#breadcrumb\"},\"inLanguage\":\"it-IT\",\"potentialAction\":[{\"@type\":\"ReadAction\",\"target\":[\"https:\/\/www.comau.com\/it\/about-us\/success-stories\/john-deere-utilizza-la-robotica-indossabile-di-comau\/\"]}]},{\"@type\":\"ImageObject\",\"inLanguage\":\"it-IT\",\"@id\":\"https:\/\/www.comau.com\/it\/about-us\/success-stories\/john-deere-utilizza-la-robotica-indossabile-di-comau\/#primaryimage\",\"url\":\"https:\/\/www.comau.com\/wp-content\/uploads\/2023\/05\/Comau_Exoskeleton_Ergonomics_JohnDeere_header.jpg\",\"contentUrl\":\"https:\/\/www.comau.com\/wp-content\/uploads\/2023\/05\/Comau_Exoskeleton_Ergonomics_JohnDeere_header.jpg\",\"width\":1425,\"height\":450,\"caption\":\"Upper-limb fiber carbon exoskeleton\"},{\"@type\":\"BreadcrumbList\",\"@id\":\"https:\/\/www.comau.com\/it\/about-us\/success-stories\/john-deere-utilizza-la-robotica-indossabile-di-comau\/#breadcrumb\",\"itemListElement\":[{\"@type\":\"ListItem\",\"position\":1,\"name\":\"Home\",\"item\":\"https:\/\/www.comau.com\/it\/\"},{\"@type\":\"ListItem\",\"position\":2,\"name\":\"John Deere utilizza in Brasile la robotica indossabile di Comau per garantire il benessere ergonomico dei lavoratori durante operazioni manuali\"}]},{\"@type\":\"WebSite\",\"@id\":\"https:\/\/www.comau.com\/it\/#website\",\"url\":\"https:\/\/www.comau.com\/it\/\",\"name\":\"Comau\",\"description\":\"Industrial automation and robotics\",\"publisher\":{\"@id\":\"https:\/\/www.comau.com\/it\/#organization\"},\"potentialAction\":[{\"@type\":\"SearchAction\",\"target\":{\"@type\":\"EntryPoint\",\"urlTemplate\":\"https:\/\/www.comau.com\/it\/?s={search_term_string}\"},\"query-input\":{\"@type\":\"PropertyValueSpecification\",\"valueRequired\":true,\"valueName\":\"search_term_string\"}}],\"inLanguage\":\"it-IT\"},{\"@type\":\"Organization\",\"@id\":\"https:\/\/www.comau.com\/it\/#organization\",\"name\":\"Comau\",\"url\":\"https:\/\/www.comau.com\/it\/\",\"logo\":{\"@type\":\"ImageObject\",\"inLanguage\":\"it-IT\",\"@id\":\"https:\/\/www.comau.com\/it\/#\/schema\/logo\/image\/\",\"url\":\"https:\/\/www.comau.com\/wp-content\/uploads\/2024\/07\/cropped-Logo-COMAU.png\",\"contentUrl\":\"https:\/\/www.comau.com\/wp-content\/uploads\/2024\/07\/cropped-Logo-COMAU.png\",\"width\":434,\"height\":434,\"caption\":\"Comau\"},\"image\":{\"@id\":\"https:\/\/www.comau.com\/it\/#\/schema\/logo\/image\/\"},\"sameAs\":[\"https:\/\/www.facebook.com\/COMAU\/\",\"https:\/\/x.com\/comaugroup\",\"https:\/\/www.instagram.com\/comaugroup\/\",\"https:\/\/www.linkedin.com\/company\/comau\",\"https:\/\/www.youtube.com\/user\/comau\"]}]}<\/script>\n<!-- \/ Yoast SEO plugin. -->","yoast_head_json":{"title":"John Deere implementa la tecnologia indossabile di Comau","description":"La tecnologia indossabile di Comau - l'esoscheletro MATE-XT - favorisce il benessere ergonomico nel centro di distribuzione ricambi di John Deere in Brasile","robots":{"index":"index","follow":"follow","max-snippet":"max-snippet:-1","max-image-preview":"max-image-preview:large","max-video-preview":"max-video-preview:-1"},"canonical":"https:\/\/www.comau.com\/it\/about-us\/success-stories\/john-deere-utilizza-la-robotica-indossabile-di-comau\/","og_locale":"it_IT","og_type":"article","og_title":"John Deere implementa la tecnologia indossabile di Comau","og_description":"La tecnologia indossabile di Comau - l'esoscheletro MATE-XT - favorisce il benessere ergonomico nel centro di distribuzione ricambi di John Deere in Brasile","og_url":"https:\/\/www.comau.com\/it\/about-us\/success-stories\/john-deere-utilizza-la-robotica-indossabile-di-comau\/","og_site_name":"Comau","article_publisher":"https:\/\/www.facebook.com\/COMAU\/","article_modified_time":"2023-05-27T21:11:47+00:00","og_image":[{"width":1450,"height":450,"url":"https:\/\/www.comau.com\/wp-content\/uploads\/2023\/04\/Comau-1-WebPage-Banner_JohnDeere-Success-Story.png","type":"image\/png"}],"twitter_card":"summary_large_image","twitter_site":"@comaugroup","twitter_misc":{"Tempo di lettura stimato":"5 minuti"},"schema":{"@context":"https:\/\/schema.org","@graph":[{"@type":"WebPage","@id":"https:\/\/www.comau.com\/it\/about-us\/success-stories\/john-deere-utilizza-la-robotica-indossabile-di-comau\/","url":"https:\/\/www.comau.com\/it\/about-us\/success-stories\/john-deere-utilizza-la-robotica-indossabile-di-comau\/","name":"John Deere implementa la tecnologia indossabile di Comau","isPartOf":{"@id":"https:\/\/www.comau.com\/it\/#website"},"primaryImageOfPage":{"@id":"https:\/\/www.comau.com\/it\/about-us\/success-stories\/john-deere-utilizza-la-robotica-indossabile-di-comau\/#primaryimage"},"image":{"@id":"https:\/\/www.comau.com\/it\/about-us\/success-stories\/john-deere-utilizza-la-robotica-indossabile-di-comau\/#primaryimage"},"thumbnailUrl":"https:\/\/www.comau.com\/wp-content\/uploads\/2023\/05\/Comau_Exoskeleton_Ergonomics_JohnDeere_header.jpg","datePublished":"2023-04-19T13:59:55+00:00","dateModified":"2023-05-27T21:11:47+00:00","description":"La tecnologia indossabile di Comau - l'esoscheletro MATE-XT - favorisce il benessere ergonomico nel centro di distribuzione ricambi di John Deere in Brasile","breadcrumb":{"@id":"https:\/\/www.comau.com\/it\/about-us\/success-stories\/john-deere-utilizza-la-robotica-indossabile-di-comau\/#breadcrumb"},"inLanguage":"it-IT","potentialAction":[{"@type":"ReadAction","target":["https:\/\/www.comau.com\/it\/about-us\/success-stories\/john-deere-utilizza-la-robotica-indossabile-di-comau\/"]}]},{"@type":"ImageObject","inLanguage":"it-IT","@id":"https:\/\/www.comau.com\/it\/about-us\/success-stories\/john-deere-utilizza-la-robotica-indossabile-di-comau\/#primaryimage","url":"https:\/\/www.comau.com\/wp-content\/uploads\/2023\/05\/Comau_Exoskeleton_Ergonomics_JohnDeere_header.jpg","contentUrl":"https:\/\/www.comau.com\/wp-content\/uploads\/2023\/05\/Comau_Exoskeleton_Ergonomics_JohnDeere_header.jpg","width":1425,"height":450,"caption":"Upper-limb fiber carbon exoskeleton"},{"@type":"BreadcrumbList","@id":"https:\/\/www.comau.com\/it\/about-us\/success-stories\/john-deere-utilizza-la-robotica-indossabile-di-comau\/#breadcrumb","itemListElement":[{"@type":"ListItem","position":1,"name":"Home","item":"https:\/\/www.comau.com\/it\/"},{"@type":"ListItem","position":2,"name":"John Deere utilizza in Brasile la robotica indossabile di Comau per garantire il benessere ergonomico dei lavoratori durante operazioni manuali"}]},{"@type":"WebSite","@id":"https:\/\/www.comau.com\/it\/#website","url":"https:\/\/www.comau.com\/it\/","name":"Comau","description":"Industrial automation and robotics","publisher":{"@id":"https:\/\/www.comau.com\/it\/#organization"},"potentialAction":[{"@type":"SearchAction","target":{"@type":"EntryPoint","urlTemplate":"https:\/\/www.comau.com\/it\/?s={search_term_string}"},"query-input":{"@type":"PropertyValueSpecification","valueRequired":true,"valueName":"search_term_string"}}],"inLanguage":"it-IT"},{"@type":"Organization","@id":"https:\/\/www.comau.com\/it\/#organization","name":"Comau","url":"https:\/\/www.comau.com\/it\/","logo":{"@type":"ImageObject","inLanguage":"it-IT","@id":"https:\/\/www.comau.com\/it\/#\/schema\/logo\/image\/","url":"https:\/\/www.comau.com\/wp-content\/uploads\/2024\/07\/cropped-Logo-COMAU.png","contentUrl":"https:\/\/www.comau.com\/wp-content\/uploads\/2024\/07\/cropped-Logo-COMAU.png","width":434,"height":434,"caption":"Comau"},"image":{"@id":"https:\/\/www.comau.com\/it\/#\/schema\/logo\/image\/"},"sameAs":["https:\/\/www.facebook.com\/COMAU\/","https:\/\/x.com\/comaugroup","https:\/\/www.instagram.com\/comaugroup\/","https:\/\/www.linkedin.com\/company\/comau","https:\/\/www.youtube.com\/user\/comau"]}]}},"_links":{"self":[{"href":"https:\/\/www.comau.com\/it\/wp-json\/wp\/v2\/pages\/51815","targetHints":{"allow":["GET"]}}],"collection":[{"href":"https:\/\/www.comau.com\/it\/wp-json\/wp\/v2\/pages"}],"about":[{"href":"https:\/\/www.comau.com\/it\/wp-json\/wp\/v2\/types\/page"}],"author":[{"embeddable":true,"href":"https:\/\/www.comau.com\/it\/wp-json\/wp\/v2\/users\/21"}],"replies":[{"embeddable":true,"href":"https:\/\/www.comau.com\/it\/wp-json\/wp\/v2\/comments?post=51815"}],"version-history":[{"count":5,"href":"https:\/\/www.comau.com\/it\/wp-json\/wp\/v2\/pages\/51815\/revisions"}],"predecessor-version":[{"id":53778,"href":"https:\/\/www.comau.com\/it\/wp-json\/wp\/v2\/pages\/51815\/revisions\/53778"}],"up":[{"embeddable":true,"href":"https:\/\/www.comau.com\/it\/wp-json\/wp\/v2\/pages\/41288"}],"wp:featuredmedia":[{"embeddable":true,"href":"https:\/\/www.comau.com\/it\/wp-json\/wp\/v2\/media\/54109"}],"wp:attachment":[{"href":"https:\/\/www.comau.com\/it\/wp-json\/wp\/v2\/media?parent=51815"}],"curies":[{"name":"wp","href":"https:\/\/api.w.org\/{rel}","templated":true}]}}