{"id":5154,"date":"2021-06-07T18:22:19","date_gmt":"2021-06-07T16:22:19","guid":{"rendered":"https:\/\/www.comau.com\/?page_id=5154"},"modified":"2022-10-27T12:11:35","modified_gmt":"2022-10-27T10:11:35","slug":"laser-technology","status":"publish","type":"page","link":"https:\/\/www.comau.com\/it\/competencies\/body-assembly\/technologies\/laser-technology\/","title":{"rendered":"Tecnologia Laser"},"content":{"rendered":"\n<h2 class=\"wp-block-heading\">Expertise nel settore delle applicazioni laser<\/h2>\n\n\n\n<p>Con pi\u00f9 di quarant\u2019anni di esperienza nel settore dell\u2019automazione industriale avanzata,<strong> Comau ha come obiettivo, per quanto riguarda l\u2019innovazione dell\u2019assemblaggio, la standardizzazione di sistemi laser flessibili che incrementino la qualit\u00e0 dei processi e i livelli di produttivit\u00e0.<\/strong><\/p>\n\n\n\n<p>Questa <strong>competenza nella definizione dei processi laser<\/strong> e nella progettazione di tool specifici si riversa nel nostro <strong>portfolio di soluzioni complete<\/strong>, capaci di soddisfare gli specifici requisiti di materiali avanzati, come ad esempio la saldatura laser di parti in alluminio per produzioni ad elevati volumi.<\/p>\n\n\n\n<p>La nostra tecnologia per le applicazioni di taglio, saldatura e brasatura al laser \u00e8 di facile utilizzo e costituisce la risposta diretta alle necessit\u00e0 sempre pi\u00f9 elevate di efficienza, produttivit\u00e0 e qualit\u00e0 negli odierni processi ad alti volumi.<\/p>\n\n\n\n<h2 class=\"wp-block-heading\">Pi\u00f9 di 120 sistemi laser installati nel mondo<\/h2>\n\n\n\n<p>Comau sviluppa applicazioni laser dal 1985. Ad oggi, <strong>pi\u00f9 di 120 sistemi laser sono stati installati in 13 diverse nazioni, contribuendo alla produzione di decine di migliaia di componenti ogni anno.<\/strong><\/p>\n\n\n\n<p>Il nostro team globale \u00e8 costituito da ingegneri dalla consolidata esperienza in USA, Europa e Cina, che si avvalgono di tre laboratori laser completamente funzionali per l\u2019effettuazione di test e la prototipazione, i quali sono dislocati in Italia, Cina e USA. <\/p>\n\n\n\n<h2 class=\"wp-block-heading\">Soluzioni di integrazione con sistemi laser e tecnologia robotica laser<\/h2>\n\n\n\n<p>Comau offre <strong>soluzioni pronte all\u2019uso per sistemi laser<\/strong> di brasatura, taglio e saldatura, attraverso l\u2019integrazione di prodotti standard tecnologicamente avanzati e sistemi laser.<\/p>\n\n\n\n<div class=\"wp-block-getwid-images-slider has-arrows-inside has-dots-outside has-images-center has-cropped-images\"><div class=\"wp-block-getwid-images-slider__wrapper\" data-effect=\"slide\" data-slides-show=\"1\" data-slides-show-laptop=\"1\" data-slides-show-tablet=\"1\" data-slides-show-mobile=\"1\" data-slides-scroll=\"1\" data-autoplay=\"true\" data-autoplay-speed=\"6000\" data-infinite=\"true\" data-animation-speed=\"800\" data-center-mode=\"false\" data-variable-width=\"false\" data-arrows=\"inside\" data-dots=\"outside\" data-spacing=\"none\"><div class=\"wp-block-getwid-images-slider__item\"><figure><img decoding=\"async\" width=\"1180\" height=\"606\" src=\"https:\/\/www.comau.com\/wp-content\/uploads\/2021\/06\/laser-technology-1.jpg\" data-id=\"505\" data-link=\"https:\/\/www.comau.com\/competencies\/body-assembly\/technologies\/laser-technology\/laser-technology-1\/\" data-original-link=\"https:\/\/www.comau.com\/wp-content\/uploads\/2021\/06\/laser-technology-1.jpg\" class=\"wp-block-getwid-images-slider__image wp-image-505\" srcset=\"https:\/\/www.comau.com\/wp-content\/uploads\/2021\/06\/laser-technology-1.jpg 1180w, https:\/\/www.comau.com\/wp-content\/uploads\/2021\/06\/laser-technology-1-300x154.jpg 300w, https:\/\/www.comau.com\/wp-content\/uploads\/2021\/06\/laser-technology-1-1024x526.jpg 1024w, https:\/\/www.comau.com\/wp-content\/uploads\/2021\/06\/laser-technology-1-768x394.jpg 768w\" sizes=\"(max-width: 1180px) 100vw, 1180px\" \/><\/figure><\/div><div class=\"wp-block-getwid-images-slider__item\"><figure><img decoding=\"async\" width=\"1180\" height=\"606\" src=\"https:\/\/www.comau.com\/wp-content\/uploads\/2021\/06\/laser-technology-2.jpg\" data-id=\"506\" data-link=\"https:\/\/www.comau.com\/competencies\/body-assembly\/technologies\/laser-technology\/laser-technology-2\/\" data-original-link=\"https:\/\/www.comau.com\/wp-content\/uploads\/2021\/06\/laser-technology-2.jpg\" class=\"wp-block-getwid-images-slider__image wp-image-506\" srcset=\"https:\/\/www.comau.com\/wp-content\/uploads\/2021\/06\/laser-technology-2.jpg 1180w, https:\/\/www.comau.com\/wp-content\/uploads\/2021\/06\/laser-technology-2-300x154.jpg 300w, https:\/\/www.comau.com\/wp-content\/uploads\/2021\/06\/laser-technology-2-1024x526.jpg 1024w, https:\/\/www.comau.com\/wp-content\/uploads\/2021\/06\/laser-technology-2-768x394.jpg 768w\" sizes=\"(max-width: 1180px) 100vw, 1180px\" \/><\/figure><\/div><div class=\"wp-block-getwid-images-slider__item\"><figure><img decoding=\"async\" width=\"1180\" height=\"606\" src=\"https:\/\/www.comau.com\/wp-content\/uploads\/2021\/06\/laser-technology-3.jpg\" data-id=\"507\" data-link=\"https:\/\/www.comau.com\/competencies\/body-assembly\/technologies\/laser-technology\/laser-technology-3\/\" data-original-link=\"https:\/\/www.comau.com\/wp-content\/uploads\/2021\/06\/laser-technology-3.jpg\" class=\"wp-block-getwid-images-slider__image wp-image-507\" srcset=\"https:\/\/www.comau.com\/wp-content\/uploads\/2021\/06\/laser-technology-3.jpg 1180w, https:\/\/www.comau.com\/wp-content\/uploads\/2021\/06\/laser-technology-3-300x154.jpg 300w, https:\/\/www.comau.com\/wp-content\/uploads\/2021\/06\/laser-technology-3-1024x526.jpg 1024w, https:\/\/www.comau.com\/wp-content\/uploads\/2021\/06\/laser-technology-3-768x394.jpg 768w\" sizes=\"(max-width: 1180px) 100vw, 1180px\" \/><\/figure><\/div><\/div><\/div>\n\n\n\n<figure class=\"wp-block-embed is-type-video is-provider-youtube wp-block-embed-youtube wp-embed-aspect-16-9 wp-has-aspect-ratio\"><div class=\"wp-block-embed__wrapper\">\n<iframe title=\"Comau 2014 Front End Line FCA SATA Plant Melfi\" width=\"640\" height=\"360\" src=\"https:\/\/www.youtube.com\/embed\/hTVCNBMAzHc?feature=oembed\" frameborder=\"0\" allow=\"accelerometer; autoplay; clipboard-write; encrypted-media; gyroscope; picture-in-picture; web-share\" referrerpolicy=\"strict-origin-when-cross-origin\" allowfullscreen><\/iframe>\n<\/div><\/figure>\n\n\n\n<figure class=\"wp-block-embed is-type-video is-provider-youtube wp-block-embed-youtube wp-embed-aspect-16-9 wp-has-aspect-ratio\"><div class=\"wp-block-embed__wrapper\">\n<iframe title=\"Comau 2014 Tail Gate FCA SATA Plant Melfi\" width=\"640\" height=\"360\" src=\"https:\/\/www.youtube.com\/embed\/SbhMUhM2eUo?feature=oembed\" frameborder=\"0\" allow=\"accelerometer; autoplay; clipboard-write; encrypted-media; gyroscope; picture-in-picture; web-share\" referrerpolicy=\"strict-origin-when-cross-origin\" allowfullscreen><\/iframe>\n<\/div><\/figure>\n\n\n\n<figure class=\"wp-block-embed is-type-video is-provider-youtube wp-block-embed-youtube wp-embed-aspect-16-9 wp-has-aspect-ratio\"><div class=\"wp-block-embed__wrapper\">\n<iframe title=\"Comau 2014 SmartLaser FCA SATA Plant Melfi\" width=\"640\" height=\"360\" src=\"https:\/\/www.youtube.com\/embed\/j8FJbOx12h0?feature=oembed\" frameborder=\"0\" allow=\"accelerometer; autoplay; clipboard-write; encrypted-media; gyroscope; picture-in-picture; web-share\" referrerpolicy=\"strict-origin-when-cross-origin\" allowfullscreen><\/iframe>\n<\/div><\/figure>\n","protected":false},"excerpt":{"rendered":"<p>Expertise nel settore delle applicazioni laser Con pi\u00f9 di quarant\u2019anni di esperienza nel settore dell\u2019automazione industriale avanzata, Comau ha come obiettivo, per quanto riguarda l\u2019innovazione dell\u2019assemblaggio, la standardizzazione di sistemi laser flessibili che incrementino la qualit\u00e0 dei processi e i livelli di produttivit\u00e0. Questa competenza nella definizione dei processi laser e nella progettazione di tool [&hellip;]<\/p>\n","protected":false},"author":11,"featured_media":5183,"parent":5150,"menu_order":0,"comment_status":"closed","ping_status":"closed","template":"","meta":{"_acf_changed":false,"ep_exclude_from_search":false,"footnotes":""},"class_list":["post-5154","page","type-page","status-publish","has-post-thumbnail","hentry"],"acf":[],"yoast_head":"<!-- This site is optimized with the Yoast SEO plugin v26.9 - https:\/\/yoast.com\/product\/yoast-seo-wordpress\/ -->\n<title>Applicazioni Laser: Tecnologie e Sistemi Laser | Comau<\/title>\n<meta name=\"description\" content=\"Scopri le applicazioni laser Comau: tecnologie versatili che riducono i tempi e incrementano la qualit\u00e0 della saldatura.\" \/>\n<meta name=\"robots\" content=\"index, follow, max-snippet:-1, max-image-preview:large, max-video-preview:-1\" \/>\n<link rel=\"canonical\" href=\"https:\/\/www.comau.com\/it\/competencies\/body-assembly\/technologies\/laser-technology\/\" \/>\n<meta property=\"og:locale\" content=\"it_IT\" \/>\n<meta property=\"og:type\" content=\"article\" \/>\n<meta property=\"og:title\" content=\"Applicazioni Laser: Tecnologie e Sistemi Laser | Comau\" \/>\n<meta property=\"og:description\" content=\"Scopri le applicazioni laser Comau: tecnologie versatili che riducono i tempi e incrementano la qualit\u00e0 della saldatura.\" \/>\n<meta property=\"og:url\" content=\"https:\/\/www.comau.com\/it\/competencies\/body-assembly\/technologies\/laser-technology\/\" \/>\n<meta property=\"og:site_name\" content=\"Comau\" \/>\n<meta property=\"article:publisher\" content=\"https:\/\/www.facebook.com\/COMAU\/\" \/>\n<meta property=\"article:modified_time\" content=\"2022-10-27T10:11:35+00:00\" \/>\n<meta property=\"og:image\" content=\"https:\/\/www.comau.com\/wp-content\/uploads\/2021\/06\/laser-tech_header.jpg\" \/>\n\t<meta property=\"og:image:width\" content=\"1280\" \/>\n\t<meta property=\"og:image:height\" content=\"485\" \/>\n\t<meta property=\"og:image:type\" content=\"image\/jpeg\" \/>\n<meta name=\"twitter:card\" content=\"summary_large_image\" \/>\n<meta name=\"twitter:site\" content=\"@comaugroup\" \/>\n<meta name=\"twitter:label1\" content=\"Tempo di lettura stimato\" \/>\n\t<meta name=\"twitter:data1\" content=\"2 minuti\" \/>\n<script type=\"application\/ld+json\" class=\"yoast-schema-graph\">{\"@context\":\"https:\/\/schema.org\",\"@graph\":[{\"@type\":\"WebPage\",\"@id\":\"https:\/\/www.comau.com\/it\/competencies\/body-assembly\/technologies\/laser-technology\/\",\"url\":\"https:\/\/www.comau.com\/it\/competencies\/body-assembly\/technologies\/laser-technology\/\",\"name\":\"Applicazioni Laser: Tecnologie e Sistemi Laser | Comau\",\"isPartOf\":{\"@id\":\"https:\/\/www.comau.com\/it\/#website\"},\"primaryImageOfPage\":{\"@id\":\"https:\/\/www.comau.com\/it\/competencies\/body-assembly\/technologies\/laser-technology\/#primaryimage\"},\"image\":{\"@id\":\"https:\/\/www.comau.com\/it\/competencies\/body-assembly\/technologies\/laser-technology\/#primaryimage\"},\"thumbnailUrl\":\"https:\/\/www.comau.com\/wp-content\/uploads\/2021\/06\/laser-tech_header.jpg\",\"datePublished\":\"2021-06-07T16:22:19+00:00\",\"dateModified\":\"2022-10-27T10:11:35+00:00\",\"description\":\"Scopri le applicazioni laser Comau: tecnologie versatili che riducono i tempi e incrementano la qualit\u00e0 della saldatura.\",\"breadcrumb\":{\"@id\":\"https:\/\/www.comau.com\/it\/competencies\/body-assembly\/technologies\/laser-technology\/#breadcrumb\"},\"inLanguage\":\"it-IT\",\"potentialAction\":[{\"@type\":\"ReadAction\",\"target\":[\"https:\/\/www.comau.com\/it\/competencies\/body-assembly\/technologies\/laser-technology\/\"]}]},{\"@type\":\"ImageObject\",\"inLanguage\":\"it-IT\",\"@id\":\"https:\/\/www.comau.com\/it\/competencies\/body-assembly\/technologies\/laser-technology\/#primaryimage\",\"url\":\"https:\/\/www.comau.com\/wp-content\/uploads\/2021\/06\/laser-tech_header.jpg\",\"contentUrl\":\"https:\/\/www.comau.com\/wp-content\/uploads\/2021\/06\/laser-tech_header.jpg\",\"width\":1280,\"height\":485},{\"@type\":\"BreadcrumbList\",\"@id\":\"https:\/\/www.comau.com\/it\/competencies\/body-assembly\/technologies\/laser-technology\/#breadcrumb\",\"itemListElement\":[{\"@type\":\"ListItem\",\"position\":1,\"name\":\"Home\",\"item\":\"https:\/\/www.comau.com\/it\/\"},{\"@type\":\"ListItem\",\"position\":2,\"name\":\"Le Nostre Competenze\",\"item\":\"https:\/\/www.comau.com\/it\/competencies\/\"},{\"@type\":\"ListItem\",\"position\":3,\"name\":\"Body Assembly\",\"item\":\"https:\/\/www.comau.com\/it\/competencies\/body-assembly\/\"},{\"@type\":\"ListItem\",\"position\":4,\"name\":\"Tecnologie\",\"item\":\"https:\/\/www.comau.com\/it\/competencies\/body-assembly\/technologies\/\"},{\"@type\":\"ListItem\",\"position\":5,\"name\":\"Tecnologia Laser\"}]},{\"@type\":\"WebSite\",\"@id\":\"https:\/\/www.comau.com\/it\/#website\",\"url\":\"https:\/\/www.comau.com\/it\/\",\"name\":\"Comau\",\"description\":\"Industrial automation and robotics\",\"publisher\":{\"@id\":\"https:\/\/www.comau.com\/it\/#organization\"},\"potentialAction\":[{\"@type\":\"SearchAction\",\"target\":{\"@type\":\"EntryPoint\",\"urlTemplate\":\"https:\/\/www.comau.com\/it\/?s={search_term_string}\"},\"query-input\":{\"@type\":\"PropertyValueSpecification\",\"valueRequired\":true,\"valueName\":\"search_term_string\"}}],\"inLanguage\":\"it-IT\"},{\"@type\":\"Organization\",\"@id\":\"https:\/\/www.comau.com\/it\/#organization\",\"name\":\"Comau\",\"url\":\"https:\/\/www.comau.com\/it\/\",\"logo\":{\"@type\":\"ImageObject\",\"inLanguage\":\"it-IT\",\"@id\":\"https:\/\/www.comau.com\/it\/#\/schema\/logo\/image\/\",\"url\":\"https:\/\/www.comau.com\/wp-content\/uploads\/2024\/07\/cropped-Logo-COMAU.png\",\"contentUrl\":\"https:\/\/www.comau.com\/wp-content\/uploads\/2024\/07\/cropped-Logo-COMAU.png\",\"width\":434,\"height\":434,\"caption\":\"Comau\"},\"image\":{\"@id\":\"https:\/\/www.comau.com\/it\/#\/schema\/logo\/image\/\"},\"sameAs\":[\"https:\/\/www.facebook.com\/COMAU\/\",\"https:\/\/x.com\/comaugroup\",\"https:\/\/www.instagram.com\/comaugroup\/\",\"https:\/\/www.linkedin.com\/company\/comau\",\"https:\/\/www.youtube.com\/user\/comau\"]}]}<\/script>\n<!-- \/ Yoast SEO plugin. -->","yoast_head_json":{"title":"Applicazioni Laser: Tecnologie e Sistemi Laser | Comau","description":"Scopri le applicazioni laser Comau: tecnologie versatili che riducono i tempi e incrementano la qualit\u00e0 della saldatura.","robots":{"index":"index","follow":"follow","max-snippet":"max-snippet:-1","max-image-preview":"max-image-preview:large","max-video-preview":"max-video-preview:-1"},"canonical":"https:\/\/www.comau.com\/it\/competencies\/body-assembly\/technologies\/laser-technology\/","og_locale":"it_IT","og_type":"article","og_title":"Applicazioni Laser: Tecnologie e Sistemi Laser | Comau","og_description":"Scopri le applicazioni laser Comau: tecnologie versatili che riducono i tempi e incrementano la qualit\u00e0 della saldatura.","og_url":"https:\/\/www.comau.com\/it\/competencies\/body-assembly\/technologies\/laser-technology\/","og_site_name":"Comau","article_publisher":"https:\/\/www.facebook.com\/COMAU\/","article_modified_time":"2022-10-27T10:11:35+00:00","og_image":[{"width":1280,"height":485,"url":"https:\/\/www.comau.com\/wp-content\/uploads\/2021\/06\/laser-tech_header.jpg","type":"image\/jpeg"}],"twitter_card":"summary_large_image","twitter_site":"@comaugroup","twitter_misc":{"Tempo di lettura stimato":"2 minuti"},"schema":{"@context":"https:\/\/schema.org","@graph":[{"@type":"WebPage","@id":"https:\/\/www.comau.com\/it\/competencies\/body-assembly\/technologies\/laser-technology\/","url":"https:\/\/www.comau.com\/it\/competencies\/body-assembly\/technologies\/laser-technology\/","name":"Applicazioni Laser: Tecnologie e Sistemi Laser | Comau","isPartOf":{"@id":"https:\/\/www.comau.com\/it\/#website"},"primaryImageOfPage":{"@id":"https:\/\/www.comau.com\/it\/competencies\/body-assembly\/technologies\/laser-technology\/#primaryimage"},"image":{"@id":"https:\/\/www.comau.com\/it\/competencies\/body-assembly\/technologies\/laser-technology\/#primaryimage"},"thumbnailUrl":"https:\/\/www.comau.com\/wp-content\/uploads\/2021\/06\/laser-tech_header.jpg","datePublished":"2021-06-07T16:22:19+00:00","dateModified":"2022-10-27T10:11:35+00:00","description":"Scopri le applicazioni laser Comau: tecnologie versatili che riducono i tempi e incrementano la qualit\u00e0 della saldatura.","breadcrumb":{"@id":"https:\/\/www.comau.com\/it\/competencies\/body-assembly\/technologies\/laser-technology\/#breadcrumb"},"inLanguage":"it-IT","potentialAction":[{"@type":"ReadAction","target":["https:\/\/www.comau.com\/it\/competencies\/body-assembly\/technologies\/laser-technology\/"]}]},{"@type":"ImageObject","inLanguage":"it-IT","@id":"https:\/\/www.comau.com\/it\/competencies\/body-assembly\/technologies\/laser-technology\/#primaryimage","url":"https:\/\/www.comau.com\/wp-content\/uploads\/2021\/06\/laser-tech_header.jpg","contentUrl":"https:\/\/www.comau.com\/wp-content\/uploads\/2021\/06\/laser-tech_header.jpg","width":1280,"height":485},{"@type":"BreadcrumbList","@id":"https:\/\/www.comau.com\/it\/competencies\/body-assembly\/technologies\/laser-technology\/#breadcrumb","itemListElement":[{"@type":"ListItem","position":1,"name":"Home","item":"https:\/\/www.comau.com\/it\/"},{"@type":"ListItem","position":2,"name":"Le Nostre Competenze","item":"https:\/\/www.comau.com\/it\/competencies\/"},{"@type":"ListItem","position":3,"name":"Body Assembly","item":"https:\/\/www.comau.com\/it\/competencies\/body-assembly\/"},{"@type":"ListItem","position":4,"name":"Tecnologie","item":"https:\/\/www.comau.com\/it\/competencies\/body-assembly\/technologies\/"},{"@type":"ListItem","position":5,"name":"Tecnologia Laser"}]},{"@type":"WebSite","@id":"https:\/\/www.comau.com\/it\/#website","url":"https:\/\/www.comau.com\/it\/","name":"Comau","description":"Industrial automation and robotics","publisher":{"@id":"https:\/\/www.comau.com\/it\/#organization"},"potentialAction":[{"@type":"SearchAction","target":{"@type":"EntryPoint","urlTemplate":"https:\/\/www.comau.com\/it\/?s={search_term_string}"},"query-input":{"@type":"PropertyValueSpecification","valueRequired":true,"valueName":"search_term_string"}}],"inLanguage":"it-IT"},{"@type":"Organization","@id":"https:\/\/www.comau.com\/it\/#organization","name":"Comau","url":"https:\/\/www.comau.com\/it\/","logo":{"@type":"ImageObject","inLanguage":"it-IT","@id":"https:\/\/www.comau.com\/it\/#\/schema\/logo\/image\/","url":"https:\/\/www.comau.com\/wp-content\/uploads\/2024\/07\/cropped-Logo-COMAU.png","contentUrl":"https:\/\/www.comau.com\/wp-content\/uploads\/2024\/07\/cropped-Logo-COMAU.png","width":434,"height":434,"caption":"Comau"},"image":{"@id":"https:\/\/www.comau.com\/it\/#\/schema\/logo\/image\/"},"sameAs":["https:\/\/www.facebook.com\/COMAU\/","https:\/\/x.com\/comaugroup","https:\/\/www.instagram.com\/comaugroup\/","https:\/\/www.linkedin.com\/company\/comau","https:\/\/www.youtube.com\/user\/comau"]}]}},"_links":{"self":[{"href":"https:\/\/www.comau.com\/it\/wp-json\/wp\/v2\/pages\/5154","targetHints":{"allow":["GET"]}}],"collection":[{"href":"https:\/\/www.comau.com\/it\/wp-json\/wp\/v2\/pages"}],"about":[{"href":"https:\/\/www.comau.com\/it\/wp-json\/wp\/v2\/types\/page"}],"author":[{"embeddable":true,"href":"https:\/\/www.comau.com\/it\/wp-json\/wp\/v2\/users\/11"}],"replies":[{"embeddable":true,"href":"https:\/\/www.comau.com\/it\/wp-json\/wp\/v2\/comments?post=5154"}],"version-history":[{"count":16,"href":"https:\/\/www.comau.com\/it\/wp-json\/wp\/v2\/pages\/5154\/revisions"}],"predecessor-version":[{"id":48595,"href":"https:\/\/www.comau.com\/it\/wp-json\/wp\/v2\/pages\/5154\/revisions\/48595"}],"up":[{"embeddable":true,"href":"https:\/\/www.comau.com\/it\/wp-json\/wp\/v2\/pages\/5150"}],"wp:featuredmedia":[{"embeddable":true,"href":"https:\/\/www.comau.com\/it\/wp-json\/wp\/v2\/media\/5183"}],"wp:attachment":[{"href":"https:\/\/www.comau.com\/it\/wp-json\/wp\/v2\/media?parent=5154"}],"curies":[{"name":"wp","href":"https:\/\/api.w.org\/{rel}","templated":true}]}}