{"id":5150,"date":"2021-07-01T01:02:40","date_gmt":"2021-06-30T23:02:40","guid":{"rendered":"https:\/\/www.comau.com\/?page_id=5150"},"modified":"2022-09-22T17:54:16","modified_gmt":"2022-09-22T15:54:16","slug":"technologies","status":"publish","type":"page","link":"https:\/\/www.comau.com\/it\/competencies\/body-assembly\/technologies\/","title":{"rendered":"Tecnologie"},"content":{"rendered":"\n<h2 class=\"wp-block-heading\">Assemblaggio ad alte prestazioni <\/h2>\n\n\n\n<p>Stabilire lo standard di riferimento a livello mondiale nei sistemi di automazione avanzati per aziende di qualunque dimensione: ecco ci\u00f2 che Comau sa fare meglio. Da sistemi laser versatili e processi di taglio robotizzati a soluzioni avanzate di giunzione, dal roller hemming ai sistemi di trasferimento e pallettizzazione, le innovative tecnologie Comau offrono efficienza, flessibilit\u00e0, durabilit\u00e0 e un veloce ritorno sull\u2019investimento.<\/p>\n\n\n\n<h3 class=\"wp-block-heading\">Le nostre competenze:<\/h3>\n\n\n\n<ul class=\"wp-block-list\"><li><strong>Tecnologia laser<\/strong><br>Le tecnologie laser per saldatura, brasatura e taglio combinano velocit\u00e0, precisione e flessibilit\u00e0 con una notevole semplicit\u00e0 di utilizzo ed elevati volumi di produzione, consentendo di raggiungere obiettivi di produzione sempre pi\u00f9 precisi e rigorosi standard qualitativi. La nostra tecnologia laser assicura inoltre una produttivit\u00e0 ottimale nella lavorazione di oggetti complessi o tridimensionali.<\/li><li><strong>Saldatura a punti<\/strong><br>La saldatura ad alta densit\u00e0 (HDW) consente fino a 18 robots di saldare contemporaneamente in un\u2019unica stazione, realizzando una quantit\u00e0 elevata di punti di saldatura con il minimo ingombro operativo.<\/li><li><strong>Tecnologia ad arco<\/strong><br>I nostri quarant\u2019anni di esperienza nel settore automotive rendono Comau il giusto partner per ottenere soluzioni robotiche automatizzate e pronte all\u2019uso per la brasatura MIG, la saldatura MAG e le applicazioni di taglio al plasma. I nostri Senior Engineer (IWE, IWT) supportano i clienti nello sviluppo di sistemi flessibili e innovativi ad alta produttivit\u00e0 e qualit\u00e0 di processo.<\/li><li><strong>Rivettatura e fissaggio<\/strong><br>Soluzioni automatiche, semi-automatiche e manuali che consentono di integrare velocemente nuovi materiali leggeri e innovative tecnologie di giunzione.<\/li><li><strong>Visione e controllo<\/strong><br>Dalla guida 2D\/3D del robot con un reale riconoscimento visivo, per una migliore misurazione e un avanzato controllo dimensionale in linea. La nostra tecnologia per il sistema di visione incorpora potenti algoritmi basati sugli oggetti e processori, per migliorare la manipolazione, il monitoraggio della qualit\u00e0, l&#8217;analisi \u201cgap &amp; flush\u201d, l&#8217;ispezione della geometria e altro ancora.<\/li><\/ul>\n\n\n\n<h2 class=\"wp-block-heading\">Pallettizzazione e movimentazione<\/h2>\n\n\n\n<p>Maggiore velocit\u00e0, maggiori prestazioni, riduzione dei consumi. Dai trasportatori pallet indipendenti e dai sistemi di trasferimento alle soluzioni automatizzate di trasferimento in linea, innovazione ed eccellenza procedono \u201cmano nella mano\u201d.<\/p>\n\n\n\n<h3 class=\"wp-block-heading\">Le nostre competenze:<\/h3>\n\n\n\n<ul class=\"wp-block-list\"><li><strong>Nastri trasportatori standard<\/strong><\/li><li><strong>Nastri accumulatori di pallet<\/strong><\/li><li><strong>Alimentazione automatica della linea<\/strong><\/li><li><strong>Sistemi di trasferimento in linea <\/strong><\/li><\/ul>\n\n\n\n<h2 class=\"wp-block-heading\">Produzione leggera<\/h2>\n\n\n\n<p>Le nostre competenze di livello mondiale e l&#8217;innovazione tecnologica nel campo dei materiali leggeri \u00e8 il motivo per cui le pi\u00f9 importanti case automobilistiche scelgono Comau come loro partner di fiducia.<\/p>\n\n\n\n<h3 class=\"wp-block-heading\">Le nostre competenze:<\/h3>\n\n\n\n<ul class=\"wp-block-list\"><li><strong>Flessibilit\u00e0 di modello con sequenziamento di accumulo casuale<\/strong><\/li><li><strong>Flessibilit\u00e0 di volume<\/strong><\/li><li><strong>Diversi materiali e metodi di giunzione <\/strong><\/li><li><strong>Logistica potenziata e riduzione del flusso di traffico<\/strong><\/li><li><strong>Consolidamento del collocamento della manodopera diretta <\/strong><\/li><li><strong>Tempistiche di programmazione compresse<\/strong><\/li><li><strong>Ridotto ingombro dell\u2019impianto<\/strong><\/li><\/ul>\n\n\n\n<div class=\"wp-block-columns columns-bg-dark is-layout-flex wp-container-core-columns-is-layout-9d6595d7 wp-block-columns-is-layout-flex\">\n<div class=\"wp-block-column is-layout-flow wp-block-column-is-layout-flow\">\n<h2 class=\"wp-block-heading\">Approfondimento: il Roller Hemming<\/h2>\n\n\n\n<p>Grazie a un\u2019avanzata flessibilit\u00e0 e un\u2019elevata forza di push-pull hemming, la soluzione sviluppata per il roller hemming \u201cRHEvo\u201d completa in modo stabile e affidabile l&#8217;intero ciclo di orlatura in soli due passaggi, senza sacrificare la velocit\u00e0 o la precisione.<\/p>\n\n\n\n<div class=\"wp-block-buttons is-layout-flex wp-block-buttons-is-layout-flex\">\n<div class=\"wp-block-button\"><a class=\"wp-block-button__link\" href=\"https:\/\/www.comau.com\/it\/competencies\/body-assembly\/products\/rhevo\/\">Per saperne di pi\u00f9<\/a><\/div>\n<\/div>\n<\/div>\n\n\n\n<div class=\"wp-block-column is-layout-flow wp-block-column-is-layout-flow\">\n<h2 class=\"wp-block-heading\">Approfondimento: la tecnologia Laser<\/h2>\n\n\n\n<p>La nostra tecnologia laser brevettata combina la precisione e la versatilit\u00e0 dei robot con l\u2019alta velocit\u00e0 e l\u2019estrema accuratezza del laser, per un incremento della performance, della flessibilit\u00e0 e della qualit\u00e0.<\/p>\n\n\n\n<div class=\"wp-block-buttons is-layout-flex wp-block-buttons-is-layout-flex\">\n<div class=\"wp-block-button\"><a class=\"wp-block-button__link\" href=\"https:\/\/www.comau.com\/it\/competencies\/body-assembly\/technologies\/laser-technology\/\">Per saperne di pi\u00f9<\/a><\/div>\n<\/div>\n<\/div>\n\n\n\n<div class=\"wp-block-column is-layout-flow wp-block-column-is-layout-flow\">\n<h2 class=\"wp-block-heading\">Approfondimento: la tecnologia Spot Welding<\/h2>\n\n\n\n<p>Produttivit\u00e0, affidabilit\u00e0 ed elementi integrati sono i punti chiave della nostra tecnologia per lo spot welding, che include un sistema leggero e compatto capace di sostenere un carico elevato ad alte velocit\u00e0.<\/p>\n\n\n\n<div class=\"wp-block-buttons is-layout-flex wp-block-buttons-is-layout-flex\">\n<div class=\"wp-block-button\"><a class=\"wp-block-button__link\" href=\"https:\/\/www.comau.com\/it\/competencies\/body-assembly\/products\/spot-welding-machine\/\">Per saperne di pi\u00f9<\/a><\/div>\n<\/div>\n<\/div>\n<\/div>\n","protected":false},"excerpt":{"rendered":"<p>Assemblaggio ad alte prestazioni Stabilire lo standard di riferimento a livello mondiale nei sistemi di automazione avanzati per aziende di qualunque dimensione: ecco ci\u00f2 che Comau sa fare meglio. Da sistemi laser versatili e processi di taglio robotizzati a soluzioni avanzate di giunzione, dal roller hemming ai sistemi di trasferimento e pallettizzazione, le innovative tecnologie [&hellip;]<\/p>\n","protected":false},"author":11,"featured_media":5164,"parent":4812,"menu_order":2,"comment_status":"closed","ping_status":"closed","template":"","meta":{"_acf_changed":false,"ep_exclude_from_search":false,"footnotes":""},"class_list":["post-5150","page","type-page","status-publish","has-post-thumbnail","hentry"],"acf":[],"yoast_head":"<!-- This site is optimized with the Yoast SEO plugin v26.9 - https:\/\/yoast.com\/product\/yoast-seo-wordpress\/ -->\n<title>Tutte le Tecnologie di Saldatura e Assemblaggio<\/title>\n<meta name=\"description\" content=\"Scopri la sezione dedicata alle tecnologie di saldatura e assemblaggio: trova quella adatta alle tue esigenze aziendali.\" \/>\n<meta name=\"robots\" content=\"index, follow, max-snippet:-1, max-image-preview:large, max-video-preview:-1\" \/>\n<link rel=\"canonical\" href=\"https:\/\/www.comau.com\/it\/competencies\/body-assembly\/technologies\/\" \/>\n<meta property=\"og:locale\" content=\"it_IT\" \/>\n<meta property=\"og:type\" content=\"article\" \/>\n<meta property=\"og:title\" content=\"Tutte le Tecnologie di Saldatura e Assemblaggio\" \/>\n<meta property=\"og:description\" content=\"Scopri la sezione dedicata alle tecnologie di saldatura e assemblaggio: trova quella adatta alle tue esigenze aziendali.\" \/>\n<meta property=\"og:url\" content=\"https:\/\/www.comau.com\/it\/competencies\/body-assembly\/technologies\/\" \/>\n<meta property=\"og:site_name\" content=\"Comau\" \/>\n<meta property=\"article:publisher\" content=\"https:\/\/www.facebook.com\/COMAU\/\" \/>\n<meta property=\"article:modified_time\" content=\"2022-09-22T15:54:16+00:00\" \/>\n<meta property=\"og:image\" content=\"https:\/\/www.comau.com\/wp-content\/uploads\/2021\/06\/BA_header-1.jpg\" \/>\n\t<meta property=\"og:image:width\" content=\"1280\" \/>\n\t<meta property=\"og:image:height\" content=\"485\" \/>\n\t<meta property=\"og:image:type\" content=\"image\/jpeg\" \/>\n<meta name=\"twitter:card\" content=\"summary_large_image\" \/>\n<meta name=\"twitter:site\" content=\"@comaugroup\" \/>\n<meta name=\"twitter:label1\" content=\"Tempo di lettura stimato\" \/>\n\t<meta name=\"twitter:data1\" content=\"3 minuti\" \/>\n<script type=\"application\/ld+json\" class=\"yoast-schema-graph\">{\"@context\":\"https:\/\/schema.org\",\"@graph\":[{\"@type\":\"WebPage\",\"@id\":\"https:\/\/www.comau.com\/it\/competencies\/body-assembly\/technologies\/\",\"url\":\"https:\/\/www.comau.com\/it\/competencies\/body-assembly\/technologies\/\",\"name\":\"Tutte le Tecnologie di Saldatura e Assemblaggio\",\"isPartOf\":{\"@id\":\"https:\/\/www.comau.com\/it\/#website\"},\"primaryImageOfPage\":{\"@id\":\"https:\/\/www.comau.com\/it\/competencies\/body-assembly\/technologies\/#primaryimage\"},\"image\":{\"@id\":\"https:\/\/www.comau.com\/it\/competencies\/body-assembly\/technologies\/#primaryimage\"},\"thumbnailUrl\":\"https:\/\/www.comau.com\/wp-content\/uploads\/2021\/06\/BA_header-1.jpg\",\"datePublished\":\"2021-06-30T23:02:40+00:00\",\"dateModified\":\"2022-09-22T15:54:16+00:00\",\"description\":\"Scopri la sezione dedicata alle tecnologie di saldatura e assemblaggio: trova quella adatta alle tue esigenze aziendali.\",\"breadcrumb\":{\"@id\":\"https:\/\/www.comau.com\/it\/competencies\/body-assembly\/technologies\/#breadcrumb\"},\"inLanguage\":\"it-IT\",\"potentialAction\":[{\"@type\":\"ReadAction\",\"target\":[\"https:\/\/www.comau.com\/it\/competencies\/body-assembly\/technologies\/\"]}]},{\"@type\":\"ImageObject\",\"inLanguage\":\"it-IT\",\"@id\":\"https:\/\/www.comau.com\/it\/competencies\/body-assembly\/technologies\/#primaryimage\",\"url\":\"https:\/\/www.comau.com\/wp-content\/uploads\/2021\/06\/BA_header-1.jpg\",\"contentUrl\":\"https:\/\/www.comau.com\/wp-content\/uploads\/2021\/06\/BA_header-1.jpg\",\"width\":1280,\"height\":485},{\"@type\":\"BreadcrumbList\",\"@id\":\"https:\/\/www.comau.com\/it\/competencies\/body-assembly\/technologies\/#breadcrumb\",\"itemListElement\":[{\"@type\":\"ListItem\",\"position\":1,\"name\":\"Home\",\"item\":\"https:\/\/www.comau.com\/it\/\"},{\"@type\":\"ListItem\",\"position\":2,\"name\":\"Le Nostre Competenze\",\"item\":\"https:\/\/www.comau.com\/it\/competencies\/\"},{\"@type\":\"ListItem\",\"position\":3,\"name\":\"Body Assembly\",\"item\":\"https:\/\/www.comau.com\/it\/competencies\/body-assembly\/\"},{\"@type\":\"ListItem\",\"position\":4,\"name\":\"Tecnologie\"}]},{\"@type\":\"WebSite\",\"@id\":\"https:\/\/www.comau.com\/it\/#website\",\"url\":\"https:\/\/www.comau.com\/it\/\",\"name\":\"Comau\",\"description\":\"Industrial automation and robotics\",\"publisher\":{\"@id\":\"https:\/\/www.comau.com\/it\/#organization\"},\"potentialAction\":[{\"@type\":\"SearchAction\",\"target\":{\"@type\":\"EntryPoint\",\"urlTemplate\":\"https:\/\/www.comau.com\/it\/?s={search_term_string}\"},\"query-input\":{\"@type\":\"PropertyValueSpecification\",\"valueRequired\":true,\"valueName\":\"search_term_string\"}}],\"inLanguage\":\"it-IT\"},{\"@type\":\"Organization\",\"@id\":\"https:\/\/www.comau.com\/it\/#organization\",\"name\":\"Comau\",\"url\":\"https:\/\/www.comau.com\/it\/\",\"logo\":{\"@type\":\"ImageObject\",\"inLanguage\":\"it-IT\",\"@id\":\"https:\/\/www.comau.com\/it\/#\/schema\/logo\/image\/\",\"url\":\"https:\/\/www.comau.com\/wp-content\/uploads\/2024\/07\/cropped-Logo-COMAU.png\",\"contentUrl\":\"https:\/\/www.comau.com\/wp-content\/uploads\/2024\/07\/cropped-Logo-COMAU.png\",\"width\":434,\"height\":434,\"caption\":\"Comau\"},\"image\":{\"@id\":\"https:\/\/www.comau.com\/it\/#\/schema\/logo\/image\/\"},\"sameAs\":[\"https:\/\/www.facebook.com\/COMAU\/\",\"https:\/\/x.com\/comaugroup\",\"https:\/\/www.instagram.com\/comaugroup\/\",\"https:\/\/www.linkedin.com\/company\/comau\",\"https:\/\/www.youtube.com\/user\/comau\"]}]}<\/script>\n<!-- \/ Yoast SEO plugin. -->","yoast_head_json":{"title":"Tutte le Tecnologie di Saldatura e Assemblaggio","description":"Scopri la sezione dedicata alle tecnologie di saldatura e assemblaggio: trova quella adatta alle tue esigenze aziendali.","robots":{"index":"index","follow":"follow","max-snippet":"max-snippet:-1","max-image-preview":"max-image-preview:large","max-video-preview":"max-video-preview:-1"},"canonical":"https:\/\/www.comau.com\/it\/competencies\/body-assembly\/technologies\/","og_locale":"it_IT","og_type":"article","og_title":"Tutte le Tecnologie di Saldatura e Assemblaggio","og_description":"Scopri la sezione dedicata alle tecnologie di saldatura e assemblaggio: trova quella adatta alle tue esigenze aziendali.","og_url":"https:\/\/www.comau.com\/it\/competencies\/body-assembly\/technologies\/","og_site_name":"Comau","article_publisher":"https:\/\/www.facebook.com\/COMAU\/","article_modified_time":"2022-09-22T15:54:16+00:00","og_image":[{"width":1280,"height":485,"url":"https:\/\/www.comau.com\/wp-content\/uploads\/2021\/06\/BA_header-1.jpg","type":"image\/jpeg"}],"twitter_card":"summary_large_image","twitter_site":"@comaugroup","twitter_misc":{"Tempo di lettura stimato":"3 minuti"},"schema":{"@context":"https:\/\/schema.org","@graph":[{"@type":"WebPage","@id":"https:\/\/www.comau.com\/it\/competencies\/body-assembly\/technologies\/","url":"https:\/\/www.comau.com\/it\/competencies\/body-assembly\/technologies\/","name":"Tutte le Tecnologie di Saldatura e Assemblaggio","isPartOf":{"@id":"https:\/\/www.comau.com\/it\/#website"},"primaryImageOfPage":{"@id":"https:\/\/www.comau.com\/it\/competencies\/body-assembly\/technologies\/#primaryimage"},"image":{"@id":"https:\/\/www.comau.com\/it\/competencies\/body-assembly\/technologies\/#primaryimage"},"thumbnailUrl":"https:\/\/www.comau.com\/wp-content\/uploads\/2021\/06\/BA_header-1.jpg","datePublished":"2021-06-30T23:02:40+00:00","dateModified":"2022-09-22T15:54:16+00:00","description":"Scopri la sezione dedicata alle tecnologie di saldatura e assemblaggio: trova quella adatta alle tue esigenze aziendali.","breadcrumb":{"@id":"https:\/\/www.comau.com\/it\/competencies\/body-assembly\/technologies\/#breadcrumb"},"inLanguage":"it-IT","potentialAction":[{"@type":"ReadAction","target":["https:\/\/www.comau.com\/it\/competencies\/body-assembly\/technologies\/"]}]},{"@type":"ImageObject","inLanguage":"it-IT","@id":"https:\/\/www.comau.com\/it\/competencies\/body-assembly\/technologies\/#primaryimage","url":"https:\/\/www.comau.com\/wp-content\/uploads\/2021\/06\/BA_header-1.jpg","contentUrl":"https:\/\/www.comau.com\/wp-content\/uploads\/2021\/06\/BA_header-1.jpg","width":1280,"height":485},{"@type":"BreadcrumbList","@id":"https:\/\/www.comau.com\/it\/competencies\/body-assembly\/technologies\/#breadcrumb","itemListElement":[{"@type":"ListItem","position":1,"name":"Home","item":"https:\/\/www.comau.com\/it\/"},{"@type":"ListItem","position":2,"name":"Le Nostre Competenze","item":"https:\/\/www.comau.com\/it\/competencies\/"},{"@type":"ListItem","position":3,"name":"Body Assembly","item":"https:\/\/www.comau.com\/it\/competencies\/body-assembly\/"},{"@type":"ListItem","position":4,"name":"Tecnologie"}]},{"@type":"WebSite","@id":"https:\/\/www.comau.com\/it\/#website","url":"https:\/\/www.comau.com\/it\/","name":"Comau","description":"Industrial automation and robotics","publisher":{"@id":"https:\/\/www.comau.com\/it\/#organization"},"potentialAction":[{"@type":"SearchAction","target":{"@type":"EntryPoint","urlTemplate":"https:\/\/www.comau.com\/it\/?s={search_term_string}"},"query-input":{"@type":"PropertyValueSpecification","valueRequired":true,"valueName":"search_term_string"}}],"inLanguage":"it-IT"},{"@type":"Organization","@id":"https:\/\/www.comau.com\/it\/#organization","name":"Comau","url":"https:\/\/www.comau.com\/it\/","logo":{"@type":"ImageObject","inLanguage":"it-IT","@id":"https:\/\/www.comau.com\/it\/#\/schema\/logo\/image\/","url":"https:\/\/www.comau.com\/wp-content\/uploads\/2024\/07\/cropped-Logo-COMAU.png","contentUrl":"https:\/\/www.comau.com\/wp-content\/uploads\/2024\/07\/cropped-Logo-COMAU.png","width":434,"height":434,"caption":"Comau"},"image":{"@id":"https:\/\/www.comau.com\/it\/#\/schema\/logo\/image\/"},"sameAs":["https:\/\/www.facebook.com\/COMAU\/","https:\/\/x.com\/comaugroup","https:\/\/www.instagram.com\/comaugroup\/","https:\/\/www.linkedin.com\/company\/comau","https:\/\/www.youtube.com\/user\/comau"]}]}},"_links":{"self":[{"href":"https:\/\/www.comau.com\/it\/wp-json\/wp\/v2\/pages\/5150","targetHints":{"allow":["GET"]}}],"collection":[{"href":"https:\/\/www.comau.com\/it\/wp-json\/wp\/v2\/pages"}],"about":[{"href":"https:\/\/www.comau.com\/it\/wp-json\/wp\/v2\/types\/page"}],"author":[{"embeddable":true,"href":"https:\/\/www.comau.com\/it\/wp-json\/wp\/v2\/users\/11"}],"replies":[{"embeddable":true,"href":"https:\/\/www.comau.com\/it\/wp-json\/wp\/v2\/comments?post=5150"}],"version-history":[{"count":41,"href":"https:\/\/www.comau.com\/it\/wp-json\/wp\/v2\/pages\/5150\/revisions"}],"predecessor-version":[{"id":47648,"href":"https:\/\/www.comau.com\/it\/wp-json\/wp\/v2\/pages\/5150\/revisions\/47648"}],"up":[{"embeddable":true,"href":"https:\/\/www.comau.com\/it\/wp-json\/wp\/v2\/pages\/4812"}],"wp:featuredmedia":[{"embeddable":true,"href":"https:\/\/www.comau.com\/it\/wp-json\/wp\/v2\/media\/5164"}],"wp:attachment":[{"href":"https:\/\/www.comau.com\/it\/wp-json\/wp\/v2\/media?parent=5150"}],"curies":[{"name":"wp","href":"https:\/\/api.w.org\/{rel}","templated":true}]}}