{"id":5045,"date":"2021-06-07T15:59:13","date_gmt":"2021-06-07T13:59:13","guid":{"rendered":"https:\/\/www.comau.com\/?page_id=5045"},"modified":"2021-12-03T17:06:06","modified_gmt":"2021-12-03T16:06:06","slug":"open-robogate","status":"publish","type":"page","link":"https:\/\/www.comau.com\/it\/competencies\/systems\/open-robogate\/","title":{"rendered":"Open RoboGate"},"content":{"rendered":"\n<p>OpenRobogate\u00ae \u00e8 una struttura solida ad elevata ripetibilit\u00e0 e modularit\u00e0. La solidit\u00e0 strutturale e l\u2019alta forza di chiusura (in direzione &#8220;Y&#8221;) garantiscono un importante livello di ripetibilit\u00e0, mentre la modularit\u00e0 per l&#8217;introduzione di nuovi modelli garantisce la scalabilit\u00e0 dell\u2019investimento (ingombro incluso).<\/p>\n\n\n\n<div class=\"wp-block-image\"><figure class=\"aligncenter size-large\"><img decoding=\"async\" width=\"1024\" height=\"522\" src=\"https:\/\/www.comau.com\/wp-content\/uploads\/2021\/06\/robogate_1-1024x522.jpg\" alt=\"\" class=\"wp-image-5104\" srcset=\"https:\/\/www.comau.com\/wp-content\/uploads\/2021\/06\/robogate_1-1024x522.jpg 1024w, https:\/\/www.comau.com\/wp-content\/uploads\/2021\/06\/robogate_1-300x153.jpg 300w, https:\/\/www.comau.com\/wp-content\/uploads\/2021\/06\/robogate_1-768x391.jpg 768w, https:\/\/www.comau.com\/wp-content\/uploads\/2021\/06\/robogate_1.jpg 1176w\" sizes=\"(max-width: 1024px) 100vw, 1024px\" \/><\/figure><\/div>\n\n\n\n<h2 class=\"wp-block-heading\">Caratteristiche del prodotto<\/h2>\n\n\n\n<ul class=\"wp-block-list\"><li>Flessibilit\u00e0 garantita fino a 6 modelli<\/li><li>Pi\u00f9 di 50KN di forza di chiusura (in direzione &#8220;Y&#8221;)<\/li><li>Alta ripetibilit\u00e0<\/li><li>Fino a 18 robot di saldatura<\/li><li>Fino a 100 punti di saldatura (60 JPH)<\/li><\/ul>\n\n\n\n<p>I nostri esperti di prodotto garantiscono supporto tecnico e di processo in base alle necessit\u00e0 del cliente.<\/p>\n\n\n\n<p>Oltre 180 applicazioni sono diffuse nel mondo e sono disponibili per i principali produttori di automobili.<\/p>\n\n\n\n<h2 class=\"wp-block-heading\">Open RoboGate &#8220;S&#8221; &#8211; WL14<\/h2>\n\n\n\n<div class=\"wp-block-buttons is-layout-flex wp-block-buttons-is-layout-flex\">\n<div class=\"wp-block-button\"><a class=\"wp-block-button__link\" href=\"https:\/\/www.comau.com\/wp-content\/uploads\/2021\/06\/openRobogate.pdf\" target=\"_blank\" rel=\"noreferrer noopener\">Download<\/a><\/div>\n<\/div>\n\n\n\n<p><\/p>\n","protected":false},"excerpt":{"rendered":"<p>OpenRobogate\u00ae \u00e8 una struttura solida ad elevata ripetibilit\u00e0 e modularit\u00e0. La solidit\u00e0 strutturale e l\u2019alta forza di chiusura (in direzione &#8220;Y&#8221;) garantiscono un importante livello di ripetibilit\u00e0, mentre la modularit\u00e0 per l&#8217;introduzione di nuovi modelli garantisce la scalabilit\u00e0 dell\u2019investimento (ingombro incluso). Caratteristiche del prodotto Flessibilit\u00e0 garantita fino a 6 modelli Pi\u00f9 di 50KN di forza [&hellip;]<\/p>\n","protected":false},"author":11,"featured_media":5080,"parent":64925,"menu_order":0,"comment_status":"closed","ping_status":"closed","template":"","meta":{"_acf_changed":false,"ep_exclude_from_search":false,"footnotes":""},"class_list":["post-5045","page","type-page","status-publish","has-post-thumbnail","hentry"],"acf":[],"yoast_head":"<!-- This site is optimized with the Yoast SEO plugin v26.9 - https:\/\/yoast.com\/product\/yoast-seo-wordpress\/ -->\n<title>Open Robogate: Soluzioni Flessibili per la Produzione | Comau<\/title>\n<meta name=\"description\" content=\"Scopri Open Robogate: una struttura solida ad elevata ripetibilit\u00e0 e modularit\u00e0, gestisce fino a 18 robot di saldatura.\" \/>\n<meta name=\"robots\" content=\"index, follow, max-snippet:-1, max-image-preview:large, max-video-preview:-1\" \/>\n<link rel=\"canonical\" href=\"https:\/\/www.comau.com\/it\/competencies\/systems\/open-robogate\/\" \/>\n<meta property=\"og:locale\" content=\"it_IT\" \/>\n<meta property=\"og:type\" content=\"article\" \/>\n<meta property=\"og:title\" content=\"Open Robogate: Soluzioni Flessibili per la Produzione | Comau\" \/>\n<meta property=\"og:description\" content=\"Scopri Open Robogate: una struttura solida ad elevata ripetibilit\u00e0 e modularit\u00e0, gestisce fino a 18 robot di saldatura.\" \/>\n<meta property=\"og:url\" content=\"https:\/\/www.comau.com\/it\/competencies\/systems\/open-robogate\/\" \/>\n<meta property=\"og:site_name\" content=\"Comau\" \/>\n<meta property=\"article:publisher\" content=\"https:\/\/www.facebook.com\/COMAU\/\" \/>\n<meta property=\"article:modified_time\" content=\"2021-12-03T16:06:06+00:00\" \/>\n<meta property=\"og:image\" content=\"https:\/\/www.comau.com\/wp-content\/uploads\/2021\/06\/ComauFlex_header.jpg\" \/>\n\t<meta property=\"og:image:width\" content=\"1280\" \/>\n\t<meta property=\"og:image:height\" content=\"485\" \/>\n\t<meta property=\"og:image:type\" content=\"image\/jpeg\" \/>\n<meta name=\"twitter:card\" content=\"summary_large_image\" \/>\n<meta name=\"twitter:site\" content=\"@comaugroup\" \/>\n<meta name=\"twitter:label1\" content=\"Tempo di lettura stimato\" \/>\n\t<meta name=\"twitter:data1\" content=\"1 minuto\" \/>\n<script type=\"application\/ld+json\" class=\"yoast-schema-graph\">{\"@context\":\"https:\/\/schema.org\",\"@graph\":[{\"@type\":\"WebPage\",\"@id\":\"https:\/\/www.comau.com\/it\/competencies\/systems\/open-robogate\/\",\"url\":\"https:\/\/www.comau.com\/it\/competencies\/systems\/open-robogate\/\",\"name\":\"Open Robogate: Soluzioni Flessibili per la Produzione | Comau\",\"isPartOf\":{\"@id\":\"https:\/\/www.comau.com\/it\/#website\"},\"primaryImageOfPage\":{\"@id\":\"https:\/\/www.comau.com\/it\/competencies\/systems\/open-robogate\/#primaryimage\"},\"image\":{\"@id\":\"https:\/\/www.comau.com\/it\/competencies\/systems\/open-robogate\/#primaryimage\"},\"thumbnailUrl\":\"https:\/\/www.comau.com\/wp-content\/uploads\/2021\/06\/ComauFlex_header.jpg\",\"datePublished\":\"2021-06-07T13:59:13+00:00\",\"dateModified\":\"2021-12-03T16:06:06+00:00\",\"description\":\"Scopri Open Robogate: una struttura solida ad elevata ripetibilit\u00e0 e modularit\u00e0, gestisce fino a 18 robot di saldatura.\",\"breadcrumb\":{\"@id\":\"https:\/\/www.comau.com\/it\/competencies\/systems\/open-robogate\/#breadcrumb\"},\"inLanguage\":\"it-IT\",\"potentialAction\":[{\"@type\":\"ReadAction\",\"target\":[\"https:\/\/www.comau.com\/it\/competencies\/systems\/open-robogate\/\"]}]},{\"@type\":\"ImageObject\",\"inLanguage\":\"it-IT\",\"@id\":\"https:\/\/www.comau.com\/it\/competencies\/systems\/open-robogate\/#primaryimage\",\"url\":\"https:\/\/www.comau.com\/wp-content\/uploads\/2021\/06\/ComauFlex_header.jpg\",\"contentUrl\":\"https:\/\/www.comau.com\/wp-content\/uploads\/2021\/06\/ComauFlex_header.jpg\",\"width\":1280,\"height\":485},{\"@type\":\"BreadcrumbList\",\"@id\":\"https:\/\/www.comau.com\/it\/competencies\/systems\/open-robogate\/#breadcrumb\",\"itemListElement\":[{\"@type\":\"ListItem\",\"position\":1,\"name\":\"Home\",\"item\":\"https:\/\/www.comau.com\/it\/\"},{\"@type\":\"ListItem\",\"position\":2,\"name\":\"Le Nostre Competenze\",\"item\":\"https:\/\/www.comau.com\/it\/competencies\/\"},{\"@type\":\"ListItem\",\"position\":3,\"name\":\"Body Assembly\",\"item\":\"https:\/\/www.comau.com\/it\/competencies\/body-assembly\/\"},{\"@type\":\"ListItem\",\"position\":4,\"name\":\"Soluzioni\",\"item\":\"https:\/\/www.comau.com\/it\/competencies\/body-assembly\/solutions\/\"},{\"@type\":\"ListItem\",\"position\":5,\"name\":\"Open RoboGate\"}]},{\"@type\":\"WebSite\",\"@id\":\"https:\/\/www.comau.com\/it\/#website\",\"url\":\"https:\/\/www.comau.com\/it\/\",\"name\":\"Comau\",\"description\":\"Industrial automation and robotics\",\"publisher\":{\"@id\":\"https:\/\/www.comau.com\/it\/#organization\"},\"potentialAction\":[{\"@type\":\"SearchAction\",\"target\":{\"@type\":\"EntryPoint\",\"urlTemplate\":\"https:\/\/www.comau.com\/it\/?s={search_term_string}\"},\"query-input\":{\"@type\":\"PropertyValueSpecification\",\"valueRequired\":true,\"valueName\":\"search_term_string\"}}],\"inLanguage\":\"it-IT\"},{\"@type\":\"Organization\",\"@id\":\"https:\/\/www.comau.com\/it\/#organization\",\"name\":\"Comau\",\"url\":\"https:\/\/www.comau.com\/it\/\",\"logo\":{\"@type\":\"ImageObject\",\"inLanguage\":\"it-IT\",\"@id\":\"https:\/\/www.comau.com\/it\/#\/schema\/logo\/image\/\",\"url\":\"https:\/\/www.comau.com\/wp-content\/uploads\/2024\/07\/cropped-Logo-COMAU.png\",\"contentUrl\":\"https:\/\/www.comau.com\/wp-content\/uploads\/2024\/07\/cropped-Logo-COMAU.png\",\"width\":434,\"height\":434,\"caption\":\"Comau\"},\"image\":{\"@id\":\"https:\/\/www.comau.com\/it\/#\/schema\/logo\/image\/\"},\"sameAs\":[\"https:\/\/www.facebook.com\/COMAU\/\",\"https:\/\/x.com\/comaugroup\",\"https:\/\/www.instagram.com\/comaugroup\/\",\"https:\/\/www.linkedin.com\/company\/comau\",\"https:\/\/www.youtube.com\/user\/comau\"]}]}<\/script>\n<!-- \/ Yoast SEO plugin. -->","yoast_head_json":{"title":"Open Robogate: Soluzioni Flessibili per la Produzione | Comau","description":"Scopri Open Robogate: una struttura solida ad elevata ripetibilit\u00e0 e modularit\u00e0, gestisce fino a 18 robot di saldatura.","robots":{"index":"index","follow":"follow","max-snippet":"max-snippet:-1","max-image-preview":"max-image-preview:large","max-video-preview":"max-video-preview:-1"},"canonical":"https:\/\/www.comau.com\/it\/competencies\/systems\/open-robogate\/","og_locale":"it_IT","og_type":"article","og_title":"Open Robogate: Soluzioni Flessibili per la Produzione | Comau","og_description":"Scopri Open Robogate: una struttura solida ad elevata ripetibilit\u00e0 e modularit\u00e0, gestisce fino a 18 robot di saldatura.","og_url":"https:\/\/www.comau.com\/it\/competencies\/systems\/open-robogate\/","og_site_name":"Comau","article_publisher":"https:\/\/www.facebook.com\/COMAU\/","article_modified_time":"2021-12-03T16:06:06+00:00","og_image":[{"width":1280,"height":485,"url":"https:\/\/www.comau.com\/wp-content\/uploads\/2021\/06\/ComauFlex_header.jpg","type":"image\/jpeg"}],"twitter_card":"summary_large_image","twitter_site":"@comaugroup","twitter_misc":{"Tempo di lettura stimato":"1 minuto"},"schema":{"@context":"https:\/\/schema.org","@graph":[{"@type":"WebPage","@id":"https:\/\/www.comau.com\/it\/competencies\/systems\/open-robogate\/","url":"https:\/\/www.comau.com\/it\/competencies\/systems\/open-robogate\/","name":"Open Robogate: Soluzioni Flessibili per la Produzione | Comau","isPartOf":{"@id":"https:\/\/www.comau.com\/it\/#website"},"primaryImageOfPage":{"@id":"https:\/\/www.comau.com\/it\/competencies\/systems\/open-robogate\/#primaryimage"},"image":{"@id":"https:\/\/www.comau.com\/it\/competencies\/systems\/open-robogate\/#primaryimage"},"thumbnailUrl":"https:\/\/www.comau.com\/wp-content\/uploads\/2021\/06\/ComauFlex_header.jpg","datePublished":"2021-06-07T13:59:13+00:00","dateModified":"2021-12-03T16:06:06+00:00","description":"Scopri Open Robogate: una struttura solida ad elevata ripetibilit\u00e0 e modularit\u00e0, gestisce fino a 18 robot di saldatura.","breadcrumb":{"@id":"https:\/\/www.comau.com\/it\/competencies\/systems\/open-robogate\/#breadcrumb"},"inLanguage":"it-IT","potentialAction":[{"@type":"ReadAction","target":["https:\/\/www.comau.com\/it\/competencies\/systems\/open-robogate\/"]}]},{"@type":"ImageObject","inLanguage":"it-IT","@id":"https:\/\/www.comau.com\/it\/competencies\/systems\/open-robogate\/#primaryimage","url":"https:\/\/www.comau.com\/wp-content\/uploads\/2021\/06\/ComauFlex_header.jpg","contentUrl":"https:\/\/www.comau.com\/wp-content\/uploads\/2021\/06\/ComauFlex_header.jpg","width":1280,"height":485},{"@type":"BreadcrumbList","@id":"https:\/\/www.comau.com\/it\/competencies\/systems\/open-robogate\/#breadcrumb","itemListElement":[{"@type":"ListItem","position":1,"name":"Home","item":"https:\/\/www.comau.com\/it\/"},{"@type":"ListItem","position":2,"name":"Le Nostre Competenze","item":"https:\/\/www.comau.com\/it\/competencies\/"},{"@type":"ListItem","position":3,"name":"Body Assembly","item":"https:\/\/www.comau.com\/it\/competencies\/body-assembly\/"},{"@type":"ListItem","position":4,"name":"Soluzioni","item":"https:\/\/www.comau.com\/it\/competencies\/body-assembly\/solutions\/"},{"@type":"ListItem","position":5,"name":"Open RoboGate"}]},{"@type":"WebSite","@id":"https:\/\/www.comau.com\/it\/#website","url":"https:\/\/www.comau.com\/it\/","name":"Comau","description":"Industrial automation and robotics","publisher":{"@id":"https:\/\/www.comau.com\/it\/#organization"},"potentialAction":[{"@type":"SearchAction","target":{"@type":"EntryPoint","urlTemplate":"https:\/\/www.comau.com\/it\/?s={search_term_string}"},"query-input":{"@type":"PropertyValueSpecification","valueRequired":true,"valueName":"search_term_string"}}],"inLanguage":"it-IT"},{"@type":"Organization","@id":"https:\/\/www.comau.com\/it\/#organization","name":"Comau","url":"https:\/\/www.comau.com\/it\/","logo":{"@type":"ImageObject","inLanguage":"it-IT","@id":"https:\/\/www.comau.com\/it\/#\/schema\/logo\/image\/","url":"https:\/\/www.comau.com\/wp-content\/uploads\/2024\/07\/cropped-Logo-COMAU.png","contentUrl":"https:\/\/www.comau.com\/wp-content\/uploads\/2024\/07\/cropped-Logo-COMAU.png","width":434,"height":434,"caption":"Comau"},"image":{"@id":"https:\/\/www.comau.com\/it\/#\/schema\/logo\/image\/"},"sameAs":["https:\/\/www.facebook.com\/COMAU\/","https:\/\/x.com\/comaugroup","https:\/\/www.instagram.com\/comaugroup\/","https:\/\/www.linkedin.com\/company\/comau","https:\/\/www.youtube.com\/user\/comau"]}]}},"_links":{"self":[{"href":"https:\/\/www.comau.com\/it\/wp-json\/wp\/v2\/pages\/5045","targetHints":{"allow":["GET"]}}],"collection":[{"href":"https:\/\/www.comau.com\/it\/wp-json\/wp\/v2\/pages"}],"about":[{"href":"https:\/\/www.comau.com\/it\/wp-json\/wp\/v2\/types\/page"}],"author":[{"embeddable":true,"href":"https:\/\/www.comau.com\/it\/wp-json\/wp\/v2\/users\/11"}],"replies":[{"embeddable":true,"href":"https:\/\/www.comau.com\/it\/wp-json\/wp\/v2\/comments?post=5045"}],"version-history":[{"count":14,"href":"https:\/\/www.comau.com\/it\/wp-json\/wp\/v2\/pages\/5045\/revisions"}],"predecessor-version":[{"id":40146,"href":"https:\/\/www.comau.com\/it\/wp-json\/wp\/v2\/pages\/5045\/revisions\/40146"}],"up":[{"embeddable":true,"href":"https:\/\/www.comau.com\/it\/wp-json\/wp\/v2\/pages\/64925"}],"wp:featuredmedia":[{"embeddable":true,"href":"https:\/\/www.comau.com\/it\/wp-json\/wp\/v2\/media\/5080"}],"wp:attachment":[{"href":"https:\/\/www.comau.com\/it\/wp-json\/wp\/v2\/media?parent=5045"}],"curies":[{"name":"wp","href":"https:\/\/api.w.org\/{rel}","templated":true}]}}