{"id":5036,"date":"2021-07-01T01:01:13","date_gmt":"2021-06-30T23:01:13","guid":{"rendered":"https:\/\/www.comau.com\/?page_id=5036"},"modified":"2021-12-03T17:07:12","modified_gmt":"2021-12-03T16:07:12","slug":"solutions","status":"publish","type":"page","link":"https:\/\/www.comau.com\/it\/competencies\/body-assembly\/solutions\/","title":{"rendered":"Soluzioni"},"content":{"rendered":"\n<p>\u200bAttraverso la realizzazione di sistemi di automazione che producono ottimi risultati in termini di produttivit\u00e0, qualit\u00e0 e integrazione globale e logistica, guidiamo il processo di innovazione.<\/p>\n\n\n\n<p>Condividiamo gli stessi obiettivi dei produttori automobilistici e degli altri settori industriali:<\/p>\n\n\n\n<ul class=\"wp-block-list\"><li>Aumento della competitivit\u00e0<\/li><li>Ottimizzazione dei processi produttivi, rendendoli pi\u00f9 efficienti<\/li><li>Aumento della produttivit\u00e0 e flessibilit\u00e0 garantendo la sicurezza e gli standard qualitativi<\/li><\/ul>\n\n\n\n<p>Ci\u00f2 che ci differenzia \u00e8 la nostra cultura di applicare l&#8217;automazione per ottimizzare e trasformare l&#8217;ingegnerizzazione e i processi produttivi. Che si tratti di migliorare impianti gi\u00e0 esistenti, o di crearne di nuovi, guidiamo il tuo business verso il futuro.\u200b<\/p>\n\n\n\n<div class=\"wp-block-columns columns-bg-dark is-layout-flex wp-container-core-columns-is-layout-9d6595d7 wp-block-columns-is-layout-flex\">\n<div class=\"wp-block-column is-layout-flow wp-block-column-is-layout-flow\">\n<h3 class=\"wp-block-heading\">Innovazioni nel Body Assembly<\/h3>\n\n\n\n<p>Supportata da una conoscenza senza pari del mercato e da un network di tecnologie realmente globale, Comau si occupa costantemente dello sviluppo, della verifica e della distribuzione di soluzioni di produzione e assemblaggio all\u2019avanguardia, rivolte ai dinamici cambiamenti che si stanno verificando sul mercato. Dalla produzione di veicoli flessibili ad alta velocit\u00e0, compresi quelli multimateriali, all\u2019impiego di tecnologie di simulazione che riducono i tempi complessivi di programmazione, il cliente pu\u00f2 contare sull\u2019innovazione Comau per accrescere produttivit\u00e0 e qualit\u00e0.<\/p>\n<\/div>\n\n\n\n<div class=\"wp-block-column is-layout-flow wp-block-column-is-layout-flow\">\n<h3 class=\"wp-block-heading\">Le nostre soluzioni soddisfano i bisogni del cliente<\/h3>\n\n\n\n<p>Soluzioni avanzate su misura sono gli strumenti che contribuiscono al successo del cliente e sono fattori cruciali nelle fasi di progettazione, realizzazione e lancio di nuove linee di veicoli. Ecco perch\u00e9 lavoriamo a stretto contatto con ciascuno dei nostri clienti per sviluppare soluzioni innovative che incontrino bisogni produttivi specifici e siano supportate da un network tecnologico globale. Dalla pianificazione del progetto al training degli operatori e al lancio, questo livello di integrazione ci permette di semplificare i processi produttivi incrementando allo stesso tempo la produttivit\u00e0 e la qualit\u00e0.<\/p>\n<\/div>\n\n\n\n<div class=\"wp-block-column is-layout-flow wp-block-column-is-layout-flow\">\n<h3 class=\"wp-block-heading\">Assemblaggio e sistemi di trasporto potenti<\/h3>\n\n\n\n<p>Nel campo dell\u2019automazione intelligente, la performance delle tue linee \u00e8 profondamente influenzata dall\u2019efficienza dalla struttura di trasferimento sottostante. Per garantire la sicurezza e la flessibilit\u00e0 nella fase in cui le carrozzerie si spostano fra le stazioni, il sistema di trasporto dei pallet, quello di trasferimento veloce in linea e quello di assemblaggio ad anello chiuso, sono progettati per combinare un\u2019alta precisione con ottime performance e configurabilit\u00e0. Ma c\u2019\u00e8 di pi\u00f9: il trasferimento facile e veloce aiuta a ridurre le tempistiche a basso valore aggiunto all\u2019interno dei processi di assemblaggio principali e secondari.<\/p>\n<\/div>\n<\/div>\n\n\n\n<h2 class=\"wp-block-heading\">Le nostre soluzioni<\/h2>\n\n\n\n<div class=\"wp-block-columns is-layout-flex wp-container-core-columns-is-layout-9d6595d7 wp-block-columns-is-layout-flex\">\n<div class=\"wp-block-column is-layout-flow wp-block-column-is-layout-flow\">\n<div class=\"wp-block-getwid-image-box has-text-left has-mobile-layout-default has-mobile-alignment-default\"><div class=\"wp-block-getwid-image-box__image-container is-position-top\"><a href=\"https:\/\/www.comau.com\/en\/our-offer\/systems\/body-in-white-manufacturing\/comauflex\/\" class=\"wp-block-getwid-image-box__image-wrapper\"><img decoding=\"async\" width=\"1280\" height=\"485\" src=\"https:\/\/www.comau.com\/wp-content\/uploads\/2021\/06\/robogate_header.jpg\" alt=\"\" class=\"wp-block-getwid-image-box__image wp-image-5077\" srcset=\"https:\/\/www.comau.com\/wp-content\/uploads\/2021\/06\/robogate_header.jpg 1280w, https:\/\/www.comau.com\/wp-content\/uploads\/2021\/06\/robogate_header-300x114.jpg 300w, https:\/\/www.comau.com\/wp-content\/uploads\/2021\/06\/robogate_header-1024x388.jpg 1024w, https:\/\/www.comau.com\/wp-content\/uploads\/2021\/06\/robogate_header-768x291.jpg 768w\" sizes=\"(max-width: 1280px) 100vw, 1280px\" \/><\/a><\/div><div class=\"wp-block-getwid-image-box__content\">\n<h3 class=\"wp-block-heading\">ComauFlex<\/h3>\n\n\n\n<p>Sviluppata per semplificare la produzione di automobili ad alta velocit\u00e0, compresa quella dei veicoli multimateriali, questa strategia di produzione collaudata e flessibile risponde pienamente ai principali driver di mercato richiesti oggi dai produttori di auto: flessibilit\u00e0 operativa, requisiti di impianto minimi, volumi elevati e modelli multipli, insieme alla possibilit\u00e0 di utilizzare tecnologie di giunzione avanzate.<\/p>\n<\/div><\/div>\n<\/div>\n\n\n\n<div class=\"wp-block-column is-layout-flow wp-block-column-is-layout-flow\">\n<div class=\"wp-block-getwid-image-box has-text-left has-mobile-layout-default has-mobile-alignment-default\"><div class=\"wp-block-getwid-image-box__image-container is-position-top\"><a href=\"https:\/\/www.comau.com\/en\/our-offer\/systems\/body-in-white-manufacturing\/open-robogate\/\" class=\"wp-block-getwid-image-box__image-wrapper\"><img decoding=\"async\" width=\"1280\" height=\"485\" src=\"https:\/\/www.comau.com\/wp-content\/uploads\/2021\/06\/ComauFlex_header.jpg\" alt=\"\" class=\"wp-block-getwid-image-box__image wp-image-5080\" srcset=\"https:\/\/www.comau.com\/wp-content\/uploads\/2021\/06\/ComauFlex_header.jpg 1280w, https:\/\/www.comau.com\/wp-content\/uploads\/2021\/06\/ComauFlex_header-300x114.jpg 300w, https:\/\/www.comau.com\/wp-content\/uploads\/2021\/06\/ComauFlex_header-1024x388.jpg 1024w, https:\/\/www.comau.com\/wp-content\/uploads\/2021\/06\/ComauFlex_header-768x291.jpg 768w\" sizes=\"(max-width: 1280px) 100vw, 1280px\" \/><\/a><\/div><div class=\"wp-block-getwid-image-box__content\">\n<h3 class=\"wp-block-heading\">Open RoboGate<\/h3>\n\n\n\n<p>Modulare, flessibile ed espandibile, Open RoboGate pu\u00f2 gestire fino a 18 robots e 6 framing gate dedicati per operazioni ad alta velocit\u00e0 e densit\u00e0. E grazie all\u2019impiego di robot capovolti fissati al soffitto, pu\u00f2 ridurre l\u2019ingombro complessivo del sistema produttivo mentre rende possibile volumi di assemblaggio pi\u00f9 elevati in ciascuna stazione.<\/p>\n<\/div><\/div>\n<\/div>\n<\/div>\n\n\n\n<div class=\"wp-block-columns is-layout-flex wp-container-core-columns-is-layout-9d6595d7 wp-block-columns-is-layout-flex\">\n<div class=\"wp-block-column is-layout-flow wp-block-column-is-layout-flow\">\n<div class=\"wp-block-getwid-image-box has-text-left has-mobile-layout-default has-mobile-alignment-default\"><div class=\"wp-block-getwid-image-box__image-container is-position-top\"><a href=\"https:\/\/www.comau.com\/en\/our-offer\/systems\/body-in-white-manufacturing\/versapallet\/\" class=\"wp-block-getwid-image-box__image-wrapper\"><img decoding=\"async\" width=\"1280\" height=\"485\" src=\"https:\/\/www.comau.com\/wp-content\/uploads\/2021\/06\/versapallet_header.jpg\" alt=\"\" class=\"wp-block-getwid-image-box__image wp-image-5079\" srcset=\"https:\/\/www.comau.com\/wp-content\/uploads\/2021\/06\/versapallet_header.jpg 1280w, https:\/\/www.comau.com\/wp-content\/uploads\/2021\/06\/versapallet_header-300x114.jpg 300w, https:\/\/www.comau.com\/wp-content\/uploads\/2021\/06\/versapallet_header-1024x388.jpg 1024w, https:\/\/www.comau.com\/wp-content\/uploads\/2021\/06\/versapallet_header-768x291.jpg 768w\" sizes=\"(max-width: 1280px) 100vw, 1280px\" \/><\/a><\/div><div class=\"wp-block-getwid-image-box__content\">\n<h3 class=\"wp-block-heading\">VersaPallet<\/h3>\n\n\n\n<p>VersaPallet Questo sistema di trasferimento in linea ad alte prestazioni pu\u00f2 essere considerato il sistema pi\u00f9 veloce dell\u2019industria automobilistica per la movimentazione del sottoscocca, dei telai e delle fiancate. Basato su un sistema di pallet a precisione geometrica che movimenta i componenti da linea a linea, pu\u00f2 spostare le carrozzerie in tutta sicurezza e in pochi secondi.<\/p>\n<\/div><\/div>\n<\/div>\n\n\n\n<div class=\"wp-block-column is-layout-flow wp-block-column-is-layout-flow\">\n<div class=\"wp-block-getwid-image-box has-text-left has-mobile-layout-default has-mobile-alignment-default\"><div class=\"wp-block-getwid-image-box__image-container is-position-top\"><a href=\"https:\/\/www.comau.com\/en\/our-offer\/systems\/body-in-white-manufacturing\/versaroll\/\" class=\"wp-block-getwid-image-box__image-wrapper\"><img decoding=\"async\" width=\"1280\" height=\"485\" src=\"https:\/\/www.comau.com\/wp-content\/uploads\/2021\/06\/versaroll_header.jpg\" alt=\"\" class=\"wp-block-getwid-image-box__image wp-image-5078\" srcset=\"https:\/\/www.comau.com\/wp-content\/uploads\/2021\/06\/versaroll_header.jpg 1280w, https:\/\/www.comau.com\/wp-content\/uploads\/2021\/06\/versaroll_header-300x114.jpg 300w, https:\/\/www.comau.com\/wp-content\/uploads\/2021\/06\/versaroll_header-1024x388.jpg 1024w, https:\/\/www.comau.com\/wp-content\/uploads\/2021\/06\/versaroll_header-768x291.jpg 768w\" sizes=\"(max-width: 1280px) 100vw, 1280px\" \/><\/a><\/div><div class=\"wp-block-getwid-image-box__content\">\n<h3 class=\"wp-block-heading\">VersaRoll<\/h3>\n\n\n\n<p>Maggiore velocit\u00e0, precisione e flessibilit\u00e0 fino a 4 diversi modelli: VersaRoll \u00e8 un sistema di assemblaggio e giunzione basato su un encoder di controllo ad anello chiuso e progettato principalmente per telai e fiancate.<\/p>\n<\/div><\/div>\n<\/div>\n<\/div>\n","protected":false},"excerpt":{"rendered":"<p>\u200bAttraverso la realizzazione di sistemi di automazione che producono ottimi risultati in termini di produttivit\u00e0, qualit\u00e0 e integrazione globale e logistica, guidiamo il processo di innovazione. Condividiamo gli stessi obiettivi dei produttori automobilistici e degli altri settori industriali: Aumento della competitivit\u00e0 Ottimizzazione dei processi produttivi, rendendoli pi\u00f9 efficienti Aumento della produttivit\u00e0 e flessibilit\u00e0 garantendo la [&hellip;]<\/p>\n","protected":false},"author":11,"featured_media":5076,"parent":4812,"menu_order":1,"comment_status":"closed","ping_status":"closed","template":"","meta":{"_acf_changed":false,"ep_exclude_from_search":false,"footnotes":""},"class_list":["post-5036","page","type-page","status-publish","has-post-thumbnail","hentry"],"acf":[],"yoast_head":"<!-- This site is optimized with the Yoast SEO plugin v26.9 - https:\/\/yoast.com\/product\/yoast-seo-wordpress\/ -->\n<title>Progettazione Linee Industriali e Sistemi di Assemblaggio | Comau<\/title>\n<meta name=\"description\" content=\"Scopri la sezione dedicata alla progettazione di soluzioni per migliorare gli impianti di produzione con l&#039;automazione.\" \/>\n<meta name=\"robots\" content=\"index, follow, max-snippet:-1, max-image-preview:large, max-video-preview:-1\" \/>\n<link rel=\"canonical\" href=\"https:\/\/www.comau.com\/it\/competencies\/body-assembly\/solutions\/\" \/>\n<meta property=\"og:locale\" content=\"it_IT\" \/>\n<meta property=\"og:type\" content=\"article\" \/>\n<meta property=\"og:title\" content=\"Progettazione Linee Industriali e Sistemi di Assemblaggio | Comau\" \/>\n<meta property=\"og:description\" content=\"Scopri la sezione dedicata alla progettazione di soluzioni per migliorare gli impianti di produzione con l&#039;automazione.\" \/>\n<meta property=\"og:url\" content=\"https:\/\/www.comau.com\/it\/competencies\/body-assembly\/solutions\/\" \/>\n<meta property=\"og:site_name\" content=\"Comau\" \/>\n<meta property=\"article:publisher\" content=\"https:\/\/www.facebook.com\/COMAU\/\" \/>\n<meta property=\"article:modified_time\" content=\"2021-12-03T16:07:12+00:00\" \/>\n<meta property=\"og:image\" content=\"https:\/\/www.comau.com\/wp-content\/uploads\/2021\/06\/ba-solutions_header.jpg\" \/>\n\t<meta property=\"og:image:width\" content=\"1280\" \/>\n\t<meta property=\"og:image:height\" content=\"485\" \/>\n\t<meta property=\"og:image:type\" content=\"image\/jpeg\" \/>\n<meta name=\"twitter:card\" content=\"summary_large_image\" \/>\n<meta name=\"twitter:site\" content=\"@comaugroup\" \/>\n<meta name=\"twitter:label1\" content=\"Tempo di lettura stimato\" \/>\n\t<meta name=\"twitter:data1\" content=\"4 minuti\" \/>\n<script type=\"application\/ld+json\" class=\"yoast-schema-graph\">{\"@context\":\"https:\/\/schema.org\",\"@graph\":[{\"@type\":\"WebPage\",\"@id\":\"https:\/\/www.comau.com\/it\/competencies\/body-assembly\/solutions\/\",\"url\":\"https:\/\/www.comau.com\/it\/competencies\/body-assembly\/solutions\/\",\"name\":\"Progettazione Linee Industriali e Sistemi di Assemblaggio | Comau\",\"isPartOf\":{\"@id\":\"https:\/\/www.comau.com\/it\/#website\"},\"primaryImageOfPage\":{\"@id\":\"https:\/\/www.comau.com\/it\/competencies\/body-assembly\/solutions\/#primaryimage\"},\"image\":{\"@id\":\"https:\/\/www.comau.com\/it\/competencies\/body-assembly\/solutions\/#primaryimage\"},\"thumbnailUrl\":\"https:\/\/www.comau.com\/wp-content\/uploads\/2021\/06\/ba-solutions_header.jpg\",\"datePublished\":\"2021-06-30T23:01:13+00:00\",\"dateModified\":\"2021-12-03T16:07:12+00:00\",\"description\":\"Scopri la sezione dedicata alla progettazione di soluzioni per migliorare gli impianti di produzione con l'automazione.\",\"breadcrumb\":{\"@id\":\"https:\/\/www.comau.com\/it\/competencies\/body-assembly\/solutions\/#breadcrumb\"},\"inLanguage\":\"it-IT\",\"potentialAction\":[{\"@type\":\"ReadAction\",\"target\":[\"https:\/\/www.comau.com\/it\/competencies\/body-assembly\/solutions\/\"]}]},{\"@type\":\"ImageObject\",\"inLanguage\":\"it-IT\",\"@id\":\"https:\/\/www.comau.com\/it\/competencies\/body-assembly\/solutions\/#primaryimage\",\"url\":\"https:\/\/www.comau.com\/wp-content\/uploads\/2021\/06\/ba-solutions_header.jpg\",\"contentUrl\":\"https:\/\/www.comau.com\/wp-content\/uploads\/2021\/06\/ba-solutions_header.jpg\",\"width\":1280,\"height\":485},{\"@type\":\"BreadcrumbList\",\"@id\":\"https:\/\/www.comau.com\/it\/competencies\/body-assembly\/solutions\/#breadcrumb\",\"itemListElement\":[{\"@type\":\"ListItem\",\"position\":1,\"name\":\"Home\",\"item\":\"https:\/\/www.comau.com\/it\/\"},{\"@type\":\"ListItem\",\"position\":2,\"name\":\"Le Nostre Competenze\",\"item\":\"https:\/\/www.comau.com\/it\/competencies\/\"},{\"@type\":\"ListItem\",\"position\":3,\"name\":\"Body Assembly\",\"item\":\"https:\/\/www.comau.com\/it\/competencies\/body-assembly\/\"},{\"@type\":\"ListItem\",\"position\":4,\"name\":\"Soluzioni\"}]},{\"@type\":\"WebSite\",\"@id\":\"https:\/\/www.comau.com\/it\/#website\",\"url\":\"https:\/\/www.comau.com\/it\/\",\"name\":\"Comau\",\"description\":\"Industrial automation and robotics\",\"publisher\":{\"@id\":\"https:\/\/www.comau.com\/it\/#organization\"},\"potentialAction\":[{\"@type\":\"SearchAction\",\"target\":{\"@type\":\"EntryPoint\",\"urlTemplate\":\"https:\/\/www.comau.com\/it\/?s={search_term_string}\"},\"query-input\":{\"@type\":\"PropertyValueSpecification\",\"valueRequired\":true,\"valueName\":\"search_term_string\"}}],\"inLanguage\":\"it-IT\"},{\"@type\":\"Organization\",\"@id\":\"https:\/\/www.comau.com\/it\/#organization\",\"name\":\"Comau\",\"url\":\"https:\/\/www.comau.com\/it\/\",\"logo\":{\"@type\":\"ImageObject\",\"inLanguage\":\"it-IT\",\"@id\":\"https:\/\/www.comau.com\/it\/#\/schema\/logo\/image\/\",\"url\":\"https:\/\/www.comau.com\/wp-content\/uploads\/2024\/07\/cropped-Logo-COMAU.png\",\"contentUrl\":\"https:\/\/www.comau.com\/wp-content\/uploads\/2024\/07\/cropped-Logo-COMAU.png\",\"width\":434,\"height\":434,\"caption\":\"Comau\"},\"image\":{\"@id\":\"https:\/\/www.comau.com\/it\/#\/schema\/logo\/image\/\"},\"sameAs\":[\"https:\/\/www.facebook.com\/COMAU\/\",\"https:\/\/x.com\/comaugroup\",\"https:\/\/www.instagram.com\/comaugroup\/\",\"https:\/\/www.linkedin.com\/company\/comau\",\"https:\/\/www.youtube.com\/user\/comau\"]}]}<\/script>\n<!-- \/ Yoast SEO plugin. -->","yoast_head_json":{"title":"Progettazione Linee Industriali e Sistemi di Assemblaggio | Comau","description":"Scopri la sezione dedicata alla progettazione di soluzioni per migliorare gli impianti di produzione con l'automazione.","robots":{"index":"index","follow":"follow","max-snippet":"max-snippet:-1","max-image-preview":"max-image-preview:large","max-video-preview":"max-video-preview:-1"},"canonical":"https:\/\/www.comau.com\/it\/competencies\/body-assembly\/solutions\/","og_locale":"it_IT","og_type":"article","og_title":"Progettazione Linee Industriali e Sistemi di Assemblaggio | Comau","og_description":"Scopri la sezione dedicata alla progettazione di soluzioni per migliorare gli impianti di produzione con l'automazione.","og_url":"https:\/\/www.comau.com\/it\/competencies\/body-assembly\/solutions\/","og_site_name":"Comau","article_publisher":"https:\/\/www.facebook.com\/COMAU\/","article_modified_time":"2021-12-03T16:07:12+00:00","og_image":[{"width":1280,"height":485,"url":"https:\/\/www.comau.com\/wp-content\/uploads\/2021\/06\/ba-solutions_header.jpg","type":"image\/jpeg"}],"twitter_card":"summary_large_image","twitter_site":"@comaugroup","twitter_misc":{"Tempo di lettura stimato":"4 minuti"},"schema":{"@context":"https:\/\/schema.org","@graph":[{"@type":"WebPage","@id":"https:\/\/www.comau.com\/it\/competencies\/body-assembly\/solutions\/","url":"https:\/\/www.comau.com\/it\/competencies\/body-assembly\/solutions\/","name":"Progettazione Linee Industriali e Sistemi di Assemblaggio | Comau","isPartOf":{"@id":"https:\/\/www.comau.com\/it\/#website"},"primaryImageOfPage":{"@id":"https:\/\/www.comau.com\/it\/competencies\/body-assembly\/solutions\/#primaryimage"},"image":{"@id":"https:\/\/www.comau.com\/it\/competencies\/body-assembly\/solutions\/#primaryimage"},"thumbnailUrl":"https:\/\/www.comau.com\/wp-content\/uploads\/2021\/06\/ba-solutions_header.jpg","datePublished":"2021-06-30T23:01:13+00:00","dateModified":"2021-12-03T16:07:12+00:00","description":"Scopri la sezione dedicata alla progettazione di soluzioni per migliorare gli impianti di produzione con l'automazione.","breadcrumb":{"@id":"https:\/\/www.comau.com\/it\/competencies\/body-assembly\/solutions\/#breadcrumb"},"inLanguage":"it-IT","potentialAction":[{"@type":"ReadAction","target":["https:\/\/www.comau.com\/it\/competencies\/body-assembly\/solutions\/"]}]},{"@type":"ImageObject","inLanguage":"it-IT","@id":"https:\/\/www.comau.com\/it\/competencies\/body-assembly\/solutions\/#primaryimage","url":"https:\/\/www.comau.com\/wp-content\/uploads\/2021\/06\/ba-solutions_header.jpg","contentUrl":"https:\/\/www.comau.com\/wp-content\/uploads\/2021\/06\/ba-solutions_header.jpg","width":1280,"height":485},{"@type":"BreadcrumbList","@id":"https:\/\/www.comau.com\/it\/competencies\/body-assembly\/solutions\/#breadcrumb","itemListElement":[{"@type":"ListItem","position":1,"name":"Home","item":"https:\/\/www.comau.com\/it\/"},{"@type":"ListItem","position":2,"name":"Le Nostre Competenze","item":"https:\/\/www.comau.com\/it\/competencies\/"},{"@type":"ListItem","position":3,"name":"Body Assembly","item":"https:\/\/www.comau.com\/it\/competencies\/body-assembly\/"},{"@type":"ListItem","position":4,"name":"Soluzioni"}]},{"@type":"WebSite","@id":"https:\/\/www.comau.com\/it\/#website","url":"https:\/\/www.comau.com\/it\/","name":"Comau","description":"Industrial automation and robotics","publisher":{"@id":"https:\/\/www.comau.com\/it\/#organization"},"potentialAction":[{"@type":"SearchAction","target":{"@type":"EntryPoint","urlTemplate":"https:\/\/www.comau.com\/it\/?s={search_term_string}"},"query-input":{"@type":"PropertyValueSpecification","valueRequired":true,"valueName":"search_term_string"}}],"inLanguage":"it-IT"},{"@type":"Organization","@id":"https:\/\/www.comau.com\/it\/#organization","name":"Comau","url":"https:\/\/www.comau.com\/it\/","logo":{"@type":"ImageObject","inLanguage":"it-IT","@id":"https:\/\/www.comau.com\/it\/#\/schema\/logo\/image\/","url":"https:\/\/www.comau.com\/wp-content\/uploads\/2024\/07\/cropped-Logo-COMAU.png","contentUrl":"https:\/\/www.comau.com\/wp-content\/uploads\/2024\/07\/cropped-Logo-COMAU.png","width":434,"height":434,"caption":"Comau"},"image":{"@id":"https:\/\/www.comau.com\/it\/#\/schema\/logo\/image\/"},"sameAs":["https:\/\/www.facebook.com\/COMAU\/","https:\/\/x.com\/comaugroup","https:\/\/www.instagram.com\/comaugroup\/","https:\/\/www.linkedin.com\/company\/comau","https:\/\/www.youtube.com\/user\/comau"]}]}},"_links":{"self":[{"href":"https:\/\/www.comau.com\/it\/wp-json\/wp\/v2\/pages\/5036","targetHints":{"allow":["GET"]}}],"collection":[{"href":"https:\/\/www.comau.com\/it\/wp-json\/wp\/v2\/pages"}],"about":[{"href":"https:\/\/www.comau.com\/it\/wp-json\/wp\/v2\/types\/page"}],"author":[{"embeddable":true,"href":"https:\/\/www.comau.com\/it\/wp-json\/wp\/v2\/users\/11"}],"replies":[{"embeddable":true,"href":"https:\/\/www.comau.com\/it\/wp-json\/wp\/v2\/comments?post=5036"}],"version-history":[{"count":24,"href":"https:\/\/www.comau.com\/it\/wp-json\/wp\/v2\/pages\/5036\/revisions"}],"predecessor-version":[{"id":40148,"href":"https:\/\/www.comau.com\/it\/wp-json\/wp\/v2\/pages\/5036\/revisions\/40148"}],"up":[{"embeddable":true,"href":"https:\/\/www.comau.com\/it\/wp-json\/wp\/v2\/pages\/4812"}],"wp:featuredmedia":[{"embeddable":true,"href":"https:\/\/www.comau.com\/it\/wp-json\/wp\/v2\/media\/5076"}],"wp:attachment":[{"href":"https:\/\/www.comau.com\/it\/wp-json\/wp\/v2\/media?parent=5036"}],"curies":[{"name":"wp","href":"https:\/\/api.w.org\/{rel}","templated":true}]}}