{"id":4966,"date":"2021-06-07T18:32:55","date_gmt":"2021-06-07T16:32:55","guid":{"rendered":"https:\/\/www.comau.com\/?page_id=4966"},"modified":"2023-11-16T17:33:39","modified_gmt":"2023-11-16T16:33:39","slug":"spot-welding-machine","status":"publish","type":"page","link":"https:\/\/www.comau.com\/it\/competencies\/systems\/products\/spot-welding-machine\/","title":{"rendered":"Spot Welding Machine Comau: la saldatura del futuro"},"content":{"rendered":"\n<p>Il mondo della saldatura incontra l&#8217;innovazione con <strong>Comau<\/strong> e le sue pistole di saldatura industriali. La nostra <strong>Spot Welding Machine<\/strong> rappresenta infatti una soluzione leggera, compatta e altamente efficiente per le celle e le stazioni di saldatura, una risposta efficiente alle sfide del mercato globale che permette di ridefinire il concetto di saldatura industriale.<\/p>\n\n\n\n<h2 class=\"wp-block-heading\"><strong>Pinze industriali: la rivoluzione della saldatura<\/strong><\/h2>\n\n\n\n<p>Le <strong>macchine Spot Welding di Comau<\/strong> rappresentano una nuova era della saldatura. La combinazione unica tra il robot e la welding gun crea infatti una sinergia che apre nuove possibilit\u00e0 nell&#8217;ambito della produzione industriale. Con le nuove soluzioni a disposizione, ora \u00e8 possibile creare celle e stazioni di saldatura ad alta densit\u00e0, aumentando il numero di robot in azione contemporaneamente.<\/p>\n\n\n\n<h2 class=\"wp-block-heading\"><strong>Risultati tangibili con le macchine spot welding industriali<\/strong><\/h2>\n\n\n\n<p>L&#8217;adozione di una <strong>Spot Welding Machine Comau<\/strong> porta a risultati concreti:<\/p>\n\n\n\n<ul class=\"wp-block-list\">\n<li><strong>Maggiore efficienza<\/strong>: grazie alla loro progettazione avanzata, le pistole di saldatura industriali offrono cicli di lavoro pi\u00f9 rapidi e una maggiore efficienza complessiva nella produzione.<\/li>\n<\/ul>\n\n\n\n<ul class=\"wp-block-list\">\n<li><strong>Costi operativi ridotti<\/strong>: riducendo i tempi di ciclo e migliorando la precisione, la macchina spot welding automatica contribuisce a ridurre i costi operativi.<\/li>\n<\/ul>\n\n\n\n<ul class=\"wp-block-list\">\n<li><strong>Tempi di ciclo inferiori<\/strong>: la Spot Welding Machine si distingue per la sua velocit\u00e0 nella produzione di saldature di alta qualit\u00e0.<\/li>\n<\/ul>\n\n\n\n<p><\/p>\n\n\n\n<h2 class=\"wp-block-heading\"><strong>Modularit\u00e0 ottimale e standardizzazione globale<\/strong><\/h2>\n\n\n\n<ul class=\"wp-block-list\"><\/ul>\n\n\n\n<p>Le <strong>pinze di saldatura industriali <\/strong>possono essere installate a pavimento o sul soffitto e la cella di saldatura pu\u00f2 essere trasportata e installata come un&#8217;unit\u00e0 completa in qualsiasi parte del mondo, raggiungendo una modularit\u00e0 ottimale e una standardizzazione dei processi operativi su scala globale.<\/p>\n\n\n\n<p>Il sistema integrato \u00e8 composto da una <strong>welding gun con flangia connessa direttamente al robot<\/strong>, eliminando la necessit\u00e0 di un kit adattatore. La welding gun \u00e8 dotata di un trasformatore per pistole di saldatura, che permette di ridurre l&#8217;ingombro del robot e spostare il centro di gravit\u00e0 pi\u00f9 vicino al polso.<\/p>\n\n\n\n<h2 class=\"wp-block-heading\">Caratteristiche tecniche<\/h2>\n\n\n\n<h3 class=\"wp-block-heading\">Welding Gun<\/h3>\n\n\n\n<ul class=\"wp-block-list\">\n<li>Trasformatore: 106 KVA<\/li>\n\n\n\n<li>Servo motore:<br>&#8211; Max 450 daNm per la pistola saldatrice X<br>&#8211; Max 700 daN per la pistola C<\/li>\n\n\n\n<li>Supporto: Fortal HR 70705 &#8211; T651<\/li>\n\n\n\n<li>Nuovo standard che pu\u00f2 essere installato e utilizzato con tutti i robot, anche come retrofit<\/li>\n<\/ul>\n\n\n\n<p>Migliorie apportate alla Comau Spot Welding Machine hanno condotto allo sviluppo di un robot estremamente leggero e compatto che ha mantenuto la stessa gamma di braccio funzionale del robot a polso cavo standard.<\/p>\n\n\n\n<h3 class=\"wp-block-heading\">Robot<\/h3>\n\n\n\n<ul class=\"wp-block-list\">\n<li>Payload: 90 Kg<\/li>\n\n\n\n<li>Sbraccio massimo: 2.2 m<\/li>\n\n\n\n<li>Peso: 600-650 kg<\/li>\n\n\n\n<li>Comau polso cavo \u2013 welding gun integrata<\/li>\n<\/ul>\n\n\n\n<p>Specializzata nella <strong>produzione di pinze per saldatura<\/strong>, Comau porta la tua impresa nel futuro della saldatura industriale, offrendoti una soluzione avanzata e altamente efficiente per le tue esigenze di produzione. Scegli la nostra tecnologia all&#8217;avanguardia per raggiungere nuovi livelli di efficienza nella tua produzione!<\/p>\n\n\n\n<h2 class=\"wp-block-heading\">Caratteristiche tecniche e operative<\/h2>\n\n\n\n<figure class=\"wp-block-table is-style-stripes\"><table><thead><tr><th><\/th><th>COMAU NJ4 90 2.2<\/th><th>COMAU NJ4 175 2.2<\/th><\/tr><\/thead><tbody><tr><td>Velocit\u00e0 Ax1 [deg\/s]<\/td><td>170<\/td><td>110<\/td><\/tr><tr><td>Velocit\u00e0 Ax2 [deg\/s]<\/td><td>125<\/td><td>110<\/td><\/tr><tr><td>Velocit\u00e0 Ax3 [deg\/s]<\/td><td>160<\/td><td>110<\/td><\/tr><tr><td>Velocit\u00e0 Ax4 [deg\/s]<\/td><td>200<\/td><td>180<\/td><\/tr><tr><td>Velocit\u00e0 Ax5 [deg\/s]<\/td><td>260<\/td><td>140<\/td><\/tr><tr><td>Velocit\u00e0 Ax6 [deg\/s]<\/td><td>255<\/td><td>190<\/td><\/tr><tr><td>Sbraccio [mm]<\/td><td>2220<\/td><td>2206<\/td><\/tr><tr><td>Peso del robot [kg]<\/td><td>630<\/td><td>1080<\/td><\/tr><\/tbody><\/table><\/figure>\n\n\n\n<figure class=\"wp-block-embed is-type-video is-provider-youtube wp-block-embed-youtube wp-embed-aspect-16-9 wp-has-aspect-ratio\"><div class=\"wp-block-embed__wrapper\">\n<iframe title=\"Comau Spot Welding Machine\" width=\"640\" height=\"360\" src=\"https:\/\/www.youtube.com\/embed\/GFYDuBdj93Y?feature=oembed\" frameborder=\"0\" allow=\"accelerometer; autoplay; clipboard-write; encrypted-media; gyroscope; picture-in-picture; web-share\" referrerpolicy=\"strict-origin-when-cross-origin\" allowfullscreen><\/iframe>\n<\/div><\/figure>\n","protected":false},"excerpt":{"rendered":"<p>Il mondo della saldatura incontra l&#8217;innovazione con Comau e le sue pistole di saldatura industriali. La nostra Spot Welding Machine rappresenta infatti una soluzione leggera, compatta e altamente efficiente per le celle e le stazioni di saldatura, una risposta efficiente alle sfide del mercato globale che permette di ridefinire il concetto di saldatura industriale. Pinze [&hellip;]<\/p>\n","protected":false},"author":11,"featured_media":78009,"parent":4778,"menu_order":0,"comment_status":"closed","ping_status":"closed","template":"","meta":{"_acf_changed":false,"ep_exclude_from_search":false,"footnotes":""},"class_list":["post-4966","page","type-page","status-publish","has-post-thumbnail","hentry"],"acf":[],"yoast_head":"<!-- This site is optimized with the Yoast SEO plugin v26.9 - https:\/\/yoast.com\/product\/yoast-seo-wordpress\/ -->\n<title>Spot Welding Machine Comau: la saldatura del futuro<\/title>\n<meta name=\"description\" content=\"Consulta la sezione di Comau dedicata alle spot welding machine: pistole di saldatura industriali flessibili.\" \/>\n<meta name=\"robots\" content=\"index, follow, max-snippet:-1, max-image-preview:large, max-video-preview:-1\" \/>\n<link rel=\"canonical\" href=\"https:\/\/www.comau.com\/it\/competencies\/systems\/products\/spot-welding-machine\/\" \/>\n<meta property=\"og:locale\" content=\"it_IT\" \/>\n<meta property=\"og:type\" content=\"article\" \/>\n<meta property=\"og:title\" content=\"Spot Welding Machine Comau: la saldatura del futuro\" \/>\n<meta property=\"og:description\" content=\"Consulta la sezione di Comau dedicata alle spot welding machine: pistole di saldatura industriali flessibili.\" \/>\n<meta property=\"og:url\" content=\"https:\/\/www.comau.com\/it\/competencies\/systems\/products\/spot-welding-machine\/\" \/>\n<meta property=\"og:site_name\" content=\"Comau\" \/>\n<meta property=\"article:publisher\" content=\"https:\/\/www.facebook.com\/COMAU\/\" \/>\n<meta property=\"article:modified_time\" content=\"2023-11-16T16:33:39+00:00\" \/>\n<meta property=\"og:image\" content=\"https:\/\/www.comau.com\/wp-content\/uploads\/2021\/06\/spot-welding_header.jpg\" \/>\n\t<meta property=\"og:image:width\" content=\"1280\" \/>\n\t<meta property=\"og:image:height\" content=\"485\" \/>\n\t<meta property=\"og:image:type\" content=\"image\/jpeg\" \/>\n<meta name=\"twitter:card\" content=\"summary_large_image\" \/>\n<meta name=\"twitter:site\" content=\"@comaugroup\" \/>\n<meta name=\"twitter:label1\" content=\"Tempo di lettura stimato\" \/>\n\t<meta name=\"twitter:data1\" content=\"3 minuti\" \/>\n<script type=\"application\/ld+json\" class=\"yoast-schema-graph\">{\"@context\":\"https:\/\/schema.org\",\"@graph\":[{\"@type\":\"WebPage\",\"@id\":\"https:\/\/www.comau.com\/it\/competencies\/systems\/products\/spot-welding-machine\/\",\"url\":\"https:\/\/www.comau.com\/it\/competencies\/systems\/products\/spot-welding-machine\/\",\"name\":\"Spot Welding Machine Comau: la saldatura del futuro\",\"isPartOf\":{\"@id\":\"https:\/\/www.comau.com\/it\/#website\"},\"primaryImageOfPage\":{\"@id\":\"https:\/\/www.comau.com\/it\/competencies\/systems\/products\/spot-welding-machine\/#primaryimage\"},\"image\":{\"@id\":\"https:\/\/www.comau.com\/it\/competencies\/systems\/products\/spot-welding-machine\/#primaryimage\"},\"thumbnailUrl\":\"https:\/\/www.comau.com\/wp-content\/uploads\/2025\/06\/Featured-Header-Image-1920x606-Spot-Welding-Machine.jpg\",\"datePublished\":\"2021-06-07T16:32:55+00:00\",\"dateModified\":\"2023-11-16T16:33:39+00:00\",\"description\":\"Consulta la sezione di Comau dedicata alle spot welding machine: pistole di saldatura industriali flessibili.\",\"breadcrumb\":{\"@id\":\"https:\/\/www.comau.com\/it\/competencies\/systems\/products\/spot-welding-machine\/#breadcrumb\"},\"inLanguage\":\"it-IT\",\"potentialAction\":[{\"@type\":\"ReadAction\",\"target\":[\"https:\/\/www.comau.com\/it\/competencies\/systems\/products\/spot-welding-machine\/\"]}]},{\"@type\":\"ImageObject\",\"inLanguage\":\"it-IT\",\"@id\":\"https:\/\/www.comau.com\/it\/competencies\/systems\/products\/spot-welding-machine\/#primaryimage\",\"url\":\"https:\/\/www.comau.com\/wp-content\/uploads\/2025\/06\/Featured-Header-Image-1920x606-Spot-Welding-Machine.jpg\",\"contentUrl\":\"https:\/\/www.comau.com\/wp-content\/uploads\/2025\/06\/Featured-Header-Image-1920x606-Spot-Welding-Machine.jpg\",\"width\":1920,\"height\":606},{\"@type\":\"BreadcrumbList\",\"@id\":\"https:\/\/www.comau.com\/it\/competencies\/systems\/products\/spot-welding-machine\/#breadcrumb\",\"itemListElement\":[{\"@type\":\"ListItem\",\"position\":1,\"name\":\"Home\",\"item\":\"https:\/\/www.comau.com\/it\/\"},{\"@type\":\"ListItem\",\"position\":2,\"name\":\"Le Nostre Competenze\",\"item\":\"https:\/\/www.comau.com\/it\/competencies\/\"},{\"@type\":\"ListItem\",\"position\":3,\"name\":\"Body Assembly\",\"item\":\"https:\/\/www.comau.com\/it\/competencies\/body-assembly\/\"},{\"@type\":\"ListItem\",\"position\":4,\"name\":\"Prodotti\",\"item\":\"https:\/\/www.comau.com\/it\/competencies\/body-assembly\/products\/\"},{\"@type\":\"ListItem\",\"position\":5,\"name\":\"Spot Welding Machine Comau: la saldatura del futuro\"}]},{\"@type\":\"WebSite\",\"@id\":\"https:\/\/www.comau.com\/it\/#website\",\"url\":\"https:\/\/www.comau.com\/it\/\",\"name\":\"Comau\",\"description\":\"Industrial automation and robotics\",\"publisher\":{\"@id\":\"https:\/\/www.comau.com\/it\/#organization\"},\"potentialAction\":[{\"@type\":\"SearchAction\",\"target\":{\"@type\":\"EntryPoint\",\"urlTemplate\":\"https:\/\/www.comau.com\/it\/?s={search_term_string}\"},\"query-input\":{\"@type\":\"PropertyValueSpecification\",\"valueRequired\":true,\"valueName\":\"search_term_string\"}}],\"inLanguage\":\"it-IT\"},{\"@type\":\"Organization\",\"@id\":\"https:\/\/www.comau.com\/it\/#organization\",\"name\":\"Comau\",\"url\":\"https:\/\/www.comau.com\/it\/\",\"logo\":{\"@type\":\"ImageObject\",\"inLanguage\":\"it-IT\",\"@id\":\"https:\/\/www.comau.com\/it\/#\/schema\/logo\/image\/\",\"url\":\"https:\/\/www.comau.com\/wp-content\/uploads\/2024\/07\/cropped-Logo-COMAU.png\",\"contentUrl\":\"https:\/\/www.comau.com\/wp-content\/uploads\/2024\/07\/cropped-Logo-COMAU.png\",\"width\":434,\"height\":434,\"caption\":\"Comau\"},\"image\":{\"@id\":\"https:\/\/www.comau.com\/it\/#\/schema\/logo\/image\/\"},\"sameAs\":[\"https:\/\/www.facebook.com\/COMAU\/\",\"https:\/\/x.com\/comaugroup\",\"https:\/\/www.instagram.com\/comaugroup\/\",\"https:\/\/www.linkedin.com\/company\/comau\",\"https:\/\/www.youtube.com\/user\/comau\"]}]}<\/script>\n<!-- \/ Yoast SEO plugin. -->","yoast_head_json":{"title":"Spot Welding Machine Comau: la saldatura del futuro","description":"Consulta la sezione di Comau dedicata alle spot welding machine: pistole di saldatura industriali flessibili.","robots":{"index":"index","follow":"follow","max-snippet":"max-snippet:-1","max-image-preview":"max-image-preview:large","max-video-preview":"max-video-preview:-1"},"canonical":"https:\/\/www.comau.com\/it\/competencies\/systems\/products\/spot-welding-machine\/","og_locale":"it_IT","og_type":"article","og_title":"Spot Welding Machine Comau: la saldatura del futuro","og_description":"Consulta la sezione di Comau dedicata alle spot welding machine: pistole di saldatura industriali flessibili.","og_url":"https:\/\/www.comau.com\/it\/competencies\/systems\/products\/spot-welding-machine\/","og_site_name":"Comau","article_publisher":"https:\/\/www.facebook.com\/COMAU\/","article_modified_time":"2023-11-16T16:33:39+00:00","og_image":[{"width":1280,"height":485,"url":"https:\/\/www.comau.com\/wp-content\/uploads\/2021\/06\/spot-welding_header.jpg","type":"image\/jpeg"}],"twitter_card":"summary_large_image","twitter_site":"@comaugroup","twitter_misc":{"Tempo di lettura stimato":"3 minuti"},"schema":{"@context":"https:\/\/schema.org","@graph":[{"@type":"WebPage","@id":"https:\/\/www.comau.com\/it\/competencies\/systems\/products\/spot-welding-machine\/","url":"https:\/\/www.comau.com\/it\/competencies\/systems\/products\/spot-welding-machine\/","name":"Spot Welding Machine Comau: la saldatura del futuro","isPartOf":{"@id":"https:\/\/www.comau.com\/it\/#website"},"primaryImageOfPage":{"@id":"https:\/\/www.comau.com\/it\/competencies\/systems\/products\/spot-welding-machine\/#primaryimage"},"image":{"@id":"https:\/\/www.comau.com\/it\/competencies\/systems\/products\/spot-welding-machine\/#primaryimage"},"thumbnailUrl":"https:\/\/www.comau.com\/wp-content\/uploads\/2025\/06\/Featured-Header-Image-1920x606-Spot-Welding-Machine.jpg","datePublished":"2021-06-07T16:32:55+00:00","dateModified":"2023-11-16T16:33:39+00:00","description":"Consulta la sezione di Comau dedicata alle spot welding machine: pistole di saldatura industriali flessibili.","breadcrumb":{"@id":"https:\/\/www.comau.com\/it\/competencies\/systems\/products\/spot-welding-machine\/#breadcrumb"},"inLanguage":"it-IT","potentialAction":[{"@type":"ReadAction","target":["https:\/\/www.comau.com\/it\/competencies\/systems\/products\/spot-welding-machine\/"]}]},{"@type":"ImageObject","inLanguage":"it-IT","@id":"https:\/\/www.comau.com\/it\/competencies\/systems\/products\/spot-welding-machine\/#primaryimage","url":"https:\/\/www.comau.com\/wp-content\/uploads\/2025\/06\/Featured-Header-Image-1920x606-Spot-Welding-Machine.jpg","contentUrl":"https:\/\/www.comau.com\/wp-content\/uploads\/2025\/06\/Featured-Header-Image-1920x606-Spot-Welding-Machine.jpg","width":1920,"height":606},{"@type":"BreadcrumbList","@id":"https:\/\/www.comau.com\/it\/competencies\/systems\/products\/spot-welding-machine\/#breadcrumb","itemListElement":[{"@type":"ListItem","position":1,"name":"Home","item":"https:\/\/www.comau.com\/it\/"},{"@type":"ListItem","position":2,"name":"Le Nostre Competenze","item":"https:\/\/www.comau.com\/it\/competencies\/"},{"@type":"ListItem","position":3,"name":"Body Assembly","item":"https:\/\/www.comau.com\/it\/competencies\/body-assembly\/"},{"@type":"ListItem","position":4,"name":"Prodotti","item":"https:\/\/www.comau.com\/it\/competencies\/body-assembly\/products\/"},{"@type":"ListItem","position":5,"name":"Spot Welding Machine Comau: la saldatura del futuro"}]},{"@type":"WebSite","@id":"https:\/\/www.comau.com\/it\/#website","url":"https:\/\/www.comau.com\/it\/","name":"Comau","description":"Industrial automation and robotics","publisher":{"@id":"https:\/\/www.comau.com\/it\/#organization"},"potentialAction":[{"@type":"SearchAction","target":{"@type":"EntryPoint","urlTemplate":"https:\/\/www.comau.com\/it\/?s={search_term_string}"},"query-input":{"@type":"PropertyValueSpecification","valueRequired":true,"valueName":"search_term_string"}}],"inLanguage":"it-IT"},{"@type":"Organization","@id":"https:\/\/www.comau.com\/it\/#organization","name":"Comau","url":"https:\/\/www.comau.com\/it\/","logo":{"@type":"ImageObject","inLanguage":"it-IT","@id":"https:\/\/www.comau.com\/it\/#\/schema\/logo\/image\/","url":"https:\/\/www.comau.com\/wp-content\/uploads\/2024\/07\/cropped-Logo-COMAU.png","contentUrl":"https:\/\/www.comau.com\/wp-content\/uploads\/2024\/07\/cropped-Logo-COMAU.png","width":434,"height":434,"caption":"Comau"},"image":{"@id":"https:\/\/www.comau.com\/it\/#\/schema\/logo\/image\/"},"sameAs":["https:\/\/www.facebook.com\/COMAU\/","https:\/\/x.com\/comaugroup","https:\/\/www.instagram.com\/comaugroup\/","https:\/\/www.linkedin.com\/company\/comau","https:\/\/www.youtube.com\/user\/comau"]}]}},"_links":{"self":[{"href":"https:\/\/www.comau.com\/it\/wp-json\/wp\/v2\/pages\/4966","targetHints":{"allow":["GET"]}}],"collection":[{"href":"https:\/\/www.comau.com\/it\/wp-json\/wp\/v2\/pages"}],"about":[{"href":"https:\/\/www.comau.com\/it\/wp-json\/wp\/v2\/types\/page"}],"author":[{"embeddable":true,"href":"https:\/\/www.comau.com\/it\/wp-json\/wp\/v2\/users\/11"}],"replies":[{"embeddable":true,"href":"https:\/\/www.comau.com\/it\/wp-json\/wp\/v2\/comments?post=4966"}],"version-history":[{"count":39,"href":"https:\/\/www.comau.com\/it\/wp-json\/wp\/v2\/pages\/4966\/revisions"}],"predecessor-version":[{"id":58196,"href":"https:\/\/www.comau.com\/it\/wp-json\/wp\/v2\/pages\/4966\/revisions\/58196"}],"up":[{"embeddable":true,"href":"https:\/\/www.comau.com\/it\/wp-json\/wp\/v2\/pages\/4778"}],"wp:featuredmedia":[{"embeddable":true,"href":"https:\/\/www.comau.com\/it\/wp-json\/wp\/v2\/media\/78009"}],"wp:attachment":[{"href":"https:\/\/www.comau.com\/it\/wp-json\/wp\/v2\/media?parent=4966"}],"curies":[{"name":"wp","href":"https:\/\/api.w.org\/{rel}","templated":true}]}}