{"id":4933,"date":"2021-06-07T18:21:47","date_gmt":"2021-06-07T16:21:47","guid":{"rendered":"https:\/\/www.comau.com\/?page_id=4933"},"modified":"2022-03-28T17:00:33","modified_gmt":"2022-03-28T15:00:33","slug":"rhevo","status":"publish","type":"page","link":"https:\/\/www.comau.com\/it\/competencies\/systems\/products\/rhevo\/","title":{"rendered":"RHEvo"},"content":{"rendered":"\n<p>Immagina una soluzione compatta, modulare e naturalmente flessibile che pu\u00f2 effettuare l\u2019orlatura di elementi complessi in varie linee di produzione e che pu\u00f2 operare in modalit\u00e0 push&amp;pull.<\/p>\n\n\n\n<p>Immagina pi\u00f9 flessibilit\u00e0 grazie a una qualit\u00e0 di orlatura pi\u00f9 elevata e a una maggiore affidabilit\u00e0. \u2028Immagina di avere il pieno controllo sull\u2019intero processo.<\/p>\n\n\n\n<p>Immagina di poter sostenere la produzione di auto di lusso a bassi volumi con la stessa semplicit\u00e0 con la quale \u00e8 possibile farlo in linee di produzione dinamiche ad alti volumi.<\/p>\n\n\n\n<p>\u2028\u2028Immagina RHEvo.<\/p>\n\n\n\n<div class=\"wp-block-getwid-toggle download-dropdown has-icon-left\">\n<div class=\"wp-block-getwid-toggle__row\"><div class=\"wp-block-getwid-toggle__header-wrapper\"><span class=\"wp-block-getwid-toggle__header\"><a href=\"#\"><span class=\"wp-block-getwid-toggle__header-title\">Download the brochure<\/span><span class=\"wp-block-getwid-toggle__icon is-active\"><i class=\"fas fa-plus\"><\/i><\/span><span class=\"wp-block-getwid-toggle__icon is-passive\"><i class=\"fas fa-minus\"><\/i><\/span><\/a><\/span><\/div><div class=\"wp-block-getwid-toggle__content-wrapper\"><div class=\"wp-block-getwid-toggle__content\">\n<div class=\"wp-block-getwid-button-group\"><div class=\"wp-block-getwid-button-group__wrapper\">\n<div class=\"wp-block-button\"><a class=\"wp-block-button__link\" href=\"https:\/\/www.comau.com\/wp-content\/uploads\/2021\/06\/RHevo.pdf\" target=\"_blank\" rel=\"noreferrer noopener\">RHEvo<\/a><\/div>\n<\/div><\/div>\n<\/div><\/div><\/div>\n<\/div>\n\n\n\n<h2 class=\"wp-block-heading\">Soluzioni<\/h2>\n\n\n\n<p>RHEvo \u00e8 un\u2019innovativa soluzione di roller hemming che garantisce una costante qualit\u00e0 di orlatura e, insieme, un alto livello di affidabilit\u00e0, il completo controllo sul processo e l\u2019intercambiabilit\u00e0 ottimizzata dei roller pack.  Pu\u00f2 inoltre essere impiegato come tool singolo e adattato a qualsiasi brand di robot, consentendo ai produttori di gestire l\u2019intera gamma di applicazioni di orlatura senza modificare gli equipaggiamenti dei robot. \u2028Inoltre, il sistema modulare permette una migliore gestione e uno ricambio pi\u00f9 rapido dei componenti, che si traduce in tempi di inattivit\u00e0 ridotti e in una maggiore efficienza.<\/p>\n\n\n\n<h2 class=\"wp-block-heading\">Vantaggi<\/h2>\n\n\n\n<ul class=\"wp-block-list\"><li>Robot senza copertura per garantire la massima accessibilit\u00e0 alle sue parti<\/li><li>Totale controllo della forza assicurato dalla struttura puramente meccanica<\/li><li>Pressione effettiva nel ciclo di vita<\/li><li>La struttura push&amp;pull offre un\u2019estrema flessibilit\u00e0 e una facile gestione delle parti di ricambio<\/li><li>Sistema wireless per monitorare la qualit\u00e0 dell\u2019Hemming Tracker<\/li><\/ul>\n\n\n\n<figure class=\"wp-block-embed is-type-video is-provider-youtube wp-block-embed-youtube wp-embed-aspect-16-9 wp-has-aspect-ratio\"><div class=\"wp-block-embed__wrapper\">\n<iframe title=\"Robot Roller Hemming: Comau RHEvo\" width=\"640\" height=\"360\" src=\"https:\/\/www.youtube.com\/embed\/o3v_I82o3FU?feature=oembed\" frameborder=\"0\" allow=\"accelerometer; autoplay; clipboard-write; encrypted-media; gyroscope; picture-in-picture; web-share\" referrerpolicy=\"strict-origin-when-cross-origin\" allowfullscreen><\/iframe>\n<\/div><\/figure>\n","protected":false},"excerpt":{"rendered":"<p>Immagina una soluzione compatta, modulare e naturalmente flessibile che pu\u00f2 effettuare l\u2019orlatura di elementi complessi in varie linee di produzione e che pu\u00f2 operare in modalit\u00e0 push&amp;pull. Immagina pi\u00f9 flessibilit\u00e0 grazie a una qualit\u00e0 di orlatura pi\u00f9 elevata e a una maggiore affidabilit\u00e0. \u2028Immagina di avere il pieno controllo sull\u2019intero processo. Immagina di poter sostenere [&hellip;]<\/p>\n","protected":false},"author":11,"featured_media":4947,"parent":4778,"menu_order":0,"comment_status":"closed","ping_status":"closed","template":"","meta":{"_acf_changed":false,"ep_exclude_from_search":false,"footnotes":""},"class_list":["post-4933","page","type-page","status-publish","has-post-thumbnail","hentry"],"acf":[],"yoast_head":"<!-- This site is optimized with the Yoast SEO plugin v26.9 - https:\/\/yoast.com\/product\/yoast-seo-wordpress\/ -->\n<title>Rhevo: Soluzione di Roller Hemming | Comau<\/title>\n<meta name=\"description\" content=\"RHEvo: un\u2019innovativa soluzione di roller hemming che garantisce una costante qualit\u00e0 di orlatura in tutto il processo.\" \/>\n<meta name=\"robots\" content=\"index, follow, max-snippet:-1, max-image-preview:large, max-video-preview:-1\" \/>\n<link rel=\"canonical\" href=\"https:\/\/www.comau.com\/it\/competencies\/systems\/products\/rhevo\/\" \/>\n<meta property=\"og:locale\" content=\"it_IT\" \/>\n<meta property=\"og:type\" content=\"article\" \/>\n<meta property=\"og:title\" content=\"Rhevo: Soluzione di Roller Hemming | Comau\" \/>\n<meta property=\"og:description\" content=\"RHEvo: un\u2019innovativa soluzione di roller hemming che garantisce una costante qualit\u00e0 di orlatura in tutto il processo.\" \/>\n<meta property=\"og:url\" content=\"https:\/\/www.comau.com\/it\/competencies\/systems\/products\/rhevo\/\" \/>\n<meta property=\"og:site_name\" content=\"Comau\" \/>\n<meta property=\"article:publisher\" content=\"https:\/\/www.facebook.com\/COMAU\/\" \/>\n<meta property=\"article:modified_time\" content=\"2022-03-28T15:00:33+00:00\" \/>\n<meta property=\"og:image\" content=\"https:\/\/www.comau.com\/wp-content\/uploads\/2021\/06\/rhevo_header.jpg\" \/>\n\t<meta property=\"og:image:width\" content=\"1280\" \/>\n\t<meta property=\"og:image:height\" content=\"485\" \/>\n\t<meta property=\"og:image:type\" content=\"image\/jpeg\" \/>\n<meta name=\"twitter:card\" content=\"summary_large_image\" \/>\n<meta name=\"twitter:site\" content=\"@comaugroup\" \/>\n<meta name=\"twitter:label1\" content=\"Tempo di lettura stimato\" \/>\n\t<meta name=\"twitter:data1\" content=\"2 minuti\" \/>\n<script type=\"application\/ld+json\" class=\"yoast-schema-graph\">{\"@context\":\"https:\/\/schema.org\",\"@graph\":[{\"@type\":\"WebPage\",\"@id\":\"https:\/\/www.comau.com\/it\/competencies\/systems\/products\/rhevo\/\",\"url\":\"https:\/\/www.comau.com\/it\/competencies\/systems\/products\/rhevo\/\",\"name\":\"Rhevo: Soluzione di Roller Hemming | Comau\",\"isPartOf\":{\"@id\":\"https:\/\/www.comau.com\/it\/#website\"},\"primaryImageOfPage\":{\"@id\":\"https:\/\/www.comau.com\/it\/competencies\/systems\/products\/rhevo\/#primaryimage\"},\"image\":{\"@id\":\"https:\/\/www.comau.com\/it\/competencies\/systems\/products\/rhevo\/#primaryimage\"},\"thumbnailUrl\":\"https:\/\/www.comau.com\/wp-content\/uploads\/2021\/06\/rhevo_header.jpg\",\"datePublished\":\"2021-06-07T16:21:47+00:00\",\"dateModified\":\"2022-03-28T15:00:33+00:00\",\"description\":\"RHEvo: un\u2019innovativa soluzione di roller hemming che garantisce una costante qualit\u00e0 di orlatura in tutto il processo.\",\"breadcrumb\":{\"@id\":\"https:\/\/www.comau.com\/it\/competencies\/systems\/products\/rhevo\/#breadcrumb\"},\"inLanguage\":\"it-IT\",\"potentialAction\":[{\"@type\":\"ReadAction\",\"target\":[\"https:\/\/www.comau.com\/it\/competencies\/systems\/products\/rhevo\/\"]}]},{\"@type\":\"ImageObject\",\"inLanguage\":\"it-IT\",\"@id\":\"https:\/\/www.comau.com\/it\/competencies\/systems\/products\/rhevo\/#primaryimage\",\"url\":\"https:\/\/www.comau.com\/wp-content\/uploads\/2021\/06\/rhevo_header.jpg\",\"contentUrl\":\"https:\/\/www.comau.com\/wp-content\/uploads\/2021\/06\/rhevo_header.jpg\",\"width\":1280,\"height\":485},{\"@type\":\"BreadcrumbList\",\"@id\":\"https:\/\/www.comau.com\/it\/competencies\/systems\/products\/rhevo\/#breadcrumb\",\"itemListElement\":[{\"@type\":\"ListItem\",\"position\":1,\"name\":\"Home\",\"item\":\"https:\/\/www.comau.com\/it\/\"},{\"@type\":\"ListItem\",\"position\":2,\"name\":\"Le Nostre Competenze\",\"item\":\"https:\/\/www.comau.com\/it\/competencies\/\"},{\"@type\":\"ListItem\",\"position\":3,\"name\":\"Body Assembly\",\"item\":\"https:\/\/www.comau.com\/it\/competencies\/body-assembly\/\"},{\"@type\":\"ListItem\",\"position\":4,\"name\":\"Prodotti\",\"item\":\"https:\/\/www.comau.com\/it\/competencies\/body-assembly\/products\/\"},{\"@type\":\"ListItem\",\"position\":5,\"name\":\"RHEvo\"}]},{\"@type\":\"WebSite\",\"@id\":\"https:\/\/www.comau.com\/it\/#website\",\"url\":\"https:\/\/www.comau.com\/it\/\",\"name\":\"Comau\",\"description\":\"Industrial automation and robotics\",\"publisher\":{\"@id\":\"https:\/\/www.comau.com\/it\/#organization\"},\"potentialAction\":[{\"@type\":\"SearchAction\",\"target\":{\"@type\":\"EntryPoint\",\"urlTemplate\":\"https:\/\/www.comau.com\/it\/?s={search_term_string}\"},\"query-input\":{\"@type\":\"PropertyValueSpecification\",\"valueRequired\":true,\"valueName\":\"search_term_string\"}}],\"inLanguage\":\"it-IT\"},{\"@type\":\"Organization\",\"@id\":\"https:\/\/www.comau.com\/it\/#organization\",\"name\":\"Comau\",\"url\":\"https:\/\/www.comau.com\/it\/\",\"logo\":{\"@type\":\"ImageObject\",\"inLanguage\":\"it-IT\",\"@id\":\"https:\/\/www.comau.com\/it\/#\/schema\/logo\/image\/\",\"url\":\"https:\/\/www.comau.com\/wp-content\/uploads\/2024\/07\/cropped-Logo-COMAU.png\",\"contentUrl\":\"https:\/\/www.comau.com\/wp-content\/uploads\/2024\/07\/cropped-Logo-COMAU.png\",\"width\":434,\"height\":434,\"caption\":\"Comau\"},\"image\":{\"@id\":\"https:\/\/www.comau.com\/it\/#\/schema\/logo\/image\/\"},\"sameAs\":[\"https:\/\/www.facebook.com\/COMAU\/\",\"https:\/\/x.com\/comaugroup\",\"https:\/\/www.instagram.com\/comaugroup\/\",\"https:\/\/www.linkedin.com\/company\/comau\",\"https:\/\/www.youtube.com\/user\/comau\"]}]}<\/script>\n<!-- \/ Yoast SEO plugin. -->","yoast_head_json":{"title":"Rhevo: Soluzione di Roller Hemming | Comau","description":"RHEvo: un\u2019innovativa soluzione di roller hemming che garantisce una costante qualit\u00e0 di orlatura in tutto il processo.","robots":{"index":"index","follow":"follow","max-snippet":"max-snippet:-1","max-image-preview":"max-image-preview:large","max-video-preview":"max-video-preview:-1"},"canonical":"https:\/\/www.comau.com\/it\/competencies\/systems\/products\/rhevo\/","og_locale":"it_IT","og_type":"article","og_title":"Rhevo: Soluzione di Roller Hemming | Comau","og_description":"RHEvo: un\u2019innovativa soluzione di roller hemming che garantisce una costante qualit\u00e0 di orlatura in tutto il processo.","og_url":"https:\/\/www.comau.com\/it\/competencies\/systems\/products\/rhevo\/","og_site_name":"Comau","article_publisher":"https:\/\/www.facebook.com\/COMAU\/","article_modified_time":"2022-03-28T15:00:33+00:00","og_image":[{"width":1280,"height":485,"url":"https:\/\/www.comau.com\/wp-content\/uploads\/2021\/06\/rhevo_header.jpg","type":"image\/jpeg"}],"twitter_card":"summary_large_image","twitter_site":"@comaugroup","twitter_misc":{"Tempo di lettura stimato":"2 minuti"},"schema":{"@context":"https:\/\/schema.org","@graph":[{"@type":"WebPage","@id":"https:\/\/www.comau.com\/it\/competencies\/systems\/products\/rhevo\/","url":"https:\/\/www.comau.com\/it\/competencies\/systems\/products\/rhevo\/","name":"Rhevo: Soluzione di Roller Hemming | Comau","isPartOf":{"@id":"https:\/\/www.comau.com\/it\/#website"},"primaryImageOfPage":{"@id":"https:\/\/www.comau.com\/it\/competencies\/systems\/products\/rhevo\/#primaryimage"},"image":{"@id":"https:\/\/www.comau.com\/it\/competencies\/systems\/products\/rhevo\/#primaryimage"},"thumbnailUrl":"https:\/\/www.comau.com\/wp-content\/uploads\/2021\/06\/rhevo_header.jpg","datePublished":"2021-06-07T16:21:47+00:00","dateModified":"2022-03-28T15:00:33+00:00","description":"RHEvo: un\u2019innovativa soluzione di roller hemming che garantisce una costante qualit\u00e0 di orlatura in tutto il processo.","breadcrumb":{"@id":"https:\/\/www.comau.com\/it\/competencies\/systems\/products\/rhevo\/#breadcrumb"},"inLanguage":"it-IT","potentialAction":[{"@type":"ReadAction","target":["https:\/\/www.comau.com\/it\/competencies\/systems\/products\/rhevo\/"]}]},{"@type":"ImageObject","inLanguage":"it-IT","@id":"https:\/\/www.comau.com\/it\/competencies\/systems\/products\/rhevo\/#primaryimage","url":"https:\/\/www.comau.com\/wp-content\/uploads\/2021\/06\/rhevo_header.jpg","contentUrl":"https:\/\/www.comau.com\/wp-content\/uploads\/2021\/06\/rhevo_header.jpg","width":1280,"height":485},{"@type":"BreadcrumbList","@id":"https:\/\/www.comau.com\/it\/competencies\/systems\/products\/rhevo\/#breadcrumb","itemListElement":[{"@type":"ListItem","position":1,"name":"Home","item":"https:\/\/www.comau.com\/it\/"},{"@type":"ListItem","position":2,"name":"Le Nostre Competenze","item":"https:\/\/www.comau.com\/it\/competencies\/"},{"@type":"ListItem","position":3,"name":"Body Assembly","item":"https:\/\/www.comau.com\/it\/competencies\/body-assembly\/"},{"@type":"ListItem","position":4,"name":"Prodotti","item":"https:\/\/www.comau.com\/it\/competencies\/body-assembly\/products\/"},{"@type":"ListItem","position":5,"name":"RHEvo"}]},{"@type":"WebSite","@id":"https:\/\/www.comau.com\/it\/#website","url":"https:\/\/www.comau.com\/it\/","name":"Comau","description":"Industrial automation and robotics","publisher":{"@id":"https:\/\/www.comau.com\/it\/#organization"},"potentialAction":[{"@type":"SearchAction","target":{"@type":"EntryPoint","urlTemplate":"https:\/\/www.comau.com\/it\/?s={search_term_string}"},"query-input":{"@type":"PropertyValueSpecification","valueRequired":true,"valueName":"search_term_string"}}],"inLanguage":"it-IT"},{"@type":"Organization","@id":"https:\/\/www.comau.com\/it\/#organization","name":"Comau","url":"https:\/\/www.comau.com\/it\/","logo":{"@type":"ImageObject","inLanguage":"it-IT","@id":"https:\/\/www.comau.com\/it\/#\/schema\/logo\/image\/","url":"https:\/\/www.comau.com\/wp-content\/uploads\/2024\/07\/cropped-Logo-COMAU.png","contentUrl":"https:\/\/www.comau.com\/wp-content\/uploads\/2024\/07\/cropped-Logo-COMAU.png","width":434,"height":434,"caption":"Comau"},"image":{"@id":"https:\/\/www.comau.com\/it\/#\/schema\/logo\/image\/"},"sameAs":["https:\/\/www.facebook.com\/COMAU\/","https:\/\/x.com\/comaugroup","https:\/\/www.instagram.com\/comaugroup\/","https:\/\/www.linkedin.com\/company\/comau","https:\/\/www.youtube.com\/user\/comau"]}]}},"_links":{"self":[{"href":"https:\/\/www.comau.com\/it\/wp-json\/wp\/v2\/pages\/4933","targetHints":{"allow":["GET"]}}],"collection":[{"href":"https:\/\/www.comau.com\/it\/wp-json\/wp\/v2\/pages"}],"about":[{"href":"https:\/\/www.comau.com\/it\/wp-json\/wp\/v2\/types\/page"}],"author":[{"embeddable":true,"href":"https:\/\/www.comau.com\/it\/wp-json\/wp\/v2\/users\/11"}],"replies":[{"embeddable":true,"href":"https:\/\/www.comau.com\/it\/wp-json\/wp\/v2\/comments?post=4933"}],"version-history":[{"count":20,"href":"https:\/\/www.comau.com\/it\/wp-json\/wp\/v2\/pages\/4933\/revisions"}],"predecessor-version":[{"id":44272,"href":"https:\/\/www.comau.com\/it\/wp-json\/wp\/v2\/pages\/4933\/revisions\/44272"}],"up":[{"embeddable":true,"href":"https:\/\/www.comau.com\/it\/wp-json\/wp\/v2\/pages\/4778"}],"wp:featuredmedia":[{"embeddable":true,"href":"https:\/\/www.comau.com\/it\/wp-json\/wp\/v2\/media\/4947"}],"wp:attachment":[{"href":"https:\/\/www.comau.com\/it\/wp-json\/wp\/v2\/media?parent=4933"}],"curies":[{"name":"wp","href":"https:\/\/api.w.org\/{rel}","templated":true}]}}