{"id":49285,"date":"2022-11-29T09:49:02","date_gmt":"2022-11-29T08:49:02","guid":{"rendered":"https:\/\/www.comau.com\/?page_id=49285"},"modified":"2022-12-22T15:16:50","modified_gmt":"2022-12-22T14:16:50","slug":"le-soluzioni-avanzate-di-comau-per-la-saldatura-della-carrozzeria-supportano-la-prima-produzione-localizzata-di-camion-di-alta-gamma-di-foton-daimler-per-lactros","status":"publish","type":"page","link":"https:\/\/www.comau.com\/it\/about-us\/success-stories\/le-soluzioni-avanzate-di-comau-per-la-saldatura-della-carrozzeria-supportano-la-prima-produzione-localizzata-di-camion-di-alta-gamma-di-foton-daimler-per-lactros\/","title":{"rendered":"Le soluzioni avanzate di Comau per la saldatura della carrozzeria, supportano la prima produzione localizzata di camion di alta gamma di Mercedes-Benz per l\u2019Actros"},"content":{"rendered":"\n<div class=\"wp-block-group mt-5\"><div class=\"wp-block-group__inner-container is-layout-flow wp-block-group-is-layout-flow\">\n<p>Il rapido miglioramento degli standard sulle emissioni e l&#8217;accelerazione del tasso di crescita degli investimenti nelle nuove infrastrutture, tra le altre cose, stanno contribuendo a incrementare il volume di vendita di camion in Cina, uno dei mercati pi\u00f9 grandi al mondo per i veicoli pesanti. Data la crescente concentrazione del settore logistico interno, la percentuale di grandi flotte e imprese logistiche \u00e8 in aumento. Di conseguenza, il mercato presta maggiore attenzione a questioni chiave come l&#8217;efficienza operativa, l&#8217;affidabilit\u00e0 e i valori del ciclo di vita dei veicoli, il che significa che i produttori stanno iniziando a concentrarsi sulla localizzazione dei veicoli importati in precedenza.<\/p>\n\n\n\n<p>Quando Daimler Trucks AG e il produttore cinese di veicoli pesanti Foton Motor hanno annunciato la loro intenzione di produrre e vendere camion Mercedes-Benz per segmenti di mercato esigenti in Cina, si sono rivolti a Comau per ricevere assistenza. Comau, da lungo tempo fornitore di Daimler Trucks in Europa, con quasi 50 anni di esperienza comprovata sul campo, \u00e8 stata incaricata di progettare e implementare una soluzione di saldatura completamente automatizzata per l&#8217;area delle porte e la struttura del cruscotto nell&#8217;ambito del progetto Foton Daimler Actros<\/p>\n<\/div><\/div>\n\n\n\n<div class=\"wp-block-columns is-layout-flex wp-container-core-columns-is-layout-9d6595d7 wp-block-columns-is-layout-flex\">\n<div class=\"wp-block-column is-layout-flow wp-block-column-is-layout-flow\">\n<h2 class=\"h3 wp-block-heading\" id=\"the-challenge\">La sfida<\/h2>\n\n\n\n<p>Per produrre il loro primo trattore stradale per traini eccezionali localizzato per il mercato cinese, Beijing Foton Daimler Automotive Co., Ltd (BFDA) aveva bisogno di integrare la piattaforma globale Mercedes-Benz e la tecnologia per camion pi\u00f9 avanzata di Daimler. Dato che lo stabilimento BFDA avrebbe utilizzato il pi\u00f9 recente standard Integra 6 di Daimler per creare la linea di produzione automatizzata e flessibile, il team di gestione della progettazione e dell&#8217;ingegneria di Comau avrebbe dovuto padroneggiare e implementare rapidamente le specifiche in tempi record.<\/p>\n\n\n\n<p>Comau aveva anche bisogno di affrontare il fatto che l&#8217;Actros \u00e8 un prodotto altamente modulare con un grado significativo di personalizzazione del mercato. Ci\u00f2 significava che l&#8217;impostazione automatica della saldatura doveva essere sufficientemente flessibile per gestire pi\u00f9 configurazioni e\/o dettagli personalizzati senza influenzare gli obiettivi sfidanti del cliente in termini di tempo di ciclo.<\/p>\n<\/div>\n\n\n\n<div class=\"wp-block-column is-layout-flow wp-block-column-is-layout-flow\">\n<h2 class=\"h3 wp-block-heading\" id=\"the-solution\">La soluzione<\/h2>\n\n\n\n<p>In qualit\u00e0 di fornitore leader di sistemi chiavi in mano per carrozzeria, Comau ha l&#8217;esperienza e la competenza per lavorare con i principali OEM del mondo nel supportare le loro esigenze di automazione avanzate. Sfruttando il suo know-how proprietario e la sua lunga relazione con Daimler Europe, Comau ha realizzato una soluzione di saldatura compatta ma scalabile per l&#8217;area delle porte e l&#8217;officina di sottoassemblaggio, che presenta capacit\u00e0 di messa in funzione virtuale nell&#8217;Industria 4.0 ed \u00e8 pienamente conforme allo standard Integra 6 del cliente. E poich\u00e9 l&#8217;intera linea utilizza la tecnologia di messa in servizio virtuale, Comau \u00e8 stata in grado di pre-testare e ottimizzare la nuova linea, abbreviare i tempi di messa in servizio effettivi, ridurre i costi di manodopera ed eliminare virtualmente i potenziali rischi che possono verificarsi durante la messa in servizio post-sito.&nbsp;<\/p>\n\n\n\n<p>Per garantire l&#8217;efficienza del ciclo e snellire i flussi di lavoro, la linea \u00e8 dotata di prodotti Comau proprietari, come RH-Clean, un dispositivo a rulli di pulizia automatica che pu\u00f2 essere utilizzato con diversi tipi di rulli, tra cui le teste di escavazione standard RHEvo, i rulli doppi e gli utensili di pre-estrusione standard Comau. Inoltre, alcuni robot sono dotati di una funzione di pre-avvio che aumenta la flessibilit\u00e0 dell&#8217;ottimizzazione del tempo di ciclo della linea. Infine, il sistema di visione di controllo qualit\u00e0 completamente integrato, basato sul rilevamento con videocamera QUISS e dotato di un processo kick-in\/kick-off, contribuisce a garantire la qualit\u00e0 degli sportelli e dei relativi componenti dopo l&#8217;incollaggio.<\/p>\n<\/div>\n<\/div>\n\n\n\n<div class=\"wp-block-group wide-section-light-1 py-5 my-5\"><div class=\"wp-block-group__inner-container is-layout-flow wp-block-group-is-layout-flow\">\n<div class=\"wp-block-group wide-section-light-1 py-5 my-5\"><div class=\"wp-block-group__inner-container is-layout-flow wp-block-group-is-layout-flow\">\n<h2 class=\"h2 wp-block-heading\" id=\"the-results\">I risultati<\/h2>\n\n\n\n<p>Comau ha seguito un concetto di produzione flessibile in termini di quantit\u00e0 e tipi di produzione per garantire che la linea di saldatura fosse in grado di gestire completamente la modularit\u00e0 e l&#8217;elevato grado di personalizzazione del mercato del progetto Actros. La scalabilit\u00e0 intrinseca della linea significa anche che pu\u00f2 facilmente soddisfare le future esigenze di produzione del cliente senza sacrificare la sua capacit\u00e0 di adattarsi a una complessa gestione dei modelli e a una gestione flessibile della produzione. La cosa pi\u00f9 importante, tuttavia, \u00e8 che la soluzione ha raggiunto l&#8217;obiettivo di capacit\u00e0 produttiva annuale del cliente di 60.000 unit\u00e0 e il suo obiettivo di ottenere il 100% di automazione dei processi. Il progetto \u00e8 attualmente in fase di produzione di massa.<\/p>\n\n\n\n<p>La produzione di massa \u00e8 prevista per giugno 2023.<\/p>\n\n\n\n<blockquote class=\"wp-block-quote is-layout-flow wp-block-quote-is-layout-flow\"><p><em>&#8220;Siamo onorati di essere stati scelti da Foton Daimler per lavorare a questa importante tappa che apre la strada alla localizzazione del suo primo veicolo pesante. Daimler \u00e8 leader mondiale nel settore automobilistico, non solo per il suo importante volume di vendite, ma anche per la continua ricerca di progressi tecnologici. Il successo di questo progetto \u00e8 un riconoscimento delle capacit\u00e0 di Comau, dell&#8217;espansione della sua clientela e in nuovi settori di business.&#8221;<\/em><\/p><cite>Gaetano Cantalupo, Responsabile Countries Cluster APAC di Comau<\/cite><\/blockquote>\n\n\n\n<div class=\"wp-block-columns is-layout-flex wp-container-core-columns-is-layout-9d6595d7 wp-block-columns-is-layout-flex\">\n<div class=\"wp-block-column is-layout-flow wp-block-column-is-layout-flow\">\n<div class=\"wp-block-getwid-counter \u00b0\"><div class=\"wp-block-getwid-counter__wrapper\" data-start=\"0\" data-end=\"360\" data-decimal-places=\"0\" data-duration=\"\" data-use-easing=\"true\" data-use-grouping=\"true\" data-separator=\",\" data-decimal=\".\" data-easing-fn=\"outExpo\" data-numerals=\"default\"><span class=\"wp-block-getwid-counter__number\">0<\/span><p class=\"wp-block-getwid-counter__suffix\">\u00b0<\/p><\/div><\/div>\n\n\n\n<p>Soluzione di saldatura end-to-end con automazione di processo al 100%<\/p>\n<\/div>\n\n\n\n<div class=\"wp-block-column is-layout-flow wp-block-column-is-layout-flow\">\n<div class=\"wp-block-getwid-counter\"><div class=\"wp-block-getwid-counter__wrapper\" data-start=\"0\" data-end=\"60\" data-decimal-places=\"0\" data-duration=\"3\" data-use-easing=\"true\" data-use-grouping=\"true\" data-separator=\",\" data-decimal=\".\" data-easing-fn=\"outExpo\" data-numerals=\"default\"><span class=\"wp-block-getwid-counter__number\">0<\/span><p class=\"wp-block-getwid-counter__suffix\">k<\/p><\/div><\/div>\n\n\n\n<p>posti di lavoro all&#8217;anno di capacit\u00e0 produttiva&nbsp;<\/p>\n<\/div>\n\n\n\n<div class=\"wp-block-column is-layout-flow wp-block-column-is-layout-flow\">\n<div class=\"wp-block-getwid-counter\"><div class=\"wp-block-getwid-counter__wrapper\" data-start=\"0\" data-end=\"100\" data-decimal-places=\"0\" data-duration=\"3\" data-use-easing=\"true\" data-use-grouping=\"true\" data-separator=\",\" data-decimal=\".\" data-easing-fn=\"outExpo\" data-numerals=\"default\"><span class=\"wp-block-getwid-counter__number\">0<\/span><p class=\"wp-block-getwid-counter__suffix\">%<\/p><\/div><\/div>\n\n\n\n<p>Flessibilit\u00e0 per gestire pi\u00f9 modelli di produzione e dettagli di personalizzazione<\/p>\n<\/div>\n\n\n\n<div class=\"wp-block-column is-layout-flow wp-block-column-is-layout-flow\"><\/div>\n<\/div>\n<\/div><\/div>\n\n\n\n<div class=\"wp-block-columns is-layout-flex wp-container-core-columns-is-layout-9d6595d7 wp-block-columns-is-layout-flex\">\n<div class=\"wp-block-column is-layout-flow wp-block-column-is-layout-flow\"><\/div>\n\n\n\n<div class=\"wp-block-column is-layout-flow wp-block-column-is-layout-flow\"><\/div>\n<\/div>\n<\/div><\/div>\n\n\n\n<div class=\"wp-block-group\"><div class=\"wp-block-group__inner-container is-layout-flow wp-block-group-is-layout-flow\"><\/div><\/div>\n","protected":false},"excerpt":{"rendered":"<p>Il rapido miglioramento degli standard sulle emissioni e l&#8217;accelerazione del tasso di crescita degli investimenti nelle nuove infrastrutture, tra le altre cose, stanno contribuendo a incrementare il volume di vendita di camion in Cina, uno dei mercati pi\u00f9 grandi al mondo per i veicoli pesanti. Data la crescente concentrazione del settore logistico interno, la percentuale [&hellip;]<\/p>\n","protected":false},"author":19,"featured_media":49316,"parent":41288,"menu_order":9,"comment_status":"closed","ping_status":"closed","template":"","meta":{"_acf_changed":false,"ep_exclude_from_search":false,"footnotes":""},"class_list":["post-49285","page","type-page","status-publish","has-post-thumbnail","hentry"],"acf":[],"yoast_head":"<!-- This site is optimized with the Yoast SEO plugin v26.9 - https:\/\/yoast.com\/product\/yoast-seo-wordpress\/ -->\n<title>Le soluzioni avanzate di Comau per la saldatura della carrozzeria, supportano la prima produzione localizzata di camion di alta gamma di Mercedes-Benz per l\u2019Actros - Comau<\/title>\n<meta name=\"robots\" content=\"index, follow, max-snippet:-1, max-image-preview:large, max-video-preview:-1\" \/>\n<link rel=\"canonical\" href=\"https:\/\/www.comau.com\/it\/about-us\/success-stories\/le-soluzioni-avanzate-di-comau-per-la-saldatura-della-carrozzeria-supportano-la-prima-produzione-localizzata-di-camion-di-alta-gamma-di-foton-daimler-per-lactros\/\" \/>\n<meta property=\"og:locale\" content=\"it_IT\" \/>\n<meta property=\"og:type\" content=\"article\" \/>\n<meta property=\"og:title\" content=\"Le soluzioni avanzate di Comau per la saldatura della carrozzeria, supportano la prima produzione localizzata di camion di alta gamma di Mercedes-Benz per l\u2019Actros - Comau\" \/>\n<meta property=\"og:description\" content=\"Il rapido miglioramento degli standard sulle emissioni e l&#8217;accelerazione del tasso di crescita degli investimenti nelle nuove infrastrutture, tra le altre cose, stanno contribuendo a incrementare il volume di vendita di camion in Cina, uno dei mercati pi\u00f9 grandi al mondo per i veicoli pesanti. Data la crescente concentrazione del settore logistico interno, la percentuale [&hellip;]\" \/>\n<meta property=\"og:url\" content=\"https:\/\/www.comau.com\/it\/about-us\/success-stories\/le-soluzioni-avanzate-di-comau-per-la-saldatura-della-carrozzeria-supportano-la-prima-produzione-localizzata-di-camion-di-alta-gamma-di-foton-daimler-per-lactros\/\" \/>\n<meta property=\"og:site_name\" content=\"Comau\" \/>\n<meta property=\"article:publisher\" content=\"https:\/\/www.facebook.com\/COMAU\/\" \/>\n<meta property=\"article:modified_time\" content=\"2022-12-22T14:16:50+00:00\" \/>\n<meta property=\"og:image\" content=\"https:\/\/www.comau.com\/wp-content\/uploads\/2022\/11\/Comau-BFDA_H6_01-1-scaled.jpg\" \/>\n\t<meta property=\"og:image:width\" content=\"2435\" \/>\n\t<meta property=\"og:image:height\" content=\"2560\" \/>\n\t<meta property=\"og:image:type\" content=\"image\/jpeg\" \/>\n<meta name=\"twitter:card\" content=\"summary_large_image\" \/>\n<meta name=\"twitter:site\" content=\"@comaugroup\" \/>\n<meta name=\"twitter:label1\" content=\"Tempo di lettura stimato\" \/>\n\t<meta name=\"twitter:data1\" content=\"5 minuti\" \/>\n<script type=\"application\/ld+json\" class=\"yoast-schema-graph\">{\"@context\":\"https:\/\/schema.org\",\"@graph\":[{\"@type\":\"WebPage\",\"@id\":\"https:\/\/www.comau.com\/it\/about-us\/success-stories\/le-soluzioni-avanzate-di-comau-per-la-saldatura-della-carrozzeria-supportano-la-prima-produzione-localizzata-di-camion-di-alta-gamma-di-foton-daimler-per-lactros\/\",\"url\":\"https:\/\/www.comau.com\/it\/about-us\/success-stories\/le-soluzioni-avanzate-di-comau-per-la-saldatura-della-carrozzeria-supportano-la-prima-produzione-localizzata-di-camion-di-alta-gamma-di-foton-daimler-per-lactros\/\",\"name\":\"Le soluzioni avanzate di Comau per la saldatura della carrozzeria, supportano la prima produzione localizzata di camion di alta gamma di Mercedes-Benz per l\u2019Actros - Comau\",\"isPartOf\":{\"@id\":\"https:\/\/www.comau.com\/it\/#website\"},\"primaryImageOfPage\":{\"@id\":\"https:\/\/www.comau.com\/it\/about-us\/success-stories\/le-soluzioni-avanzate-di-comau-per-la-saldatura-della-carrozzeria-supportano-la-prima-produzione-localizzata-di-camion-di-alta-gamma-di-foton-daimler-per-lactros\/#primaryimage\"},\"image\":{\"@id\":\"https:\/\/www.comau.com\/it\/about-us\/success-stories\/le-soluzioni-avanzate-di-comau-per-la-saldatura-della-carrozzeria-supportano-la-prima-produzione-localizzata-di-camion-di-alta-gamma-di-foton-daimler-per-lactros\/#primaryimage\"},\"thumbnailUrl\":\"https:\/\/www.comau.com\/wp-content\/uploads\/2022\/11\/Comau-BFDA_H6_01-1-scaled.jpg\",\"datePublished\":\"2022-11-29T08:49:02+00:00\",\"dateModified\":\"2022-12-22T14:16:50+00:00\",\"breadcrumb\":{\"@id\":\"https:\/\/www.comau.com\/it\/about-us\/success-stories\/le-soluzioni-avanzate-di-comau-per-la-saldatura-della-carrozzeria-supportano-la-prima-produzione-localizzata-di-camion-di-alta-gamma-di-foton-daimler-per-lactros\/#breadcrumb\"},\"inLanguage\":\"it-IT\",\"potentialAction\":[{\"@type\":\"ReadAction\",\"target\":[\"https:\/\/www.comau.com\/it\/about-us\/success-stories\/le-soluzioni-avanzate-di-comau-per-la-saldatura-della-carrozzeria-supportano-la-prima-produzione-localizzata-di-camion-di-alta-gamma-di-foton-daimler-per-lactros\/\"]}]},{\"@type\":\"ImageObject\",\"inLanguage\":\"it-IT\",\"@id\":\"https:\/\/www.comau.com\/it\/about-us\/success-stories\/le-soluzioni-avanzate-di-comau-per-la-saldatura-della-carrozzeria-supportano-la-prima-produzione-localizzata-di-camion-di-alta-gamma-di-foton-daimler-per-lactros\/#primaryimage\",\"url\":\"https:\/\/www.comau.com\/wp-content\/uploads\/2022\/11\/Comau-BFDA_H6_01-1-scaled.jpg\",\"contentUrl\":\"https:\/\/www.comau.com\/wp-content\/uploads\/2022\/11\/Comau-BFDA_H6_01-1-scaled.jpg\",\"width\":2435,\"height\":2560},{\"@type\":\"BreadcrumbList\",\"@id\":\"https:\/\/www.comau.com\/it\/about-us\/success-stories\/le-soluzioni-avanzate-di-comau-per-la-saldatura-della-carrozzeria-supportano-la-prima-produzione-localizzata-di-camion-di-alta-gamma-di-foton-daimler-per-lactros\/#breadcrumb\",\"itemListElement\":[{\"@type\":\"ListItem\",\"position\":1,\"name\":\"Home\",\"item\":\"https:\/\/www.comau.com\/it\/\"},{\"@type\":\"ListItem\",\"position\":2,\"name\":\"Questa \u00e8 Comau\",\"item\":\"https:\/\/www.comau.com\/it\/about-us\/\"},{\"@type\":\"ListItem\",\"position\":3,\"name\":\"Storie di successo\",\"item\":\"https:\/\/www.comau.com\/it\/about-us\/success-stories\/\"},{\"@type\":\"ListItem\",\"position\":4,\"name\":\"Le soluzioni avanzate di Comau per la saldatura della carrozzeria, supportano la prima produzione localizzata di camion di alta gamma di Mercedes-Benz per l\u2019Actros\"}]},{\"@type\":\"WebSite\",\"@id\":\"https:\/\/www.comau.com\/it\/#website\",\"url\":\"https:\/\/www.comau.com\/it\/\",\"name\":\"Comau\",\"description\":\"Industrial automation and robotics\",\"publisher\":{\"@id\":\"https:\/\/www.comau.com\/it\/#organization\"},\"potentialAction\":[{\"@type\":\"SearchAction\",\"target\":{\"@type\":\"EntryPoint\",\"urlTemplate\":\"https:\/\/www.comau.com\/it\/?s={search_term_string}\"},\"query-input\":{\"@type\":\"PropertyValueSpecification\",\"valueRequired\":true,\"valueName\":\"search_term_string\"}}],\"inLanguage\":\"it-IT\"},{\"@type\":\"Organization\",\"@id\":\"https:\/\/www.comau.com\/it\/#organization\",\"name\":\"Comau\",\"url\":\"https:\/\/www.comau.com\/it\/\",\"logo\":{\"@type\":\"ImageObject\",\"inLanguage\":\"it-IT\",\"@id\":\"https:\/\/www.comau.com\/it\/#\/schema\/logo\/image\/\",\"url\":\"https:\/\/www.comau.com\/wp-content\/uploads\/2024\/07\/cropped-Logo-COMAU.png\",\"contentUrl\":\"https:\/\/www.comau.com\/wp-content\/uploads\/2024\/07\/cropped-Logo-COMAU.png\",\"width\":434,\"height\":434,\"caption\":\"Comau\"},\"image\":{\"@id\":\"https:\/\/www.comau.com\/it\/#\/schema\/logo\/image\/\"},\"sameAs\":[\"https:\/\/www.facebook.com\/COMAU\/\",\"https:\/\/x.com\/comaugroup\",\"https:\/\/www.instagram.com\/comaugroup\/\",\"https:\/\/www.linkedin.com\/company\/comau\",\"https:\/\/www.youtube.com\/user\/comau\"]}]}<\/script>\n<!-- \/ Yoast SEO plugin. -->","yoast_head_json":{"title":"Le soluzioni avanzate di Comau per la saldatura della carrozzeria, supportano la prima produzione localizzata di camion di alta gamma di Mercedes-Benz per l\u2019Actros - Comau","robots":{"index":"index","follow":"follow","max-snippet":"max-snippet:-1","max-image-preview":"max-image-preview:large","max-video-preview":"max-video-preview:-1"},"canonical":"https:\/\/www.comau.com\/it\/about-us\/success-stories\/le-soluzioni-avanzate-di-comau-per-la-saldatura-della-carrozzeria-supportano-la-prima-produzione-localizzata-di-camion-di-alta-gamma-di-foton-daimler-per-lactros\/","og_locale":"it_IT","og_type":"article","og_title":"Le soluzioni avanzate di Comau per la saldatura della carrozzeria, supportano la prima produzione localizzata di camion di alta gamma di Mercedes-Benz per l\u2019Actros - Comau","og_description":"Il rapido miglioramento degli standard sulle emissioni e l&#8217;accelerazione del tasso di crescita degli investimenti nelle nuove infrastrutture, tra le altre cose, stanno contribuendo a incrementare il volume di vendita di camion in Cina, uno dei mercati pi\u00f9 grandi al mondo per i veicoli pesanti. Data la crescente concentrazione del settore logistico interno, la percentuale [&hellip;]","og_url":"https:\/\/www.comau.com\/it\/about-us\/success-stories\/le-soluzioni-avanzate-di-comau-per-la-saldatura-della-carrozzeria-supportano-la-prima-produzione-localizzata-di-camion-di-alta-gamma-di-foton-daimler-per-lactros\/","og_site_name":"Comau","article_publisher":"https:\/\/www.facebook.com\/COMAU\/","article_modified_time":"2022-12-22T14:16:50+00:00","og_image":[{"width":2435,"height":2560,"url":"https:\/\/www.comau.com\/wp-content\/uploads\/2022\/11\/Comau-BFDA_H6_01-1-scaled.jpg","type":"image\/jpeg"}],"twitter_card":"summary_large_image","twitter_site":"@comaugroup","twitter_misc":{"Tempo di lettura stimato":"5 minuti"},"schema":{"@context":"https:\/\/schema.org","@graph":[{"@type":"WebPage","@id":"https:\/\/www.comau.com\/it\/about-us\/success-stories\/le-soluzioni-avanzate-di-comau-per-la-saldatura-della-carrozzeria-supportano-la-prima-produzione-localizzata-di-camion-di-alta-gamma-di-foton-daimler-per-lactros\/","url":"https:\/\/www.comau.com\/it\/about-us\/success-stories\/le-soluzioni-avanzate-di-comau-per-la-saldatura-della-carrozzeria-supportano-la-prima-produzione-localizzata-di-camion-di-alta-gamma-di-foton-daimler-per-lactros\/","name":"Le soluzioni avanzate di Comau per la saldatura della carrozzeria, supportano la prima produzione localizzata di camion di alta gamma di Mercedes-Benz per l\u2019Actros - Comau","isPartOf":{"@id":"https:\/\/www.comau.com\/it\/#website"},"primaryImageOfPage":{"@id":"https:\/\/www.comau.com\/it\/about-us\/success-stories\/le-soluzioni-avanzate-di-comau-per-la-saldatura-della-carrozzeria-supportano-la-prima-produzione-localizzata-di-camion-di-alta-gamma-di-foton-daimler-per-lactros\/#primaryimage"},"image":{"@id":"https:\/\/www.comau.com\/it\/about-us\/success-stories\/le-soluzioni-avanzate-di-comau-per-la-saldatura-della-carrozzeria-supportano-la-prima-produzione-localizzata-di-camion-di-alta-gamma-di-foton-daimler-per-lactros\/#primaryimage"},"thumbnailUrl":"https:\/\/www.comau.com\/wp-content\/uploads\/2022\/11\/Comau-BFDA_H6_01-1-scaled.jpg","datePublished":"2022-11-29T08:49:02+00:00","dateModified":"2022-12-22T14:16:50+00:00","breadcrumb":{"@id":"https:\/\/www.comau.com\/it\/about-us\/success-stories\/le-soluzioni-avanzate-di-comau-per-la-saldatura-della-carrozzeria-supportano-la-prima-produzione-localizzata-di-camion-di-alta-gamma-di-foton-daimler-per-lactros\/#breadcrumb"},"inLanguage":"it-IT","potentialAction":[{"@type":"ReadAction","target":["https:\/\/www.comau.com\/it\/about-us\/success-stories\/le-soluzioni-avanzate-di-comau-per-la-saldatura-della-carrozzeria-supportano-la-prima-produzione-localizzata-di-camion-di-alta-gamma-di-foton-daimler-per-lactros\/"]}]},{"@type":"ImageObject","inLanguage":"it-IT","@id":"https:\/\/www.comau.com\/it\/about-us\/success-stories\/le-soluzioni-avanzate-di-comau-per-la-saldatura-della-carrozzeria-supportano-la-prima-produzione-localizzata-di-camion-di-alta-gamma-di-foton-daimler-per-lactros\/#primaryimage","url":"https:\/\/www.comau.com\/wp-content\/uploads\/2022\/11\/Comau-BFDA_H6_01-1-scaled.jpg","contentUrl":"https:\/\/www.comau.com\/wp-content\/uploads\/2022\/11\/Comau-BFDA_H6_01-1-scaled.jpg","width":2435,"height":2560},{"@type":"BreadcrumbList","@id":"https:\/\/www.comau.com\/it\/about-us\/success-stories\/le-soluzioni-avanzate-di-comau-per-la-saldatura-della-carrozzeria-supportano-la-prima-produzione-localizzata-di-camion-di-alta-gamma-di-foton-daimler-per-lactros\/#breadcrumb","itemListElement":[{"@type":"ListItem","position":1,"name":"Home","item":"https:\/\/www.comau.com\/it\/"},{"@type":"ListItem","position":2,"name":"Questa \u00e8 Comau","item":"https:\/\/www.comau.com\/it\/about-us\/"},{"@type":"ListItem","position":3,"name":"Storie di successo","item":"https:\/\/www.comau.com\/it\/about-us\/success-stories\/"},{"@type":"ListItem","position":4,"name":"Le soluzioni avanzate di Comau per la saldatura della carrozzeria, supportano la prima produzione localizzata di camion di alta gamma di Mercedes-Benz per l\u2019Actros"}]},{"@type":"WebSite","@id":"https:\/\/www.comau.com\/it\/#website","url":"https:\/\/www.comau.com\/it\/","name":"Comau","description":"Industrial automation and robotics","publisher":{"@id":"https:\/\/www.comau.com\/it\/#organization"},"potentialAction":[{"@type":"SearchAction","target":{"@type":"EntryPoint","urlTemplate":"https:\/\/www.comau.com\/it\/?s={search_term_string}"},"query-input":{"@type":"PropertyValueSpecification","valueRequired":true,"valueName":"search_term_string"}}],"inLanguage":"it-IT"},{"@type":"Organization","@id":"https:\/\/www.comau.com\/it\/#organization","name":"Comau","url":"https:\/\/www.comau.com\/it\/","logo":{"@type":"ImageObject","inLanguage":"it-IT","@id":"https:\/\/www.comau.com\/it\/#\/schema\/logo\/image\/","url":"https:\/\/www.comau.com\/wp-content\/uploads\/2024\/07\/cropped-Logo-COMAU.png","contentUrl":"https:\/\/www.comau.com\/wp-content\/uploads\/2024\/07\/cropped-Logo-COMAU.png","width":434,"height":434,"caption":"Comau"},"image":{"@id":"https:\/\/www.comau.com\/it\/#\/schema\/logo\/image\/"},"sameAs":["https:\/\/www.facebook.com\/COMAU\/","https:\/\/x.com\/comaugroup","https:\/\/www.instagram.com\/comaugroup\/","https:\/\/www.linkedin.com\/company\/comau","https:\/\/www.youtube.com\/user\/comau"]}]}},"_links":{"self":[{"href":"https:\/\/www.comau.com\/it\/wp-json\/wp\/v2\/pages\/49285","targetHints":{"allow":["GET"]}}],"collection":[{"href":"https:\/\/www.comau.com\/it\/wp-json\/wp\/v2\/pages"}],"about":[{"href":"https:\/\/www.comau.com\/it\/wp-json\/wp\/v2\/types\/page"}],"author":[{"embeddable":true,"href":"https:\/\/www.comau.com\/it\/wp-json\/wp\/v2\/users\/19"}],"replies":[{"embeddable":true,"href":"https:\/\/www.comau.com\/it\/wp-json\/wp\/v2\/comments?post=49285"}],"version-history":[{"count":9,"href":"https:\/\/www.comau.com\/it\/wp-json\/wp\/v2\/pages\/49285\/revisions"}],"predecessor-version":[{"id":49896,"href":"https:\/\/www.comau.com\/it\/wp-json\/wp\/v2\/pages\/49285\/revisions\/49896"}],"up":[{"embeddable":true,"href":"https:\/\/www.comau.com\/it\/wp-json\/wp\/v2\/pages\/41288"}],"wp:featuredmedia":[{"embeddable":true,"href":"https:\/\/www.comau.com\/it\/wp-json\/wp\/v2\/media\/49316"}],"wp:attachment":[{"href":"https:\/\/www.comau.com\/it\/wp-json\/wp\/v2\/media?parent=49285"}],"curies":[{"name":"wp","href":"https:\/\/api.w.org\/{rel}","templated":true}]}}