{"id":49084,"date":"2023-04-13T02:28:18","date_gmt":"2023-04-13T00:28:18","guid":{"rendered":"https:\/\/www.comau.com\/?page_id=49084"},"modified":"2023-04-13T12:42:40","modified_gmt":"2023-04-13T10:42:40","slug":"comau-consente-a-hycan-una-produzione-flessibile","status":"publish","type":"page","link":"https:\/\/www.comau.com\/it\/about-us\/success-stories\/comau-consente-a-hycan-una-produzione-flessibile\/","title":{"rendered":"Comau sviluppa un\u2019innovativa soluzione di body welding che consente a Hycan una produzione flessibile"},"content":{"rendered":"\n<div class=\"wp-block-group mt-5\"><div class=\"wp-block-group__inner-container is-layout-flow wp-block-group-is-layout-flow\">\n<p>Poich\u00e9 aumenta la richiesta di veicoli di alta qualit\u00e0 da parte dei consumatori, la domanda in arrivo dal mercato diventa sempre pi\u00f9 diversificata e personalizzata. Di conseguenza, la produzione nel settore automobilistico \u00e8 gradualmente cambiata, passando dalla produzione di massa all&#8217;assemblaggio multi-modello e a basso volume. Per affrontare questa sfida, le case automobilistiche si stanno concentrando sullo sviluppo di processi manifatturieri che possano rispondere a questa tendenza di mercato, con l\u2019obiettivo di ottimizzare il ciclo richiesto per il cambio modello e accelerare i tempi di ripresa della produzione. Ci\u00f2 significa che un impianto produttivo deve poter gestire pi\u00f9 versioni su un\u2019unica linea per poter ottenere un\u2019elevata efficienza in termini di costi, richiedendo al contempo processi di Body-In-White estremamente flessibili.<\/p>\n\n\n\n<p>Fondata nel 2018, Hycan Automotive Technology Co., Ltd. (Hycan) \u00e8 specializzata nello sviluppo e nella manutenzione di veicoli alimentati con nuove fonti di energia, con un&#8217;attenzione strategica rivolta ai giovani consumatori del mercato cinese. Data la variabilit\u00e0 delle preferenze degli utenti in target e la rapidit\u00e0 della domanda, il produttore cinese aveva la necessit\u00e0 di sviluppare una vasta gamma di prodotti in tempi ridotti. Per questo Hycan ha incaricato Comau di costruire una linea di assemblaggio per applicazioni di saldatura altamente flessibile che permettesse di far fronte ad esigenze di produzione in continua evoluzione.&nbsp;<\/p>\n<\/div><\/div>\n\n\n\n<div class=\"wp-block-group wide-section-light-1 py-5 my-5\"><div class=\"wp-block-group__inner-container is-layout-flow wp-block-group-is-layout-flow\">\n<blockquote class=\"wp-block-quote is-layout-flow wp-block-quote-is-layout-flow\">\n<blockquote class=\"wp-block-quote is-layout-flow wp-block-quote-is-layout-flow\">\n<p><em>I risultati della prima collaborazione tra Hycan e Comau sono molto soddisfacenti. La capacit\u00e0 di innovazione di Comau nelle attivit\u00e0 di Ricerca &amp; Sviluppo, unita ad una gestione professionale della progettazione, durante tutta la durata del progetto, ha pienamente confermato il suo ruolo di azienda di riferimento nello sviluppo di soluzioni di assemblaggio, garantendo a questo nostro primo progetto produttivo grande efficienza ed elevata qualit\u00e0 di lavoro<\/em>.<\/p>\n<\/blockquote>\n<cite>Feng Yiqiang, Direttore di Hycan Intelligent Process.<\/cite><\/blockquote>\n<\/div><\/div>\n\n\n\n<div class=\"wp-block-columns is-layout-flex wp-container-core-columns-is-layout-9d6595d7 wp-block-columns-is-layout-flex\">\n<div class=\"wp-block-column is-layout-flow wp-block-column-is-layout-flow\">\n<h2 class=\"h3 wp-block-heading\" id=\"the-challenge\">La sfida<\/h2>\n\n\n\n<p>Hycan cercava una soluzione di assemblaggio che potesse soddisfare le esigenze di una produzione di massa personalizzata, riducendo i costi e migliorando l&#8217;efficienza del ciclo di lavoro. Tuttavia, poich\u00e9 questo progetto rappresentava il primo di un nuovo modello di produzione, \u00e8 stato necessario mettere in conto la sua compatibilit\u00e0 con i modelli di vetture gi\u00e0 prodotti e con gli impianti di lavorazione esistenti, utilizzati dal suo partner di joint venture GAC Group.<\/p>\n\n\n\n<p>In altre parole, Comau doveva garantire al cliente una soluzione adattabile alle piattaforme di produzione gi\u00e0 usate, portando contemporaneamente all&#8217;introduzione, all\u2019adeguamento e ad una scalabilit\u00e0 continua dei nuovi modelli Hycan. Comau aveva inoltre bisogno di garantire al cliente la massima flessibilit\u00e0 per il futuro. Infine, questa soluzione doveva permettere di raggiungere un rendimento del ciclo di lavoro pari a 60 unit\u00e0 all&#8217;ora, per supportare la capacit\u00e0 di produzione programmata del cliente.<\/p>\n<\/div>\n\n\n\n<div class=\"wp-block-column is-layout-flow wp-block-column-is-layout-flow\">\n<h2 class=\"h3 wp-block-heading\" id=\"the-solution\">La soluzione<\/h2>\n\n\n\n<p>Gli ingegneri di Comau si sono impegnati a progettare una linea di assemblaggio per la saldatura, altamente flessibile, che consentisse sia la produzione di pi\u00f9 tipologie di veicoli contemporaneamente, sia la gestione dei volumi produttivi in base alle specifiche richieste del mercato. Questa soluzione ha cos\u00ec permesso di ridurre in modo significativo il ciclo di produzione, garantendo sia economie di scala sia la possibilit\u00e0 di soddisfare l\u2019esigenza di diversificazione dei prodotti avanzata dal cliente.&nbsp;<\/p>\n\n\n\n<p>Unendo la sua <a href=\"https:\/\/www.comau.com\/it\/about-us\/\" target=\"_blank\" rel=\"noreferrer noopener\">lunga esperienza<\/a> con capacit\u00e0 eccellenti nello sviluppo di processi e nella progettazione, Comau ha realizzato una linea di framing altamente intelligente che riflette il suo impegno nel contribuire a migliorare la flessibilit\u00e0 e l&#8217;efficienza di applicazioni di <a href=\"https:\/\/www.comau.com\/it\/competencies\/body-assembly\/\" target=\"_blank\" rel=\"noreferrer noopener\">assemblaggio dei telai delle vetture<\/a>. L&#8217;innovativo sistema di saldatura include un meccanismo di trasmissione che \u00e8 stato sviluppato e adattato indipendentemente dal progetto e un design che combina abilmente il metodo di trasmissione con un meccanismo di posizionamento servo flessibile, ulteriormente supportato dalle tecnologie di assemblaggio Body-In-White Opengate di Comau e dalla sua messa in attivit\u00e0 virtuale, questa soluzione completa garantisce una produzione multi-modello, veloci tempi ciclo e una riduzione concreta di perdite produttive.<\/p>\n\n\n\n<p>Per risolvere i problemi legati all&#8217;introduzione in linea di nuovi veicoli, alla bassa velocit\u00e0 di cambio ciclo e ai costi elevati, gli ingegneri di Comau hanno dedicato due mesi alla modifica del metodo di trasporto, basato sull\u2019utilizzo di una navetta nella linea di framing, e alla sua combinazione con un meccanismo di posizionamento servo-assistito flessibile. In questo modo, i vantaggi ottenuti in termini di costi e il miglioramento del tempo ciclo possono essere applicati a entrambe le soluzioni bilanciando il basso costo e l&#8217;alta velocit\u00e0 della soluzione di trasmissione con la facilit\u00e0 di scalabilit\u00e0 e l&#8217;elevata ripetibilit\u00e0 della soluzione di attrezzaggio NC Locator.<\/p>\n\n\n\n<p>Un altro elemento fondamentale della linea \u00e8 <a href=\"https:\/\/www.comau.com\/it\/competencies\/systems\/open-robogate\/\" target=\"_blank\" rel=\"noreferrer noopener\">l\u2019Opengate<\/a>, sistema Comau per l\u2019assemblaggio della scocca che garantisce flessibilit\u00e0 e alta precisione, permettendo di posizionare le attrezzature su slitte in funzione dei modelli da assemblare.<\/p>\n<\/div>\n<\/div>\n\n\n\n<div class=\"wp-block-group wide-section-light-1 py-5 my-5\"><div class=\"wp-block-group__inner-container is-layout-flow wp-block-group-is-layout-flow\">\n<div class=\"wp-block-group wide-section-light-1 py-5 my-5\"><div class=\"wp-block-group__inner-container is-layout-flow wp-block-group-is-layout-flow\">\n<h2 class=\"h2 wp-block-heading\" id=\"the-results\">I risultati<\/h2>\n\n\n\n<p>Lavorando insieme a Hycan per ottenere una modalit\u00e0 di produzione automatizzata e flessibile, capace di passare indifferentemente da una piattaforma di lavoro all&#8217;altra, Comau ha progettato e implementato una linea di saldatura innovativa, in grado di soddisfare le esigenze del cliente in fatto di soluzioni di assemblaggio per i telai avanzate e personalizzate.&nbsp;<\/p>\n\n\n\n<p>Grazie ad un tasso di automazione del 100% e ad un&#8217;efficienza complessiva delle attrezzature (OEE) superiore al 90%, la soluzione progettata da Comau garantisce una capacit\u00e0 produttiva annua fino a 200.000 unit\u00e0, come \u00e8 stato richiesto dal cliente. Inoltre, la flessibilit\u00e0 del sistema di assemblaggio Opengate consente di adattare la produzione, utilizzando un\u2019unica linea di lavoro per pi\u00f9 prodotti, indipendentemente dal fatto che il prodotto richieda o meno i requisiti per l\u2019impiego di una tecnologia toy tabbing. Essendo inoltre in grado di supportare la produzione di mix casuali da 1 a 6 modelli, questa soluzione consente a <a href=\"https:\/\/www.hycan.com.cn\/\" target=\"_blank\" rel=\"noreferrer noopener\">Hycan<\/a> di raggiungere realmente una produzione senza perdite.<\/p>\n\n\n\n<p>Il progetto \u00e8 gi\u00e0 stato avviato presso lo stabilimento di produzione Hycan Hangzhou, dove ora viene realizzata in serie la Smart Sedan 100% elettrica del marchio, l&#8217;A06 e il noto SUV 100% elettrico a guida intelligente Z03.<\/p>\n\n\n\n<div class=\"wp-block-columns is-layout-flex wp-container-core-columns-is-layout-9d6595d7 wp-block-columns-is-layout-flex\">\n<div class=\"wp-block-column is-layout-flow wp-block-column-is-layout-flow\">\n<div class=\"wp-block-getwid-counter \u00b0\"><div class=\"wp-block-getwid-counter__wrapper\" data-start=\"0\" data-end=\"90\" data-decimal-places=\"0\" data-duration=\"\" data-use-easing=\"true\" data-use-grouping=\"true\" data-separator=\",\" data-decimal=\".\" data-easing-fn=\"outExpo\" data-numerals=\"default\"><p class=\"wp-block-getwid-counter__prefix\">&gt;<\/p><span class=\"wp-block-getwid-counter__number\">0<\/span><p class=\"wp-block-getwid-counter__suffix\">%<\/p><\/div><\/div>\n\n\n\n<p>efficacia operativa delle attrezzature&nbsp;<\/p>\n<\/div>\n\n\n\n<div class=\"wp-block-column is-layout-flow wp-block-column-is-layout-flow\">\n<div class=\"wp-block-getwid-counter\"><div class=\"wp-block-getwid-counter__wrapper\" data-start=\"0\" data-end=\"200\" data-decimal-places=\"0\" data-duration=\"3\" data-use-easing=\"true\" data-use-grouping=\"true\" data-separator=\",\" data-decimal=\".\" data-easing-fn=\"outExpo\" data-numerals=\"default\"><span class=\"wp-block-getwid-counter__number\">0<\/span><p class=\"wp-block-getwid-counter__suffix\">K<\/p><\/div><\/div>\n\n\n\n<p>veicoli: capacit\u00e0 produttiva all\u2019anno<\/p>\n<\/div>\n\n\n\n<div class=\"wp-block-column is-layout-flow wp-block-column-is-layout-flow\">\n<div class=\"wp-block-getwid-counter\"><div class=\"wp-block-getwid-counter__wrapper\" data-start=\"0\" data-end=\"6\" data-decimal-places=\"0\" data-duration=\"3\" data-use-easing=\"true\" data-use-grouping=\"true\" data-separator=\",\" data-decimal=\".\" data-easing-fn=\"outExpo\" data-numerals=\"default\"><span class=\"wp-block-getwid-counter__number\">0<\/span><\/div><\/div>\n\n\n\n<p>produzione mista casuale fino a 6 modelli<\/p>\n<\/div>\n\n\n\n<div class=\"wp-block-column is-layout-flow wp-block-column-is-layout-flow\"><\/div>\n<\/div>\n<\/div><\/div>\n<\/div><\/div>\n","protected":false},"excerpt":{"rendered":"<p>Poich\u00e9 aumenta la richiesta di veicoli di alta qualit\u00e0 da parte dei consumatori, la domanda in arrivo dal mercato diventa sempre pi\u00f9 diversificata e personalizzata. Di conseguenza, la produzione nel settore automobilistico \u00e8 gradualmente cambiata, passando dalla produzione di massa all&#8217;assemblaggio multi-modello e a basso volume. Per affrontare questa sfida, le case automobilistiche si stanno [&hellip;]<\/p>\n","protected":false},"author":19,"featured_media":52330,"parent":41288,"menu_order":3,"comment_status":"closed","ping_status":"closed","template":"","meta":{"_acf_changed":false,"ep_exclude_from_search":false,"footnotes":""},"class_list":["post-49084","page","type-page","status-publish","has-post-thumbnail","hentry"],"acf":[],"yoast_head":"<!-- This site is optimized with the Yoast SEO plugin v26.9 - https:\/\/yoast.com\/product\/yoast-seo-wordpress\/ -->\n<title>Comau abilita un sistema di produzione flessibile per Hycan EVs<\/title>\n<meta name=\"description\" content=\"Il sistema garantisce la produzione flessibile multi-modello di veicoli di nuova energia e una concreta riduzione delle perdite di produzione\" \/>\n<meta name=\"robots\" content=\"index, follow, max-snippet:-1, max-image-preview:large, max-video-preview:-1\" \/>\n<link rel=\"canonical\" href=\"https:\/\/www.comau.com\/it\/about-us\/success-stories\/comau-consente-a-hycan-una-produzione-flessibile\/\" \/>\n<meta property=\"og:locale\" content=\"it_IT\" \/>\n<meta property=\"og:type\" content=\"article\" \/>\n<meta property=\"og:title\" content=\"Comau abilita un sistema di produzione flessibile per Hycan EVs\" \/>\n<meta property=\"og:description\" content=\"Il sistema garantisce la produzione flessibile multi-modello di veicoli di nuova energia e una concreta riduzione delle perdite di produzione\" \/>\n<meta property=\"og:url\" content=\"https:\/\/www.comau.com\/it\/about-us\/success-stories\/comau-consente-a-hycan-una-produzione-flessibile\/\" \/>\n<meta property=\"og:site_name\" content=\"Comau\" \/>\n<meta property=\"article:publisher\" content=\"https:\/\/www.facebook.com\/COMAU\/\" \/>\n<meta property=\"article:modified_time\" content=\"2023-04-13T10:42:40+00:00\" \/>\n<meta property=\"og:image\" content=\"https:\/\/www.comau.com\/wp-content\/uploads\/2023\/04\/The-welding-area-of-mainline-integrating-underbodybody-side-scaled.jpg\" \/>\n\t<meta property=\"og:image:width\" content=\"1922\" \/>\n\t<meta property=\"og:image:height\" content=\"2560\" \/>\n\t<meta property=\"og:image:type\" content=\"image\/jpeg\" \/>\n<meta name=\"twitter:card\" content=\"summary_large_image\" \/>\n<meta name=\"twitter:site\" content=\"@comaugroup\" \/>\n<meta name=\"twitter:label1\" content=\"Tempo di lettura stimato\" \/>\n\t<meta name=\"twitter:data1\" content=\"6 minuti\" \/>\n<script type=\"application\/ld+json\" class=\"yoast-schema-graph\">{\"@context\":\"https:\/\/schema.org\",\"@graph\":[{\"@type\":\"WebPage\",\"@id\":\"https:\/\/www.comau.com\/it\/about-us\/success-stories\/comau-consente-a-hycan-una-produzione-flessibile\/\",\"url\":\"https:\/\/www.comau.com\/it\/about-us\/success-stories\/comau-consente-a-hycan-una-produzione-flessibile\/\",\"name\":\"Comau abilita un sistema di produzione flessibile per Hycan EVs\",\"isPartOf\":{\"@id\":\"https:\/\/www.comau.com\/it\/#website\"},\"primaryImageOfPage\":{\"@id\":\"https:\/\/www.comau.com\/it\/about-us\/success-stories\/comau-consente-a-hycan-una-produzione-flessibile\/#primaryimage\"},\"image\":{\"@id\":\"https:\/\/www.comau.com\/it\/about-us\/success-stories\/comau-consente-a-hycan-una-produzione-flessibile\/#primaryimage\"},\"thumbnailUrl\":\"https:\/\/www.comau.com\/wp-content\/uploads\/2023\/04\/The-welding-area-of-mainline-integrating-underbodybody-side-scaled.jpg\",\"datePublished\":\"2023-04-13T00:28:18+00:00\",\"dateModified\":\"2023-04-13T10:42:40+00:00\",\"description\":\"Il sistema garantisce la produzione flessibile multi-modello di veicoli di nuova energia e una concreta riduzione delle perdite di produzione\",\"breadcrumb\":{\"@id\":\"https:\/\/www.comau.com\/it\/about-us\/success-stories\/comau-consente-a-hycan-una-produzione-flessibile\/#breadcrumb\"},\"inLanguage\":\"it-IT\",\"potentialAction\":[{\"@type\":\"ReadAction\",\"target\":[\"https:\/\/www.comau.com\/it\/about-us\/success-stories\/comau-consente-a-hycan-una-produzione-flessibile\/\"]}]},{\"@type\":\"ImageObject\",\"inLanguage\":\"it-IT\",\"@id\":\"https:\/\/www.comau.com\/it\/about-us\/success-stories\/comau-consente-a-hycan-una-produzione-flessibile\/#primaryimage\",\"url\":\"https:\/\/www.comau.com\/wp-content\/uploads\/2023\/04\/The-welding-area-of-mainline-integrating-underbodybody-side-scaled.jpg\",\"contentUrl\":\"https:\/\/www.comau.com\/wp-content\/uploads\/2023\/04\/The-welding-area-of-mainline-integrating-underbodybody-side-scaled.jpg\",\"width\":1922,\"height\":2560,\"caption\":\"The-welding-area-of-mainline-integrating-underbodybody\"},{\"@type\":\"BreadcrumbList\",\"@id\":\"https:\/\/www.comau.com\/it\/about-us\/success-stories\/comau-consente-a-hycan-una-produzione-flessibile\/#breadcrumb\",\"itemListElement\":[{\"@type\":\"ListItem\",\"position\":1,\"name\":\"Home\",\"item\":\"https:\/\/www.comau.com\/it\/\"},{\"@type\":\"ListItem\",\"position\":2,\"name\":\"Questa \u00e8 Comau\",\"item\":\"https:\/\/www.comau.com\/it\/about-us\/\"},{\"@type\":\"ListItem\",\"position\":3,\"name\":\"Storie di successo\",\"item\":\"https:\/\/www.comau.com\/it\/about-us\/success-stories\/\"},{\"@type\":\"ListItem\",\"position\":4,\"name\":\"Comau sviluppa un\u2019innovativa soluzione di body welding che consente a Hycan una produzione flessibile\"}]},{\"@type\":\"WebSite\",\"@id\":\"https:\/\/www.comau.com\/it\/#website\",\"url\":\"https:\/\/www.comau.com\/it\/\",\"name\":\"Comau\",\"description\":\"Industrial automation and robotics\",\"publisher\":{\"@id\":\"https:\/\/www.comau.com\/it\/#organization\"},\"potentialAction\":[{\"@type\":\"SearchAction\",\"target\":{\"@type\":\"EntryPoint\",\"urlTemplate\":\"https:\/\/www.comau.com\/it\/?s={search_term_string}\"},\"query-input\":{\"@type\":\"PropertyValueSpecification\",\"valueRequired\":true,\"valueName\":\"search_term_string\"}}],\"inLanguage\":\"it-IT\"},{\"@type\":\"Organization\",\"@id\":\"https:\/\/www.comau.com\/it\/#organization\",\"name\":\"Comau\",\"url\":\"https:\/\/www.comau.com\/it\/\",\"logo\":{\"@type\":\"ImageObject\",\"inLanguage\":\"it-IT\",\"@id\":\"https:\/\/www.comau.com\/it\/#\/schema\/logo\/image\/\",\"url\":\"https:\/\/www.comau.com\/wp-content\/uploads\/2024\/07\/cropped-Logo-COMAU.png\",\"contentUrl\":\"https:\/\/www.comau.com\/wp-content\/uploads\/2024\/07\/cropped-Logo-COMAU.png\",\"width\":434,\"height\":434,\"caption\":\"Comau\"},\"image\":{\"@id\":\"https:\/\/www.comau.com\/it\/#\/schema\/logo\/image\/\"},\"sameAs\":[\"https:\/\/www.facebook.com\/COMAU\/\",\"https:\/\/x.com\/comaugroup\",\"https:\/\/www.instagram.com\/comaugroup\/\",\"https:\/\/www.linkedin.com\/company\/comau\",\"https:\/\/www.youtube.com\/user\/comau\"]}]}<\/script>\n<!-- \/ Yoast SEO plugin. -->","yoast_head_json":{"title":"Comau abilita un sistema di produzione flessibile per Hycan EVs","description":"Il sistema garantisce la produzione flessibile multi-modello di veicoli di nuova energia e una concreta riduzione delle perdite di produzione","robots":{"index":"index","follow":"follow","max-snippet":"max-snippet:-1","max-image-preview":"max-image-preview:large","max-video-preview":"max-video-preview:-1"},"canonical":"https:\/\/www.comau.com\/it\/about-us\/success-stories\/comau-consente-a-hycan-una-produzione-flessibile\/","og_locale":"it_IT","og_type":"article","og_title":"Comau abilita un sistema di produzione flessibile per Hycan EVs","og_description":"Il sistema garantisce la produzione flessibile multi-modello di veicoli di nuova energia e una concreta riduzione delle perdite di produzione","og_url":"https:\/\/www.comau.com\/it\/about-us\/success-stories\/comau-consente-a-hycan-una-produzione-flessibile\/","og_site_name":"Comau","article_publisher":"https:\/\/www.facebook.com\/COMAU\/","article_modified_time":"2023-04-13T10:42:40+00:00","og_image":[{"width":1922,"height":2560,"url":"https:\/\/www.comau.com\/wp-content\/uploads\/2023\/04\/The-welding-area-of-mainline-integrating-underbodybody-side-scaled.jpg","type":"image\/jpeg"}],"twitter_card":"summary_large_image","twitter_site":"@comaugroup","twitter_misc":{"Tempo di lettura stimato":"6 minuti"},"schema":{"@context":"https:\/\/schema.org","@graph":[{"@type":"WebPage","@id":"https:\/\/www.comau.com\/it\/about-us\/success-stories\/comau-consente-a-hycan-una-produzione-flessibile\/","url":"https:\/\/www.comau.com\/it\/about-us\/success-stories\/comau-consente-a-hycan-una-produzione-flessibile\/","name":"Comau abilita un sistema di produzione flessibile per Hycan EVs","isPartOf":{"@id":"https:\/\/www.comau.com\/it\/#website"},"primaryImageOfPage":{"@id":"https:\/\/www.comau.com\/it\/about-us\/success-stories\/comau-consente-a-hycan-una-produzione-flessibile\/#primaryimage"},"image":{"@id":"https:\/\/www.comau.com\/it\/about-us\/success-stories\/comau-consente-a-hycan-una-produzione-flessibile\/#primaryimage"},"thumbnailUrl":"https:\/\/www.comau.com\/wp-content\/uploads\/2023\/04\/The-welding-area-of-mainline-integrating-underbodybody-side-scaled.jpg","datePublished":"2023-04-13T00:28:18+00:00","dateModified":"2023-04-13T10:42:40+00:00","description":"Il sistema garantisce la produzione flessibile multi-modello di veicoli di nuova energia e una concreta riduzione delle perdite di produzione","breadcrumb":{"@id":"https:\/\/www.comau.com\/it\/about-us\/success-stories\/comau-consente-a-hycan-una-produzione-flessibile\/#breadcrumb"},"inLanguage":"it-IT","potentialAction":[{"@type":"ReadAction","target":["https:\/\/www.comau.com\/it\/about-us\/success-stories\/comau-consente-a-hycan-una-produzione-flessibile\/"]}]},{"@type":"ImageObject","inLanguage":"it-IT","@id":"https:\/\/www.comau.com\/it\/about-us\/success-stories\/comau-consente-a-hycan-una-produzione-flessibile\/#primaryimage","url":"https:\/\/www.comau.com\/wp-content\/uploads\/2023\/04\/The-welding-area-of-mainline-integrating-underbodybody-side-scaled.jpg","contentUrl":"https:\/\/www.comau.com\/wp-content\/uploads\/2023\/04\/The-welding-area-of-mainline-integrating-underbodybody-side-scaled.jpg","width":1922,"height":2560,"caption":"The-welding-area-of-mainline-integrating-underbodybody"},{"@type":"BreadcrumbList","@id":"https:\/\/www.comau.com\/it\/about-us\/success-stories\/comau-consente-a-hycan-una-produzione-flessibile\/#breadcrumb","itemListElement":[{"@type":"ListItem","position":1,"name":"Home","item":"https:\/\/www.comau.com\/it\/"},{"@type":"ListItem","position":2,"name":"Questa \u00e8 Comau","item":"https:\/\/www.comau.com\/it\/about-us\/"},{"@type":"ListItem","position":3,"name":"Storie di successo","item":"https:\/\/www.comau.com\/it\/about-us\/success-stories\/"},{"@type":"ListItem","position":4,"name":"Comau sviluppa un\u2019innovativa soluzione di body welding che consente a Hycan una produzione flessibile"}]},{"@type":"WebSite","@id":"https:\/\/www.comau.com\/it\/#website","url":"https:\/\/www.comau.com\/it\/","name":"Comau","description":"Industrial automation and robotics","publisher":{"@id":"https:\/\/www.comau.com\/it\/#organization"},"potentialAction":[{"@type":"SearchAction","target":{"@type":"EntryPoint","urlTemplate":"https:\/\/www.comau.com\/it\/?s={search_term_string}"},"query-input":{"@type":"PropertyValueSpecification","valueRequired":true,"valueName":"search_term_string"}}],"inLanguage":"it-IT"},{"@type":"Organization","@id":"https:\/\/www.comau.com\/it\/#organization","name":"Comau","url":"https:\/\/www.comau.com\/it\/","logo":{"@type":"ImageObject","inLanguage":"it-IT","@id":"https:\/\/www.comau.com\/it\/#\/schema\/logo\/image\/","url":"https:\/\/www.comau.com\/wp-content\/uploads\/2024\/07\/cropped-Logo-COMAU.png","contentUrl":"https:\/\/www.comau.com\/wp-content\/uploads\/2024\/07\/cropped-Logo-COMAU.png","width":434,"height":434,"caption":"Comau"},"image":{"@id":"https:\/\/www.comau.com\/it\/#\/schema\/logo\/image\/"},"sameAs":["https:\/\/www.facebook.com\/COMAU\/","https:\/\/x.com\/comaugroup","https:\/\/www.instagram.com\/comaugroup\/","https:\/\/www.linkedin.com\/company\/comau","https:\/\/www.youtube.com\/user\/comau"]}]}},"_links":{"self":[{"href":"https:\/\/www.comau.com\/it\/wp-json\/wp\/v2\/pages\/49084","targetHints":{"allow":["GET"]}}],"collection":[{"href":"https:\/\/www.comau.com\/it\/wp-json\/wp\/v2\/pages"}],"about":[{"href":"https:\/\/www.comau.com\/it\/wp-json\/wp\/v2\/types\/page"}],"author":[{"embeddable":true,"href":"https:\/\/www.comau.com\/it\/wp-json\/wp\/v2\/users\/19"}],"replies":[{"embeddable":true,"href":"https:\/\/www.comau.com\/it\/wp-json\/wp\/v2\/comments?post=49084"}],"version-history":[{"count":28,"href":"https:\/\/www.comau.com\/it\/wp-json\/wp\/v2\/pages\/49084\/revisions"}],"predecessor-version":[{"id":52477,"href":"https:\/\/www.comau.com\/it\/wp-json\/wp\/v2\/pages\/49084\/revisions\/52477"}],"up":[{"embeddable":true,"href":"https:\/\/www.comau.com\/it\/wp-json\/wp\/v2\/pages\/41288"}],"wp:featuredmedia":[{"embeddable":true,"href":"https:\/\/www.comau.com\/it\/wp-json\/wp\/v2\/media\/52330"}],"wp:attachment":[{"href":"https:\/\/www.comau.com\/it\/wp-json\/wp\/v2\/media?parent=49084"}],"curies":[{"name":"wp","href":"https:\/\/api.w.org\/{rel}","templated":true}]}}