{"id":49004,"date":"2022-11-22T01:54:49","date_gmt":"2022-11-22T00:54:49","guid":{"rendered":"https:\/\/www.comau.com\/?page_id=49004"},"modified":"2022-12-15T22:39:35","modified_gmt":"2022-12-15T21:39:35","slug":"robotica-intelligente","status":"publish","type":"page","link":"https:\/\/www.comau.com\/it\/competencies\/robotics-automation\/robotica-intelligente\/","title":{"rendered":"Robotica intelligente"},"content":{"rendered":"\n<h2 class=\"wp-block-heading\"><strong>L&#8217;automazione intelligente diventa realt\u00e0<\/strong><\/h2>\n\n\n\n<p>Immagina la potenza di un paradigma di automazione aperto e facile da usare basato su robot intelligenti che siano sufficientemente flessibili da adattarsi dinamicamente ai cambiamenti nell&#8217;ambiente di produzione. Con sistemi completamente integrati in grado di auto-ottimizzare i processi, garantire la qualit\u00e0, garantire la riduzione dei costi e accelerare la riconfigurabilit\u00e0.<\/p>\n\n\n\n<h2 class=\"wp-block-heading\"><strong>Consentire ai robot di gestire gli imprevisti<\/strong><\/h2>\n\n\n\n<p>La convergenza di <a href=\"https:\/\/www.comau.com\/it\/competencies\/products-solutions\/mi-ra\/\" target=\"_blank\" rel=\"noreferrer noopener\">sistemi di visione specializzati<\/a><a href=\"https:\/\/www.comau.com\/it\/competencies\/robotics-automation\/\" target=\"_blank\" rel=\"noreferrer noopener\">, robotica avanzata<\/a>, ispezione delle macchine e <a href=\"https:\/\/www.comau.com\/it\/competencies\/robotics-automation\/thermography\/\" target=\"_blank\" rel=\"noreferrer noopener\">Intelligenza Artificiale<\/a> consente ai nostri robot di gestire la personalizzazione, la variabilit\u00e0 e i processi dinamici. Ci\u00f2 a sua volta si traduce in sistemi di produzione pi\u00f9 intelligenti, fabbriche pi\u00f9 intelligenti e migliori prestazioni complessive.<\/p>\n\n\n\n<p>Man mano che i <a href=\"https:\/\/www.comau.com\/it\/competencies\/products-solutions\/robot-team\/\" target=\"_blank\" rel=\"noreferrer noopener\">robot<\/a> imparano a gestire gli imprevisti, aiutano a risparmiare tempo e denaro, consolidando al contempo la capacit\u00e0 di soddisfare le esigenze di produzione attuali e future.<\/p>\n\n\n\n<div class=\"wp-block-columns columns-bg-dark is-layout-flex wp-container-core-columns-is-layout-9d6595d7 wp-block-columns-is-layout-flex\">\n<div class=\"wp-block-column is-layout-flow wp-block-column-is-layout-flow\">\n<h3 class=\"wp-block-heading\">Funzionalit\u00e0 avanzate<br>semplificate<\/h3>\n\n\n\n<p>Man mano che gli esseri umani e i robot lavorano sempre pi\u00f9 in armonia nell&#8217;ambiente di produzione, la flessibilit\u00e0 e la produttivit\u00e0 aumentano. I robot comprendono e traducono autonomamente le istruzioni della sintassi umana in codice.<\/p>\n<\/div>\n\n\n\n<div class=\"wp-block-column is-layout-flow wp-block-column-is-layout-flow\">\n<h3 class=\"wp-block-heading\">Produzione dinamica<br>pi\u00f9 facile<\/h3>\n\n\n\n<p>La serie di strumenti tecnologici Comau favorisce una produzione agile. I sensori e i sistemi di visione consentono ai robot di vedere cosa sta succedendo, comprendere il mondo reale, identificare le possibilit\u00e0 esistenti e pianificare e procedere in base<br>a input variabili.<\/p>\n<\/div>\n\n\n\n<div class=\"wp-block-column is-layout-flow wp-block-column-is-layout-flow\">\n<h3 class=\"wp-block-heading\">Visibilit\u00e0 dei processi e dei sistemi in tempo reale<\/h3>\n\n\n\n<p>Dall&#8217;analisi delle prestazioni e dello stato in tempo reale alla tracciabilit\u00e0 automatica dei pezzi e alla qualit\u00e0 della produzione, la digitalizzazione completa delle celle consente di controllare i parametri e correggere immediatamente le variazioni di processo o materiale in tempo reale.<\/p>\n<\/div>\n<\/div>\n\n\n\n<h2 class=\"wp-block-heading\" id=\"our-solutions\"><strong>Principali vantaggi della Robotica Intelligente di Comau<\/strong><\/h2>\n\n\n\n<p><\/p>\n\n\n\n<div style=\"height:15px\" aria-hidden=\"true\" class=\"wp-block-spacer\"><\/div>\n\n\n\n<div class=\"wp-block-getwid-image-box has-image-left has-text-center has-mobile-layout-default has-mobile-alignment-default\"><div class=\"wp-block-getwid-image-box__image-container is-position-top\"><div class=\"wp-block-getwid-image-box__image-wrapper\"><img decoding=\"async\" width=\"125\" height=\"95\" src=\"https:\/\/www.comau.com\/wp-content\/uploads\/2022\/11\/icon_flexibility-3.png\" alt=\"Flebility\" class=\"wp-block-getwid-image-box__image wp-image-49204\" \/><\/div><\/div><div class=\"wp-block-getwid-image-box__content\">\n<h3 class=\"has-text-align-left wp-block-heading\">Flessibilit\u00e0<\/h3>\n\n\n\n<p class=\"has-text-align-left\">Con sistemi autonomi pi\u00f9 intelligenti, i robot possono apprendere e rispondere alle variabili e alle esigenze dinamiches<\/p>\n\n\n\n<div style=\"height:35px\" aria-hidden=\"true\" class=\"wp-block-spacer\"><\/div>\n<\/div><\/div>\n\n\n\n<div class=\"wp-block-getwid-image-box has-image-left has-text-center has-mobile-layout-default has-mobile-alignment-default\"><div class=\"wp-block-getwid-image-box__image-container is-position-top\"><div class=\"wp-block-getwid-image-box__image-wrapper\"><img decoding=\"async\" width=\"125\" height=\"95\" src=\"https:\/\/www.comau.com\/wp-content\/uploads\/2022\/11\/icon_configuration-2.png\" alt=\"\" class=\"wp-block-getwid-image-box__image wp-image-49192\" \/><\/div><\/div><div class=\"wp-block-getwid-image-box__content\">\n<h3 class=\"has-text-align-left wp-block-heading\">Configurazione Smart<\/h3>\n\n\n\n<p class=\"has-text-align-left\">Le soluzioni basate sull&#8217;IA consentono l&#8217;adozione di modelli di robot pre-addestrati, facilitando un&#8217;implementazione pi\u00f9 facile e veloce<\/p>\n<\/div><\/div>\n\n\n\n<div style=\"height:35px\" aria-hidden=\"true\" class=\"wp-block-spacer\"><\/div>\n\n\n\n<div class=\"wp-block-getwid-image-box has-image-left has-text-center has-mobile-layout-default has-mobile-alignment-default\"><div class=\"wp-block-getwid-image-box__image-container is-position-top\"><div class=\"wp-block-getwid-image-box__image-wrapper\"><img decoding=\"async\" width=\"125\" height=\"95\" src=\"https:\/\/www.comau.com\/wp-content\/uploads\/2022\/11\/icon_human-robot-1.png\" alt=\"human-robot collaboration\" class=\"wp-block-getwid-image-box__image wp-image-49210\" \/><\/div><\/div><div class=\"wp-block-getwid-image-box__content\">\n<h3 class=\"has-text-align-left wp-block-heading\">Collaborazione uomo-robot<\/h3>\n\n\n\n<p class=\"has-text-align-left\">L&#8217;IA aiuta i robot ad adattarsi alle situazioni dinamiche e a comunicare in modo naturale con gli operatori<\/p>\n\n\n\n<div style=\"height:35px\" aria-hidden=\"true\" class=\"wp-block-spacer\"><\/div>\n<\/div><\/div>\n\n\n\n<div class=\"wp-block-getwid-image-box has-image-left has-text-center has-mobile-layout-default has-mobile-alignment-default\"><div class=\"wp-block-getwid-image-box__image-container is-position-top\"><div class=\"wp-block-getwid-image-box__image-wrapper\"><img decoding=\"async\" width=\"125\" height=\"95\" src=\"https:\/\/www.comau.com\/wp-content\/uploads\/2022\/11\/icon_smaller-footprint-1.png\" alt=\"Smaller Footprint\" class=\"wp-block-getwid-image-box__image wp-image-49216\" \/><\/div><\/div><div class=\"wp-block-getwid-image-box__content\">\n<h3 class=\"has-text-align-left wp-block-heading\">Ingombro ridotto<\/h3>\n\n\n\n<p class=\"has-text-align-left\">L&#8217;intelligenza cognitiva favorisce la sincronizzazione dei movimenti, riducendo i rischi di collisione ed eventualmente le distanze tra i robot<\/p>\n\n\n\n<div style=\"height:35px\" aria-hidden=\"true\" class=\"wp-block-spacer\"><\/div>\n<\/div><\/div>\n\n\n\n<div class=\"wp-block-getwid-image-box has-image-left has-text-center has-mobile-layout-default has-mobile-alignment-default\"><div class=\"wp-block-getwid-image-box__image-container is-position-top\"><div class=\"wp-block-getwid-image-box__image-wrapper\"><img decoding=\"async\" width=\"125\" height=\"95\" src=\"https:\/\/www.comau.com\/wp-content\/uploads\/2022\/11\/icon_sustainability-1.png\" alt=\"Sustainability\" class=\"wp-block-getwid-image-box__image wp-image-49222\" \/><\/div><\/div><div class=\"wp-block-getwid-image-box__content\">\n<h3 class=\"has-text-align-left wp-block-heading\">Sostenibilit\u00e0 migliorata<\/h3>\n\n\n\n<p class=\"has-text-align-left\">I tempi di fermo macchina sono ridotti, l&#8217;efficienza aumenta e viene consumata meno energia<\/p>\n<\/div><\/div>\n\n\n\n<hr class=\"wp-block-separator has-alpha-channel-opacity\" \/>\n\n\n\n<p><\/p>\n\n\n\n<div class=\"wp-block-columns is-layout-flex wp-container-core-columns-is-layout-9d6595d7 wp-block-columns-is-layout-flex\">\n<div class=\"wp-block-column has-white-background-color has-background is-layout-flow wp-block-column-is-layout-flow\">\n<h2 class=\"wp-block-heading\">eBook<\/h2>\n\n\n\n<h3 class=\"wp-block-heading\"><strong>Guidare l&#8217;agilit\u00e0 con l&#8217;Automazione Intelligente<\/strong><\/h3>\n\n\n\n<div class=\"wp-block-buttons is-layout-flex wp-block-buttons-is-layout-flex\">\n<div class=\"wp-block-button alignleft\"><a class=\"wp-block-button__link\" href=\"https:\/\/group.comau.com\/it\/content\/ebook\/intelligentautomation\" target=\"_blank\" rel=\"noreferrer noopener\">Ricevi l\u2019eBook ora<\/a><\/div>\n<\/div>\n<\/div>\n\n\n\n<div class=\"wp-block-column has-white-background-color has-background is-layout-flow wp-block-column-is-layout-flow\"><div class=\"wp-block-image\">\n<figure class=\"alignleft size-full\"><img decoding=\"async\" width=\"500\" height=\"455\" src=\"https:\/\/www.comau.com\/wp-content\/uploads\/2022\/11\/Comau_Mira-3D.png\" alt=\"\" class=\"wp-image-49234\" srcset=\"https:\/\/www.comau.com\/wp-content\/uploads\/2022\/11\/Comau_Mira-3D.png 500w, https:\/\/www.comau.com\/wp-content\/uploads\/2022\/11\/Comau_Mira-3D-300x273.png 300w\" sizes=\"(max-width: 500px) 100vw, 500px\" \/><\/figure>\n<\/div><\/div>\n<\/div>\n","protected":false},"excerpt":{"rendered":"<p>L&#8217;automazione intelligente diventa realt\u00e0 Immagina la potenza di un paradigma di automazione aperto e facile da usare basato su robot intelligenti che siano sufficientemente flessibili da adattarsi dinamicamente ai cambiamenti nell&#8217;ambiente di produzione. Con sistemi completamente integrati in grado di auto-ottimizzare i processi, garantire la qualit\u00e0, garantire la riduzione dei costi e accelerare la riconfigurabilit\u00e0. [&hellip;]<\/p>\n","protected":false},"author":21,"featured_media":49423,"parent":5717,"menu_order":1,"comment_status":"closed","ping_status":"closed","template":"","meta":{"_acf_changed":false,"ep_exclude_from_search":false,"footnotes":""},"class_list":["post-49004","page","type-page","status-publish","has-post-thumbnail","hentry"],"acf":[],"yoast_head":"<!-- This site is optimized with the Yoast SEO plugin v26.9 - https:\/\/yoast.com\/product\/yoast-seo-wordpress\/ -->\n<title>La potenza di un paradigma di automazione aperto, facile da usare<\/title>\n<meta name=\"description\" content=\"Immagina la potenza di un paradigma di automazione aperto, facile da usare, abbastanza flessibile da cambiare l&#039;ambiente di produzione.\" \/>\n<meta name=\"robots\" content=\"index, follow, max-snippet:-1, max-image-preview:large, max-video-preview:-1\" \/>\n<link rel=\"canonical\" href=\"https:\/\/www.comau.com\/it\/competencies\/robotics-automation\/robotica-intelligente\/\" \/>\n<meta property=\"og:locale\" content=\"it_IT\" \/>\n<meta property=\"og:type\" content=\"article\" \/>\n<meta property=\"og:title\" content=\"La potenza di un paradigma di automazione aperto, facile da usare\" \/>\n<meta property=\"og:description\" content=\"Immagina la potenza di un paradigma di automazione aperto, facile da usare, abbastanza flessibile da cambiare l&#039;ambiente di produzione.\" \/>\n<meta property=\"og:url\" content=\"https:\/\/www.comau.com\/it\/competencies\/robotics-automation\/robotica-intelligente\/\" \/>\n<meta property=\"og:site_name\" content=\"Comau\" \/>\n<meta property=\"article:publisher\" content=\"https:\/\/www.facebook.com\/COMAU\/\" \/>\n<meta property=\"article:modified_time\" content=\"2022-12-15T21:39:35+00:00\" \/>\n<meta property=\"og:image\" content=\"https:\/\/www.comau.com\/wp-content\/uploads\/2022\/12\/banner_Comau_Intelligent-Robotics.jpg\" \/>\n\t<meta property=\"og:image:width\" content=\"1450\" \/>\n\t<meta property=\"og:image:height\" content=\"450\" \/>\n\t<meta property=\"og:image:type\" content=\"image\/jpeg\" \/>\n<meta name=\"twitter:card\" content=\"summary_large_image\" \/>\n<meta name=\"twitter:site\" content=\"@comaugroup\" \/>\n<meta name=\"twitter:label1\" content=\"Tempo di lettura stimato\" \/>\n\t<meta name=\"twitter:data1\" content=\"3 minuti\" \/>\n<script type=\"application\/ld+json\" class=\"yoast-schema-graph\">{\"@context\":\"https:\/\/schema.org\",\"@graph\":[{\"@type\":\"WebPage\",\"@id\":\"https:\/\/www.comau.com\/it\/competencies\/robotics-automation\/robotica-intelligente\/\",\"url\":\"https:\/\/www.comau.com\/it\/competencies\/robotics-automation\/robotica-intelligente\/\",\"name\":\"La potenza di un paradigma di automazione aperto, facile da usare\",\"isPartOf\":{\"@id\":\"https:\/\/www.comau.com\/it\/#website\"},\"primaryImageOfPage\":{\"@id\":\"https:\/\/www.comau.com\/it\/competencies\/robotics-automation\/robotica-intelligente\/#primaryimage\"},\"image\":{\"@id\":\"https:\/\/www.comau.com\/it\/competencies\/robotics-automation\/robotica-intelligente\/#primaryimage\"},\"thumbnailUrl\":\"https:\/\/www.comau.com\/wp-content\/uploads\/2022\/12\/banner_Comau_Intelligent-Robotics.jpg\",\"datePublished\":\"2022-11-22T00:54:49+00:00\",\"dateModified\":\"2022-12-15T21:39:35+00:00\",\"description\":\"Immagina la potenza di un paradigma di automazione aperto, facile da usare, abbastanza flessibile da cambiare l'ambiente di produzione.\",\"breadcrumb\":{\"@id\":\"https:\/\/www.comau.com\/it\/competencies\/robotics-automation\/robotica-intelligente\/#breadcrumb\"},\"inLanguage\":\"it-IT\",\"potentialAction\":[{\"@type\":\"ReadAction\",\"target\":[\"https:\/\/www.comau.com\/it\/competencies\/robotics-automation\/robotica-intelligente\/\"]}]},{\"@type\":\"ImageObject\",\"inLanguage\":\"it-IT\",\"@id\":\"https:\/\/www.comau.com\/it\/competencies\/robotics-automation\/robotica-intelligente\/#primaryimage\",\"url\":\"https:\/\/www.comau.com\/wp-content\/uploads\/2022\/12\/banner_Comau_Intelligent-Robotics.jpg\",\"contentUrl\":\"https:\/\/www.comau.com\/wp-content\/uploads\/2022\/12\/banner_Comau_Intelligent-Robotics.jpg\",\"width\":1450,\"height\":450,\"caption\":\"Comau Intelligent Robotis\"},{\"@type\":\"BreadcrumbList\",\"@id\":\"https:\/\/www.comau.com\/it\/competencies\/robotics-automation\/robotica-intelligente\/#breadcrumb\",\"itemListElement\":[{\"@type\":\"ListItem\",\"position\":1,\"name\":\"Home\",\"item\":\"https:\/\/www.comau.com\/it\/\"},{\"@type\":\"ListItem\",\"position\":2,\"name\":\"Le Nostre Competenze\",\"item\":\"https:\/\/www.comau.com\/it\/competencies\/\"},{\"@type\":\"ListItem\",\"position\":3,\"name\":\"Robotics &amp; Automation\",\"item\":\"https:\/\/www.comau.com\/it\/competencies\/robotics-automation\/\"},{\"@type\":\"ListItem\",\"position\":4,\"name\":\"Robotica intelligente\"}]},{\"@type\":\"WebSite\",\"@id\":\"https:\/\/www.comau.com\/it\/#website\",\"url\":\"https:\/\/www.comau.com\/it\/\",\"name\":\"Comau\",\"description\":\"Industrial automation and robotics\",\"publisher\":{\"@id\":\"https:\/\/www.comau.com\/it\/#organization\"},\"potentialAction\":[{\"@type\":\"SearchAction\",\"target\":{\"@type\":\"EntryPoint\",\"urlTemplate\":\"https:\/\/www.comau.com\/it\/?s={search_term_string}\"},\"query-input\":{\"@type\":\"PropertyValueSpecification\",\"valueRequired\":true,\"valueName\":\"search_term_string\"}}],\"inLanguage\":\"it-IT\"},{\"@type\":\"Organization\",\"@id\":\"https:\/\/www.comau.com\/it\/#organization\",\"name\":\"Comau\",\"url\":\"https:\/\/www.comau.com\/it\/\",\"logo\":{\"@type\":\"ImageObject\",\"inLanguage\":\"it-IT\",\"@id\":\"https:\/\/www.comau.com\/it\/#\/schema\/logo\/image\/\",\"url\":\"https:\/\/www.comau.com\/wp-content\/uploads\/2024\/07\/cropped-Logo-COMAU.png\",\"contentUrl\":\"https:\/\/www.comau.com\/wp-content\/uploads\/2024\/07\/cropped-Logo-COMAU.png\",\"width\":434,\"height\":434,\"caption\":\"Comau\"},\"image\":{\"@id\":\"https:\/\/www.comau.com\/it\/#\/schema\/logo\/image\/\"},\"sameAs\":[\"https:\/\/www.facebook.com\/COMAU\/\",\"https:\/\/x.com\/comaugroup\",\"https:\/\/www.instagram.com\/comaugroup\/\",\"https:\/\/www.linkedin.com\/company\/comau\",\"https:\/\/www.youtube.com\/user\/comau\"]}]}<\/script>\n<!-- \/ Yoast SEO plugin. -->","yoast_head_json":{"title":"La potenza di un paradigma di automazione aperto, facile da usare","description":"Immagina la potenza di un paradigma di automazione aperto, facile da usare, abbastanza flessibile da cambiare l'ambiente di produzione.","robots":{"index":"index","follow":"follow","max-snippet":"max-snippet:-1","max-image-preview":"max-image-preview:large","max-video-preview":"max-video-preview:-1"},"canonical":"https:\/\/www.comau.com\/it\/competencies\/robotics-automation\/robotica-intelligente\/","og_locale":"it_IT","og_type":"article","og_title":"La potenza di un paradigma di automazione aperto, facile da usare","og_description":"Immagina la potenza di un paradigma di automazione aperto, facile da usare, abbastanza flessibile da cambiare l'ambiente di produzione.","og_url":"https:\/\/www.comau.com\/it\/competencies\/robotics-automation\/robotica-intelligente\/","og_site_name":"Comau","article_publisher":"https:\/\/www.facebook.com\/COMAU\/","article_modified_time":"2022-12-15T21:39:35+00:00","og_image":[{"width":1450,"height":450,"url":"https:\/\/www.comau.com\/wp-content\/uploads\/2022\/12\/banner_Comau_Intelligent-Robotics.jpg","type":"image\/jpeg"}],"twitter_card":"summary_large_image","twitter_site":"@comaugroup","twitter_misc":{"Tempo di lettura stimato":"3 minuti"},"schema":{"@context":"https:\/\/schema.org","@graph":[{"@type":"WebPage","@id":"https:\/\/www.comau.com\/it\/competencies\/robotics-automation\/robotica-intelligente\/","url":"https:\/\/www.comau.com\/it\/competencies\/robotics-automation\/robotica-intelligente\/","name":"La potenza di un paradigma di automazione aperto, facile da usare","isPartOf":{"@id":"https:\/\/www.comau.com\/it\/#website"},"primaryImageOfPage":{"@id":"https:\/\/www.comau.com\/it\/competencies\/robotics-automation\/robotica-intelligente\/#primaryimage"},"image":{"@id":"https:\/\/www.comau.com\/it\/competencies\/robotics-automation\/robotica-intelligente\/#primaryimage"},"thumbnailUrl":"https:\/\/www.comau.com\/wp-content\/uploads\/2022\/12\/banner_Comau_Intelligent-Robotics.jpg","datePublished":"2022-11-22T00:54:49+00:00","dateModified":"2022-12-15T21:39:35+00:00","description":"Immagina la potenza di un paradigma di automazione aperto, facile da usare, abbastanza flessibile da cambiare l'ambiente di produzione.","breadcrumb":{"@id":"https:\/\/www.comau.com\/it\/competencies\/robotics-automation\/robotica-intelligente\/#breadcrumb"},"inLanguage":"it-IT","potentialAction":[{"@type":"ReadAction","target":["https:\/\/www.comau.com\/it\/competencies\/robotics-automation\/robotica-intelligente\/"]}]},{"@type":"ImageObject","inLanguage":"it-IT","@id":"https:\/\/www.comau.com\/it\/competencies\/robotics-automation\/robotica-intelligente\/#primaryimage","url":"https:\/\/www.comau.com\/wp-content\/uploads\/2022\/12\/banner_Comau_Intelligent-Robotics.jpg","contentUrl":"https:\/\/www.comau.com\/wp-content\/uploads\/2022\/12\/banner_Comau_Intelligent-Robotics.jpg","width":1450,"height":450,"caption":"Comau Intelligent Robotis"},{"@type":"BreadcrumbList","@id":"https:\/\/www.comau.com\/it\/competencies\/robotics-automation\/robotica-intelligente\/#breadcrumb","itemListElement":[{"@type":"ListItem","position":1,"name":"Home","item":"https:\/\/www.comau.com\/it\/"},{"@type":"ListItem","position":2,"name":"Le Nostre Competenze","item":"https:\/\/www.comau.com\/it\/competencies\/"},{"@type":"ListItem","position":3,"name":"Robotics &amp; Automation","item":"https:\/\/www.comau.com\/it\/competencies\/robotics-automation\/"},{"@type":"ListItem","position":4,"name":"Robotica intelligente"}]},{"@type":"WebSite","@id":"https:\/\/www.comau.com\/it\/#website","url":"https:\/\/www.comau.com\/it\/","name":"Comau","description":"Industrial automation and robotics","publisher":{"@id":"https:\/\/www.comau.com\/it\/#organization"},"potentialAction":[{"@type":"SearchAction","target":{"@type":"EntryPoint","urlTemplate":"https:\/\/www.comau.com\/it\/?s={search_term_string}"},"query-input":{"@type":"PropertyValueSpecification","valueRequired":true,"valueName":"search_term_string"}}],"inLanguage":"it-IT"},{"@type":"Organization","@id":"https:\/\/www.comau.com\/it\/#organization","name":"Comau","url":"https:\/\/www.comau.com\/it\/","logo":{"@type":"ImageObject","inLanguage":"it-IT","@id":"https:\/\/www.comau.com\/it\/#\/schema\/logo\/image\/","url":"https:\/\/www.comau.com\/wp-content\/uploads\/2024\/07\/cropped-Logo-COMAU.png","contentUrl":"https:\/\/www.comau.com\/wp-content\/uploads\/2024\/07\/cropped-Logo-COMAU.png","width":434,"height":434,"caption":"Comau"},"image":{"@id":"https:\/\/www.comau.com\/it\/#\/schema\/logo\/image\/"},"sameAs":["https:\/\/www.facebook.com\/COMAU\/","https:\/\/x.com\/comaugroup","https:\/\/www.instagram.com\/comaugroup\/","https:\/\/www.linkedin.com\/company\/comau","https:\/\/www.youtube.com\/user\/comau"]}]}},"_links":{"self":[{"href":"https:\/\/www.comau.com\/it\/wp-json\/wp\/v2\/pages\/49004","targetHints":{"allow":["GET"]}}],"collection":[{"href":"https:\/\/www.comau.com\/it\/wp-json\/wp\/v2\/pages"}],"about":[{"href":"https:\/\/www.comau.com\/it\/wp-json\/wp\/v2\/types\/page"}],"author":[{"embeddable":true,"href":"https:\/\/www.comau.com\/it\/wp-json\/wp\/v2\/users\/21"}],"replies":[{"embeddable":true,"href":"https:\/\/www.comau.com\/it\/wp-json\/wp\/v2\/comments?post=49004"}],"version-history":[{"count":20,"href":"https:\/\/www.comau.com\/it\/wp-json\/wp\/v2\/pages\/49004\/revisions"}],"predecessor-version":[{"id":49732,"href":"https:\/\/www.comau.com\/it\/wp-json\/wp\/v2\/pages\/49004\/revisions\/49732"}],"up":[{"embeddable":true,"href":"https:\/\/www.comau.com\/it\/wp-json\/wp\/v2\/pages\/5717"}],"wp:featuredmedia":[{"embeddable":true,"href":"https:\/\/www.comau.com\/it\/wp-json\/wp\/v2\/media\/49423"}],"wp:attachment":[{"href":"https:\/\/www.comau.com\/it\/wp-json\/wp\/v2\/media?parent=49004"}],"curies":[{"name":"wp","href":"https:\/\/api.w.org\/{rel}","templated":true}]}}