{"id":4900,"date":"2021-06-08T09:35:49","date_gmt":"2021-06-08T07:35:49","guid":{"rendered":"https:\/\/www.comau.com\/?page_id=4900"},"modified":"2021-12-03T17:09:48","modified_gmt":"2021-12-03T16:09:48","slug":"accumulate-pallet-conveyors","status":"publish","type":"page","link":"https:\/\/www.comau.com\/it\/competencies\/systems\/products\/accumulate-pallet-conveyors\/","title":{"rendered":"Accumulate Pallet Conveyors"},"content":{"rendered":"\n<h2 class=\"wp-block-heading\">L\u2019accumulatore di pallet<\/h2>\n\n\n\n<p>Il nastro trasportatore \u00e8 una macchina configurabile basata sulle seguenti caratteristiche:<\/p>\n\n\n\n<ul class=\"wp-block-list\"><li>La semplicit\u00e0, che rende pi\u00f9 veloce la composizione del percorso del nastro trasportatore (per applicazioni standard)<\/li><li>\u201cCommonality for carry over\u201d: non cambiano in base alle diverse lunghezze dei trasportatori. Altri, pur mantenendo le stesse funzioni e caratteristiche, variano nelle dimensioni.<\/li><\/ul>\n\n\n\n<h2 class=\"wp-block-heading\">Inoltre, grazie alla completa flessibilit\u00e0 del prodotto, l&#8217;APC pu\u00f2 essere:<\/h2>\n\n\n\n<ul class=\"wp-block-list\"><li>Montato a pavimento o sopraelevato<\/li><li>Caricato frontalmente o lateralmente<\/li><li>Pu\u00f2 supportare un\u2019ampia gamma di dimensioni di pallet<\/li><li>Pu\u00f2 fare un ampio utilizzo delle unit\u00e0 standard per semplificare i processi di ingegneria<\/li><li>Ha un\u2019elevata precisione di posizionamento (0.5 mm)<\/li><\/ul>\n\n\n\n<div class=\"wp-block-getwid-toggle download-dropdown has-icon-left\">\n<div class=\"wp-block-getwid-toggle__row\"><div class=\"wp-block-getwid-toggle__header-wrapper\"><span class=\"wp-block-getwid-toggle__header\"><a href=\"#\"><span class=\"wp-block-getwid-toggle__header-title\">Download the brochure<\/span><span class=\"wp-block-getwid-toggle__icon is-active\"><i class=\"fas fa-plus\"><\/i><\/span><span class=\"wp-block-getwid-toggle__icon is-passive\"><i class=\"fas fa-minus\"><\/i><\/span><\/a><\/span><\/div><div class=\"wp-block-getwid-toggle__content-wrapper\"><div class=\"wp-block-getwid-toggle__content\">\n<div class=\"wp-block-getwid-button-group\"><div class=\"wp-block-getwid-button-group__wrapper\">\n<div class=\"wp-block-button\"><a class=\"wp-block-button__link\" href=\"https:\/\/www.comau.com\/wp-content\/uploads\/2021\/06\/APC-accumulate-pallet-conveyor.pdf\" target=\"_blank\" rel=\"noreferrer noopener\">APC<\/a><\/div>\n<\/div><\/div>\n<\/div><\/div><\/div>\n<\/div>\n\n\n\n<h2 class=\"wp-block-heading\">Caratteristiche del prodotto<\/h2>\n\n\n\n<ul class=\"wp-block-list\"><li>Lunghezza del nastro trasportatore: 2-12 m (standard); 12-100 m (custom)<\/li><li>Peso del nastro trasportatore: 100 kg\/m<\/li><li>Velocit\u00e0 massima di trasporto  (max.): 10 m\/min.<\/li><li>Payload (max.): 100 Kg\/m (impianto specifico + pezzo)<\/li><li>Larghezza del pallet (max.): 1200 mm<\/li><li>Montaggio motore: morsetti direttamente sull\u2019albero motore con staffa anti-rotazione<\/li><li>Massima potenza supportata: 0,55 kW<\/li><li>Catena fly-roller: 1 catena tripla con pitch di 12,7 mm <\/li><li>Controllo di posizione del pallet con finecorsa induttivi<\/li><li>Precisione di arresto del pallet: \u00b1 0,5 mm<\/li><li>Altezza del livello di trasporto: 800-1050 mm (a pavimento)<\/li><li>Struttura del nastro trasportatore: in alluminio<\/li><li>Carico per stopper (max.): 10 pallet<\/li><li>Aria non richiesta: ecosostenibile<\/li><li>No olio catena<\/li><\/ul>\n\n\n\n<p>Esperti globali del prodotto garantiscono supporto tecnico e di processo. La distribuzione \u00e8 effettuata in tutto il mondo con supporto adeguato.<\/p>\n\n\n\n<figure class=\"wp-block-embed is-type-video is-provider-youtube wp-block-embed-youtube wp-embed-aspect-16-9 wp-has-aspect-ratio\"><div class=\"wp-block-embed__wrapper\">\n<iframe title=\"Comau launches the new APC\" width=\"640\" height=\"360\" src=\"https:\/\/www.youtube.com\/embed\/iHac3NkMMMo?feature=oembed\" frameborder=\"0\" allow=\"accelerometer; autoplay; clipboard-write; encrypted-media; gyroscope; picture-in-picture; web-share\" referrerpolicy=\"strict-origin-when-cross-origin\" allowfullscreen><\/iframe>\n<\/div><\/figure>\n","protected":false},"excerpt":{"rendered":"<p>L\u2019accumulatore di pallet Il nastro trasportatore \u00e8 una macchina configurabile basata sulle seguenti caratteristiche: La semplicit\u00e0, che rende pi\u00f9 veloce la composizione del percorso del nastro trasportatore (per applicazioni standard) \u201cCommonality for carry over\u201d: non cambiano in base alle diverse lunghezze dei trasportatori. Altri, pur mantenendo le stesse funzioni e caratteristiche, variano nelle dimensioni. Inoltre, [&hellip;]<\/p>\n","protected":false},"author":11,"featured_media":4909,"parent":4778,"menu_order":0,"comment_status":"closed","ping_status":"closed","template":"","meta":{"_acf_changed":false,"ep_exclude_from_search":false,"footnotes":""},"class_list":["post-4900","page","type-page","status-publish","has-post-thumbnail","hentry"],"acf":[],"yoast_head":"<!-- This site is optimized with the Yoast SEO plugin v26.9 - https:\/\/yoast.com\/product\/yoast-seo-wordpress\/ -->\n<title>Trasportatori di Pallet | Accumulate Pallet Conveyors | Comau<\/title>\n<meta name=\"description\" content=\"Scopri la sezione dedicata ai trasportatori di pallet di Comau: consulta il mondo degli accumulate pallet conveyors!\" \/>\n<meta name=\"robots\" content=\"index, follow, max-snippet:-1, max-image-preview:large, max-video-preview:-1\" \/>\n<link rel=\"canonical\" href=\"https:\/\/www.comau.com\/it\/competencies\/systems\/products\/accumulate-pallet-conveyors\/\" \/>\n<meta property=\"og:locale\" content=\"it_IT\" \/>\n<meta property=\"og:type\" content=\"article\" \/>\n<meta property=\"og:title\" content=\"Trasportatori di Pallet | Accumulate Pallet Conveyors | Comau\" \/>\n<meta property=\"og:description\" content=\"Scopri la sezione dedicata ai trasportatori di pallet di Comau: consulta il mondo degli accumulate pallet conveyors!\" \/>\n<meta property=\"og:url\" content=\"https:\/\/www.comau.com\/it\/competencies\/systems\/products\/accumulate-pallet-conveyors\/\" \/>\n<meta property=\"og:site_name\" content=\"Comau\" \/>\n<meta property=\"article:publisher\" content=\"https:\/\/www.facebook.com\/COMAU\/\" \/>\n<meta property=\"article:modified_time\" content=\"2021-12-03T16:09:48+00:00\" \/>\n<meta property=\"og:image\" content=\"https:\/\/www.comau.com\/wp-content\/uploads\/2021\/06\/pallet-conveyors_header.jpg\" \/>\n\t<meta property=\"og:image:width\" content=\"1280\" \/>\n\t<meta property=\"og:image:height\" content=\"485\" \/>\n\t<meta property=\"og:image:type\" content=\"image\/jpeg\" \/>\n<meta name=\"twitter:card\" content=\"summary_large_image\" \/>\n<meta name=\"twitter:site\" content=\"@comaugroup\" \/>\n<meta name=\"twitter:label1\" content=\"Tempo di lettura stimato\" \/>\n\t<meta name=\"twitter:data1\" content=\"2 minuti\" \/>\n<script type=\"application\/ld+json\" class=\"yoast-schema-graph\">{\"@context\":\"https:\/\/schema.org\",\"@graph\":[{\"@type\":\"WebPage\",\"@id\":\"https:\/\/www.comau.com\/it\/competencies\/systems\/products\/accumulate-pallet-conveyors\/\",\"url\":\"https:\/\/www.comau.com\/it\/competencies\/systems\/products\/accumulate-pallet-conveyors\/\",\"name\":\"Trasportatori di Pallet | Accumulate Pallet Conveyors | Comau\",\"isPartOf\":{\"@id\":\"https:\/\/www.comau.com\/it\/#website\"},\"primaryImageOfPage\":{\"@id\":\"https:\/\/www.comau.com\/it\/competencies\/systems\/products\/accumulate-pallet-conveyors\/#primaryimage\"},\"image\":{\"@id\":\"https:\/\/www.comau.com\/it\/competencies\/systems\/products\/accumulate-pallet-conveyors\/#primaryimage\"},\"thumbnailUrl\":\"https:\/\/www.comau.com\/wp-content\/uploads\/2021\/06\/pallet-conveyors_header.jpg\",\"datePublished\":\"2021-06-08T07:35:49+00:00\",\"dateModified\":\"2021-12-03T16:09:48+00:00\",\"description\":\"Scopri la sezione dedicata ai trasportatori di pallet di Comau: consulta il mondo degli accumulate pallet conveyors!\",\"breadcrumb\":{\"@id\":\"https:\/\/www.comau.com\/it\/competencies\/systems\/products\/accumulate-pallet-conveyors\/#breadcrumb\"},\"inLanguage\":\"it-IT\",\"potentialAction\":[{\"@type\":\"ReadAction\",\"target\":[\"https:\/\/www.comau.com\/it\/competencies\/systems\/products\/accumulate-pallet-conveyors\/\"]}]},{\"@type\":\"ImageObject\",\"inLanguage\":\"it-IT\",\"@id\":\"https:\/\/www.comau.com\/it\/competencies\/systems\/products\/accumulate-pallet-conveyors\/#primaryimage\",\"url\":\"https:\/\/www.comau.com\/wp-content\/uploads\/2021\/06\/pallet-conveyors_header.jpg\",\"contentUrl\":\"https:\/\/www.comau.com\/wp-content\/uploads\/2021\/06\/pallet-conveyors_header.jpg\",\"width\":1280,\"height\":485},{\"@type\":\"BreadcrumbList\",\"@id\":\"https:\/\/www.comau.com\/it\/competencies\/systems\/products\/accumulate-pallet-conveyors\/#breadcrumb\",\"itemListElement\":[{\"@type\":\"ListItem\",\"position\":1,\"name\":\"Home\",\"item\":\"https:\/\/www.comau.com\/it\/\"},{\"@type\":\"ListItem\",\"position\":2,\"name\":\"Le Nostre Competenze\",\"item\":\"https:\/\/www.comau.com\/it\/competencies\/\"},{\"@type\":\"ListItem\",\"position\":3,\"name\":\"Body Assembly\",\"item\":\"https:\/\/www.comau.com\/it\/competencies\/body-assembly\/\"},{\"@type\":\"ListItem\",\"position\":4,\"name\":\"Prodotti\",\"item\":\"https:\/\/www.comau.com\/it\/competencies\/body-assembly\/products\/\"},{\"@type\":\"ListItem\",\"position\":5,\"name\":\"Accumulate Pallet Conveyors\"}]},{\"@type\":\"WebSite\",\"@id\":\"https:\/\/www.comau.com\/it\/#website\",\"url\":\"https:\/\/www.comau.com\/it\/\",\"name\":\"Comau\",\"description\":\"Industrial automation and robotics\",\"publisher\":{\"@id\":\"https:\/\/www.comau.com\/it\/#organization\"},\"potentialAction\":[{\"@type\":\"SearchAction\",\"target\":{\"@type\":\"EntryPoint\",\"urlTemplate\":\"https:\/\/www.comau.com\/it\/?s={search_term_string}\"},\"query-input\":{\"@type\":\"PropertyValueSpecification\",\"valueRequired\":true,\"valueName\":\"search_term_string\"}}],\"inLanguage\":\"it-IT\"},{\"@type\":\"Organization\",\"@id\":\"https:\/\/www.comau.com\/it\/#organization\",\"name\":\"Comau\",\"url\":\"https:\/\/www.comau.com\/it\/\",\"logo\":{\"@type\":\"ImageObject\",\"inLanguage\":\"it-IT\",\"@id\":\"https:\/\/www.comau.com\/it\/#\/schema\/logo\/image\/\",\"url\":\"https:\/\/www.comau.com\/wp-content\/uploads\/2024\/07\/cropped-Logo-COMAU.png\",\"contentUrl\":\"https:\/\/www.comau.com\/wp-content\/uploads\/2024\/07\/cropped-Logo-COMAU.png\",\"width\":434,\"height\":434,\"caption\":\"Comau\"},\"image\":{\"@id\":\"https:\/\/www.comau.com\/it\/#\/schema\/logo\/image\/\"},\"sameAs\":[\"https:\/\/www.facebook.com\/COMAU\/\",\"https:\/\/x.com\/comaugroup\",\"https:\/\/www.instagram.com\/comaugroup\/\",\"https:\/\/www.linkedin.com\/company\/comau\",\"https:\/\/www.youtube.com\/user\/comau\"]}]}<\/script>\n<!-- \/ Yoast SEO plugin. -->","yoast_head_json":{"title":"Trasportatori di Pallet | Accumulate Pallet Conveyors | Comau","description":"Scopri la sezione dedicata ai trasportatori di pallet di Comau: consulta il mondo degli accumulate pallet conveyors!","robots":{"index":"index","follow":"follow","max-snippet":"max-snippet:-1","max-image-preview":"max-image-preview:large","max-video-preview":"max-video-preview:-1"},"canonical":"https:\/\/www.comau.com\/it\/competencies\/systems\/products\/accumulate-pallet-conveyors\/","og_locale":"it_IT","og_type":"article","og_title":"Trasportatori di Pallet | Accumulate Pallet Conveyors | Comau","og_description":"Scopri la sezione dedicata ai trasportatori di pallet di Comau: consulta il mondo degli accumulate pallet conveyors!","og_url":"https:\/\/www.comau.com\/it\/competencies\/systems\/products\/accumulate-pallet-conveyors\/","og_site_name":"Comau","article_publisher":"https:\/\/www.facebook.com\/COMAU\/","article_modified_time":"2021-12-03T16:09:48+00:00","og_image":[{"width":1280,"height":485,"url":"https:\/\/www.comau.com\/wp-content\/uploads\/2021\/06\/pallet-conveyors_header.jpg","type":"image\/jpeg"}],"twitter_card":"summary_large_image","twitter_site":"@comaugroup","twitter_misc":{"Tempo di lettura stimato":"2 minuti"},"schema":{"@context":"https:\/\/schema.org","@graph":[{"@type":"WebPage","@id":"https:\/\/www.comau.com\/it\/competencies\/systems\/products\/accumulate-pallet-conveyors\/","url":"https:\/\/www.comau.com\/it\/competencies\/systems\/products\/accumulate-pallet-conveyors\/","name":"Trasportatori di Pallet | Accumulate Pallet Conveyors | Comau","isPartOf":{"@id":"https:\/\/www.comau.com\/it\/#website"},"primaryImageOfPage":{"@id":"https:\/\/www.comau.com\/it\/competencies\/systems\/products\/accumulate-pallet-conveyors\/#primaryimage"},"image":{"@id":"https:\/\/www.comau.com\/it\/competencies\/systems\/products\/accumulate-pallet-conveyors\/#primaryimage"},"thumbnailUrl":"https:\/\/www.comau.com\/wp-content\/uploads\/2021\/06\/pallet-conveyors_header.jpg","datePublished":"2021-06-08T07:35:49+00:00","dateModified":"2021-12-03T16:09:48+00:00","description":"Scopri la sezione dedicata ai trasportatori di pallet di Comau: consulta il mondo degli accumulate pallet conveyors!","breadcrumb":{"@id":"https:\/\/www.comau.com\/it\/competencies\/systems\/products\/accumulate-pallet-conveyors\/#breadcrumb"},"inLanguage":"it-IT","potentialAction":[{"@type":"ReadAction","target":["https:\/\/www.comau.com\/it\/competencies\/systems\/products\/accumulate-pallet-conveyors\/"]}]},{"@type":"ImageObject","inLanguage":"it-IT","@id":"https:\/\/www.comau.com\/it\/competencies\/systems\/products\/accumulate-pallet-conveyors\/#primaryimage","url":"https:\/\/www.comau.com\/wp-content\/uploads\/2021\/06\/pallet-conveyors_header.jpg","contentUrl":"https:\/\/www.comau.com\/wp-content\/uploads\/2021\/06\/pallet-conveyors_header.jpg","width":1280,"height":485},{"@type":"BreadcrumbList","@id":"https:\/\/www.comau.com\/it\/competencies\/systems\/products\/accumulate-pallet-conveyors\/#breadcrumb","itemListElement":[{"@type":"ListItem","position":1,"name":"Home","item":"https:\/\/www.comau.com\/it\/"},{"@type":"ListItem","position":2,"name":"Le Nostre Competenze","item":"https:\/\/www.comau.com\/it\/competencies\/"},{"@type":"ListItem","position":3,"name":"Body Assembly","item":"https:\/\/www.comau.com\/it\/competencies\/body-assembly\/"},{"@type":"ListItem","position":4,"name":"Prodotti","item":"https:\/\/www.comau.com\/it\/competencies\/body-assembly\/products\/"},{"@type":"ListItem","position":5,"name":"Accumulate Pallet Conveyors"}]},{"@type":"WebSite","@id":"https:\/\/www.comau.com\/it\/#website","url":"https:\/\/www.comau.com\/it\/","name":"Comau","description":"Industrial automation and robotics","publisher":{"@id":"https:\/\/www.comau.com\/it\/#organization"},"potentialAction":[{"@type":"SearchAction","target":{"@type":"EntryPoint","urlTemplate":"https:\/\/www.comau.com\/it\/?s={search_term_string}"},"query-input":{"@type":"PropertyValueSpecification","valueRequired":true,"valueName":"search_term_string"}}],"inLanguage":"it-IT"},{"@type":"Organization","@id":"https:\/\/www.comau.com\/it\/#organization","name":"Comau","url":"https:\/\/www.comau.com\/it\/","logo":{"@type":"ImageObject","inLanguage":"it-IT","@id":"https:\/\/www.comau.com\/it\/#\/schema\/logo\/image\/","url":"https:\/\/www.comau.com\/wp-content\/uploads\/2024\/07\/cropped-Logo-COMAU.png","contentUrl":"https:\/\/www.comau.com\/wp-content\/uploads\/2024\/07\/cropped-Logo-COMAU.png","width":434,"height":434,"caption":"Comau"},"image":{"@id":"https:\/\/www.comau.com\/it\/#\/schema\/logo\/image\/"},"sameAs":["https:\/\/www.facebook.com\/COMAU\/","https:\/\/x.com\/comaugroup","https:\/\/www.instagram.com\/comaugroup\/","https:\/\/www.linkedin.com\/company\/comau","https:\/\/www.youtube.com\/user\/comau"]}]}},"_links":{"self":[{"href":"https:\/\/www.comau.com\/it\/wp-json\/wp\/v2\/pages\/4900","targetHints":{"allow":["GET"]}}],"collection":[{"href":"https:\/\/www.comau.com\/it\/wp-json\/wp\/v2\/pages"}],"about":[{"href":"https:\/\/www.comau.com\/it\/wp-json\/wp\/v2\/types\/page"}],"author":[{"embeddable":true,"href":"https:\/\/www.comau.com\/it\/wp-json\/wp\/v2\/users\/11"}],"replies":[{"embeddable":true,"href":"https:\/\/www.comau.com\/it\/wp-json\/wp\/v2\/comments?post=4900"}],"version-history":[{"count":34,"href":"https:\/\/www.comau.com\/it\/wp-json\/wp\/v2\/pages\/4900\/revisions"}],"predecessor-version":[{"id":40156,"href":"https:\/\/www.comau.com\/it\/wp-json\/wp\/v2\/pages\/4900\/revisions\/40156"}],"up":[{"embeddable":true,"href":"https:\/\/www.comau.com\/it\/wp-json\/wp\/v2\/pages\/4778"}],"wp:featuredmedia":[{"embeddable":true,"href":"https:\/\/www.comau.com\/it\/wp-json\/wp\/v2\/media\/4909"}],"wp:attachment":[{"href":"https:\/\/www.comau.com\/it\/wp-json\/wp\/v2\/media?parent=4900"}],"curies":[{"name":"wp","href":"https:\/\/api.w.org\/{rel}","templated":true}]}}