{"id":4821,"date":"2021-07-01T00:08:53","date_gmt":"2021-06-30T22:08:53","guid":{"rendered":"https:\/\/www.comau.com\/collaborative-robotics\/"},"modified":"2024-11-14T20:07:50","modified_gmt":"2024-11-14T19:07:50","slug":"collaborative-robotics","status":"publish","type":"page","link":"https:\/\/www.comau.com\/it\/competencies\/robotics-automation\/collaborative-robotics\/","title":{"rendered":"Collaborative Robotics"},"content":{"rendered":"\n<h1 class=\"wp-block-heading\">La quarta rivoluzione industriale ha ridefinito il rapporto uomo-macchina all\u2019interno della fabbrica moderna<\/h1>\n\n\n\n<p>La <strong>quarta rivoluzione industriale <\/strong>ha rivoluzionato il rapporto uomo-macchina nelle moderne fabbriche, ridefinendo il concetto stesso di manifattura.<\/p>\n\n\n\n<p>Nella <strong>Smart Factory di Comau<\/strong>, la <strong>robotica collaborativa<\/strong> prende il centro della scena grazie alla presenza di soluzioni avanzate in grado di automatizzare e ottimizzare i processi: parliamo dei cosiddetti <strong>cobot<\/strong>, ossia <strong>i robot collaborativi<\/strong>, un vero e proprio punto di svolta nell&#8217;industria.<\/p>\n\n\n\n<p>I <strong>cobot<\/strong>, in sostanza, affrontano le <strong>operazioni ripetitive e gravose<\/strong>, permettendo agli operatori umani di concentrarsi su attivit\u00e0 pi\u00f9 specializzate e meno faticose, in una sinergia tra uomo e robot che porta a una produzione pi\u00f9 efficiente e sicura.<\/p>\n\n\n\n<p>Un robot collaborativo offre un supporto fondamentale al lavoratore umano, semplificando la gestione del lavoro e portando a risultati migliori, proprio perch\u00e9 mentre la macchina si occupa dei processi standardizzati, <strong>l&#8217;uomo pu\u00f2 concentrarsi su impieghi a maggior valore aggiunto<\/strong>.<\/p>\n\n\n\n<p><\/p>\n\n\n\n<h2 class=\"wp-block-heading\"><strong>L&#8217;importanza dei robot collaborativi in manifattura<\/strong><\/h2>\n\n\n\n<p>I <strong>cobot<\/strong> segnano un importante passo in avanti nel campo della produzione industriale, poich\u00e9 permettono di migliorare i processi e, di conseguenza, anche di generare un vantaggio economico per le aziende che li adottano. La capacit\u00e0 di<strong> far lavorare insieme operatori umani e robot collaborativi <\/strong>ha inoltre eliminato la necessit\u00e0 di barriere fisiche, creando spazi di lavoro aperti ed ergonomici, in un ridisegno intelligente degli ambienti di produzione che offre numerosi vantaggi, tra cui l&#8217;ottimizzazione del layout di fabbrica e la riduzione dei costi strutturali e logistici.<\/p>\n\n\n\n<p><\/p>\n\n\n\n<h2 class=\"wp-block-heading\"><strong>Cobot: l\u2019impegno di Comau per ridisegnare il futuro dell\u2019automazione<\/strong><\/h2>\n\n\n\n<p>Con <strong><a href=\"https:\/\/www.comau.com\/it\/about-us\/50-anni-comau\/\">oltre 50 anni di esperienza<\/a><\/strong> in robotica e automazione in vari settori, <strong>Comau<\/strong> si pone oggi come uno dei maggiori produttori di robot collaborativi, un punto di riferimento nell&#8217;innovazione tecnologica che oggi collabora con successo con alcune delle principali realt\u00e0 industriali. Grazie al <strong>suo solido know-how<\/strong>, Comau sviluppa costantemente tecnologie avanzate che semplificano e rendono pi\u00f9 efficiente l&#8217;operativit\u00e0 industriale.<\/p>\n\n\n\n<p>Comau collabora con i suoi clienti nello sviluppo di soluzioni collaborative e IIoT (Industrial Internet of Things) intelligenti e flessibili, in grado di soddisfare le diverse esigenze produttive. I <strong>robot collaborativi industriali<\/strong> di Comau rappresentano dunque il futuro dell&#8217;automazione, migliorando la produttivit\u00e0 e la sicurezza operativa nelle fabbriche moderne.<\/p>\n\n\n\n<p>Scopri tutte le nostre soluzioni e porta la tua attivit\u00e0 nel <strong>futuro dell&#8217;automazione e della robotica industriale<\/strong> con Comau!<\/p>\n\n\n\n<div class=\"wp-block-columns is-layout-flex wp-container-core-columns-is-layout-9d6595d7 wp-block-columns-is-layout-flex\">\n<div class=\"wp-block-column is-layout-flow wp-block-column-is-layout-flow\">\n<div class=\"wp-block-getwid-image-box has-text-left has-mobile-layout-default has-mobile-alignment-default\"><div class=\"wp-block-getwid-image-box__image-container is-position-top\"><a href=\"https:\/\/www.comau.com\/en\/our-offer\/products-and-solutions\/robot-team\/racer-5-0-80-cobot\/\" class=\"wp-block-getwid-image-box__image-wrapper\"><img decoding=\"async\" width=\"1280\" height=\"485\" src=\"https:\/\/www.comau.com\/wp-content\/uploads\/2021\/07\/Cobot_header.jpg\" alt=\"\" class=\"wp-block-getwid-image-box__image wp-image-34593\" srcset=\"https:\/\/www.comau.com\/wp-content\/uploads\/2021\/07\/Cobot_header.jpg 1280w, https:\/\/www.comau.com\/wp-content\/uploads\/2021\/07\/Cobot_header-300x114.jpg 300w, https:\/\/www.comau.com\/wp-content\/uploads\/2021\/07\/Cobot_header-1024x388.jpg 1024w, https:\/\/www.comau.com\/wp-content\/uploads\/2021\/07\/Cobot_header-768x291.jpg 768w\" sizes=\"(max-width: 1280px) 100vw, 1280px\" \/><\/a><\/div><div class=\"wp-block-getwid-image-box__content\">\n<h3 class=\"wp-block-heading\">Collaborative Robot<\/h3>\n\n\n\n<p>RACER-5-0.80 COBOT (Racer 5-COBOT) \u00e8 un robot di piccola taglia che risponde alla domanda di cobot veloci, precisi e adattabili a spazi ristretti, in grado di passare automaticamente dalla modalit\u00e0 collaborativa alla massima velocit\u00e0 industriale se l\u2019operatore si trova vicino all\u2019area di lavoro.<\/p>\n<\/div><\/div>\n<\/div>\n\n\n\n<div class=\"wp-block-column is-layout-flow wp-block-column-is-layout-flow\"><\/div>\n\n\n\n<div class=\"wp-block-column is-layout-flow wp-block-column-is-layout-flow\"><\/div>\n<\/div>\n","protected":false},"excerpt":{"rendered":"<p>La quarta rivoluzione industriale ha ridefinito il rapporto uomo-macchina all\u2019interno della fabbrica moderna La quarta rivoluzione industriale ha rivoluzionato il rapporto uomo-macchina nelle moderne fabbriche, ridefinendo il concetto stesso di manifattura. Nella Smart Factory di Comau, la robotica collaborativa prende il centro della scena grazie alla presenza di soluzioni avanzate in grado di automatizzare e [&hellip;]<\/p>\n","protected":false},"author":11,"featured_media":34575,"parent":5717,"menu_order":8,"comment_status":"closed","ping_status":"closed","template":"","meta":{"_acf_changed":false,"ep_exclude_from_search":false,"footnotes":""},"class_list":["post-4821","page","type-page","status-publish","has-post-thumbnail","hentry"],"acf":[],"yoast_head":"<!-- This site is optimized with the Yoast SEO plugin v26.9 - https:\/\/yoast.com\/product\/yoast-seo-wordpress\/ -->\n<title>Robot Collaborativi Industriali: Collaborative Robots | Comau<\/title>\n<meta name=\"description\" content=\"I robot collaborativi aiutano le persone mentre eseguono operazioni manuali in prossimit\u00e0 e sicurezza: scopri di pi\u00f9!\" \/>\n<meta name=\"robots\" content=\"index, follow, max-snippet:-1, max-image-preview:large, max-video-preview:-1\" \/>\n<link rel=\"canonical\" href=\"https:\/\/www.comau.com\/it\/competencies\/robotics-automation\/collaborative-robotics\/\" \/>\n<meta property=\"og:locale\" content=\"it_IT\" \/>\n<meta property=\"og:type\" content=\"article\" \/>\n<meta property=\"og:title\" content=\"Robot Collaborativi Industriali: Collaborative Robots | Comau\" \/>\n<meta property=\"og:description\" content=\"I robot collaborativi aiutano le persone mentre eseguono operazioni manuali in prossimit\u00e0 e sicurezza: scopri di pi\u00f9!\" \/>\n<meta property=\"og:url\" content=\"https:\/\/www.comau.com\/it\/competencies\/robotics-automation\/collaborative-robotics\/\" \/>\n<meta property=\"og:site_name\" content=\"Comau\" \/>\n<meta property=\"article:publisher\" content=\"https:\/\/www.facebook.com\/COMAU\/\" \/>\n<meta property=\"article:modified_time\" content=\"2024-11-14T19:07:50+00:00\" \/>\n<meta property=\"og:image\" content=\"https:\/\/www.comau.com\/wp-content\/uploads\/2021\/07\/Comau_Collaborative-Robotics_MainImage.jpg\" \/>\n\t<meta property=\"og:image:width\" content=\"1425\" \/>\n\t<meta property=\"og:image:height\" content=\"450\" \/>\n\t<meta property=\"og:image:type\" content=\"image\/jpeg\" \/>\n<meta name=\"twitter:card\" content=\"summary_large_image\" \/>\n<meta name=\"twitter:site\" content=\"@comaugroup\" \/>\n<meta name=\"twitter:label1\" content=\"Tempo di lettura stimato\" \/>\n\t<meta name=\"twitter:data1\" content=\"3 minuti\" \/>\n<script type=\"application\/ld+json\" class=\"yoast-schema-graph\">{\"@context\":\"https:\/\/schema.org\",\"@graph\":[{\"@type\":\"WebPage\",\"@id\":\"https:\/\/www.comau.com\/it\/competencies\/robotics-automation\/collaborative-robotics\/\",\"url\":\"https:\/\/www.comau.com\/it\/competencies\/robotics-automation\/collaborative-robotics\/\",\"name\":\"Robot Collaborativi Industriali: Collaborative Robots | Comau\",\"isPartOf\":{\"@id\":\"https:\/\/www.comau.com\/it\/#website\"},\"primaryImageOfPage\":{\"@id\":\"https:\/\/www.comau.com\/it\/competencies\/robotics-automation\/collaborative-robotics\/#primaryimage\"},\"image\":{\"@id\":\"https:\/\/www.comau.com\/it\/competencies\/robotics-automation\/collaborative-robotics\/#primaryimage\"},\"thumbnailUrl\":\"https:\/\/www.comau.com\/wp-content\/uploads\/2021\/07\/Comau_Collaborative-Robotics_MainImage.jpg\",\"datePublished\":\"2021-06-30T22:08:53+00:00\",\"dateModified\":\"2024-11-14T19:07:50+00:00\",\"description\":\"I robot collaborativi aiutano le persone mentre eseguono operazioni manuali in prossimit\u00e0 e sicurezza: scopri di pi\u00f9!\",\"breadcrumb\":{\"@id\":\"https:\/\/www.comau.com\/it\/competencies\/robotics-automation\/collaborative-robotics\/#breadcrumb\"},\"inLanguage\":\"it-IT\",\"potentialAction\":[{\"@type\":\"ReadAction\",\"target\":[\"https:\/\/www.comau.com\/it\/competencies\/robotics-automation\/collaborative-robotics\/\"]}]},{\"@type\":\"ImageObject\",\"inLanguage\":\"it-IT\",\"@id\":\"https:\/\/www.comau.com\/it\/competencies\/robotics-automation\/collaborative-robotics\/#primaryimage\",\"url\":\"https:\/\/www.comau.com\/wp-content\/uploads\/2021\/07\/Comau_Collaborative-Robotics_MainImage.jpg\",\"contentUrl\":\"https:\/\/www.comau.com\/wp-content\/uploads\/2021\/07\/Comau_Collaborative-Robotics_MainImage.jpg\",\"width\":1425,\"height\":450},{\"@type\":\"BreadcrumbList\",\"@id\":\"https:\/\/www.comau.com\/it\/competencies\/robotics-automation\/collaborative-robotics\/#breadcrumb\",\"itemListElement\":[{\"@type\":\"ListItem\",\"position\":1,\"name\":\"Home\",\"item\":\"https:\/\/www.comau.com\/it\/\"},{\"@type\":\"ListItem\",\"position\":2,\"name\":\"Le Nostre Competenze\",\"item\":\"https:\/\/www.comau.com\/it\/competencies\/\"},{\"@type\":\"ListItem\",\"position\":3,\"name\":\"Robotics &amp; Automation\",\"item\":\"https:\/\/www.comau.com\/it\/competencies\/robotics-automation\/\"},{\"@type\":\"ListItem\",\"position\":4,\"name\":\"Collaborative Robotics\"}]},{\"@type\":\"WebSite\",\"@id\":\"https:\/\/www.comau.com\/it\/#website\",\"url\":\"https:\/\/www.comau.com\/it\/\",\"name\":\"Comau\",\"description\":\"Industrial automation and robotics\",\"publisher\":{\"@id\":\"https:\/\/www.comau.com\/it\/#organization\"},\"potentialAction\":[{\"@type\":\"SearchAction\",\"target\":{\"@type\":\"EntryPoint\",\"urlTemplate\":\"https:\/\/www.comau.com\/it\/?s={search_term_string}\"},\"query-input\":{\"@type\":\"PropertyValueSpecification\",\"valueRequired\":true,\"valueName\":\"search_term_string\"}}],\"inLanguage\":\"it-IT\"},{\"@type\":\"Organization\",\"@id\":\"https:\/\/www.comau.com\/it\/#organization\",\"name\":\"Comau\",\"url\":\"https:\/\/www.comau.com\/it\/\",\"logo\":{\"@type\":\"ImageObject\",\"inLanguage\":\"it-IT\",\"@id\":\"https:\/\/www.comau.com\/it\/#\/schema\/logo\/image\/\",\"url\":\"https:\/\/www.comau.com\/wp-content\/uploads\/2024\/07\/cropped-Logo-COMAU.png\",\"contentUrl\":\"https:\/\/www.comau.com\/wp-content\/uploads\/2024\/07\/cropped-Logo-COMAU.png\",\"width\":434,\"height\":434,\"caption\":\"Comau\"},\"image\":{\"@id\":\"https:\/\/www.comau.com\/it\/#\/schema\/logo\/image\/\"},\"sameAs\":[\"https:\/\/www.facebook.com\/COMAU\/\",\"https:\/\/x.com\/comaugroup\",\"https:\/\/www.instagram.com\/comaugroup\/\",\"https:\/\/www.linkedin.com\/company\/comau\",\"https:\/\/www.youtube.com\/user\/comau\"]}]}<\/script>\n<!-- \/ Yoast SEO plugin. -->","yoast_head_json":{"title":"Robot Collaborativi Industriali: Collaborative Robots | Comau","description":"I robot collaborativi aiutano le persone mentre eseguono operazioni manuali in prossimit\u00e0 e sicurezza: scopri di pi\u00f9!","robots":{"index":"index","follow":"follow","max-snippet":"max-snippet:-1","max-image-preview":"max-image-preview:large","max-video-preview":"max-video-preview:-1"},"canonical":"https:\/\/www.comau.com\/it\/competencies\/robotics-automation\/collaborative-robotics\/","og_locale":"it_IT","og_type":"article","og_title":"Robot Collaborativi Industriali: Collaborative Robots | Comau","og_description":"I robot collaborativi aiutano le persone mentre eseguono operazioni manuali in prossimit\u00e0 e sicurezza: scopri di pi\u00f9!","og_url":"https:\/\/www.comau.com\/it\/competencies\/robotics-automation\/collaborative-robotics\/","og_site_name":"Comau","article_publisher":"https:\/\/www.facebook.com\/COMAU\/","article_modified_time":"2024-11-14T19:07:50+00:00","og_image":[{"width":1425,"height":450,"url":"https:\/\/www.comau.com\/wp-content\/uploads\/2021\/07\/Comau_Collaborative-Robotics_MainImage.jpg","type":"image\/jpeg"}],"twitter_card":"summary_large_image","twitter_site":"@comaugroup","twitter_misc":{"Tempo di lettura stimato":"3 minuti"},"schema":{"@context":"https:\/\/schema.org","@graph":[{"@type":"WebPage","@id":"https:\/\/www.comau.com\/it\/competencies\/robotics-automation\/collaborative-robotics\/","url":"https:\/\/www.comau.com\/it\/competencies\/robotics-automation\/collaborative-robotics\/","name":"Robot Collaborativi Industriali: Collaborative Robots | Comau","isPartOf":{"@id":"https:\/\/www.comau.com\/it\/#website"},"primaryImageOfPage":{"@id":"https:\/\/www.comau.com\/it\/competencies\/robotics-automation\/collaborative-robotics\/#primaryimage"},"image":{"@id":"https:\/\/www.comau.com\/it\/competencies\/robotics-automation\/collaborative-robotics\/#primaryimage"},"thumbnailUrl":"https:\/\/www.comau.com\/wp-content\/uploads\/2021\/07\/Comau_Collaborative-Robotics_MainImage.jpg","datePublished":"2021-06-30T22:08:53+00:00","dateModified":"2024-11-14T19:07:50+00:00","description":"I robot collaborativi aiutano le persone mentre eseguono operazioni manuali in prossimit\u00e0 e sicurezza: scopri di pi\u00f9!","breadcrumb":{"@id":"https:\/\/www.comau.com\/it\/competencies\/robotics-automation\/collaborative-robotics\/#breadcrumb"},"inLanguage":"it-IT","potentialAction":[{"@type":"ReadAction","target":["https:\/\/www.comau.com\/it\/competencies\/robotics-automation\/collaborative-robotics\/"]}]},{"@type":"ImageObject","inLanguage":"it-IT","@id":"https:\/\/www.comau.com\/it\/competencies\/robotics-automation\/collaborative-robotics\/#primaryimage","url":"https:\/\/www.comau.com\/wp-content\/uploads\/2021\/07\/Comau_Collaborative-Robotics_MainImage.jpg","contentUrl":"https:\/\/www.comau.com\/wp-content\/uploads\/2021\/07\/Comau_Collaborative-Robotics_MainImage.jpg","width":1425,"height":450},{"@type":"BreadcrumbList","@id":"https:\/\/www.comau.com\/it\/competencies\/robotics-automation\/collaborative-robotics\/#breadcrumb","itemListElement":[{"@type":"ListItem","position":1,"name":"Home","item":"https:\/\/www.comau.com\/it\/"},{"@type":"ListItem","position":2,"name":"Le Nostre Competenze","item":"https:\/\/www.comau.com\/it\/competencies\/"},{"@type":"ListItem","position":3,"name":"Robotics &amp; Automation","item":"https:\/\/www.comau.com\/it\/competencies\/robotics-automation\/"},{"@type":"ListItem","position":4,"name":"Collaborative Robotics"}]},{"@type":"WebSite","@id":"https:\/\/www.comau.com\/it\/#website","url":"https:\/\/www.comau.com\/it\/","name":"Comau","description":"Industrial automation and robotics","publisher":{"@id":"https:\/\/www.comau.com\/it\/#organization"},"potentialAction":[{"@type":"SearchAction","target":{"@type":"EntryPoint","urlTemplate":"https:\/\/www.comau.com\/it\/?s={search_term_string}"},"query-input":{"@type":"PropertyValueSpecification","valueRequired":true,"valueName":"search_term_string"}}],"inLanguage":"it-IT"},{"@type":"Organization","@id":"https:\/\/www.comau.com\/it\/#organization","name":"Comau","url":"https:\/\/www.comau.com\/it\/","logo":{"@type":"ImageObject","inLanguage":"it-IT","@id":"https:\/\/www.comau.com\/it\/#\/schema\/logo\/image\/","url":"https:\/\/www.comau.com\/wp-content\/uploads\/2024\/07\/cropped-Logo-COMAU.png","contentUrl":"https:\/\/www.comau.com\/wp-content\/uploads\/2024\/07\/cropped-Logo-COMAU.png","width":434,"height":434,"caption":"Comau"},"image":{"@id":"https:\/\/www.comau.com\/it\/#\/schema\/logo\/image\/"},"sameAs":["https:\/\/www.facebook.com\/COMAU\/","https:\/\/x.com\/comaugroup","https:\/\/www.instagram.com\/comaugroup\/","https:\/\/www.linkedin.com\/company\/comau","https:\/\/www.youtube.com\/user\/comau"]}]}},"_links":{"self":[{"href":"https:\/\/www.comau.com\/it\/wp-json\/wp\/v2\/pages\/4821","targetHints":{"allow":["GET"]}}],"collection":[{"href":"https:\/\/www.comau.com\/it\/wp-json\/wp\/v2\/pages"}],"about":[{"href":"https:\/\/www.comau.com\/it\/wp-json\/wp\/v2\/types\/page"}],"author":[{"embeddable":true,"href":"https:\/\/www.comau.com\/it\/wp-json\/wp\/v2\/users\/11"}],"replies":[{"embeddable":true,"href":"https:\/\/www.comau.com\/it\/wp-json\/wp\/v2\/comments?post=4821"}],"version-history":[{"count":33,"href":"https:\/\/www.comau.com\/it\/wp-json\/wp\/v2\/pages\/4821\/revisions"}],"predecessor-version":[{"id":70425,"href":"https:\/\/www.comau.com\/it\/wp-json\/wp\/v2\/pages\/4821\/revisions\/70425"}],"up":[{"embeddable":true,"href":"https:\/\/www.comau.com\/it\/wp-json\/wp\/v2\/pages\/5717"}],"wp:featuredmedia":[{"embeddable":true,"href":"https:\/\/www.comau.com\/it\/wp-json\/wp\/v2\/media\/34575"}],"wp:attachment":[{"href":"https:\/\/www.comau.com\/it\/wp-json\/wp\/v2\/media?parent=4821"}],"curies":[{"name":"wp","href":"https:\/\/api.w.org\/{rel}","templated":true}]}}