{"id":4807,"date":"2021-07-01T00:02:27","date_gmt":"2021-06-30T22:02:27","guid":{"rendered":"https:\/\/www.comau.com\/competencies\/powertrain-machining\/"},"modified":"2022-02-08T16:26:18","modified_gmt":"2022-02-08T15:26:18","slug":"powertrain-machining","status":"publish","type":"page","link":"https:\/\/www.comau.com\/it\/competencies\/products-solutions\/powertrain-machining\/","title":{"rendered":"Powertrain &#038; Machining"},"content":{"rendered":"\n<figure class=\"wp-block-table\"><table><tbody><tr><td><\/td><\/tr><\/tbody><\/table><\/figure>\n\n\n\n<p>Forti di una pluriennale e comprovata esperienza nel settore manifatturiero globale, unita a una costante ricerca di idee avanzate e innovative, Comau sviluppa sistemi flessibili ed efficienti, centri di lavorazione meccanica universali e soluzioni di processo personalizzate per rispondere a qualsiasi esigenza.<\/p>\n\n\n\n<p>Ogni proposta \u00e8 frutto di tecnologie all\u2019avanguardia, un profondo know-how e un approccio di progettazione completo e integrato. Chiavi in mano e rigorosamente su misura, tutti i nostri prodotti e sistemi sono messi a punto e personalizzati grazie a un\u2019ampia gamma di servizi e a un rapporto di collaborazione strategico e costante con i nostri clienti.<\/p>\n\n\n\n<h2 class=\"wp-block-heading\" id=\"i-nostri-punti-di-forza-in-cifre\">I nostri punti di forza in cifre<\/h2>\n\n\n\n<div class=\"wp-block-columns is-layout-flex wp-container-core-columns-is-layout-9d6595d7 wp-block-columns-is-layout-flex\">\n<div class=\"wp-block-column is-layout-flow wp-block-column-is-layout-flow\">\n<div class=\"wp-block-getwid-image-box has-text-center has-mobile-layout-default has-mobile-alignment-default\"><div class=\"wp-block-getwid-image-box__image-container is-position-top\"><div class=\"wp-block-getwid-image-box__image-wrapper\"><img decoding=\"async\" width=\"184\" height=\"130\" src=\"https:\/\/www.comau.com\/wp-content\/uploads\/2021\/06\/innovation_centers.jpg\" alt=\"\" class=\"wp-block-getwid-image-box__image wp-image-606\"\/><\/div><\/div><div class=\"wp-block-getwid-image-box__content\">\n<h3 class=\"wp-block-heading\"><\/h3>\n\n\n\n<p><strong>2<\/strong> centri di ricerca<\/p>\n<\/div><\/div>\n<\/div>\n\n\n\n<div class=\"wp-block-column is-layout-flow wp-block-column-is-layout-flow\">\n<div class=\"wp-block-getwid-image-box has-text-center has-mobile-layout-default has-mobile-alignment-default\"><div class=\"wp-block-getwid-image-box__image-container is-position-top\"><div class=\"wp-block-getwid-image-box__image-wrapper\"><img decoding=\"async\" width=\"184\" height=\"130\" src=\"https:\/\/www.comau.com\/wp-content\/uploads\/2021\/06\/installed_machine.jpg\" alt=\"\" class=\"wp-block-getwid-image-box__image wp-image-607\"\/><\/div><\/div><div class=\"wp-block-getwid-image-box__content\">\n<h3 class=\"wp-block-heading\"><\/h3>\n\n\n\n<p><strong>6,500<\/strong> macchine installate<\/p>\n<\/div><\/div>\n<\/div>\n\n\n\n<div class=\"wp-block-column is-layout-flow wp-block-column-is-layout-flow\">\n<div class=\"wp-block-getwid-image-box has-text-center has-mobile-layout-default has-mobile-alignment-default\"><div class=\"wp-block-getwid-image-box__image-container is-position-top\"><div class=\"wp-block-getwid-image-box__image-wrapper\"><img decoding=\"async\" width=\"184\" height=\"130\" src=\"https:\/\/www.comau.com\/wp-content\/uploads\/2021\/06\/manufacturing_plants.jpg\" alt=\"\" class=\"wp-block-getwid-image-box__image wp-image-608\"\/><\/div><\/div><div class=\"wp-block-getwid-image-box__content\">\n<h3 class=\"wp-block-heading\"><\/h3>\n\n\n\n<p><strong>4<\/strong> impianti di produzione<\/p>\n<\/div><\/div>\n<\/div>\n\n\n\n<div class=\"wp-block-column is-layout-flow wp-block-column-is-layout-flow\">\n<div class=\"wp-block-getwid-image-box has-text-center has-mobile-layout-default has-mobile-alignment-default\"><div class=\"wp-block-getwid-image-box__image-container is-position-top\"><div class=\"wp-block-getwid-image-box__image-wrapper\"><img decoding=\"async\" width=\"184\" height=\"130\" src=\"https:\/\/www.comau.com\/wp-content\/uploads\/2021\/06\/20-country.jpg\" alt=\"\" class=\"wp-block-getwid-image-box__image wp-image-609\"\/><\/div><\/div><div class=\"wp-block-getwid-image-box__content\">\n<h3 class=\"wp-block-heading\"><\/h3>\n\n\n\n<p><strong>20<\/strong> Paesi di riferimento<\/p>\n<\/div><\/div>\n<\/div>\n<\/div>\n\n\n\n<h2 class=\"wp-block-heading\" id=\"la-soluzione-giusta-per-ogni-mercato\">La soluzione giusta per ogni mercato<\/h2>\n\n\n\n<div class=\"wp-block-columns columns-bg-dark is-layout-flex wp-container-core-columns-is-layout-9d6595d7 wp-block-columns-is-layout-flex\">\n<div class=\"wp-block-column is-layout-flow wp-block-column-is-layout-flow\">\n<h3 class=\"wp-block-heading\" id=\"automotive\">Automotive<\/h3>\n\n\n\n<p>Indipendentemente dal progetto, i nostri efficienti sistemi di lavorazione meccanica si adattano per permettere ai costruttori di raggiungere il massimo livello di produttivit\u00e0, flessibilit\u00e0 e qualit\u00e0 a lungo termine.<\/p>\n<\/div>\n\n\n\n<div class=\"wp-block-column is-layout-flow wp-block-column-is-layout-flow\">\n<h3 class=\"wp-block-heading\" id=\"mobilita-elettrica\">Mobilit\u00e0 elettrica<\/h3>\n\n\n\n<p>Le nostre tecnologie di processo per e-Drive, trasmissioni e non solo sono efficienti, innovative e testate sul campo. L\u2019ideale per affrontare le sfide in continua evoluzione del comparto.\n\n<\/p>\n<\/div>\n\n\n\n<div class=\"wp-block-column is-layout-flow wp-block-column-is-layout-flow\">\n<h3 class=\"wp-block-heading\" id=\"altri-settori\">Altri settori<\/h3>\n\n\n\n<p>Abbiamo una soluzione per ogni settore. Dalla meccanica all\u2019aerospaziale, dal medico all\u2019energetico, i nostri prodotti si prestano a un ampio ventaglio di applicazioni, garantendo la massima qualit\u00e0 e affidabilit\u00e0.<\/p>\n<\/div>\n<\/div>\n\n\n\n<div class=\"wp-block-getwid-tabs\" data-active-tab=\"0\"><ul class=\"wp-block-getwid-tabs__nav-links\"><\/ul>\n<div class=\"wp-block-getwid-tabs__nav-link\"><span class=\"wp-block-getwid-tabs__title-wrapper\"><a href=\"#\"><span class=\"wp-block-getwid-tabs__title\">Technologies overview<\/span><\/a><\/span><\/div><div class=\"wp-block-getwid-tabs__tab-content-wrapper\"><div class=\"wp-block-getwid-tabs__tab-content\">\n<div class=\"wp-block-media-text alignwide is-stacked-on-mobile\"><figure class=\"wp-block-media-text__media\"><img decoding=\"async\" width=\"522\" height=\"648\" src=\"https:\/\/www.comau.com\/wp-content\/uploads\/2021\/07\/power-training_tecnologie.jpg\" alt=\"\" class=\"wp-image-33620 size-full\" srcset=\"https:\/\/www.comau.com\/wp-content\/uploads\/2021\/07\/power-training_tecnologie.jpg 522w, https:\/\/www.comau.com\/wp-content\/uploads\/2021\/07\/power-training_tecnologie-242x300.jpg 242w\" sizes=\"(max-width: 522px) 100vw, 522px\" \/><\/figure><div class=\"wp-block-media-text__content\">\n<h2 class=\"wp-block-heading\">Panoramica delle tecnologie <\/h2>\n\n\n\n<p>L\u2019Industria 4.0 richiede processi di produzione molto pi\u00f9 rapidi, precisi e flessibili che in passato. Per rispondere a questi e molti altri requisiti della lavorazione meccanica, Comau propone una vasta gamma di prodotti e sistemi:<\/p>\n\n\n\n<ul class=\"wp-block-list\"><li>Centri di lavorazione meccanica <\/li><li>Macchine per alberi a gomiti<\/li><li>Movimentazione materiali<\/li><li>Attrezzature di assemblaggio e prove nella linea o nel processo di lavorazione meccanica<\/li><li>Rivestimento mediante spruzzatura termica <\/li><\/ul>\n\n\n\n<div class=\"wp-block-buttons is-layout-flex wp-block-buttons-is-layout-flex\">\n<div class=\"wp-block-button\"><a class=\"wp-block-button__link\" href=\"https:\/\/www.comau.com\/en\/our-offer\/products-and-solutions\/machining-products\/\">Scopri di pi\u00f9<\/a><\/div>\n<\/div>\n<\/div><\/div>\n<\/div><\/div>\n\n\n\n<div class=\"wp-block-getwid-tabs__nav-link\"><span class=\"wp-block-getwid-tabs__title-wrapper\"><a href=\"#\"><span class=\"wp-block-getwid-tabs__title\">Turnkey systems<\/span><\/a><\/span><\/div><div class=\"wp-block-getwid-tabs__tab-content-wrapper\"><div class=\"wp-block-getwid-tabs__tab-content\">\n<div class=\"wp-block-media-text alignwide is-stacked-on-mobile\"><figure class=\"wp-block-media-text__media\"><img decoding=\"async\" width=\"522\" height=\"648\" src=\"https:\/\/www.comau.com\/wp-content\/uploads\/2021\/07\/power-training_chiavi-in-mano.jpg\" alt=\"\" class=\"wp-image-33626 size-full\" srcset=\"https:\/\/www.comau.com\/wp-content\/uploads\/2021\/07\/power-training_chiavi-in-mano.jpg 522w, https:\/\/www.comau.com\/wp-content\/uploads\/2021\/07\/power-training_chiavi-in-mano-242x300.jpg 242w\" sizes=\"(max-width: 522px) 100vw, 522px\" \/><\/figure><div class=\"wp-block-media-text__content\">\n<h2 class=\"wp-block-heading\">Sistemi chiavi in mano<\/h2>\n\n\n\n<p>Grazie alla lunga esperienza maturata nell\u2019integrazione di processi e attrezzature, possiamo sostenere ogni progetto fin dalle primissime fasi per realizzare sistemi affidabili e chiavi in mano che rispondano alle esigenze di lavorazione meccanica specifiche dei clienti. Il nostro approccio completo all\u2019integrazione dei sistemi fa di Comau un partner ideale per l\u2019intera linea di produzione. <\/p>\n\n\n\n<div class=\"wp-block-buttons is-layout-flex wp-block-buttons-is-layout-flex\">\n<div class=\"wp-block-button\"><a class=\"wp-block-button__link\" href=\"https:\/\/www.comau.com\/en\/our-offer\/products-and-solutions\/machining-products\/turnkey-systems\/\">Scopri di pi\u00f9<\/a><\/div>\n<\/div>\n<\/div><\/div>\n<\/div><\/div>\n\n\n\n<div class=\"wp-block-getwid-tabs__nav-link\"><span class=\"wp-block-getwid-tabs__title-wrapper\"><a href=\"#\"><span class=\"wp-block-getwid-tabs__title\">Customer services<\/span><\/a><\/span><\/div><div class=\"wp-block-getwid-tabs__tab-content-wrapper\"><div class=\"wp-block-getwid-tabs__tab-content\">\n<div class=\"wp-block-media-text alignwide is-stacked-on-mobile\"><figure class=\"wp-block-media-text__media\"><img decoding=\"async\" width=\"522\" height=\"648\" src=\"https:\/\/www.comau.com\/wp-content\/uploads\/2021\/07\/power-training_servizioclienti.jpg\" alt=\"\" class=\"wp-image-33632 size-full\" srcset=\"https:\/\/www.comau.com\/wp-content\/uploads\/2021\/07\/power-training_servizioclienti.jpg 522w, https:\/\/www.comau.com\/wp-content\/uploads\/2021\/07\/power-training_servizioclienti-242x300.jpg 242w\" sizes=\"(max-width: 522px) 100vw, 522px\" \/><\/figure><div class=\"wp-block-media-text__content\">\n<h2 class=\"wp-block-heading\">Servizi per i clienti<\/h2>\n\n\n\n<p>La Manifattura 4.0 si basa su lavorazioni meccaniche sempre pi\u00f9 improntate alla flessibilit\u00e0 e alla versatilit\u00e0. Comau \u00e8 in grado di adattare i propri prodotti e sistemi alle esatte specifiche di qualsiasi progetto, per migliorare la produttivit\u00e0 e ottimizzare i processi. Sosteniamo i progetti lungo l\u2019intero ciclo di vita offrendo servizi di manutenzione completa sia per le tecnologie Comau che per le attrezzature di qualunque altra marca. Fra questi:<\/p>\n\n\n\n<ul class=\"wp-block-list\"><li>Assistenza post-vendita<\/li><li>Centro di riparazione mandrini<\/li><li>Refurbishing e aggiornamento<\/li><li>Retooling<\/li><li>Consulenza e formazione<\/li><li>Digitalizzazione<\/li><\/ul>\n\n\n\n<div class=\"wp-block-buttons is-layout-flex wp-block-buttons-is-layout-flex\">\n<div class=\"wp-block-button\"><a class=\"wp-block-button__link\" href=\"https:\/\/www.comau.com\/en\/our-offer\/products-and-solutions\/machining-products\/customer-services-and-digital-retooling\/\">Scopri di pi\u00f9<\/a><\/div>\n<\/div>\n<\/div><\/div>\n<\/div><\/div>\n<\/div>\n","protected":false},"excerpt":{"rendered":"<p>Forti di una pluriennale e comprovata esperienza nel settore manifatturiero globale, unita a una costante ricerca di idee avanzate e innovative, Comau sviluppa sistemi flessibili ed efficienti, centri di lavorazione meccanica universali e soluzioni di processo personalizzate per rispondere a qualsiasi esigenza. Ogni proposta \u00e8 frutto di tecnologie all\u2019avanguardia, un profondo know-how e un approccio [&hellip;]<\/p>\n","protected":false},"author":11,"featured_media":5904,"parent":65272,"menu_order":2,"comment_status":"closed","ping_status":"closed","template":"","meta":{"_acf_changed":false,"ep_exclude_from_search":false,"footnotes":""},"class_list":["post-4807","page","type-page","status-publish","has-post-thumbnail","hentry"],"acf":[],"yoast_head":"<!-- This site is optimized with the Yoast SEO plugin v26.9 - https:\/\/yoast.com\/product\/yoast-seo-wordpress\/ -->\n<title>Powertrain: Automazione Meccanica Industriale | Comau<\/title>\n<meta name=\"description\" content=\"Scopri di pi\u00f9 sull&#039;automazione per l&#039;industria pesante di Comau: il partner per l&#039;ottimizzazione dei processi aziendali.\" \/>\n<meta name=\"robots\" content=\"index, follow, max-snippet:-1, max-image-preview:large, max-video-preview:-1\" \/>\n<link rel=\"canonical\" href=\"https:\/\/www.comau.com\/it\/competencies\/products-solutions\/powertrain-machining\/\" \/>\n<meta property=\"og:locale\" content=\"it_IT\" \/>\n<meta property=\"og:type\" content=\"article\" \/>\n<meta property=\"og:title\" content=\"Powertrain: Automazione Meccanica Industriale | Comau\" \/>\n<meta property=\"og:description\" content=\"Scopri di pi\u00f9 sull&#039;automazione per l&#039;industria pesante di Comau: il partner per l&#039;ottimizzazione dei processi aziendali.\" \/>\n<meta property=\"og:url\" content=\"https:\/\/www.comau.com\/it\/competencies\/products-solutions\/powertrain-machining\/\" \/>\n<meta property=\"og:site_name\" content=\"Comau\" \/>\n<meta property=\"article:publisher\" content=\"https:\/\/www.facebook.com\/COMAU\/\" \/>\n<meta property=\"article:modified_time\" content=\"2022-02-08T15:26:18+00:00\" \/>\n<meta property=\"og:image\" content=\"https:\/\/www.comau.com\/wp-content\/uploads\/2021\/06\/powertrain_header.jpg\" \/>\n\t<meta property=\"og:image:width\" content=\"1280\" \/>\n\t<meta property=\"og:image:height\" content=\"485\" \/>\n\t<meta property=\"og:image:type\" content=\"image\/jpeg\" \/>\n<meta name=\"twitter:card\" content=\"summary_large_image\" \/>\n<meta name=\"twitter:site\" content=\"@comaugroup\" \/>\n<meta name=\"twitter:label1\" content=\"Tempo di lettura stimato\" \/>\n\t<meta name=\"twitter:data1\" content=\"4 minuti\" \/>\n<script type=\"application\/ld+json\" class=\"yoast-schema-graph\">{\"@context\":\"https:\/\/schema.org\",\"@graph\":[{\"@type\":\"WebPage\",\"@id\":\"https:\/\/www.comau.com\/it\/competencies\/products-solutions\/powertrain-machining\/\",\"url\":\"https:\/\/www.comau.com\/it\/competencies\/products-solutions\/powertrain-machining\/\",\"name\":\"Powertrain: Automazione Meccanica Industriale | Comau\",\"isPartOf\":{\"@id\":\"https:\/\/www.comau.com\/it\/#website\"},\"primaryImageOfPage\":{\"@id\":\"https:\/\/www.comau.com\/it\/competencies\/products-solutions\/powertrain-machining\/#primaryimage\"},\"image\":{\"@id\":\"https:\/\/www.comau.com\/it\/competencies\/products-solutions\/powertrain-machining\/#primaryimage\"},\"thumbnailUrl\":\"https:\/\/www.comau.com\/wp-content\/uploads\/2021\/06\/powertrain_header.jpg\",\"datePublished\":\"2021-06-30T22:02:27+00:00\",\"dateModified\":\"2022-02-08T15:26:18+00:00\",\"description\":\"Scopri di pi\u00f9 sull'automazione per l'industria pesante di Comau: il partner per l'ottimizzazione dei processi aziendali.\",\"breadcrumb\":{\"@id\":\"https:\/\/www.comau.com\/it\/competencies\/products-solutions\/powertrain-machining\/#breadcrumb\"},\"inLanguage\":\"it-IT\",\"potentialAction\":[{\"@type\":\"ReadAction\",\"target\":[\"https:\/\/www.comau.com\/it\/competencies\/products-solutions\/powertrain-machining\/\"]}]},{\"@type\":\"ImageObject\",\"inLanguage\":\"it-IT\",\"@id\":\"https:\/\/www.comau.com\/it\/competencies\/products-solutions\/powertrain-machining\/#primaryimage\",\"url\":\"https:\/\/www.comau.com\/wp-content\/uploads\/2021\/06\/powertrain_header.jpg\",\"contentUrl\":\"https:\/\/www.comau.com\/wp-content\/uploads\/2021\/06\/powertrain_header.jpg\",\"width\":1280,\"height\":485},{\"@type\":\"BreadcrumbList\",\"@id\":\"https:\/\/www.comau.com\/it\/competencies\/products-solutions\/powertrain-machining\/#breadcrumb\",\"itemListElement\":[{\"@type\":\"ListItem\",\"position\":1,\"name\":\"Home\",\"item\":\"https:\/\/www.comau.com\/it\/\"},{\"@type\":\"ListItem\",\"position\":2,\"name\":\"Le Nostre Competenze\",\"item\":\"https:\/\/www.comau.com\/it\/competencies\/\"},{\"@type\":\"ListItem\",\"position\":3,\"name\":\"Powertrain &#038; Machining\"}]},{\"@type\":\"WebSite\",\"@id\":\"https:\/\/www.comau.com\/it\/#website\",\"url\":\"https:\/\/www.comau.com\/it\/\",\"name\":\"Comau\",\"description\":\"Industrial automation and robotics\",\"publisher\":{\"@id\":\"https:\/\/www.comau.com\/it\/#organization\"},\"potentialAction\":[{\"@type\":\"SearchAction\",\"target\":{\"@type\":\"EntryPoint\",\"urlTemplate\":\"https:\/\/www.comau.com\/it\/?s={search_term_string}\"},\"query-input\":{\"@type\":\"PropertyValueSpecification\",\"valueRequired\":true,\"valueName\":\"search_term_string\"}}],\"inLanguage\":\"it-IT\"},{\"@type\":\"Organization\",\"@id\":\"https:\/\/www.comau.com\/it\/#organization\",\"name\":\"Comau\",\"url\":\"https:\/\/www.comau.com\/it\/\",\"logo\":{\"@type\":\"ImageObject\",\"inLanguage\":\"it-IT\",\"@id\":\"https:\/\/www.comau.com\/it\/#\/schema\/logo\/image\/\",\"url\":\"https:\/\/www.comau.com\/wp-content\/uploads\/2024\/07\/cropped-Logo-COMAU.png\",\"contentUrl\":\"https:\/\/www.comau.com\/wp-content\/uploads\/2024\/07\/cropped-Logo-COMAU.png\",\"width\":434,\"height\":434,\"caption\":\"Comau\"},\"image\":{\"@id\":\"https:\/\/www.comau.com\/it\/#\/schema\/logo\/image\/\"},\"sameAs\":[\"https:\/\/www.facebook.com\/COMAU\/\",\"https:\/\/x.com\/comaugroup\",\"https:\/\/www.instagram.com\/comaugroup\/\",\"https:\/\/www.linkedin.com\/company\/comau\",\"https:\/\/www.youtube.com\/user\/comau\"]}]}<\/script>\n<!-- \/ Yoast SEO plugin. -->","yoast_head_json":{"title":"Powertrain: Automazione Meccanica Industriale | Comau","description":"Scopri di pi\u00f9 sull'automazione per l'industria pesante di Comau: il partner per l'ottimizzazione dei processi aziendali.","robots":{"index":"index","follow":"follow","max-snippet":"max-snippet:-1","max-image-preview":"max-image-preview:large","max-video-preview":"max-video-preview:-1"},"canonical":"https:\/\/www.comau.com\/it\/competencies\/products-solutions\/powertrain-machining\/","og_locale":"it_IT","og_type":"article","og_title":"Powertrain: Automazione Meccanica Industriale | Comau","og_description":"Scopri di pi\u00f9 sull'automazione per l'industria pesante di Comau: il partner per l'ottimizzazione dei processi aziendali.","og_url":"https:\/\/www.comau.com\/it\/competencies\/products-solutions\/powertrain-machining\/","og_site_name":"Comau","article_publisher":"https:\/\/www.facebook.com\/COMAU\/","article_modified_time":"2022-02-08T15:26:18+00:00","og_image":[{"width":1280,"height":485,"url":"https:\/\/www.comau.com\/wp-content\/uploads\/2021\/06\/powertrain_header.jpg","type":"image\/jpeg"}],"twitter_card":"summary_large_image","twitter_site":"@comaugroup","twitter_misc":{"Tempo di lettura stimato":"4 minuti"},"schema":{"@context":"https:\/\/schema.org","@graph":[{"@type":"WebPage","@id":"https:\/\/www.comau.com\/it\/competencies\/products-solutions\/powertrain-machining\/","url":"https:\/\/www.comau.com\/it\/competencies\/products-solutions\/powertrain-machining\/","name":"Powertrain: Automazione Meccanica Industriale | Comau","isPartOf":{"@id":"https:\/\/www.comau.com\/it\/#website"},"primaryImageOfPage":{"@id":"https:\/\/www.comau.com\/it\/competencies\/products-solutions\/powertrain-machining\/#primaryimage"},"image":{"@id":"https:\/\/www.comau.com\/it\/competencies\/products-solutions\/powertrain-machining\/#primaryimage"},"thumbnailUrl":"https:\/\/www.comau.com\/wp-content\/uploads\/2021\/06\/powertrain_header.jpg","datePublished":"2021-06-30T22:02:27+00:00","dateModified":"2022-02-08T15:26:18+00:00","description":"Scopri di pi\u00f9 sull'automazione per l'industria pesante di Comau: il partner per l'ottimizzazione dei processi aziendali.","breadcrumb":{"@id":"https:\/\/www.comau.com\/it\/competencies\/products-solutions\/powertrain-machining\/#breadcrumb"},"inLanguage":"it-IT","potentialAction":[{"@type":"ReadAction","target":["https:\/\/www.comau.com\/it\/competencies\/products-solutions\/powertrain-machining\/"]}]},{"@type":"ImageObject","inLanguage":"it-IT","@id":"https:\/\/www.comau.com\/it\/competencies\/products-solutions\/powertrain-machining\/#primaryimage","url":"https:\/\/www.comau.com\/wp-content\/uploads\/2021\/06\/powertrain_header.jpg","contentUrl":"https:\/\/www.comau.com\/wp-content\/uploads\/2021\/06\/powertrain_header.jpg","width":1280,"height":485},{"@type":"BreadcrumbList","@id":"https:\/\/www.comau.com\/it\/competencies\/products-solutions\/powertrain-machining\/#breadcrumb","itemListElement":[{"@type":"ListItem","position":1,"name":"Home","item":"https:\/\/www.comau.com\/it\/"},{"@type":"ListItem","position":2,"name":"Le Nostre Competenze","item":"https:\/\/www.comau.com\/it\/competencies\/"},{"@type":"ListItem","position":3,"name":"Powertrain &#038; Machining"}]},{"@type":"WebSite","@id":"https:\/\/www.comau.com\/it\/#website","url":"https:\/\/www.comau.com\/it\/","name":"Comau","description":"Industrial automation and robotics","publisher":{"@id":"https:\/\/www.comau.com\/it\/#organization"},"potentialAction":[{"@type":"SearchAction","target":{"@type":"EntryPoint","urlTemplate":"https:\/\/www.comau.com\/it\/?s={search_term_string}"},"query-input":{"@type":"PropertyValueSpecification","valueRequired":true,"valueName":"search_term_string"}}],"inLanguage":"it-IT"},{"@type":"Organization","@id":"https:\/\/www.comau.com\/it\/#organization","name":"Comau","url":"https:\/\/www.comau.com\/it\/","logo":{"@type":"ImageObject","inLanguage":"it-IT","@id":"https:\/\/www.comau.com\/it\/#\/schema\/logo\/image\/","url":"https:\/\/www.comau.com\/wp-content\/uploads\/2024\/07\/cropped-Logo-COMAU.png","contentUrl":"https:\/\/www.comau.com\/wp-content\/uploads\/2024\/07\/cropped-Logo-COMAU.png","width":434,"height":434,"caption":"Comau"},"image":{"@id":"https:\/\/www.comau.com\/it\/#\/schema\/logo\/image\/"},"sameAs":["https:\/\/www.facebook.com\/COMAU\/","https:\/\/x.com\/comaugroup","https:\/\/www.instagram.com\/comaugroup\/","https:\/\/www.linkedin.com\/company\/comau","https:\/\/www.youtube.com\/user\/comau"]}]}},"_links":{"self":[{"href":"https:\/\/www.comau.com\/it\/wp-json\/wp\/v2\/pages\/4807","targetHints":{"allow":["GET"]}}],"collection":[{"href":"https:\/\/www.comau.com\/it\/wp-json\/wp\/v2\/pages"}],"about":[{"href":"https:\/\/www.comau.com\/it\/wp-json\/wp\/v2\/types\/page"}],"author":[{"embeddable":true,"href":"https:\/\/www.comau.com\/it\/wp-json\/wp\/v2\/users\/11"}],"replies":[{"embeddable":true,"href":"https:\/\/www.comau.com\/it\/wp-json\/wp\/v2\/comments?post=4807"}],"version-history":[{"count":47,"href":"https:\/\/www.comau.com\/it\/wp-json\/wp\/v2\/pages\/4807\/revisions"}],"predecessor-version":[{"id":42173,"href":"https:\/\/www.comau.com\/it\/wp-json\/wp\/v2\/pages\/4807\/revisions\/42173"}],"up":[{"embeddable":true,"href":"https:\/\/www.comau.com\/it\/wp-json\/wp\/v2\/pages\/65272"}],"wp:featuredmedia":[{"embeddable":true,"href":"https:\/\/www.comau.com\/it\/wp-json\/wp\/v2\/media\/5904"}],"wp:attachment":[{"href":"https:\/\/www.comau.com\/it\/wp-json\/wp\/v2\/media?parent=4807"}],"curies":[{"name":"wp","href":"https:\/\/api.w.org\/{rel}","templated":true}]}}