{"id":47369,"date":"2022-09-08T17:29:29","date_gmt":"2022-09-08T15:29:29","guid":{"rendered":"https:\/\/www.comau.com\/?page_id=47369"},"modified":"2022-09-22T15:14:50","modified_gmt":"2022-09-22T13:14:50","slug":"zero-design-cells","status":"publish","type":"page","link":"https:\/\/www.comau.com\/it\/competencies\/products-solutions\/zero-design-cells\/","title":{"rendered":"Zero Design Cells"},"content":{"rendered":"\n<h2 class=\"wp-block-heading\">Rapida configurazione con zero ore di progettazione ingegneristica<\/h2>\n\n\n\n<p>L&#8217;approccio produttivo Zero Design di Comau consente alle aziende di tutte le dimensioni di sfruttare celle standardizzate e pre-progettate per semplificare l&#8217;automazione senza sacrificare la precisione o le prestazioni. La struttura di progettazione interscambiabile di Comau garantisce un facile riutilizzo o ridestinazione d\u2019uso in caso di modifica dei requisiti di produzione, con la stessa semplicit\u00e0 che si impiega per cambiare l&#8217;apparecchiatura ausiliaria.<\/p>\n\n\n\n<h2 class=\"wp-block-heading\">Proteggi il tuo investimento con la flessibilit\u00e0 integrata<\/h2>\n\n\n\n<p>Grazie alla struttura modulare, agli end-effector e agli utensili facilmente sostituibili, ogni cella Zero Design costituisce la base per diverse configurazioni robotiche, consentendo di eseguire svariate applicazioni con la stessa unit\u00e0 di cella. Inoltre, la produzione pu\u00f2 essere incrementata o ridotta senza richiedere costose modifiche strutturali. Grazie all\u2019elevata versatilit\u00e0 delle celle, \u00e8 possibile personalizzare la configurazione garantendo al contempo la scalabilit\u00e0 futura.<\/p>\n\n\n\n<div class=\"wp-block-columns columns-bg-dark is-layout-flex wp-container-core-columns-is-layout-9d6595d7 wp-block-columns-is-layout-flex\">\n<div class=\"wp-block-column is-layout-flow wp-block-column-is-layout-flow\">\n<h3 class=\"wp-block-heading\" id=\"innovations-in-body-assembly\">Automazione all&#8217;avanguardia<\/h3>\n\n\n\n<p>Grazie alla comprovata esperienza nel campo dell&#8217;automazione, della digitalizzazione e dell&#8217;elettrificazione, Comau \u00e8 in grado di fornire i migliori sistemi del settore, basati su celle robotizzate standardizzate che vengono completamente testate, convalidate e rese funzionanti prima di arrivare presso il sito del cliente.<\/p>\n<\/div>\n\n\n\n<div class=\"wp-block-column is-layout-flow wp-block-column-is-layout-flow\">\n<h3 class=\"wp-block-heading\" id=\"our-solutions-meet-customer-needs\">Migliori tempi di commercializzazione<\/h3>\n\n\n\n<p>La produzione Zero Design consente alle organizzazioni di rispondere rapidamente ai cambiamenti della domanda dei clienti senza lunghi tempi di progettazione ingegneristica, riducendo cos\u00ec in maniera significativa i tempi e i costi di implementazione di nuove applicazioni.<\/p>\n<\/div>\n\n\n\n<div class=\"wp-block-column is-layout-flow wp-block-column-is-layout-flow\">\n<h3 class=\"wp-block-heading\" id=\"powerful-assembly-and-transport-systems\">Analisi e controllo in tempo reale<\/h3>\n\n\n\n<p>Dall&#8217;analisi delle prestazioni e dello stato in tempo reale alla tracciabilit\u00e0 automatizzata dei pezzi e della qualit\u00e0 del prodotto, la digitalizzazione completa della cella consente di controllare i parametri e di correggere immediatamente le variazioni di processo o di materiale in tempo reale.<\/p>\n<\/div>\n<\/div>\n\n\n\n<h2 class=\"wp-block-heading\" id=\"our-solutions\">Principali vantaggi delle celle Zero Design di Comau<\/h2>\n\n\n\n<div class=\"wp-block-getwid-icon-box has-icon-left has-text-center\"><div class=\"wp-block-getwid-icon-box__icon-container is-position-top\"><div class=\"wp-block-getwid-icon-box__icon-wrapper\"><i class=\"fas fa-plug\"><\/i><\/div><\/div><div class=\"wp-block-getwid-icon-box__content\">\n<h3 class=\"has-text-align-left wp-block-heading\">La configurazione standard offre una soluzione \u201cPlug and Play\u201d<\/h3>\n<\/div><\/div>\n\n\n\n<div class=\"wp-block-getwid-icon-box has-icon-left has-text-center\"><div class=\"wp-block-getwid-icon-box__icon-container is-position-top\"><div class=\"wp-block-getwid-icon-box__icon-wrapper\"><i class=\"far fa-clock\"><\/i><\/div><\/div><div class=\"wp-block-getwid-icon-box__content\">\n<h3 class=\"has-text-align-left wp-block-heading\">L\u2019installazione e messa in servizio rapida presso il sito del cliente fa risparmiare fino al 70% dei tempi di implementazione<\/h3>\n<\/div><\/div>\n\n\n\n<div class=\"wp-block-getwid-icon-box has-icon-left has-text-center\"><div class=\"wp-block-getwid-icon-box__icon-container is-position-top\"><div class=\"wp-block-getwid-icon-box__icon-wrapper\"><i class=\"fas fa-search-dollar\"><\/i><\/div><\/div><div class=\"wp-block-getwid-icon-box__content\">\n<h3 class=\"has-text-align-left wp-block-heading\">Facile da usare, non necessita di corsi di formazione, riduce i costi totali di propriet\u00e0<\/h3>\n<\/div><\/div>\n\n\n\n<div class=\"wp-block-getwid-icon-box has-icon-left has-text-center\"><div class=\"wp-block-getwid-icon-box__icon-container is-position-top\"><div class=\"wp-block-getwid-icon-box__icon-wrapper\"><i class=\"fas fa-certificate\"><\/i><\/div><\/div><div class=\"wp-block-getwid-icon-box__content\">\n<h3 class=\"has-text-align-left wp-block-heading\">Prodotti e processi convalidati con certificazioni CE e UL garantiscono la ripetizione del pezzo e l&#8217;affidabilit\u00e0<\/h3>\n<\/div><\/div>\n\n\n\n<div class=\"wp-block-getwid-icon-box has-icon-left has-text-center\"><div class=\"wp-block-getwid-icon-box__icon-container is-position-top\"><div class=\"wp-block-getwid-icon-box__icon-wrapper\"><i class=\"fas fa-external-link-alt\"><\/i><\/div><\/div><div class=\"wp-block-getwid-icon-box__content\">\n<h3 class=\"has-text-align-left wp-block-heading\">L\u2019implementazione e l\u2019investimento scalabili permettono di adottare un approccio modulare a costi contenuti per i progetti successivi<\/h3>\n<\/div><\/div>\n\n\n\n<div class=\"wp-block-getwid-icon-box has-icon-left has-text-center\"><div class=\"wp-block-getwid-icon-box__icon-container is-position-top\"><div class=\"wp-block-getwid-icon-box__icon-wrapper\"><i class=\"fas fa-sort-amount-up\"><\/i><\/div><\/div><div class=\"wp-block-getwid-icon-box__content\">\n<h3 class=\"has-text-align-left wp-block-heading\">Incremento della produzione nel modo pi\u00f9 rapido ed economico<\/h3>\n<\/div><\/div>\n\n\n\n<div class=\"wp-block-getwid-icon-box has-icon-left has-text-center\"><div class=\"wp-block-getwid-icon-box__icon-container is-position-top\"><div class=\"wp-block-getwid-icon-box__icon-wrapper\"><i class=\"fab fa-whmcs\"><\/i><\/div><\/div><div class=\"wp-block-getwid-icon-box__content\">\n<h3 class=\"has-text-align-left wp-block-heading\">La digitalizzazione delle celle consente di avere una chiara visibilit\u00e0 delle operazioni<\/h3>\n\n\n\n<p><\/p>\n\n\n\n<p><\/p>\n<\/div><\/div>\n\n\n\n<hr class=\"wp-block-separator has-alpha-channel-opacity\"\/>\n\n\n\n<p><\/p>\n\n\n\n<div class=\"wp-block-columns is-layout-flex wp-container-core-columns-is-layout-9d6595d7 wp-block-columns-is-layout-flex\">\n<div class=\"wp-block-column has-white-background-color has-background is-layout-flow wp-block-column-is-layout-flow\">\n<h2 class=\"wp-block-heading\">eBook<\/h2><br><strong><h3><strong>Ottimizzare la Produzione con le Celle Zero Design<\/strong><\/strong><\/h3>\n\n\n\n<h3 class=\"wp-block-heading\">L\u2019automazione con celle di montaggio modulari e standard<\/h3>\n\n\n\n<div class=\"wp-block-buttons is-layout-flex wp-block-buttons-is-layout-flex\">\n<div class=\"wp-block-button alignleft\"><a class=\"wp-block-button__link\" href=\"https:\/\/group.comau.com\/it\/content\/ebook\/standardcell?utm_source=COMAU Website\" target=\"_blank\" rel=\"noreferrer noopener\">Ricevi l\u2019eBook ora<\/a><\/div>\n<\/div>\n<\/div>\n\n\n\n<div class=\"wp-block-column has-white-background-color has-background is-layout-flow wp-block-column-is-layout-flow\"><div class=\"wp-block-image\">\n<figure class=\"alignleft size-full\"><img decoding=\"async\" width=\"350\" height=\"219\" src=\"https:\/\/www.comau.com\/wp-content\/uploads\/2022\/09\/Cella.jpg\" alt=\"\" class=\"wp-image-47536\" srcset=\"https:\/\/www.comau.com\/wp-content\/uploads\/2022\/09\/Cella.jpg 350w, https:\/\/www.comau.com\/wp-content\/uploads\/2022\/09\/Cella-300x188.jpg 300w\" sizes=\"(max-width: 350px) 100vw, 350px\" \/><\/figure>\n<\/div><\/div>\n<\/div>\n","protected":false},"excerpt":{"rendered":"<p>Rapida configurazione con zero ore di progettazione ingegneristica L&#8217;approccio produttivo Zero Design di Comau consente alle aziende di tutte le dimensioni di sfruttare celle standardizzate e pre-progettate per semplificare l&#8217;automazione senza sacrificare la precisione o le prestazioni. La struttura di progettazione interscambiabile di Comau garantisce un facile riutilizzo o ridestinazione d\u2019uso in caso di modifica [&hellip;]<\/p>\n","protected":false},"author":7,"featured_media":48249,"parent":65272,"menu_order":1,"comment_status":"closed","ping_status":"closed","template":"","meta":{"_acf_changed":false,"ep_exclude_from_search":false,"footnotes":""},"class_list":["post-47369","page","type-page","status-publish","has-post-thumbnail","hentry"],"acf":[],"yoast_head":"<!-- This site is optimized with the Yoast SEO plugin v26.9 - https:\/\/yoast.com\/product\/yoast-seo-wordpress\/ -->\n<title>Zero Design Cells | Comau<\/title>\n<meta name=\"description\" content=\"L&#039;approccio produttivo Zero Design di Comau consente alle aziende di tutte le dimensioni di sfruttare celle standardizzate e pre-progettate per semplificare l&#039;automazione senza sacrificare la precisione o le prestazioni.\" \/>\n<meta name=\"robots\" content=\"index, follow, max-snippet:-1, max-image-preview:large, max-video-preview:-1\" \/>\n<link rel=\"canonical\" href=\"https:\/\/www.comau.com\/it\/competencies\/products-solutions\/zero-design-cells\/\" \/>\n<meta property=\"og:locale\" content=\"it_IT\" \/>\n<meta property=\"og:type\" content=\"article\" \/>\n<meta property=\"og:title\" content=\"Zero Design Cells | Comau\" \/>\n<meta property=\"og:description\" content=\"L&#039;approccio produttivo Zero Design di Comau consente alle aziende di tutte le dimensioni di sfruttare celle standardizzate e pre-progettate per semplificare l&#039;automazione senza sacrificare la precisione o le prestazioni.\" \/>\n<meta property=\"og:url\" content=\"https:\/\/www.comau.com\/it\/competencies\/products-solutions\/zero-design-cells\/\" \/>\n<meta property=\"og:site_name\" content=\"Comau\" \/>\n<meta property=\"article:publisher\" content=\"https:\/\/www.facebook.com\/COMAU\/\" \/>\n<meta property=\"article:modified_time\" content=\"2022-09-22T13:14:50+00:00\" \/>\n<meta property=\"og:image\" content=\"https:\/\/www.comau.com\/wp-content\/uploads\/2022\/09\/hero-landing-1.jpg\" \/>\n\t<meta property=\"og:image:width\" content=\"1450\" \/>\n\t<meta property=\"og:image:height\" content=\"450\" \/>\n\t<meta property=\"og:image:type\" content=\"image\/jpeg\" \/>\n<meta name=\"twitter:card\" content=\"summary_large_image\" \/>\n<meta name=\"twitter:site\" content=\"@comaugroup\" \/>\n<meta name=\"twitter:label1\" content=\"Tempo di lettura stimato\" \/>\n\t<meta name=\"twitter:data1\" content=\"2 minuti\" \/>\n<script type=\"application\/ld+json\" class=\"yoast-schema-graph\">{\"@context\":\"https:\/\/schema.org\",\"@graph\":[{\"@type\":\"WebPage\",\"@id\":\"https:\/\/www.comau.com\/it\/competencies\/products-solutions\/zero-design-cells\/\",\"url\":\"https:\/\/www.comau.com\/it\/competencies\/products-solutions\/zero-design-cells\/\",\"name\":\"Zero Design Cells | Comau\",\"isPartOf\":{\"@id\":\"https:\/\/www.comau.com\/it\/#website\"},\"primaryImageOfPage\":{\"@id\":\"https:\/\/www.comau.com\/it\/competencies\/products-solutions\/zero-design-cells\/#primaryimage\"},\"image\":{\"@id\":\"https:\/\/www.comau.com\/it\/competencies\/products-solutions\/zero-design-cells\/#primaryimage\"},\"thumbnailUrl\":\"https:\/\/www.comau.com\/wp-content\/uploads\/2022\/10\/Comau_ZeroDesignCell_Header.jpg\",\"datePublished\":\"2022-09-08T15:29:29+00:00\",\"dateModified\":\"2022-09-22T13:14:50+00:00\",\"description\":\"L'approccio produttivo Zero Design di Comau consente alle aziende di tutte le dimensioni di sfruttare celle standardizzate e pre-progettate per semplificare l'automazione senza sacrificare la precisione o le prestazioni.\",\"breadcrumb\":{\"@id\":\"https:\/\/www.comau.com\/it\/competencies\/products-solutions\/zero-design-cells\/#breadcrumb\"},\"inLanguage\":\"it-IT\",\"potentialAction\":[{\"@type\":\"ReadAction\",\"target\":[\"https:\/\/www.comau.com\/it\/competencies\/products-solutions\/zero-design-cells\/\"]}]},{\"@type\":\"ImageObject\",\"inLanguage\":\"it-IT\",\"@id\":\"https:\/\/www.comau.com\/it\/competencies\/products-solutions\/zero-design-cells\/#primaryimage\",\"url\":\"https:\/\/www.comau.com\/wp-content\/uploads\/2022\/10\/Comau_ZeroDesignCell_Header.jpg\",\"contentUrl\":\"https:\/\/www.comau.com\/wp-content\/uploads\/2022\/10\/Comau_ZeroDesignCell_Header.jpg\",\"width\":1450,\"height\":450,\"caption\":\"Comau Zero Design Cells\"},{\"@type\":\"BreadcrumbList\",\"@id\":\"https:\/\/www.comau.com\/it\/competencies\/products-solutions\/zero-design-cells\/#breadcrumb\",\"itemListElement\":[{\"@type\":\"ListItem\",\"position\":1,\"name\":\"Home\",\"item\":\"https:\/\/www.comau.com\/it\/\"},{\"@type\":\"ListItem\",\"position\":2,\"name\":\"Le Nostre Competenze\",\"item\":\"https:\/\/www.comau.com\/it\/competencies\/\"},{\"@type\":\"ListItem\",\"position\":3,\"name\":\"Robotics &amp; Automation\",\"item\":\"https:\/\/www.comau.com\/it\/competencies\/robotics-automation\/\"},{\"@type\":\"ListItem\",\"position\":4,\"name\":\"Zero Design Cells\"}]},{\"@type\":\"WebSite\",\"@id\":\"https:\/\/www.comau.com\/it\/#website\",\"url\":\"https:\/\/www.comau.com\/it\/\",\"name\":\"Comau\",\"description\":\"Industrial automation and robotics\",\"publisher\":{\"@id\":\"https:\/\/www.comau.com\/it\/#organization\"},\"potentialAction\":[{\"@type\":\"SearchAction\",\"target\":{\"@type\":\"EntryPoint\",\"urlTemplate\":\"https:\/\/www.comau.com\/it\/?s={search_term_string}\"},\"query-input\":{\"@type\":\"PropertyValueSpecification\",\"valueRequired\":true,\"valueName\":\"search_term_string\"}}],\"inLanguage\":\"it-IT\"},{\"@type\":\"Organization\",\"@id\":\"https:\/\/www.comau.com\/it\/#organization\",\"name\":\"Comau\",\"url\":\"https:\/\/www.comau.com\/it\/\",\"logo\":{\"@type\":\"ImageObject\",\"inLanguage\":\"it-IT\",\"@id\":\"https:\/\/www.comau.com\/it\/#\/schema\/logo\/image\/\",\"url\":\"https:\/\/www.comau.com\/wp-content\/uploads\/2024\/07\/cropped-Logo-COMAU.png\",\"contentUrl\":\"https:\/\/www.comau.com\/wp-content\/uploads\/2024\/07\/cropped-Logo-COMAU.png\",\"width\":434,\"height\":434,\"caption\":\"Comau\"},\"image\":{\"@id\":\"https:\/\/www.comau.com\/it\/#\/schema\/logo\/image\/\"},\"sameAs\":[\"https:\/\/www.facebook.com\/COMAU\/\",\"https:\/\/x.com\/comaugroup\",\"https:\/\/www.instagram.com\/comaugroup\/\",\"https:\/\/www.linkedin.com\/company\/comau\",\"https:\/\/www.youtube.com\/user\/comau\"]}]}<\/script>\n<!-- \/ Yoast SEO plugin. -->","yoast_head_json":{"title":"Zero Design Cells | Comau","description":"L'approccio produttivo Zero Design di Comau consente alle aziende di tutte le dimensioni di sfruttare celle standardizzate e pre-progettate per semplificare l'automazione senza sacrificare la precisione o le prestazioni.","robots":{"index":"index","follow":"follow","max-snippet":"max-snippet:-1","max-image-preview":"max-image-preview:large","max-video-preview":"max-video-preview:-1"},"canonical":"https:\/\/www.comau.com\/it\/competencies\/products-solutions\/zero-design-cells\/","og_locale":"it_IT","og_type":"article","og_title":"Zero Design Cells | Comau","og_description":"L'approccio produttivo Zero Design di Comau consente alle aziende di tutte le dimensioni di sfruttare celle standardizzate e pre-progettate per semplificare l'automazione senza sacrificare la precisione o le prestazioni.","og_url":"https:\/\/www.comau.com\/it\/competencies\/products-solutions\/zero-design-cells\/","og_site_name":"Comau","article_publisher":"https:\/\/www.facebook.com\/COMAU\/","article_modified_time":"2022-09-22T13:14:50+00:00","og_image":[{"width":1450,"height":450,"url":"https:\/\/www.comau.com\/wp-content\/uploads\/2022\/09\/hero-landing-1.jpg","type":"image\/jpeg"}],"twitter_card":"summary_large_image","twitter_site":"@comaugroup","twitter_misc":{"Tempo di lettura stimato":"2 minuti"},"schema":{"@context":"https:\/\/schema.org","@graph":[{"@type":"WebPage","@id":"https:\/\/www.comau.com\/it\/competencies\/products-solutions\/zero-design-cells\/","url":"https:\/\/www.comau.com\/it\/competencies\/products-solutions\/zero-design-cells\/","name":"Zero Design Cells | Comau","isPartOf":{"@id":"https:\/\/www.comau.com\/it\/#website"},"primaryImageOfPage":{"@id":"https:\/\/www.comau.com\/it\/competencies\/products-solutions\/zero-design-cells\/#primaryimage"},"image":{"@id":"https:\/\/www.comau.com\/it\/competencies\/products-solutions\/zero-design-cells\/#primaryimage"},"thumbnailUrl":"https:\/\/www.comau.com\/wp-content\/uploads\/2022\/10\/Comau_ZeroDesignCell_Header.jpg","datePublished":"2022-09-08T15:29:29+00:00","dateModified":"2022-09-22T13:14:50+00:00","description":"L'approccio produttivo Zero Design di Comau consente alle aziende di tutte le dimensioni di sfruttare celle standardizzate e pre-progettate per semplificare l'automazione senza sacrificare la precisione o le prestazioni.","breadcrumb":{"@id":"https:\/\/www.comau.com\/it\/competencies\/products-solutions\/zero-design-cells\/#breadcrumb"},"inLanguage":"it-IT","potentialAction":[{"@type":"ReadAction","target":["https:\/\/www.comau.com\/it\/competencies\/products-solutions\/zero-design-cells\/"]}]},{"@type":"ImageObject","inLanguage":"it-IT","@id":"https:\/\/www.comau.com\/it\/competencies\/products-solutions\/zero-design-cells\/#primaryimage","url":"https:\/\/www.comau.com\/wp-content\/uploads\/2022\/10\/Comau_ZeroDesignCell_Header.jpg","contentUrl":"https:\/\/www.comau.com\/wp-content\/uploads\/2022\/10\/Comau_ZeroDesignCell_Header.jpg","width":1450,"height":450,"caption":"Comau Zero Design Cells"},{"@type":"BreadcrumbList","@id":"https:\/\/www.comau.com\/it\/competencies\/products-solutions\/zero-design-cells\/#breadcrumb","itemListElement":[{"@type":"ListItem","position":1,"name":"Home","item":"https:\/\/www.comau.com\/it\/"},{"@type":"ListItem","position":2,"name":"Le Nostre Competenze","item":"https:\/\/www.comau.com\/it\/competencies\/"},{"@type":"ListItem","position":3,"name":"Robotics &amp; Automation","item":"https:\/\/www.comau.com\/it\/competencies\/robotics-automation\/"},{"@type":"ListItem","position":4,"name":"Zero Design Cells"}]},{"@type":"WebSite","@id":"https:\/\/www.comau.com\/it\/#website","url":"https:\/\/www.comau.com\/it\/","name":"Comau","description":"Industrial automation and robotics","publisher":{"@id":"https:\/\/www.comau.com\/it\/#organization"},"potentialAction":[{"@type":"SearchAction","target":{"@type":"EntryPoint","urlTemplate":"https:\/\/www.comau.com\/it\/?s={search_term_string}"},"query-input":{"@type":"PropertyValueSpecification","valueRequired":true,"valueName":"search_term_string"}}],"inLanguage":"it-IT"},{"@type":"Organization","@id":"https:\/\/www.comau.com\/it\/#organization","name":"Comau","url":"https:\/\/www.comau.com\/it\/","logo":{"@type":"ImageObject","inLanguage":"it-IT","@id":"https:\/\/www.comau.com\/it\/#\/schema\/logo\/image\/","url":"https:\/\/www.comau.com\/wp-content\/uploads\/2024\/07\/cropped-Logo-COMAU.png","contentUrl":"https:\/\/www.comau.com\/wp-content\/uploads\/2024\/07\/cropped-Logo-COMAU.png","width":434,"height":434,"caption":"Comau"},"image":{"@id":"https:\/\/www.comau.com\/it\/#\/schema\/logo\/image\/"},"sameAs":["https:\/\/www.facebook.com\/COMAU\/","https:\/\/x.com\/comaugroup","https:\/\/www.instagram.com\/comaugroup\/","https:\/\/www.linkedin.com\/company\/comau","https:\/\/www.youtube.com\/user\/comau"]}]}},"_links":{"self":[{"href":"https:\/\/www.comau.com\/it\/wp-json\/wp\/v2\/pages\/47369","targetHints":{"allow":["GET"]}}],"collection":[{"href":"https:\/\/www.comau.com\/it\/wp-json\/wp\/v2\/pages"}],"about":[{"href":"https:\/\/www.comau.com\/it\/wp-json\/wp\/v2\/types\/page"}],"author":[{"embeddable":true,"href":"https:\/\/www.comau.com\/it\/wp-json\/wp\/v2\/users\/7"}],"replies":[{"embeddable":true,"href":"https:\/\/www.comau.com\/it\/wp-json\/wp\/v2\/comments?post=47369"}],"version-history":[{"count":26,"href":"https:\/\/www.comau.com\/it\/wp-json\/wp\/v2\/pages\/47369\/revisions"}],"predecessor-version":[{"id":47636,"href":"https:\/\/www.comau.com\/it\/wp-json\/wp\/v2\/pages\/47369\/revisions\/47636"}],"up":[{"embeddable":true,"href":"https:\/\/www.comau.com\/it\/wp-json\/wp\/v2\/pages\/65272"}],"wp:featuredmedia":[{"embeddable":true,"href":"https:\/\/www.comau.com\/it\/wp-json\/wp\/v2\/media\/48249"}],"wp:attachment":[{"href":"https:\/\/www.comau.com\/it\/wp-json\/wp\/v2\/media?parent=47369"}],"curies":[{"name":"wp","href":"https:\/\/api.w.org\/{rel}","templated":true}]}}