{"id":46731,"date":"2022-08-04T09:00:00","date_gmt":"2022-08-04T07:00:00","guid":{"rendered":"https:\/\/www.comau.com\/?page_id=46731"},"modified":"2022-08-04T11:03:53","modified_gmt":"2022-08-04T09:03:53","slug":"verifica-in-tempo-reale-dellefficienza-elettrica-per-batterie-di-auto-sportive-ad-alte-prestazioni","status":"publish","type":"page","link":"https:\/\/www.comau.com\/it\/about-us\/success-stories\/verifica-in-tempo-reale-dellefficienza-elettrica-per-batterie-di-auto-sportive-ad-alte-prestazioni\/","title":{"rendered":"Verifica in tempo reale dell\u2019efficienza elettrica per batterie di auto sportive ad alte prestazioni"},"content":{"rendered":"\n<p>Quando una delle case automobilistiche pi\u00f9 esclusive d&#8217;Italia ha deciso di creare una versione elettrica della sua auto sportiva premium, il team di ingegneri sapeva che avrebbe avuto bisogno di una batteria elettrica ad alte prestazioni in grado di eguagliare la potenza, la velocit\u00e0 e le prestazioni della sua omologa tradizionale. Si sono dunque rivolti a un fornitore di tecnologia Tier One per progettare e implementare le linee di produzione della batteria, che a sua volta ha incaricato Comau di creare un sistema di controllo qualit\u00e0 non invasivo. La soluzione innovativa di Comau combiner\u00e0 l&#8217;imaging termico e l&#8217;intelligenza artificiale per testare in maniera automatizzata le propriet\u00e0 elettriche e meccaniche durante il processo di assemblaggio dei moduli, permettendo di verificare l&#8217;integrit\u00e0 della batteria ad alta tensione e riducendo al minimo gli scarti dei moduli.<\/p>\n\n\n\n<p><\/p>\n\n\n\n<div class=\"wp-block-group wide-section-light-1 py-5 my-5\"><div class=\"wp-block-group__inner-container is-layout-flow wp-block-group-is-layout-flow\">\n<blockquote class=\"wp-block-quote has-text-align-left success-story-quote is-layout-flow wp-block-quote-is-layout-flow\"><p>&#8220;Comau ha fornito una soluzione innovativa che ha risposto alle caratteristiche uniche della batteria ad alte prestazioni del nostro cliente e ha garantito una riduzione concreta degli scarti di materiale&#8221;, ha spiegato Giovanni Di Stefano, Responsabile per l\u2019innovazione e le tecnologie di processo. &#8220;Inoltre, il sistema progettato da Comau consentir\u00e0 ai nostri clienti di misurare i KPI legati alla qualit\u00e0 e di determinare quante batterie &#8216;salvare&#8217;, nonostante un&#8217;eventuale non conformit\u00e0 in uno dei suoi moduli.&#8221;<\/p><cite><strong>Giovanni Di Stefano, Head of Innovation and Process Technologies<\/strong><\/cite><\/blockquote>\n\n\n\n<p><\/p>\n<\/div><\/div>\n\n\n\n<div class=\"wp-block-columns is-layout-flex wp-container-core-columns-is-layout-9d6595d7 wp-block-columns-is-layout-flex\">\n<div class=\"wp-block-column is-layout-flow wp-block-column-is-layout-flow\">\n<h2 class=\"h3 wp-block-heading\" id=\"the-challenge\">La sfida<\/h2>\n\n\n\n<p>A Comau \u00e8 stato chiesto di progettare una soluzione tecnologica che potesse essere integrata senza problemi in un processo di produzione semiautomatizzato di batterie, senza impattare sul tempo di ciclo o sul layout di produzione. A differenza dei tradizionali test di fine linea delle batterie, in cui ogni batteria viene sottoposta a una serie di cicli di carica e scarica, la soluzione doveva verificare la qualit\u00e0 della batteria a livello di modulo prima di chiudere e saldare l&#8217;intero pacco. Con ogni batteria dotata di 13 moduli ad alte prestazioni, il sistema doveva verificare la batteria a livello di modulo e, in caso di guasto, identificare con precisione quale modulo o quali moduli non erano conformi alle tolleranze specificate dal cliente.<\/p>\n<\/div>\n\n\n\n<div class=\"wp-block-column is-layout-flow wp-block-column-is-layout-flow\">\n<h2 class=\"h3 wp-block-heading\" id=\"the-solution\">La soluzione<\/h2>\n\n\n\n<p>Gli ingegneri di Comau hanno innanzitutto verificato il numero di singole celle in ciascuno dei 13 moduli della batteria. Queste celle sono strutturalmente tenute insieme e collegate elettricamente da numerosi giunti saldati, la cui scarsa qualit\u00e0 secondo il team \u00e8 fonte di potenziali punti di guasto. Dato che i giunti non conformi possono portare a una batteria instabile e a possibili rischi per la sicurezza, il team ha progettato un sistema in grado di analizzare la resistenza meccanica ed elettrica dei giunti saldati in modo rapido ed efficiente.<\/p>\n\n\n\n<p>Sfruttando una telecamera a infrarossi e l&#8217;intelligenza della rete neurale, il team ha costruito una soluzione di termografia ibrida in grado di eseguire un&#8217;ispezione non invasiva del bacino di fusione a livello di giunto, per rilevare i difetti superficiali ed eseguire automaticamente la verifica del controllo qualit\u00e0. La soluzione si basa sull&#8217;acquisizione in linea di immagini termiche che vengono immediatamente pre-elaborate, ritagliate e analizzate tramite una base di conoscenze acquisite in precedenza. Dopo aver ricevuto un impulso dal robot di saldatura laser, il sistema registra automaticamente la fase di raffreddamento ed esegue un&#8217;analisi basata sulle caratteristiche per valutare la salute qualitativa di ogni singolo giunto.<\/p>\n\n\n\n<p>Il sistema di controllo non distruttivo \u00e8 stato anche progettato per funzionare all&#8217;interno del processo di produzione esistente, aiutando a ottimizzare il flusso di lavoro e a salvaguardare i tempi di ciclo. E poich\u00e9 le termocamere analizzano i difetti sia visivi che di resistenza prima del processo di assemblaggio finale, qualsiasi non conformit\u00e0 pu\u00f2 essere risolta a livello di modulo, senza dover rottamare l&#8217;intera batteria. Infine, la soluzione progettata da Comau \u00e8 completamente integrata con il sistema di tracciabilit\u00e0, consentendo di raccogliere tutte le informazioni sul processo e sulla qualit\u00e0 in un unico sistema di gestione dei dati e di renderle disponibili in modo semplice, efficiente e intuitivo.<\/p>\n<\/div>\n<\/div>\n\n\n\n<div class=\"wp-block-group wide-section-light-1 py-5 my-5\"><div class=\"wp-block-group__inner-container is-layout-flow wp-block-group-is-layout-flow\">\n<div class=\"wp-block-group wide-section-light-1 py-5 my-5\"><div class=\"wp-block-group__inner-container is-layout-flow wp-block-group-is-layout-flow\">\n<h2 class=\"h2 wp-block-heading\" id=\"the-results\">I risultati<\/h2>\n\n\n\n<p>Dopo aver consegnato la soluzione in linea al fornitore di tecnologia incaricato di costruire un processo di produzione di batterie a 360\u00b0, sia Comau che il suo cliente hanno iniziato immediatamente a mettere alla prova il sistema. Il primo risultato \u00e8 stato raggiunto grazie alla facilit\u00e0 con cui l&#8217;innovativo paradigma di test \u00e8 stato perfettamente integrato nella linea di assemblaggio.&nbsp;&nbsp;<\/p>\n\n\n\n<p>Il secondo risultato del sistema automatizzato e non distruttivo di Comau si pu\u00f2 vedere nella migliore precisione del rilevamento dei difetti estetici, che spesso supera quella dell&#8217;ispezione visiva.<\/p>\n\n\n\n<p>Inoltre, poich\u00e9 l&#8217;elevata resistenza elettrica di un giunto scadente pu\u00f2 creare un&#8217;elevata perdita di energia e generare calore, la temperatura del giunto potrebbe aumentare. Questo, a sua volta, pu\u00f2 provocare potenziali problemi di sicurezza, oltre a ridurre l&#8217;efficienza della batteria. Valutando in maniera automatizzata i difetti superficiali e la resistenza elettrica di ogni giunto prima dell&#8217;assemblaggio finale, la soluzione progettata da Comau aiuta il cliente finale a risparmiare tempo e costi.<\/p>\n\n\n\n<p>Infine, i risultati in tempo reale del processo possono essere raccolti e utilizzati per l&#8217;analisi e il riapprendimento. E poich\u00e9 il sistema \u00e8 interconnesso con l&#8217;infrastruttura di dati completa, il cliente pu\u00f2 tenere traccia di eventuali problemi di qualit\u00e0 e apportare modifiche al processo di produzione, se necessario.<\/p>\n\n\n\n<div class=\"wp-block-columns is-layout-flex wp-container-core-columns-is-layout-9d6595d7 wp-block-columns-is-layout-flex\">\n<div class=\"wp-block-column is-layout-flow wp-block-column-is-layout-flow\">\n<div class=\"wp-block-getwid-counter d-none\"><div class=\"wp-block-getwid-counter__wrapper\" data-start=\"\" data-end=\"\" data-decimal-places=\"0\" data-duration=\"3\" data-use-easing=\"true\" data-use-grouping=\"true\" data-separator=\",\" data-decimal=\".\" data-easing-fn=\"outExpo\" data-numerals=\"default\"><span class=\"wp-block-getwid-counter__number\">0<\/span><\/div><\/div>\n\n\n\n<p>I test lungo la linea garantiscono una produttivit\u00e0 ottimizzata<\/p>\n<\/div>\n\n\n\n<div class=\"wp-block-column is-layout-flow wp-block-column-is-layout-flow\">\n<div class=\"wp-block-getwid-counter\"><div class=\"wp-block-getwid-counter__wrapper\" data-start=\"0\" data-end=\"100\" data-decimal-places=\"0\" data-duration=\"3\" data-use-easing=\"true\" data-use-grouping=\"true\" data-separator=\",\" data-decimal=\".\" data-easing-fn=\"outExpo\" data-numerals=\"default\"><span class=\"wp-block-getwid-counter__number\">0<\/span><p class=\"wp-block-getwid-counter__suffix\">%<\/p><\/div><\/div>\n\n\n\n<p>test del modulo automatizzati<\/p>\n<\/div>\n\n\n\n<div class=\"wp-block-column is-layout-flow wp-block-column-is-layout-flow\">\n<div class=\"wp-block-getwid-counter\"><div class=\"wp-block-getwid-counter__wrapper\" data-start=\"0\" data-end=\"100\" data-decimal-places=\"0\" data-duration=\"3\" data-use-easing=\"true\" data-use-grouping=\"true\" data-separator=\",\" data-decimal=\".\" data-easing-fn=\"outExpo\" data-numerals=\"default\"><span class=\"wp-block-getwid-counter__number\">0<\/span><p class=\"wp-block-getwid-counter__suffix\">%<\/p><\/div><\/div>\n\n\n\n<p>di tracciabilit\u00e0<\/p>\n<\/div>\n\n\n\n<div class=\"wp-block-column is-layout-flow wp-block-column-is-layout-flow\">\n<div class=\"wp-block-getwid-counter d-none\"><div class=\"wp-block-getwid-counter__wrapper\" data-start=\"\" data-end=\"\" data-decimal-places=\"0\" data-duration=\"3\" data-use-easing=\"true\" data-use-grouping=\"true\" data-separator=\",\" data-decimal=\".\" data-easing-fn=\"outExpo\" data-numerals=\"default\"><span class=\"wp-block-getwid-counter__number\">0<\/span><\/div><\/div>\n\n\n\n<p>Significativa riduzione degli scarti di materiale<\/p>\n<\/div>\n<\/div>\n<\/div><\/div>\n\n\n\n<div class=\"wp-block-columns is-layout-flex wp-container-core-columns-is-layout-9d6595d7 wp-block-columns-is-layout-flex\">\n<div class=\"wp-block-column is-layout-flow wp-block-column-is-layout-flow\"><\/div>\n\n\n\n<div class=\"wp-block-column is-layout-flow wp-block-column-is-layout-flow\"><\/div>\n<\/div>\n<\/div><\/div>\n","protected":false},"excerpt":{"rendered":"<p>Quando una delle case automobilistiche pi\u00f9 esclusive d&#8217;Italia ha deciso di creare una versione elettrica della sua auto sportiva premium, il team di ingegneri sapeva che avrebbe avuto bisogno di una batteria elettrica ad alte prestazioni in grado di eguagliare la potenza, la velocit\u00e0 e le prestazioni della sua omologa tradizionale. Si sono dunque rivolti [&hellip;]<\/p>\n","protected":false},"author":19,"featured_media":43827,"parent":41288,"menu_order":6,"comment_status":"closed","ping_status":"closed","template":"","meta":{"_acf_changed":false,"ep_exclude_from_search":false,"footnotes":""},"class_list":["post-46731","page","type-page","status-publish","has-post-thumbnail","hentry"],"acf":[],"yoast_head":"<!-- This site is optimized with the Yoast SEO plugin v26.9 - https:\/\/yoast.com\/product\/yoast-seo-wordpress\/ -->\n<title>Verifica in tempo reale dell\u2019efficienza elettrica per batterie di auto sportive ad alte prestazioni - Comau<\/title>\n<meta name=\"robots\" content=\"index, follow, max-snippet:-1, max-image-preview:large, max-video-preview:-1\" \/>\n<link rel=\"canonical\" href=\"https:\/\/www.comau.com\/it\/about-us\/success-stories\/verifica-in-tempo-reale-dellefficienza-elettrica-per-batterie-di-auto-sportive-ad-alte-prestazioni\/\" \/>\n<meta property=\"og:locale\" content=\"it_IT\" \/>\n<meta property=\"og:type\" content=\"article\" \/>\n<meta property=\"og:title\" content=\"Verifica in tempo reale dell\u2019efficienza elettrica per batterie di auto sportive ad alte prestazioni - Comau\" \/>\n<meta property=\"og:description\" content=\"Quando una delle case automobilistiche pi\u00f9 esclusive d&#8217;Italia ha deciso di creare una versione elettrica della sua auto sportiva premium, il team di ingegneri sapeva che avrebbe avuto bisogno di una batteria elettrica ad alte prestazioni in grado di eguagliare la potenza, la velocit\u00e0 e le prestazioni della sua omologa tradizionale. Si sono dunque rivolti [&hellip;]\" \/>\n<meta property=\"og:url\" content=\"https:\/\/www.comau.com\/it\/about-us\/success-stories\/verifica-in-tempo-reale-dellefficienza-elettrica-per-batterie-di-auto-sportive-ad-alte-prestazioni\/\" \/>\n<meta property=\"og:site_name\" content=\"Comau\" \/>\n<meta property=\"article:publisher\" content=\"https:\/\/www.facebook.com\/COMAU\/\" \/>\n<meta property=\"article:modified_time\" content=\"2022-08-04T09:03:53+00:00\" \/>\n<meta property=\"og:image\" content=\"https:\/\/www.comau.com\/wp-content\/uploads\/2022\/03\/Mira-Termography.jpg\" \/>\n\t<meta property=\"og:image:width\" content=\"1450\" \/>\n\t<meta property=\"og:image:height\" content=\"450\" \/>\n\t<meta property=\"og:image:type\" content=\"image\/jpeg\" \/>\n<meta name=\"twitter:card\" content=\"summary_large_image\" \/>\n<meta name=\"twitter:site\" content=\"@comaugroup\" \/>\n<meta name=\"twitter:label1\" content=\"Tempo di lettura stimato\" \/>\n\t<meta name=\"twitter:data1\" content=\"4 minuti\" \/>\n<script type=\"application\/ld+json\" class=\"yoast-schema-graph\">{\"@context\":\"https:\/\/schema.org\",\"@graph\":[{\"@type\":\"WebPage\",\"@id\":\"https:\/\/www.comau.com\/it\/about-us\/success-stories\/verifica-in-tempo-reale-dellefficienza-elettrica-per-batterie-di-auto-sportive-ad-alte-prestazioni\/\",\"url\":\"https:\/\/www.comau.com\/it\/about-us\/success-stories\/verifica-in-tempo-reale-dellefficienza-elettrica-per-batterie-di-auto-sportive-ad-alte-prestazioni\/\",\"name\":\"Verifica in tempo reale dell\u2019efficienza elettrica per batterie di auto sportive ad alte prestazioni - Comau\",\"isPartOf\":{\"@id\":\"https:\/\/www.comau.com\/it\/#website\"},\"primaryImageOfPage\":{\"@id\":\"https:\/\/www.comau.com\/it\/about-us\/success-stories\/verifica-in-tempo-reale-dellefficienza-elettrica-per-batterie-di-auto-sportive-ad-alte-prestazioni\/#primaryimage\"},\"image\":{\"@id\":\"https:\/\/www.comau.com\/it\/about-us\/success-stories\/verifica-in-tempo-reale-dellefficienza-elettrica-per-batterie-di-auto-sportive-ad-alte-prestazioni\/#primaryimage\"},\"thumbnailUrl\":\"https:\/\/www.comau.com\/wp-content\/uploads\/2022\/03\/Mira-Termography.jpg\",\"datePublished\":\"2022-08-04T07:00:00+00:00\",\"dateModified\":\"2022-08-04T09:03:53+00:00\",\"breadcrumb\":{\"@id\":\"https:\/\/www.comau.com\/it\/about-us\/success-stories\/verifica-in-tempo-reale-dellefficienza-elettrica-per-batterie-di-auto-sportive-ad-alte-prestazioni\/#breadcrumb\"},\"inLanguage\":\"it-IT\",\"potentialAction\":[{\"@type\":\"ReadAction\",\"target\":[\"https:\/\/www.comau.com\/it\/about-us\/success-stories\/verifica-in-tempo-reale-dellefficienza-elettrica-per-batterie-di-auto-sportive-ad-alte-prestazioni\/\"]}]},{\"@type\":\"ImageObject\",\"inLanguage\":\"it-IT\",\"@id\":\"https:\/\/www.comau.com\/it\/about-us\/success-stories\/verifica-in-tempo-reale-dellefficienza-elettrica-per-batterie-di-auto-sportive-ad-alte-prestazioni\/#primaryimage\",\"url\":\"https:\/\/www.comau.com\/wp-content\/uploads\/2022\/03\/Mira-Termography.jpg\",\"contentUrl\":\"https:\/\/www.comau.com\/wp-content\/uploads\/2022\/03\/Mira-Termography.jpg\",\"width\":1450,\"height\":450},{\"@type\":\"BreadcrumbList\",\"@id\":\"https:\/\/www.comau.com\/it\/about-us\/success-stories\/verifica-in-tempo-reale-dellefficienza-elettrica-per-batterie-di-auto-sportive-ad-alte-prestazioni\/#breadcrumb\",\"itemListElement\":[{\"@type\":\"ListItem\",\"position\":1,\"name\":\"Home\",\"item\":\"https:\/\/www.comau.com\/it\/\"},{\"@type\":\"ListItem\",\"position\":2,\"name\":\"Questa \u00e8 Comau\",\"item\":\"https:\/\/www.comau.com\/it\/about-us\/\"},{\"@type\":\"ListItem\",\"position\":3,\"name\":\"Storie di successo\",\"item\":\"https:\/\/www.comau.com\/it\/about-us\/success-stories\/\"},{\"@type\":\"ListItem\",\"position\":4,\"name\":\"Verifica in tempo reale dell\u2019efficienza elettrica per batterie di auto sportive ad alte prestazioni\"}]},{\"@type\":\"WebSite\",\"@id\":\"https:\/\/www.comau.com\/it\/#website\",\"url\":\"https:\/\/www.comau.com\/it\/\",\"name\":\"Comau\",\"description\":\"Industrial automation and robotics\",\"publisher\":{\"@id\":\"https:\/\/www.comau.com\/it\/#organization\"},\"potentialAction\":[{\"@type\":\"SearchAction\",\"target\":{\"@type\":\"EntryPoint\",\"urlTemplate\":\"https:\/\/www.comau.com\/it\/?s={search_term_string}\"},\"query-input\":{\"@type\":\"PropertyValueSpecification\",\"valueRequired\":true,\"valueName\":\"search_term_string\"}}],\"inLanguage\":\"it-IT\"},{\"@type\":\"Organization\",\"@id\":\"https:\/\/www.comau.com\/it\/#organization\",\"name\":\"Comau\",\"url\":\"https:\/\/www.comau.com\/it\/\",\"logo\":{\"@type\":\"ImageObject\",\"inLanguage\":\"it-IT\",\"@id\":\"https:\/\/www.comau.com\/it\/#\/schema\/logo\/image\/\",\"url\":\"https:\/\/www.comau.com\/wp-content\/uploads\/2024\/07\/cropped-Logo-COMAU.png\",\"contentUrl\":\"https:\/\/www.comau.com\/wp-content\/uploads\/2024\/07\/cropped-Logo-COMAU.png\",\"width\":434,\"height\":434,\"caption\":\"Comau\"},\"image\":{\"@id\":\"https:\/\/www.comau.com\/it\/#\/schema\/logo\/image\/\"},\"sameAs\":[\"https:\/\/www.facebook.com\/COMAU\/\",\"https:\/\/x.com\/comaugroup\",\"https:\/\/www.instagram.com\/comaugroup\/\",\"https:\/\/www.linkedin.com\/company\/comau\",\"https:\/\/www.youtube.com\/user\/comau\"]}]}<\/script>\n<!-- \/ Yoast SEO plugin. -->","yoast_head_json":{"title":"Verifica in tempo reale dell\u2019efficienza elettrica per batterie di auto sportive ad alte prestazioni - Comau","robots":{"index":"index","follow":"follow","max-snippet":"max-snippet:-1","max-image-preview":"max-image-preview:large","max-video-preview":"max-video-preview:-1"},"canonical":"https:\/\/www.comau.com\/it\/about-us\/success-stories\/verifica-in-tempo-reale-dellefficienza-elettrica-per-batterie-di-auto-sportive-ad-alte-prestazioni\/","og_locale":"it_IT","og_type":"article","og_title":"Verifica in tempo reale dell\u2019efficienza elettrica per batterie di auto sportive ad alte prestazioni - Comau","og_description":"Quando una delle case automobilistiche pi\u00f9 esclusive d&#8217;Italia ha deciso di creare una versione elettrica della sua auto sportiva premium, il team di ingegneri sapeva che avrebbe avuto bisogno di una batteria elettrica ad alte prestazioni in grado di eguagliare la potenza, la velocit\u00e0 e le prestazioni della sua omologa tradizionale. Si sono dunque rivolti [&hellip;]","og_url":"https:\/\/www.comau.com\/it\/about-us\/success-stories\/verifica-in-tempo-reale-dellefficienza-elettrica-per-batterie-di-auto-sportive-ad-alte-prestazioni\/","og_site_name":"Comau","article_publisher":"https:\/\/www.facebook.com\/COMAU\/","article_modified_time":"2022-08-04T09:03:53+00:00","og_image":[{"width":1450,"height":450,"url":"https:\/\/www.comau.com\/wp-content\/uploads\/2022\/03\/Mira-Termography.jpg","type":"image\/jpeg"}],"twitter_card":"summary_large_image","twitter_site":"@comaugroup","twitter_misc":{"Tempo di lettura stimato":"4 minuti"},"schema":{"@context":"https:\/\/schema.org","@graph":[{"@type":"WebPage","@id":"https:\/\/www.comau.com\/it\/about-us\/success-stories\/verifica-in-tempo-reale-dellefficienza-elettrica-per-batterie-di-auto-sportive-ad-alte-prestazioni\/","url":"https:\/\/www.comau.com\/it\/about-us\/success-stories\/verifica-in-tempo-reale-dellefficienza-elettrica-per-batterie-di-auto-sportive-ad-alte-prestazioni\/","name":"Verifica in tempo reale dell\u2019efficienza elettrica per batterie di auto sportive ad alte prestazioni - Comau","isPartOf":{"@id":"https:\/\/www.comau.com\/it\/#website"},"primaryImageOfPage":{"@id":"https:\/\/www.comau.com\/it\/about-us\/success-stories\/verifica-in-tempo-reale-dellefficienza-elettrica-per-batterie-di-auto-sportive-ad-alte-prestazioni\/#primaryimage"},"image":{"@id":"https:\/\/www.comau.com\/it\/about-us\/success-stories\/verifica-in-tempo-reale-dellefficienza-elettrica-per-batterie-di-auto-sportive-ad-alte-prestazioni\/#primaryimage"},"thumbnailUrl":"https:\/\/www.comau.com\/wp-content\/uploads\/2022\/03\/Mira-Termography.jpg","datePublished":"2022-08-04T07:00:00+00:00","dateModified":"2022-08-04T09:03:53+00:00","breadcrumb":{"@id":"https:\/\/www.comau.com\/it\/about-us\/success-stories\/verifica-in-tempo-reale-dellefficienza-elettrica-per-batterie-di-auto-sportive-ad-alte-prestazioni\/#breadcrumb"},"inLanguage":"it-IT","potentialAction":[{"@type":"ReadAction","target":["https:\/\/www.comau.com\/it\/about-us\/success-stories\/verifica-in-tempo-reale-dellefficienza-elettrica-per-batterie-di-auto-sportive-ad-alte-prestazioni\/"]}]},{"@type":"ImageObject","inLanguage":"it-IT","@id":"https:\/\/www.comau.com\/it\/about-us\/success-stories\/verifica-in-tempo-reale-dellefficienza-elettrica-per-batterie-di-auto-sportive-ad-alte-prestazioni\/#primaryimage","url":"https:\/\/www.comau.com\/wp-content\/uploads\/2022\/03\/Mira-Termography.jpg","contentUrl":"https:\/\/www.comau.com\/wp-content\/uploads\/2022\/03\/Mira-Termography.jpg","width":1450,"height":450},{"@type":"BreadcrumbList","@id":"https:\/\/www.comau.com\/it\/about-us\/success-stories\/verifica-in-tempo-reale-dellefficienza-elettrica-per-batterie-di-auto-sportive-ad-alte-prestazioni\/#breadcrumb","itemListElement":[{"@type":"ListItem","position":1,"name":"Home","item":"https:\/\/www.comau.com\/it\/"},{"@type":"ListItem","position":2,"name":"Questa \u00e8 Comau","item":"https:\/\/www.comau.com\/it\/about-us\/"},{"@type":"ListItem","position":3,"name":"Storie di successo","item":"https:\/\/www.comau.com\/it\/about-us\/success-stories\/"},{"@type":"ListItem","position":4,"name":"Verifica in tempo reale dell\u2019efficienza elettrica per batterie di auto sportive ad alte prestazioni"}]},{"@type":"WebSite","@id":"https:\/\/www.comau.com\/it\/#website","url":"https:\/\/www.comau.com\/it\/","name":"Comau","description":"Industrial automation and robotics","publisher":{"@id":"https:\/\/www.comau.com\/it\/#organization"},"potentialAction":[{"@type":"SearchAction","target":{"@type":"EntryPoint","urlTemplate":"https:\/\/www.comau.com\/it\/?s={search_term_string}"},"query-input":{"@type":"PropertyValueSpecification","valueRequired":true,"valueName":"search_term_string"}}],"inLanguage":"it-IT"},{"@type":"Organization","@id":"https:\/\/www.comau.com\/it\/#organization","name":"Comau","url":"https:\/\/www.comau.com\/it\/","logo":{"@type":"ImageObject","inLanguage":"it-IT","@id":"https:\/\/www.comau.com\/it\/#\/schema\/logo\/image\/","url":"https:\/\/www.comau.com\/wp-content\/uploads\/2024\/07\/cropped-Logo-COMAU.png","contentUrl":"https:\/\/www.comau.com\/wp-content\/uploads\/2024\/07\/cropped-Logo-COMAU.png","width":434,"height":434,"caption":"Comau"},"image":{"@id":"https:\/\/www.comau.com\/it\/#\/schema\/logo\/image\/"},"sameAs":["https:\/\/www.facebook.com\/COMAU\/","https:\/\/x.com\/comaugroup","https:\/\/www.instagram.com\/comaugroup\/","https:\/\/www.linkedin.com\/company\/comau","https:\/\/www.youtube.com\/user\/comau"]}]}},"_links":{"self":[{"href":"https:\/\/www.comau.com\/it\/wp-json\/wp\/v2\/pages\/46731","targetHints":{"allow":["GET"]}}],"collection":[{"href":"https:\/\/www.comau.com\/it\/wp-json\/wp\/v2\/pages"}],"about":[{"href":"https:\/\/www.comau.com\/it\/wp-json\/wp\/v2\/types\/page"}],"author":[{"embeddable":true,"href":"https:\/\/www.comau.com\/it\/wp-json\/wp\/v2\/users\/19"}],"replies":[{"embeddable":true,"href":"https:\/\/www.comau.com\/it\/wp-json\/wp\/v2\/comments?post=46731"}],"version-history":[{"count":20,"href":"https:\/\/www.comau.com\/it\/wp-json\/wp\/v2\/pages\/46731\/revisions"}],"predecessor-version":[{"id":47071,"href":"https:\/\/www.comau.com\/it\/wp-json\/wp\/v2\/pages\/46731\/revisions\/47071"}],"up":[{"embeddable":true,"href":"https:\/\/www.comau.com\/it\/wp-json\/wp\/v2\/pages\/41288"}],"wp:featuredmedia":[{"embeddable":true,"href":"https:\/\/www.comau.com\/it\/wp-json\/wp\/v2\/media\/43827"}],"wp:attachment":[{"href":"https:\/\/www.comau.com\/it\/wp-json\/wp\/v2\/media?parent=46731"}],"curies":[{"name":"wp","href":"https:\/\/api.w.org\/{rel}","templated":true}]}}