{"id":45478,"date":"2022-05-17T13:01:05","date_gmt":"2022-05-17T11:01:05","guid":{"rendered":"https:\/\/www.comau.com\/?page_id=45478"},"modified":"2022-06-28T17:08:58","modified_gmt":"2022-06-28T15:08:58","slug":"human-technology-licence-for-business-innovation","status":"publish","type":"page","link":"https:\/\/www.comau.com\/it\/competencies\/systems\/consultancy-education\/companies-professionals\/human-technology-licence-for-business-innovation\/","title":{"rendered":"Human &amp; Technology licence for business innovation"},"content":{"rendered":"\n<h2 class=\"wp-block-heading\"><strong>Diventa Protagonista della Transizione Digitale<\/strong><\/h2>\n\n\n\n<div class=\"wp-block-getwid-toggle download-dropdown has-icon-left\">\n<div class=\"wp-block-getwid-toggle__row\"><div class=\"wp-block-getwid-toggle__header-wrapper\"><span class=\"wp-block-getwid-toggle__header\"><a href=\"#\"><span class=\"wp-block-getwid-toggle__header-title\">Download the brochure<\/span><span class=\"wp-block-getwid-toggle__icon is-active\"><i class=\"fas fa-plus\"><\/i><\/span><span class=\"wp-block-getwid-toggle__icon is-passive\"><i class=\"fas fa-minus\"><\/i><\/span><\/a><\/span><\/div><div class=\"wp-block-getwid-toggle__content-wrapper\"><div class=\"wp-block-getwid-toggle__content\">\n<div class=\"wp-block-getwid-button-group\"><div class=\"wp-block-getwid-button-group__wrapper\">\n<div class=\"wp-block-button\"><a class=\"wp-block-button__link\" href=\"https:\/\/www.comau.com\/wp-content\/uploads\/2022\/05\/Human-Technology-Licence-for-business-innovation-1.pdf\">Human &amp; Technology licence for business innovation <\/a><\/div>\n<\/div><\/div>\n<\/div><\/div><\/div>\n<\/div>\n\n\n\n<p>La trasformazione tecnologica, che sta interessando il tessuto imprenditoriale e le organizzazioni pubbliche, sottolinea la necessit\u00e0 di un aggiornamento mirato e costante su strategie e soluzioni digitali indispensabili per poter operare con profitto in un contesto economico e sociale sempre pi\u00f9 innovativo e in continuo cambiamento.<\/p>\n\n\n\n<p>Per rispondere a queste necessit\u00e0, permettendo alle imprese di rafforzare la propria competitivit\u00e0, Comau Academy e il Dipartimento di Management dell\u2019Universit\u00e0 degli Studi di Torino hanno sviluppato il corso di formazione \u201cHuman &amp; Technology Licence for Business Innovation\u201d, un percorso didattico che ha l\u2019obiettivo di arricchire e approfondire le competenze di manager di aziende, private e pubbliche, professionisti, studenti e giovani talenti coinvolti in processi di innovazione e digitalizzazione.&nbsp;<\/p>\n\n\n\n<p><strong>Un programma completo e flessibile per far crescere le tue competenze digitali<\/strong><\/p>\n\n\n\n<p>Il programma di studi, condotto completamente in e-learning, \u00e8 composto da 2 moduli formativi, consecutivi e di intensit\u00e0 crescente, che comprendono lezioni interattive, project work di gruppo e momenti di studio individuale.<\/p>\n\n\n\n<figure class=\"wp-block-gallery has-nested-images columns-default is-cropped wp-block-gallery-1 is-layout-flex wp-block-gallery-is-layout-flex\">\n<figure class=\"wp-block-image size-large\"><img decoding=\"async\" width=\"1024\" height=\"447\" data-id=\"45599\" src=\"https:\/\/www.comau.com\/wp-content\/uploads\/2022\/05\/HT1-1024x447.jpg\" alt=\"\" class=\"wp-image-45599\" srcset=\"https:\/\/www.comau.com\/wp-content\/uploads\/2022\/05\/HT1-1024x447.jpg 1024w, https:\/\/www.comau.com\/wp-content\/uploads\/2022\/05\/HT1-300x131.jpg 300w, https:\/\/www.comau.com\/wp-content\/uploads\/2022\/05\/HT1-768x335.jpg 768w, https:\/\/www.comau.com\/wp-content\/uploads\/2022\/05\/HT1.jpg 1431w\" sizes=\"(max-width: 1024px) 100vw, 1024px\" \/><\/figure>\n<\/figure>\n\n\n\n<p>\u00c8 possibile frequentare il corso con modalit\u00e0 personalizzata e flessibile, fruibile nell\u2019arco di 6 mesi, per consentire ai partecipanti di conciliare le attivit\u00e0 di studio con lo svolgimento della propria occupazione.<\/p>\n\n\n\n<figure class=\"wp-block-image size-full\"><img decoding=\"async\" width=\"834\" height=\"335\" src=\"https:\/\/www.comau.com\/wp-content\/uploads\/2022\/05\/Cattura.jpg\" alt=\"\" class=\"wp-image-45617\" srcset=\"https:\/\/www.comau.com\/wp-content\/uploads\/2022\/05\/Cattura.jpg 834w, https:\/\/www.comau.com\/wp-content\/uploads\/2022\/05\/Cattura-300x121.jpg 300w, https:\/\/www.comau.com\/wp-content\/uploads\/2022\/05\/Cattura-768x308.jpg 768w\" sizes=\"(max-width: 834px) 100vw, 834px\" \/><\/figure>\n\n\n\n<h2 class=\"wp-block-heading\">Capacit\u00e0 mirate<\/h2>\n\n\n\n<p>Il corso \u201cHuman &amp; Technology Licence for Business Innovation\u201d permette di sviluppare competenze utili per orientarsi nel mondo delle tecnologie digitali, sviluppando al contempo una nuova mentalit\u00e0 operativa, flessibile e aperta all\u2019innovazione.&nbsp; <\/p>\n\n\n\n<p><strong>Un nuovo Mindset<\/strong> : per comprendere le principali implicazioni dei cambiamenti tecnologici che impattano sull\u2019evoluzione del mercato.<\/p>\n\n\n\n<p><strong>Competenze aggiornate<\/strong> : per promuovere un\u2019innovazione tecnologica orientata al business e alla valorizzazione delle risorse umane.<\/p>\n\n\n\n<p><strong>Conoscenza delle tecnologie abilitanti<\/strong> : per scoprire opportunit\u00e0 e vantaggi offerti da Internet of Things e Web Scraping, Intelligenza Artificiale, Visualizzazione dei dati, Realt\u00e0 Aumentata; Realt\u00e0 Virtuale, Robotica.<\/p>\n\n\n\n<p><strong>Un nuovo modo di<\/strong> <strong>lavorare<\/strong> : per favorire la collaborazione tra l\u2019uomo e la tecnologia, con un approccio caratterizzato da agilit\u00e0, interdisciplinariet\u00e0, coinvolgimento e passione.<\/p>\n\n\n\n<figure class=\"wp-block-image size-large\"><img decoding=\"async\" width=\"1024\" height=\"326\" src=\"https:\/\/www.comau.com\/wp-content\/uploads\/2022\/05\/immagine-HT-3-1024x326.jpg\" alt=\"\" class=\"wp-image-45490\" srcset=\"https:\/\/www.comau.com\/wp-content\/uploads\/2022\/05\/immagine-HT-3-1024x326.jpg 1024w, https:\/\/www.comau.com\/wp-content\/uploads\/2022\/05\/immagine-HT-3-300x95.jpg 300w, https:\/\/www.comau.com\/wp-content\/uploads\/2022\/05\/immagine-HT-3-768x244.jpg 768w, https:\/\/www.comau.com\/wp-content\/uploads\/2022\/05\/immagine-HT-3-1536x488.jpg 1536w, https:\/\/www.comau.com\/wp-content\/uploads\/2022\/05\/immagine-HT-3.jpg 1887w\" sizes=\"(max-width: 1024px) 100vw, 1024px\" \/><\/figure>\n\n\n\n<h2 class=\"wp-block-heading\"><strong>I vantaggi di un corso innovativo<\/strong><\/h2>\n\n\n\n<ul class=\"wp-block-list\"><li>Certificazione delle Competenze riconosciuta nel mondo professionale<\/li><li>Un metodo didattico consolidato sviluppato dalla Comau Academy<\/li><li>Teoria, multimedialit\u00e0 e attivit\u00e0 pratiche per un apprendimento intuitivo ed efficace<\/li><li>Un programma che unisce competenze accademiche e aziendali<\/li><li>Una piattaforma di apprendimento LMS interattiva e semplice da usare<\/li><li>Frequenza online con un piano di studi personalizzato e flessibile<\/li><\/ul>\n\n\n\n<p>Richiedi maggiori informazioni<\/p>\n\n\n\n<div class=\"wp-block-getwid-button-group\"><div class=\"wp-block-getwid-button-group__wrapper\">\n<div class=\"wp-block-button\"><a class=\"wp-block-button__link\" href=\"https:\/\/htlicence.com\/\" target=\"_blank\" rel=\"noreferrer noopener\">Iscriviti al corso<\/a><\/div>\n<\/div><\/div>\n","protected":false},"excerpt":{"rendered":"<p>Diventa Protagonista della Transizione Digitale La trasformazione tecnologica, che sta interessando il tessuto imprenditoriale e le organizzazioni pubbliche, sottolinea la necessit\u00e0 di un aggiornamento mirato e costante su strategie e soluzioni digitali indispensabili per poter operare con profitto in un contesto economico e sociale sempre pi\u00f9 innovativo e in continuo cambiamento. Per rispondere a queste [&hellip;]<\/p>\n","protected":false},"author":15,"featured_media":45631,"parent":6273,"menu_order":1,"comment_status":"closed","ping_status":"closed","template":"","meta":{"_acf_changed":false,"ep_exclude_from_search":false,"footnotes":""},"class_list":["post-45478","page","type-page","status-publish","has-post-thumbnail","hentry"],"acf":[],"yoast_head":"<!-- This site is optimized with the Yoast SEO plugin v26.9 - https:\/\/yoast.com\/product\/yoast-seo-wordpress\/ -->\n<title>Master di secondo livello in Manufacturing 4.0 - Comau<\/title>\n<meta name=\"description\" content=\"Il master con specializzazione di secondo livello mira a formare studenti e neolaureati in Ingegneria che vogliono ampliare le proprie competenze in Industria 4.0 e digitalizzazione.\" \/>\n<meta name=\"robots\" content=\"index, follow, max-snippet:-1, max-image-preview:large, max-video-preview:-1\" \/>\n<link rel=\"canonical\" href=\"https:\/\/www.comau.com\/it\/competencies\/systems\/consultancy-education\/companies-professionals\/human-technology-licence-for-business-innovation\/\" \/>\n<meta property=\"og:locale\" content=\"it_IT\" \/>\n<meta property=\"og:type\" content=\"article\" \/>\n<meta property=\"og:title\" content=\"Master di secondo livello in Manufacturing 4.0 - Comau\" \/>\n<meta property=\"og:description\" content=\"Il master con specializzazione di secondo livello mira a formare studenti e neolaureati in Ingegneria che vogliono ampliare le proprie competenze in Industria 4.0 e digitalizzazione.\" \/>\n<meta property=\"og:url\" content=\"https:\/\/www.comau.com\/it\/competencies\/systems\/consultancy-education\/companies-professionals\/human-technology-licence-for-business-innovation\/\" \/>\n<meta property=\"og:site_name\" content=\"Comau\" \/>\n<meta property=\"article:publisher\" content=\"https:\/\/www.facebook.com\/COMAU\/\" \/>\n<meta property=\"article:modified_time\" content=\"2022-06-28T15:08:58+00:00\" \/>\n<meta property=\"og:image\" content=\"https:\/\/www.comau.com\/wp-content\/uploads\/2022\/05\/Header-Human-Technology.jpg\" \/>\n\t<meta property=\"og:image:width\" content=\"1450\" \/>\n\t<meta property=\"og:image:height\" content=\"450\" \/>\n\t<meta property=\"og:image:type\" content=\"image\/jpeg\" \/>\n<meta name=\"twitter:card\" content=\"summary_large_image\" \/>\n<meta name=\"twitter:site\" content=\"@comaugroup\" \/>\n<meta name=\"twitter:label1\" content=\"Tempo di lettura stimato\" \/>\n\t<meta name=\"twitter:data1\" content=\"3 minuti\" \/>\n<script type=\"application\/ld+json\" class=\"yoast-schema-graph\">{\"@context\":\"https:\/\/schema.org\",\"@graph\":[{\"@type\":\"WebPage\",\"@id\":\"https:\/\/www.comau.com\/it\/competencies\/systems\/consultancy-education\/companies-professionals\/human-technology-licence-for-business-innovation\/\",\"url\":\"https:\/\/www.comau.com\/it\/competencies\/systems\/consultancy-education\/companies-professionals\/human-technology-licence-for-business-innovation\/\",\"name\":\"Master di secondo livello in Manufacturing 4.0 - Comau\",\"isPartOf\":{\"@id\":\"https:\/\/www.comau.com\/it\/#website\"},\"primaryImageOfPage\":{\"@id\":\"https:\/\/www.comau.com\/it\/competencies\/systems\/consultancy-education\/companies-professionals\/human-technology-licence-for-business-innovation\/#primaryimage\"},\"image\":{\"@id\":\"https:\/\/www.comau.com\/it\/competencies\/systems\/consultancy-education\/companies-professionals\/human-technology-licence-for-business-innovation\/#primaryimage\"},\"thumbnailUrl\":\"https:\/\/www.comau.com\/wp-content\/uploads\/2022\/05\/Header-Human-Technology.jpg\",\"datePublished\":\"2022-05-17T11:01:05+00:00\",\"dateModified\":\"2022-06-28T15:08:58+00:00\",\"description\":\"Il master con specializzazione di secondo livello mira a formare studenti e neolaureati in Ingegneria che vogliono ampliare le proprie competenze in Industria 4.0 e digitalizzazione.\",\"breadcrumb\":{\"@id\":\"https:\/\/www.comau.com\/it\/competencies\/systems\/consultancy-education\/companies-professionals\/human-technology-licence-for-business-innovation\/#breadcrumb\"},\"inLanguage\":\"it-IT\",\"potentialAction\":[{\"@type\":\"ReadAction\",\"target\":[\"https:\/\/www.comau.com\/it\/competencies\/systems\/consultancy-education\/companies-professionals\/human-technology-licence-for-business-innovation\/\"]}]},{\"@type\":\"ImageObject\",\"inLanguage\":\"it-IT\",\"@id\":\"https:\/\/www.comau.com\/it\/competencies\/systems\/consultancy-education\/companies-professionals\/human-technology-licence-for-business-innovation\/#primaryimage\",\"url\":\"https:\/\/www.comau.com\/wp-content\/uploads\/2022\/05\/Header-Human-Technology.jpg\",\"contentUrl\":\"https:\/\/www.comau.com\/wp-content\/uploads\/2022\/05\/Header-Human-Technology.jpg\",\"width\":1450,\"height\":450},{\"@type\":\"BreadcrumbList\",\"@id\":\"https:\/\/www.comau.com\/it\/competencies\/systems\/consultancy-education\/companies-professionals\/human-technology-licence-for-business-innovation\/#breadcrumb\",\"itemListElement\":[{\"@type\":\"ListItem\",\"position\":1,\"name\":\"Home\",\"item\":\"https:\/\/www.comau.com\/it\/\"},{\"@type\":\"ListItem\",\"position\":2,\"name\":\"Le Nostre Competenze\",\"item\":\"https:\/\/www.comau.com\/it\/competencies\/\"},{\"@type\":\"ListItem\",\"position\":3,\"name\":\"Consultancy &amp; Education\",\"item\":\"https:\/\/www.comau.com\/it\/competencies\/consultancy-education\/\"},{\"@type\":\"ListItem\",\"position\":4,\"name\":\"Companies &amp; Professionals\",\"item\":\"https:\/\/www.comau.com\/it\/competencies\/consultancy-education\/companies-professionals\/\"},{\"@type\":\"ListItem\",\"position\":5,\"name\":\"Human &amp; Technology licence for business innovation\"}]},{\"@type\":\"WebSite\",\"@id\":\"https:\/\/www.comau.com\/it\/#website\",\"url\":\"https:\/\/www.comau.com\/it\/\",\"name\":\"Comau\",\"description\":\"Industrial automation and robotics\",\"publisher\":{\"@id\":\"https:\/\/www.comau.com\/it\/#organization\"},\"potentialAction\":[{\"@type\":\"SearchAction\",\"target\":{\"@type\":\"EntryPoint\",\"urlTemplate\":\"https:\/\/www.comau.com\/it\/?s={search_term_string}\"},\"query-input\":{\"@type\":\"PropertyValueSpecification\",\"valueRequired\":true,\"valueName\":\"search_term_string\"}}],\"inLanguage\":\"it-IT\"},{\"@type\":\"Organization\",\"@id\":\"https:\/\/www.comau.com\/it\/#organization\",\"name\":\"Comau\",\"url\":\"https:\/\/www.comau.com\/it\/\",\"logo\":{\"@type\":\"ImageObject\",\"inLanguage\":\"it-IT\",\"@id\":\"https:\/\/www.comau.com\/it\/#\/schema\/logo\/image\/\",\"url\":\"https:\/\/www.comau.com\/wp-content\/uploads\/2024\/07\/cropped-Logo-COMAU.png\",\"contentUrl\":\"https:\/\/www.comau.com\/wp-content\/uploads\/2024\/07\/cropped-Logo-COMAU.png\",\"width\":434,\"height\":434,\"caption\":\"Comau\"},\"image\":{\"@id\":\"https:\/\/www.comau.com\/it\/#\/schema\/logo\/image\/\"},\"sameAs\":[\"https:\/\/www.facebook.com\/COMAU\/\",\"https:\/\/x.com\/comaugroup\",\"https:\/\/www.instagram.com\/comaugroup\/\",\"https:\/\/www.linkedin.com\/company\/comau\",\"https:\/\/www.youtube.com\/user\/comau\"]}]}<\/script>\n<!-- \/ Yoast SEO plugin. -->","yoast_head_json":{"title":"Master di secondo livello in Manufacturing 4.0 - Comau","description":"Il master con specializzazione di secondo livello mira a formare studenti e neolaureati in Ingegneria che vogliono ampliare le proprie competenze in Industria 4.0 e digitalizzazione.","robots":{"index":"index","follow":"follow","max-snippet":"max-snippet:-1","max-image-preview":"max-image-preview:large","max-video-preview":"max-video-preview:-1"},"canonical":"https:\/\/www.comau.com\/it\/competencies\/systems\/consultancy-education\/companies-professionals\/human-technology-licence-for-business-innovation\/","og_locale":"it_IT","og_type":"article","og_title":"Master di secondo livello in Manufacturing 4.0 - Comau","og_description":"Il master con specializzazione di secondo livello mira a formare studenti e neolaureati in Ingegneria che vogliono ampliare le proprie competenze in Industria 4.0 e digitalizzazione.","og_url":"https:\/\/www.comau.com\/it\/competencies\/systems\/consultancy-education\/companies-professionals\/human-technology-licence-for-business-innovation\/","og_site_name":"Comau","article_publisher":"https:\/\/www.facebook.com\/COMAU\/","article_modified_time":"2022-06-28T15:08:58+00:00","og_image":[{"width":1450,"height":450,"url":"https:\/\/www.comau.com\/wp-content\/uploads\/2022\/05\/Header-Human-Technology.jpg","type":"image\/jpeg"}],"twitter_card":"summary_large_image","twitter_site":"@comaugroup","twitter_misc":{"Tempo di lettura stimato":"3 minuti"},"schema":{"@context":"https:\/\/schema.org","@graph":[{"@type":"WebPage","@id":"https:\/\/www.comau.com\/it\/competencies\/systems\/consultancy-education\/companies-professionals\/human-technology-licence-for-business-innovation\/","url":"https:\/\/www.comau.com\/it\/competencies\/systems\/consultancy-education\/companies-professionals\/human-technology-licence-for-business-innovation\/","name":"Master di secondo livello in Manufacturing 4.0 - Comau","isPartOf":{"@id":"https:\/\/www.comau.com\/it\/#website"},"primaryImageOfPage":{"@id":"https:\/\/www.comau.com\/it\/competencies\/systems\/consultancy-education\/companies-professionals\/human-technology-licence-for-business-innovation\/#primaryimage"},"image":{"@id":"https:\/\/www.comau.com\/it\/competencies\/systems\/consultancy-education\/companies-professionals\/human-technology-licence-for-business-innovation\/#primaryimage"},"thumbnailUrl":"https:\/\/www.comau.com\/wp-content\/uploads\/2022\/05\/Header-Human-Technology.jpg","datePublished":"2022-05-17T11:01:05+00:00","dateModified":"2022-06-28T15:08:58+00:00","description":"Il master con specializzazione di secondo livello mira a formare studenti e neolaureati in Ingegneria che vogliono ampliare le proprie competenze in Industria 4.0 e digitalizzazione.","breadcrumb":{"@id":"https:\/\/www.comau.com\/it\/competencies\/systems\/consultancy-education\/companies-professionals\/human-technology-licence-for-business-innovation\/#breadcrumb"},"inLanguage":"it-IT","potentialAction":[{"@type":"ReadAction","target":["https:\/\/www.comau.com\/it\/competencies\/systems\/consultancy-education\/companies-professionals\/human-technology-licence-for-business-innovation\/"]}]},{"@type":"ImageObject","inLanguage":"it-IT","@id":"https:\/\/www.comau.com\/it\/competencies\/systems\/consultancy-education\/companies-professionals\/human-technology-licence-for-business-innovation\/#primaryimage","url":"https:\/\/www.comau.com\/wp-content\/uploads\/2022\/05\/Header-Human-Technology.jpg","contentUrl":"https:\/\/www.comau.com\/wp-content\/uploads\/2022\/05\/Header-Human-Technology.jpg","width":1450,"height":450},{"@type":"BreadcrumbList","@id":"https:\/\/www.comau.com\/it\/competencies\/systems\/consultancy-education\/companies-professionals\/human-technology-licence-for-business-innovation\/#breadcrumb","itemListElement":[{"@type":"ListItem","position":1,"name":"Home","item":"https:\/\/www.comau.com\/it\/"},{"@type":"ListItem","position":2,"name":"Le Nostre Competenze","item":"https:\/\/www.comau.com\/it\/competencies\/"},{"@type":"ListItem","position":3,"name":"Consultancy &amp; Education","item":"https:\/\/www.comau.com\/it\/competencies\/consultancy-education\/"},{"@type":"ListItem","position":4,"name":"Companies &amp; Professionals","item":"https:\/\/www.comau.com\/it\/competencies\/consultancy-education\/companies-professionals\/"},{"@type":"ListItem","position":5,"name":"Human &amp; Technology licence for business innovation"}]},{"@type":"WebSite","@id":"https:\/\/www.comau.com\/it\/#website","url":"https:\/\/www.comau.com\/it\/","name":"Comau","description":"Industrial automation and robotics","publisher":{"@id":"https:\/\/www.comau.com\/it\/#organization"},"potentialAction":[{"@type":"SearchAction","target":{"@type":"EntryPoint","urlTemplate":"https:\/\/www.comau.com\/it\/?s={search_term_string}"},"query-input":{"@type":"PropertyValueSpecification","valueRequired":true,"valueName":"search_term_string"}}],"inLanguage":"it-IT"},{"@type":"Organization","@id":"https:\/\/www.comau.com\/it\/#organization","name":"Comau","url":"https:\/\/www.comau.com\/it\/","logo":{"@type":"ImageObject","inLanguage":"it-IT","@id":"https:\/\/www.comau.com\/it\/#\/schema\/logo\/image\/","url":"https:\/\/www.comau.com\/wp-content\/uploads\/2024\/07\/cropped-Logo-COMAU.png","contentUrl":"https:\/\/www.comau.com\/wp-content\/uploads\/2024\/07\/cropped-Logo-COMAU.png","width":434,"height":434,"caption":"Comau"},"image":{"@id":"https:\/\/www.comau.com\/it\/#\/schema\/logo\/image\/"},"sameAs":["https:\/\/www.facebook.com\/COMAU\/","https:\/\/x.com\/comaugroup","https:\/\/www.instagram.com\/comaugroup\/","https:\/\/www.linkedin.com\/company\/comau","https:\/\/www.youtube.com\/user\/comau"]}]}},"_links":{"self":[{"href":"https:\/\/www.comau.com\/it\/wp-json\/wp\/v2\/pages\/45478","targetHints":{"allow":["GET"]}}],"collection":[{"href":"https:\/\/www.comau.com\/it\/wp-json\/wp\/v2\/pages"}],"about":[{"href":"https:\/\/www.comau.com\/it\/wp-json\/wp\/v2\/types\/page"}],"author":[{"embeddable":true,"href":"https:\/\/www.comau.com\/it\/wp-json\/wp\/v2\/users\/15"}],"replies":[{"embeddable":true,"href":"https:\/\/www.comau.com\/it\/wp-json\/wp\/v2\/comments?post=45478"}],"version-history":[{"count":8,"href":"https:\/\/www.comau.com\/it\/wp-json\/wp\/v2\/pages\/45478\/revisions"}],"predecessor-version":[{"id":46165,"href":"https:\/\/www.comau.com\/it\/wp-json\/wp\/v2\/pages\/45478\/revisions\/46165"}],"up":[{"embeddable":true,"href":"https:\/\/www.comau.com\/it\/wp-json\/wp\/v2\/pages\/6273"}],"wp:featuredmedia":[{"embeddable":true,"href":"https:\/\/www.comau.com\/it\/wp-json\/wp\/v2\/media\/45631"}],"wp:attachment":[{"href":"https:\/\/www.comau.com\/it\/wp-json\/wp\/v2\/media?parent=45478"}],"curies":[{"name":"wp","href":"https:\/\/api.w.org\/{rel}","templated":true}]}}