{"id":44820,"date":"2022-04-11T14:56:27","date_gmt":"2022-04-11T12:56:27","guid":{"rendered":"https:\/\/www.comau.com\/?page_id=44820"},"modified":"2023-05-31T10:09:26","modified_gmt":"2023-05-31T08:09:26","slug":"la-linea-di-assemblaggio-per-motori-elettrici-di-comau-raddoppia-il-tasso-di-automazione-di-geely-veremt","status":"publish","type":"page","link":"https:\/\/www.comau.com\/it\/about-us\/success-stories\/la-linea-di-assemblaggio-per-motori-elettrici-di-comau-raddoppia-il-tasso-di-automazione-di-geely-veremt\/","title":{"rendered":"La linea di assemblaggio per motori elettrici di comau raddoppia il tasso di automazione di Geely Vremt"},"content":{"rendered":"\n<div class=\"wp-block-group mt-5\"><div class=\"wp-block-group__inner-container is-layout-flow wp-block-group-is-layout-flow\">\n<p>La crescente domanda globale di veicoli a basse emissioni sta spingendo Geely Automobile Holdings ad adottare strategie di produzione sempre pi\u00f9 innovative adattate alle specifiche esigenze della produzione di veicoli elettrici ed ibridi. Per raggiungere tale obiettivo, il gruppo Geely aveva bisogno di aumentare la produzione dei suoi componenti per motori elettrici di alta qualit\u00e0. Si \u00e8 quindi rivolto a Comau per un aiuto, chiedendo all&#8217;esperto di automazione industriale di sviluppare e implementare una nuova linea di assemblaggio per motori elettrici in grado di assicurargli la produzione completa di motori elettrici, cambi e inverter nel suo stabilimento Geely Vremt. Il progetto chiedeva a Comau di incrementare il tasso di automazione dell&#8217;impianto dal 40% all&#8217;80%, mantenendo al contempo eccellenti standard produttivi, anche con una capacit\u00e0 di produzione a pieno regime di 120.000 unit\u00e0 all&#8217;anno.<\/p>\n\n\n\n<figure class=\"wp-block-image size-full is-resized\"><img decoding=\"async\" src=\"https:\/\/www.comau.com\/wp-content\/uploads\/2022\/04\/Geely_car-4.jpg\" alt=\"\" class=\"wp-image-44921\" width=\"1158\" height=\"462\" srcset=\"https:\/\/www.comau.com\/wp-content\/uploads\/2022\/04\/Geely_car-4.jpg 840w, https:\/\/www.comau.com\/wp-content\/uploads\/2022\/04\/Geely_car-4-300x120.jpg 300w, https:\/\/www.comau.com\/wp-content\/uploads\/2022\/04\/Geely_car-4-768x306.jpg 768w\" sizes=\"(max-width: 1158px) 100vw, 1158px\" \/><\/figure>\n<\/div><\/div>\n\n\n\n<div class=\"wp-block-group wide-section-light-1 py-5 my-5\"><div class=\"wp-block-group__inner-container is-layout-flow wp-block-group-is-layout-flow\">\n<blockquote class=\"wp-block-quote success-story-quote is-layout-flow wp-block-quote-is-layout-flow\">\n<p>&#8220;Il nostro obiettivo di incrementare la produttivit\u00e0 senza sacrificare la fondata affidabilit\u00e0 che rende il marchio Zeekr di successo in tutto il mondo era chiaro fin dall&#8217;inizio&#8221;, ha sottolineato Sun Yongjing, vicepresidente di Geely Vremt. &#8220;Grazie alla stretta collaborazione con Comau, abbiamo sperimentato un aumento significativo dell&#8217;agilit\u00e0 e dell&#8217;efficienza dei nostri processi produttivi. Inoltre, le soluzioni di assemblaggio innovative e altamente automatizzate ci hanno permesso di raddoppiare la nostra attuale capacit\u00e0 garantendo al contempo la stessa qualit\u00e0 eccezionale che i nostri clienti si aspettano.&#8221;<\/p>\n<cite><strong>Sun Yongjing, vicepresidente di Geely Vremt<\/strong><\/cite><\/blockquote>\n<\/div><\/div>\n\n\n\n<div class=\"wp-block-columns is-layout-flex wp-container-core-columns-is-layout-9d6595d7 wp-block-columns-is-layout-flex\">\n<div class=\"wp-block-column is-layout-flow wp-block-column-is-layout-flow\">\n<h2 class=\"h3 wp-block-heading\" id=\"the-challenge\">La sfida<\/h2>\n\n\n\n<p>Geely Vremt ha sfidato Comau a progettare una soluzione di assemblaggio e-drive ad alta velocit\u00e0 che automatizzasse la produzione integrale di motori elettrici, cambi e inverter. Geely desiderava anche aumentare il livello generale di automatizzazione dello stabilimento e migliorare l&#8217;efficienza del flusso di lavoro. Infine, la soluzione avrebbe dovuto mantenere i rigorosi parametri di qualit\u00e0 del cliente anche con una capacit\u00e0 di produzione target di oltre 100.000 unit\u00e0 all&#8217;anno.<\/p>\n\n\n\n<p>A causa dell&#8217;alto livello di complessit\u00e0, gli ingegneri di Comau e Geely hanno lavorato in stretta sinergia nel corso dell&#8217;intero progetto. Sfruttando la sua vasta esperienza nell&#8217;assemblaggio di propulsori, Comau ha combinato le migliori tecnologie e l&#8217;innovazione ingegneristica per soddisfare gli obiettivi di produzione ad alto volume del cliente. Il team ingegneristico congiunto ha anche affrontato sfide tecniche e di processo uniche, tra cui l&#8217;ottimizzazione delle attivit\u00e0 di inserimento del blocco magnetico e di iniezione del rotore, oltre a vari problemi di automazione legati alle fasi di carico, assemblaggio e test ad alta velocit\u00e0.<\/p>\n<\/div>\n\n\n\n<div class=\"wp-block-column is-layout-flow wp-block-column-is-layout-flow\">\n<h2 class=\"h3 wp-block-heading\" id=\"the-solution\">La soluzione<\/h2>\n\n\n\n<p>L&#8217;assemblaggio dei rotori dei motori a magneti permanenti \u00e8 stato realizzato utilizzando robot multipli, magnetizzazione automatica, rilevamento e soluzioni di processo produttivo dedicate. La linea prevede posizionamento e guida con visione 3D, l&#8217;inserimento automatico del magnete ad alta velocit\u00e0, l&#8217;iniezione automatizzata dei nuclei rotore e correzione automatica dell&#8217;equilibrio dinamico su due piani, magnetizzazione e altro ancora.&nbsp;<\/p>\n\n\n\n<p>Per automatizzare la linea di produzione del cambio, Comau ha usato un trasportatore TS2 di Bosch, un sistema di produzione flessibile e robot multipli per eseguire il destacking automatico, oltre ad altri processi chiave. Anche il test di ingranaggio online, la servo pressatura Kistler, l&#8217;assemblaggio dell&#8217;albero e la tecnologia di inscatolamento sono stati completamente automatizzati. Di fatto, i livelli di automazione e innovazione dei processi visti nella linea sono senza dubbio tra i migliori nell&#8217;industria dei cambi e-drive.<\/p>\n\n\n\n<p>La parte finale della soluzione automatizza l&#8217;assemblaggio del motore elettrico e si basa su una configurazione con vassoio a rulli. La linea completa include inoltre una modalit\u00e0 avanzata di assemblaggio tre-in-uno per la cassa dello statore, i manicotti termici, il test statico del motore, il test dinamico del motore, l&#8217;alimentazione e la pressatura automatica dei cuscinetti, l&#8217;alimentazione e il serraggio automatico dei bulloni, e la misurazione e la selezione automatica delle guarnizioni.<\/p>\n\n\n\n<p>Oltre a gestire le complesse difficolt\u00e0 tecniche del progetto, il team dedicato ha dovuto affrontare sfide di fornitura legate alla pandemia di COVID-19 e modifiche di ottimizzazione del prodotto dopo la consegna. Eppure, grazie alla loro risposta rapida e mirata a queste richieste di modifica, la produzione di massa \u00e8 stata lanciata ufficialmente alla fine del 2021.&nbsp;&nbsp;<\/p>\n<\/div>\n<\/div>\n\n\n\n<div class=\"wp-block-group wide-section-light-1 py-5 my-5\"><div class=\"wp-block-group__inner-container is-layout-flow wp-block-group-is-layout-flow\">\n<h2 class=\"h2 wp-block-heading\" id=\"the-results\">I risultati<\/h2>\n\n\n\n<p>Comau ha fornito a Geely una potente soluzione di processo che assicura una qualit\u00e0 superiore e un migliore rendimento in meno tempo. Il successo di questo progetto permette inoltre a Geely di capitalizzare concretamente il crescente interesse per i veicoli elettrici. Una ricerca di mercato di IHS Markit indica che i veicoli elettrici potrebbero raggiungere fino all&#8217;80% di tutte le vendite di auto nuove entro il 2050. Con il suo tasso di automazione aumentato e le sue capacit\u00e0 di produzione ampliate, lo stabilimento Geely Vremt \u00e8 ora pronto a soddisfare questo livello di domanda globale. Ma soprattutto oggi l&#8217;azienda automobilistica pu\u00f2 contare sul supporto continuo di Comau durante l&#8217;intero ciclo di vita del progetto.&nbsp;<\/p>\n\n\n\n<div class=\"wp-block-columns is-layout-flex wp-container-core-columns-is-layout-9d6595d7 wp-block-columns-is-layout-flex\">\n<div class=\"wp-block-column is-layout-flow wp-block-column-is-layout-flow\">\n<div class=\"wp-block-getwid-counter\"><div class=\"wp-block-getwid-counter__wrapper\" data-start=\"0\" data-end=\"2\" data-decimal-places=\"0\" data-duration=\"3\" data-use-easing=\"true\" data-use-grouping=\"true\" data-separator=\",\" data-decimal=\".\" data-easing-fn=\"outExpo\" data-numerals=\"default\"><p class=\"wp-block-getwid-counter__prefix\">x<\/p><span class=\"wp-block-getwid-counter__number\">0<\/span><\/div><\/div>\n\n\n\n<p>tasso di automazione dell&#8217;impianto<\/p>\n<\/div>\n\n\n\n<div class=\"wp-block-column is-layout-flow wp-block-column-is-layout-flow\">\n<div class=\"wp-block-getwid-counter\"><div class=\"wp-block-getwid-counter__wrapper\" data-start=\"0\" data-end=\"120\" data-decimal-places=\"0\" data-duration=\"3\" data-use-easing=\"true\" data-use-grouping=\"true\" data-separator=\",\" data-decimal=\".\" data-easing-fn=\"outExpo\" data-numerals=\"default\"><span class=\"wp-block-getwid-counter__number\">0<\/span><p class=\"wp-block-getwid-counter__suffix\">mila<\/p><\/div><\/div>\n\n\n\n<p>unit\u00e0 all&#8217;anno come capacit\u00e0 di produzione<\/p>\n<\/div>\n\n\n\n<div class=\"wp-block-column is-layout-flow wp-block-column-is-layout-flow\">\n<div class=\"wp-block-getwid-counter\"><div class=\"wp-block-getwid-counter__wrapper\" data-start=\"0\" data-end=\"360\" data-decimal-places=\"0\" data-duration=\"3\" data-use-easing=\"true\" data-use-grouping=\"true\" data-separator=\",\" data-decimal=\".\" data-easing-fn=\"outExpo\" data-numerals=\"default\"><span class=\"wp-block-getwid-counter__number\">0<\/span><p class=\"wp-block-getwid-counter__suffix\">gradi<\/p><\/div><\/div>\n\n\n\n<p>soluzione di assemblaggio completa, ad alta velocit\u00e0&nbsp;<\/p>\n<\/div>\n<\/div>\n<\/div><\/div>\n","protected":false},"excerpt":{"rendered":"<p>La crescente domanda globale di veicoli a basse emissioni sta spingendo Geely Automobile Holdings ad adottare strategie di produzione sempre pi\u00f9 innovative adattate alle specifiche esigenze della produzione di veicoli elettrici ed ibridi. Per raggiungere tale obiettivo, il gruppo Geely aveva bisogno di aumentare la produzione dei suoi componenti per motori elettrici di alta qualit\u00e0. [&hellip;]<\/p>\n","protected":false},"author":15,"featured_media":44838,"parent":41288,"menu_order":10,"comment_status":"closed","ping_status":"closed","template":"","meta":{"_acf_changed":false,"ep_exclude_from_search":false,"footnotes":""},"class_list":["post-44820","page","type-page","status-publish","has-post-thumbnail","hentry"],"acf":[],"yoast_head":"<!-- This site is optimized with the Yoast SEO plugin v26.9 - https:\/\/yoast.com\/product\/yoast-seo-wordpress\/ -->\n<title>La linea di assemblaggio per motori elettrici di comau raddoppia il tasso di automazione di Geely Vremt - Comau<\/title>\n<meta name=\"robots\" content=\"index, follow, max-snippet:-1, max-image-preview:large, max-video-preview:-1\" \/>\n<link rel=\"canonical\" href=\"https:\/\/www.comau.com\/it\/about-us\/success-stories\/la-linea-di-assemblaggio-per-motori-elettrici-di-comau-raddoppia-il-tasso-di-automazione-di-geely-veremt\/\" \/>\n<meta property=\"og:locale\" content=\"it_IT\" \/>\n<meta property=\"og:type\" content=\"article\" \/>\n<meta property=\"og:title\" content=\"La linea di assemblaggio per motori elettrici di comau raddoppia il tasso di automazione di Geely Vremt - Comau\" \/>\n<meta property=\"og:description\" content=\"La crescente domanda globale di veicoli a basse emissioni sta spingendo Geely Automobile Holdings ad adottare strategie di produzione sempre pi\u00f9 innovative adattate alle specifiche esigenze della produzione di veicoli elettrici ed ibridi. Per raggiungere tale obiettivo, il gruppo Geely aveva bisogno di aumentare la produzione dei suoi componenti per motori elettrici di alta qualit\u00e0. [&hellip;]\" \/>\n<meta property=\"og:url\" content=\"https:\/\/www.comau.com\/it\/about-us\/success-stories\/la-linea-di-assemblaggio-per-motori-elettrici-di-comau-raddoppia-il-tasso-di-automazione-di-geely-veremt\/\" \/>\n<meta property=\"og:site_name\" content=\"Comau\" \/>\n<meta property=\"article:publisher\" content=\"https:\/\/www.facebook.com\/COMAU\/\" \/>\n<meta property=\"article:modified_time\" content=\"2023-05-31T08:09:26+00:00\" \/>\n<meta property=\"og:image\" content=\"https:\/\/www.comau.com\/wp-content\/uploads\/2022\/04\/Comau_Geely-Veremt_electric-drive-assembly_HERO-scaled.jpg\" \/>\n\t<meta property=\"og:image:width\" content=\"2560\" \/>\n\t<meta property=\"og:image:height\" content=\"794\" \/>\n\t<meta property=\"og:image:type\" content=\"image\/jpeg\" \/>\n<meta name=\"twitter:card\" content=\"summary_large_image\" \/>\n<meta name=\"twitter:site\" content=\"@comaugroup\" \/>\n<meta name=\"twitter:label1\" content=\"Tempo di lettura stimato\" \/>\n\t<meta name=\"twitter:data1\" content=\"5 minuti\" \/>\n<script type=\"application\/ld+json\" class=\"yoast-schema-graph\">{\"@context\":\"https:\/\/schema.org\",\"@graph\":[{\"@type\":\"WebPage\",\"@id\":\"https:\/\/www.comau.com\/it\/about-us\/success-stories\/la-linea-di-assemblaggio-per-motori-elettrici-di-comau-raddoppia-il-tasso-di-automazione-di-geely-veremt\/\",\"url\":\"https:\/\/www.comau.com\/it\/about-us\/success-stories\/la-linea-di-assemblaggio-per-motori-elettrici-di-comau-raddoppia-il-tasso-di-automazione-di-geely-veremt\/\",\"name\":\"La linea di assemblaggio per motori elettrici di comau raddoppia il tasso di automazione di Geely Vremt - Comau\",\"isPartOf\":{\"@id\":\"https:\/\/www.comau.com\/it\/#website\"},\"primaryImageOfPage\":{\"@id\":\"https:\/\/www.comau.com\/it\/about-us\/success-stories\/la-linea-di-assemblaggio-per-motori-elettrici-di-comau-raddoppia-il-tasso-di-automazione-di-geely-veremt\/#primaryimage\"},\"image\":{\"@id\":\"https:\/\/www.comau.com\/it\/about-us\/success-stories\/la-linea-di-assemblaggio-per-motori-elettrici-di-comau-raddoppia-il-tasso-di-automazione-di-geely-veremt\/#primaryimage\"},\"thumbnailUrl\":\"https:\/\/www.comau.com\/wp-content\/uploads\/2022\/04\/Comau_Geely-Veremt_electric-drive-assembly_HERO-scaled.jpg\",\"datePublished\":\"2022-04-11T12:56:27+00:00\",\"dateModified\":\"2023-05-31T08:09:26+00:00\",\"breadcrumb\":{\"@id\":\"https:\/\/www.comau.com\/it\/about-us\/success-stories\/la-linea-di-assemblaggio-per-motori-elettrici-di-comau-raddoppia-il-tasso-di-automazione-di-geely-veremt\/#breadcrumb\"},\"inLanguage\":\"it-IT\",\"potentialAction\":[{\"@type\":\"ReadAction\",\"target\":[\"https:\/\/www.comau.com\/it\/about-us\/success-stories\/la-linea-di-assemblaggio-per-motori-elettrici-di-comau-raddoppia-il-tasso-di-automazione-di-geely-veremt\/\"]}]},{\"@type\":\"ImageObject\",\"inLanguage\":\"it-IT\",\"@id\":\"https:\/\/www.comau.com\/it\/about-us\/success-stories\/la-linea-di-assemblaggio-per-motori-elettrici-di-comau-raddoppia-il-tasso-di-automazione-di-geely-veremt\/#primaryimage\",\"url\":\"https:\/\/www.comau.com\/wp-content\/uploads\/2022\/04\/Comau_Geely-Veremt_electric-drive-assembly_HERO-scaled.jpg\",\"contentUrl\":\"https:\/\/www.comau.com\/wp-content\/uploads\/2022\/04\/Comau_Geely-Veremt_electric-drive-assembly_HERO-scaled.jpg\",\"width\":2560,\"height\":794},{\"@type\":\"BreadcrumbList\",\"@id\":\"https:\/\/www.comau.com\/it\/about-us\/success-stories\/la-linea-di-assemblaggio-per-motori-elettrici-di-comau-raddoppia-il-tasso-di-automazione-di-geely-veremt\/#breadcrumb\",\"itemListElement\":[{\"@type\":\"ListItem\",\"position\":1,\"name\":\"Home\",\"item\":\"https:\/\/www.comau.com\/it\/\"},{\"@type\":\"ListItem\",\"position\":2,\"name\":\"Questa \u00e8 Comau\",\"item\":\"https:\/\/www.comau.com\/it\/about-us\/\"},{\"@type\":\"ListItem\",\"position\":3,\"name\":\"Storie di successo\",\"item\":\"https:\/\/www.comau.com\/it\/about-us\/success-stories\/\"},{\"@type\":\"ListItem\",\"position\":4,\"name\":\"La linea di assemblaggio per motori elettrici di comau raddoppia il tasso di automazione di Geely Vremt\"}]},{\"@type\":\"WebSite\",\"@id\":\"https:\/\/www.comau.com\/it\/#website\",\"url\":\"https:\/\/www.comau.com\/it\/\",\"name\":\"Comau\",\"description\":\"Industrial automation and robotics\",\"publisher\":{\"@id\":\"https:\/\/www.comau.com\/it\/#organization\"},\"potentialAction\":[{\"@type\":\"SearchAction\",\"target\":{\"@type\":\"EntryPoint\",\"urlTemplate\":\"https:\/\/www.comau.com\/it\/?s={search_term_string}\"},\"query-input\":{\"@type\":\"PropertyValueSpecification\",\"valueRequired\":true,\"valueName\":\"search_term_string\"}}],\"inLanguage\":\"it-IT\"},{\"@type\":\"Organization\",\"@id\":\"https:\/\/www.comau.com\/it\/#organization\",\"name\":\"Comau\",\"url\":\"https:\/\/www.comau.com\/it\/\",\"logo\":{\"@type\":\"ImageObject\",\"inLanguage\":\"it-IT\",\"@id\":\"https:\/\/www.comau.com\/it\/#\/schema\/logo\/image\/\",\"url\":\"https:\/\/www.comau.com\/wp-content\/uploads\/2024\/07\/cropped-Logo-COMAU.png\",\"contentUrl\":\"https:\/\/www.comau.com\/wp-content\/uploads\/2024\/07\/cropped-Logo-COMAU.png\",\"width\":434,\"height\":434,\"caption\":\"Comau\"},\"image\":{\"@id\":\"https:\/\/www.comau.com\/it\/#\/schema\/logo\/image\/\"},\"sameAs\":[\"https:\/\/www.facebook.com\/COMAU\/\",\"https:\/\/x.com\/comaugroup\",\"https:\/\/www.instagram.com\/comaugroup\/\",\"https:\/\/www.linkedin.com\/company\/comau\",\"https:\/\/www.youtube.com\/user\/comau\"]}]}<\/script>\n<!-- \/ Yoast SEO plugin. -->","yoast_head_json":{"title":"La linea di assemblaggio per motori elettrici di comau raddoppia il tasso di automazione di Geely Vremt - Comau","robots":{"index":"index","follow":"follow","max-snippet":"max-snippet:-1","max-image-preview":"max-image-preview:large","max-video-preview":"max-video-preview:-1"},"canonical":"https:\/\/www.comau.com\/it\/about-us\/success-stories\/la-linea-di-assemblaggio-per-motori-elettrici-di-comau-raddoppia-il-tasso-di-automazione-di-geely-veremt\/","og_locale":"it_IT","og_type":"article","og_title":"La linea di assemblaggio per motori elettrici di comau raddoppia il tasso di automazione di Geely Vremt - Comau","og_description":"La crescente domanda globale di veicoli a basse emissioni sta spingendo Geely Automobile Holdings ad adottare strategie di produzione sempre pi\u00f9 innovative adattate alle specifiche esigenze della produzione di veicoli elettrici ed ibridi. Per raggiungere tale obiettivo, il gruppo Geely aveva bisogno di aumentare la produzione dei suoi componenti per motori elettrici di alta qualit\u00e0. [&hellip;]","og_url":"https:\/\/www.comau.com\/it\/about-us\/success-stories\/la-linea-di-assemblaggio-per-motori-elettrici-di-comau-raddoppia-il-tasso-di-automazione-di-geely-veremt\/","og_site_name":"Comau","article_publisher":"https:\/\/www.facebook.com\/COMAU\/","article_modified_time":"2023-05-31T08:09:26+00:00","og_image":[{"width":2560,"height":794,"url":"https:\/\/www.comau.com\/wp-content\/uploads\/2022\/04\/Comau_Geely-Veremt_electric-drive-assembly_HERO-scaled.jpg","type":"image\/jpeg"}],"twitter_card":"summary_large_image","twitter_site":"@comaugroup","twitter_misc":{"Tempo di lettura stimato":"5 minuti"},"schema":{"@context":"https:\/\/schema.org","@graph":[{"@type":"WebPage","@id":"https:\/\/www.comau.com\/it\/about-us\/success-stories\/la-linea-di-assemblaggio-per-motori-elettrici-di-comau-raddoppia-il-tasso-di-automazione-di-geely-veremt\/","url":"https:\/\/www.comau.com\/it\/about-us\/success-stories\/la-linea-di-assemblaggio-per-motori-elettrici-di-comau-raddoppia-il-tasso-di-automazione-di-geely-veremt\/","name":"La linea di assemblaggio per motori elettrici di comau raddoppia il tasso di automazione di Geely Vremt - Comau","isPartOf":{"@id":"https:\/\/www.comau.com\/it\/#website"},"primaryImageOfPage":{"@id":"https:\/\/www.comau.com\/it\/about-us\/success-stories\/la-linea-di-assemblaggio-per-motori-elettrici-di-comau-raddoppia-il-tasso-di-automazione-di-geely-veremt\/#primaryimage"},"image":{"@id":"https:\/\/www.comau.com\/it\/about-us\/success-stories\/la-linea-di-assemblaggio-per-motori-elettrici-di-comau-raddoppia-il-tasso-di-automazione-di-geely-veremt\/#primaryimage"},"thumbnailUrl":"https:\/\/www.comau.com\/wp-content\/uploads\/2022\/04\/Comau_Geely-Veremt_electric-drive-assembly_HERO-scaled.jpg","datePublished":"2022-04-11T12:56:27+00:00","dateModified":"2023-05-31T08:09:26+00:00","breadcrumb":{"@id":"https:\/\/www.comau.com\/it\/about-us\/success-stories\/la-linea-di-assemblaggio-per-motori-elettrici-di-comau-raddoppia-il-tasso-di-automazione-di-geely-veremt\/#breadcrumb"},"inLanguage":"it-IT","potentialAction":[{"@type":"ReadAction","target":["https:\/\/www.comau.com\/it\/about-us\/success-stories\/la-linea-di-assemblaggio-per-motori-elettrici-di-comau-raddoppia-il-tasso-di-automazione-di-geely-veremt\/"]}]},{"@type":"ImageObject","inLanguage":"it-IT","@id":"https:\/\/www.comau.com\/it\/about-us\/success-stories\/la-linea-di-assemblaggio-per-motori-elettrici-di-comau-raddoppia-il-tasso-di-automazione-di-geely-veremt\/#primaryimage","url":"https:\/\/www.comau.com\/wp-content\/uploads\/2022\/04\/Comau_Geely-Veremt_electric-drive-assembly_HERO-scaled.jpg","contentUrl":"https:\/\/www.comau.com\/wp-content\/uploads\/2022\/04\/Comau_Geely-Veremt_electric-drive-assembly_HERO-scaled.jpg","width":2560,"height":794},{"@type":"BreadcrumbList","@id":"https:\/\/www.comau.com\/it\/about-us\/success-stories\/la-linea-di-assemblaggio-per-motori-elettrici-di-comau-raddoppia-il-tasso-di-automazione-di-geely-veremt\/#breadcrumb","itemListElement":[{"@type":"ListItem","position":1,"name":"Home","item":"https:\/\/www.comau.com\/it\/"},{"@type":"ListItem","position":2,"name":"Questa \u00e8 Comau","item":"https:\/\/www.comau.com\/it\/about-us\/"},{"@type":"ListItem","position":3,"name":"Storie di successo","item":"https:\/\/www.comau.com\/it\/about-us\/success-stories\/"},{"@type":"ListItem","position":4,"name":"La linea di assemblaggio per motori elettrici di comau raddoppia il tasso di automazione di Geely Vremt"}]},{"@type":"WebSite","@id":"https:\/\/www.comau.com\/it\/#website","url":"https:\/\/www.comau.com\/it\/","name":"Comau","description":"Industrial automation and robotics","publisher":{"@id":"https:\/\/www.comau.com\/it\/#organization"},"potentialAction":[{"@type":"SearchAction","target":{"@type":"EntryPoint","urlTemplate":"https:\/\/www.comau.com\/it\/?s={search_term_string}"},"query-input":{"@type":"PropertyValueSpecification","valueRequired":true,"valueName":"search_term_string"}}],"inLanguage":"it-IT"},{"@type":"Organization","@id":"https:\/\/www.comau.com\/it\/#organization","name":"Comau","url":"https:\/\/www.comau.com\/it\/","logo":{"@type":"ImageObject","inLanguage":"it-IT","@id":"https:\/\/www.comau.com\/it\/#\/schema\/logo\/image\/","url":"https:\/\/www.comau.com\/wp-content\/uploads\/2024\/07\/cropped-Logo-COMAU.png","contentUrl":"https:\/\/www.comau.com\/wp-content\/uploads\/2024\/07\/cropped-Logo-COMAU.png","width":434,"height":434,"caption":"Comau"},"image":{"@id":"https:\/\/www.comau.com\/it\/#\/schema\/logo\/image\/"},"sameAs":["https:\/\/www.facebook.com\/COMAU\/","https:\/\/x.com\/comaugroup","https:\/\/www.instagram.com\/comaugroup\/","https:\/\/www.linkedin.com\/company\/comau","https:\/\/www.youtube.com\/user\/comau"]}]}},"_links":{"self":[{"href":"https:\/\/www.comau.com\/it\/wp-json\/wp\/v2\/pages\/44820","targetHints":{"allow":["GET"]}}],"collection":[{"href":"https:\/\/www.comau.com\/it\/wp-json\/wp\/v2\/pages"}],"about":[{"href":"https:\/\/www.comau.com\/it\/wp-json\/wp\/v2\/types\/page"}],"author":[{"embeddable":true,"href":"https:\/\/www.comau.com\/it\/wp-json\/wp\/v2\/users\/15"}],"replies":[{"embeddable":true,"href":"https:\/\/www.comau.com\/it\/wp-json\/wp\/v2\/comments?post=44820"}],"version-history":[{"count":9,"href":"https:\/\/www.comau.com\/it\/wp-json\/wp\/v2\/pages\/44820\/revisions"}],"predecessor-version":[{"id":54082,"href":"https:\/\/www.comau.com\/it\/wp-json\/wp\/v2\/pages\/44820\/revisions\/54082"}],"up":[{"embeddable":true,"href":"https:\/\/www.comau.com\/it\/wp-json\/wp\/v2\/pages\/41288"}],"wp:featuredmedia":[{"embeddable":true,"href":"https:\/\/www.comau.com\/it\/wp-json\/wp\/v2\/media\/44838"}],"wp:attachment":[{"href":"https:\/\/www.comau.com\/it\/wp-json\/wp\/v2\/media?parent=44820"}],"curies":[{"name":"wp","href":"https:\/\/api.w.org\/{rel}","templated":true}]}}