{"id":44382,"date":"2022-04-01T09:55:32","date_gmt":"2022-04-01T07:55:32","guid":{"rendered":"https:\/\/www.comau.com\/?page_id=44382"},"modified":"2024-05-08T11:25:39","modified_gmt":"2024-05-08T09:25:39","slug":"c5g-plus","status":"publish","type":"page","link":"https:\/\/www.comau.com\/it\/competencies\/products-solutions\/robotic-control-and-software\/c5g-plus\/","title":{"rendered":"C5G Plus"},"content":{"rendered":"\n<h2 class=\"wp-block-heading\">Ogni tua esigenza sotto controllo<\/h2>\n\n\n\n<p>Elaborazione veloce, sistema modulare per le unit\u00e0 di azionamento, I\/O e fieldbus, spazio libero ed ergonomico per le funzioni di integrazione delle applicazioni, dimensioni compatte. Ogni tua esigenza sotto controllo.<\/p>\n\n\n\n<h2 class=\"wp-block-heading\">Elevata potenza di elaborazione<\/h2>\n\n\n\n<p>Il C5G utilizza una scheda PC industriale di ultima generazione con una CPU in grado di ottenere elevate prestazioni con un basso consumo energetico.<\/p>\n\n\n<div class=\"wp-block-image\">\n<figure class=\"aligncenter size-large is-resized\"><img decoding=\"async\" width=\"816\" height=\"1024\" src=\"https:\/\/www.comau.com\/wp-content\/uploads\/2022\/04\/C5G-Plus-816x1024.jpg\" alt=\"\" class=\"wp-image-44400\" style=\"width:408px;height:512px\" srcset=\"https:\/\/www.comau.com\/wp-content\/uploads\/2022\/04\/C5G-Plus-816x1024.jpg 816w, https:\/\/www.comau.com\/wp-content\/uploads\/2022\/04\/C5G-Plus-239x300.jpg 239w, https:\/\/www.comau.com\/wp-content\/uploads\/2022\/04\/C5G-Plus-768x964.jpg 768w, https:\/\/www.comau.com\/wp-content\/uploads\/2022\/04\/C5G-Plus-1224x1536.jpg 1224w, https:\/\/www.comau.com\/wp-content\/uploads\/2022\/04\/C5G-Plus.jpg 1253w\" sizes=\"(max-width: 816px) 100vw, 816px\" \/><\/figure>\n<\/div>\n\n\n<h2 class=\"wp-block-heading\">Risparmio energetico<\/h2>\n\n\n\n<ul class=\"wp-block-list\">\n<li>Livello di consumo pi\u00f9 basso possibile in fase di standby e basso durante le operazioni<\/li>\n\n\n\n<li>Sistema di raffreddamento proporzionale alle operazioni dell\u2019unit\u00e0 di controllo<\/li>\n<\/ul>\n\n\n\n<h2 class=\"wp-block-heading\">Flessibilit\u00e0 e affidabilit\u00e0<\/h2>\n\n\n\n<p>\u00c8 possibile implementare qualsiasi bus di campo per ottenere una soluzione flessibile e affidabile in ogni applicazione del cliente.<br>Sono disponibili interfacce modulari, come I\/O digitali, I\/O analogici e trasduttori di posizione, encoder, resolver, ecc.<\/p>\n\n\n\n<h2 class=\"wp-block-heading\">RobotSAFE<\/h2>\n\n\n\n<p>Le unit\u00e0 di controllo dei robot con configurazione safe consentono una gestione della sicurezza del movimento del robot (cartesiano e\/o a giunti) e della velocit\u00e0 tramite sensori, con vantaggi in termini di layout ridotti e assenza di recinzioni fisiche. Forniamo la sicurezza per la tua cella automatica senza compromettere la produttivit\u00e0.<\/p>\n\n\n\n<h2 class=\"wp-block-heading\">Modularit\u00e0 \/ Espandibilit\u00e0<\/h2>\n\n\n\n<ul class=\"wp-block-list\">\n<li>Sistema modulare per le unit\u00e0 fino a 15 assi nella funzione base del quadro elettrico e in base al modello di robot.<\/li>\n\n\n\n<li>Creato per una gestione semplificata, efficiente e multifunzionale dell&#8217;intera famiglia Comau Robot<\/li>\n<\/ul>\n\n\n\n<h2 class=\"wp-block-heading\">Dati tecnici principali<\/h2>\n\n\n\n<ul class=\"wp-block-list\">\n<li>Dimensioni: 800x500x1100 mm<\/li>\n\n\n\n<li>Temperatura in attivit\u00e0: da 5 a 45\u00b0C (da 5 a 55\u00b0C con refrigeratore)<\/li>\n\n\n\n<li>Umidit\u00e0: 90% massima, no condensazione<\/li>\n\n\n\n<li>Gamma di potenza in linea estesa: da 400 a 500V<\/li>\n<\/ul>\n\n\n\n<h2 class=\"wp-block-heading\">Specifiche tecniche<\/h2>\n\n\n\n<figure class=\"wp-block-table is-style-stripes\"><table class=\"has-fixed-layout\"><tbody><tr><td><strong>Dimensions<\/strong><\/td><td class=\"has-text-align-center\" data-align=\"center\"><br><\/td><\/tr><tr><td>Height x Width x Depth (standard version without options)<\/td><td class=\"has-text-align-center\" data-align=\"center\">1110 x 800 x 510 mm<br>43.31x 31.50 x 20.08 in<\/td><\/tr><tr><td><strong>Weight<\/strong><\/td><td class=\"has-text-align-center\" data-align=\"center\"><\/td><\/tr><tr><td>Control Unit (standard version) <br>The indicated weight is for Control Unit of Size 3; it may differ slightly depending on the configuration. Always refer to the nameplate posted on the Control Unit<\/td><td class=\"has-text-align-center\" data-align=\"center\">109 kg \/ 240.30 lb without packaging<\/td><\/tr><tr><td><strong>Power Supply Data<\/strong><\/td><td class=\"has-text-align-center\" data-align=\"center\"><\/td><\/tr><tr><td>Power supply voltage<\/td><td class=\"has-text-align-center\" data-align=\"center\">From 400 Vac to 480 Vac \u00b1 10% <\/td><\/tr><tr><td>Frequency<\/td><td class=\"has-text-align-center\" data-align=\"center\">50 to 60 Hz (\u00b12 Hz)<\/td><\/tr><tr><td>Main switch breaking capacity<\/td><td class=\"has-text-align-center\" data-align=\"center\">7.5 kA to 400 V<\/td><\/tr><tr><td>Power installed<\/td><td class=\"has-text-align-center\" data-align=\"center\">from 4 kVA to 12 kVA<\/td><\/tr><tr><td>Auxiliary circuits voltage<\/td><td class=\"has-text-align-center\" data-align=\"center\">24 Vdc<\/td><\/tr><\/tbody><\/table><\/figure>\n\n\n\n<figure class=\"wp-block-table is-style-stripes\"><table class=\"has-fixed-layout\"><tbody><tr><td><strong>Environmental conditions<\/strong><\/td><td class=\"has-text-align-center\" data-align=\"center\"><\/td><\/tr><tr><td>Cabinet protection (rear compartment disabled)<\/td><td class=\"has-text-align-center\" data-align=\"center\">IP 54<\/td><\/tr><tr><td>Rear compartment protection<\/td><td class=\"has-text-align-center\" data-align=\"center\">IP 2x<\/td><\/tr><tr><td>Room temperature with standard ventilation system<\/td><td class=\"has-text-align-center\" data-align=\"center\">from +5 \u00b0C to +45 \u00b0C*<br>from +41 \u00b0F to 113 \u00b0F<\/td><\/tr><tr><td>Room temperature with air conditioner option<\/td><td class=\"has-text-align-center\" data-align=\"center\">from +5 \u00b0C to +55 \u00b0C *\u00b2<br>from +41 \u00b0F to 131 \u00b0F<\/td><\/tr><tr><td>Environment storage temperature<\/td><td class=\"has-text-align-center\" data-align=\"center\">from -25 \u00b0C to +55 \u00b0C<br>from -13 \u00b0F to 131 \u00b0F<br>+70 \u00b0C \/ 158 \u00b0F for periods shorter than one hour.<\/td><\/tr><tr><td>Maximum temperature gradient<\/td><td class=\"has-text-align-center\" data-align=\"center\">1,5 \u00b0C\/minute<br>2,7 \u00b0F\/minute<\/td><\/tr><tr><td>Relative humidity<br>(according to standard EN 60204-1 \u00a7 4.4.4, test conditions HD 323.2.3.<br>S2)<\/td><td class=\"has-text-align-center\" data-align=\"center\">from 5% to 95% without condensate<\/td><\/tr><tr><td>Altitude of the installation site<br>(according to standard EN 60204-1 \u00a7 4.4.5)<\/td><td class=\"has-text-align-center\" data-align=\"center\">from 0 to 1.000 m \/ 0 to 3280 ft<br>above sea level<\/td><\/tr><\/tbody><\/table><\/figure>\n\n\n\n<figure class=\"wp-block-table is-style-stripes\"><table class=\"has-fixed-layout\"><tbody><tr><td><strong>Controllable axes<\/strong><\/td><td class=\"has-text-align-center\" data-align=\"center\"><\/td><\/tr><tr><td>Total of the system<\/td><td class=\"has-text-align-center\" data-align=\"center\">up to 15 axes<\/td><\/tr><tr><td>With Robosafe functionality*\u00b2<\/td><td class=\"has-text-align-center\" data-align=\"center\">up to 7 axes (6 axes of the Robot + 1 additional<br>axis)<\/td><\/tr><tr><td><strong>Vibrations and shocks during transportation<\/strong><\/td><td class=\"has-text-align-center\" data-align=\"center\"><\/td><\/tr><tr><td>Sinusoidal vibration<br>(according to standard EN 60068-2-64)<\/td><td class=\"has-text-align-center\" data-align=\"center\">Frequency 10 &#8211; 250 Hz<br>0.6 g rms axis Z acceleration<br>0.2 g rms axes X-Y acceleration<\/td><\/tr><\/tbody><\/table><\/figure>\n","protected":false},"excerpt":{"rendered":"<p>Ogni tua esigenza sotto controllo Elaborazione veloce, sistema modulare per le unit\u00e0 di azionamento, I\/O e fieldbus, spazio libero ed ergonomico per le funzioni di integrazione delle applicazioni, dimensioni compatte. Ogni tua esigenza sotto controllo. Elevata potenza di elaborazione Il C5G utilizza una scheda PC industriale di ultima generazione con una CPU in grado di [&hellip;]<\/p>\n","protected":false},"author":7,"featured_media":44394,"parent":65671,"menu_order":1,"comment_status":"closed","ping_status":"closed","template":"","meta":{"_acf_changed":false,"ep_exclude_from_search":false,"footnotes":""},"class_list":["post-44382","page","type-page","status-publish","has-post-thumbnail","hentry"],"acf":[],"yoast_head":"<!-- This site is optimized with the Yoast SEO plugin v26.9 - https:\/\/yoast.com\/product\/yoast-seo-wordpress\/ -->\n<title>Unit\u00e0 di controllo: C5G - Comau<\/title>\n<meta name=\"description\" content=\"Gestisci in maniera simultanea pi\u00f9 di un braccio robotico durante la fase produttiva, scopri la nostra Unit\u00e0 di controllo C5G con application box.\" \/>\n<meta name=\"robots\" content=\"index, follow, max-snippet:-1, max-image-preview:large, max-video-preview:-1\" \/>\n<link rel=\"canonical\" href=\"https:\/\/www.comau.com\/it\/competencies\/products-solutions\/robotic-control-and-software\/c5g-plus\/\" \/>\n<meta property=\"og:locale\" content=\"it_IT\" \/>\n<meta property=\"og:type\" content=\"article\" \/>\n<meta property=\"og:title\" content=\"Unit\u00e0 di controllo: C5G - Comau\" \/>\n<meta property=\"og:description\" content=\"Gestisci in maniera simultanea pi\u00f9 di un braccio robotico durante la fase produttiva, scopri la nostra Unit\u00e0 di controllo C5G con application box.\" \/>\n<meta property=\"og:url\" content=\"https:\/\/www.comau.com\/it\/competencies\/products-solutions\/robotic-control-and-software\/c5g-plus\/\" \/>\n<meta property=\"og:site_name\" content=\"Comau\" \/>\n<meta property=\"article:publisher\" content=\"https:\/\/www.facebook.com\/COMAU\/\" \/>\n<meta property=\"article:modified_time\" content=\"2024-05-08T09:25:39+00:00\" \/>\n<meta property=\"og:image\" content=\"https:\/\/www.comau.com\/wp-content\/uploads\/2022\/04\/CG5plus_header.jpg\" \/>\n\t<meta property=\"og:image:width\" content=\"1280\" \/>\n\t<meta property=\"og:image:height\" content=\"485\" \/>\n\t<meta property=\"og:image:type\" content=\"image\/jpeg\" \/>\n<meta name=\"twitter:card\" content=\"summary_large_image\" \/>\n<meta name=\"twitter:site\" content=\"@comaugroup\" \/>\n<meta name=\"twitter:label1\" content=\"Tempo di lettura stimato\" \/>\n\t<meta name=\"twitter:data1\" content=\"3 minuti\" \/>\n<script type=\"application\/ld+json\" class=\"yoast-schema-graph\">{\"@context\":\"https:\/\/schema.org\",\"@graph\":[{\"@type\":\"WebPage\",\"@id\":\"https:\/\/www.comau.com\/it\/competencies\/products-solutions\/robotic-control-and-software\/c5g-plus\/\",\"url\":\"https:\/\/www.comau.com\/it\/competencies\/products-solutions\/robotic-control-and-software\/c5g-plus\/\",\"name\":\"Unit\u00e0 di controllo: C5G - Comau\",\"isPartOf\":{\"@id\":\"https:\/\/www.comau.com\/it\/#website\"},\"primaryImageOfPage\":{\"@id\":\"https:\/\/www.comau.com\/it\/competencies\/products-solutions\/robotic-control-and-software\/c5g-plus\/#primaryimage\"},\"image\":{\"@id\":\"https:\/\/www.comau.com\/it\/competencies\/products-solutions\/robotic-control-and-software\/c5g-plus\/#primaryimage\"},\"thumbnailUrl\":\"https:\/\/www.comau.com\/wp-content\/uploads\/2022\/04\/CG5plus_header.jpg\",\"datePublished\":\"2022-04-01T07:55:32+00:00\",\"dateModified\":\"2024-05-08T09:25:39+00:00\",\"description\":\"Gestisci in maniera simultanea pi\u00f9 di un braccio robotico durante la fase produttiva, scopri la nostra Unit\u00e0 di controllo C5G con application box.\",\"breadcrumb\":{\"@id\":\"https:\/\/www.comau.com\/it\/competencies\/products-solutions\/robotic-control-and-software\/c5g-plus\/#breadcrumb\"},\"inLanguage\":\"it-IT\",\"potentialAction\":[{\"@type\":\"ReadAction\",\"target\":[\"https:\/\/www.comau.com\/it\/competencies\/products-solutions\/robotic-control-and-software\/c5g-plus\/\"]}]},{\"@type\":\"ImageObject\",\"inLanguage\":\"it-IT\",\"@id\":\"https:\/\/www.comau.com\/it\/competencies\/products-solutions\/robotic-control-and-software\/c5g-plus\/#primaryimage\",\"url\":\"https:\/\/www.comau.com\/wp-content\/uploads\/2022\/04\/CG5plus_header.jpg\",\"contentUrl\":\"https:\/\/www.comau.com\/wp-content\/uploads\/2022\/04\/CG5plus_header.jpg\",\"width\":1280,\"height\":485},{\"@type\":\"BreadcrumbList\",\"@id\":\"https:\/\/www.comau.com\/it\/competencies\/products-solutions\/robotic-control-and-software\/c5g-plus\/#breadcrumb\",\"itemListElement\":[{\"@type\":\"ListItem\",\"position\":1,\"name\":\"Home\",\"item\":\"https:\/\/www.comau.com\/it\/\"},{\"@type\":\"ListItem\",\"position\":2,\"name\":\"Le Nostre Competenze\",\"item\":\"https:\/\/www.comau.com\/it\/competencies\/\"},{\"@type\":\"ListItem\",\"position\":3,\"name\":\"Robotics &amp; Automation\",\"item\":\"https:\/\/www.comau.com\/it\/competencies\/robotics-automation\/\"},{\"@type\":\"ListItem\",\"position\":4,\"name\":\"Unit\u00e0 di controllo e Attrezzature ausiliari\",\"item\":\"https:\/\/www.comau.com\/it\/competencies\/robotics-automation\/controls-auxiliary-equipment\/\"},{\"@type\":\"ListItem\",\"position\":5,\"name\":\"C5G Plus\"}]},{\"@type\":\"WebSite\",\"@id\":\"https:\/\/www.comau.com\/it\/#website\",\"url\":\"https:\/\/www.comau.com\/it\/\",\"name\":\"Comau\",\"description\":\"Industrial automation and robotics\",\"publisher\":{\"@id\":\"https:\/\/www.comau.com\/it\/#organization\"},\"potentialAction\":[{\"@type\":\"SearchAction\",\"target\":{\"@type\":\"EntryPoint\",\"urlTemplate\":\"https:\/\/www.comau.com\/it\/?s={search_term_string}\"},\"query-input\":{\"@type\":\"PropertyValueSpecification\",\"valueRequired\":true,\"valueName\":\"search_term_string\"}}],\"inLanguage\":\"it-IT\"},{\"@type\":\"Organization\",\"@id\":\"https:\/\/www.comau.com\/it\/#organization\",\"name\":\"Comau\",\"url\":\"https:\/\/www.comau.com\/it\/\",\"logo\":{\"@type\":\"ImageObject\",\"inLanguage\":\"it-IT\",\"@id\":\"https:\/\/www.comau.com\/it\/#\/schema\/logo\/image\/\",\"url\":\"https:\/\/www.comau.com\/wp-content\/uploads\/2024\/07\/cropped-Logo-COMAU.png\",\"contentUrl\":\"https:\/\/www.comau.com\/wp-content\/uploads\/2024\/07\/cropped-Logo-COMAU.png\",\"width\":434,\"height\":434,\"caption\":\"Comau\"},\"image\":{\"@id\":\"https:\/\/www.comau.com\/it\/#\/schema\/logo\/image\/\"},\"sameAs\":[\"https:\/\/www.facebook.com\/COMAU\/\",\"https:\/\/x.com\/comaugroup\",\"https:\/\/www.instagram.com\/comaugroup\/\",\"https:\/\/www.linkedin.com\/company\/comau\",\"https:\/\/www.youtube.com\/user\/comau\"]}]}<\/script>\n<!-- \/ Yoast SEO plugin. -->","yoast_head_json":{"title":"Unit\u00e0 di controllo: C5G - Comau","description":"Gestisci in maniera simultanea pi\u00f9 di un braccio robotico durante la fase produttiva, scopri la nostra Unit\u00e0 di controllo C5G con application box.","robots":{"index":"index","follow":"follow","max-snippet":"max-snippet:-1","max-image-preview":"max-image-preview:large","max-video-preview":"max-video-preview:-1"},"canonical":"https:\/\/www.comau.com\/it\/competencies\/products-solutions\/robotic-control-and-software\/c5g-plus\/","og_locale":"it_IT","og_type":"article","og_title":"Unit\u00e0 di controllo: C5G - Comau","og_description":"Gestisci in maniera simultanea pi\u00f9 di un braccio robotico durante la fase produttiva, scopri la nostra Unit\u00e0 di controllo C5G con application box.","og_url":"https:\/\/www.comau.com\/it\/competencies\/products-solutions\/robotic-control-and-software\/c5g-plus\/","og_site_name":"Comau","article_publisher":"https:\/\/www.facebook.com\/COMAU\/","article_modified_time":"2024-05-08T09:25:39+00:00","og_image":[{"width":1280,"height":485,"url":"https:\/\/www.comau.com\/wp-content\/uploads\/2022\/04\/CG5plus_header.jpg","type":"image\/jpeg"}],"twitter_card":"summary_large_image","twitter_site":"@comaugroup","twitter_misc":{"Tempo di lettura stimato":"3 minuti"},"schema":{"@context":"https:\/\/schema.org","@graph":[{"@type":"WebPage","@id":"https:\/\/www.comau.com\/it\/competencies\/products-solutions\/robotic-control-and-software\/c5g-plus\/","url":"https:\/\/www.comau.com\/it\/competencies\/products-solutions\/robotic-control-and-software\/c5g-plus\/","name":"Unit\u00e0 di controllo: C5G - Comau","isPartOf":{"@id":"https:\/\/www.comau.com\/it\/#website"},"primaryImageOfPage":{"@id":"https:\/\/www.comau.com\/it\/competencies\/products-solutions\/robotic-control-and-software\/c5g-plus\/#primaryimage"},"image":{"@id":"https:\/\/www.comau.com\/it\/competencies\/products-solutions\/robotic-control-and-software\/c5g-plus\/#primaryimage"},"thumbnailUrl":"https:\/\/www.comau.com\/wp-content\/uploads\/2022\/04\/CG5plus_header.jpg","datePublished":"2022-04-01T07:55:32+00:00","dateModified":"2024-05-08T09:25:39+00:00","description":"Gestisci in maniera simultanea pi\u00f9 di un braccio robotico durante la fase produttiva, scopri la nostra Unit\u00e0 di controllo C5G con application box.","breadcrumb":{"@id":"https:\/\/www.comau.com\/it\/competencies\/products-solutions\/robotic-control-and-software\/c5g-plus\/#breadcrumb"},"inLanguage":"it-IT","potentialAction":[{"@type":"ReadAction","target":["https:\/\/www.comau.com\/it\/competencies\/products-solutions\/robotic-control-and-software\/c5g-plus\/"]}]},{"@type":"ImageObject","inLanguage":"it-IT","@id":"https:\/\/www.comau.com\/it\/competencies\/products-solutions\/robotic-control-and-software\/c5g-plus\/#primaryimage","url":"https:\/\/www.comau.com\/wp-content\/uploads\/2022\/04\/CG5plus_header.jpg","contentUrl":"https:\/\/www.comau.com\/wp-content\/uploads\/2022\/04\/CG5plus_header.jpg","width":1280,"height":485},{"@type":"BreadcrumbList","@id":"https:\/\/www.comau.com\/it\/competencies\/products-solutions\/robotic-control-and-software\/c5g-plus\/#breadcrumb","itemListElement":[{"@type":"ListItem","position":1,"name":"Home","item":"https:\/\/www.comau.com\/it\/"},{"@type":"ListItem","position":2,"name":"Le Nostre Competenze","item":"https:\/\/www.comau.com\/it\/competencies\/"},{"@type":"ListItem","position":3,"name":"Robotics &amp; Automation","item":"https:\/\/www.comau.com\/it\/competencies\/robotics-automation\/"},{"@type":"ListItem","position":4,"name":"Unit\u00e0 di controllo e Attrezzature ausiliari","item":"https:\/\/www.comau.com\/it\/competencies\/robotics-automation\/controls-auxiliary-equipment\/"},{"@type":"ListItem","position":5,"name":"C5G Plus"}]},{"@type":"WebSite","@id":"https:\/\/www.comau.com\/it\/#website","url":"https:\/\/www.comau.com\/it\/","name":"Comau","description":"Industrial automation and robotics","publisher":{"@id":"https:\/\/www.comau.com\/it\/#organization"},"potentialAction":[{"@type":"SearchAction","target":{"@type":"EntryPoint","urlTemplate":"https:\/\/www.comau.com\/it\/?s={search_term_string}"},"query-input":{"@type":"PropertyValueSpecification","valueRequired":true,"valueName":"search_term_string"}}],"inLanguage":"it-IT"},{"@type":"Organization","@id":"https:\/\/www.comau.com\/it\/#organization","name":"Comau","url":"https:\/\/www.comau.com\/it\/","logo":{"@type":"ImageObject","inLanguage":"it-IT","@id":"https:\/\/www.comau.com\/it\/#\/schema\/logo\/image\/","url":"https:\/\/www.comau.com\/wp-content\/uploads\/2024\/07\/cropped-Logo-COMAU.png","contentUrl":"https:\/\/www.comau.com\/wp-content\/uploads\/2024\/07\/cropped-Logo-COMAU.png","width":434,"height":434,"caption":"Comau"},"image":{"@id":"https:\/\/www.comau.com\/it\/#\/schema\/logo\/image\/"},"sameAs":["https:\/\/www.facebook.com\/COMAU\/","https:\/\/x.com\/comaugroup","https:\/\/www.instagram.com\/comaugroup\/","https:\/\/www.linkedin.com\/company\/comau","https:\/\/www.youtube.com\/user\/comau"]}]}},"_links":{"self":[{"href":"https:\/\/www.comau.com\/it\/wp-json\/wp\/v2\/pages\/44382","targetHints":{"allow":["GET"]}}],"collection":[{"href":"https:\/\/www.comau.com\/it\/wp-json\/wp\/v2\/pages"}],"about":[{"href":"https:\/\/www.comau.com\/it\/wp-json\/wp\/v2\/types\/page"}],"author":[{"embeddable":true,"href":"https:\/\/www.comau.com\/it\/wp-json\/wp\/v2\/users\/7"}],"replies":[{"embeddable":true,"href":"https:\/\/www.comau.com\/it\/wp-json\/wp\/v2\/comments?post=44382"}],"version-history":[{"count":8,"href":"https:\/\/www.comau.com\/it\/wp-json\/wp\/v2\/pages\/44382\/revisions"}],"predecessor-version":[{"id":63415,"href":"https:\/\/www.comau.com\/it\/wp-json\/wp\/v2\/pages\/44382\/revisions\/63415"}],"up":[{"embeddable":true,"href":"https:\/\/www.comau.com\/it\/wp-json\/wp\/v2\/pages\/65671"}],"wp:featuredmedia":[{"embeddable":true,"href":"https:\/\/www.comau.com\/it\/wp-json\/wp\/v2\/media\/44394"}],"wp:attachment":[{"href":"https:\/\/www.comau.com\/it\/wp-json\/wp\/v2\/media?parent=44382"}],"curies":[{"name":"wp","href":"https:\/\/api.w.org\/{rel}","templated":true}]}}