{"id":44025,"date":"2022-03-18T17:59:56","date_gmt":"2022-03-18T16:59:56","guid":{"rendered":"https:\/\/www.comau.com\/?page_id=44025"},"modified":"2022-06-22T10:47:25","modified_gmt":"2022-06-22T08:47:25","slug":"thermography","status":"publish","type":"page","link":"https:\/\/www.comau.com\/it\/competencies\/robotics-automation\/thermography\/","title":{"rendered":"Thermography"},"content":{"rendered":"\n<h2 class=\"wp-block-heading\">Riflettori puntati su: MI.RA\/Thermography<\/h2>\n\n\n\n<p>MI.RA\/Thermography \u00e8 un innovativo sistema di esecuzione test e controllo qualit\u00e0 in linea che ottimizza la costruzione e l&#8217;assemblaggio delle batterie di prossima generazione. Progettato per la produzione di batterie su scala industriale, MI.RA\/Thermography utilizza la termografia e l&#8217;intelligenza artificiale per eseguire una valutazione automatica non invasiva e il controllo dei giunti saldati, facendo risparmiare tempo e costi ai produttori, valutando automaticamente i difetti di superficie e la resistenza elettrica di ogni giunto prima dell&#8217;assemblaggio finale.<\/p>\n\n\n\n<p>Un&#8217;alta resistenza elettrica, dovuta alla scarsa qualit\u00e0 dei giunti, pu\u00f2 creare un&#8217;alta perdita di energia e la generazione di calore. Questo pu\u00f2 aumentare la temperatura del giunto, provocare potenziali problemi di sicurezza e ridurre l&#8217;efficienza e l&#8217;integrit\u00e0 della batteria. La nostra soluzione di valutazione della qualit\u00e0 MI.RA\/Thermography testa la qualit\u00e0 e l&#8217;efficienza di ogni giunto senza influenzare il tempo di ciclo o il layout della linea. E facendolo prima del processo di assemblaggio finale, aiuta a garantire la sicurezza e a prevenire gli sprechi.<\/p>\n\n\n\n<h2 class=\"wp-block-heading\">Vantaggi<\/h2>\n\n\n\n<ul class=\"wp-block-list\"><li>Monitoraggio del processo in linea e controllo qualit\u00e0 post-lavorazione<\/li><li>Test, misurazione e controllo della qualit\u00e0 dei giunti senza influire sul tempo di ciclo o sul layout della linea<\/li><li>La soluzione completamente integrata utilizza telecamere IR e intelligenza artificiale per valutare ogni giunto saldato prima dell&#8217;assemblaggio finale<\/li><li>Maggiore accuratezza nella rilevazione dei difetti estetici che spesso supera quella dell&#8217;ispezione visiva<\/li><li>I risultati in tempo reale sono raccolti e utilizzati per l&#8217;analisi e il riapprendimento<\/li><\/ul>\n\n\n\n<figure class=\"wp-block-embed is-type-video is-provider-youtube wp-block-embed-youtube wp-embed-aspect-16-9 wp-has-aspect-ratio\"><div class=\"wp-block-embed__wrapper\">\n<iframe title=\"Comau | MI.RA\/Thermography\" width=\"640\" height=\"360\" src=\"https:\/\/www.youtube.com\/embed\/XUPl2uh-aqQ?feature=oembed\" frameborder=\"0\" allow=\"accelerometer; autoplay; clipboard-write; encrypted-media; gyroscope; picture-in-picture; web-share\" referrerpolicy=\"strict-origin-when-cross-origin\" allowfullscreen><\/iframe>\n<\/div><\/figure>\n","protected":false},"excerpt":{"rendered":"<p>Riflettori puntati su: MI.RA\/Thermography MI.RA\/Thermography \u00e8 un innovativo sistema di esecuzione test e controllo qualit\u00e0 in linea che ottimizza la costruzione e l&#8217;assemblaggio delle batterie di prossima generazione. Progettato per la produzione di batterie su scala industriale, MI.RA\/Thermography utilizza la termografia e l&#8217;intelligenza artificiale per eseguire una valutazione automatica non invasiva e il controllo dei [&hellip;]<\/p>\n","protected":false},"author":7,"featured_media":43827,"parent":5717,"menu_order":0,"comment_status":"closed","ping_status":"closed","template":"","meta":{"_acf_changed":false,"ep_exclude_from_search":false,"footnotes":""},"class_list":["post-44025","page","type-page","status-publish","has-post-thumbnail","hentry"],"acf":[],"yoast_head":"<!-- This site is optimized with the Yoast SEO plugin v26.9 - https:\/\/yoast.com\/product\/yoast-seo-wordpress\/ -->\n<title>Sistemi di Test e Controllo Qualit\u00e0 Batterie | Comau<\/title>\n<meta name=\"description\" content=\"Scopri i vantaggi di MI.RA Thermography: il sistema di Comau per effettuare test e controlli di qualit\u00e0 sulle batterie di ultima generazione.\" \/>\n<meta name=\"robots\" content=\"index, follow, max-snippet:-1, max-image-preview:large, max-video-preview:-1\" \/>\n<link rel=\"canonical\" href=\"https:\/\/www.comau.com\/it\/competencies\/robotics-automation\/thermography\/\" \/>\n<meta property=\"og:locale\" content=\"it_IT\" \/>\n<meta property=\"og:type\" content=\"article\" \/>\n<meta property=\"og:title\" content=\"Sistemi di Test e Controllo Qualit\u00e0 Batterie | Comau\" \/>\n<meta property=\"og:description\" content=\"Scopri i vantaggi di MI.RA Thermography: il sistema di Comau per effettuare test e controlli di qualit\u00e0 sulle batterie di ultima generazione.\" \/>\n<meta property=\"og:url\" content=\"https:\/\/www.comau.com\/it\/competencies\/robotics-automation\/thermography\/\" \/>\n<meta property=\"og:site_name\" content=\"Comau\" \/>\n<meta property=\"article:publisher\" content=\"https:\/\/www.facebook.com\/COMAU\/\" \/>\n<meta property=\"article:modified_time\" content=\"2022-06-22T08:47:25+00:00\" \/>\n<meta property=\"og:image\" content=\"https:\/\/www.comau.com\/wp-content\/uploads\/2022\/03\/Mira-Termography.jpg\" \/>\n\t<meta property=\"og:image:width\" content=\"1450\" \/>\n\t<meta property=\"og:image:height\" content=\"450\" \/>\n\t<meta property=\"og:image:type\" content=\"image\/jpeg\" \/>\n<meta name=\"twitter:card\" content=\"summary_large_image\" \/>\n<meta name=\"twitter:site\" content=\"@comaugroup\" \/>\n<meta name=\"twitter:label1\" content=\"Tempo di lettura stimato\" \/>\n\t<meta name=\"twitter:data1\" content=\"2 minuti\" \/>\n<script type=\"application\/ld+json\" class=\"yoast-schema-graph\">{\"@context\":\"https:\/\/schema.org\",\"@graph\":[{\"@type\":\"WebPage\",\"@id\":\"https:\/\/www.comau.com\/it\/competencies\/robotics-automation\/thermography\/\",\"url\":\"https:\/\/www.comau.com\/it\/competencies\/robotics-automation\/thermography\/\",\"name\":\"Sistemi di Test e Controllo Qualit\u00e0 Batterie | Comau\",\"isPartOf\":{\"@id\":\"https:\/\/www.comau.com\/it\/#website\"},\"primaryImageOfPage\":{\"@id\":\"https:\/\/www.comau.com\/it\/competencies\/robotics-automation\/thermography\/#primaryimage\"},\"image\":{\"@id\":\"https:\/\/www.comau.com\/it\/competencies\/robotics-automation\/thermography\/#primaryimage\"},\"thumbnailUrl\":\"https:\/\/www.comau.com\/wp-content\/uploads\/2022\/03\/Mira-Termography.jpg\",\"datePublished\":\"2022-03-18T16:59:56+00:00\",\"dateModified\":\"2022-06-22T08:47:25+00:00\",\"description\":\"Scopri i vantaggi di MI.RA Thermography: il sistema di Comau per effettuare test e controlli di qualit\u00e0 sulle batterie di ultima generazione.\",\"breadcrumb\":{\"@id\":\"https:\/\/www.comau.com\/it\/competencies\/robotics-automation\/thermography\/#breadcrumb\"},\"inLanguage\":\"it-IT\",\"potentialAction\":[{\"@type\":\"ReadAction\",\"target\":[\"https:\/\/www.comau.com\/it\/competencies\/robotics-automation\/thermography\/\"]}]},{\"@type\":\"ImageObject\",\"inLanguage\":\"it-IT\",\"@id\":\"https:\/\/www.comau.com\/it\/competencies\/robotics-automation\/thermography\/#primaryimage\",\"url\":\"https:\/\/www.comau.com\/wp-content\/uploads\/2022\/03\/Mira-Termography.jpg\",\"contentUrl\":\"https:\/\/www.comau.com\/wp-content\/uploads\/2022\/03\/Mira-Termography.jpg\",\"width\":1450,\"height\":450},{\"@type\":\"BreadcrumbList\",\"@id\":\"https:\/\/www.comau.com\/it\/competencies\/robotics-automation\/thermography\/#breadcrumb\",\"itemListElement\":[{\"@type\":\"ListItem\",\"position\":1,\"name\":\"Home\",\"item\":\"https:\/\/www.comau.com\/it\/\"},{\"@type\":\"ListItem\",\"position\":2,\"name\":\"Le Nostre Competenze\",\"item\":\"https:\/\/www.comau.com\/it\/competencies\/\"},{\"@type\":\"ListItem\",\"position\":3,\"name\":\"Robotics &amp; Automation\",\"item\":\"https:\/\/www.comau.com\/it\/competencies\/robotics-automation\/\"},{\"@type\":\"ListItem\",\"position\":4,\"name\":\"Thermography\"}]},{\"@type\":\"WebSite\",\"@id\":\"https:\/\/www.comau.com\/it\/#website\",\"url\":\"https:\/\/www.comau.com\/it\/\",\"name\":\"Comau\",\"description\":\"Industrial automation and robotics\",\"publisher\":{\"@id\":\"https:\/\/www.comau.com\/it\/#organization\"},\"potentialAction\":[{\"@type\":\"SearchAction\",\"target\":{\"@type\":\"EntryPoint\",\"urlTemplate\":\"https:\/\/www.comau.com\/it\/?s={search_term_string}\"},\"query-input\":{\"@type\":\"PropertyValueSpecification\",\"valueRequired\":true,\"valueName\":\"search_term_string\"}}],\"inLanguage\":\"it-IT\"},{\"@type\":\"Organization\",\"@id\":\"https:\/\/www.comau.com\/it\/#organization\",\"name\":\"Comau\",\"url\":\"https:\/\/www.comau.com\/it\/\",\"logo\":{\"@type\":\"ImageObject\",\"inLanguage\":\"it-IT\",\"@id\":\"https:\/\/www.comau.com\/it\/#\/schema\/logo\/image\/\",\"url\":\"https:\/\/www.comau.com\/wp-content\/uploads\/2024\/07\/cropped-Logo-COMAU.png\",\"contentUrl\":\"https:\/\/www.comau.com\/wp-content\/uploads\/2024\/07\/cropped-Logo-COMAU.png\",\"width\":434,\"height\":434,\"caption\":\"Comau\"},\"image\":{\"@id\":\"https:\/\/www.comau.com\/it\/#\/schema\/logo\/image\/\"},\"sameAs\":[\"https:\/\/www.facebook.com\/COMAU\/\",\"https:\/\/x.com\/comaugroup\",\"https:\/\/www.instagram.com\/comaugroup\/\",\"https:\/\/www.linkedin.com\/company\/comau\",\"https:\/\/www.youtube.com\/user\/comau\"]}]}<\/script>\n<!-- \/ Yoast SEO plugin. -->","yoast_head_json":{"title":"Sistemi di Test e Controllo Qualit\u00e0 Batterie | Comau","description":"Scopri i vantaggi di MI.RA Thermography: il sistema di Comau per effettuare test e controlli di qualit\u00e0 sulle batterie di ultima generazione.","robots":{"index":"index","follow":"follow","max-snippet":"max-snippet:-1","max-image-preview":"max-image-preview:large","max-video-preview":"max-video-preview:-1"},"canonical":"https:\/\/www.comau.com\/it\/competencies\/robotics-automation\/thermography\/","og_locale":"it_IT","og_type":"article","og_title":"Sistemi di Test e Controllo Qualit\u00e0 Batterie | Comau","og_description":"Scopri i vantaggi di MI.RA Thermography: il sistema di Comau per effettuare test e controlli di qualit\u00e0 sulle batterie di ultima generazione.","og_url":"https:\/\/www.comau.com\/it\/competencies\/robotics-automation\/thermography\/","og_site_name":"Comau","article_publisher":"https:\/\/www.facebook.com\/COMAU\/","article_modified_time":"2022-06-22T08:47:25+00:00","og_image":[{"width":1450,"height":450,"url":"https:\/\/www.comau.com\/wp-content\/uploads\/2022\/03\/Mira-Termography.jpg","type":"image\/jpeg"}],"twitter_card":"summary_large_image","twitter_site":"@comaugroup","twitter_misc":{"Tempo di lettura stimato":"2 minuti"},"schema":{"@context":"https:\/\/schema.org","@graph":[{"@type":"WebPage","@id":"https:\/\/www.comau.com\/it\/competencies\/robotics-automation\/thermography\/","url":"https:\/\/www.comau.com\/it\/competencies\/robotics-automation\/thermography\/","name":"Sistemi di Test e Controllo Qualit\u00e0 Batterie | Comau","isPartOf":{"@id":"https:\/\/www.comau.com\/it\/#website"},"primaryImageOfPage":{"@id":"https:\/\/www.comau.com\/it\/competencies\/robotics-automation\/thermography\/#primaryimage"},"image":{"@id":"https:\/\/www.comau.com\/it\/competencies\/robotics-automation\/thermography\/#primaryimage"},"thumbnailUrl":"https:\/\/www.comau.com\/wp-content\/uploads\/2022\/03\/Mira-Termography.jpg","datePublished":"2022-03-18T16:59:56+00:00","dateModified":"2022-06-22T08:47:25+00:00","description":"Scopri i vantaggi di MI.RA Thermography: il sistema di Comau per effettuare test e controlli di qualit\u00e0 sulle batterie di ultima generazione.","breadcrumb":{"@id":"https:\/\/www.comau.com\/it\/competencies\/robotics-automation\/thermography\/#breadcrumb"},"inLanguage":"it-IT","potentialAction":[{"@type":"ReadAction","target":["https:\/\/www.comau.com\/it\/competencies\/robotics-automation\/thermography\/"]}]},{"@type":"ImageObject","inLanguage":"it-IT","@id":"https:\/\/www.comau.com\/it\/competencies\/robotics-automation\/thermography\/#primaryimage","url":"https:\/\/www.comau.com\/wp-content\/uploads\/2022\/03\/Mira-Termography.jpg","contentUrl":"https:\/\/www.comau.com\/wp-content\/uploads\/2022\/03\/Mira-Termography.jpg","width":1450,"height":450},{"@type":"BreadcrumbList","@id":"https:\/\/www.comau.com\/it\/competencies\/robotics-automation\/thermography\/#breadcrumb","itemListElement":[{"@type":"ListItem","position":1,"name":"Home","item":"https:\/\/www.comau.com\/it\/"},{"@type":"ListItem","position":2,"name":"Le Nostre Competenze","item":"https:\/\/www.comau.com\/it\/competencies\/"},{"@type":"ListItem","position":3,"name":"Robotics &amp; Automation","item":"https:\/\/www.comau.com\/it\/competencies\/robotics-automation\/"},{"@type":"ListItem","position":4,"name":"Thermography"}]},{"@type":"WebSite","@id":"https:\/\/www.comau.com\/it\/#website","url":"https:\/\/www.comau.com\/it\/","name":"Comau","description":"Industrial automation and robotics","publisher":{"@id":"https:\/\/www.comau.com\/it\/#organization"},"potentialAction":[{"@type":"SearchAction","target":{"@type":"EntryPoint","urlTemplate":"https:\/\/www.comau.com\/it\/?s={search_term_string}"},"query-input":{"@type":"PropertyValueSpecification","valueRequired":true,"valueName":"search_term_string"}}],"inLanguage":"it-IT"},{"@type":"Organization","@id":"https:\/\/www.comau.com\/it\/#organization","name":"Comau","url":"https:\/\/www.comau.com\/it\/","logo":{"@type":"ImageObject","inLanguage":"it-IT","@id":"https:\/\/www.comau.com\/it\/#\/schema\/logo\/image\/","url":"https:\/\/www.comau.com\/wp-content\/uploads\/2024\/07\/cropped-Logo-COMAU.png","contentUrl":"https:\/\/www.comau.com\/wp-content\/uploads\/2024\/07\/cropped-Logo-COMAU.png","width":434,"height":434,"caption":"Comau"},"image":{"@id":"https:\/\/www.comau.com\/it\/#\/schema\/logo\/image\/"},"sameAs":["https:\/\/www.facebook.com\/COMAU\/","https:\/\/x.com\/comaugroup","https:\/\/www.instagram.com\/comaugroup\/","https:\/\/www.linkedin.com\/company\/comau","https:\/\/www.youtube.com\/user\/comau"]}]}},"_links":{"self":[{"href":"https:\/\/www.comau.com\/it\/wp-json\/wp\/v2\/pages\/44025","targetHints":{"allow":["GET"]}}],"collection":[{"href":"https:\/\/www.comau.com\/it\/wp-json\/wp\/v2\/pages"}],"about":[{"href":"https:\/\/www.comau.com\/it\/wp-json\/wp\/v2\/types\/page"}],"author":[{"embeddable":true,"href":"https:\/\/www.comau.com\/it\/wp-json\/wp\/v2\/users\/7"}],"replies":[{"embeddable":true,"href":"https:\/\/www.comau.com\/it\/wp-json\/wp\/v2\/comments?post=44025"}],"version-history":[{"count":2,"href":"https:\/\/www.comau.com\/it\/wp-json\/wp\/v2\/pages\/44025\/revisions"}],"predecessor-version":[{"id":44027,"href":"https:\/\/www.comau.com\/it\/wp-json\/wp\/v2\/pages\/44025\/revisions\/44027"}],"up":[{"embeddable":true,"href":"https:\/\/www.comau.com\/it\/wp-json\/wp\/v2\/pages\/5717"}],"wp:featuredmedia":[{"embeddable":true,"href":"https:\/\/www.comau.com\/it\/wp-json\/wp\/v2\/media\/43827"}],"wp:attachment":[{"href":"https:\/\/www.comau.com\/it\/wp-json\/wp\/v2\/media?parent=44025"}],"curies":[{"name":"wp","href":"https:\/\/api.w.org\/{rel}","templated":true}]}}