{"id":43934,"date":"2022-03-18T15:43:12","date_gmt":"2022-03-18T14:43:12","guid":{"rendered":"https:\/\/www.comau.com\/?page_id=43934"},"modified":"2024-06-07T11:20:12","modified_gmt":"2024-06-07T09:20:12","slug":"mi-ra","status":"publish","type":"page","link":"https:\/\/www.comau.com\/it\/competencies\/products-solutions\/mi-ra\/","title":{"rendered":"MI.RA"},"content":{"rendered":"\n<h2 class=\"wp-block-heading\">Una sola potente famiglia<\/h2>\n\n\n\n<p>La nuova famiglia MI.RA (Machine Inspection Recognition Archetypes, archetipi di riconoscimento per l&#8217;ispezione meccanica) di Comau con i suoi sistemi di visione flessibili e hardware-agnostici permette alle aziende di tutte le dimensioni di svolgere compiti di ispezione della qualit\u00e0 e di guida robotica in modo intelligente e facile.<\/p>\n\n\n\n<p>Fornendo flessibilit\u00e0 e innovazione per soddisfare le richieste dei pi\u00f9 impegnativi scenari di produzione odierni, la gamma di prodotti MI.RA garantisce soluzioni modulari, scalabili, stabili e personalizzabili che riducono le spese operative aumentando al contempo la produttivit\u00e0 e le prestazioni. L&#8217;automazione cognitiva non \u00e8 mai stata cos\u00ec facile!<\/p>\n\n\n\n<div style=\"height:30px\" aria-hidden=\"true\" class=\"wp-block-spacer\"><\/div>\n\n\n\n<h2 class=\"wp-block-heading\">Scopri i sistemi di visione Comau<\/h2>\n\n\n\n<div class=\"wp-block-columns columns-bg-dark is-layout-flex wp-container-core-columns-is-layout-9d6595d7 wp-block-columns-is-layout-flex\">\n<div class=\"wp-block-column is-layout-flow wp-block-column-is-layout-flow\">\n<h2 class=\"wp-block-heading\"><strong>MI.RA\/OnePicker<\/strong><\/h2>\n\n\n\n<h3 class=\"wp-block-heading\">Prelievo intelligente di pezzi basato sulla visione<\/h3>\n\n\n\n<p>La potente soluzione di Comau basata sull&#8217;intelligenza artificiale per prelevare autonomamente oggetti generici ed eterogenei, riducendo la necessit\u00e0 di operazioni manuali e ripetitive e aumentando la produttivit\u00e0 complessiva e l&#8217;efficienza dei costi.<\/p>\n\n\n\n<div class=\"wp-block-buttons is-layout-flex wp-block-buttons-is-layout-flex\">\n<div class=\"wp-block-button\"><a class=\"wp-block-button__link wp-element-button\" href=\"https:\/\/www.comau.com\/it\/competencies\/robotics-automation\/prelievo-assistito-da-visione-intelligente\/\" target=\"_blank\" rel=\"noreferrer noopener\">SCOPRI DI PI\u00d9<\/a><\/div>\n<\/div>\n<\/div>\n\n\n\n<div class=\"wp-block-column is-layout-flow wp-block-column-is-layout-flow\">\n<h2 class=\"wp-block-heading\"><strong>MI.RA\/Picker<\/strong><\/h2>\n\n\n\n<h3 class=\"wp-block-heading\">Prelievo automatico dei contenitori basato sulla visione<\/h3>\n\n\n\n<p>Soluzione standard all-in-one di Comau per il prelievo casuale dei contenitori. Progettata per automatizzare l&#8217;attivit\u00e0 di svuotamento dei contenitori pieni di oggetti di tipo singolo, riduce la necessit\u00e0 di operazioni manuali e ripetitive e aumenta la produttivit\u00e0 e l&#8217;efficienza dei costi.<\/p>\n\n\n\n<div class=\"wp-block-buttons is-layout-flex wp-block-buttons-is-layout-flex\">\n<div class=\"wp-block-button\"><a class=\"wp-block-button__link wp-element-button\" href=\"https:\/\/www.comau.com\/it\/competencies\/robotics-automation\/bin-picking\/\" target=\"_blank\" rel=\"noreferrer noopener\">SCOPRI DI PI\u00d9<\/a><\/div>\n<\/div>\n<\/div>\n<\/div>\n\n\n\n<div class=\"wp-block-columns columns-bg-dark is-layout-flex wp-container-core-columns-is-layout-9d6595d7 wp-block-columns-is-layout-flex\">\n<div class=\"wp-block-column is-layout-flow wp-block-column-is-layout-flow\">\n<h2 class=\"wp-block-heading\"><strong><strong><strong>MI.RA\/Depalletizer<\/strong><\/strong><\/strong><\/h2>\n\n\n\n<h3 class=\"wp-block-heading\">Soluzione flessibile basata sull&#8217;intelligenza artificiale per la depalettizzazione<\/h3>\n\n\n\n<p>MI.RA\/Depalletizer automatizza completamente le attivit\u00e0 di depalettizzazione di SKU singole e miste. La soluzione di depalettizzazione automatizzata di Comau utilizza una guida robotica 3D e algoritmi di apprendimento automatico per gestire anche i contenitori pi\u00f9 fragili.<\/p>\n\n\n\n<div class=\"wp-block-buttons is-layout-flex wp-block-buttons-is-layout-flex\">\n<div class=\"wp-block-button\"><a class=\"wp-block-button__link wp-element-button\" href=\"https:\/\/www.comau.com\/en\/competencies\/robotics-automation\/depalletizer\/\" target=\"_blank\" rel=\"noreferrer noopener\">SCOPRI DI PI\u00d9<\/a><\/div>\n<\/div>\n<\/div>\n\n\n\n<div class=\"wp-block-column is-layout-flow wp-block-column-is-layout-flow\">\n<h2 class=\"wp-block-heading\"><strong><strong>MI.RA\/3D<\/strong><\/strong><\/h2>\n\n\n\n<p>La tecnologia completa all-in-one MI.RA\/3D di Comau offre una guida robot 3D senza costose telecamere 3D. La nostra soluzione hardware-agnostica aiuta i robot ad eseguire operazioni di alta precisione utilizzando una telecamera 2D e gli algoritmi avanzati di Comau. Adattando completamente la precisione della guida per soddisfare i requisiti specifici del compito da svolgere, MI.RA\/3D permette ai robot di eseguire compiti difficili in modo pi\u00f9 intelligente, pi\u00f9 veloce e con maggiore precisione.<\/p>\n\n\n\n<div class=\"wp-block-buttons is-layout-flex wp-block-buttons-is-layout-flex\">\n<div class=\"wp-block-button\"><a class=\"wp-block-button__link wp-element-button\" href=\"https:\/\/www.comau.com\/it\/competencies\/robotics-automation\/3d\/\" target=\"_blank\" rel=\"noreferrer noopener\">SCOPRI DI PI\u00d9<\/a><\/div>\n<\/div>\n<\/div>\n<\/div>\n\n\n\n<h2 class=\"wp-block-heading\"><strong>Robotica avanzata umanizzata per test a 360\u00b0<\/strong><\/h2>\n\n\n\n<p>Le prestazioni di un centro di infotainment sono in gran parte determinate dalla qualit\u00e0 della sua progettazione e dall&#8217;efficienza della sua interfaccia uomo-macchina. Per testare entrambi in modo veloce, automatizzato e conveniente, Comau ha umanizzato il suo banco di prova robotico per <em>vedere<\/em> lo schermo, <em>eseguire<\/em> operazioni e <em>reagire<\/em> agli input di immagine, testo e voce, proprio come il conducente.<\/p>\n","protected":false},"excerpt":{"rendered":"<p>Una sola potente famiglia La nuova famiglia MI.RA (Machine Inspection Recognition Archetypes, archetipi di riconoscimento per l&#8217;ispezione meccanica) di Comau con i suoi sistemi di visione flessibili e hardware-agnostici permette alle aziende di tutte le dimensioni di svolgere compiti di ispezione della qualit\u00e0 e di guida robotica in modo intelligente e facile. Fornendo flessibilit\u00e0 e [&hellip;]<\/p>\n","protected":false},"author":7,"featured_media":43923,"parent":65272,"menu_order":0,"comment_status":"closed","ping_status":"closed","template":"","meta":{"_acf_changed":false,"ep_exclude_from_search":false,"footnotes":""},"class_list":["post-43934","page","type-page","status-publish","has-post-thumbnail","hentry"],"acf":[],"yoast_head":"<!-- This site is optimized with the Yoast SEO plugin v26.9 - https:\/\/yoast.com\/product\/yoast-seo-wordpress\/ -->\n<title>Sistemi di Automazione Intelligente: MI.RA | Comau<\/title>\n<meta name=\"description\" content=\"Scopri ora i sistemi Comau di automazione intelligente per ottimizzare i processi: consulta le prestazioni di MI.RA!\" \/>\n<meta name=\"robots\" content=\"index, follow, max-snippet:-1, max-image-preview:large, max-video-preview:-1\" \/>\n<link rel=\"canonical\" href=\"https:\/\/www.comau.com\/it\/competencies\/products-solutions\/mi-ra\/\" \/>\n<meta property=\"og:locale\" content=\"it_IT\" \/>\n<meta property=\"og:type\" content=\"article\" \/>\n<meta property=\"og:title\" content=\"Sistemi di Automazione Intelligente: MI.RA | Comau\" \/>\n<meta property=\"og:description\" content=\"Scopri ora i sistemi Comau di automazione intelligente per ottimizzare i processi: consulta le prestazioni di MI.RA!\" \/>\n<meta property=\"og:url\" content=\"https:\/\/www.comau.com\/it\/competencies\/products-solutions\/mi-ra\/\" \/>\n<meta property=\"og:site_name\" content=\"Comau\" \/>\n<meta property=\"article:publisher\" content=\"https:\/\/www.facebook.com\/COMAU\/\" \/>\n<meta property=\"article:modified_time\" content=\"2024-06-07T09:20:12+00:00\" \/>\n<meta property=\"og:image\" content=\"https:\/\/www.comau.com\/wp-content\/uploads\/2022\/03\/Mira_vision_system.jpg\" \/>\n\t<meta property=\"og:image:width\" content=\"1450\" \/>\n\t<meta property=\"og:image:height\" content=\"450\" \/>\n\t<meta property=\"og:image:type\" content=\"image\/jpeg\" \/>\n<meta name=\"twitter:card\" content=\"summary_large_image\" \/>\n<meta name=\"twitter:site\" content=\"@comaugroup\" \/>\n<meta name=\"twitter:label1\" content=\"Tempo di lettura stimato\" \/>\n\t<meta name=\"twitter:data1\" content=\"3 minuti\" \/>\n<script type=\"application\/ld+json\" class=\"yoast-schema-graph\">{\"@context\":\"https:\/\/schema.org\",\"@graph\":[{\"@type\":\"WebPage\",\"@id\":\"https:\/\/www.comau.com\/it\/competencies\/products-solutions\/mi-ra\/\",\"url\":\"https:\/\/www.comau.com\/it\/competencies\/products-solutions\/mi-ra\/\",\"name\":\"Sistemi di Automazione Intelligente: MI.RA | Comau\",\"isPartOf\":{\"@id\":\"https:\/\/www.comau.com\/it\/#website\"},\"primaryImageOfPage\":{\"@id\":\"https:\/\/www.comau.com\/it\/competencies\/products-solutions\/mi-ra\/#primaryimage\"},\"image\":{\"@id\":\"https:\/\/www.comau.com\/it\/competencies\/products-solutions\/mi-ra\/#primaryimage\"},\"thumbnailUrl\":\"https:\/\/www.comau.com\/wp-content\/uploads\/2022\/03\/Mira_vision_system.jpg\",\"datePublished\":\"2022-03-18T14:43:12+00:00\",\"dateModified\":\"2024-06-07T09:20:12+00:00\",\"description\":\"Scopri ora i sistemi Comau di automazione intelligente per ottimizzare i processi: consulta le prestazioni di MI.RA!\",\"breadcrumb\":{\"@id\":\"https:\/\/www.comau.com\/it\/competencies\/products-solutions\/mi-ra\/#breadcrumb\"},\"inLanguage\":\"it-IT\",\"potentialAction\":[{\"@type\":\"ReadAction\",\"target\":[\"https:\/\/www.comau.com\/it\/competencies\/products-solutions\/mi-ra\/\"]}]},{\"@type\":\"ImageObject\",\"inLanguage\":\"it-IT\",\"@id\":\"https:\/\/www.comau.com\/it\/competencies\/products-solutions\/mi-ra\/#primaryimage\",\"url\":\"https:\/\/www.comau.com\/wp-content\/uploads\/2022\/03\/Mira_vision_system.jpg\",\"contentUrl\":\"https:\/\/www.comau.com\/wp-content\/uploads\/2022\/03\/Mira_vision_system.jpg\",\"width\":1450,\"height\":450},{\"@type\":\"BreadcrumbList\",\"@id\":\"https:\/\/www.comau.com\/it\/competencies\/products-solutions\/mi-ra\/#breadcrumb\",\"itemListElement\":[{\"@type\":\"ListItem\",\"position\":1,\"name\":\"Home\",\"item\":\"https:\/\/www.comau.com\/it\/\"},{\"@type\":\"ListItem\",\"position\":2,\"name\":\"Le Nostre Competenze\",\"item\":\"https:\/\/www.comau.com\/it\/competencies\/\"},{\"@type\":\"ListItem\",\"position\":3,\"name\":\"Robotics &amp; Automation\",\"item\":\"https:\/\/www.comau.com\/it\/competencies\/robotics-automation\/\"},{\"@type\":\"ListItem\",\"position\":4,\"name\":\"MI.RA\"}]},{\"@type\":\"WebSite\",\"@id\":\"https:\/\/www.comau.com\/it\/#website\",\"url\":\"https:\/\/www.comau.com\/it\/\",\"name\":\"Comau\",\"description\":\"Industrial automation and robotics\",\"publisher\":{\"@id\":\"https:\/\/www.comau.com\/it\/#organization\"},\"potentialAction\":[{\"@type\":\"SearchAction\",\"target\":{\"@type\":\"EntryPoint\",\"urlTemplate\":\"https:\/\/www.comau.com\/it\/?s={search_term_string}\"},\"query-input\":{\"@type\":\"PropertyValueSpecification\",\"valueRequired\":true,\"valueName\":\"search_term_string\"}}],\"inLanguage\":\"it-IT\"},{\"@type\":\"Organization\",\"@id\":\"https:\/\/www.comau.com\/it\/#organization\",\"name\":\"Comau\",\"url\":\"https:\/\/www.comau.com\/it\/\",\"logo\":{\"@type\":\"ImageObject\",\"inLanguage\":\"it-IT\",\"@id\":\"https:\/\/www.comau.com\/it\/#\/schema\/logo\/image\/\",\"url\":\"https:\/\/www.comau.com\/wp-content\/uploads\/2024\/07\/cropped-Logo-COMAU.png\",\"contentUrl\":\"https:\/\/www.comau.com\/wp-content\/uploads\/2024\/07\/cropped-Logo-COMAU.png\",\"width\":434,\"height\":434,\"caption\":\"Comau\"},\"image\":{\"@id\":\"https:\/\/www.comau.com\/it\/#\/schema\/logo\/image\/\"},\"sameAs\":[\"https:\/\/www.facebook.com\/COMAU\/\",\"https:\/\/x.com\/comaugroup\",\"https:\/\/www.instagram.com\/comaugroup\/\",\"https:\/\/www.linkedin.com\/company\/comau\",\"https:\/\/www.youtube.com\/user\/comau\"]}]}<\/script>\n<!-- \/ Yoast SEO plugin. -->","yoast_head_json":{"title":"Sistemi di Automazione Intelligente: MI.RA | Comau","description":"Scopri ora i sistemi Comau di automazione intelligente per ottimizzare i processi: consulta le prestazioni di MI.RA!","robots":{"index":"index","follow":"follow","max-snippet":"max-snippet:-1","max-image-preview":"max-image-preview:large","max-video-preview":"max-video-preview:-1"},"canonical":"https:\/\/www.comau.com\/it\/competencies\/products-solutions\/mi-ra\/","og_locale":"it_IT","og_type":"article","og_title":"Sistemi di Automazione Intelligente: MI.RA | Comau","og_description":"Scopri ora i sistemi Comau di automazione intelligente per ottimizzare i processi: consulta le prestazioni di MI.RA!","og_url":"https:\/\/www.comau.com\/it\/competencies\/products-solutions\/mi-ra\/","og_site_name":"Comau","article_publisher":"https:\/\/www.facebook.com\/COMAU\/","article_modified_time":"2024-06-07T09:20:12+00:00","og_image":[{"width":1450,"height":450,"url":"https:\/\/www.comau.com\/wp-content\/uploads\/2022\/03\/Mira_vision_system.jpg","type":"image\/jpeg"}],"twitter_card":"summary_large_image","twitter_site":"@comaugroup","twitter_misc":{"Tempo di lettura stimato":"3 minuti"},"schema":{"@context":"https:\/\/schema.org","@graph":[{"@type":"WebPage","@id":"https:\/\/www.comau.com\/it\/competencies\/products-solutions\/mi-ra\/","url":"https:\/\/www.comau.com\/it\/competencies\/products-solutions\/mi-ra\/","name":"Sistemi di Automazione Intelligente: MI.RA | Comau","isPartOf":{"@id":"https:\/\/www.comau.com\/it\/#website"},"primaryImageOfPage":{"@id":"https:\/\/www.comau.com\/it\/competencies\/products-solutions\/mi-ra\/#primaryimage"},"image":{"@id":"https:\/\/www.comau.com\/it\/competencies\/products-solutions\/mi-ra\/#primaryimage"},"thumbnailUrl":"https:\/\/www.comau.com\/wp-content\/uploads\/2022\/03\/Mira_vision_system.jpg","datePublished":"2022-03-18T14:43:12+00:00","dateModified":"2024-06-07T09:20:12+00:00","description":"Scopri ora i sistemi Comau di automazione intelligente per ottimizzare i processi: consulta le prestazioni di MI.RA!","breadcrumb":{"@id":"https:\/\/www.comau.com\/it\/competencies\/products-solutions\/mi-ra\/#breadcrumb"},"inLanguage":"it-IT","potentialAction":[{"@type":"ReadAction","target":["https:\/\/www.comau.com\/it\/competencies\/products-solutions\/mi-ra\/"]}]},{"@type":"ImageObject","inLanguage":"it-IT","@id":"https:\/\/www.comau.com\/it\/competencies\/products-solutions\/mi-ra\/#primaryimage","url":"https:\/\/www.comau.com\/wp-content\/uploads\/2022\/03\/Mira_vision_system.jpg","contentUrl":"https:\/\/www.comau.com\/wp-content\/uploads\/2022\/03\/Mira_vision_system.jpg","width":1450,"height":450},{"@type":"BreadcrumbList","@id":"https:\/\/www.comau.com\/it\/competencies\/products-solutions\/mi-ra\/#breadcrumb","itemListElement":[{"@type":"ListItem","position":1,"name":"Home","item":"https:\/\/www.comau.com\/it\/"},{"@type":"ListItem","position":2,"name":"Le Nostre Competenze","item":"https:\/\/www.comau.com\/it\/competencies\/"},{"@type":"ListItem","position":3,"name":"Robotics &amp; Automation","item":"https:\/\/www.comau.com\/it\/competencies\/robotics-automation\/"},{"@type":"ListItem","position":4,"name":"MI.RA"}]},{"@type":"WebSite","@id":"https:\/\/www.comau.com\/it\/#website","url":"https:\/\/www.comau.com\/it\/","name":"Comau","description":"Industrial automation and robotics","publisher":{"@id":"https:\/\/www.comau.com\/it\/#organization"},"potentialAction":[{"@type":"SearchAction","target":{"@type":"EntryPoint","urlTemplate":"https:\/\/www.comau.com\/it\/?s={search_term_string}"},"query-input":{"@type":"PropertyValueSpecification","valueRequired":true,"valueName":"search_term_string"}}],"inLanguage":"it-IT"},{"@type":"Organization","@id":"https:\/\/www.comau.com\/it\/#organization","name":"Comau","url":"https:\/\/www.comau.com\/it\/","logo":{"@type":"ImageObject","inLanguage":"it-IT","@id":"https:\/\/www.comau.com\/it\/#\/schema\/logo\/image\/","url":"https:\/\/www.comau.com\/wp-content\/uploads\/2024\/07\/cropped-Logo-COMAU.png","contentUrl":"https:\/\/www.comau.com\/wp-content\/uploads\/2024\/07\/cropped-Logo-COMAU.png","width":434,"height":434,"caption":"Comau"},"image":{"@id":"https:\/\/www.comau.com\/it\/#\/schema\/logo\/image\/"},"sameAs":["https:\/\/www.facebook.com\/COMAU\/","https:\/\/x.com\/comaugroup","https:\/\/www.instagram.com\/comaugroup\/","https:\/\/www.linkedin.com\/company\/comau","https:\/\/www.youtube.com\/user\/comau"]}]}},"_links":{"self":[{"href":"https:\/\/www.comau.com\/it\/wp-json\/wp\/v2\/pages\/43934","targetHints":{"allow":["GET"]}}],"collection":[{"href":"https:\/\/www.comau.com\/it\/wp-json\/wp\/v2\/pages"}],"about":[{"href":"https:\/\/www.comau.com\/it\/wp-json\/wp\/v2\/types\/page"}],"author":[{"embeddable":true,"href":"https:\/\/www.comau.com\/it\/wp-json\/wp\/v2\/users\/7"}],"replies":[{"embeddable":true,"href":"https:\/\/www.comau.com\/it\/wp-json\/wp\/v2\/comments?post=43934"}],"version-history":[{"count":18,"href":"https:\/\/www.comau.com\/it\/wp-json\/wp\/v2\/pages\/43934\/revisions"}],"predecessor-version":[{"id":64294,"href":"https:\/\/www.comau.com\/it\/wp-json\/wp\/v2\/pages\/43934\/revisions\/64294"}],"up":[{"embeddable":true,"href":"https:\/\/www.comau.com\/it\/wp-json\/wp\/v2\/pages\/65272"}],"wp:featuredmedia":[{"embeddable":true,"href":"https:\/\/www.comau.com\/it\/wp-json\/wp\/v2\/media\/43923"}],"wp:attachment":[{"href":"https:\/\/www.comau.com\/it\/wp-json\/wp\/v2\/media?parent=43934"}],"curies":[{"name":"wp","href":"https:\/\/api.w.org\/{rel}","templated":true}]}}