{"id":43247,"date":"2022-02-24T00:05:12","date_gmt":"2022-02-23T23:05:12","guid":{"rendered":"https:\/\/www.comau.com\/?page_id=43247"},"modified":"2025-04-01T07:13:30","modified_gmt":"2025-04-01T05:13:30","slug":"sustainability","status":"publish","type":"page","link":"https:\/\/www.comau.com\/it\/about-us\/sustainability\/","title":{"rendered":"Sostenibilit\u00e0"},"content":{"rendered":"\n<p>Raggiungere la vera sostenibilit\u00e0 \u00e8 sicuramente una delle maggiori sfide per l&#8217;industria del 21\u00b0 secolo. Tutto \u00e8 connesso. Le buone pratiche commerciali di un&#8217;azienda non riguardano solo i suoi dipendenti, fornitori e clienti, ma anche la natura e la societ\u00e0. Comau ne \u00e8 ben consapevole ed \u00e8 per questo che l\u2019impegno dell\u2019azienda per la sostenibilit\u00e0 \u00e8 cos\u00ec approfondito, abbracciando ampie questioni strategiche nel perseguimento di questo obiettivo.<\/p>\n\n\n\n<p>Sebbene temi come la diversit\u00e0 e l&#8217;inclusione, l&#8217;uso responsabile delle risorse e la riduzione delle emissioni di carbonio, la salute e sicurezza sul lavoro e le procedure di acquisizione responsabili possano sembrare non collegati fra loro, si tratta di elementi cruciali per una transizione riuscita verso un futuro pi\u00f9 verde e pi\u00f9 autosufficiente.<\/p>\n\n\n\n<p>La continua spinta all&#8217;innovazione di Comau ha naturalmente condotto l\u2019azienda ad adottare e creare soluzioni e tecnologie sostenibili, sia per le proprie attivit\u00e0 che per quelle dei propri clienti. Lavoriamo per aiutare l&#8217;industria e la societ\u00e0 in vari progetti in quattro aree specifiche.<\/p>\n\n\n\n<div class=\"wp-block-columns is-layout-flex wp-container-core-columns-is-layout-9d6595d7 wp-block-columns-is-layout-flex\">\n<div class=\"wp-block-column is-layout-flow wp-block-column-is-layout-flow\">\n<figure class=\"wp-block-image size-full\"><img decoding=\"async\" width=\"540\" height=\"450\" src=\"https:\/\/www.comau.com\/wp-content\/uploads\/2022\/02\/Box-Environmental-ITA.jpg\" alt=\"\" class=\"wp-image-43176\" srcset=\"https:\/\/www.comau.com\/wp-content\/uploads\/2022\/02\/Box-Environmental-ITA.jpg 540w, https:\/\/www.comau.com\/wp-content\/uploads\/2022\/02\/Box-Environmental-ITA-300x250.jpg 300w\" sizes=\"(max-width: 540px) 100vw, 540px\" \/><\/figure>\n\n\n\n<p>Un futuro sostenibile \u00e8 possibile solo quando si intraprendono azioni concrete. Ecco perch\u00e9 Comau \u00e8 ferma nella riduzione delle emissioni di GHG, minimizzando i consumi di energia e acqua e integrando le proprie attivit\u00e0 nell&#8217;economia circolare. Non solo, l&#8217;azienda \u00e8 anche partner attivo di numerosi progetti europei e internazionali volti ad accelerare l&#8217;adozione diffusa di tecnologie e processi produttivi pi\u00f9 rispettosi dell&#8217;ambiente.<\/p>\n<\/div>\n\n\n\n<div class=\"wp-block-column is-layout-flow wp-block-column-is-layout-flow\">\n<figure class=\"wp-block-image size-full\"><img decoding=\"async\" width=\"540\" height=\"450\" src=\"https:\/\/www.comau.com\/wp-content\/uploads\/2022\/02\/Box-Social-ITA.jpg\" alt=\"\" class=\"wp-image-43182\" srcset=\"https:\/\/www.comau.com\/wp-content\/uploads\/2022\/02\/Box-Social-ITA.jpg 540w, https:\/\/www.comau.com\/wp-content\/uploads\/2022\/02\/Box-Social-ITA-300x250.jpg 300w\" sizes=\"(max-width: 540px) 100vw, 540px\" \/><\/figure>\n\n\n\n<p>Creare un ambiente di lavoro equo, inclusivo e sicuro, in cui la salute sul lavoro \u00e8 garantita, la diversit\u00e0 \u00e8 valorizzata, i diritti umani e le normative ambientali sono rispettati, \u00e8 essenziale per attrarre i migliori talenti, promuovere l&#8217;innovazione e portare progresso nella societ\u00e0. Garantire il benessere dei lavoratori \u00e8 il primo passo per costruire un domani migliore e sostenibile sia per le industrie che per la comunit\u00e0. Per questo motivo, e in coerenza con i nostri valori fondamentali, Comau assume un ruolo attivo nel sostenere numerose cause sociali in tutto il mondo.<\/p>\n<\/div>\n<\/div>\n\n\n\n<div class=\"wp-block-columns is-layout-flex wp-container-core-columns-is-layout-9d6595d7 wp-block-columns-is-layout-flex\">\n<div class=\"wp-block-column is-layout-flow wp-block-column-is-layout-flow\">\n<figure class=\"wp-block-image size-full\"><img decoding=\"async\" width=\"540\" height=\"450\" src=\"https:\/\/www.comau.com\/wp-content\/uploads\/2022\/02\/Box-Product-ITA.jpg\" alt=\"\" class=\"wp-image-43188\" srcset=\"https:\/\/www.comau.com\/wp-content\/uploads\/2022\/02\/Box-Product-ITA.jpg 540w, https:\/\/www.comau.com\/wp-content\/uploads\/2022\/02\/Box-Product-ITA-300x250.jpg 300w\" sizes=\"(max-width: 540px) 100vw, 540px\" \/><\/figure>\n\n\n\n<p>L&#8217;innovazione \u00e8 fondamentale per raggiungere la sostenibilit\u00e0. La continua ricerca su nuovi processi di produzione e innovazioni tecnologiche come la digitalizzazione consente a Comau di sviluppare prodotti pi\u00f9 efficienti dal punto di vista energetico che richiedono meno risorse e possono essere pi\u00f9 facili da riciclare. Offrendo servizi migliori, aiutiamo le aziende a diventare pi\u00f9 produttive riducendo le emissioni di gas, consumando meno acqua e utilizzando i materiali in modo responsabile.<\/p>\n\n\n\n<p>Collaboriamo a numerosi progetti di ricerca e sviluppo dell&#8217;UE e internazionali che cercano di supportare le industrie nella transizione verso un approccio pi\u00f9 sostenibile con soluzioni rivoluzionarie.<\/p>\n<\/div>\n\n\n\n<div class=\"wp-block-column is-layout-flow wp-block-column-is-layout-flow\">\n<figure class=\"wp-block-image size-full\"><img decoding=\"async\" width=\"540\" height=\"450\" src=\"https:\/\/www.comau.com\/wp-content\/uploads\/2022\/02\/Box-Governance-ITA.jpg\" alt=\"\" class=\"wp-image-43194\" srcset=\"https:\/\/www.comau.com\/wp-content\/uploads\/2022\/02\/Box-Governance-ITA.jpg 540w, https:\/\/www.comau.com\/wp-content\/uploads\/2022\/02\/Box-Governance-ITA-300x250.jpg 300w\" sizes=\"(max-width: 540px) 100vw, 540px\" \/><\/figure>\n\n\n\n<p>Solo con pratiche etiche, trasparenti e responsabili possiamo crescere in modo sostenibile. Integrando la sostenibilit\u00e0 nel suo modello di governance, Comau si impegna a impegnarsi in pratiche di approvvigionamento pi\u00f9 responsabili, a dare la massima importanza alla protezione dei dati dei propri clienti e ad essere aperta a dialogare con gli stakeholder e la comunit\u00e0 sulle operazioni condotte dall\u2019azienda.<\/p>\n<\/div>\n<\/div>\n\n\n\n<div class=\"wp-block-group wide-section-light-1\"><div class=\"wp-block-group__inner-container is-layout-constrained wp-block-group-is-layout-constrained\">\n<div class=\"wp-block-getwid-advanced-spacer\" style=\"height:75px\" aria-hidden=\"true\"><\/div>\n\n\n\n<h2 class=\"wp-block-heading has-text-color has-link-color wp-elements-4e2872582a8734d5b9e3eb678d316209\" style=\"color:#0046ad\">La nostra nuova policy DEI<\/h2>\n\n\n\n<h3 class=\"wp-block-heading\" style=\"font-style:normal;font-weight:100\">Un impegno per la Diversit\u00e0, l&#8217; Equit\u00e0 e l&#8217; Inclusione<\/h3>\n\n\n\n<div class=\"wp-block-getwid-advanced-spacer\" style=\"height:25px\" aria-hidden=\"true\"><\/div>\n\n\n\n<p>Siamo lieti di condividere la nostra nuova&nbsp;policy&nbsp;DEI&nbsp;(Diversit\u00e0, Equit\u00e0 e Inclusione), che rafforza il nostro impegno a <strong>promuovere un ambiente di lavoro diversificato, equo e inclusivo<\/strong>.<\/p>\n\n\n\n<p>Questa&nbsp;policy&nbsp;guida i nostri sforzi per <strong>creare un&nbsp;contesto&nbsp;accogliente e rispettoso in cui ogni dipendente si senta valorizzato<\/strong> e abbia l\u2019opportunit\u00e0 di&nbsp;crescere professionalmente e umanamente. Cliccate sul pulsante qui sotto per saperne di pi\u00f9 sul nostro impegno nei confronti della DEI e su come lo stiamo mettendo in pratica.<\/p>\n\n\n\n<div class=\"wp-block-buttons is-layout-flex wp-block-buttons-is-layout-flex\">\n<div class=\"wp-block-button\"><a class=\"wp-block-button__link wp-element-button\" href=\"https:\/\/www.comau.com\/wp-content\/uploads\/2024\/10\/Comau_Policy_-DEI_ITA.pdf\" target=\"_blank\" rel=\"noreferrer noopener\">Policy DEI<\/a><\/div>\n<\/div>\n\n\n\n<div class=\"wp-block-getwid-advanced-spacer\" style=\"height:50px\" aria-hidden=\"true\"><\/div>\n<\/div><\/div>\n\n\n\n<div class=\"wp-block-getwid-advanced-spacer\" style=\"height:25px\" aria-hidden=\"true\"><\/div>\n\n\n\n<div class=\"wp-block-group\"><div class=\"wp-block-group__inner-container is-layout-constrained wp-block-group-is-layout-constrained\">\n<h2 class=\"wp-block-heading has-text-color has-link-color wp-elements-c5a8e3c1a3b801b13be804e10741f1fb\" style=\"color:#0046ad\">I nostri progetti: Raggiungere la sostenibilit\u00e0 in aree diverse<\/h2>\n\n\n\n<div class=\"wp-block-columns is-layout-flex wp-container-core-columns-is-layout-9d6595d7 wp-block-columns-is-layout-flex\">\n<div class=\"wp-block-column is-layout-flow wp-block-column-is-layout-flow\">\n<h3 class=\"wp-block-heading\"><strong>Donne nell\u2019Ingegneria &#8211; UK<\/strong><\/h3>\n\n\n\n<figure class=\"wp-block-image size-full\"><img decoding=\"async\" width=\"541\" height=\"360\" src=\"https:\/\/www.comau.com\/wp-content\/uploads\/2022\/02\/Project-Social_Women-in-EngineeringITA.jpg\" alt=\"\" class=\"wp-image-43218\" srcset=\"https:\/\/www.comau.com\/wp-content\/uploads\/2022\/02\/Project-Social_Women-in-EngineeringITA.jpg 541w, https:\/\/www.comau.com\/wp-content\/uploads\/2022\/02\/Project-Social_Women-in-EngineeringITA-300x200.jpg 300w\" sizes=\"(max-width: 541px) 100vw, 541px\" \/><\/figure>\n\n\n\n<p>Molti dipendenti di Comau UK sono stati attivamente coinvolti in questa iniziativa per favorire la partecipazione delle donne alle STEM con diverse attivit\u00e0 nelle scuole e nei college locali. Alcuni di questi includono la sponsorizzazione di un team di sole ragazze per il campionato nazionale Vex Robotics e i discorsi scolastici dei nostri dipendenti per ispirare le future donne ingegneri ed eliminare lo stereotipo secondo cui le STEM sono un campo solo per uomini.<\/p>\n<\/div>\n\n\n\n<div class=\"wp-block-column is-layout-flow wp-block-column-is-layout-flow\">\n<h3 class=\"wp-block-heading\"><strong>Donne nell&#8217;automazione &#8211; Messico<\/strong><\/h3>\n\n\n\n<figure class=\"wp-block-image size-full\"><img decoding=\"async\" width=\"541\" height=\"360\" src=\"https:\/\/www.comau.com\/wp-content\/uploads\/2022\/02\/Project-Social_Women-in-AutomationITA.jpg\" alt=\"\" class=\"wp-image-43206\" srcset=\"https:\/\/www.comau.com\/wp-content\/uploads\/2022\/02\/Project-Social_Women-in-AutomationITA.jpg 541w, https:\/\/www.comau.com\/wp-content\/uploads\/2022\/02\/Project-Social_Women-in-AutomationITA-300x200.jpg 300w\" sizes=\"(max-width: 541px) 100vw, 541px\" \/><\/figure>\n\n\n\n<p>Una serie di progetti speciali che riuniscono tutte le dipendenti donne del Nord America per migliorare l&#8217;azienda con un approccio pi\u00f9 inclusivo al reclutamento e alla collaborazione con le istituzioni di beneficenza.<\/p>\n<\/div>\n<\/div>\n<\/div><\/div>\n\n\n\n<div class=\"wp-block-columns is-layout-flex wp-container-core-columns-is-layout-9d6595d7 wp-block-columns-is-layout-flex\">\n<div class=\"wp-block-column is-layout-flow wp-block-column-is-layout-flow\">\n<h3 class=\"wp-block-heading\"><strong><strong>Programmi di apprendistato e inclusione &#8211; Brasile<\/strong><\/strong><\/h3>\n\n\n\n<figure class=\"wp-block-image size-full\"><img decoding=\"async\" width=\"541\" height=\"360\" src=\"https:\/\/www.comau.com\/wp-content\/uploads\/2022\/02\/Project-Social_BRAZILITA.jpg\" alt=\"\" class=\"wp-image-43212\" srcset=\"https:\/\/www.comau.com\/wp-content\/uploads\/2022\/02\/Project-Social_BRAZILITA.jpg 541w, https:\/\/www.comau.com\/wp-content\/uploads\/2022\/02\/Project-Social_BRAZILITA-300x200.jpg 300w\" sizes=\"(max-width: 541px) 100vw, 541px\" \/><\/figure>\n\n\n\n<p>Comau ha lanciato queste iniziative locali per formare giovani (14-18 anni) provenienti da zone a basso reddito e assumere persone con disabilit\u00e0. Il primo programma ha cercato di aiutare gli adolescenti coinvolti a essere meglio preparati per l&#8217;inizio della loro carriera professionale, lavorando e imparando presso la sede di Comau dopo la scuola. L&#8217;altro programma aveva lo scopo di assumere persone con disabilit\u00e0 e insegnare ai manager a promuovere meglio la diversit\u00e0 sul posto di lavoro. Ad oggi, Comau Brasile ha impiegato 56 apprendisti e assunto 43 persone con disabilit\u00e0, oltre ad aggiungere date al nostro calendario di comunicazione locale che celebra la diversit\u00e0 e l&#8217;inclusivit\u00e0.<\/p>\n<\/div>\n\n\n\n<div class=\"wp-block-column is-layout-flow wp-block-column-is-layout-flow\">\n<h3 class=\"wp-block-heading\"><strong>STEM By Women \u2013 Italia<\/strong><\/h3>\n\n\n\n<figure class=\"wp-block-image size-full\"><img decoding=\"async\" width=\"541\" height=\"360\" src=\"https:\/\/www.comau.com\/wp-content\/uploads\/2022\/02\/Project-Social_STEM-By-WomenITA.jpg\" alt=\"\" class=\"wp-image-43224\" srcset=\"https:\/\/www.comau.com\/wp-content\/uploads\/2022\/02\/Project-Social_STEM-By-WomenITA.jpg 541w, https:\/\/www.comau.com\/wp-content\/uploads\/2022\/02\/Project-Social_STEM-By-WomenITA-300x200.jpg 300w\" sizes=\"(max-width: 541px) 100vw, 541px\" \/><\/figure>\n\n\n\n<p>Comau ha collaborato a numerose iniziative guidate dall&#8217;Associazione STEM By Women, che promuove l&#8217;istruzione, le carriere e le opportunit\u00e0 STEM per le donne in collaborazione con aziende private, scuole e Universit\u00e0. Alcuni degli esempi pi\u00f9 degni di nota sono stati la partecipazione di  due nostre dipendenti in ruoli chiave dell\u2019azienda in qualit\u00e0 di testimonial interni.<\/p>\n<\/div>\n<\/div>\n\n\n\n<div class=\"wp-block-columns is-layout-flex wp-container-core-columns-is-layout-9d6595d7 wp-block-columns-is-layout-flex\">\n<div class=\"wp-block-column is-layout-flow wp-block-column-is-layout-flow\"><\/div>\n<\/div>\n\n\n\n<p><\/p>\n","protected":false},"excerpt":{"rendered":"<p>Raggiungere la vera sostenibilit\u00e0 \u00e8 sicuramente una delle maggiori sfide per l&#8217;industria del 21\u00b0 secolo. Tutto \u00e8 connesso. Le buone pratiche commerciali di un&#8217;azienda non riguardano solo i suoi dipendenti, fornitori e clienti, ma anche la natura e la societ\u00e0. Comau ne \u00e8 ben consapevole ed \u00e8 per questo che l\u2019impegno dell\u2019azienda per la sostenibilit\u00e0 [&hellip;]<\/p>\n","protected":false},"author":11,"featured_media":43230,"parent":3681,"menu_order":5,"comment_status":"closed","ping_status":"closed","template":"","meta":{"_acf_changed":false,"ep_exclude_from_search":false,"footnotes":""},"class_list":["post-43247","page","type-page","status-publish","has-post-thumbnail","hentry"],"acf":[],"yoast_head":"<!-- This site is optimized with the Yoast SEO plugin v26.9 - https:\/\/yoast.com\/product\/yoast-seo-wordpress\/ -->\n<title>L&#039;Innovazione per un Futuro Sostenibile | Comau<\/title>\n<meta name=\"description\" content=\"Scopri la filosofia di Comau per raggiungere una innovazione efficiente e un futuro sostenibile.\" \/>\n<meta name=\"robots\" content=\"index, follow, max-snippet:-1, max-image-preview:large, max-video-preview:-1\" \/>\n<link rel=\"canonical\" href=\"https:\/\/www.comau.com\/it\/about-us\/sustainability\/\" \/>\n<meta property=\"og:locale\" content=\"it_IT\" \/>\n<meta property=\"og:type\" content=\"article\" \/>\n<meta property=\"og:title\" content=\"L&#039;Innovazione per un Futuro Sostenibile | Comau\" \/>\n<meta property=\"og:description\" content=\"Scopri la filosofia di Comau per raggiungere una innovazione efficiente e un futuro sostenibile.\" \/>\n<meta property=\"og:url\" content=\"https:\/\/www.comau.com\/it\/about-us\/sustainability\/\" \/>\n<meta property=\"og:site_name\" content=\"Comau\" \/>\n<meta property=\"article:publisher\" content=\"https:\/\/www.facebook.com\/COMAU\/\" \/>\n<meta property=\"article:modified_time\" content=\"2025-04-01T05:13:30+00:00\" \/>\n<meta property=\"og:image\" content=\"https:\/\/www.comau.com\/wp-content\/uploads\/2022\/02\/Sustainability_HERO.jpg\" \/>\n\t<meta property=\"og:image:width\" content=\"1450\" \/>\n\t<meta property=\"og:image:height\" content=\"450\" \/>\n\t<meta property=\"og:image:type\" content=\"image\/jpeg\" \/>\n<meta name=\"twitter:card\" content=\"summary_large_image\" \/>\n<meta name=\"twitter:site\" content=\"@comaugroup\" \/>\n<meta name=\"twitter:label1\" content=\"Tempo di lettura stimato\" \/>\n\t<meta name=\"twitter:data1\" content=\"6 minuti\" \/>\n<script type=\"application\/ld+json\" class=\"yoast-schema-graph\">{\"@context\":\"https:\/\/schema.org\",\"@graph\":[{\"@type\":\"WebPage\",\"@id\":\"https:\/\/www.comau.com\/it\/about-us\/sustainability\/\",\"url\":\"https:\/\/www.comau.com\/it\/about-us\/sustainability\/\",\"name\":\"L'Innovazione per un Futuro Sostenibile | Comau\",\"isPartOf\":{\"@id\":\"https:\/\/www.comau.com\/it\/#website\"},\"primaryImageOfPage\":{\"@id\":\"https:\/\/www.comau.com\/it\/about-us\/sustainability\/#primaryimage\"},\"image\":{\"@id\":\"https:\/\/www.comau.com\/it\/about-us\/sustainability\/#primaryimage\"},\"thumbnailUrl\":\"https:\/\/www.comau.com\/wp-content\/uploads\/2022\/02\/Sustainability_HERO.jpg\",\"datePublished\":\"2022-02-23T23:05:12+00:00\",\"dateModified\":\"2025-04-01T05:13:30+00:00\",\"description\":\"Scopri la filosofia di Comau per raggiungere una innovazione efficiente e un futuro sostenibile.\",\"breadcrumb\":{\"@id\":\"https:\/\/www.comau.com\/it\/about-us\/sustainability\/#breadcrumb\"},\"inLanguage\":\"it-IT\",\"potentialAction\":[{\"@type\":\"ReadAction\",\"target\":[\"https:\/\/www.comau.com\/it\/about-us\/sustainability\/\"]}]},{\"@type\":\"ImageObject\",\"inLanguage\":\"it-IT\",\"@id\":\"https:\/\/www.comau.com\/it\/about-us\/sustainability\/#primaryimage\",\"url\":\"https:\/\/www.comau.com\/wp-content\/uploads\/2022\/02\/Sustainability_HERO.jpg\",\"contentUrl\":\"https:\/\/www.comau.com\/wp-content\/uploads\/2022\/02\/Sustainability_HERO.jpg\",\"width\":1450,\"height\":450},{\"@type\":\"BreadcrumbList\",\"@id\":\"https:\/\/www.comau.com\/it\/about-us\/sustainability\/#breadcrumb\",\"itemListElement\":[{\"@type\":\"ListItem\",\"position\":1,\"name\":\"Home\",\"item\":\"https:\/\/www.comau.com\/it\/\"},{\"@type\":\"ListItem\",\"position\":2,\"name\":\"Questa \u00e8 Comau\",\"item\":\"https:\/\/www.comau.com\/it\/about-us\/\"},{\"@type\":\"ListItem\",\"position\":3,\"name\":\"Sostenibilit\u00e0\"}]},{\"@type\":\"WebSite\",\"@id\":\"https:\/\/www.comau.com\/it\/#website\",\"url\":\"https:\/\/www.comau.com\/it\/\",\"name\":\"Comau\",\"description\":\"Industrial automation and robotics\",\"publisher\":{\"@id\":\"https:\/\/www.comau.com\/it\/#organization\"},\"potentialAction\":[{\"@type\":\"SearchAction\",\"target\":{\"@type\":\"EntryPoint\",\"urlTemplate\":\"https:\/\/www.comau.com\/it\/?s={search_term_string}\"},\"query-input\":{\"@type\":\"PropertyValueSpecification\",\"valueRequired\":true,\"valueName\":\"search_term_string\"}}],\"inLanguage\":\"it-IT\"},{\"@type\":\"Organization\",\"@id\":\"https:\/\/www.comau.com\/it\/#organization\",\"name\":\"Comau\",\"url\":\"https:\/\/www.comau.com\/it\/\",\"logo\":{\"@type\":\"ImageObject\",\"inLanguage\":\"it-IT\",\"@id\":\"https:\/\/www.comau.com\/it\/#\/schema\/logo\/image\/\",\"url\":\"https:\/\/www.comau.com\/wp-content\/uploads\/2024\/07\/cropped-Logo-COMAU.png\",\"contentUrl\":\"https:\/\/www.comau.com\/wp-content\/uploads\/2024\/07\/cropped-Logo-COMAU.png\",\"width\":434,\"height\":434,\"caption\":\"Comau\"},\"image\":{\"@id\":\"https:\/\/www.comau.com\/it\/#\/schema\/logo\/image\/\"},\"sameAs\":[\"https:\/\/www.facebook.com\/COMAU\/\",\"https:\/\/x.com\/comaugroup\",\"https:\/\/www.instagram.com\/comaugroup\/\",\"https:\/\/www.linkedin.com\/company\/comau\",\"https:\/\/www.youtube.com\/user\/comau\"]}]}<\/script>\n<!-- \/ Yoast SEO plugin. -->","yoast_head_json":{"title":"L'Innovazione per un Futuro Sostenibile | Comau","description":"Scopri la filosofia di Comau per raggiungere una innovazione efficiente e un futuro sostenibile.","robots":{"index":"index","follow":"follow","max-snippet":"max-snippet:-1","max-image-preview":"max-image-preview:large","max-video-preview":"max-video-preview:-1"},"canonical":"https:\/\/www.comau.com\/it\/about-us\/sustainability\/","og_locale":"it_IT","og_type":"article","og_title":"L'Innovazione per un Futuro Sostenibile | Comau","og_description":"Scopri la filosofia di Comau per raggiungere una innovazione efficiente e un futuro sostenibile.","og_url":"https:\/\/www.comau.com\/it\/about-us\/sustainability\/","og_site_name":"Comau","article_publisher":"https:\/\/www.facebook.com\/COMAU\/","article_modified_time":"2025-04-01T05:13:30+00:00","og_image":[{"width":1450,"height":450,"url":"https:\/\/www.comau.com\/wp-content\/uploads\/2022\/02\/Sustainability_HERO.jpg","type":"image\/jpeg"}],"twitter_card":"summary_large_image","twitter_site":"@comaugroup","twitter_misc":{"Tempo di lettura stimato":"6 minuti"},"schema":{"@context":"https:\/\/schema.org","@graph":[{"@type":"WebPage","@id":"https:\/\/www.comau.com\/it\/about-us\/sustainability\/","url":"https:\/\/www.comau.com\/it\/about-us\/sustainability\/","name":"L'Innovazione per un Futuro Sostenibile | Comau","isPartOf":{"@id":"https:\/\/www.comau.com\/it\/#website"},"primaryImageOfPage":{"@id":"https:\/\/www.comau.com\/it\/about-us\/sustainability\/#primaryimage"},"image":{"@id":"https:\/\/www.comau.com\/it\/about-us\/sustainability\/#primaryimage"},"thumbnailUrl":"https:\/\/www.comau.com\/wp-content\/uploads\/2022\/02\/Sustainability_HERO.jpg","datePublished":"2022-02-23T23:05:12+00:00","dateModified":"2025-04-01T05:13:30+00:00","description":"Scopri la filosofia di Comau per raggiungere una innovazione efficiente e un futuro sostenibile.","breadcrumb":{"@id":"https:\/\/www.comau.com\/it\/about-us\/sustainability\/#breadcrumb"},"inLanguage":"it-IT","potentialAction":[{"@type":"ReadAction","target":["https:\/\/www.comau.com\/it\/about-us\/sustainability\/"]}]},{"@type":"ImageObject","inLanguage":"it-IT","@id":"https:\/\/www.comau.com\/it\/about-us\/sustainability\/#primaryimage","url":"https:\/\/www.comau.com\/wp-content\/uploads\/2022\/02\/Sustainability_HERO.jpg","contentUrl":"https:\/\/www.comau.com\/wp-content\/uploads\/2022\/02\/Sustainability_HERO.jpg","width":1450,"height":450},{"@type":"BreadcrumbList","@id":"https:\/\/www.comau.com\/it\/about-us\/sustainability\/#breadcrumb","itemListElement":[{"@type":"ListItem","position":1,"name":"Home","item":"https:\/\/www.comau.com\/it\/"},{"@type":"ListItem","position":2,"name":"Questa \u00e8 Comau","item":"https:\/\/www.comau.com\/it\/about-us\/"},{"@type":"ListItem","position":3,"name":"Sostenibilit\u00e0"}]},{"@type":"WebSite","@id":"https:\/\/www.comau.com\/it\/#website","url":"https:\/\/www.comau.com\/it\/","name":"Comau","description":"Industrial automation and robotics","publisher":{"@id":"https:\/\/www.comau.com\/it\/#organization"},"potentialAction":[{"@type":"SearchAction","target":{"@type":"EntryPoint","urlTemplate":"https:\/\/www.comau.com\/it\/?s={search_term_string}"},"query-input":{"@type":"PropertyValueSpecification","valueRequired":true,"valueName":"search_term_string"}}],"inLanguage":"it-IT"},{"@type":"Organization","@id":"https:\/\/www.comau.com\/it\/#organization","name":"Comau","url":"https:\/\/www.comau.com\/it\/","logo":{"@type":"ImageObject","inLanguage":"it-IT","@id":"https:\/\/www.comau.com\/it\/#\/schema\/logo\/image\/","url":"https:\/\/www.comau.com\/wp-content\/uploads\/2024\/07\/cropped-Logo-COMAU.png","contentUrl":"https:\/\/www.comau.com\/wp-content\/uploads\/2024\/07\/cropped-Logo-COMAU.png","width":434,"height":434,"caption":"Comau"},"image":{"@id":"https:\/\/www.comau.com\/it\/#\/schema\/logo\/image\/"},"sameAs":["https:\/\/www.facebook.com\/COMAU\/","https:\/\/x.com\/comaugroup","https:\/\/www.instagram.com\/comaugroup\/","https:\/\/www.linkedin.com\/company\/comau","https:\/\/www.youtube.com\/user\/comau"]}]}},"_links":{"self":[{"href":"https:\/\/www.comau.com\/it\/wp-json\/wp\/v2\/pages\/43247","targetHints":{"allow":["GET"]}}],"collection":[{"href":"https:\/\/www.comau.com\/it\/wp-json\/wp\/v2\/pages"}],"about":[{"href":"https:\/\/www.comau.com\/it\/wp-json\/wp\/v2\/types\/page"}],"author":[{"embeddable":true,"href":"https:\/\/www.comau.com\/it\/wp-json\/wp\/v2\/users\/11"}],"replies":[{"embeddable":true,"href":"https:\/\/www.comau.com\/it\/wp-json\/wp\/v2\/comments?post=43247"}],"version-history":[{"count":23,"href":"https:\/\/www.comau.com\/it\/wp-json\/wp\/v2\/pages\/43247\/revisions"}],"predecessor-version":[{"id":74931,"href":"https:\/\/www.comau.com\/it\/wp-json\/wp\/v2\/pages\/43247\/revisions\/74931"}],"up":[{"embeddable":true,"href":"https:\/\/www.comau.com\/it\/wp-json\/wp\/v2\/pages\/3681"}],"wp:featuredmedia":[{"embeddable":true,"href":"https:\/\/www.comau.com\/it\/wp-json\/wp\/v2\/media\/43230"}],"wp:attachment":[{"href":"https:\/\/www.comau.com\/it\/wp-json\/wp\/v2\/media?parent=43247"}],"curies":[{"name":"wp","href":"https:\/\/api.w.org\/{rel}","templated":true}]}}