{"id":40462,"date":"2021-12-14T14:53:25","date_gmt":"2021-12-14T13:53:25","guid":{"rendered":"https:\/\/www.comau.com\/about-us\/funded-projects\/automation-system\/"},"modified":"2022-02-23T11:57:35","modified_gmt":"2022-02-23T10:57:35","slug":"automation-system","status":"publish","type":"page","link":"https:\/\/www.comau.com\/it\/about-us\/funded-projects\/automation-system\/","title":{"rendered":"Sistemi di automazione"},"content":{"rendered":"\n<h2 class=\"wp-block-heading\">Sistemi di automazione<\/h2>\n\n\n\n<p>L&#8217;ampio portafoglio di soluzioni di Sistemi di Automazione di Comau ci rende un partner importante in numerosi progetti nazionali e internazionali. Abbiamo fornito il know-how e l&#8217;innovazione necessari per garantire il raggiungimento degli obiettivi desiderati.<\/p>\n\n\n<div class=\"funded-projects\"><div class=\"funded-project\">\n    <h3 class=\"funded-project-title\">SatisFactory<\/h3>\n    <p class=\"funded-project-country-business\">\n        Paese\/Attivit\u00e0:\n        Italia\/Sistemi di automazione    <\/p>\n    <div class=\"funded-project-body\">\n        <h4 class=\"funded-project-body-title\">Obiettivi principali:<\/h4>\n        \n<p>Comau ha contribuito al progetto SatisFactory, incentrato sullo Smart Factory Design per implementare tecnologie all&#8217;avanguardia per migliorare la produttivit\u00e0 e rendere gli ambienti di lavoro pi\u00f9 sicuri e sostenibili. Le nuove soluzioni che sono nate da questo progetto, come la Realt\u00e0 Aumentata e i dispositivi di supporto remoto pi\u00f9 sensori intelligenti mirati ad ottimizzare la qualit\u00e0 della produzione, aumentare la sicurezza e favorire la condivisione di dati utili tra gli operatori.<\/p>\n    <\/div>\n    <div class=\"funded-project-infos\">\n                        <dl class=\"funded-project-timetable\">\n            <dt>Calendario<\/dt>\n            <dd>01.2015 - 12.2017<\/dd>\n        <\/dl>\n                        <dl class=\"funded-project-partners\">\n            <dt>Partner<\/dt>\n            <dd>COMAU (IT), CERTH (GR), SIGMA (F), FhG FIT (D), EPFL (CH), ISMB (IT), ABE (GR), REGOLA (IT), SUNLIGHT (GR), GlassUp (I)<\/dd>\n        <\/dl>\n            <\/div>\n            <p class=\"funded-project-links\">\n        <strong>Link progetto:<\/strong>\n                    <a class=\"btn btn-readmore\" href=\"https:\/\/www.satisfactory-project.eu\/\" target=\"_blank\" rel=\"nofollow\">satisfactory-project<\/a>\n                            <\/p>\n    <\/div>\n<div class=\"funded-project\">\n    <h3 class=\"funded-project-title\">ProRegio<\/h3>\n    <p class=\"funded-project-country-business\">\n        Paese\/Attivit\u00e0:\n        Italia\/Sistemi di automazione    <\/p>\n    <div class=\"funded-project-body\">\n        <h4 class=\"funded-project-body-title\">Obiettivi principali:<\/h4>\n        \n<p>ProRegio \u00e8 stato un progetto europeo ideato per sviluppare una piattaforma integrata per la produzione di prodotti e servizi innovativi adatti alle esigenze dei mercati globali. Comau ha contribuito alla creazione di un configuratore di impianti virtuali basato su cloud che ha aiutato con una soluzione di pianificazione intuitiva e facile da usare per la linea di produzione di una fabbrica. La sua applicazione consente alle aziende di fornire un time-to-market pi\u00f9 breve dei loro prodotti personalizzati.<\/p>\n    <\/div>\n    <div class=\"funded-project-infos\">\n                        <dl class=\"funded-project-timetable\">\n            <dt>Calendario<\/dt>\n            <dd>01.2015 - 12.2017<\/dd>\n        <\/dl>\n                        <dl class=\"funded-project-partners\">\n            <dt>Partner<\/dt>\n            <dd>COMAU (IT), KIT (D), POLIMI (IT), LMS (GR), ECN (F), AIRBUS (E), Flexis (D), Texxmo (D), Enginsoft (IT), GROBO (GR), Arcelik (TR), Audros (F)<\/dd>\n        <\/dl>\n            <\/div>\n            <p class=\"funded-project-links\">\n        <strong>Link progetto:<\/strong>\n                    <a class=\"btn btn-readmore\" href=\"https:\/\/cordis.europa.eu\/project\/id\/636966\" target=\"_blank\" rel=\"nofollow\">cordis<\/a>\n                            <\/p>\n    <\/div>\n<\/div>\n","protected":false},"excerpt":{"rendered":"<p>Sistemi di automazione L&#8217;ampio portafoglio di soluzioni di Sistemi di Automazione di Comau ci rende un partner importante in numerosi progetti nazionali e internazionali. Abbiamo fornito il know-how e l&#8217;innovazione necessari per garantire il raggiungimento degli obiettivi desiderati.<\/p>\n","protected":false},"author":11,"featured_media":5077,"parent":3751,"menu_order":4,"comment_status":"closed","ping_status":"closed","template":"","meta":{"_acf_changed":false,"ep_exclude_from_search":false,"footnotes":""},"class_list":["post-40462","page","type-page","status-publish","has-post-thumbnail","hentry"],"acf":[],"yoast_head":"<!-- This site is optimized with the Yoast SEO plugin v26.9 - https:\/\/yoast.com\/product\/yoast-seo-wordpress\/ -->\n<title>Sistemi di automazione - Comau<\/title>\n<meta name=\"robots\" content=\"index, follow, max-snippet:-1, max-image-preview:large, max-video-preview:-1\" \/>\n<link rel=\"canonical\" href=\"https:\/\/www.comau.com\/it\/about-us\/funded-projects\/automation-system\/\" \/>\n<meta property=\"og:locale\" content=\"it_IT\" \/>\n<meta property=\"og:type\" content=\"article\" \/>\n<meta property=\"og:title\" content=\"Sistemi di automazione - Comau\" \/>\n<meta property=\"og:description\" content=\"Sistemi di automazione L&#8217;ampio portafoglio di soluzioni di Sistemi di Automazione di Comau ci rende un partner importante in numerosi progetti nazionali e internazionali. Abbiamo fornito il know-how e l&#8217;innovazione necessari per garantire il raggiungimento degli obiettivi desiderati.\" \/>\n<meta property=\"og:url\" content=\"https:\/\/www.comau.com\/it\/about-us\/funded-projects\/automation-system\/\" \/>\n<meta property=\"og:site_name\" content=\"Comau\" \/>\n<meta property=\"article:publisher\" content=\"https:\/\/www.facebook.com\/COMAU\/\" \/>\n<meta property=\"article:modified_time\" content=\"2022-02-23T10:57:35+00:00\" \/>\n<meta property=\"og:image\" content=\"https:\/\/www.comau.com\/wp-content\/uploads\/2021\/06\/robogate_header.jpg\" \/>\n\t<meta property=\"og:image:width\" content=\"1280\" \/>\n\t<meta property=\"og:image:height\" content=\"485\" \/>\n\t<meta property=\"og:image:type\" content=\"image\/jpeg\" \/>\n<meta name=\"twitter:card\" content=\"summary_large_image\" \/>\n<meta name=\"twitter:site\" content=\"@comaugroup\" \/>\n<meta name=\"twitter:label1\" content=\"Tempo di lettura stimato\" \/>\n\t<meta name=\"twitter:data1\" content=\"1 minuto\" \/>\n<script type=\"application\/ld+json\" class=\"yoast-schema-graph\">{\"@context\":\"https:\/\/schema.org\",\"@graph\":[{\"@type\":\"WebPage\",\"@id\":\"https:\/\/www.comau.com\/it\/about-us\/funded-projects\/automation-system\/\",\"url\":\"https:\/\/www.comau.com\/it\/about-us\/funded-projects\/automation-system\/\",\"name\":\"Sistemi di automazione - Comau\",\"isPartOf\":{\"@id\":\"https:\/\/www.comau.com\/it\/#website\"},\"primaryImageOfPage\":{\"@id\":\"https:\/\/www.comau.com\/it\/about-us\/funded-projects\/automation-system\/#primaryimage\"},\"image\":{\"@id\":\"https:\/\/www.comau.com\/it\/about-us\/funded-projects\/automation-system\/#primaryimage\"},\"thumbnailUrl\":\"https:\/\/www.comau.com\/wp-content\/uploads\/2021\/06\/robogate_header.jpg\",\"datePublished\":\"2021-12-14T13:53:25+00:00\",\"dateModified\":\"2022-02-23T10:57:35+00:00\",\"breadcrumb\":{\"@id\":\"https:\/\/www.comau.com\/it\/about-us\/funded-projects\/automation-system\/#breadcrumb\"},\"inLanguage\":\"it-IT\",\"potentialAction\":[{\"@type\":\"ReadAction\",\"target\":[\"https:\/\/www.comau.com\/it\/about-us\/funded-projects\/automation-system\/\"]}]},{\"@type\":\"ImageObject\",\"inLanguage\":\"it-IT\",\"@id\":\"https:\/\/www.comau.com\/it\/about-us\/funded-projects\/automation-system\/#primaryimage\",\"url\":\"https:\/\/www.comau.com\/wp-content\/uploads\/2021\/06\/robogate_header.jpg\",\"contentUrl\":\"https:\/\/www.comau.com\/wp-content\/uploads\/2021\/06\/robogate_header.jpg\",\"width\":1280,\"height\":485},{\"@type\":\"BreadcrumbList\",\"@id\":\"https:\/\/www.comau.com\/it\/about-us\/funded-projects\/automation-system\/#breadcrumb\",\"itemListElement\":[{\"@type\":\"ListItem\",\"position\":1,\"name\":\"Home\",\"item\":\"https:\/\/www.comau.com\/it\/\"},{\"@type\":\"ListItem\",\"position\":2,\"name\":\"Questa \u00e8 Comau\",\"item\":\"https:\/\/www.comau.com\/it\/about-us\/\"},{\"@type\":\"ListItem\",\"position\":3,\"name\":\"Funded Projects\",\"item\":\"https:\/\/www.comau.com\/it\/about-us\/funded-projects\/\"},{\"@type\":\"ListItem\",\"position\":4,\"name\":\"Sistemi di automazione\"}]},{\"@type\":\"WebSite\",\"@id\":\"https:\/\/www.comau.com\/it\/#website\",\"url\":\"https:\/\/www.comau.com\/it\/\",\"name\":\"Comau\",\"description\":\"Industrial automation and robotics\",\"publisher\":{\"@id\":\"https:\/\/www.comau.com\/it\/#organization\"},\"potentialAction\":[{\"@type\":\"SearchAction\",\"target\":{\"@type\":\"EntryPoint\",\"urlTemplate\":\"https:\/\/www.comau.com\/it\/?s={search_term_string}\"},\"query-input\":{\"@type\":\"PropertyValueSpecification\",\"valueRequired\":true,\"valueName\":\"search_term_string\"}}],\"inLanguage\":\"it-IT\"},{\"@type\":\"Organization\",\"@id\":\"https:\/\/www.comau.com\/it\/#organization\",\"name\":\"Comau\",\"url\":\"https:\/\/www.comau.com\/it\/\",\"logo\":{\"@type\":\"ImageObject\",\"inLanguage\":\"it-IT\",\"@id\":\"https:\/\/www.comau.com\/it\/#\/schema\/logo\/image\/\",\"url\":\"https:\/\/www.comau.com\/wp-content\/uploads\/2024\/07\/cropped-Logo-COMAU.png\",\"contentUrl\":\"https:\/\/www.comau.com\/wp-content\/uploads\/2024\/07\/cropped-Logo-COMAU.png\",\"width\":434,\"height\":434,\"caption\":\"Comau\"},\"image\":{\"@id\":\"https:\/\/www.comau.com\/it\/#\/schema\/logo\/image\/\"},\"sameAs\":[\"https:\/\/www.facebook.com\/COMAU\/\",\"https:\/\/x.com\/comaugroup\",\"https:\/\/www.instagram.com\/comaugroup\/\",\"https:\/\/www.linkedin.com\/company\/comau\",\"https:\/\/www.youtube.com\/user\/comau\"]}]}<\/script>\n<!-- \/ Yoast SEO plugin. -->","yoast_head_json":{"title":"Sistemi di automazione - Comau","robots":{"index":"index","follow":"follow","max-snippet":"max-snippet:-1","max-image-preview":"max-image-preview:large","max-video-preview":"max-video-preview:-1"},"canonical":"https:\/\/www.comau.com\/it\/about-us\/funded-projects\/automation-system\/","og_locale":"it_IT","og_type":"article","og_title":"Sistemi di automazione - Comau","og_description":"Sistemi di automazione L&#8217;ampio portafoglio di soluzioni di Sistemi di Automazione di Comau ci rende un partner importante in numerosi progetti nazionali e internazionali. Abbiamo fornito il know-how e l&#8217;innovazione necessari per garantire il raggiungimento degli obiettivi desiderati.","og_url":"https:\/\/www.comau.com\/it\/about-us\/funded-projects\/automation-system\/","og_site_name":"Comau","article_publisher":"https:\/\/www.facebook.com\/COMAU\/","article_modified_time":"2022-02-23T10:57:35+00:00","og_image":[{"width":1280,"height":485,"url":"https:\/\/www.comau.com\/wp-content\/uploads\/2021\/06\/robogate_header.jpg","type":"image\/jpeg"}],"twitter_card":"summary_large_image","twitter_site":"@comaugroup","twitter_misc":{"Tempo di lettura stimato":"1 minuto"},"schema":{"@context":"https:\/\/schema.org","@graph":[{"@type":"WebPage","@id":"https:\/\/www.comau.com\/it\/about-us\/funded-projects\/automation-system\/","url":"https:\/\/www.comau.com\/it\/about-us\/funded-projects\/automation-system\/","name":"Sistemi di automazione - Comau","isPartOf":{"@id":"https:\/\/www.comau.com\/it\/#website"},"primaryImageOfPage":{"@id":"https:\/\/www.comau.com\/it\/about-us\/funded-projects\/automation-system\/#primaryimage"},"image":{"@id":"https:\/\/www.comau.com\/it\/about-us\/funded-projects\/automation-system\/#primaryimage"},"thumbnailUrl":"https:\/\/www.comau.com\/wp-content\/uploads\/2021\/06\/robogate_header.jpg","datePublished":"2021-12-14T13:53:25+00:00","dateModified":"2022-02-23T10:57:35+00:00","breadcrumb":{"@id":"https:\/\/www.comau.com\/it\/about-us\/funded-projects\/automation-system\/#breadcrumb"},"inLanguage":"it-IT","potentialAction":[{"@type":"ReadAction","target":["https:\/\/www.comau.com\/it\/about-us\/funded-projects\/automation-system\/"]}]},{"@type":"ImageObject","inLanguage":"it-IT","@id":"https:\/\/www.comau.com\/it\/about-us\/funded-projects\/automation-system\/#primaryimage","url":"https:\/\/www.comau.com\/wp-content\/uploads\/2021\/06\/robogate_header.jpg","contentUrl":"https:\/\/www.comau.com\/wp-content\/uploads\/2021\/06\/robogate_header.jpg","width":1280,"height":485},{"@type":"BreadcrumbList","@id":"https:\/\/www.comau.com\/it\/about-us\/funded-projects\/automation-system\/#breadcrumb","itemListElement":[{"@type":"ListItem","position":1,"name":"Home","item":"https:\/\/www.comau.com\/it\/"},{"@type":"ListItem","position":2,"name":"Questa \u00e8 Comau","item":"https:\/\/www.comau.com\/it\/about-us\/"},{"@type":"ListItem","position":3,"name":"Funded Projects","item":"https:\/\/www.comau.com\/it\/about-us\/funded-projects\/"},{"@type":"ListItem","position":4,"name":"Sistemi di automazione"}]},{"@type":"WebSite","@id":"https:\/\/www.comau.com\/it\/#website","url":"https:\/\/www.comau.com\/it\/","name":"Comau","description":"Industrial automation and robotics","publisher":{"@id":"https:\/\/www.comau.com\/it\/#organization"},"potentialAction":[{"@type":"SearchAction","target":{"@type":"EntryPoint","urlTemplate":"https:\/\/www.comau.com\/it\/?s={search_term_string}"},"query-input":{"@type":"PropertyValueSpecification","valueRequired":true,"valueName":"search_term_string"}}],"inLanguage":"it-IT"},{"@type":"Organization","@id":"https:\/\/www.comau.com\/it\/#organization","name":"Comau","url":"https:\/\/www.comau.com\/it\/","logo":{"@type":"ImageObject","inLanguage":"it-IT","@id":"https:\/\/www.comau.com\/it\/#\/schema\/logo\/image\/","url":"https:\/\/www.comau.com\/wp-content\/uploads\/2024\/07\/cropped-Logo-COMAU.png","contentUrl":"https:\/\/www.comau.com\/wp-content\/uploads\/2024\/07\/cropped-Logo-COMAU.png","width":434,"height":434,"caption":"Comau"},"image":{"@id":"https:\/\/www.comau.com\/it\/#\/schema\/logo\/image\/"},"sameAs":["https:\/\/www.facebook.com\/COMAU\/","https:\/\/x.com\/comaugroup","https:\/\/www.instagram.com\/comaugroup\/","https:\/\/www.linkedin.com\/company\/comau","https:\/\/www.youtube.com\/user\/comau"]}]}},"_links":{"self":[{"href":"https:\/\/www.comau.com\/it\/wp-json\/wp\/v2\/pages\/40462","targetHints":{"allow":["GET"]}}],"collection":[{"href":"https:\/\/www.comau.com\/it\/wp-json\/wp\/v2\/pages"}],"about":[{"href":"https:\/\/www.comau.com\/it\/wp-json\/wp\/v2\/types\/page"}],"author":[{"embeddable":true,"href":"https:\/\/www.comau.com\/it\/wp-json\/wp\/v2\/users\/11"}],"replies":[{"embeddable":true,"href":"https:\/\/www.comau.com\/it\/wp-json\/wp\/v2\/comments?post=40462"}],"version-history":[{"count":4,"href":"https:\/\/www.comau.com\/it\/wp-json\/wp\/v2\/pages\/40462\/revisions"}],"predecessor-version":[{"id":42998,"href":"https:\/\/www.comau.com\/it\/wp-json\/wp\/v2\/pages\/40462\/revisions\/42998"}],"up":[{"embeddable":true,"href":"https:\/\/www.comau.com\/it\/wp-json\/wp\/v2\/pages\/3751"}],"wp:featuredmedia":[{"embeddable":true,"href":"https:\/\/www.comau.com\/it\/wp-json\/wp\/v2\/media\/5077"}],"wp:attachment":[{"href":"https:\/\/www.comau.com\/it\/wp-json\/wp\/v2\/media?parent=40462"}],"curies":[{"name":"wp","href":"https:\/\/api.w.org\/{rel}","templated":true}]}}