{"id":40379,"date":"2021-12-14T14:50:21","date_gmt":"2021-12-14T13:50:21","guid":{"rendered":"https:\/\/www.comau.com\/about-us\/funded-projects\/powertrain-machining\/"},"modified":"2022-02-23T14:41:02","modified_gmt":"2022-02-23T13:41:02","slug":"powertrain-machining","status":"publish","type":"page","link":"https:\/\/www.comau.com\/it\/competencies\/systems\/powertrain-machining\/","title":{"rendered":"Powertrain e Machining"},"content":{"rendered":"\n<h2 class=\"wp-block-heading\" id=\"powertrain-and-machining\">Powertrain e Machining<\/h2>\n\n\n\n<p>Nel corso degli anni, l&#8217;esperienza Powertrain e Machining di Comau \u00e8 stata una risorsa importante per lo sviluppo di molti progetti europei. Settori chiave come Aerospace, Oil&amp;gas, Automotive e Power Generation traggono vantaggio dai nuovi progressi tecnologici in questi settori e dall&#8217;adozione di soluzioni ibride al fine di aumentare l&#8217;efficienza, ridurre gli sprechi e i tempi morti di manutenzione.<\/p>\n\n\n<div class=\"funded-projects\"><div class=\"funded-project\">\n    <h3 class=\"funded-project-title\">FlexHyMan &#8211; Un sistema di produzione ibrido flessibile<\/h3>\n    <p class=\"funded-project-country-business\">\n        Paese\/Attivit\u00e0:\n        Francia\/PWT    <\/p>\n    <div class=\"funded-project-body\">\n        <h4 class=\"funded-project-body-title\">Obiettivi principali:<\/h4>\n        \n<p><a href=\"https:\/\/www.eitmanufacturing.eu\/news-media\/activities\/a-flexible-hybrid-manufacturing-system\/\">FlexHyman<\/a> offre una piattaforma flessibile, modulare e scalabile in grado di soddisfare le esigenze di settori come l&#8217;Aerospace, l&#8217;Oil&amp;gas e l&#8217;Automotive in risposta alla loro maggiore adozione del Metal Additive Manufacturing, che ha compiuto notevoli progressi negli ultimi anni. Il progetto prevede un sistema ibrido e modulare che integra tre moduli distinti: uno dedicato rispettivamente a fresatura, DED e scansione 3D. Questo centro macchine utensili ibrido ottimizza la lavorazione di materiali ad alto valore aggiunto (leghe a base di nichel e titanio) e parti utilizzate per Powertrain (PWT) e altri sistemi grazie al basso ingombro, alla riduzione dei tempi di lavorazione e all&#8217;adozione del raffreddamento criogenico al posto di refrigeranti a base di olio, con un conseguente processo di lavorazione pi\u00f9 sicuro e pi\u00f9 sostenibile.<\/p>\n    <\/div>\n    <div class=\"funded-project-infos\">\n                        <dl class=\"funded-project-timetable\">\n            <dt>Calendario<\/dt>\n            <dd>01.01.2020 - 31.12.2020<\/dd>\n        <\/dl>\n                        <dl class=\"funded-project-partners\">\n            <dt>Partner<\/dt>\n            <dd>COMAU FRANCE, LMS - Laboratorio di Sistemi Produttivi e Automazione, Universit\u00e0 di Patrasso, Prima Industrie, Universit\u00e0 di Souther<\/dd>\n        <\/dl>\n            <\/div>\n            <p class=\"funded-project-links\">\n        <strong>Link progetto:<\/strong>\n                    <a class=\"btn btn-readmore\" href=\"https:\/\/lmsupatras.eu\/a-flexible-hybrid-manufacturing-system\/\" target=\"_blank\" rel=\"nofollow\">lmsupatras<\/a>\n                            <a class=\"btn btn-readmore\" href=\"https:\/\/www.eitmanufacturing.eu\/news-media\/activities\/a-flexible-hybrid-manufacturing-system\/\" target=\"_blank\" rel=\"nofollow\">Eitmanufacturing<\/a>\n                    <\/p>\n    <\/div>\n<div class=\"funded-project\">\n    <h3 class=\"funded-project-title\">TWIN-CONTROL &#8211; Produzione virtuale basata su due modelli per la simulazione e il controllo di macchine utensili-processo<\/h3>\n    <p class=\"funded-project-country-business\">\n        Paese\/Attivit\u00e0:\n        Francia\/PWT    <\/p>\n    <div class=\"funded-project-body\">\n        <h4 class=\"funded-project-body-title\">Obiettivi principali:<\/h4>\n        \n<p>Nell&#8217;ambito del programma europeo Horizon 2020, il progetto  <a href=\"https:\/\/twincontrol.eu\/\">Twin-Control<\/a> ha elaborato il concetto di una nuova soluzione Digital Tool per la simulazione di macchine utensili. Questa capacit\u00e0 \u00e8 fondamentale per aumentare la competitivit\u00e0 dell&#8217;industria europea delle macchine utensili. Permette alle aziende di analizzare i vari parametri che influenzano il processo. Twin-Control integra modelli di simulazione migliorati con caratteristiche come l&#8217;efficienza energetica e l&#8217;ottimizzazione della gestione proattiva della manutenzione. Comau \u00e8 stato un membro chiave del team multidisciplinare che ha sviluppato e implementato con successo Twin-Control, che ha portato ad una riduzione del 10% dei tempi di consegna e dei costi, una riduzione del 25% dei costi operativi, un incremento del 2% delle prestazioni grazie al controllo model-based e un risparmio energetico fino al 50%.<\/p>\n    <\/div>\n    <div class=\"funded-project-infos\">\n                        <dl class=\"funded-project-timetable\">\n            <dt>Calendario<\/dt>\n            <dd>10.2015 - 09.2018<\/dd>\n        <\/dl>\n                        <dl class=\"funded-project-partners\">\n            <dt>Partner<\/dt>\n            <dd>COMAU FRANCE, Tekniker, USFD, SAMTECH, PWT, Renault<\/dd>\n        <\/dl>\n            <\/div>\n            <p class=\"funded-project-links\">\n        <strong>Link progetto:<\/strong>\n                    <a class=\"btn btn-readmore\" href=\"https:\/\/twincontrol.eu\/\" target=\"_blank\" rel=\"nofollow\">Twincontrol<\/a>\n                            <\/p>\n    <\/div>\n<div class=\"funded-project\">\n    <h3 class=\"funded-project-title\">4D-Hybrid<\/h3>\n    <p class=\"funded-project-country-business\">\n        Paese\/Attivit\u00e0:\n        Francia\/PWT    <\/p>\n    <div class=\"funded-project-body\">\n        <h4 class=\"funded-project-body-title\">Obiettivi principali:<\/h4>\n        \n<p><a href=\"https:\/\/4dhybrid.eu\/\">4D-Hybrid<\/a> \u00e8 un nuovo concetto di produzione additiva (AM) basato sull&#8217;integrazione modulare di moduli compatti a basso costo. Le tecnologie ibride sono particolarmente utili per sfruttare il potenziale di AM, che pu\u00f2 essere utilizzato per minimizzare l&#8217;errore umano e aumentare la sicurezza dei lavoratori durante le diverse fasi del ciclo di vita di un prodotto: dalla produzione iniziale alla manutenzione di componenti difettosi e alle riparazioni in loco. Il progetto si \u00e8 concentrato sullo sviluppo di quattro moduli con sistemi di controllo e monitoraggio da integrare nella tecnologia di produzione e fabbricazione esistente. Comau ha incorporato tali moduli nelle macchine e robot all-in-one di centri di lavoro altamente flessibili e celle robotizzate. 4D-Hybrid \u00e8 stato implementato e validato in 3 casi di utilizzo nei settori Aerospaziale, Oil&amp;gas e Power Generation.<\/p>\n    <\/div>\n    <div class=\"funded-project-infos\">\n                        <dl class=\"funded-project-timetable\">\n            <dt>Calendario<\/dt>\n            <dd>01.2017 - 12.2019<\/dd>\n        <\/dl>\n                        <dl class=\"funded-project-partners\">\n            <dt>Partner<\/dt>\n            <dd>COMAU FRANCE, LMS, Prima Power, 3D New Technologies, POLITO, Koord<\/dd>\n        <\/dl>\n            <\/div>\n            <p class=\"funded-project-links\">\n        <strong>Link progetto:<\/strong>\n                    <a class=\"btn btn-readmore\" href=\"https:\/\/4dhybrid.eu\/\" target=\"_blank\" rel=\"nofollow\">4dhybrid<\/a>\n                            <\/p>\n    <\/div>\n<\/div>\n","protected":false},"excerpt":{"rendered":"<p>Powertrain e Machining Nel corso degli anni, l&#8217;esperienza Powertrain e Machining di Comau \u00e8 stata una risorsa importante per lo sviluppo di molti progetti europei. Settori chiave come Aerospace, Oil&amp;gas, Automotive e Power Generation traggono vantaggio dai nuovi progressi tecnologici in questi settori e dall&#8217;adozione di soluzioni ibride al fine di aumentare l&#8217;efficienza, ridurre gli [&hellip;]<\/p>\n","protected":false},"author":11,"featured_media":40830,"parent":65261,"menu_order":1,"comment_status":"closed","ping_status":"closed","template":"","meta":{"_acf_changed":false,"ep_exclude_from_search":false,"footnotes":""},"class_list":["post-40379","page","type-page","status-publish","has-post-thumbnail","hentry"],"acf":[],"yoast_head":"<!-- This site is optimized with the Yoast SEO plugin v26.9 - https:\/\/yoast.com\/product\/yoast-seo-wordpress\/ -->\n<title>Powertrain e Machining - Comau<\/title>\n<meta name=\"robots\" content=\"index, follow, max-snippet:-1, max-image-preview:large, max-video-preview:-1\" \/>\n<link rel=\"canonical\" href=\"https:\/\/www.comau.com\/it\/competencies\/systems\/powertrain-machining\/\" \/>\n<meta property=\"og:locale\" content=\"it_IT\" \/>\n<meta property=\"og:type\" content=\"article\" \/>\n<meta property=\"og:title\" content=\"Powertrain e Machining - Comau\" \/>\n<meta property=\"og:description\" content=\"Powertrain e Machining Nel corso degli anni, l&#8217;esperienza Powertrain e Machining di Comau \u00e8 stata una risorsa importante per lo sviluppo di molti progetti europei. Settori chiave come Aerospace, Oil&amp;gas, Automotive e Power Generation traggono vantaggio dai nuovi progressi tecnologici in questi settori e dall&#8217;adozione di soluzioni ibride al fine di aumentare l&#8217;efficienza, ridurre gli [&hellip;]\" \/>\n<meta property=\"og:url\" content=\"https:\/\/www.comau.com\/it\/competencies\/systems\/powertrain-machining\/\" \/>\n<meta property=\"og:site_name\" content=\"Comau\" \/>\n<meta property=\"article:publisher\" content=\"https:\/\/www.facebook.com\/COMAU\/\" \/>\n<meta property=\"article:modified_time\" content=\"2022-02-23T13:41:02+00:00\" \/>\n<meta property=\"og:image\" content=\"https:\/\/www.comau.com\/wp-content\/uploads\/2021\/12\/Powertrain-Machining.jpg\" \/>\n\t<meta property=\"og:image:width\" content=\"1425\" \/>\n\t<meta property=\"og:image:height\" content=\"450\" \/>\n\t<meta property=\"og:image:type\" content=\"image\/jpeg\" \/>\n<meta name=\"twitter:card\" content=\"summary_large_image\" \/>\n<meta name=\"twitter:site\" content=\"@comaugroup\" \/>\n<meta name=\"twitter:label1\" content=\"Tempo di lettura stimato\" \/>\n\t<meta name=\"twitter:data1\" content=\"1 minuto\" \/>\n<script type=\"application\/ld+json\" class=\"yoast-schema-graph\">{\"@context\":\"https:\/\/schema.org\",\"@graph\":[{\"@type\":\"WebPage\",\"@id\":\"https:\/\/www.comau.com\/it\/competencies\/systems\/powertrain-machining\/\",\"url\":\"https:\/\/www.comau.com\/it\/competencies\/systems\/powertrain-machining\/\",\"name\":\"Powertrain e Machining - Comau\",\"isPartOf\":{\"@id\":\"https:\/\/www.comau.com\/it\/#website\"},\"primaryImageOfPage\":{\"@id\":\"https:\/\/www.comau.com\/it\/competencies\/systems\/powertrain-machining\/#primaryimage\"},\"image\":{\"@id\":\"https:\/\/www.comau.com\/it\/competencies\/systems\/powertrain-machining\/#primaryimage\"},\"thumbnailUrl\":\"https:\/\/www.comau.com\/wp-content\/uploads\/2021\/12\/Powertrain-Machining.jpg\",\"datePublished\":\"2021-12-14T13:50:21+00:00\",\"dateModified\":\"2022-02-23T13:41:02+00:00\",\"breadcrumb\":{\"@id\":\"https:\/\/www.comau.com\/it\/competencies\/systems\/powertrain-machining\/#breadcrumb\"},\"inLanguage\":\"it-IT\",\"potentialAction\":[{\"@type\":\"ReadAction\",\"target\":[\"https:\/\/www.comau.com\/it\/competencies\/systems\/powertrain-machining\/\"]}]},{\"@type\":\"ImageObject\",\"inLanguage\":\"it-IT\",\"@id\":\"https:\/\/www.comau.com\/it\/competencies\/systems\/powertrain-machining\/#primaryimage\",\"url\":\"https:\/\/www.comau.com\/wp-content\/uploads\/2021\/12\/Powertrain-Machining.jpg\",\"contentUrl\":\"https:\/\/www.comau.com\/wp-content\/uploads\/2021\/12\/Powertrain-Machining.jpg\",\"width\":1425,\"height\":450},{\"@type\":\"BreadcrumbList\",\"@id\":\"https:\/\/www.comau.com\/it\/competencies\/systems\/powertrain-machining\/#breadcrumb\",\"itemListElement\":[{\"@type\":\"ListItem\",\"position\":1,\"name\":\"Home\",\"item\":\"https:\/\/www.comau.com\/it\/\"},{\"@type\":\"ListItem\",\"position\":2,\"name\":\"Questa \u00e8 Comau\",\"item\":\"https:\/\/www.comau.com\/it\/about-us\/\"},{\"@type\":\"ListItem\",\"position\":3,\"name\":\"Funded Projects\",\"item\":\"https:\/\/www.comau.com\/it\/about-us\/funded-projects\/\"},{\"@type\":\"ListItem\",\"position\":4,\"name\":\"Powertrain e Machining\"}]},{\"@type\":\"WebSite\",\"@id\":\"https:\/\/www.comau.com\/it\/#website\",\"url\":\"https:\/\/www.comau.com\/it\/\",\"name\":\"Comau\",\"description\":\"Industrial automation and robotics\",\"publisher\":{\"@id\":\"https:\/\/www.comau.com\/it\/#organization\"},\"potentialAction\":[{\"@type\":\"SearchAction\",\"target\":{\"@type\":\"EntryPoint\",\"urlTemplate\":\"https:\/\/www.comau.com\/it\/?s={search_term_string}\"},\"query-input\":{\"@type\":\"PropertyValueSpecification\",\"valueRequired\":true,\"valueName\":\"search_term_string\"}}],\"inLanguage\":\"it-IT\"},{\"@type\":\"Organization\",\"@id\":\"https:\/\/www.comau.com\/it\/#organization\",\"name\":\"Comau\",\"url\":\"https:\/\/www.comau.com\/it\/\",\"logo\":{\"@type\":\"ImageObject\",\"inLanguage\":\"it-IT\",\"@id\":\"https:\/\/www.comau.com\/it\/#\/schema\/logo\/image\/\",\"url\":\"https:\/\/www.comau.com\/wp-content\/uploads\/2024\/07\/cropped-Logo-COMAU.png\",\"contentUrl\":\"https:\/\/www.comau.com\/wp-content\/uploads\/2024\/07\/cropped-Logo-COMAU.png\",\"width\":434,\"height\":434,\"caption\":\"Comau\"},\"image\":{\"@id\":\"https:\/\/www.comau.com\/it\/#\/schema\/logo\/image\/\"},\"sameAs\":[\"https:\/\/www.facebook.com\/COMAU\/\",\"https:\/\/x.com\/comaugroup\",\"https:\/\/www.instagram.com\/comaugroup\/\",\"https:\/\/www.linkedin.com\/company\/comau\",\"https:\/\/www.youtube.com\/user\/comau\"]}]}<\/script>\n<!-- \/ Yoast SEO plugin. -->","yoast_head_json":{"title":"Powertrain e Machining - Comau","robots":{"index":"index","follow":"follow","max-snippet":"max-snippet:-1","max-image-preview":"max-image-preview:large","max-video-preview":"max-video-preview:-1"},"canonical":"https:\/\/www.comau.com\/it\/competencies\/systems\/powertrain-machining\/","og_locale":"it_IT","og_type":"article","og_title":"Powertrain e Machining - Comau","og_description":"Powertrain e Machining Nel corso degli anni, l&#8217;esperienza Powertrain e Machining di Comau \u00e8 stata una risorsa importante per lo sviluppo di molti progetti europei. Settori chiave come Aerospace, Oil&amp;gas, Automotive e Power Generation traggono vantaggio dai nuovi progressi tecnologici in questi settori e dall&#8217;adozione di soluzioni ibride al fine di aumentare l&#8217;efficienza, ridurre gli [&hellip;]","og_url":"https:\/\/www.comau.com\/it\/competencies\/systems\/powertrain-machining\/","og_site_name":"Comau","article_publisher":"https:\/\/www.facebook.com\/COMAU\/","article_modified_time":"2022-02-23T13:41:02+00:00","og_image":[{"width":1425,"height":450,"url":"https:\/\/www.comau.com\/wp-content\/uploads\/2021\/12\/Powertrain-Machining.jpg","type":"image\/jpeg"}],"twitter_card":"summary_large_image","twitter_site":"@comaugroup","twitter_misc":{"Tempo di lettura stimato":"1 minuto"},"schema":{"@context":"https:\/\/schema.org","@graph":[{"@type":"WebPage","@id":"https:\/\/www.comau.com\/it\/competencies\/systems\/powertrain-machining\/","url":"https:\/\/www.comau.com\/it\/competencies\/systems\/powertrain-machining\/","name":"Powertrain e Machining - Comau","isPartOf":{"@id":"https:\/\/www.comau.com\/it\/#website"},"primaryImageOfPage":{"@id":"https:\/\/www.comau.com\/it\/competencies\/systems\/powertrain-machining\/#primaryimage"},"image":{"@id":"https:\/\/www.comau.com\/it\/competencies\/systems\/powertrain-machining\/#primaryimage"},"thumbnailUrl":"https:\/\/www.comau.com\/wp-content\/uploads\/2021\/12\/Powertrain-Machining.jpg","datePublished":"2021-12-14T13:50:21+00:00","dateModified":"2022-02-23T13:41:02+00:00","breadcrumb":{"@id":"https:\/\/www.comau.com\/it\/competencies\/systems\/powertrain-machining\/#breadcrumb"},"inLanguage":"it-IT","potentialAction":[{"@type":"ReadAction","target":["https:\/\/www.comau.com\/it\/competencies\/systems\/powertrain-machining\/"]}]},{"@type":"ImageObject","inLanguage":"it-IT","@id":"https:\/\/www.comau.com\/it\/competencies\/systems\/powertrain-machining\/#primaryimage","url":"https:\/\/www.comau.com\/wp-content\/uploads\/2021\/12\/Powertrain-Machining.jpg","contentUrl":"https:\/\/www.comau.com\/wp-content\/uploads\/2021\/12\/Powertrain-Machining.jpg","width":1425,"height":450},{"@type":"BreadcrumbList","@id":"https:\/\/www.comau.com\/it\/competencies\/systems\/powertrain-machining\/#breadcrumb","itemListElement":[{"@type":"ListItem","position":1,"name":"Home","item":"https:\/\/www.comau.com\/it\/"},{"@type":"ListItem","position":2,"name":"Questa \u00e8 Comau","item":"https:\/\/www.comau.com\/it\/about-us\/"},{"@type":"ListItem","position":3,"name":"Funded Projects","item":"https:\/\/www.comau.com\/it\/about-us\/funded-projects\/"},{"@type":"ListItem","position":4,"name":"Powertrain e Machining"}]},{"@type":"WebSite","@id":"https:\/\/www.comau.com\/it\/#website","url":"https:\/\/www.comau.com\/it\/","name":"Comau","description":"Industrial automation and robotics","publisher":{"@id":"https:\/\/www.comau.com\/it\/#organization"},"potentialAction":[{"@type":"SearchAction","target":{"@type":"EntryPoint","urlTemplate":"https:\/\/www.comau.com\/it\/?s={search_term_string}"},"query-input":{"@type":"PropertyValueSpecification","valueRequired":true,"valueName":"search_term_string"}}],"inLanguage":"it-IT"},{"@type":"Organization","@id":"https:\/\/www.comau.com\/it\/#organization","name":"Comau","url":"https:\/\/www.comau.com\/it\/","logo":{"@type":"ImageObject","inLanguage":"it-IT","@id":"https:\/\/www.comau.com\/it\/#\/schema\/logo\/image\/","url":"https:\/\/www.comau.com\/wp-content\/uploads\/2024\/07\/cropped-Logo-COMAU.png","contentUrl":"https:\/\/www.comau.com\/wp-content\/uploads\/2024\/07\/cropped-Logo-COMAU.png","width":434,"height":434,"caption":"Comau"},"image":{"@id":"https:\/\/www.comau.com\/it\/#\/schema\/logo\/image\/"},"sameAs":["https:\/\/www.facebook.com\/COMAU\/","https:\/\/x.com\/comaugroup","https:\/\/www.instagram.com\/comaugroup\/","https:\/\/www.linkedin.com\/company\/comau","https:\/\/www.youtube.com\/user\/comau"]}]}},"_links":{"self":[{"href":"https:\/\/www.comau.com\/it\/wp-json\/wp\/v2\/pages\/40379","targetHints":{"allow":["GET"]}}],"collection":[{"href":"https:\/\/www.comau.com\/it\/wp-json\/wp\/v2\/pages"}],"about":[{"href":"https:\/\/www.comau.com\/it\/wp-json\/wp\/v2\/types\/page"}],"author":[{"embeddable":true,"href":"https:\/\/www.comau.com\/it\/wp-json\/wp\/v2\/users\/11"}],"replies":[{"embeddable":true,"href":"https:\/\/www.comau.com\/it\/wp-json\/wp\/v2\/comments?post=40379"}],"version-history":[{"count":8,"href":"https:\/\/www.comau.com\/it\/wp-json\/wp\/v2\/pages\/40379\/revisions"}],"predecessor-version":[{"id":43112,"href":"https:\/\/www.comau.com\/it\/wp-json\/wp\/v2\/pages\/40379\/revisions\/43112"}],"up":[{"embeddable":true,"href":"https:\/\/www.comau.com\/it\/wp-json\/wp\/v2\/pages\/65261"}],"wp:featuredmedia":[{"embeddable":true,"href":"https:\/\/www.comau.com\/it\/wp-json\/wp\/v2\/media\/40830"}],"wp:attachment":[{"href":"https:\/\/www.comau.com\/it\/wp-json\/wp\/v2\/media?parent=40379"}],"curies":[{"name":"wp","href":"https:\/\/api.w.org\/{rel}","templated":true}]}}