{"id":3763,"date":"2021-06-01T00:05:31","date_gmt":"2021-05-31T22:05:31","guid":{"rendered":"https:\/\/www.comau.com\/?page_id=3763"},"modified":"2026-02-12T15:59:09","modified_gmt":"2026-02-12T14:59:09","slug":"qualita-e-sostenibilita","status":"publish","type":"page","link":"https:\/\/www.comau.com\/it\/about-us\/qualita-e-sostenibilita\/","title":{"rendered":"Qualit\u00e0"},"content":{"rendered":"\n<h2 class=\"wp-block-heading has-text-color has-link-color wp-elements-ab10991e7fc8f037f8cf9379412a5abc\" style=\"color:#0046ad\">Obiettivi di Comau nella gestione della qualit\u00e0<\/h2>\n\n\n\n<p><strong>Il sistema di gestione della qualit\u00e0 di Comau risponde ai pi\u00f9 recenti standard internazionali<\/strong> &#8211; fra cui ISO 9001:2015, ISO 14001:2015, ISO 50001 e OHSAS 18001 &#8211; e copre tutte le sedi dell\u2019azienda a livello globale.<\/p>\n\n\n\n<p>In tal modo, <strong>Comau dimostra la grande importanza e l\u2019attenzione costante dedicata ai temi della Qualit\u00e0 e della Sostenibilit\u00e0<\/strong>, che riguardano ogni aspetto della propria attivit\u00e0 aziendale.<\/p>\n\n\n\n<p>Punto di partenza delle sue best practices sono sempre il Cliente, i Partner, i Fornitori e tutte le Persone che lavorano all\u2019interno del suo team.<strong> Ogni policy adottata, per Qualit\u00e0, Ambiente, Sicurezza, Energia, \u00e8 espressione dei valori che contraddistinguono la filosofia aziendale di Comau<\/strong>, da sempre votata all\u2019eccellenza produttiva e all\u2019innovazione tecnologica, per garantire prodotti e servizi che soddisfino appieno le necessit\u00e0 dei clienti, nel pi\u00f9 completo rispetto dell\u2019ambiente, dell\u2019uomo e del suo lavoro.<\/p>\n\n\n\n<div style=\"height:25px\" aria-hidden=\"true\" class=\"wp-block-spacer\"><\/div>\n\n\n\n<h2 class=\"wp-block-heading has-text-color has-link-color wp-elements-87c0755b7344e6396549187e159f1528\" style=\"color:#0046ad\">\u200bLeggi le nostre Policy su Quality, Energy, Environment, Health &amp; Safety<\/h2>\n\n\n\n<p>\u200bLeggi le nostre Policy su Quality, Energy, Environment, Health &amp; Safety<\/p>\n\n\n\n<div class=\"wp-block-buttons is-layout-flex wp-block-buttons-is-layout-flex\">\n<div class=\"wp-block-button is-style-outline is-style-outline--1\"><a class=\"wp-block-button__link has-text-color has-link-color wp-element-button\" href=\"https:\/\/www.comau.com\/wp-content\/uploads\/2022\/06\/2022-05-Quality-Policy-signed.pdf\" style=\"border-radius:100px;color:#414141\" target=\"_blank\" rel=\"noreferrer noopener\">Quality Policy<\/a><\/div>\n\n\n\n<div class=\"wp-block-button is-style-outline is-style-outline--2\"><a class=\"wp-block-button__link has-text-color has-link-color wp-element-button\" href=\"https:\/\/www.comau.com\/wp-content\/uploads\/2025\/03\/Comau-Global-Energy-policy.pdf\" style=\"border-radius:100px;color:#414141\" target=\"_blank\" rel=\"noreferrer noopener\">Energy Policy<\/a><\/div>\n\n\n\n<div class=\"wp-block-button is-style-outline is-style-outline--3\"><a class=\"wp-block-button__link has-text-color has-link-color wp-element-button\" href=\"https:\/\/www.comau.com\/wp-content\/uploads\/2021\/06\/Environmental-Protection.pdf\" style=\"border-radius:100px;color:#414141\" target=\"_blank\" rel=\"noreferrer noopener\">Environment Policy<\/a><\/div>\n\n\n\n<div class=\"wp-block-button is-style-outline is-style-outline--4\"><a class=\"wp-block-button__link has-text-color has-link-color wp-element-button\" href=\"https:\/\/www.comau.com\/wp-content\/uploads\/2026\/02\/HS-Policy.pdf\" style=\"border-radius:100px;color:#414141\" target=\"_blank\" rel=\"noreferrer noopener\">Health &amp; Safety Policy<\/a><\/div>\n<\/div>\n\n\n\n<div style=\"height:25px\" aria-hidden=\"true\" class=\"wp-block-spacer\"><\/div>\n\n\n\n<h2 class=\"wp-block-heading has-text-color has-link-color wp-elements-4af468ac18c826eb7f7d37b8ceb858e5\" style=\"color:#0046ad\">Comau Quality Management System Certification<\/h2>\n\n\n\n<p>\u200bLeggi la certificazione che attesta l\u2019adozione, da parte di Comau, dei requisiti richiesti dalla ISO 9001:2015, a livello globale:<\/p>\n\n\n\n<div class=\"wp-block-buttons is-layout-flex wp-block-buttons-is-layout-flex\">\n<div class=\"wp-block-button is-style-outline is-style-outline--5\"><a class=\"wp-block-button__link has-white-background-color has-text-color has-background has-link-color wp-element-button\" href=\"https:\/\/www.comau.com\/wp-content\/uploads\/2025\/07\/COMAU_ISO_9001-ENG-C572635-5-20250707.pdf\" style=\"border-radius:100px;color:#414141\" target=\"_blank\" rel=\"\">ISO 9001:2015 Corporate Certificate<\/a><\/div>\n<\/div>\n\n\n\n<div style=\"height:25px\" aria-hidden=\"true\" class=\"wp-block-spacer\"><\/div>\n\n\n\n<h2 class=\"wp-block-heading has-text-color has-link-color wp-elements-56e109ad7eab3dffdf08084e971c93dd\" style=\"color:#0046ad\">Sistema di Gestione Della Sicurezza delle Informazioni<\/h2>\n\n\n\n<p>Comau si impegna a proteggere la riservatezza, l&#8217;integrit\u00e0 e la disponibilit\u00e0 delle proprie informazioni e di quelle affidateci dai nostri clienti, partner e dipendenti. La presente Politica sulla sicurezza delle informazioni delinea il nostro impegno e fornisce il quadro di riferimento per la gestione dei rischi relativi alla sicurezza delle informazioni in linea con gli standard riconosciuti a livello internazionale, tra cui ISO\/IEC 27001 e TISAX (Trusted Information Security Assessment Exchange).<\/p>\n\n\n\n<p>Comau rivede e migliora regolarmente il Sistema di gestione della sicurezza delle informazioni (ISMS) per far fronte alle minacce e alle tecnologie in continua evoluzione.<\/p>\n\n\n\n<p>La presente politica si applica a tutte le informazioni in qualsiasi formato (digitale, fisico, verbale) e a tutte le risorse di elaborazione delle informazioni di propriet\u00e0 o utilizzate da Comau. Si applica a tutti i dipendenti, appaltatori e terzi che hanno accesso ai nostri sistemi informativi.<\/p>\n\n\n\n<p>Il nostro ISMS \u00e8 strutturato per soddisfare i requisiti della norma ISO\/IEC 27001:2022. Abbiamo stabilito un approccio basato sul rischio alla sicurezza delle informazioni e i nostri controlli di sicurezza derivano dai controlli dell&#8217;allegato A della norma ISO 27001. Inoltre, in qualit\u00e0 di partecipanti alla catena di fornitura automobilistica, ci impegniamo a soddisfare i requisiti di sicurezza delle informazioni di TISAX.<\/p>\n\n\n\n<div class=\"wp-block-buttons is-layout-flex wp-block-buttons-is-layout-flex\">\n<div class=\"wp-block-button is-style-outline is-style-outline--6\"><a class=\"wp-block-button__link has-text-color has-link-color wp-element-button\" href=\"https:\/\/www.comau.com\/wp-content\/uploads\/2025\/10\/MSC-Certificate-1.pdf\" style=\"border-radius:100px;color:#414141\" target=\"_blank\" rel=\"\">ISO\/IEC 27001:2022 CERTIFICATE<\/a><\/div>\n<\/div>\n\n\n\n<p>A questo proposito, Comau ha deciso di implementare un sistema ISMS finalizzato a garantire adeguati livelli di riservatezza, integrit\u00e0 e disponibilit\u00e0 delle informazioni.<\/p>\n\n\n\n<div style=\"height:25px\" aria-hidden=\"true\" class=\"wp-block-spacer\"><\/div>\n\n\n\n<p class=\"has-medium-font-size\"><strong>Accesso alla nostra politica sulla sicurezza delle informazioni<\/strong><\/p>\n\n\n\n<p>La documentazione completa relativa alla nostra politica sulla sicurezza delle informazioni \u00e8 pubblica e disponibile su richiesta. Per ulteriori informazioni, contattare isms@comau.com.<\/p>\n\n\n\n<div style=\"height:0px\" aria-hidden=\"true\" class=\"wp-block-spacer\"><\/div>\n","protected":false},"excerpt":{"rendered":"<p>Obiettivi di Comau nella gestione della qualit\u00e0 Il sistema di gestione della qualit\u00e0 di Comau risponde ai pi\u00f9 recenti standard internazionali &#8211; fra cui ISO 9001:2015, ISO 14001:2015, ISO 50001 e OHSAS 18001 &#8211; e copre tutte le sedi dell\u2019azienda a livello globale. In tal modo, Comau dimostra la grande importanza e l\u2019attenzione costante dedicata [&hellip;]<\/p>\n","protected":false},"author":11,"featured_media":3766,"parent":3681,"menu_order":5,"comment_status":"closed","ping_status":"closed","template":"","meta":{"_acf_changed":false,"ep_exclude_from_search":false,"footnotes":""},"class_list":["post-3763","page","type-page","status-publish","has-post-thumbnail","hentry"],"acf":[],"yoast_head":"<!-- This site is optimized with the Yoast SEO plugin v26.9 - https:\/\/yoast.com\/product\/yoast-seo-wordpress\/ -->\n<title>Qualit\u00e0 e sostenibilit\u00e0 - Comau<\/title>\n<meta name=\"description\" content=\"Qualit\u00e0 e sostenibilit\u00e0 sono basi fondamentali di tutte le attivit\u00e0 di Comau: scopri le nostre policy e certificati sul nostro sito ufficiale!\" \/>\n<meta name=\"robots\" content=\"index, follow, max-snippet:-1, max-image-preview:large, max-video-preview:-1\" \/>\n<link rel=\"canonical\" href=\"https:\/\/www.comau.com\/it\/about-us\/qualita-e-sostenibilita\/\" \/>\n<meta property=\"og:locale\" content=\"it_IT\" \/>\n<meta property=\"og:type\" content=\"article\" \/>\n<meta property=\"og:title\" content=\"Qualit\u00e0 e sostenibilit\u00e0 - Comau\" \/>\n<meta property=\"og:description\" content=\"Qualit\u00e0 e sostenibilit\u00e0 sono basi fondamentali di tutte le attivit\u00e0 di Comau: scopri le nostre policy e certificati sul nostro sito ufficiale!\" \/>\n<meta property=\"og:url\" content=\"https:\/\/www.comau.com\/it\/about-us\/qualita-e-sostenibilita\/\" \/>\n<meta property=\"og:site_name\" content=\"Comau\" \/>\n<meta property=\"article:publisher\" content=\"https:\/\/www.facebook.com\/COMAU\/\" \/>\n<meta property=\"article:modified_time\" content=\"2026-02-12T14:59:09+00:00\" \/>\n<meta property=\"og:image\" content=\"https:\/\/www.comau.com\/wp-content\/uploads\/2021\/06\/sustainabily_header.jpg\" \/>\n\t<meta property=\"og:image:width\" content=\"1280\" \/>\n\t<meta property=\"og:image:height\" content=\"485\" \/>\n\t<meta property=\"og:image:type\" content=\"image\/jpeg\" \/>\n<meta name=\"twitter:card\" content=\"summary_large_image\" \/>\n<meta name=\"twitter:site\" content=\"@comaugroup\" \/>\n<meta name=\"twitter:label1\" content=\"Tempo di lettura stimato\" \/>\n\t<meta name=\"twitter:data1\" content=\"3 minuti\" \/>\n<script type=\"application\/ld+json\" class=\"yoast-schema-graph\">{\"@context\":\"https:\/\/schema.org\",\"@graph\":[{\"@type\":\"WebPage\",\"@id\":\"https:\/\/www.comau.com\/it\/about-us\/qualita-e-sostenibilita\/\",\"url\":\"https:\/\/www.comau.com\/it\/about-us\/qualita-e-sostenibilita\/\",\"name\":\"Qualit\u00e0 e sostenibilit\u00e0 - Comau\",\"isPartOf\":{\"@id\":\"https:\/\/www.comau.com\/it\/#website\"},\"primaryImageOfPage\":{\"@id\":\"https:\/\/www.comau.com\/it\/about-us\/qualita-e-sostenibilita\/#primaryimage\"},\"image\":{\"@id\":\"https:\/\/www.comau.com\/it\/about-us\/qualita-e-sostenibilita\/#primaryimage\"},\"thumbnailUrl\":\"https:\/\/www.comau.com\/wp-content\/uploads\/2021\/06\/sustainabily_header.jpg\",\"datePublished\":\"2021-05-31T22:05:31+00:00\",\"dateModified\":\"2026-02-12T14:59:09+00:00\",\"description\":\"Qualit\u00e0 e sostenibilit\u00e0 sono basi fondamentali di tutte le attivit\u00e0 di Comau: scopri le nostre policy e certificati sul nostro sito ufficiale!\",\"breadcrumb\":{\"@id\":\"https:\/\/www.comau.com\/it\/about-us\/qualita-e-sostenibilita\/#breadcrumb\"},\"inLanguage\":\"it-IT\",\"potentialAction\":[{\"@type\":\"ReadAction\",\"target\":[\"https:\/\/www.comau.com\/it\/about-us\/qualita-e-sostenibilita\/\"]}]},{\"@type\":\"ImageObject\",\"inLanguage\":\"it-IT\",\"@id\":\"https:\/\/www.comau.com\/it\/about-us\/qualita-e-sostenibilita\/#primaryimage\",\"url\":\"https:\/\/www.comau.com\/wp-content\/uploads\/2021\/06\/sustainabily_header.jpg\",\"contentUrl\":\"https:\/\/www.comau.com\/wp-content\/uploads\/2021\/06\/sustainabily_header.jpg\",\"width\":1280,\"height\":485},{\"@type\":\"BreadcrumbList\",\"@id\":\"https:\/\/www.comau.com\/it\/about-us\/qualita-e-sostenibilita\/#breadcrumb\",\"itemListElement\":[{\"@type\":\"ListItem\",\"position\":1,\"name\":\"Home\",\"item\":\"https:\/\/www.comau.com\/it\/\"},{\"@type\":\"ListItem\",\"position\":2,\"name\":\"Questa \u00e8 Comau\",\"item\":\"https:\/\/www.comau.com\/it\/about-us\/\"},{\"@type\":\"ListItem\",\"position\":3,\"name\":\"Qualit\u00e0\"}]},{\"@type\":\"WebSite\",\"@id\":\"https:\/\/www.comau.com\/it\/#website\",\"url\":\"https:\/\/www.comau.com\/it\/\",\"name\":\"Comau\",\"description\":\"Industrial automation and robotics\",\"publisher\":{\"@id\":\"https:\/\/www.comau.com\/it\/#organization\"},\"potentialAction\":[{\"@type\":\"SearchAction\",\"target\":{\"@type\":\"EntryPoint\",\"urlTemplate\":\"https:\/\/www.comau.com\/it\/?s={search_term_string}\"},\"query-input\":{\"@type\":\"PropertyValueSpecification\",\"valueRequired\":true,\"valueName\":\"search_term_string\"}}],\"inLanguage\":\"it-IT\"},{\"@type\":\"Organization\",\"@id\":\"https:\/\/www.comau.com\/it\/#organization\",\"name\":\"Comau\",\"url\":\"https:\/\/www.comau.com\/it\/\",\"logo\":{\"@type\":\"ImageObject\",\"inLanguage\":\"it-IT\",\"@id\":\"https:\/\/www.comau.com\/it\/#\/schema\/logo\/image\/\",\"url\":\"https:\/\/www.comau.com\/wp-content\/uploads\/2024\/07\/cropped-Logo-COMAU.png\",\"contentUrl\":\"https:\/\/www.comau.com\/wp-content\/uploads\/2024\/07\/cropped-Logo-COMAU.png\",\"width\":434,\"height\":434,\"caption\":\"Comau\"},\"image\":{\"@id\":\"https:\/\/www.comau.com\/it\/#\/schema\/logo\/image\/\"},\"sameAs\":[\"https:\/\/www.facebook.com\/COMAU\/\",\"https:\/\/x.com\/comaugroup\",\"https:\/\/www.instagram.com\/comaugroup\/\",\"https:\/\/www.linkedin.com\/company\/comau\",\"https:\/\/www.youtube.com\/user\/comau\"]}]}<\/script>\n<!-- \/ Yoast SEO plugin. -->","yoast_head_json":{"title":"Qualit\u00e0 e sostenibilit\u00e0 - Comau","description":"Qualit\u00e0 e sostenibilit\u00e0 sono basi fondamentali di tutte le attivit\u00e0 di Comau: scopri le nostre policy e certificati sul nostro sito ufficiale!","robots":{"index":"index","follow":"follow","max-snippet":"max-snippet:-1","max-image-preview":"max-image-preview:large","max-video-preview":"max-video-preview:-1"},"canonical":"https:\/\/www.comau.com\/it\/about-us\/qualita-e-sostenibilita\/","og_locale":"it_IT","og_type":"article","og_title":"Qualit\u00e0 e sostenibilit\u00e0 - Comau","og_description":"Qualit\u00e0 e sostenibilit\u00e0 sono basi fondamentali di tutte le attivit\u00e0 di Comau: scopri le nostre policy e certificati sul nostro sito ufficiale!","og_url":"https:\/\/www.comau.com\/it\/about-us\/qualita-e-sostenibilita\/","og_site_name":"Comau","article_publisher":"https:\/\/www.facebook.com\/COMAU\/","article_modified_time":"2026-02-12T14:59:09+00:00","og_image":[{"width":1280,"height":485,"url":"https:\/\/www.comau.com\/wp-content\/uploads\/2021\/06\/sustainabily_header.jpg","type":"image\/jpeg"}],"twitter_card":"summary_large_image","twitter_site":"@comaugroup","twitter_misc":{"Tempo di lettura stimato":"3 minuti"},"schema":{"@context":"https:\/\/schema.org","@graph":[{"@type":"WebPage","@id":"https:\/\/www.comau.com\/it\/about-us\/qualita-e-sostenibilita\/","url":"https:\/\/www.comau.com\/it\/about-us\/qualita-e-sostenibilita\/","name":"Qualit\u00e0 e sostenibilit\u00e0 - Comau","isPartOf":{"@id":"https:\/\/www.comau.com\/it\/#website"},"primaryImageOfPage":{"@id":"https:\/\/www.comau.com\/it\/about-us\/qualita-e-sostenibilita\/#primaryimage"},"image":{"@id":"https:\/\/www.comau.com\/it\/about-us\/qualita-e-sostenibilita\/#primaryimage"},"thumbnailUrl":"https:\/\/www.comau.com\/wp-content\/uploads\/2021\/06\/sustainabily_header.jpg","datePublished":"2021-05-31T22:05:31+00:00","dateModified":"2026-02-12T14:59:09+00:00","description":"Qualit\u00e0 e sostenibilit\u00e0 sono basi fondamentali di tutte le attivit\u00e0 di Comau: scopri le nostre policy e certificati sul nostro sito ufficiale!","breadcrumb":{"@id":"https:\/\/www.comau.com\/it\/about-us\/qualita-e-sostenibilita\/#breadcrumb"},"inLanguage":"it-IT","potentialAction":[{"@type":"ReadAction","target":["https:\/\/www.comau.com\/it\/about-us\/qualita-e-sostenibilita\/"]}]},{"@type":"ImageObject","inLanguage":"it-IT","@id":"https:\/\/www.comau.com\/it\/about-us\/qualita-e-sostenibilita\/#primaryimage","url":"https:\/\/www.comau.com\/wp-content\/uploads\/2021\/06\/sustainabily_header.jpg","contentUrl":"https:\/\/www.comau.com\/wp-content\/uploads\/2021\/06\/sustainabily_header.jpg","width":1280,"height":485},{"@type":"BreadcrumbList","@id":"https:\/\/www.comau.com\/it\/about-us\/qualita-e-sostenibilita\/#breadcrumb","itemListElement":[{"@type":"ListItem","position":1,"name":"Home","item":"https:\/\/www.comau.com\/it\/"},{"@type":"ListItem","position":2,"name":"Questa \u00e8 Comau","item":"https:\/\/www.comau.com\/it\/about-us\/"},{"@type":"ListItem","position":3,"name":"Qualit\u00e0"}]},{"@type":"WebSite","@id":"https:\/\/www.comau.com\/it\/#website","url":"https:\/\/www.comau.com\/it\/","name":"Comau","description":"Industrial automation and robotics","publisher":{"@id":"https:\/\/www.comau.com\/it\/#organization"},"potentialAction":[{"@type":"SearchAction","target":{"@type":"EntryPoint","urlTemplate":"https:\/\/www.comau.com\/it\/?s={search_term_string}"},"query-input":{"@type":"PropertyValueSpecification","valueRequired":true,"valueName":"search_term_string"}}],"inLanguage":"it-IT"},{"@type":"Organization","@id":"https:\/\/www.comau.com\/it\/#organization","name":"Comau","url":"https:\/\/www.comau.com\/it\/","logo":{"@type":"ImageObject","inLanguage":"it-IT","@id":"https:\/\/www.comau.com\/it\/#\/schema\/logo\/image\/","url":"https:\/\/www.comau.com\/wp-content\/uploads\/2024\/07\/cropped-Logo-COMAU.png","contentUrl":"https:\/\/www.comau.com\/wp-content\/uploads\/2024\/07\/cropped-Logo-COMAU.png","width":434,"height":434,"caption":"Comau"},"image":{"@id":"https:\/\/www.comau.com\/it\/#\/schema\/logo\/image\/"},"sameAs":["https:\/\/www.facebook.com\/COMAU\/","https:\/\/x.com\/comaugroup","https:\/\/www.instagram.com\/comaugroup\/","https:\/\/www.linkedin.com\/company\/comau","https:\/\/www.youtube.com\/user\/comau"]}]}},"_links":{"self":[{"href":"https:\/\/www.comau.com\/it\/wp-json\/wp\/v2\/pages\/3763","targetHints":{"allow":["GET"]}}],"collection":[{"href":"https:\/\/www.comau.com\/it\/wp-json\/wp\/v2\/pages"}],"about":[{"href":"https:\/\/www.comau.com\/it\/wp-json\/wp\/v2\/types\/page"}],"author":[{"embeddable":true,"href":"https:\/\/www.comau.com\/it\/wp-json\/wp\/v2\/users\/11"}],"replies":[{"embeddable":true,"href":"https:\/\/www.comau.com\/it\/wp-json\/wp\/v2\/comments?post=3763"}],"version-history":[{"count":60,"href":"https:\/\/www.comau.com\/it\/wp-json\/wp\/v2\/pages\/3763\/revisions"}],"predecessor-version":[{"id":85772,"href":"https:\/\/www.comau.com\/it\/wp-json\/wp\/v2\/pages\/3763\/revisions\/85772"}],"up":[{"embeddable":true,"href":"https:\/\/www.comau.com\/it\/wp-json\/wp\/v2\/pages\/3681"}],"wp:featuredmedia":[{"embeddable":true,"href":"https:\/\/www.comau.com\/it\/wp-json\/wp\/v2\/media\/3766"}],"wp:attachment":[{"href":"https:\/\/www.comau.com\/it\/wp-json\/wp\/v2\/media?parent=3763"}],"curies":[{"name":"wp","href":"https:\/\/api.w.org\/{rel}","templated":true}]}}