{"id":3751,"date":"2021-06-01T00:09:04","date_gmt":"2021-05-31T22:09:04","guid":{"rendered":"https:\/\/www.comau.com\/?page_id=3751"},"modified":"2025-11-19T21:20:50","modified_gmt":"2025-11-19T20:20:50","slug":"funded-projects","status":"publish","type":"page","link":"https:\/\/www.comau.com\/it\/about-us\/funded-projects\/","title":{"rendered":"Funded Projects"},"content":{"rendered":"\n<h2 class=\"wp-block-heading\" id=\"projects\">Progetti<\/h2>\n\n\n\n<p>Il panorama industriale \u00e8 in continua evoluzione. Per questa ragione Comau \u00e8 un collaboratore attivo di un network internazionale che ricerca e realizza numerosi progetti volti a favorire l&#8217;innovazione e la competitivit\u00e0 in settori strategici della societ\u00e0. Accanto a istituzioni pubbliche, universit\u00e0 e aziende private, utilizziamo la nostra vasta esperienza e know-how in Robotica, Automazione, Elettrificazione, Powertrain &amp; Machining per aiutare i grandi produttori e le PMI a stare al passo con i continui cambiamenti dei mercati globali.<\/p>\n\n\n\n<div class=\"wp-block-columns is-layout-flex wp-container-core-columns-is-layout-9d6595d7 wp-block-columns-is-layout-flex\">\n<div class=\"wp-block-column is-layout-flow wp-block-column-is-layout-flow\">\n<h3 class=\"wp-block-heading h3\" id=\"robotics\">Robotica<\/h3>\n\n\n\n<figure class=\"wp-block-image size-large\"><a href=\"https:\/\/www.comau.com\/it\/about-us\/funded-projects\/robotics\/\"><img decoding=\"async\" width=\"1024\" height=\"576\" src=\"https:\/\/www.comau.com\/wp-content\/uploads\/2025\/07\/Comau_Industrial-Automation_Collaborative-Mobile-Robots_1920x1080_96dpi-1024x576.jpg\" alt=\"\" class=\"wp-image-80443\" srcset=\"https:\/\/www.comau.com\/wp-content\/uploads\/2025\/07\/Comau_Industrial-Automation_Collaborative-Mobile-Robots_1920x1080_96dpi-1024x576.jpg 1024w, https:\/\/www.comau.com\/wp-content\/uploads\/2025\/07\/Comau_Industrial-Automation_Collaborative-Mobile-Robots_1920x1080_96dpi-300x169.jpg 300w, https:\/\/www.comau.com\/wp-content\/uploads\/2025\/07\/Comau_Industrial-Automation_Collaborative-Mobile-Robots_1920x1080_96dpi-768x432.jpg 768w, https:\/\/www.comau.com\/wp-content\/uploads\/2025\/07\/Comau_Industrial-Automation_Collaborative-Mobile-Robots_1920x1080_96dpi-1536x864.jpg 1536w, https:\/\/www.comau.com\/wp-content\/uploads\/2025\/07\/Comau_Industrial-Automation_Collaborative-Mobile-Robots_1920x1080_96dpi.jpg 1920w\" sizes=\"(max-width: 1024px) 100vw, 1024px\" \/><\/a><\/figure>\n\n\n\n<p>Decenni di esperienza hanno reso Comau un nome familiare nel settore della robotica.<\/p>\n\n\n\n<div class=\"wp-block-buttons is-layout-flex wp-block-buttons-is-layout-flex\">\n<div class=\"wp-block-button\"><a class=\"wp-block-button__link wp-element-button\" href=\"https:\/\/www.comau.com\/it\/about-us\/funded-projects\/robotics\/\">Leggi di pi\u00f9<\/a><\/div>\n<\/div>\n<\/div>\n\n\n\n<div class=\"wp-block-column is-layout-flow wp-block-column-is-layout-flow\">\n<h3 class=\"wp-block-heading h3\" id=\"powertrain-machining\">Powertrain &amp; Machining<\/h3>\n\n\n\n<figure class=\"wp-block-image size-large\"><a href=\"https:\/\/www.comau.com\/it\/competencies\/systems\/powertrain-machining\/\"><img decoding=\"async\" width=\"1024\" height=\"683\" src=\"https:\/\/www.comau.com\/wp-content\/uploads\/2021\/12\/d0c58795a0c559f14c2baffd7655fcd2-1024x683.jpg\" alt=\"\" class=\"wp-image-40204\" srcset=\"https:\/\/www.comau.com\/wp-content\/uploads\/2021\/12\/d0c58795a0c559f14c2baffd7655fcd2-1024x683.jpg 1024w, https:\/\/www.comau.com\/wp-content\/uploads\/2021\/12\/d0c58795a0c559f14c2baffd7655fcd2-300x200.jpg 300w, https:\/\/www.comau.com\/wp-content\/uploads\/2021\/12\/d0c58795a0c559f14c2baffd7655fcd2-768x512.jpg 768w, https:\/\/www.comau.com\/wp-content\/uploads\/2021\/12\/d0c58795a0c559f14c2baffd7655fcd2.jpg 1236w\" sizes=\"(max-width: 1024px) 100vw, 1024px\" \/><\/a><\/figure>\n\n\n\n<p>Nel corso degli anni, l&#8217;esperienza Powertrain e Machining di Comau \u00e8 stata una risorsa importante per lo sviluppo di molti progetti europei.<\/p>\n\n\n\n<div class=\"wp-block-buttons is-layout-flex wp-block-buttons-is-layout-flex\">\n<div class=\"wp-block-button\"><a class=\"wp-block-button__link wp-element-button\" href=\"https:\/\/www.comau.com\/en\/our-offer\/systems\/powertrain-machining\/\">Leggi di pi\u00f9<\/a><\/div>\n<\/div>\n<\/div>\n<\/div>\n\n\n\n<div class=\"wp-block-columns is-layout-flex wp-container-core-columns-is-layout-9d6595d7 wp-block-columns-is-layout-flex\">\n<div class=\"wp-block-column is-layout-flow wp-block-column-is-layout-flow\">\n<h3 class=\"wp-block-heading h3\" id=\"electrification\">Elettrificazione<\/h3>\n\n\n\n<figure class=\"wp-block-image size-large\"><a href=\"https:\/\/www.comau.com\/it\/about-us\/funded-projects\/electrification\/\"><img decoding=\"async\" width=\"1024\" height=\"576\" src=\"https:\/\/www.comau.com\/wp-content\/uploads\/2024\/08\/Comau_Battery-Manufacturing-and-Recycling_1920x1080_96dpi-1024x576.jpg\" alt=\"automated robotic system for battery manufacturing and dismantling\" class=\"wp-image-67349\" srcset=\"https:\/\/www.comau.com\/wp-content\/uploads\/2024\/08\/Comau_Battery-Manufacturing-and-Recycling_1920x1080_96dpi-1024x576.jpg 1024w, https:\/\/www.comau.com\/wp-content\/uploads\/2024\/08\/Comau_Battery-Manufacturing-and-Recycling_1920x1080_96dpi-300x169.jpg 300w, https:\/\/www.comau.com\/wp-content\/uploads\/2024\/08\/Comau_Battery-Manufacturing-and-Recycling_1920x1080_96dpi-768x432.jpg 768w, https:\/\/www.comau.com\/wp-content\/uploads\/2024\/08\/Comau_Battery-Manufacturing-and-Recycling_1920x1080_96dpi-1536x864.jpg 1536w, https:\/\/www.comau.com\/wp-content\/uploads\/2024\/08\/Comau_Battery-Manufacturing-and-Recycling_1920x1080_96dpi.jpg 1920w\" sizes=\"(max-width: 1024px) 100vw, 1024px\" \/><\/a><\/figure>\n\n\n\n<p>Dalla mobilit\u00e0 alla produzione industriale, l&#8217;elettrificazione sta rimodellando l&#8217;industria europea.<\/p>\n\n\n\n<div class=\"wp-block-buttons is-layout-flex wp-block-buttons-is-layout-flex\">\n<div class=\"wp-block-button\"><a class=\"wp-block-button__link wp-element-button\" href=\"https:\/\/www.comau.com\/it\/about-us\/funded-projects\/electrification\/\">Leggi di pi\u00f9<\/a><\/div>\n<\/div>\n<\/div>\n\n\n\n<div class=\"wp-block-column is-layout-flow wp-block-column-is-layout-flow\">\n<h3 class=\"wp-block-heading h3\" id=\"automation-system\">Sistemi di automazione<\/h3>\n\n\n\n<figure class=\"wp-block-image size-full\"><a href=\"https:\/\/www.comau.com\/it\/about-us\/funded-projects\/automation-system\/\"><img decoding=\"async\" width=\"1024\" height=\"683\" src=\"https:\/\/www.comau.com\/wp-content\/uploads\/2021\/12\/Automation-System-1.jpg\" alt=\"\" class=\"wp-image-40979\" srcset=\"https:\/\/www.comau.com\/wp-content\/uploads\/2021\/12\/Automation-System-1.jpg 1024w, https:\/\/www.comau.com\/wp-content\/uploads\/2021\/12\/Automation-System-1-300x200.jpg 300w, https:\/\/www.comau.com\/wp-content\/uploads\/2021\/12\/Automation-System-1-768x512.jpg 768w\" sizes=\"(max-width: 1024px) 100vw, 1024px\" \/><\/a><\/figure>\n\n\n\n<p>L&#8217;ampio portafoglio di soluzioni di Sistemi di Automazione di Comau ci rende un partner importante in numerosi progetti nazionali e internazionali.<\/p>\n\n\n\n<div class=\"wp-block-buttons is-layout-flex wp-block-buttons-is-layout-flex\">\n<div class=\"wp-block-button\"><a class=\"wp-block-button__link wp-element-button\" href=\"https:\/\/www.comau.com\/en\/about-us\/funded-projects\/automation-system\/\">Leggi di pi\u00f9<\/a><\/div>\n<\/div>\n<\/div>\n<\/div>\n\n\n\n<div class=\"wp-block-columns is-layout-flex wp-container-core-columns-is-layout-9d6595d7 wp-block-columns-is-layout-flex\">\n<div class=\"wp-block-column is-layout-flow wp-block-column-is-layout-flow\">\n<h3 class=\"wp-block-heading h3\" id=\"digital-innovation\">Innovazione digitale<\/h3>\n\n\n\n<figure class=\"wp-block-image size-large\"><a href=\"https:\/\/www.comau.com\/it\/about-us\/funded-projects\/digital-innovation-projects\/\"><img decoding=\"async\" width=\"1024\" height=\"683\" src=\"https:\/\/www.comau.com\/wp-content\/uploads\/2021\/12\/aca627849905f30cd9d164fe07c8fd25-1024x683.jpg\" alt=\"\" class=\"wp-image-40236\" srcset=\"https:\/\/www.comau.com\/wp-content\/uploads\/2021\/12\/aca627849905f30cd9d164fe07c8fd25-1024x683.jpg 1024w, https:\/\/www.comau.com\/wp-content\/uploads\/2021\/12\/aca627849905f30cd9d164fe07c8fd25-300x200.jpg 300w, https:\/\/www.comau.com\/wp-content\/uploads\/2021\/12\/aca627849905f30cd9d164fe07c8fd25-768x512.jpg 768w, https:\/\/www.comau.com\/wp-content\/uploads\/2021\/12\/aca627849905f30cd9d164fe07c8fd25.jpg 1236w\" sizes=\"(max-width: 1024px) 100vw, 1024px\" \/><\/a><\/figure>\n\n\n\n<p>La competenza digitale di Comau \u00e8 stata cruciale per numerosi progetti europei nel corso degli anni.<\/p>\n\n\n\n<div class=\"wp-block-buttons is-layout-flex wp-block-buttons-is-layout-flex\">\n<div class=\"wp-block-button\"><a class=\"wp-block-button__link wp-element-button\" href=\"https:\/\/www.comau.com\/it\/about-us\/funded-projects\/digital-innovation-projects\/\">Leggi di pi\u00f9<\/a><\/div>\n<\/div>\n<\/div>\n\n\n\n<div class=\"wp-block-column is-layout-flow wp-block-column-is-layout-flow\"><\/div>\n<\/div>\n","protected":false},"excerpt":{"rendered":"<p>Progetti Il panorama industriale \u00e8 in continua evoluzione. Per questa ragione Comau \u00e8 un collaboratore attivo di un network internazionale che ricerca e realizza numerosi progetti volti a favorire l&#8217;innovazione e la competitivit\u00e0 in settori strategici della societ\u00e0. Accanto a istituzioni pubbliche, universit\u00e0 e aziende private, utilizziamo la nostra vasta esperienza e know-how in Robotica, [&hellip;]<\/p>\n","protected":false},"author":11,"featured_media":40211,"parent":3681,"menu_order":9,"comment_status":"closed","ping_status":"closed","template":"","meta":{"_acf_changed":false,"ep_exclude_from_search":false,"footnotes":""},"class_list":["post-3751","page","type-page","status-publish","has-post-thumbnail","hentry"],"acf":[],"yoast_head":"<!-- This site is optimized with the Yoast SEO plugin v26.9 - https:\/\/yoast.com\/product\/yoast-seo-wordpress\/ -->\n<title>Progetti di Automazione Industriale e Monitoraggio Sistemi | Comau<\/title>\n<meta name=\"description\" content=\"Consulta i progetti di automazione industriale realizzati da Comau e scopri quello pi\u00f9 vicino alle tue esigenze.\" \/>\n<meta name=\"robots\" content=\"index, follow, max-snippet:-1, max-image-preview:large, max-video-preview:-1\" \/>\n<link rel=\"canonical\" href=\"https:\/\/www.comau.com\/it\/about-us\/funded-projects\/\" \/>\n<meta property=\"og:locale\" content=\"it_IT\" \/>\n<meta property=\"og:type\" content=\"article\" \/>\n<meta property=\"og:title\" content=\"Progetti di Automazione Industriale e Monitoraggio Sistemi | Comau\" \/>\n<meta property=\"og:description\" content=\"Consulta i progetti di automazione industriale realizzati da Comau e scopri quello pi\u00f9 vicino alle tue esigenze.\" \/>\n<meta property=\"og:url\" content=\"https:\/\/www.comau.com\/it\/about-us\/funded-projects\/\" \/>\n<meta property=\"og:site_name\" content=\"Comau\" \/>\n<meta property=\"article:publisher\" content=\"https:\/\/www.facebook.com\/COMAU\/\" \/>\n<meta property=\"article:modified_time\" content=\"2025-11-19T20:20:50+00:00\" \/>\n<meta property=\"og:image\" content=\"https:\/\/www.comau.com\/wp-content\/uploads\/2021\/12\/shutterstock_1708245121-scaled.jpg\" \/>\n\t<meta property=\"og:image:width\" content=\"2560\" \/>\n\t<meta property=\"og:image:height\" content=\"808\" \/>\n\t<meta property=\"og:image:type\" content=\"image\/jpeg\" \/>\n<meta name=\"twitter:card\" content=\"summary_large_image\" \/>\n<meta name=\"twitter:site\" content=\"@comaugroup\" \/>\n<meta name=\"twitter:label1\" content=\"Tempo di lettura stimato\" \/>\n\t<meta name=\"twitter:data1\" content=\"3 minuti\" \/>\n<script type=\"application\/ld+json\" class=\"yoast-schema-graph\">{\"@context\":\"https:\/\/schema.org\",\"@graph\":[{\"@type\":\"WebPage\",\"@id\":\"https:\/\/www.comau.com\/it\/about-us\/funded-projects\/\",\"url\":\"https:\/\/www.comau.com\/it\/about-us\/funded-projects\/\",\"name\":\"Progetti di Automazione Industriale e Monitoraggio Sistemi | Comau\",\"isPartOf\":{\"@id\":\"https:\/\/www.comau.com\/it\/#website\"},\"primaryImageOfPage\":{\"@id\":\"https:\/\/www.comau.com\/it\/about-us\/funded-projects\/#primaryimage\"},\"image\":{\"@id\":\"https:\/\/www.comau.com\/it\/about-us\/funded-projects\/#primaryimage\"},\"thumbnailUrl\":\"https:\/\/www.comau.com\/wp-content\/uploads\/2021\/12\/shutterstock_1708245121-scaled.jpg\",\"datePublished\":\"2021-05-31T22:09:04+00:00\",\"dateModified\":\"2025-11-19T20:20:50+00:00\",\"description\":\"Consulta i progetti di automazione industriale realizzati da Comau e scopri quello pi\u00f9 vicino alle tue esigenze.\",\"breadcrumb\":{\"@id\":\"https:\/\/www.comau.com\/it\/about-us\/funded-projects\/#breadcrumb\"},\"inLanguage\":\"it-IT\",\"potentialAction\":[{\"@type\":\"ReadAction\",\"target\":[\"https:\/\/www.comau.com\/it\/about-us\/funded-projects\/\"]}]},{\"@type\":\"ImageObject\",\"inLanguage\":\"it-IT\",\"@id\":\"https:\/\/www.comau.com\/it\/about-us\/funded-projects\/#primaryimage\",\"url\":\"https:\/\/www.comau.com\/wp-content\/uploads\/2021\/12\/shutterstock_1708245121-scaled.jpg\",\"contentUrl\":\"https:\/\/www.comau.com\/wp-content\/uploads\/2021\/12\/shutterstock_1708245121-scaled.jpg\",\"width\":2560,\"height\":808},{\"@type\":\"BreadcrumbList\",\"@id\":\"https:\/\/www.comau.com\/it\/about-us\/funded-projects\/#breadcrumb\",\"itemListElement\":[{\"@type\":\"ListItem\",\"position\":1,\"name\":\"Home\",\"item\":\"https:\/\/www.comau.com\/it\/\"},{\"@type\":\"ListItem\",\"position\":2,\"name\":\"Questa \u00e8 Comau\",\"item\":\"https:\/\/www.comau.com\/it\/about-us\/\"},{\"@type\":\"ListItem\",\"position\":3,\"name\":\"Funded Projects\"}]},{\"@type\":\"WebSite\",\"@id\":\"https:\/\/www.comau.com\/it\/#website\",\"url\":\"https:\/\/www.comau.com\/it\/\",\"name\":\"Comau\",\"description\":\"Industrial automation and robotics\",\"publisher\":{\"@id\":\"https:\/\/www.comau.com\/it\/#organization\"},\"potentialAction\":[{\"@type\":\"SearchAction\",\"target\":{\"@type\":\"EntryPoint\",\"urlTemplate\":\"https:\/\/www.comau.com\/it\/?s={search_term_string}\"},\"query-input\":{\"@type\":\"PropertyValueSpecification\",\"valueRequired\":true,\"valueName\":\"search_term_string\"}}],\"inLanguage\":\"it-IT\"},{\"@type\":\"Organization\",\"@id\":\"https:\/\/www.comau.com\/it\/#organization\",\"name\":\"Comau\",\"url\":\"https:\/\/www.comau.com\/it\/\",\"logo\":{\"@type\":\"ImageObject\",\"inLanguage\":\"it-IT\",\"@id\":\"https:\/\/www.comau.com\/it\/#\/schema\/logo\/image\/\",\"url\":\"https:\/\/www.comau.com\/wp-content\/uploads\/2024\/07\/cropped-Logo-COMAU.png\",\"contentUrl\":\"https:\/\/www.comau.com\/wp-content\/uploads\/2024\/07\/cropped-Logo-COMAU.png\",\"width\":434,\"height\":434,\"caption\":\"Comau\"},\"image\":{\"@id\":\"https:\/\/www.comau.com\/it\/#\/schema\/logo\/image\/\"},\"sameAs\":[\"https:\/\/www.facebook.com\/COMAU\/\",\"https:\/\/x.com\/comaugroup\",\"https:\/\/www.instagram.com\/comaugroup\/\",\"https:\/\/www.linkedin.com\/company\/comau\",\"https:\/\/www.youtube.com\/user\/comau\"]}]}<\/script>\n<!-- \/ Yoast SEO plugin. -->","yoast_head_json":{"title":"Progetti di Automazione Industriale e Monitoraggio Sistemi | Comau","description":"Consulta i progetti di automazione industriale realizzati da Comau e scopri quello pi\u00f9 vicino alle tue esigenze.","robots":{"index":"index","follow":"follow","max-snippet":"max-snippet:-1","max-image-preview":"max-image-preview:large","max-video-preview":"max-video-preview:-1"},"canonical":"https:\/\/www.comau.com\/it\/about-us\/funded-projects\/","og_locale":"it_IT","og_type":"article","og_title":"Progetti di Automazione Industriale e Monitoraggio Sistemi | Comau","og_description":"Consulta i progetti di automazione industriale realizzati da Comau e scopri quello pi\u00f9 vicino alle tue esigenze.","og_url":"https:\/\/www.comau.com\/it\/about-us\/funded-projects\/","og_site_name":"Comau","article_publisher":"https:\/\/www.facebook.com\/COMAU\/","article_modified_time":"2025-11-19T20:20:50+00:00","og_image":[{"width":2560,"height":808,"url":"https:\/\/www.comau.com\/wp-content\/uploads\/2021\/12\/shutterstock_1708245121-scaled.jpg","type":"image\/jpeg"}],"twitter_card":"summary_large_image","twitter_site":"@comaugroup","twitter_misc":{"Tempo di lettura stimato":"3 minuti"},"schema":{"@context":"https:\/\/schema.org","@graph":[{"@type":"WebPage","@id":"https:\/\/www.comau.com\/it\/about-us\/funded-projects\/","url":"https:\/\/www.comau.com\/it\/about-us\/funded-projects\/","name":"Progetti di Automazione Industriale e Monitoraggio Sistemi | Comau","isPartOf":{"@id":"https:\/\/www.comau.com\/it\/#website"},"primaryImageOfPage":{"@id":"https:\/\/www.comau.com\/it\/about-us\/funded-projects\/#primaryimage"},"image":{"@id":"https:\/\/www.comau.com\/it\/about-us\/funded-projects\/#primaryimage"},"thumbnailUrl":"https:\/\/www.comau.com\/wp-content\/uploads\/2021\/12\/shutterstock_1708245121-scaled.jpg","datePublished":"2021-05-31T22:09:04+00:00","dateModified":"2025-11-19T20:20:50+00:00","description":"Consulta i progetti di automazione industriale realizzati da Comau e scopri quello pi\u00f9 vicino alle tue esigenze.","breadcrumb":{"@id":"https:\/\/www.comau.com\/it\/about-us\/funded-projects\/#breadcrumb"},"inLanguage":"it-IT","potentialAction":[{"@type":"ReadAction","target":["https:\/\/www.comau.com\/it\/about-us\/funded-projects\/"]}]},{"@type":"ImageObject","inLanguage":"it-IT","@id":"https:\/\/www.comau.com\/it\/about-us\/funded-projects\/#primaryimage","url":"https:\/\/www.comau.com\/wp-content\/uploads\/2021\/12\/shutterstock_1708245121-scaled.jpg","contentUrl":"https:\/\/www.comau.com\/wp-content\/uploads\/2021\/12\/shutterstock_1708245121-scaled.jpg","width":2560,"height":808},{"@type":"BreadcrumbList","@id":"https:\/\/www.comau.com\/it\/about-us\/funded-projects\/#breadcrumb","itemListElement":[{"@type":"ListItem","position":1,"name":"Home","item":"https:\/\/www.comau.com\/it\/"},{"@type":"ListItem","position":2,"name":"Questa \u00e8 Comau","item":"https:\/\/www.comau.com\/it\/about-us\/"},{"@type":"ListItem","position":3,"name":"Funded Projects"}]},{"@type":"WebSite","@id":"https:\/\/www.comau.com\/it\/#website","url":"https:\/\/www.comau.com\/it\/","name":"Comau","description":"Industrial automation and robotics","publisher":{"@id":"https:\/\/www.comau.com\/it\/#organization"},"potentialAction":[{"@type":"SearchAction","target":{"@type":"EntryPoint","urlTemplate":"https:\/\/www.comau.com\/it\/?s={search_term_string}"},"query-input":{"@type":"PropertyValueSpecification","valueRequired":true,"valueName":"search_term_string"}}],"inLanguage":"it-IT"},{"@type":"Organization","@id":"https:\/\/www.comau.com\/it\/#organization","name":"Comau","url":"https:\/\/www.comau.com\/it\/","logo":{"@type":"ImageObject","inLanguage":"it-IT","@id":"https:\/\/www.comau.com\/it\/#\/schema\/logo\/image\/","url":"https:\/\/www.comau.com\/wp-content\/uploads\/2024\/07\/cropped-Logo-COMAU.png","contentUrl":"https:\/\/www.comau.com\/wp-content\/uploads\/2024\/07\/cropped-Logo-COMAU.png","width":434,"height":434,"caption":"Comau"},"image":{"@id":"https:\/\/www.comau.com\/it\/#\/schema\/logo\/image\/"},"sameAs":["https:\/\/www.facebook.com\/COMAU\/","https:\/\/x.com\/comaugroup","https:\/\/www.instagram.com\/comaugroup\/","https:\/\/www.linkedin.com\/company\/comau","https:\/\/www.youtube.com\/user\/comau"]}]}},"_links":{"self":[{"href":"https:\/\/www.comau.com\/it\/wp-json\/wp\/v2\/pages\/3751","targetHints":{"allow":["GET"]}}],"collection":[{"href":"https:\/\/www.comau.com\/it\/wp-json\/wp\/v2\/pages"}],"about":[{"href":"https:\/\/www.comau.com\/it\/wp-json\/wp\/v2\/types\/page"}],"author":[{"embeddable":true,"href":"https:\/\/www.comau.com\/it\/wp-json\/wp\/v2\/users\/11"}],"replies":[{"embeddable":true,"href":"https:\/\/www.comau.com\/it\/wp-json\/wp\/v2\/comments?post=3751"}],"version-history":[{"count":79,"href":"https:\/\/www.comau.com\/it\/wp-json\/wp\/v2\/pages\/3751\/revisions"}],"predecessor-version":[{"id":83550,"href":"https:\/\/www.comau.com\/it\/wp-json\/wp\/v2\/pages\/3751\/revisions\/83550"}],"up":[{"embeddable":true,"href":"https:\/\/www.comau.com\/it\/wp-json\/wp\/v2\/pages\/3681"}],"wp:featuredmedia":[{"embeddable":true,"href":"https:\/\/www.comau.com\/it\/wp-json\/wp\/v2\/media\/40211"}],"wp:attachment":[{"href":"https:\/\/www.comau.com\/it\/wp-json\/wp\/v2\/media?parent=3751"}],"curies":[{"name":"wp","href":"https:\/\/api.w.org\/{rel}","templated":true}]}}