{"id":3721,"date":"2021-06-01T00:04:13","date_gmt":"2021-05-31T22:04:13","guid":{"rendered":"https:\/\/www.comau.com\/?page_id=3721"},"modified":"2025-03-31T05:45:32","modified_gmt":"2025-03-31T03:45:32","slug":"corporate-governance","status":"publish","type":"page","link":"https:\/\/www.comau.com\/it\/about-us\/corporate-governance\/","title":{"rendered":"Governance Aziendale"},"content":{"rendered":"\n<h1 class=\"wp-block-heading has-text-color has-link-color has-x-large-font-size wp-elements-ae5608568a094ea9ab96a5b1ed4e5080\" style=\"color:#0046ad\">Massima integrit\u00e0, trasparenza e responsabilit\u00e0 in tutte le nostre attivit\u00e0<\/h1>\n\n\n\n<div class=\"wp-block-getwid-advanced-spacer\" style=\"height:20px\" aria-hidden=\"true\"><\/div>\n\n\n\n<p>\u200b\u200bIn Comau, la corporate governance \u00e8 essenziale per mantenere i nostri <strong>standard di trasparenza, integrit\u00e0 e responsabilit\u00e0<\/strong> in tutte le operazioni. Una solida corporate governance promuove una cultura di <strong>comportamento etico<\/strong>, guida il <strong>miglioramento delle prestazioni<\/strong> e garantisce la <strong>conformit\u00e0<\/strong> ai requisiti normativi.<\/p>\n\n\n\n<p>Il Gruppo Comau \u00e8 fortemente impegnato a <strong>condurre le proprie attivit\u00e0 in tutto il mondo in conformit\u00e0 con le leggi, le norme e i regolamenti applicabili<\/strong>, mantenendo i pi\u00f9 elevati standard di etica e integrit\u00e0.<\/p>\n\n\n\n<div class=\"wp-block-buttons is-layout-flex wp-block-buttons-is-layout-flex\">\n<div class=\"wp-block-button is-style-outline is-style-outline--1\"><a class=\"wp-block-button__link has-text-color has-link-color wp-element-button\" href=\"#comau-governance-framework\" style=\"border-radius:100px;color:#3f3f3f\">Approcio<\/a><\/div>\n\n\n\n<div class=\"wp-block-button is-style-outline is-style-outline--2\"><a class=\"wp-block-button__link has-text-color has-link-color wp-element-button\" href=\"#executive-team\" style=\"border-radius:100px;color:#3f3f3f\">Leadership Team<\/a><\/div>\n\n\n\n<div class=\"wp-block-button is-style-outline is-style-outline--3\"><a class=\"wp-block-button__link has-text-color has-link-color wp-element-button\" href=\"#comau-code-of-conduct\" style=\"border-radius:100px;color:#3f3f3f\">Codice di Condotta<\/a><\/div>\n\n\n\n<div class=\"wp-block-button is-style-outline is-style-outline--4\"><a class=\"wp-block-button__link has-text-color has-link-color wp-element-button\" href=\"#comau-esg-commitment\" style=\"border-radius:100px;color:#3f3f3f\">Impegno ESG<\/a><\/div>\n<\/div>\n\n\n\n<div class=\"wp-block-getwid-advanced-spacer\" style=\"height:50px\" aria-hidden=\"true\"><\/div>\n\n\n\n<div class=\"wp-block-getwid-anchor\" id=\"comau-governance-framework\"><\/div>\n\n\n\n<h2 class=\"wp-block-heading has-text-color has-link-color has-large-font-size wp-elements-a229c90bdb4f96be91962f6ebdbecef7\" style=\"color:#0046ad\">Approccio strutturato alla Governance<\/h2>\n\n\n\n<div class=\"wp-block-getwid-advanced-spacer\" style=\"height:20px\" aria-hidden=\"true\"><\/div>\n\n\n\n<p>La struttura di governance di Comau <strong>gestisce efficacemente sia i rischi che le opportunit\u00e0 per garantire una crescita sostenibile<\/strong>. Il Consiglio di Amministrazione supervisiona il quadro di corporate governance, con un comitato esecutivo che si concentra su diverse aree, tra cui cluster di paesi, operazioni, funzioni e leadership globale.<\/p>\n\n\n\n<p>Il Comitato Esecutivo di Comau comprende un <strong>team di leadership altamente esperto e dedicato che condivide una visione comune per la crescita<\/strong> e offre una solida competenza proveniente da diversi background aziendali. <strong>Il Consiglio \u00e8 responsabile della definizione della direzione strategica<\/strong>, della supervisione della gestione e della garanzia dell&#8217;adesione ai principi di governance.<\/p>\n\n\n\n<div style=\"height:25px\" aria-hidden=\"true\" class=\"wp-block-spacer\"><\/div>\n\n\n\n<div class=\"wp-block-getwid-anchor\" id=\"executive-team\"><\/div>\n\n\n\n<div style=\"height:60px\" aria-hidden=\"true\" class=\"wp-block-spacer\"><\/div>\n\n\n\n<div class=\"wp-block-getwid-section getwid-section-content-full-width\"><div class=\"wp-block-getwid-section__wrapper getwid-padding-top-large getwid-padding-bottom-large getwid-padding-left-large getwid-padding-right-large getwid-padding-tablet-top-large getwid-padding-tablet-bottom-large getwid-padding-mobile-top-large getwid-padding-mobile-bottom-large getwid-padding-mobile-left-medium getwid-padding-mobile-right-medium getwid-justify-content-flex-end getwid-justify-content-tablet-flex-end getwid-justify-content-mobile-flex-end\"><div class=\"wp-block-getwid-section__inner-wrapper\"><div class=\"wp-block-getwid-section__background-holder\"><div class=\"wp-block-getwid-section__background\" style=\"background-image:url('https:\/\/www.comau.com\/wp-content\/uploads\/2025\/01\/Comau_CEO-Gorlier-and-Chairman_Nasi-scaled.jpeg')\"><div class=\"wp-block-getwid-section__background-image-wrapper\"><img decoding=\"async\" class=\"wp-block-getwid-section__background-image\" src=\"https:\/\/www.comau.com\/wp-content\/uploads\/2025\/01\/Comau_CEO-Gorlier-and-Chairman_Nasi-scaled.jpeg\" alt=\"Comau CEO and Chairman\" \/><\/div><\/div><div class=\"wp-block-getwid-section__foreground\"><\/div><\/div><div class=\"wp-block-getwid-section__content\"><div class=\"wp-block-getwid-section__inner-content\">\n<h2 class=\"wp-block-heading mb-3 has-white-color has-text-color has-link-color wp-elements-1c88c32b62bc523d56b11267d1e58407\" id=\"success-stories\">Conosci il Nostro Leadership Team<\/h2>\n\n\n\n<p class=\"lead has-white-color has-text-color has-link-color wp-elements-475edbc80994508082e2c9bb068728dd\">Un Leadership Team con una visione condivisa per la crescita.<\/p>\n\n\n\n<div class=\"wp-block-buttons is-layout-flex wp-block-buttons-is-layout-flex\">\n<div class=\"wp-block-button\"><a class=\"wp-block-button__link has-white-color has-text-color has-background has-link-color wp-element-button\" href=\"https:\/\/www.comau.com\/it\/about-us\/corporate-governance\/executive-committee\/\" style=\"border-radius:100px;background-color:#0046ad\">Executive Committee<\/a><\/div>\n\n\n\n<div class=\"wp-block-button\"><a class=\"wp-block-button__link has-white-color has-text-color has-background has-link-color wp-element-button\" href=\"https:\/\/www.comau.com\/it\/about-us\/corporate-governance\/consiglio-di-amministrazione\/\" style=\"border-radius:100px;background-color:#0046ad\">Board of Directors<\/a><\/div>\n<\/div>\n<\/div><\/div><\/div><\/div><\/div>\n\n\n\n<div style=\"height:50px\" aria-hidden=\"true\" class=\"wp-block-spacer\"><\/div>\n\n\n\n<div class=\"wp-block-getwid-anchor\" id=\"comau-code-of-conduct\"><\/div>\n\n\n\n<h3 class=\"wp-block-heading has-text-color has-link-color has-large-font-size wp-elements-c1c3b3d23fc45f4a21729428d1384d58\" style=\"color:#0046ad\">Codice di Condotta: Sostenere l&#8217;Integrit\u00e0<\/h3>\n\n\n<div class=\"wp-block-image\">\n<figure class=\"alignleft size-full is-resized\"><a href=\"https:\/\/www.comau.com\/wp-content\/uploads\/2025\/03\/Comau_Codice-di-Condotta_IT.pdf\" target=\"_blank\" rel=\" noreferrer noopener\"><img decoding=\"async\" width=\"760\" height=\"1076\" src=\"https:\/\/www.comau.com\/wp-content\/uploads\/2025\/03\/codice-di-condotta-cover.jpg\" alt=\"\" class=\"wp-image-74761\" style=\"width:200px\" srcset=\"https:\/\/www.comau.com\/wp-content\/uploads\/2025\/03\/codice-di-condotta-cover.jpg 760w, https:\/\/www.comau.com\/wp-content\/uploads\/2025\/03\/codice-di-condotta-cover-212x300.jpg 212w, https:\/\/www.comau.com\/wp-content\/uploads\/2025\/03\/codice-di-condotta-cover-723x1024.jpg 723w\" sizes=\"(max-width: 760px) 100vw, 760px\" \/><\/a><\/figure>\n<\/div>\n\n\n<p>In Comau, sosteniamo l&#8217;integrit\u00e0 e il comportamento etico come valori fondamentali. Il nostro Codice di Condotta stabilisce linee guida per garantire che <strong>tutte le nostre azioni, decisioni e comportamenti siano allineati con i pi\u00f9 elevati standard etici e professionali attesi da tutti i dipendenti, stakeholder e partner<\/strong>.<\/p>\n\n\n\n<p>Ogni giorno siamo chiamati a fare scelte che influenzano non solo i risultati aziendali, ma anche il modo in cui li raggiungiamo, e <strong>questo codice \u00e8 inteso come uno strumento per garantire che le decisioni che prendiamo siano in linea con i valori che ci definiscono<\/strong>.<\/p>\n\n\n\n<div class=\"wp-block-buttons is-layout-flex wp-block-buttons-is-layout-flex\">\n<div class=\"wp-block-button\"><a class=\"wp-block-button__link wp-element-button\" href=\"https:\/\/www.comau.com\/wp-content\/uploads\/2025\/03\/Comau_Codice-di-Condotta_IT.pdf\" style=\"border-radius:100px\" target=\"_blank\" rel=\"noreferrer noopener\">Scarica il Codice di Condotta di Comau<\/a><\/div>\n<\/div>\n\n\n\n<div style=\"height:10px\" aria-hidden=\"true\" class=\"wp-block-spacer\"><\/div>\n\n\n\n<p>Il Codice di Condotta si <strong>applica anche a tutti i dipendenti, manager, consulenti, fornitori e a tutte le persone che lavorano per conto del Gruppo Comau<\/strong>, inclusi i membri del consiglio e i partner commerciali. Qualsiasi persona che abbia una relazione professionale con il Gruppo Comau deve fare del suo meglio per <strong>garantire che il suo Codice sia considerato una best practice di condotta aziendale e sia osservato da tali terze parti<\/strong>, in particolare per quanto riguarda la trasparenza nelle transazioni commerciali.<br><\/p>\n\n\n\n<div style=\"height:50px\" aria-hidden=\"true\" class=\"wp-block-spacer\"><\/div>\n\n\n\n<div class=\"wp-block-getwid-anchor\" id=\"comau-esg-commitment\"><\/div>\n\n\n\n<h4 class=\"wp-block-heading has-text-color has-link-color has-large-font-size wp-elements-ae416640dd76188cc15fab20b092861e\" style=\"color:#0046ad\">Impegno ESG: Migliorare il presente per un futuro sostenibile<\/h4>\n\n\n\n<div class=\"wp-block-getwid-advanced-spacer\" style=\"height:20px\" aria-hidden=\"true\"><\/div>\n\n\n\n<p>Comau \u00e8 dedicata alla sostenibilit\u00e0 e alla responsabilit\u00e0 aziendale. <strong>Contribuiamo alle industrie e alla societ\u00e0<\/strong> attraverso una variet\u00e0 di progetti e iniziative in quattro aree specifiche:<\/p>\n\n\n\n<div class=\"wp-block-columns is-layout-flex wp-container-core-columns-is-layout-9d6595d7 wp-block-columns-is-layout-flex\">\n<div class=\"wp-block-column is-layout-flow wp-block-column-is-layout-flow\">\n<div class=\"wp-block-getwid-image-box getwid-animation has-text-center has-mobile-layout-default has-mobile-alignment-default\" data-animation=\"slideBottom\"><div class=\"wp-block-getwid-image-box__image-container is-position-top\"><div class=\"wp-block-getwid-image-box__image-wrapper\"><img decoding=\"async\" src=\"https:\/\/www.comau.com\/wp-content\/uploads\/2022\/02\/Box-Product-ITA.jpg\" alt=\"\" class=\"wp-block-getwid-image-box__image wp-image-43184\" \/><\/div><\/div><div class=\"wp-block-getwid-image-box__content\">\n<h3 class=\"wp-block-heading has-medium-font-size\">Innovazione Prodotti<\/h3>\n\n\n\n<p style=\"font-size:16px;font-style:normal;font-weight:400\">Strumenti progettati per migliorare la produttivit\u00e0, ridurre le emissioni di gas serra e promuovere l&#8217;uso responsabile dei materiali<\/p>\n<\/div><\/div>\n<\/div>\n\n\n\n<div class=\"wp-block-column is-layout-flow wp-block-column-is-layout-flow\">\n<div class=\"wp-block-getwid-image-box getwid-animation has-text-center has-mobile-layout-default has-mobile-alignment-default\" data-animation=\"slideBottom\"><div class=\"wp-block-getwid-image-box__image-container is-position-top\"><div class=\"wp-block-getwid-image-box__image-wrapper\"><img decoding=\"async\" src=\"https:\/\/www.comau.com\/wp-content\/uploads\/2022\/02\/Box-Environmental-ITA.jpg\" alt=\"\" class=\"wp-block-getwid-image-box__image wp-image-43172\" \/><\/div><\/div><div class=\"wp-block-getwid-image-box__content\">\n<h3 class=\"wp-block-heading has-medium-font-size\">Ambiente<\/h3>\n\n\n\n<p style=\"font-size:16px\">Sviluppo di tecnologie e processi di produzione ecocompatibili<\/p>\n<\/div><\/div>\n<\/div>\n\n\n\n<div class=\"wp-block-column is-layout-flow wp-block-column-is-layout-flow\">\n<div class=\"wp-block-getwid-image-box getwid-animation has-text-center has-mobile-layout-default has-mobile-alignment-default\" data-animation=\"slideBottom\"><div class=\"wp-block-getwid-image-box__image-container is-position-top\"><div class=\"wp-block-getwid-image-box__image-wrapper\"><img decoding=\"async\" src=\"https:\/\/www.comau.com\/wp-content\/uploads\/2022\/02\/Box-Social-ITA.jpg\" alt=\"\" class=\"wp-block-getwid-image-box__image wp-image-43178\" \/><\/div><\/div><div class=\"wp-block-getwid-image-box__content\">\n<h3 class=\"wp-block-heading has-medium-font-size\">Progesso Sociale<\/h3>\n\n\n\n<p style=\"font-size:16px\">Reclutamento di talenti, creazione di un ambiente di lavoro equo, inclusivo e sicuro e contributo al progresso sociale<\/p>\n<\/div><\/div>\n<\/div>\n\n\n\n<div class=\"wp-block-column is-layout-flow wp-block-column-is-layout-flow\">\n<div class=\"wp-block-getwid-image-box getwid-animation has-text-center has-mobile-layout-default has-mobile-alignment-default\" data-animation=\"slideBottom\"><div class=\"wp-block-getwid-image-box__image-container is-position-top\"><div class=\"wp-block-getwid-image-box__image-wrapper\"><img decoding=\"async\" src=\"https:\/\/www.comau.com\/wp-content\/uploads\/2022\/02\/Box-Governance-ITA.jpg\" alt=\"\" class=\"wp-block-getwid-image-box__image wp-image-43190\" \/><\/div><\/div><div class=\"wp-block-getwid-image-box__content\">\n<h3 class=\"wp-block-heading\">Governance<\/h3>\n\n\n\n<p style=\"font-size:16px\">Pratiche di approvvigionamento responsabili con un coinvolgimento aperto con i nostri stakeholder<\/p>\n<\/div><\/div>\n<\/div>\n<\/div>\n\n\n\n<hr class=\"wp-block-separator has-text-color has-cyan-bluish-gray-color has-alpha-channel-opacity has-cyan-bluish-gray-background-color has-background is-style-wide\" \/>\n\n\n\n<p>Integriamo i criteri ESG nelle nostre decisioni aziendali per <strong>creare valore a lungo termine per i nostri stakeholder<\/strong>. Gli sforzi di sostenibilit\u00e0 di Comau hanno portato a <strong>significativi risultati in termini di efficienza energetica, riduzione delle emissioni, sviluppo del prodotto e coinvolgimento della comunit\u00e0<\/strong>. Ci sforziamo continuamente di innovare e implementare pratiche sostenibili che vadano a beneficio sia della nostra attivit\u00e0 che dell&#8217;ambiente.<\/p>\n\n\n\n<div class=\"wp-block-buttons is-layout-flex wp-block-buttons-is-layout-flex\">\n<div class=\"wp-block-button\"><a class=\"wp-block-button__link wp-element-button\" href=\"https:\/\/www.comau.com\/it\/about-us\/sustainability\/\" style=\"border-radius:100px\">Scopri di pi\u00f9 sulla Sostenibilit\u00e0 in Comau<\/a><\/div>\n<\/div>\n\n\n\n<p><\/p>\n","protected":false},"excerpt":{"rendered":"<p>Massima integrit\u00e0, trasparenza e responsabilit\u00e0 in tutte le nostre attivit\u00e0 \u200b\u200bIn Comau, la corporate governance \u00e8 essenziale per mantenere i nostri standard di trasparenza, integrit\u00e0 e responsabilit\u00e0 in tutte le operazioni. Una solida corporate governance promuove una cultura di comportamento etico, guida il miglioramento delle prestazioni e garantisce la conformit\u00e0 ai requisiti normativi. Il Gruppo [&hellip;]<\/p>\n","protected":false},"author":11,"featured_media":71553,"parent":3681,"menu_order":4,"comment_status":"closed","ping_status":"closed","template":"","meta":{"_acf_changed":false,"ep_exclude_from_search":false,"footnotes":""},"class_list":["post-3721","page","type-page","status-publish","has-post-thumbnail","hentry"],"acf":[],"yoast_head":"<!-- This site is optimized with the Yoast SEO plugin v26.9 - https:\/\/yoast.com\/product\/yoast-seo-wordpress\/ -->\n<title>Governance aziendale, codice di condotta - Comau<\/title>\n<meta name=\"description\" content=\"Comau si impegna a condurre le sue attivit\u00e0 in conformit\u00e0 con le leggi: scopri il codice di condotta adottato!\" \/>\n<meta name=\"robots\" content=\"index, follow, max-snippet:-1, max-image-preview:large, max-video-preview:-1\" \/>\n<link rel=\"canonical\" href=\"https:\/\/www.comau.com\/it\/about-us\/corporate-governance\/\" \/>\n<meta property=\"og:locale\" content=\"it_IT\" \/>\n<meta property=\"og:type\" content=\"article\" \/>\n<meta property=\"og:title\" content=\"Governance aziendale, codice di condotta - Comau\" \/>\n<meta property=\"og:description\" content=\"Comau si impegna a condurre le sue attivit\u00e0 in conformit\u00e0 con le leggi: scopri il codice di condotta adottato!\" \/>\n<meta property=\"og:url\" content=\"https:\/\/www.comau.com\/it\/about-us\/corporate-governance\/\" \/>\n<meta property=\"og:site_name\" content=\"Comau\" \/>\n<meta property=\"article:publisher\" content=\"https:\/\/www.facebook.com\/COMAU\/\" \/>\n<meta property=\"article:modified_time\" content=\"2025-03-31T03:45:32+00:00\" \/>\n<meta property=\"og:image\" content=\"https:\/\/www.comau.com\/wp-content\/uploads\/2024\/12\/corporate-governance-header.jpg\" \/>\n\t<meta property=\"og:image:width\" content=\"1920\" \/>\n\t<meta property=\"og:image:height\" content=\"960\" \/>\n\t<meta property=\"og:image:type\" content=\"image\/jpeg\" \/>\n<meta name=\"twitter:card\" content=\"summary_large_image\" \/>\n<meta name=\"twitter:site\" content=\"@comaugroup\" \/>\n<meta name=\"twitter:label1\" content=\"Tempo di lettura stimato\" \/>\n\t<meta name=\"twitter:data1\" content=\"4 minuti\" \/>\n<script type=\"application\/ld+json\" class=\"yoast-schema-graph\">{\"@context\":\"https:\/\/schema.org\",\"@graph\":[{\"@type\":\"WebPage\",\"@id\":\"https:\/\/www.comau.com\/it\/about-us\/corporate-governance\/\",\"url\":\"https:\/\/www.comau.com\/it\/about-us\/corporate-governance\/\",\"name\":\"Governance aziendale, codice di condotta - Comau\",\"isPartOf\":{\"@id\":\"https:\/\/www.comau.com\/it\/#website\"},\"primaryImageOfPage\":{\"@id\":\"https:\/\/www.comau.com\/it\/about-us\/corporate-governance\/#primaryimage\"},\"image\":{\"@id\":\"https:\/\/www.comau.com\/it\/about-us\/corporate-governance\/#primaryimage\"},\"thumbnailUrl\":\"https:\/\/www.comau.com\/wp-content\/uploads\/2024\/12\/corporate-governance-header.jpg\",\"datePublished\":\"2021-05-31T22:04:13+00:00\",\"dateModified\":\"2025-03-31T03:45:32+00:00\",\"description\":\"Comau si impegna a condurre le sue attivit\u00e0 in conformit\u00e0 con le leggi: scopri il codice di condotta adottato!\",\"breadcrumb\":{\"@id\":\"https:\/\/www.comau.com\/it\/about-us\/corporate-governance\/#breadcrumb\"},\"inLanguage\":\"it-IT\",\"potentialAction\":[{\"@type\":\"ReadAction\",\"target\":[\"https:\/\/www.comau.com\/it\/about-us\/corporate-governance\/\"]}]},{\"@type\":\"ImageObject\",\"inLanguage\":\"it-IT\",\"@id\":\"https:\/\/www.comau.com\/it\/about-us\/corporate-governance\/#primaryimage\",\"url\":\"https:\/\/www.comau.com\/wp-content\/uploads\/2024\/12\/corporate-governance-header.jpg\",\"contentUrl\":\"https:\/\/www.comau.com\/wp-content\/uploads\/2024\/12\/corporate-governance-header.jpg\",\"width\":1920,\"height\":960},{\"@type\":\"BreadcrumbList\",\"@id\":\"https:\/\/www.comau.com\/it\/about-us\/corporate-governance\/#breadcrumb\",\"itemListElement\":[{\"@type\":\"ListItem\",\"position\":1,\"name\":\"Home\",\"item\":\"https:\/\/www.comau.com\/it\/\"},{\"@type\":\"ListItem\",\"position\":2,\"name\":\"Questa \u00e8 Comau\",\"item\":\"https:\/\/www.comau.com\/it\/about-us\/\"},{\"@type\":\"ListItem\",\"position\":3,\"name\":\"Governance Aziendale\"}]},{\"@type\":\"WebSite\",\"@id\":\"https:\/\/www.comau.com\/it\/#website\",\"url\":\"https:\/\/www.comau.com\/it\/\",\"name\":\"Comau\",\"description\":\"Industrial automation and robotics\",\"publisher\":{\"@id\":\"https:\/\/www.comau.com\/it\/#organization\"},\"potentialAction\":[{\"@type\":\"SearchAction\",\"target\":{\"@type\":\"EntryPoint\",\"urlTemplate\":\"https:\/\/www.comau.com\/it\/?s={search_term_string}\"},\"query-input\":{\"@type\":\"PropertyValueSpecification\",\"valueRequired\":true,\"valueName\":\"search_term_string\"}}],\"inLanguage\":\"it-IT\"},{\"@type\":\"Organization\",\"@id\":\"https:\/\/www.comau.com\/it\/#organization\",\"name\":\"Comau\",\"url\":\"https:\/\/www.comau.com\/it\/\",\"logo\":{\"@type\":\"ImageObject\",\"inLanguage\":\"it-IT\",\"@id\":\"https:\/\/www.comau.com\/it\/#\/schema\/logo\/image\/\",\"url\":\"https:\/\/www.comau.com\/wp-content\/uploads\/2024\/07\/cropped-Logo-COMAU.png\",\"contentUrl\":\"https:\/\/www.comau.com\/wp-content\/uploads\/2024\/07\/cropped-Logo-COMAU.png\",\"width\":434,\"height\":434,\"caption\":\"Comau\"},\"image\":{\"@id\":\"https:\/\/www.comau.com\/it\/#\/schema\/logo\/image\/\"},\"sameAs\":[\"https:\/\/www.facebook.com\/COMAU\/\",\"https:\/\/x.com\/comaugroup\",\"https:\/\/www.instagram.com\/comaugroup\/\",\"https:\/\/www.linkedin.com\/company\/comau\",\"https:\/\/www.youtube.com\/user\/comau\"]}]}<\/script>\n<!-- \/ Yoast SEO plugin. -->","yoast_head_json":{"title":"Governance aziendale, codice di condotta - Comau","description":"Comau si impegna a condurre le sue attivit\u00e0 in conformit\u00e0 con le leggi: scopri il codice di condotta adottato!","robots":{"index":"index","follow":"follow","max-snippet":"max-snippet:-1","max-image-preview":"max-image-preview:large","max-video-preview":"max-video-preview:-1"},"canonical":"https:\/\/www.comau.com\/it\/about-us\/corporate-governance\/","og_locale":"it_IT","og_type":"article","og_title":"Governance aziendale, codice di condotta - Comau","og_description":"Comau si impegna a condurre le sue attivit\u00e0 in conformit\u00e0 con le leggi: scopri il codice di condotta adottato!","og_url":"https:\/\/www.comau.com\/it\/about-us\/corporate-governance\/","og_site_name":"Comau","article_publisher":"https:\/\/www.facebook.com\/COMAU\/","article_modified_time":"2025-03-31T03:45:32+00:00","og_image":[{"width":1920,"height":960,"url":"https:\/\/www.comau.com\/wp-content\/uploads\/2024\/12\/corporate-governance-header.jpg","type":"image\/jpeg"}],"twitter_card":"summary_large_image","twitter_site":"@comaugroup","twitter_misc":{"Tempo di lettura stimato":"4 minuti"},"schema":{"@context":"https:\/\/schema.org","@graph":[{"@type":"WebPage","@id":"https:\/\/www.comau.com\/it\/about-us\/corporate-governance\/","url":"https:\/\/www.comau.com\/it\/about-us\/corporate-governance\/","name":"Governance aziendale, codice di condotta - Comau","isPartOf":{"@id":"https:\/\/www.comau.com\/it\/#website"},"primaryImageOfPage":{"@id":"https:\/\/www.comau.com\/it\/about-us\/corporate-governance\/#primaryimage"},"image":{"@id":"https:\/\/www.comau.com\/it\/about-us\/corporate-governance\/#primaryimage"},"thumbnailUrl":"https:\/\/www.comau.com\/wp-content\/uploads\/2024\/12\/corporate-governance-header.jpg","datePublished":"2021-05-31T22:04:13+00:00","dateModified":"2025-03-31T03:45:32+00:00","description":"Comau si impegna a condurre le sue attivit\u00e0 in conformit\u00e0 con le leggi: scopri il codice di condotta adottato!","breadcrumb":{"@id":"https:\/\/www.comau.com\/it\/about-us\/corporate-governance\/#breadcrumb"},"inLanguage":"it-IT","potentialAction":[{"@type":"ReadAction","target":["https:\/\/www.comau.com\/it\/about-us\/corporate-governance\/"]}]},{"@type":"ImageObject","inLanguage":"it-IT","@id":"https:\/\/www.comau.com\/it\/about-us\/corporate-governance\/#primaryimage","url":"https:\/\/www.comau.com\/wp-content\/uploads\/2024\/12\/corporate-governance-header.jpg","contentUrl":"https:\/\/www.comau.com\/wp-content\/uploads\/2024\/12\/corporate-governance-header.jpg","width":1920,"height":960},{"@type":"BreadcrumbList","@id":"https:\/\/www.comau.com\/it\/about-us\/corporate-governance\/#breadcrumb","itemListElement":[{"@type":"ListItem","position":1,"name":"Home","item":"https:\/\/www.comau.com\/it\/"},{"@type":"ListItem","position":2,"name":"Questa \u00e8 Comau","item":"https:\/\/www.comau.com\/it\/about-us\/"},{"@type":"ListItem","position":3,"name":"Governance Aziendale"}]},{"@type":"WebSite","@id":"https:\/\/www.comau.com\/it\/#website","url":"https:\/\/www.comau.com\/it\/","name":"Comau","description":"Industrial automation and robotics","publisher":{"@id":"https:\/\/www.comau.com\/it\/#organization"},"potentialAction":[{"@type":"SearchAction","target":{"@type":"EntryPoint","urlTemplate":"https:\/\/www.comau.com\/it\/?s={search_term_string}"},"query-input":{"@type":"PropertyValueSpecification","valueRequired":true,"valueName":"search_term_string"}}],"inLanguage":"it-IT"},{"@type":"Organization","@id":"https:\/\/www.comau.com\/it\/#organization","name":"Comau","url":"https:\/\/www.comau.com\/it\/","logo":{"@type":"ImageObject","inLanguage":"it-IT","@id":"https:\/\/www.comau.com\/it\/#\/schema\/logo\/image\/","url":"https:\/\/www.comau.com\/wp-content\/uploads\/2024\/07\/cropped-Logo-COMAU.png","contentUrl":"https:\/\/www.comau.com\/wp-content\/uploads\/2024\/07\/cropped-Logo-COMAU.png","width":434,"height":434,"caption":"Comau"},"image":{"@id":"https:\/\/www.comau.com\/it\/#\/schema\/logo\/image\/"},"sameAs":["https:\/\/www.facebook.com\/COMAU\/","https:\/\/x.com\/comaugroup","https:\/\/www.instagram.com\/comaugroup\/","https:\/\/www.linkedin.com\/company\/comau","https:\/\/www.youtube.com\/user\/comau"]}]}},"_links":{"self":[{"href":"https:\/\/www.comau.com\/it\/wp-json\/wp\/v2\/pages\/3721","targetHints":{"allow":["GET"]}}],"collection":[{"href":"https:\/\/www.comau.com\/it\/wp-json\/wp\/v2\/pages"}],"about":[{"href":"https:\/\/www.comau.com\/it\/wp-json\/wp\/v2\/types\/page"}],"author":[{"embeddable":true,"href":"https:\/\/www.comau.com\/it\/wp-json\/wp\/v2\/users\/11"}],"replies":[{"embeddable":true,"href":"https:\/\/www.comau.com\/it\/wp-json\/wp\/v2\/comments?post=3721"}],"version-history":[{"count":37,"href":"https:\/\/www.comau.com\/it\/wp-json\/wp\/v2\/pages\/3721\/revisions"}],"predecessor-version":[{"id":74840,"href":"https:\/\/www.comau.com\/it\/wp-json\/wp\/v2\/pages\/3721\/revisions\/74840"}],"up":[{"embeddable":true,"href":"https:\/\/www.comau.com\/it\/wp-json\/wp\/v2\/pages\/3681"}],"wp:featuredmedia":[{"embeddable":true,"href":"https:\/\/www.comau.com\/it\/wp-json\/wp\/v2\/media\/71553"}],"wp:attachment":[{"href":"https:\/\/www.comau.com\/it\/wp-json\/wp\/v2\/media?parent=3721"}],"curies":[{"name":"wp","href":"https:\/\/api.w.org\/{rel}","templated":true}]}}