{"id":36383,"date":"2021-06-08T09:57:27","date_gmt":"2021-06-08T07:57:27","guid":{"rendered":"https:\/\/www.comau.com\/?page_id=36383"},"modified":"2024-04-09T16:39:54","modified_gmt":"2024-04-09T14:39:54","slug":"racer-5-0-80-cobot","status":"publish","type":"page","link":"https:\/\/www.comau.com\/it\/competencies\/products-solutions\/robot-team\/racer-5-0-80-cobot\/","title":{"rendered":"Racer-5-0.80 COBOT"},"content":{"rendered":"\n<h2 class=\"wp-block-heading\">Performance industriale, mentalit\u00e0 collaborativa<\/h2>\n\n\n\n<p>Comau Racer5 COBOT \u00e8 l&#8217;unico robot collaborativo che pu\u00f2 passare automaticamente dalla velocit\u00e0 del robot industriale alla velocit\u00e0 collaborativa quando un operatore umano entra nella sua area di lavoro.<\/p>\n\n\n\n<p>Combina la flessibilit\u00e0 e le caratteristiche di sicurezza collaborativa con la ripetibilit\u00e0 e la precisione ad alte prestazioni e permette di ridurre i tempi di ciclo garantendo una migliore produttivit\u00e0.<\/p>\n\n\n\n<div class=\"wp-block-getwid-toggle download-dropdown has-icon-left\">\n<div class=\"wp-block-getwid-toggle__row\"><div class=\"wp-block-getwid-toggle__header-wrapper\"><span class=\"wp-block-getwid-toggle__header\"><a href=\"#\"><span class=\"wp-block-getwid-toggle__header-title\">Download the brochure<\/span><span class=\"wp-block-getwid-toggle__icon is-active\"><i class=\"fas fa-plus\"><\/i><\/span><span class=\"wp-block-getwid-toggle__icon is-passive\"><i class=\"fas fa-minus\"><\/i><\/span><\/a><\/span><\/div><div class=\"wp-block-getwid-toggle__content-wrapper\"><div class=\"wp-block-getwid-toggle__content\">\n<div class=\"wp-block-getwid-button-group\"><div class=\"wp-block-getwid-button-group__wrapper\">\n<div class=\"wp-block-button\"><a class=\"wp-block-button__link\" href=\"https:\/\/www.comau.com\/wp-content\/uploads\/2021\/07\/Comau-Racer-5-COBOT-Brochure-WEB-HD_rev.01-2.pdf\" target=\"_blank\" rel=\"noreferrer noopener\">Comau_Racer5-Cobot<\/a><\/div>\n<\/div><\/div>\n<\/div><\/div><\/div>\n<\/div>\n\n\n\n<h3 class=\"wp-block-heading\">Caratteristiche<\/h3>\n\n\n\n<ul class=\"wp-block-list\"><li>Payload: 5 Kg<\/li><li>0.809 m sbraccio<\/li><li>0.03 mm ripetibilit\u00e0<\/li><li>Commutatore velocit\u00e0 collaborativo\/non collaborativo<\/li><li>Fino a 500 mm\/s di velocit\u00e0 cartesiana in modalit\u00e0 collaborativa<\/li><li>Fino a 6 m\/s di velocit\u00e0 cartesiana in modalit\u00e0 non collaborativa<\/li><li>Funzione Rilevamento collisione sicuro \u2013 PL d CAT. 3 certificato da T\u00dcV S\u00fcd<\/li><\/ul>\n\n\n\n<h3 class=\"wp-block-heading\">Vantaggi<\/h3>\n\n\n\n<ul class=\"wp-block-list\"><li>Alta ripetibilit\u00e0 e precisione<\/li><li>Robot Racer-5 a velocit\u00e0 industriale anche se l\u2019operatore non si trova vicino per una maggiore produttivit\u00e0<\/li><li>Connessioni elettriche e pneumatiche in prossimit\u00e0 del polso evitando cavi esterni<\/li><li>Consapevolezza immediata dello stato del cobot grazie alla striscia LED<\/li><li>Lungo ciclo di vita grazie alla robustezza meccanica<\/li><li>Efficienza e flessibilit\u00e0 del ciclo<\/li><li>Riduzione degli spazi per l&#8217;automazione<\/li><li>Ispezione del processo e controllo qualit\u00e0 semplificati<\/li><\/ul>\n\n\n\n<h2 class=\"wp-block-heading\">Caratteristiche tecniche<\/h2>\n\n\n\n<figure class=\"wp-block-table is-style-stripes\"><table><tbody><tr><td>\u200b<strong>Version<\/strong><\/td><td><strong>\u200bRacer-5-0.80 COBOT<\/strong><\/td><\/tr><tr><td>Structure\/ No. of axes<\/td><td>\u200bAnthropomorphic \/ 6 axes<\/td><\/tr><tr><td>\u200bMaximun wrist load<\/td><td>\u200b5 Kg<\/td><\/tr><tr><td>Normal wrist load<\/td><td>1 Kg<\/td><\/tr><tr><td>Axis 4 torque<\/td><td>8,83 Nm<\/td><\/tr><tr><td>Axis 5 torque<\/td><td>8,83 Nm<\/td><\/tr><tr><td>Axis 6 torque<\/td><td>4,91 Nm<\/td><\/tr><tr><td>Admissible inertia on axis 4*<\/td><td>0,42 kg x m<small><sup>2<\/sup><\/small><\/td><\/tr><tr><td>Admissible inertia on axis 5*<\/td><td>0,42 kg x m<small><sup>2<\/sup><\/small><\/td><\/tr><tr><td>Admissible inertia on axis 6*<\/td><td>0,18 kg x m<small><sup>2<\/sup><\/small><\/td><\/tr><tr><td>Stroke \/(Speed):<br>Axis 1<br>Axis 2<br>Axis 3<br>Axis 4<br>Axis 5<br>Axis 6<\/td><td><br>+\/- 170\u00b0 (360\u00b0\/s)**<br>-64\u00b0\/+114\u00b0 (300\u00b0\/s)**<br>-150\u00b0\/+60\u00b0 (330\u00b0\/s)**<br>+\/-200\u00b0 (500\u00b0\/s)**<br>-105\u00b0\/+100\u00b0 (500\u00b0\/s)**<br>+\/-2700\u00b0 (800\u00b0\/s)**<\/td><\/tr><tr><td>Sbraccio orizzontale massimo<\/td><td>809 mm<\/td><\/tr><tr><td>Repeatability<\/td><td>+\/- 0,03 mm<\/td><\/tr><tr><td>Robot weight<\/td><td>34 kg<\/td><\/tr><tr><td>Features of the tool coupling Robot wrist<\/td><td>ISO 9409 &#8211; 1 &#8211; A 25<\/td><\/tr><tr><td>Motors<\/td><td>AC Brushless<\/td><\/tr><tr><td>Position measurement system<\/td><td>Encoder<\/td><\/tr><tr><td>Protection degree<\/td><td>IP54<\/td><\/tr><tr><td>Mounting position<\/td><td>Floor, wall, ceiling<\/td><\/tr><tr><td>Operating environment temperature<\/td><td>+5\u00b0C&nbsp;\/+40\u00b0C<\/td><\/tr><tr><td>Storage temperature<\/td><td>-10\u00b0C \/+55\u00b0C<\/td><\/tr><tr><td>Relative humudity<\/td><td>from 5% to 95% without condensation<\/td><\/tr><tr><td>Maximun temperature gradient<\/td><td>1,5 \u00b0C\/min<\/td><\/tr><\/tbody><\/table><\/figure>\n\n\n\n<p><em>*Not allowed with maximun load<\/em><\/p>\n\n\n\n<p><em>**Maximun speed<\/em><\/p>\n\n\n\n<p><em>***Base vertical cable output available (option)<\/em><\/p>\n\n\n\n<div class=\"wp-block-getwid-toggle download-dropdown has-icon-left\">\n<div class=\"wp-block-getwid-toggle__row\"><div class=\"wp-block-getwid-toggle__header-wrapper\"><span class=\"wp-block-getwid-toggle__header\"><a href=\"#\"><span class=\"wp-block-getwid-toggle__header-title\">CAD files<\/span><span class=\"wp-block-getwid-toggle__icon is-active\"><i class=\"fas fa-plus\"><\/i><\/span><span class=\"wp-block-getwid-toggle__icon is-passive\"><i class=\"fas fa-minus\"><\/i><\/span><\/a><\/span><\/div><div class=\"wp-block-getwid-toggle__content-wrapper\"><div class=\"wp-block-getwid-toggle__content\">\n<div class=\"wp-block-getwid-button-group default-icon-zip\"><div class=\"wp-block-getwid-button-group__wrapper\">\n<div class=\"wp-block-button\"><a class=\"wp-block-button__link\" href=\"https:\/\/www.comau.com\/wp-content\/uploads\/2021\/07\/Racer5Cobot_Parasolid.zip\" target=\"_blank\" rel=\"noreferrer noopener\">Comau_Racer5-Cobot_3D_PARASOLID<\/a><\/div>\n\n\n\n<div class=\"wp-block-button\"><a class=\"wp-block-button__link\" href=\"https:\/\/www.comau.com\/wp-content\/uploads\/2021\/07\/Racer5Cobot_step.zip\" target=\"_blank\" rel=\"noreferrer noopener\">Comau_Racer5-Cobot_3D_STEP<\/a><\/div>\n<\/div><\/div>\n<\/div><\/div><\/div>\n<\/div>\n\n\n\n<div class=\"wp-block-getwid-images-slider has-arrows-inside has-dots-outside has-images-center has-cropped-images\"><div class=\"wp-block-getwid-images-slider__wrapper\" data-effect=\"slide\" data-slides-show=\"1\" data-slides-show-laptop=\"1\" data-slides-show-tablet=\"1\" data-slides-show-mobile=\"1\" data-slides-scroll=\"1\" data-autoplay=\"true\" data-autoplay-speed=\"6000\" data-infinite=\"true\" data-animation-speed=\"800\" data-center-mode=\"false\" data-variable-width=\"false\" data-arrows=\"inside\" data-dots=\"outside\" data-spacing=\"none\"><div class=\"wp-block-getwid-images-slider__item\"><figure><img decoding=\"async\" width=\"1180\" height=\"480\" src=\"https:\/\/www.comau.com\/wp-content\/uploads\/2021\/07\/01.png\" data-id=\"34621\" data-link=\"https:\/\/www.comau.com\/en\/competencies\/robotics-automation\/collaborative-robotics\/racer-5-0-80-cobot\/01-5\/\" data-original-link=\"https:\/\/www.comau.com\/wp-content\/uploads\/2021\/07\/01.png\" class=\"wp-block-getwid-images-slider__image wp-image-34625\" srcset=\"https:\/\/www.comau.com\/wp-content\/uploads\/2021\/07\/01.png 1180w, https:\/\/www.comau.com\/wp-content\/uploads\/2021\/07\/01-300x122.png 300w, https:\/\/www.comau.com\/wp-content\/uploads\/2021\/07\/01-1024x417.png 1024w, https:\/\/www.comau.com\/wp-content\/uploads\/2021\/07\/01-768x312.png 768w\" sizes=\"(max-width: 1180px) 100vw, 1180px\" \/><\/figure><\/div><div class=\"wp-block-getwid-images-slider__item\"><figure><img decoding=\"async\" width=\"1180\" height=\"480\" src=\"https:\/\/www.comau.com\/wp-content\/uploads\/2021\/07\/02.png\" data-id=\"34627\" data-link=\"https:\/\/www.comau.com\/en\/competencies\/robotics-automation\/collaborative-robotics\/racer-5-0-80-cobot\/02-5\/\" data-original-link=\"https:\/\/www.comau.com\/wp-content\/uploads\/2021\/07\/02.png\" class=\"wp-block-getwid-images-slider__image wp-image-34631\" srcset=\"https:\/\/www.comau.com\/wp-content\/uploads\/2021\/07\/02.png 1180w, https:\/\/www.comau.com\/wp-content\/uploads\/2021\/07\/02-300x122.png 300w, https:\/\/www.comau.com\/wp-content\/uploads\/2021\/07\/02-1024x417.png 1024w, https:\/\/www.comau.com\/wp-content\/uploads\/2021\/07\/02-768x312.png 768w\" sizes=\"(max-width: 1180px) 100vw, 1180px\" \/><\/figure><\/div><div class=\"wp-block-getwid-images-slider__item\"><figure><img decoding=\"async\" width=\"1180\" height=\"480\" src=\"https:\/\/www.comau.com\/wp-content\/uploads\/2021\/07\/03.png\" data-id=\"34633\" data-link=\"https:\/\/www.comau.com\/en\/competencies\/robotics-automation\/collaborative-robotics\/racer-5-0-80-cobot\/03-4\/\" data-original-link=\"https:\/\/www.comau.com\/wp-content\/uploads\/2021\/07\/03.png\" class=\"wp-block-getwid-images-slider__image wp-image-34637\" srcset=\"https:\/\/www.comau.com\/wp-content\/uploads\/2021\/07\/03.png 1180w, https:\/\/www.comau.com\/wp-content\/uploads\/2021\/07\/03-300x122.png 300w, https:\/\/www.comau.com\/wp-content\/uploads\/2021\/07\/03-1024x417.png 1024w, https:\/\/www.comau.com\/wp-content\/uploads\/2021\/07\/03-768x312.png 768w\" sizes=\"(max-width: 1180px) 100vw, 1180px\" \/><\/figure><\/div><div class=\"wp-block-getwid-images-slider__item\"><figure><img decoding=\"async\" width=\"1180\" height=\"480\" src=\"https:\/\/www.comau.com\/wp-content\/uploads\/2021\/07\/04.png\" data-id=\"34639\" data-link=\"https:\/\/www.comau.com\/en\/competencies\/robotics-automation\/collaborative-robotics\/racer-5-0-80-cobot\/04-4\/\" data-original-link=\"https:\/\/www.comau.com\/wp-content\/uploads\/2021\/07\/04.png\" class=\"wp-block-getwid-images-slider__image wp-image-34643\" srcset=\"https:\/\/www.comau.com\/wp-content\/uploads\/2021\/07\/04.png 1180w, https:\/\/www.comau.com\/wp-content\/uploads\/2021\/07\/04-300x122.png 300w, https:\/\/www.comau.com\/wp-content\/uploads\/2021\/07\/04-1024x417.png 1024w, https:\/\/www.comau.com\/wp-content\/uploads\/2021\/07\/04-768x312.png 768w\" sizes=\"(max-width: 1180px) 100vw, 1180px\" \/><\/figure><\/div><div class=\"wp-block-getwid-images-slider__item\"><figure><img decoding=\"async\" width=\"1180\" height=\"480\" src=\"https:\/\/www.comau.com\/wp-content\/uploads\/2021\/07\/05.png\" data-id=\"34645\" data-link=\"https:\/\/www.comau.com\/en\/competencies\/robotics-automation\/collaborative-robotics\/racer-5-0-80-cobot\/05-4\/\" data-original-link=\"https:\/\/www.comau.com\/wp-content\/uploads\/2021\/07\/05.png\" class=\"wp-block-getwid-images-slider__image wp-image-34649\" srcset=\"https:\/\/www.comau.com\/wp-content\/uploads\/2021\/07\/05.png 1180w, https:\/\/www.comau.com\/wp-content\/uploads\/2021\/07\/05-300x122.png 300w, https:\/\/www.comau.com\/wp-content\/uploads\/2021\/07\/05-1024x417.png 1024w, https:\/\/www.comau.com\/wp-content\/uploads\/2021\/07\/05-768x312.png 768w\" sizes=\"(max-width: 1180px) 100vw, 1180px\" \/><\/figure><\/div><\/div><\/div>\n","protected":false},"excerpt":{"rendered":"<p>Performance industriale, mentalit\u00e0 collaborativa Comau Racer5 COBOT \u00e8 l&#8217;unico robot collaborativo che pu\u00f2 passare automaticamente dalla velocit\u00e0 del robot industriale alla velocit\u00e0 collaborativa quando un operatore umano entra nella sua area di lavoro. Combina la flessibilit\u00e0 e le caratteristiche di sicurezza collaborativa con la ripetibilit\u00e0 e la precisione ad alte prestazioni e permette di ridurre [&hellip;]<\/p>\n","protected":false},"author":11,"featured_media":34597,"parent":5817,"menu_order":4,"comment_status":"closed","ping_status":"closed","template":"","meta":{"_acf_changed":false,"ep_exclude_from_search":false,"footnotes":""},"class_list":["post-36383","page","type-page","status-publish","has-post-thumbnail","hentry"],"acf":[],"yoast_head":"<!-- This site is optimized with the Yoast SEO plugin v26.9 - https:\/\/yoast.com\/product\/yoast-seo-wordpress\/ -->\n<title>Racer-5-0.80 COBOT - Comau<\/title>\n<meta name=\"robots\" content=\"index, follow, max-snippet:-1, max-image-preview:large, max-video-preview:-1\" \/>\n<link rel=\"canonical\" href=\"https:\/\/www.comau.com\/it\/competencies\/products-solutions\/robot-team\/racer-5-0-80-cobot\/\" \/>\n<meta property=\"og:locale\" content=\"it_IT\" \/>\n<meta property=\"og:type\" content=\"article\" \/>\n<meta property=\"og:title\" content=\"Racer-5-0.80 COBOT - Comau\" \/>\n<meta property=\"og:description\" content=\"Performance industriale, mentalit\u00e0 collaborativa Comau Racer5 COBOT \u00e8 l&#8217;unico robot collaborativo che pu\u00f2 passare automaticamente dalla velocit\u00e0 del robot industriale alla velocit\u00e0 collaborativa quando un operatore umano entra nella sua area di lavoro. Combina la flessibilit\u00e0 e le caratteristiche di sicurezza collaborativa con la ripetibilit\u00e0 e la precisione ad alte prestazioni e permette di ridurre [&hellip;]\" \/>\n<meta property=\"og:url\" content=\"https:\/\/www.comau.com\/it\/competencies\/products-solutions\/robot-team\/racer-5-0-80-cobot\/\" \/>\n<meta property=\"og:site_name\" content=\"Comau\" \/>\n<meta property=\"article:publisher\" content=\"https:\/\/www.facebook.com\/COMAU\/\" \/>\n<meta property=\"article:modified_time\" content=\"2024-04-09T14:39:54+00:00\" \/>\n<meta property=\"og:image\" content=\"https:\/\/www.comau.com\/wp-content\/uploads\/2021\/07\/Cobot_header.jpg\" \/>\n\t<meta property=\"og:image:width\" content=\"1280\" \/>\n\t<meta property=\"og:image:height\" content=\"485\" \/>\n\t<meta property=\"og:image:type\" content=\"image\/jpeg\" \/>\n<meta name=\"twitter:card\" content=\"summary_large_image\" \/>\n<meta name=\"twitter:site\" content=\"@comaugroup\" \/>\n<meta name=\"twitter:label1\" content=\"Tempo di lettura stimato\" \/>\n\t<meta name=\"twitter:data1\" content=\"4 minuti\" \/>\n<script type=\"application\/ld+json\" class=\"yoast-schema-graph\">{\"@context\":\"https:\/\/schema.org\",\"@graph\":[{\"@type\":\"WebPage\",\"@id\":\"https:\/\/www.comau.com\/it\/competencies\/products-solutions\/robot-team\/racer-5-0-80-cobot\/\",\"url\":\"https:\/\/www.comau.com\/it\/competencies\/products-solutions\/robot-team\/racer-5-0-80-cobot\/\",\"name\":\"Racer-5-0.80 COBOT - Comau\",\"isPartOf\":{\"@id\":\"https:\/\/www.comau.com\/it\/#website\"},\"primaryImageOfPage\":{\"@id\":\"https:\/\/www.comau.com\/it\/competencies\/products-solutions\/robot-team\/racer-5-0-80-cobot\/#primaryimage\"},\"image\":{\"@id\":\"https:\/\/www.comau.com\/it\/competencies\/products-solutions\/robot-team\/racer-5-0-80-cobot\/#primaryimage\"},\"thumbnailUrl\":\"https:\/\/www.comau.com\/wp-content\/uploads\/2021\/07\/Cobot_header.jpg\",\"datePublished\":\"2021-06-08T07:57:27+00:00\",\"dateModified\":\"2024-04-09T14:39:54+00:00\",\"breadcrumb\":{\"@id\":\"https:\/\/www.comau.com\/it\/competencies\/products-solutions\/robot-team\/racer-5-0-80-cobot\/#breadcrumb\"},\"inLanguage\":\"it-IT\",\"potentialAction\":[{\"@type\":\"ReadAction\",\"target\":[\"https:\/\/www.comau.com\/it\/competencies\/products-solutions\/robot-team\/racer-5-0-80-cobot\/\"]}]},{\"@type\":\"ImageObject\",\"inLanguage\":\"it-IT\",\"@id\":\"https:\/\/www.comau.com\/it\/competencies\/products-solutions\/robot-team\/racer-5-0-80-cobot\/#primaryimage\",\"url\":\"https:\/\/www.comau.com\/wp-content\/uploads\/2021\/07\/Cobot_header.jpg\",\"contentUrl\":\"https:\/\/www.comau.com\/wp-content\/uploads\/2021\/07\/Cobot_header.jpg\",\"width\":1280,\"height\":485},{\"@type\":\"BreadcrumbList\",\"@id\":\"https:\/\/www.comau.com\/it\/competencies\/products-solutions\/robot-team\/racer-5-0-80-cobot\/#breadcrumb\",\"itemListElement\":[{\"@type\":\"ListItem\",\"position\":1,\"name\":\"Home\",\"item\":\"https:\/\/www.comau.com\/it\/\"},{\"@type\":\"ListItem\",\"position\":2,\"name\":\"Le Nostre Competenze\",\"item\":\"https:\/\/www.comau.com\/it\/competencies\/\"},{\"@type\":\"ListItem\",\"position\":3,\"name\":\"Products &amp; Solutions\",\"item\":\"https:\/\/www.comau.com\/it\/competencies\/products-solutions\/\"},{\"@type\":\"ListItem\",\"position\":4,\"name\":\"Robot Offering\",\"item\":\"https:\/\/www.comau.com\/it\/competencies\/products-solutions\/robot-team\/\"},{\"@type\":\"ListItem\",\"position\":5,\"name\":\"Racer-5-0.80 COBOT\"}]},{\"@type\":\"WebSite\",\"@id\":\"https:\/\/www.comau.com\/it\/#website\",\"url\":\"https:\/\/www.comau.com\/it\/\",\"name\":\"Comau\",\"description\":\"Industrial automation and robotics\",\"publisher\":{\"@id\":\"https:\/\/www.comau.com\/it\/#organization\"},\"potentialAction\":[{\"@type\":\"SearchAction\",\"target\":{\"@type\":\"EntryPoint\",\"urlTemplate\":\"https:\/\/www.comau.com\/it\/?s={search_term_string}\"},\"query-input\":{\"@type\":\"PropertyValueSpecification\",\"valueRequired\":true,\"valueName\":\"search_term_string\"}}],\"inLanguage\":\"it-IT\"},{\"@type\":\"Organization\",\"@id\":\"https:\/\/www.comau.com\/it\/#organization\",\"name\":\"Comau\",\"url\":\"https:\/\/www.comau.com\/it\/\",\"logo\":{\"@type\":\"ImageObject\",\"inLanguage\":\"it-IT\",\"@id\":\"https:\/\/www.comau.com\/it\/#\/schema\/logo\/image\/\",\"url\":\"https:\/\/www.comau.com\/wp-content\/uploads\/2024\/07\/cropped-Logo-COMAU.png\",\"contentUrl\":\"https:\/\/www.comau.com\/wp-content\/uploads\/2024\/07\/cropped-Logo-COMAU.png\",\"width\":434,\"height\":434,\"caption\":\"Comau\"},\"image\":{\"@id\":\"https:\/\/www.comau.com\/it\/#\/schema\/logo\/image\/\"},\"sameAs\":[\"https:\/\/www.facebook.com\/COMAU\/\",\"https:\/\/x.com\/comaugroup\",\"https:\/\/www.instagram.com\/comaugroup\/\",\"https:\/\/www.linkedin.com\/company\/comau\",\"https:\/\/www.youtube.com\/user\/comau\"]}]}<\/script>\n<!-- \/ Yoast SEO plugin. -->","yoast_head_json":{"title":"Racer-5-0.80 COBOT - Comau","robots":{"index":"index","follow":"follow","max-snippet":"max-snippet:-1","max-image-preview":"max-image-preview:large","max-video-preview":"max-video-preview:-1"},"canonical":"https:\/\/www.comau.com\/it\/competencies\/products-solutions\/robot-team\/racer-5-0-80-cobot\/","og_locale":"it_IT","og_type":"article","og_title":"Racer-5-0.80 COBOT - Comau","og_description":"Performance industriale, mentalit\u00e0 collaborativa Comau Racer5 COBOT \u00e8 l&#8217;unico robot collaborativo che pu\u00f2 passare automaticamente dalla velocit\u00e0 del robot industriale alla velocit\u00e0 collaborativa quando un operatore umano entra nella sua area di lavoro. Combina la flessibilit\u00e0 e le caratteristiche di sicurezza collaborativa con la ripetibilit\u00e0 e la precisione ad alte prestazioni e permette di ridurre [&hellip;]","og_url":"https:\/\/www.comau.com\/it\/competencies\/products-solutions\/robot-team\/racer-5-0-80-cobot\/","og_site_name":"Comau","article_publisher":"https:\/\/www.facebook.com\/COMAU\/","article_modified_time":"2024-04-09T14:39:54+00:00","og_image":[{"width":1280,"height":485,"url":"https:\/\/www.comau.com\/wp-content\/uploads\/2021\/07\/Cobot_header.jpg","type":"image\/jpeg"}],"twitter_card":"summary_large_image","twitter_site":"@comaugroup","twitter_misc":{"Tempo di lettura stimato":"4 minuti"},"schema":{"@context":"https:\/\/schema.org","@graph":[{"@type":"WebPage","@id":"https:\/\/www.comau.com\/it\/competencies\/products-solutions\/robot-team\/racer-5-0-80-cobot\/","url":"https:\/\/www.comau.com\/it\/competencies\/products-solutions\/robot-team\/racer-5-0-80-cobot\/","name":"Racer-5-0.80 COBOT - Comau","isPartOf":{"@id":"https:\/\/www.comau.com\/it\/#website"},"primaryImageOfPage":{"@id":"https:\/\/www.comau.com\/it\/competencies\/products-solutions\/robot-team\/racer-5-0-80-cobot\/#primaryimage"},"image":{"@id":"https:\/\/www.comau.com\/it\/competencies\/products-solutions\/robot-team\/racer-5-0-80-cobot\/#primaryimage"},"thumbnailUrl":"https:\/\/www.comau.com\/wp-content\/uploads\/2021\/07\/Cobot_header.jpg","datePublished":"2021-06-08T07:57:27+00:00","dateModified":"2024-04-09T14:39:54+00:00","breadcrumb":{"@id":"https:\/\/www.comau.com\/it\/competencies\/products-solutions\/robot-team\/racer-5-0-80-cobot\/#breadcrumb"},"inLanguage":"it-IT","potentialAction":[{"@type":"ReadAction","target":["https:\/\/www.comau.com\/it\/competencies\/products-solutions\/robot-team\/racer-5-0-80-cobot\/"]}]},{"@type":"ImageObject","inLanguage":"it-IT","@id":"https:\/\/www.comau.com\/it\/competencies\/products-solutions\/robot-team\/racer-5-0-80-cobot\/#primaryimage","url":"https:\/\/www.comau.com\/wp-content\/uploads\/2021\/07\/Cobot_header.jpg","contentUrl":"https:\/\/www.comau.com\/wp-content\/uploads\/2021\/07\/Cobot_header.jpg","width":1280,"height":485},{"@type":"BreadcrumbList","@id":"https:\/\/www.comau.com\/it\/competencies\/products-solutions\/robot-team\/racer-5-0-80-cobot\/#breadcrumb","itemListElement":[{"@type":"ListItem","position":1,"name":"Home","item":"https:\/\/www.comau.com\/it\/"},{"@type":"ListItem","position":2,"name":"Le Nostre Competenze","item":"https:\/\/www.comau.com\/it\/competencies\/"},{"@type":"ListItem","position":3,"name":"Products &amp; Solutions","item":"https:\/\/www.comau.com\/it\/competencies\/products-solutions\/"},{"@type":"ListItem","position":4,"name":"Robot Offering","item":"https:\/\/www.comau.com\/it\/competencies\/products-solutions\/robot-team\/"},{"@type":"ListItem","position":5,"name":"Racer-5-0.80 COBOT"}]},{"@type":"WebSite","@id":"https:\/\/www.comau.com\/it\/#website","url":"https:\/\/www.comau.com\/it\/","name":"Comau","description":"Industrial automation and robotics","publisher":{"@id":"https:\/\/www.comau.com\/it\/#organization"},"potentialAction":[{"@type":"SearchAction","target":{"@type":"EntryPoint","urlTemplate":"https:\/\/www.comau.com\/it\/?s={search_term_string}"},"query-input":{"@type":"PropertyValueSpecification","valueRequired":true,"valueName":"search_term_string"}}],"inLanguage":"it-IT"},{"@type":"Organization","@id":"https:\/\/www.comau.com\/it\/#organization","name":"Comau","url":"https:\/\/www.comau.com\/it\/","logo":{"@type":"ImageObject","inLanguage":"it-IT","@id":"https:\/\/www.comau.com\/it\/#\/schema\/logo\/image\/","url":"https:\/\/www.comau.com\/wp-content\/uploads\/2024\/07\/cropped-Logo-COMAU.png","contentUrl":"https:\/\/www.comau.com\/wp-content\/uploads\/2024\/07\/cropped-Logo-COMAU.png","width":434,"height":434,"caption":"Comau"},"image":{"@id":"https:\/\/www.comau.com\/it\/#\/schema\/logo\/image\/"},"sameAs":["https:\/\/www.facebook.com\/COMAU\/","https:\/\/x.com\/comaugroup","https:\/\/www.instagram.com\/comaugroup\/","https:\/\/www.linkedin.com\/company\/comau","https:\/\/www.youtube.com\/user\/comau"]}]}},"_links":{"self":[{"href":"https:\/\/www.comau.com\/it\/wp-json\/wp\/v2\/pages\/36383","targetHints":{"allow":["GET"]}}],"collection":[{"href":"https:\/\/www.comau.com\/it\/wp-json\/wp\/v2\/pages"}],"about":[{"href":"https:\/\/www.comau.com\/it\/wp-json\/wp\/v2\/types\/page"}],"author":[{"embeddable":true,"href":"https:\/\/www.comau.com\/it\/wp-json\/wp\/v2\/users\/11"}],"replies":[{"embeddable":true,"href":"https:\/\/www.comau.com\/it\/wp-json\/wp\/v2\/comments?post=36383"}],"version-history":[{"count":6,"href":"https:\/\/www.comau.com\/it\/wp-json\/wp\/v2\/pages\/36383\/revisions"}],"predecessor-version":[{"id":62186,"href":"https:\/\/www.comau.com\/it\/wp-json\/wp\/v2\/pages\/36383\/revisions\/62186"}],"up":[{"embeddable":true,"href":"https:\/\/www.comau.com\/it\/wp-json\/wp\/v2\/pages\/5817"}],"wp:featuredmedia":[{"embeddable":true,"href":"https:\/\/www.comau.com\/it\/wp-json\/wp\/v2\/media\/34597"}],"wp:attachment":[{"href":"https:\/\/www.comau.com\/it\/wp-json\/wp\/v2\/media?parent=36383"}],"curies":[{"name":"wp","href":"https:\/\/api.w.org\/{rel}","templated":true}]}}