{"id":23321,"date":"2021-06-09T11:09:54","date_gmt":"2021-06-09T09:09:54","guid":{"rendered":"https:\/\/www.comau.com\/?page_id=23321"},"modified":"2021-08-27T15:18:03","modified_gmt":"2021-08-27T13:18:03","slug":"executive-master-in-manufacturing-automation-and-digital-transformation","status":"publish","type":"page","link":"https:\/\/www.comau.com\/it\/competencies\/systems\/consultancy-education\/companies-professionals\/executive-master-in-manufacturing-automation-and-digital-transformation\/","title":{"rendered":"Executive Master in Manufacturing Automation and Digital Transformation"},"content":{"rendered":"\n<h2 class=\"wp-block-heading\">Preparati per la Digital Transformation<\/h2>\n\n\n\n<div class=\"wp-block-getwid-toggle download-dropdown has-icon-left\">\n<div class=\"wp-block-getwid-toggle__row\"><div class=\"wp-block-getwid-toggle__header-wrapper\"><span class=\"wp-block-getwid-toggle__header\"><a href=\"#\"><span class=\"wp-block-getwid-toggle__header-title\">Download the brochure<\/span><span class=\"wp-block-getwid-toggle__icon is-active\"><i class=\"fas fa-plus\"><\/i><\/span><span class=\"wp-block-getwid-toggle__icon is-passive\"><i class=\"fas fa-minus\"><\/i><\/span><\/a><\/span><\/div><div class=\"wp-block-getwid-toggle__content-wrapper\"><div class=\"wp-block-getwid-toggle__content\">\n<div class=\"wp-block-getwid-button-group\"><div class=\"wp-block-getwid-button-group__wrapper\">\n<div class=\"wp-block-button\"><a class=\"wp-block-button__link\" href=\"https:\/\/www.comau.com\/wp-content\/uploads\/2021\/06\/Master-in-Manufacturing-Automation-and-Digital-Transformation.pdf\" target=\"_blank\" rel=\"noreferrer noopener\">Executive Master in Manufacturing Automation and Digital Transformation<\/a><\/div>\n<\/div><\/div>\n<\/div><\/div><\/div>\n<\/div>\n\n\n\n<p>L\u2019Executive Master in Manufacturing Automation e Digital Transformation offerto da Comau consente ad aziende e professionisti di sviluppare pi\u00f9 facilmente le capacit\u00e0 necessarie per costruire le avanzate soluzioni di automazione industriale del futuro. Oltre a essere l\u2019unico programma di questo tipo a trattare sia gli aspetti tecnici che quelli manageriali dell\u2019automazione industriale, \u00e8 anche il solo Executive Master progettato e realizzato da due leader del settore \u2013 Comau e ESCP Europe, la pi\u00f9 antica business school al mondo, nota per essere stata frequentata da generazioni di leader e imprenditori.<\/p>\n\n\n\n<p>Puoi conseguire il titolo di studio Executive Master in Manufacturing Automation e Digital Transformation combinando 32,5 giorni di training pratico con 80 ore aggiuntive di e-learning, webinar e attuazione di progetti.  Non solo: il programma \u00e8 stato ideato specificamente per executive, direttori, manager e professionisti che progettano, realizzano, vendono o utilizzano soluzioni di automazione industriale.<\/p>\n\n\n\n<p>Per consentire ai professionisti di fare carriera e perfezionare le proprie competenze, questo corso completo \u00e8 basato su una metodologia di apprendimento intensivo e molto efficace. Al termine del programma, i partecipanti avranno sviluppato le capacit\u00e0 necessarie per far fronte alla trasformazione digitale delle soluzioni di automazione e ai paradigmi di fabbricazione in evoluzione.<\/p>\n\n\n\n<p>Il costo del Master \u00e8 pari a \u20ac 21.000 (per tutti i partecipanti, sia UE che extra-UE), con uno sconto di \u20ac 3.000 se l\u2019iscrizione viene effettuata entro il 27 giugno 2018. <\/p>\n\n\n\n<p>**Il costo del corso non include le spese di viaggio e alloggio.<\/p>\n\n\n\n<p>L\u2019Executive Master in Manufacturing Automation e Digital Transformation (EMMA) consente a professionisti senior di acquisire le capacit\u00e0 necessarie per far fronte ai problemi con flessibilit\u00e0, essere leader efficaci e professionisti all\u2019avanguardia per la quarta rivoluzione industriale.\n\n\n<\/p>\n\n\n\n<p>La prima edizione si \u00e8 conclusa a gennaio 2018 con 31 partecipanti, che per la maggior parte ricoprivano funzioni produttive, negli acquisti e nel campo dell\u2019innovazione.<\/p>\n\n\n\n<p>Il mix di aspetti economici e tecnici nonch\u00e9 la loro coerenza sono veramente i punti di forza del programma.<\/p>\n\n\n\n<p>Oltre alle conoscenze di Industry 4.0, i partecipanti hanno creato una vasta ed efficace rete di contatti.<\/p>\n\n\n\n<figure class=\"wp-block-image size-large\"><img decoding=\"async\" width=\"740\" height=\"455\" src=\"https:\/\/www.comau.com\/wp-content\/uploads\/2021\/06\/BlueBoxesMaster2018.jpg\" alt=\"\" class=\"wp-image-10120\" srcset=\"https:\/\/www.comau.com\/wp-content\/uploads\/2021\/06\/BlueBoxesMaster2018.jpg 740w, https:\/\/www.comau.com\/wp-content\/uploads\/2021\/06\/BlueBoxesMaster2018-300x184.jpg 300w\" sizes=\"(max-width: 740px) 100vw, 740px\" \/><\/figure>\n\n\n\n<h2 class=\"wp-block-heading\">Capacit\u00e0 mirate<\/h2>\n\n\n\n<p>Impara a pensare strategicamente e a guidare il cambiamento organizzativo, al tempo stesso contribuendo attivamente allo sviluppo e implementazione di soluzioni di automazione industriale e migliorando l\u2019attuale paradigma della produzione. <\/p>\n\n\n\n<p>Il nostro Executive Master in Manufacturing Automation e Digital Transformation \u00e8 stato creato per aiutarti a sviluppare una comprensione approfondita della tecnologia e dei mercati per liberare il tuo potenziale e metterti in grado di progettare soluzioni innovative per la fabbricazione.<\/p>\n\n\n\n<p>Capacit\u00e0 mirate:<\/p>\n\n\n\n<ul class=\"wp-block-list\"><li>Identificare esigenze e opportunit\u00e0 per l\u2019applicazione di tecnologie di automazione a processi di fabbricazione<\/li><li>Contribuire attivamente alla progettazione e allo sviluppo di soluzioni di automazione<\/li><li>Applicare tecniche di analisi dei costi e di pianificazione finanziaria a progetti di automazione<\/li><li>Assicurare una gestione forte dei progetti<\/li><li>Dirigere un team con l\u2019approccio adatto alla gestione delle persone<\/li><li>Dialogare con i reparti di progettazione e tecnici responsabili del prodotto\/progetto<\/li><li>Gestire portafogli complessi e tecnologicamente avanzati di forniture e di fornitori<\/li><li>Comprendere le implicazioni principali che caratterizzano un\u2019interazione fra uomo e macchina<\/li><\/ul>\n\n\n\n<div class=\"wp-block-columns is-layout-flex wp-container-core-columns-is-layout-9d6595d7 wp-block-columns-is-layout-flex\">\n<div class=\"wp-block-column is-layout-flow wp-block-column-is-layout-flow\">\n<figure class=\"wp-block-embed is-type-video is-provider-youtube wp-block-embed-youtube wp-embed-aspect-16-9 wp-has-aspect-ratio\"><div class=\"wp-block-embed__wrapper\">\n<iframe title=\"Comau Executive Master in Manufacturing Automation and Digital Transformation -2nd edition 2018\/2019\" width=\"640\" height=\"360\" src=\"https:\/\/www.youtube.com\/embed\/YZgKyTsu7U4?feature=oembed\" frameborder=\"0\" allow=\"accelerometer; autoplay; clipboard-write; encrypted-media; gyroscope; picture-in-picture; web-share\" referrerpolicy=\"strict-origin-when-cross-origin\" allowfullscreen><\/iframe>\n<\/div><\/figure>\n<\/div>\n\n\n\n<div class=\"wp-block-column is-layout-flow wp-block-column-is-layout-flow\">\n<figure class=\"wp-block-embed is-type-video is-provider-youtube wp-block-embed-youtube wp-embed-aspect-16-9 wp-has-aspect-ratio\"><div class=\"wp-block-embed__wrapper\">\n<iframe title=\"Comau Executive Master in Manufacturing Automation and Digital Transformation -1st edition 2017\/2018\" width=\"640\" height=\"360\" src=\"https:\/\/www.youtube.com\/embed\/4rh9pS3P51E?feature=oembed\" frameborder=\"0\" allow=\"accelerometer; autoplay; clipboard-write; encrypted-media; gyroscope; picture-in-picture; web-share\" referrerpolicy=\"strict-origin-when-cross-origin\" allowfullscreen><\/iframe>\n<\/div><\/figure>\n<\/div>\n<\/div>\n\n\n\n<h2 class=\"wp-block-heading\">La struttura modulare \u00e8 adatta alla tua carriera<\/h2>\n\n\n\n<p>Cinque moduli nel corso di cinque settimane completati da moduli di auto-apprendimento e di lavoro su progetti.<\/p>\n\n\n\n<div class=\"wp-block-image\"><figure class=\"aligncenter size-large\"><img decoding=\"async\" width=\"739\" height=\"549\" src=\"https:\/\/www.comau.com\/wp-content\/uploads\/2021\/06\/MIAM_2018_structure.png\" alt=\"\" class=\"wp-image-10125\" srcset=\"https:\/\/www.comau.com\/wp-content\/uploads\/2021\/06\/MIAM_2018_structure.png 739w, https:\/\/www.comau.com\/wp-content\/uploads\/2021\/06\/MIAM_2018_structure-300x223.png 300w\" sizes=\"(max-width: 739px) 100vw, 739px\" \/><\/figure><\/div>\n\n\n\n<h2 class=\"wp-block-heading\">Il programma accelerato sfrutta il potenziale dei vostri dipendenti <\/h2>\n\n\n\n<p>Il Master in Manufacturing Automation e Digital Transformation offerto da Comau \u00e8 stato concepito per aiutarvi a far crescere e sviluppare le vostre risorse pi\u00f9 importanti \u2013 le persone e la tecnologia \u2013 rubando un tempo minimo alle attivit\u00e0 quotidiane. Questo programma innovativo non solo offre opportunit\u00e0 di networking e benchmarking per la vostra azienda e i dipendenti sponsorizzati, ma il lavoro su progetti \u00e8 personalizzato secondo il vostro business e condotto all\u2019interno della vostra azienda per ottenere un ritorno massimo sull\u2019investimento.<\/p>\n\n\n\n<p>Ti unirai a un gruppo di partecipanti, ciascuno con un bagaglio universitario e professionale unico, provenienti da tutto il mondo. Il programma EMMA offrir\u00e0 un\u2019esperienza di apprendimento esclusiva, coniugando tecnologia e management ai fini di una carriera direttiva all\u2019insegna della trasformazione e dello sviluppo.<\/p>\n","protected":false},"excerpt":{"rendered":"<p>Preparati per la Digital Transformation L\u2019Executive Master in Manufacturing Automation e Digital Transformation offerto da Comau consente ad aziende e professionisti di sviluppare pi\u00f9 facilmente le capacit\u00e0 necessarie per costruire le avanzate soluzioni di automazione industriale del futuro. Oltre a essere l\u2019unico programma di questo tipo a trattare sia gli aspetti tecnici che quelli manageriali [&hellip;]<\/p>\n","protected":false},"author":11,"featured_media":10115,"parent":6273,"menu_order":1,"comment_status":"closed","ping_status":"closed","template":"","meta":{"_acf_changed":false,"ep_exclude_from_search":false,"footnotes":""},"class_list":["post-23321","page","type-page","status-publish","has-post-thumbnail","hentry"],"acf":[],"yoast_head":"<!-- This site is optimized with the Yoast SEO plugin v26.9 - https:\/\/yoast.com\/product\/yoast-seo-wordpress\/ -->\n<title>Master di secondo livello in Manufacturing 4.0 - Comau<\/title>\n<meta name=\"description\" content=\"Il master con specializzazione di secondo livello mira a formare studenti e neolaureati in Ingegneria che vogliono ampliare le proprie competenze in Industria 4.0 e digitalizzazione.\" \/>\n<meta name=\"robots\" content=\"index, follow, max-snippet:-1, max-image-preview:large, max-video-preview:-1\" \/>\n<link rel=\"canonical\" href=\"https:\/\/www.comau.com\/it\/competencies\/systems\/consultancy-education\/companies-professionals\/executive-master-in-manufacturing-automation-and-digital-transformation\/\" \/>\n<meta property=\"og:locale\" content=\"it_IT\" \/>\n<meta property=\"og:type\" content=\"article\" \/>\n<meta property=\"og:title\" content=\"Master di secondo livello in Manufacturing 4.0 - Comau\" \/>\n<meta property=\"og:description\" content=\"Il master con specializzazione di secondo livello mira a formare studenti e neolaureati in Ingegneria che vogliono ampliare le proprie competenze in Industria 4.0 e digitalizzazione.\" \/>\n<meta property=\"og:url\" content=\"https:\/\/www.comau.com\/it\/competencies\/systems\/consultancy-education\/companies-professionals\/executive-master-in-manufacturing-automation-and-digital-transformation\/\" \/>\n<meta property=\"og:site_name\" content=\"Comau\" \/>\n<meta property=\"article:publisher\" content=\"https:\/\/www.facebook.com\/COMAU\/\" \/>\n<meta property=\"article:modified_time\" content=\"2021-08-27T13:18:03+00:00\" \/>\n<meta property=\"og:image\" content=\"https:\/\/www.comau.com\/wp-content\/uploads\/2021\/06\/EMMA_header.jpg\" \/>\n\t<meta property=\"og:image:width\" content=\"1280\" \/>\n\t<meta property=\"og:image:height\" content=\"485\" \/>\n\t<meta property=\"og:image:type\" content=\"image\/jpeg\" \/>\n<meta name=\"twitter:card\" content=\"summary_large_image\" \/>\n<meta name=\"twitter:site\" content=\"@comaugroup\" \/>\n<meta name=\"twitter:label1\" content=\"Tempo di lettura stimato\" \/>\n\t<meta name=\"twitter:data1\" content=\"4 minuti\" \/>\n<script type=\"application\/ld+json\" class=\"yoast-schema-graph\">{\"@context\":\"https:\/\/schema.org\",\"@graph\":[{\"@type\":\"WebPage\",\"@id\":\"https:\/\/www.comau.com\/it\/competencies\/systems\/consultancy-education\/companies-professionals\/executive-master-in-manufacturing-automation-and-digital-transformation\/\",\"url\":\"https:\/\/www.comau.com\/it\/competencies\/systems\/consultancy-education\/companies-professionals\/executive-master-in-manufacturing-automation-and-digital-transformation\/\",\"name\":\"Master di secondo livello in Manufacturing 4.0 - Comau\",\"isPartOf\":{\"@id\":\"https:\/\/www.comau.com\/it\/#website\"},\"primaryImageOfPage\":{\"@id\":\"https:\/\/www.comau.com\/it\/competencies\/systems\/consultancy-education\/companies-professionals\/executive-master-in-manufacturing-automation-and-digital-transformation\/#primaryimage\"},\"image\":{\"@id\":\"https:\/\/www.comau.com\/it\/competencies\/systems\/consultancy-education\/companies-professionals\/executive-master-in-manufacturing-automation-and-digital-transformation\/#primaryimage\"},\"thumbnailUrl\":\"https:\/\/www.comau.com\/wp-content\/uploads\/2021\/06\/EMMA_header.jpg\",\"datePublished\":\"2021-06-09T09:09:54+00:00\",\"dateModified\":\"2021-08-27T13:18:03+00:00\",\"description\":\"Il master con specializzazione di secondo livello mira a formare studenti e neolaureati in Ingegneria che vogliono ampliare le proprie competenze in Industria 4.0 e digitalizzazione.\",\"breadcrumb\":{\"@id\":\"https:\/\/www.comau.com\/it\/competencies\/systems\/consultancy-education\/companies-professionals\/executive-master-in-manufacturing-automation-and-digital-transformation\/#breadcrumb\"},\"inLanguage\":\"it-IT\",\"potentialAction\":[{\"@type\":\"ReadAction\",\"target\":[\"https:\/\/www.comau.com\/it\/competencies\/systems\/consultancy-education\/companies-professionals\/executive-master-in-manufacturing-automation-and-digital-transformation\/\"]}]},{\"@type\":\"ImageObject\",\"inLanguage\":\"it-IT\",\"@id\":\"https:\/\/www.comau.com\/it\/competencies\/systems\/consultancy-education\/companies-professionals\/executive-master-in-manufacturing-automation-and-digital-transformation\/#primaryimage\",\"url\":\"https:\/\/www.comau.com\/wp-content\/uploads\/2021\/06\/EMMA_header.jpg\",\"contentUrl\":\"https:\/\/www.comau.com\/wp-content\/uploads\/2021\/06\/EMMA_header.jpg\",\"width\":1280,\"height\":485},{\"@type\":\"BreadcrumbList\",\"@id\":\"https:\/\/www.comau.com\/it\/competencies\/systems\/consultancy-education\/companies-professionals\/executive-master-in-manufacturing-automation-and-digital-transformation\/#breadcrumb\",\"itemListElement\":[{\"@type\":\"ListItem\",\"position\":1,\"name\":\"Home\",\"item\":\"https:\/\/www.comau.com\/it\/\"},{\"@type\":\"ListItem\",\"position\":2,\"name\":\"Le Nostre Competenze\",\"item\":\"https:\/\/www.comau.com\/it\/competencies\/\"},{\"@type\":\"ListItem\",\"position\":3,\"name\":\"Consultancy &amp; Education\",\"item\":\"https:\/\/www.comau.com\/it\/competencies\/consultancy-education\/\"},{\"@type\":\"ListItem\",\"position\":4,\"name\":\"Companies &amp; Professionals\",\"item\":\"https:\/\/www.comau.com\/it\/competencies\/consultancy-education\/companies-professionals\/\"},{\"@type\":\"ListItem\",\"position\":5,\"name\":\"Executive Master in Manufacturing Automation and Digital Transformation\"}]},{\"@type\":\"WebSite\",\"@id\":\"https:\/\/www.comau.com\/it\/#website\",\"url\":\"https:\/\/www.comau.com\/it\/\",\"name\":\"Comau\",\"description\":\"Industrial automation and robotics\",\"publisher\":{\"@id\":\"https:\/\/www.comau.com\/it\/#organization\"},\"potentialAction\":[{\"@type\":\"SearchAction\",\"target\":{\"@type\":\"EntryPoint\",\"urlTemplate\":\"https:\/\/www.comau.com\/it\/?s={search_term_string}\"},\"query-input\":{\"@type\":\"PropertyValueSpecification\",\"valueRequired\":true,\"valueName\":\"search_term_string\"}}],\"inLanguage\":\"it-IT\"},{\"@type\":\"Organization\",\"@id\":\"https:\/\/www.comau.com\/it\/#organization\",\"name\":\"Comau\",\"url\":\"https:\/\/www.comau.com\/it\/\",\"logo\":{\"@type\":\"ImageObject\",\"inLanguage\":\"it-IT\",\"@id\":\"https:\/\/www.comau.com\/it\/#\/schema\/logo\/image\/\",\"url\":\"https:\/\/www.comau.com\/wp-content\/uploads\/2024\/07\/cropped-Logo-COMAU.png\",\"contentUrl\":\"https:\/\/www.comau.com\/wp-content\/uploads\/2024\/07\/cropped-Logo-COMAU.png\",\"width\":434,\"height\":434,\"caption\":\"Comau\"},\"image\":{\"@id\":\"https:\/\/www.comau.com\/it\/#\/schema\/logo\/image\/\"},\"sameAs\":[\"https:\/\/www.facebook.com\/COMAU\/\",\"https:\/\/x.com\/comaugroup\",\"https:\/\/www.instagram.com\/comaugroup\/\",\"https:\/\/www.linkedin.com\/company\/comau\",\"https:\/\/www.youtube.com\/user\/comau\"]}]}<\/script>\n<!-- \/ Yoast SEO plugin. -->","yoast_head_json":{"title":"Master di secondo livello in Manufacturing 4.0 - Comau","description":"Il master con specializzazione di secondo livello mira a formare studenti e neolaureati in Ingegneria che vogliono ampliare le proprie competenze in Industria 4.0 e digitalizzazione.","robots":{"index":"index","follow":"follow","max-snippet":"max-snippet:-1","max-image-preview":"max-image-preview:large","max-video-preview":"max-video-preview:-1"},"canonical":"https:\/\/www.comau.com\/it\/competencies\/systems\/consultancy-education\/companies-professionals\/executive-master-in-manufacturing-automation-and-digital-transformation\/","og_locale":"it_IT","og_type":"article","og_title":"Master di secondo livello in Manufacturing 4.0 - Comau","og_description":"Il master con specializzazione di secondo livello mira a formare studenti e neolaureati in Ingegneria che vogliono ampliare le proprie competenze in Industria 4.0 e digitalizzazione.","og_url":"https:\/\/www.comau.com\/it\/competencies\/systems\/consultancy-education\/companies-professionals\/executive-master-in-manufacturing-automation-and-digital-transformation\/","og_site_name":"Comau","article_publisher":"https:\/\/www.facebook.com\/COMAU\/","article_modified_time":"2021-08-27T13:18:03+00:00","og_image":[{"width":1280,"height":485,"url":"https:\/\/www.comau.com\/wp-content\/uploads\/2021\/06\/EMMA_header.jpg","type":"image\/jpeg"}],"twitter_card":"summary_large_image","twitter_site":"@comaugroup","twitter_misc":{"Tempo di lettura stimato":"4 minuti"},"schema":{"@context":"https:\/\/schema.org","@graph":[{"@type":"WebPage","@id":"https:\/\/www.comau.com\/it\/competencies\/systems\/consultancy-education\/companies-professionals\/executive-master-in-manufacturing-automation-and-digital-transformation\/","url":"https:\/\/www.comau.com\/it\/competencies\/systems\/consultancy-education\/companies-professionals\/executive-master-in-manufacturing-automation-and-digital-transformation\/","name":"Master di secondo livello in Manufacturing 4.0 - Comau","isPartOf":{"@id":"https:\/\/www.comau.com\/it\/#website"},"primaryImageOfPage":{"@id":"https:\/\/www.comau.com\/it\/competencies\/systems\/consultancy-education\/companies-professionals\/executive-master-in-manufacturing-automation-and-digital-transformation\/#primaryimage"},"image":{"@id":"https:\/\/www.comau.com\/it\/competencies\/systems\/consultancy-education\/companies-professionals\/executive-master-in-manufacturing-automation-and-digital-transformation\/#primaryimage"},"thumbnailUrl":"https:\/\/www.comau.com\/wp-content\/uploads\/2021\/06\/EMMA_header.jpg","datePublished":"2021-06-09T09:09:54+00:00","dateModified":"2021-08-27T13:18:03+00:00","description":"Il master con specializzazione di secondo livello mira a formare studenti e neolaureati in Ingegneria che vogliono ampliare le proprie competenze in Industria 4.0 e digitalizzazione.","breadcrumb":{"@id":"https:\/\/www.comau.com\/it\/competencies\/systems\/consultancy-education\/companies-professionals\/executive-master-in-manufacturing-automation-and-digital-transformation\/#breadcrumb"},"inLanguage":"it-IT","potentialAction":[{"@type":"ReadAction","target":["https:\/\/www.comau.com\/it\/competencies\/systems\/consultancy-education\/companies-professionals\/executive-master-in-manufacturing-automation-and-digital-transformation\/"]}]},{"@type":"ImageObject","inLanguage":"it-IT","@id":"https:\/\/www.comau.com\/it\/competencies\/systems\/consultancy-education\/companies-professionals\/executive-master-in-manufacturing-automation-and-digital-transformation\/#primaryimage","url":"https:\/\/www.comau.com\/wp-content\/uploads\/2021\/06\/EMMA_header.jpg","contentUrl":"https:\/\/www.comau.com\/wp-content\/uploads\/2021\/06\/EMMA_header.jpg","width":1280,"height":485},{"@type":"BreadcrumbList","@id":"https:\/\/www.comau.com\/it\/competencies\/systems\/consultancy-education\/companies-professionals\/executive-master-in-manufacturing-automation-and-digital-transformation\/#breadcrumb","itemListElement":[{"@type":"ListItem","position":1,"name":"Home","item":"https:\/\/www.comau.com\/it\/"},{"@type":"ListItem","position":2,"name":"Le Nostre Competenze","item":"https:\/\/www.comau.com\/it\/competencies\/"},{"@type":"ListItem","position":3,"name":"Consultancy &amp; Education","item":"https:\/\/www.comau.com\/it\/competencies\/consultancy-education\/"},{"@type":"ListItem","position":4,"name":"Companies &amp; Professionals","item":"https:\/\/www.comau.com\/it\/competencies\/consultancy-education\/companies-professionals\/"},{"@type":"ListItem","position":5,"name":"Executive Master in Manufacturing Automation and Digital Transformation"}]},{"@type":"WebSite","@id":"https:\/\/www.comau.com\/it\/#website","url":"https:\/\/www.comau.com\/it\/","name":"Comau","description":"Industrial automation and robotics","publisher":{"@id":"https:\/\/www.comau.com\/it\/#organization"},"potentialAction":[{"@type":"SearchAction","target":{"@type":"EntryPoint","urlTemplate":"https:\/\/www.comau.com\/it\/?s={search_term_string}"},"query-input":{"@type":"PropertyValueSpecification","valueRequired":true,"valueName":"search_term_string"}}],"inLanguage":"it-IT"},{"@type":"Organization","@id":"https:\/\/www.comau.com\/it\/#organization","name":"Comau","url":"https:\/\/www.comau.com\/it\/","logo":{"@type":"ImageObject","inLanguage":"it-IT","@id":"https:\/\/www.comau.com\/it\/#\/schema\/logo\/image\/","url":"https:\/\/www.comau.com\/wp-content\/uploads\/2024\/07\/cropped-Logo-COMAU.png","contentUrl":"https:\/\/www.comau.com\/wp-content\/uploads\/2024\/07\/cropped-Logo-COMAU.png","width":434,"height":434,"caption":"Comau"},"image":{"@id":"https:\/\/www.comau.com\/it\/#\/schema\/logo\/image\/"},"sameAs":["https:\/\/www.facebook.com\/COMAU\/","https:\/\/x.com\/comaugroup","https:\/\/www.instagram.com\/comaugroup\/","https:\/\/www.linkedin.com\/company\/comau","https:\/\/www.youtube.com\/user\/comau"]}]}},"_links":{"self":[{"href":"https:\/\/www.comau.com\/it\/wp-json\/wp\/v2\/pages\/23321","targetHints":{"allow":["GET"]}}],"collection":[{"href":"https:\/\/www.comau.com\/it\/wp-json\/wp\/v2\/pages"}],"about":[{"href":"https:\/\/www.comau.com\/it\/wp-json\/wp\/v2\/types\/page"}],"author":[{"embeddable":true,"href":"https:\/\/www.comau.com\/it\/wp-json\/wp\/v2\/users\/11"}],"replies":[{"embeddable":true,"href":"https:\/\/www.comau.com\/it\/wp-json\/wp\/v2\/comments?post=23321"}],"version-history":[{"count":33,"href":"https:\/\/www.comau.com\/it\/wp-json\/wp\/v2\/pages\/23321\/revisions"}],"predecessor-version":[{"id":38517,"href":"https:\/\/www.comau.com\/it\/wp-json\/wp\/v2\/pages\/23321\/revisions\/38517"}],"up":[{"embeddable":true,"href":"https:\/\/www.comau.com\/it\/wp-json\/wp\/v2\/pages\/6273"}],"wp:featuredmedia":[{"embeddable":true,"href":"https:\/\/www.comau.com\/it\/wp-json\/wp\/v2\/media\/10115"}],"wp:attachment":[{"href":"https:\/\/www.comau.com\/it\/wp-json\/wp\/v2\/media?parent=23321"}],"curies":[{"name":"wp","href":"https:\/\/api.w.org\/{rel}","templated":true}]}}