{"id":23264,"date":"2021-06-09T16:06:26","date_gmt":"2021-06-09T14:06:26","guid":{"rendered":"https:\/\/www.comau.com\/?page_id=23264"},"modified":"2021-08-27T15:25:38","modified_gmt":"2021-08-27T13:25:38","slug":"project-management-academy","status":"publish","type":"page","link":"https:\/\/www.comau.com\/it\/competencies\/services\/project-management-academy\/","title":{"rendered":"Project Management Academy"},"content":{"rendered":"\n<h2 class=\"wp-block-heading\">Corsi di Sviluppo Professionale<\/h2>\n\n\n\n<p>La Comau Project Management Academy (Comau PM Academy) realizza lezioni e condivide competenze e collaborazioni con altre istituzioni per fornire training di sviluppo professionale ad aziende e singoli individui in tutto il mondo.<\/p>\n\n\n\n<p>\nLa Comau PM Academy \u00e8 certificata REP\u00ae (Registered Education Provider) a livello globale ed \u00e8 ufficialmente riconosciuta dal Project Management Institute (PMI)\u00ae, la pi\u00f9 grande associazione al mondo di Project Management internazionale e professionale. Tutti i corsi sono sviluppati e realizzati all\u2019interno di Comau da professionisti in Project Management. Questo ci consente di unire l\u2019esperienza sul campo in progetti complessi (Approccio Pragmatico) a pratiche di Project Management riconosciute a livello internazionale (Approccio Teorico).<\/p>\n\n\n\n<p>PMI is a registered mark of the Project Management Institute, Inc.<\/p>\n\n\n\n<div class=\"wp-block-columns columns-bg-dark is-layout-flex wp-container-core-columns-is-layout-9d6595d7 wp-block-columns-is-layout-flex\">\n<div class=\"wp-block-column is-layout-flow wp-block-column-is-layout-flow\">\n<h3 class=\"wp-block-heading\">Principi del Risk Management<\/h3>\n\n\n\n<p>Amplia le tue conoscenze nelle tecniche del risk management dei progetti, come ad esempio rilevare i rischi e le misure da adottare per ridurli o eliminarli nonch\u00e9 per gestirli con cognizione di causa, in conformit\u00e0 alle pertinenti aree della conoscenza illustrate nell\u2019opera &#8220;A Guide to the Project Management Body of Knowledge (PMBOK\u00ae Guide) \u2013 Fifth Edition, Project Management Institute, Inc., PMBOK \u00e8 un marchio registrato del Project Management Institute, Inc.\n<br><br><strong>\nDurata: 16 ore<\/strong><\/p>\n\n\n\n<div class=\"wp-block-buttons is-layout-flex wp-block-buttons-is-layout-flex\">\n<div class=\"wp-block-button\"><a class=\"wp-block-button__link\" href=\"https:\/\/www.comau.com\/it\/competencies\/consultancy-education\/companies-professionals\/risk-management-fundamentals\/\">Leggi di pi\u00f9<\/a><\/div>\n<\/div>\n<\/div>\n\n\n\n<div class=\"wp-block-column is-layout-flow wp-block-column-is-layout-flow\">\n<h3 class=\"wp-block-heading\">PMF &#8211; Project Management<\/h3>\n\n\n\n<p>Aumenta la tua abilit\u00e0 nell\u2019applicazione dei processi e delle prassi di project management focalizzando l\u2019attenzione sulla definizione, attuazione, gestione, direzione, monitoraggio e controllo dei progetti e delle loro componenti.<br><br><strong>Durata: 3 giorni<br>24 unit\u00e0 di crescita professionale oppure ore di contatto<\/strong><\/p>\n\n\n\n<div class=\"wp-block-buttons is-layout-flex wp-block-buttons-is-layout-flex\">\n<div class=\"wp-block-button\"><a class=\"wp-block-button__link\" href=\"https:\/\/www.comau.com\/it\/competencies\/consultancy-education\/companies-professionals\/pmf-project-management-fundamentals\/\">Leggi di pi\u00f9<\/a><\/div>\n<\/div>\n<\/div>\n<\/div>\n\n\n\n<div class=\"wp-block-columns columns-bg-dark is-layout-flex wp-container-core-columns-is-layout-9d6595d7 wp-block-columns-is-layout-flex\">\n<div class=\"wp-block-column is-layout-flow wp-block-column-is-layout-flow\">\n<h3 class=\"wp-block-heading\">Certificazione Project Management Professional (PMP)\u00ae<\/h3>\n\n\n\n<p>Un programma di formazione intensivo studiato per illustrare tutti i processi del Project Management Institute (PMI)\u00ae \u2028e i corrispondenti input, strumenti, tecniche e output nonch\u00e9 ulteriori conoscenze nei campi Risorse Umane, teorie della Qualit\u00e0, Responsabilit\u00e0 etica e professionale, necessari per superare l\u2019esame PMP\u00ae. PMP \u00e8 un marchio registrato del Project Management Institute, Inc.<br><br><strong>Durata: 6 giorni<br>42 unit\u00e0 di crescita professionale oppure ore di contatto<\/strong><\/p>\n\n\n\n<div class=\"wp-block-buttons is-layout-flex wp-block-buttons-is-layout-flex\">\n<div class=\"wp-block-button\"><a class=\"wp-block-button__link\" href=\"https:\/\/www.comau.com\/it\/competencies\/consultancy-education\/companies-professionals\/professional-project-management-with-pmp-certification\/\">Leggi di pi\u00f9<\/a><\/div>\n<\/div>\n<\/div>\n\n\n\n<div class=\"wp-block-column is-layout-flow wp-block-column-is-layout-flow\">\n<h3 class=\"wp-block-heading\">PME- Project Management Essentials<\/h3>\n\n\n\n<p>Affina le tue nozioni dell\u2019ambiente del progetto e migliora la tua capacit\u00e0 di applicare efficacemente processi di project management.<br><br><strong>Durata: 2 giorni<br>15 unit\u00e0 di crescita professionale oppure ore di contatto<\/strong><\/p>\n\n\n\n<div class=\"wp-block-buttons is-layout-flex wp-block-buttons-is-layout-flex\">\n<div class=\"wp-block-button\"><a class=\"wp-block-button__link\" href=\"https:\/\/www.comau.com\/it\/competencies\/consultancy-education\/companies-professionals\/project-management-essentials-pme\/\">Leggi di pi\u00f9<\/a><\/div>\n<\/div>\n<\/div>\n<\/div>\n","protected":false},"excerpt":{"rendered":"<p>Corsi di Sviluppo Professionale La Comau Project Management Academy (Comau PM Academy) realizza lezioni e condivide competenze e collaborazioni con altre istituzioni per fornire training di sviluppo professionale ad aziende e singoli individui in tutto il mondo. La Comau PM Academy \u00e8 certificata REP\u00ae (Registered Education Provider) a livello globale ed \u00e8 ufficialmente riconosciuta dal [&hellip;]<\/p>\n","protected":false},"author":11,"featured_media":10295,"parent":65282,"menu_order":2,"comment_status":"closed","ping_status":"closed","template":"","meta":{"_acf_changed":false,"ep_exclude_from_search":false,"footnotes":""},"class_list":["post-23264","page","type-page","status-publish","has-post-thumbnail","hentry"],"acf":[],"yoast_head":"<!-- This site is optimized with the Yoast SEO plugin v26.9 - https:\/\/yoast.com\/product\/yoast-seo-wordpress\/ -->\n<title>PM Academy: corsi di specializzazione professionale - Comau<\/title>\n<meta name=\"description\" content=\"La Comau Project Management Academy certificata REP\u00ae organizza corsi per migliorare e accrescere le competenze nella gestione dei processi. Scopri i dettagli sul sito.\" \/>\n<meta name=\"robots\" content=\"index, follow, max-snippet:-1, max-image-preview:large, max-video-preview:-1\" \/>\n<link rel=\"canonical\" href=\"https:\/\/www.comau.com\/it\/competencies\/services\/project-management-academy\/\" \/>\n<meta property=\"og:locale\" content=\"it_IT\" \/>\n<meta property=\"og:type\" content=\"article\" \/>\n<meta property=\"og:title\" content=\"PM Academy: corsi di specializzazione professionale - Comau\" \/>\n<meta property=\"og:description\" content=\"La Comau Project Management Academy certificata REP\u00ae organizza corsi per migliorare e accrescere le competenze nella gestione dei processi. Scopri i dettagli sul sito.\" \/>\n<meta property=\"og:url\" content=\"https:\/\/www.comau.com\/it\/competencies\/services\/project-management-academy\/\" \/>\n<meta property=\"og:site_name\" content=\"Comau\" \/>\n<meta property=\"article:publisher\" content=\"https:\/\/www.facebook.com\/COMAU\/\" \/>\n<meta property=\"article:modified_time\" content=\"2021-08-27T13:25:38+00:00\" \/>\n<meta property=\"og:image\" content=\"https:\/\/www.comau.com\/wp-content\/uploads\/2021\/06\/header_DSC1978.png\" \/>\n\t<meta property=\"og:image:width\" content=\"1280\" \/>\n\t<meta property=\"og:image:height\" content=\"485\" \/>\n\t<meta property=\"og:image:type\" content=\"image\/png\" \/>\n<meta name=\"twitter:card\" content=\"summary_large_image\" \/>\n<meta name=\"twitter:site\" content=\"@comaugroup\" \/>\n<meta name=\"twitter:label1\" content=\"Tempo di lettura stimato\" \/>\n\t<meta name=\"twitter:data1\" content=\"2 minuti\" \/>\n<script type=\"application\/ld+json\" class=\"yoast-schema-graph\">{\"@context\":\"https:\/\/schema.org\",\"@graph\":[{\"@type\":\"WebPage\",\"@id\":\"https:\/\/www.comau.com\/it\/competencies\/services\/project-management-academy\/\",\"url\":\"https:\/\/www.comau.com\/it\/competencies\/services\/project-management-academy\/\",\"name\":\"PM Academy: corsi di specializzazione professionale - Comau\",\"isPartOf\":{\"@id\":\"https:\/\/www.comau.com\/it\/#website\"},\"primaryImageOfPage\":{\"@id\":\"https:\/\/www.comau.com\/it\/competencies\/services\/project-management-academy\/#primaryimage\"},\"image\":{\"@id\":\"https:\/\/www.comau.com\/it\/competencies\/services\/project-management-academy\/#primaryimage\"},\"thumbnailUrl\":\"https:\/\/www.comau.com\/wp-content\/uploads\/2021\/06\/header_DSC1978.png\",\"datePublished\":\"2021-06-09T14:06:26+00:00\",\"dateModified\":\"2021-08-27T13:25:38+00:00\",\"description\":\"La Comau Project Management Academy certificata REP\u00ae organizza corsi per migliorare e accrescere le competenze nella gestione dei processi. Scopri i dettagli sul sito.\",\"breadcrumb\":{\"@id\":\"https:\/\/www.comau.com\/it\/competencies\/services\/project-management-academy\/#breadcrumb\"},\"inLanguage\":\"it-IT\",\"potentialAction\":[{\"@type\":\"ReadAction\",\"target\":[\"https:\/\/www.comau.com\/it\/competencies\/services\/project-management-academy\/\"]}]},{\"@type\":\"ImageObject\",\"inLanguage\":\"it-IT\",\"@id\":\"https:\/\/www.comau.com\/it\/competencies\/services\/project-management-academy\/#primaryimage\",\"url\":\"https:\/\/www.comau.com\/wp-content\/uploads\/2021\/06\/header_DSC1978.png\",\"contentUrl\":\"https:\/\/www.comau.com\/wp-content\/uploads\/2021\/06\/header_DSC1978.png\",\"width\":1280,\"height\":485},{\"@type\":\"BreadcrumbList\",\"@id\":\"https:\/\/www.comau.com\/it\/competencies\/services\/project-management-academy\/#breadcrumb\",\"itemListElement\":[{\"@type\":\"ListItem\",\"position\":1,\"name\":\"Home\",\"item\":\"https:\/\/www.comau.com\/it\/\"},{\"@type\":\"ListItem\",\"position\":2,\"name\":\"Le Nostre Competenze\",\"item\":\"https:\/\/www.comau.com\/it\/competencies\/\"},{\"@type\":\"ListItem\",\"position\":3,\"name\":\"Consultancy &amp; Education\",\"item\":\"https:\/\/www.comau.com\/it\/competencies\/consultancy-education\/\"},{\"@type\":\"ListItem\",\"position\":4,\"name\":\"Project Management\",\"item\":\"https:\/\/www.comau.com\/it\/competencies\/consultancy-education\/project-management\/\"},{\"@type\":\"ListItem\",\"position\":5,\"name\":\"Project Management Academy\"}]},{\"@type\":\"WebSite\",\"@id\":\"https:\/\/www.comau.com\/it\/#website\",\"url\":\"https:\/\/www.comau.com\/it\/\",\"name\":\"Comau\",\"description\":\"Industrial automation and robotics\",\"publisher\":{\"@id\":\"https:\/\/www.comau.com\/it\/#organization\"},\"potentialAction\":[{\"@type\":\"SearchAction\",\"target\":{\"@type\":\"EntryPoint\",\"urlTemplate\":\"https:\/\/www.comau.com\/it\/?s={search_term_string}\"},\"query-input\":{\"@type\":\"PropertyValueSpecification\",\"valueRequired\":true,\"valueName\":\"search_term_string\"}}],\"inLanguage\":\"it-IT\"},{\"@type\":\"Organization\",\"@id\":\"https:\/\/www.comau.com\/it\/#organization\",\"name\":\"Comau\",\"url\":\"https:\/\/www.comau.com\/it\/\",\"logo\":{\"@type\":\"ImageObject\",\"inLanguage\":\"it-IT\",\"@id\":\"https:\/\/www.comau.com\/it\/#\/schema\/logo\/image\/\",\"url\":\"https:\/\/www.comau.com\/wp-content\/uploads\/2024\/07\/cropped-Logo-COMAU.png\",\"contentUrl\":\"https:\/\/www.comau.com\/wp-content\/uploads\/2024\/07\/cropped-Logo-COMAU.png\",\"width\":434,\"height\":434,\"caption\":\"Comau\"},\"image\":{\"@id\":\"https:\/\/www.comau.com\/it\/#\/schema\/logo\/image\/\"},\"sameAs\":[\"https:\/\/www.facebook.com\/COMAU\/\",\"https:\/\/x.com\/comaugroup\",\"https:\/\/www.instagram.com\/comaugroup\/\",\"https:\/\/www.linkedin.com\/company\/comau\",\"https:\/\/www.youtube.com\/user\/comau\"]}]}<\/script>\n<!-- \/ Yoast SEO plugin. -->","yoast_head_json":{"title":"PM Academy: corsi di specializzazione professionale - Comau","description":"La Comau Project Management Academy certificata REP\u00ae organizza corsi per migliorare e accrescere le competenze nella gestione dei processi. Scopri i dettagli sul sito.","robots":{"index":"index","follow":"follow","max-snippet":"max-snippet:-1","max-image-preview":"max-image-preview:large","max-video-preview":"max-video-preview:-1"},"canonical":"https:\/\/www.comau.com\/it\/competencies\/services\/project-management-academy\/","og_locale":"it_IT","og_type":"article","og_title":"PM Academy: corsi di specializzazione professionale - Comau","og_description":"La Comau Project Management Academy certificata REP\u00ae organizza corsi per migliorare e accrescere le competenze nella gestione dei processi. Scopri i dettagli sul sito.","og_url":"https:\/\/www.comau.com\/it\/competencies\/services\/project-management-academy\/","og_site_name":"Comau","article_publisher":"https:\/\/www.facebook.com\/COMAU\/","article_modified_time":"2021-08-27T13:25:38+00:00","og_image":[{"width":1280,"height":485,"url":"https:\/\/www.comau.com\/wp-content\/uploads\/2021\/06\/header_DSC1978.png","type":"image\/png"}],"twitter_card":"summary_large_image","twitter_site":"@comaugroup","twitter_misc":{"Tempo di lettura stimato":"2 minuti"},"schema":{"@context":"https:\/\/schema.org","@graph":[{"@type":"WebPage","@id":"https:\/\/www.comau.com\/it\/competencies\/services\/project-management-academy\/","url":"https:\/\/www.comau.com\/it\/competencies\/services\/project-management-academy\/","name":"PM Academy: corsi di specializzazione professionale - Comau","isPartOf":{"@id":"https:\/\/www.comau.com\/it\/#website"},"primaryImageOfPage":{"@id":"https:\/\/www.comau.com\/it\/competencies\/services\/project-management-academy\/#primaryimage"},"image":{"@id":"https:\/\/www.comau.com\/it\/competencies\/services\/project-management-academy\/#primaryimage"},"thumbnailUrl":"https:\/\/www.comau.com\/wp-content\/uploads\/2021\/06\/header_DSC1978.png","datePublished":"2021-06-09T14:06:26+00:00","dateModified":"2021-08-27T13:25:38+00:00","description":"La Comau Project Management Academy certificata REP\u00ae organizza corsi per migliorare e accrescere le competenze nella gestione dei processi. Scopri i dettagli sul sito.","breadcrumb":{"@id":"https:\/\/www.comau.com\/it\/competencies\/services\/project-management-academy\/#breadcrumb"},"inLanguage":"it-IT","potentialAction":[{"@type":"ReadAction","target":["https:\/\/www.comau.com\/it\/competencies\/services\/project-management-academy\/"]}]},{"@type":"ImageObject","inLanguage":"it-IT","@id":"https:\/\/www.comau.com\/it\/competencies\/services\/project-management-academy\/#primaryimage","url":"https:\/\/www.comau.com\/wp-content\/uploads\/2021\/06\/header_DSC1978.png","contentUrl":"https:\/\/www.comau.com\/wp-content\/uploads\/2021\/06\/header_DSC1978.png","width":1280,"height":485},{"@type":"BreadcrumbList","@id":"https:\/\/www.comau.com\/it\/competencies\/services\/project-management-academy\/#breadcrumb","itemListElement":[{"@type":"ListItem","position":1,"name":"Home","item":"https:\/\/www.comau.com\/it\/"},{"@type":"ListItem","position":2,"name":"Le Nostre Competenze","item":"https:\/\/www.comau.com\/it\/competencies\/"},{"@type":"ListItem","position":3,"name":"Consultancy &amp; Education","item":"https:\/\/www.comau.com\/it\/competencies\/consultancy-education\/"},{"@type":"ListItem","position":4,"name":"Project Management","item":"https:\/\/www.comau.com\/it\/competencies\/consultancy-education\/project-management\/"},{"@type":"ListItem","position":5,"name":"Project Management Academy"}]},{"@type":"WebSite","@id":"https:\/\/www.comau.com\/it\/#website","url":"https:\/\/www.comau.com\/it\/","name":"Comau","description":"Industrial automation and robotics","publisher":{"@id":"https:\/\/www.comau.com\/it\/#organization"},"potentialAction":[{"@type":"SearchAction","target":{"@type":"EntryPoint","urlTemplate":"https:\/\/www.comau.com\/it\/?s={search_term_string}"},"query-input":{"@type":"PropertyValueSpecification","valueRequired":true,"valueName":"search_term_string"}}],"inLanguage":"it-IT"},{"@type":"Organization","@id":"https:\/\/www.comau.com\/it\/#organization","name":"Comau","url":"https:\/\/www.comau.com\/it\/","logo":{"@type":"ImageObject","inLanguage":"it-IT","@id":"https:\/\/www.comau.com\/it\/#\/schema\/logo\/image\/","url":"https:\/\/www.comau.com\/wp-content\/uploads\/2024\/07\/cropped-Logo-COMAU.png","contentUrl":"https:\/\/www.comau.com\/wp-content\/uploads\/2024\/07\/cropped-Logo-COMAU.png","width":434,"height":434,"caption":"Comau"},"image":{"@id":"https:\/\/www.comau.com\/it\/#\/schema\/logo\/image\/"},"sameAs":["https:\/\/www.facebook.com\/COMAU\/","https:\/\/x.com\/comaugroup","https:\/\/www.instagram.com\/comaugroup\/","https:\/\/www.linkedin.com\/company\/comau","https:\/\/www.youtube.com\/user\/comau"]}]}},"_links":{"self":[{"href":"https:\/\/www.comau.com\/it\/wp-json\/wp\/v2\/pages\/23264","targetHints":{"allow":["GET"]}}],"collection":[{"href":"https:\/\/www.comau.com\/it\/wp-json\/wp\/v2\/pages"}],"about":[{"href":"https:\/\/www.comau.com\/it\/wp-json\/wp\/v2\/types\/page"}],"author":[{"embeddable":true,"href":"https:\/\/www.comau.com\/it\/wp-json\/wp\/v2\/users\/11"}],"replies":[{"embeddable":true,"href":"https:\/\/www.comau.com\/it\/wp-json\/wp\/v2\/comments?post=23264"}],"version-history":[{"count":18,"href":"https:\/\/www.comau.com\/it\/wp-json\/wp\/v2\/pages\/23264\/revisions"}],"predecessor-version":[{"id":38528,"href":"https:\/\/www.comau.com\/it\/wp-json\/wp\/v2\/pages\/23264\/revisions\/38528"}],"up":[{"embeddable":true,"href":"https:\/\/www.comau.com\/it\/wp-json\/wp\/v2\/pages\/65282"}],"wp:featuredmedia":[{"embeddable":true,"href":"https:\/\/www.comau.com\/it\/wp-json\/wp\/v2\/media\/10295"}],"wp:attachment":[{"href":"https:\/\/www.comau.com\/it\/wp-json\/wp\/v2\/media?parent=23264"}],"curies":[{"name":"wp","href":"https:\/\/api.w.org\/{rel}","templated":true}]}}