{"id":23121,"date":"2021-06-08T11:33:28","date_gmt":"2021-06-08T09:33:28","guid":{"rendered":"https:\/\/www.comau.com\/?page_id=23121"},"modified":"2021-07-18T18:15:38","modified_gmt":"2021-07-18T16:15:38","slug":"smartrevcomau-60b","status":"publish","type":"page","link":"https:\/\/www.comau.com\/it\/competencies\/products-solutions\/machining-system-products\/smartrevcomau-60b\/","title":{"rendered":"SmartRevComau 60B"},"content":{"rendered":"\n<h2 class=\"wp-block-heading\">Proposte di valore<\/h2>\n\n<ul class=\"wp-block-list\"><li>Flessibilit\u00e0: lavorazione di alberi a gomiti di varie tipologie o lunghezze con conversione automatica<\/li><li>Versatilit\u00e0: caricamento del pezzo in modalit\u00e0 manuale o automatica<\/li><li>Bilanciamento: eseguito correttamente la prima volta<\/li><li>Gestione delle modalit\u00e0 di risparmio energetico<\/li><li>Ingombro ridotto<\/li><\/ul>\n\n<figure class=\"wp-block-image size-large\"><img decoding=\"async\" width=\"1024\" height=\"388\" src=\"https:\/\/www.comau.com\/wp-content\/uploads\/2021\/06\/SmartRev-60B_header-1024x388.jpg\" alt=\"\" class=\"wp-image-5921\" srcset=\"https:\/\/www.comau.com\/wp-content\/uploads\/2021\/06\/SmartRev-60B_header-1024x388.jpg 1024w, https:\/\/www.comau.com\/wp-content\/uploads\/2021\/06\/SmartRev-60B_header-300x114.jpg 300w, https:\/\/www.comau.com\/wp-content\/uploads\/2021\/06\/SmartRev-60B_header-768x291.jpg 768w, https:\/\/www.comau.com\/wp-content\/uploads\/2021\/06\/SmartRev-60B_header.jpg 1280w\" sizes=\"(max-width: 1024px) 100vw, 1024px\" \/><\/figure>\n\n<h2 class=\"wp-block-heading\">Specifiche tecniche<\/h2>\n\n<figure class=\"wp-block-table is-style-stripes\"><table><tbody><tr><td><strong>Diverse configurazioni del motore:<\/strong><\/td><td>L2-L3-L4-L5 V6-V8<\/td><\/tr><tr><td><strong>Lunghezza (mm):<\/strong><\/td><td>250 to 600<\/td><\/tr><tr><td><strong>Peso massimo (kg):<\/strong><\/td><td>30<\/td><\/tr><tr><td><strong>Diam. max del contrappeso (mm) :<\/strong><\/td><td>200<\/td><\/tr><\/tbody><\/table><\/figure>\n","protected":false},"excerpt":{"rendered":"<p>Proposte di valore Flessibilit\u00e0: lavorazione di alberi a gomiti di varie tipologie o lunghezze con conversione automatica Versatilit\u00e0: caricamento del pezzo in modalit\u00e0 manuale o automatica Bilanciamento: eseguito correttamente la prima volta Gestione delle modalit\u00e0 di risparmio energetico Ingombro ridotto Specifiche tecniche Diverse configurazioni del motore: L2-L3-L4-L5 V6-V8 Lunghezza (mm): 250 to 600 Peso massimo [&hellip;]<\/p>\n","protected":false},"author":11,"featured_media":5921,"parent":5837,"menu_order":9,"comment_status":"closed","ping_status":"closed","template":"","meta":{"_acf_changed":false,"ep_exclude_from_search":false,"footnotes":""},"class_list":["post-23121","page","type-page","status-publish","has-post-thumbnail","hentry"],"acf":[],"yoast_head":"<!-- This site is optimized with the Yoast SEO plugin v26.9 - https:\/\/yoast.com\/product\/yoast-seo-wordpress\/ -->\n<title>SmartRevComau 60B - Comau<\/title>\n<meta name=\"robots\" content=\"index, follow, max-snippet:-1, max-image-preview:large, max-video-preview:-1\" \/>\n<link rel=\"canonical\" href=\"https:\/\/www.comau.com\/it\/competencies\/products-solutions\/machining-system-products\/smartrevcomau-60b\/\" \/>\n<meta property=\"og:locale\" content=\"it_IT\" \/>\n<meta property=\"og:type\" content=\"article\" \/>\n<meta property=\"og:title\" content=\"SmartRevComau 60B - Comau\" \/>\n<meta property=\"og:description\" content=\"Proposte di valore Flessibilit\u00e0: lavorazione di alberi a gomiti di varie tipologie o lunghezze con conversione automatica Versatilit\u00e0: caricamento del pezzo in modalit\u00e0 manuale o automatica Bilanciamento: eseguito correttamente la prima volta Gestione delle modalit\u00e0 di risparmio energetico Ingombro ridotto Specifiche tecniche Diverse configurazioni del motore: L2-L3-L4-L5 V6-V8 Lunghezza (mm): 250 to 600 Peso massimo [&hellip;]\" \/>\n<meta property=\"og:url\" content=\"https:\/\/www.comau.com\/it\/competencies\/products-solutions\/machining-system-products\/smartrevcomau-60b\/\" \/>\n<meta property=\"og:site_name\" content=\"Comau\" \/>\n<meta property=\"article:publisher\" content=\"https:\/\/www.facebook.com\/COMAU\/\" \/>\n<meta property=\"article:modified_time\" content=\"2021-07-18T16:15:38+00:00\" \/>\n<meta property=\"og:image\" content=\"https:\/\/www.comau.com\/wp-content\/uploads\/2021\/06\/SmartRev-60B_header.jpg\" \/>\n\t<meta property=\"og:image:width\" content=\"1280\" \/>\n\t<meta property=\"og:image:height\" content=\"485\" \/>\n\t<meta property=\"og:image:type\" content=\"image\/jpeg\" \/>\n<meta name=\"twitter:card\" content=\"summary_large_image\" \/>\n<meta name=\"twitter:site\" content=\"@comaugroup\" \/>\n<meta name=\"twitter:label1\" content=\"Tempo di lettura stimato\" \/>\n\t<meta name=\"twitter:data1\" content=\"1 minuto\" \/>\n<script type=\"application\/ld+json\" class=\"yoast-schema-graph\">{\"@context\":\"https:\/\/schema.org\",\"@graph\":[{\"@type\":\"WebPage\",\"@id\":\"https:\/\/www.comau.com\/it\/competencies\/products-solutions\/machining-system-products\/smartrevcomau-60b\/\",\"url\":\"https:\/\/www.comau.com\/it\/competencies\/products-solutions\/machining-system-products\/smartrevcomau-60b\/\",\"name\":\"SmartRevComau 60B - Comau\",\"isPartOf\":{\"@id\":\"https:\/\/www.comau.com\/it\/#website\"},\"primaryImageOfPage\":{\"@id\":\"https:\/\/www.comau.com\/it\/competencies\/products-solutions\/machining-system-products\/smartrevcomau-60b\/#primaryimage\"},\"image\":{\"@id\":\"https:\/\/www.comau.com\/it\/competencies\/products-solutions\/machining-system-products\/smartrevcomau-60b\/#primaryimage\"},\"thumbnailUrl\":\"https:\/\/www.comau.com\/wp-content\/uploads\/2021\/06\/SmartRev-60B_header.jpg\",\"datePublished\":\"2021-06-08T09:33:28+00:00\",\"dateModified\":\"2021-07-18T16:15:38+00:00\",\"breadcrumb\":{\"@id\":\"https:\/\/www.comau.com\/it\/competencies\/products-solutions\/machining-system-products\/smartrevcomau-60b\/#breadcrumb\"},\"inLanguage\":\"it-IT\",\"potentialAction\":[{\"@type\":\"ReadAction\",\"target\":[\"https:\/\/www.comau.com\/it\/competencies\/products-solutions\/machining-system-products\/smartrevcomau-60b\/\"]}]},{\"@type\":\"ImageObject\",\"inLanguage\":\"it-IT\",\"@id\":\"https:\/\/www.comau.com\/it\/competencies\/products-solutions\/machining-system-products\/smartrevcomau-60b\/#primaryimage\",\"url\":\"https:\/\/www.comau.com\/wp-content\/uploads\/2021\/06\/SmartRev-60B_header.jpg\",\"contentUrl\":\"https:\/\/www.comau.com\/wp-content\/uploads\/2021\/06\/SmartRev-60B_header.jpg\",\"width\":1280,\"height\":485},{\"@type\":\"BreadcrumbList\",\"@id\":\"https:\/\/www.comau.com\/it\/competencies\/products-solutions\/machining-system-products\/smartrevcomau-60b\/#breadcrumb\",\"itemListElement\":[{\"@type\":\"ListItem\",\"position\":1,\"name\":\"Home\",\"item\":\"https:\/\/www.comau.com\/it\/\"},{\"@type\":\"ListItem\",\"position\":2,\"name\":\"Le Nostre Competenze\",\"item\":\"https:\/\/www.comau.com\/it\/competencies\/\"},{\"@type\":\"ListItem\",\"position\":3,\"name\":\"Powertrain &#038; Machining\",\"item\":\"https:\/\/www.comau.com\/it\/competencies\/powertrain-machining\/\"},{\"@type\":\"ListItem\",\"position\":4,\"name\":\"Machining System &amp; Products\",\"item\":\"https:\/\/www.comau.com\/it\/competencies\/powertrain-machining\/machining-system-products\/\"},{\"@type\":\"ListItem\",\"position\":5,\"name\":\"SmartRevComau 60B\"}]},{\"@type\":\"WebSite\",\"@id\":\"https:\/\/www.comau.com\/it\/#website\",\"url\":\"https:\/\/www.comau.com\/it\/\",\"name\":\"Comau\",\"description\":\"Industrial automation and robotics\",\"publisher\":{\"@id\":\"https:\/\/www.comau.com\/it\/#organization\"},\"potentialAction\":[{\"@type\":\"SearchAction\",\"target\":{\"@type\":\"EntryPoint\",\"urlTemplate\":\"https:\/\/www.comau.com\/it\/?s={search_term_string}\"},\"query-input\":{\"@type\":\"PropertyValueSpecification\",\"valueRequired\":true,\"valueName\":\"search_term_string\"}}],\"inLanguage\":\"it-IT\"},{\"@type\":\"Organization\",\"@id\":\"https:\/\/www.comau.com\/it\/#organization\",\"name\":\"Comau\",\"url\":\"https:\/\/www.comau.com\/it\/\",\"logo\":{\"@type\":\"ImageObject\",\"inLanguage\":\"it-IT\",\"@id\":\"https:\/\/www.comau.com\/it\/#\/schema\/logo\/image\/\",\"url\":\"https:\/\/www.comau.com\/wp-content\/uploads\/2024\/07\/cropped-Logo-COMAU.png\",\"contentUrl\":\"https:\/\/www.comau.com\/wp-content\/uploads\/2024\/07\/cropped-Logo-COMAU.png\",\"width\":434,\"height\":434,\"caption\":\"Comau\"},\"image\":{\"@id\":\"https:\/\/www.comau.com\/it\/#\/schema\/logo\/image\/\"},\"sameAs\":[\"https:\/\/www.facebook.com\/COMAU\/\",\"https:\/\/x.com\/comaugroup\",\"https:\/\/www.instagram.com\/comaugroup\/\",\"https:\/\/www.linkedin.com\/company\/comau\",\"https:\/\/www.youtube.com\/user\/comau\"]}]}<\/script>\n<!-- \/ Yoast SEO plugin. -->","yoast_head_json":{"title":"SmartRevComau 60B - Comau","robots":{"index":"index","follow":"follow","max-snippet":"max-snippet:-1","max-image-preview":"max-image-preview:large","max-video-preview":"max-video-preview:-1"},"canonical":"https:\/\/www.comau.com\/it\/competencies\/products-solutions\/machining-system-products\/smartrevcomau-60b\/","og_locale":"it_IT","og_type":"article","og_title":"SmartRevComau 60B - Comau","og_description":"Proposte di valore Flessibilit\u00e0: lavorazione di alberi a gomiti di varie tipologie o lunghezze con conversione automatica Versatilit\u00e0: caricamento del pezzo in modalit\u00e0 manuale o automatica Bilanciamento: eseguito correttamente la prima volta Gestione delle modalit\u00e0 di risparmio energetico Ingombro ridotto Specifiche tecniche Diverse configurazioni del motore: L2-L3-L4-L5 V6-V8 Lunghezza (mm): 250 to 600 Peso massimo [&hellip;]","og_url":"https:\/\/www.comau.com\/it\/competencies\/products-solutions\/machining-system-products\/smartrevcomau-60b\/","og_site_name":"Comau","article_publisher":"https:\/\/www.facebook.com\/COMAU\/","article_modified_time":"2021-07-18T16:15:38+00:00","og_image":[{"width":1280,"height":485,"url":"https:\/\/www.comau.com\/wp-content\/uploads\/2021\/06\/SmartRev-60B_header.jpg","type":"image\/jpeg"}],"twitter_card":"summary_large_image","twitter_site":"@comaugroup","twitter_misc":{"Tempo di lettura stimato":"1 minuto"},"schema":{"@context":"https:\/\/schema.org","@graph":[{"@type":"WebPage","@id":"https:\/\/www.comau.com\/it\/competencies\/products-solutions\/machining-system-products\/smartrevcomau-60b\/","url":"https:\/\/www.comau.com\/it\/competencies\/products-solutions\/machining-system-products\/smartrevcomau-60b\/","name":"SmartRevComau 60B - Comau","isPartOf":{"@id":"https:\/\/www.comau.com\/it\/#website"},"primaryImageOfPage":{"@id":"https:\/\/www.comau.com\/it\/competencies\/products-solutions\/machining-system-products\/smartrevcomau-60b\/#primaryimage"},"image":{"@id":"https:\/\/www.comau.com\/it\/competencies\/products-solutions\/machining-system-products\/smartrevcomau-60b\/#primaryimage"},"thumbnailUrl":"https:\/\/www.comau.com\/wp-content\/uploads\/2021\/06\/SmartRev-60B_header.jpg","datePublished":"2021-06-08T09:33:28+00:00","dateModified":"2021-07-18T16:15:38+00:00","breadcrumb":{"@id":"https:\/\/www.comau.com\/it\/competencies\/products-solutions\/machining-system-products\/smartrevcomau-60b\/#breadcrumb"},"inLanguage":"it-IT","potentialAction":[{"@type":"ReadAction","target":["https:\/\/www.comau.com\/it\/competencies\/products-solutions\/machining-system-products\/smartrevcomau-60b\/"]}]},{"@type":"ImageObject","inLanguage":"it-IT","@id":"https:\/\/www.comau.com\/it\/competencies\/products-solutions\/machining-system-products\/smartrevcomau-60b\/#primaryimage","url":"https:\/\/www.comau.com\/wp-content\/uploads\/2021\/06\/SmartRev-60B_header.jpg","contentUrl":"https:\/\/www.comau.com\/wp-content\/uploads\/2021\/06\/SmartRev-60B_header.jpg","width":1280,"height":485},{"@type":"BreadcrumbList","@id":"https:\/\/www.comau.com\/it\/competencies\/products-solutions\/machining-system-products\/smartrevcomau-60b\/#breadcrumb","itemListElement":[{"@type":"ListItem","position":1,"name":"Home","item":"https:\/\/www.comau.com\/it\/"},{"@type":"ListItem","position":2,"name":"Le Nostre Competenze","item":"https:\/\/www.comau.com\/it\/competencies\/"},{"@type":"ListItem","position":3,"name":"Powertrain &#038; Machining","item":"https:\/\/www.comau.com\/it\/competencies\/powertrain-machining\/"},{"@type":"ListItem","position":4,"name":"Machining System &amp; Products","item":"https:\/\/www.comau.com\/it\/competencies\/powertrain-machining\/machining-system-products\/"},{"@type":"ListItem","position":5,"name":"SmartRevComau 60B"}]},{"@type":"WebSite","@id":"https:\/\/www.comau.com\/it\/#website","url":"https:\/\/www.comau.com\/it\/","name":"Comau","description":"Industrial automation and robotics","publisher":{"@id":"https:\/\/www.comau.com\/it\/#organization"},"potentialAction":[{"@type":"SearchAction","target":{"@type":"EntryPoint","urlTemplate":"https:\/\/www.comau.com\/it\/?s={search_term_string}"},"query-input":{"@type":"PropertyValueSpecification","valueRequired":true,"valueName":"search_term_string"}}],"inLanguage":"it-IT"},{"@type":"Organization","@id":"https:\/\/www.comau.com\/it\/#organization","name":"Comau","url":"https:\/\/www.comau.com\/it\/","logo":{"@type":"ImageObject","inLanguage":"it-IT","@id":"https:\/\/www.comau.com\/it\/#\/schema\/logo\/image\/","url":"https:\/\/www.comau.com\/wp-content\/uploads\/2024\/07\/cropped-Logo-COMAU.png","contentUrl":"https:\/\/www.comau.com\/wp-content\/uploads\/2024\/07\/cropped-Logo-COMAU.png","width":434,"height":434,"caption":"Comau"},"image":{"@id":"https:\/\/www.comau.com\/it\/#\/schema\/logo\/image\/"},"sameAs":["https:\/\/www.facebook.com\/COMAU\/","https:\/\/x.com\/comaugroup","https:\/\/www.instagram.com\/comaugroup\/","https:\/\/www.linkedin.com\/company\/comau","https:\/\/www.youtube.com\/user\/comau"]}]}},"_links":{"self":[{"href":"https:\/\/www.comau.com\/it\/wp-json\/wp\/v2\/pages\/23121","targetHints":{"allow":["GET"]}}],"collection":[{"href":"https:\/\/www.comau.com\/it\/wp-json\/wp\/v2\/pages"}],"about":[{"href":"https:\/\/www.comau.com\/it\/wp-json\/wp\/v2\/types\/page"}],"author":[{"embeddable":true,"href":"https:\/\/www.comau.com\/it\/wp-json\/wp\/v2\/users\/11"}],"replies":[{"embeddable":true,"href":"https:\/\/www.comau.com\/it\/wp-json\/wp\/v2\/comments?post=23121"}],"version-history":[{"count":14,"href":"https:\/\/www.comau.com\/it\/wp-json\/wp\/v2\/pages\/23121\/revisions"}],"predecessor-version":[{"id":26789,"href":"https:\/\/www.comau.com\/it\/wp-json\/wp\/v2\/pages\/23121\/revisions\/26789"}],"up":[{"embeddable":true,"href":"https:\/\/www.comau.com\/it\/wp-json\/wp\/v2\/pages\/5837"}],"wp:featuredmedia":[{"embeddable":true,"href":"https:\/\/www.comau.com\/it\/wp-json\/wp\/v2\/media\/5921"}],"wp:attachment":[{"href":"https:\/\/www.comau.com\/it\/wp-json\/wp\/v2\/media?parent=23121"}],"curies":[{"name":"wp","href":"https:\/\/api.w.org\/{rel}","templated":true}]}}