{"id":23091,"date":"2021-06-08T11:32:44","date_gmt":"2021-06-08T09:32:44","guid":{"rendered":"https:\/\/www.comau.com\/?page_id=23091"},"modified":"2021-08-27T16:11:20","modified_gmt":"2021-08-27T14:11:20","slug":"urane-25","status":"publish","type":"page","link":"https:\/\/www.comau.com\/it\/competencies\/products-solutions\/machining-system-products\/urane-25\/","title":{"rendered":"Urane 25"},"content":{"rendered":"\n<h2 class=\"wp-block-heading\">Proposte di valore<\/h2>\n\n\n\n<ul class=\"wp-block-list\"><li>Esperienza: lavorazione meccanica ad alta velocit\u00e0 e sistema di precisione che offrono produttivit\u00e0 e qualit\u00e0 comprovate in anni e anni di produzione.<\/li><li>Stabilit\u00e0: la combinazione della tecnologia del motore lineare e dell\u2019uso del motore a coppia diretta sull\u2019asse rotativo assicura ripetibilit\u00e0 a lungo termine, stabile senza usura.<\/li><li>Versatilit\u00e0: l\u2019ampia gamma di configurazioni modulari la rende adatta per le principali applicazioni dell\u2019industria manifatturiera, sia come macchina autonoma che integrata in sistemi di produzione all\u2019avanguardia flessibili e riutilizzabili.<\/li><li>Manutenzione preventiva ridotta dei comandi degli assi: non \u00e8 necessario sostituire le viti a ricircolo di sfere.<\/li><li>Modalit\u00e0 di risparmio energetico.<\/li><li>Consumo ridotto dei fluidi.<\/li><li>Componenti di ultima generazione a basso consumo di energia.<\/li><li>Predisposta per la lavorazione meccanica a secco o MQL (Minimum Quantity of Lubrication).<\/li><li>Ingombro ridotto<\/li><\/ul>\n\n\n\n<div class=\"wp-block-getwid-images-slider has-arrows-inside has-dots-outside has-images-center has-cropped-images\"><div class=\"wp-block-getwid-images-slider__wrapper\" data-effect=\"slide\" data-slides-show=\"1\" data-slides-show-laptop=\"1\" data-slides-show-tablet=\"1\" data-slides-show-mobile=\"1\" data-slides-scroll=\"1\" data-autoplay=\"true\" data-autoplay-speed=\"6000\" data-infinite=\"true\" data-animation-speed=\"800\" data-center-mode=\"false\" data-variable-width=\"false\" data-arrows=\"inside\" data-dots=\"outside\" data-spacing=\"none\"><div class=\"wp-block-getwid-images-slider__item\"><figure><img decoding=\"async\" width=\"1280\" height=\"485\" src=\"https:\/\/www.comau.com\/wp-content\/uploads\/2021\/06\/Urane25_1.jpg\" data-id=\"688\" data-link=\"https:\/\/www.comau.com\/competencies\/powertrain-machining\/machining-system-products\/urane-25\/urane25_1\/\" data-original-link=\"https:\/\/www.comau.com\/wp-content\/uploads\/2021\/06\/Urane25_1.jpg\" class=\"wp-block-getwid-images-slider__image wp-image-9821\" srcset=\"https:\/\/www.comau.com\/wp-content\/uploads\/2021\/06\/Urane25_1.jpg 1280w, https:\/\/www.comau.com\/wp-content\/uploads\/2021\/06\/Urane25_1-300x114.jpg 300w, https:\/\/www.comau.com\/wp-content\/uploads\/2021\/06\/Urane25_1-1024x388.jpg 1024w, https:\/\/www.comau.com\/wp-content\/uploads\/2021\/06\/Urane25_1-768x291.jpg 768w\" sizes=\"(max-width: 1280px) 100vw, 1280px\" \/><\/figure><\/div><div class=\"wp-block-getwid-images-slider__item\"><figure><img decoding=\"async\" width=\"1280\" height=\"485\" src=\"https:\/\/www.comau.com\/wp-content\/uploads\/2021\/06\/URANE25_2.jpg\" data-id=\"689\" data-link=\"https:\/\/www.comau.com\/competencies\/powertrain-machining\/machining-system-products\/urane-25\/urane25_2\/\" data-original-link=\"https:\/\/www.comau.com\/wp-content\/uploads\/2021\/06\/URANE25_2.jpg\" class=\"wp-block-getwid-images-slider__image wp-image-9826\" srcset=\"https:\/\/www.comau.com\/wp-content\/uploads\/2021\/06\/URANE25_2.jpg 1280w, https:\/\/www.comau.com\/wp-content\/uploads\/2021\/06\/URANE25_2-300x114.jpg 300w, https:\/\/www.comau.com\/wp-content\/uploads\/2021\/06\/URANE25_2-1024x388.jpg 1024w, https:\/\/www.comau.com\/wp-content\/uploads\/2021\/06\/URANE25_2-768x291.jpg 768w\" sizes=\"(max-width: 1280px) 100vw, 1280px\" \/><\/figure><\/div><\/div><\/div>\n\n\n\n<h2 class=\"wp-block-heading\">Specifiche tecniche<\/h2>\n\n\n\n<figure class=\"wp-block-table is-style-stripes\"><table><tbody><tr><td><strong>Tecnologia di azionamento<\/strong><\/td><td>Motore lineare<\/td><\/tr><tr><td><strong>Corsa X (mm)<\/strong><\/td><td>800<\/td><\/tr><tr><td><strong>Corsa Y (mm)<\/strong><\/td><td>700<\/td><\/tr><tr><td><strong>Corsa Z (mm)<\/strong><\/td><td>400<\/td><\/tr><\/tbody><\/table><figcaption>Corsa e tecnologia degli assi<\/figcaption><\/figure>\n\n\n\n<p><\/p>\n","protected":false},"excerpt":{"rendered":"<p>Proposte di valore Esperienza: lavorazione meccanica ad alta velocit\u00e0 e sistema di precisione che offrono produttivit\u00e0 e qualit\u00e0 comprovate in anni e anni di produzione. Stabilit\u00e0: la combinazione della tecnologia del motore lineare e dell\u2019uso del motore a coppia diretta sull\u2019asse rotativo assicura ripetibilit\u00e0 a lungo termine, stabile senza usura. Versatilit\u00e0: l\u2019ampia gamma di configurazioni [&hellip;]<\/p>\n","protected":false},"author":11,"featured_media":5918,"parent":5837,"menu_order":6,"comment_status":"closed","ping_status":"closed","template":"","meta":{"_acf_changed":false,"ep_exclude_from_search":false,"footnotes":""},"class_list":["post-23091","page","type-page","status-publish","has-post-thumbnail","hentry"],"acf":[],"yoast_head":"<!-- This site is optimized with the Yoast SEO plugin v26.9 - https:\/\/yoast.com\/product\/yoast-seo-wordpress\/ -->\n<title>Urane 25 - Comau<\/title>\n<meta name=\"description\" content=\"Macchinario versatile per una lavorazione meccanica a secco o MQL precisa ed efficiente a lungo termine, senza usura.\" \/>\n<meta name=\"robots\" content=\"index, follow, max-snippet:-1, max-image-preview:large, max-video-preview:-1\" \/>\n<link rel=\"canonical\" href=\"https:\/\/www.comau.com\/it\/competencies\/products-solutions\/machining-system-products\/urane-25\/\" \/>\n<meta property=\"og:locale\" content=\"it_IT\" \/>\n<meta property=\"og:type\" content=\"article\" \/>\n<meta property=\"og:title\" content=\"Urane 25 - Comau\" \/>\n<meta property=\"og:description\" content=\"Macchinario versatile per una lavorazione meccanica a secco o MQL precisa ed efficiente a lungo termine, senza usura.\" \/>\n<meta property=\"og:url\" content=\"https:\/\/www.comau.com\/it\/competencies\/products-solutions\/machining-system-products\/urane-25\/\" \/>\n<meta property=\"og:site_name\" content=\"Comau\" \/>\n<meta property=\"article:publisher\" content=\"https:\/\/www.facebook.com\/COMAU\/\" \/>\n<meta property=\"article:modified_time\" content=\"2021-08-27T14:11:20+00:00\" \/>\n<meta property=\"og:image\" content=\"https:\/\/www.comau.com\/wp-content\/uploads\/2021\/06\/Urane25_header.jpg\" \/>\n\t<meta property=\"og:image:width\" content=\"1280\" \/>\n\t<meta property=\"og:image:height\" content=\"485\" \/>\n\t<meta property=\"og:image:type\" content=\"image\/jpeg\" \/>\n<meta name=\"twitter:card\" content=\"summary_large_image\" \/>\n<meta name=\"twitter:site\" content=\"@comaugroup\" \/>\n<meta name=\"twitter:label1\" content=\"Tempo di lettura stimato\" \/>\n\t<meta name=\"twitter:data1\" content=\"2 minuti\" \/>\n<script type=\"application\/ld+json\" class=\"yoast-schema-graph\">{\"@context\":\"https:\/\/schema.org\",\"@graph\":[{\"@type\":\"WebPage\",\"@id\":\"https:\/\/www.comau.com\/it\/competencies\/products-solutions\/machining-system-products\/urane-25\/\",\"url\":\"https:\/\/www.comau.com\/it\/competencies\/products-solutions\/machining-system-products\/urane-25\/\",\"name\":\"Urane 25 - Comau\",\"isPartOf\":{\"@id\":\"https:\/\/www.comau.com\/it\/#website\"},\"primaryImageOfPage\":{\"@id\":\"https:\/\/www.comau.com\/it\/competencies\/products-solutions\/machining-system-products\/urane-25\/#primaryimage\"},\"image\":{\"@id\":\"https:\/\/www.comau.com\/it\/competencies\/products-solutions\/machining-system-products\/urane-25\/#primaryimage\"},\"thumbnailUrl\":\"https:\/\/www.comau.com\/wp-content\/uploads\/2021\/06\/Urane25_header.jpg\",\"datePublished\":\"2021-06-08T09:32:44+00:00\",\"dateModified\":\"2021-08-27T14:11:20+00:00\",\"description\":\"Macchinario versatile per una lavorazione meccanica a secco o MQL precisa ed efficiente a lungo termine, senza usura.\",\"breadcrumb\":{\"@id\":\"https:\/\/www.comau.com\/it\/competencies\/products-solutions\/machining-system-products\/urane-25\/#breadcrumb\"},\"inLanguage\":\"it-IT\",\"potentialAction\":[{\"@type\":\"ReadAction\",\"target\":[\"https:\/\/www.comau.com\/it\/competencies\/products-solutions\/machining-system-products\/urane-25\/\"]}]},{\"@type\":\"ImageObject\",\"inLanguage\":\"it-IT\",\"@id\":\"https:\/\/www.comau.com\/it\/competencies\/products-solutions\/machining-system-products\/urane-25\/#primaryimage\",\"url\":\"https:\/\/www.comau.com\/wp-content\/uploads\/2021\/06\/Urane25_header.jpg\",\"contentUrl\":\"https:\/\/www.comau.com\/wp-content\/uploads\/2021\/06\/Urane25_header.jpg\",\"width\":1280,\"height\":485},{\"@type\":\"BreadcrumbList\",\"@id\":\"https:\/\/www.comau.com\/it\/competencies\/products-solutions\/machining-system-products\/urane-25\/#breadcrumb\",\"itemListElement\":[{\"@type\":\"ListItem\",\"position\":1,\"name\":\"Home\",\"item\":\"https:\/\/www.comau.com\/it\/\"},{\"@type\":\"ListItem\",\"position\":2,\"name\":\"Le Nostre Competenze\",\"item\":\"https:\/\/www.comau.com\/it\/competencies\/\"},{\"@type\":\"ListItem\",\"position\":3,\"name\":\"Powertrain &#038; Machining\",\"item\":\"https:\/\/www.comau.com\/it\/competencies\/powertrain-machining\/\"},{\"@type\":\"ListItem\",\"position\":4,\"name\":\"Machining System &amp; Products\",\"item\":\"https:\/\/www.comau.com\/it\/competencies\/powertrain-machining\/machining-system-products\/\"},{\"@type\":\"ListItem\",\"position\":5,\"name\":\"Urane 25\"}]},{\"@type\":\"WebSite\",\"@id\":\"https:\/\/www.comau.com\/it\/#website\",\"url\":\"https:\/\/www.comau.com\/it\/\",\"name\":\"Comau\",\"description\":\"Industrial automation and robotics\",\"publisher\":{\"@id\":\"https:\/\/www.comau.com\/it\/#organization\"},\"potentialAction\":[{\"@type\":\"SearchAction\",\"target\":{\"@type\":\"EntryPoint\",\"urlTemplate\":\"https:\/\/www.comau.com\/it\/?s={search_term_string}\"},\"query-input\":{\"@type\":\"PropertyValueSpecification\",\"valueRequired\":true,\"valueName\":\"search_term_string\"}}],\"inLanguage\":\"it-IT\"},{\"@type\":\"Organization\",\"@id\":\"https:\/\/www.comau.com\/it\/#organization\",\"name\":\"Comau\",\"url\":\"https:\/\/www.comau.com\/it\/\",\"logo\":{\"@type\":\"ImageObject\",\"inLanguage\":\"it-IT\",\"@id\":\"https:\/\/www.comau.com\/it\/#\/schema\/logo\/image\/\",\"url\":\"https:\/\/www.comau.com\/wp-content\/uploads\/2024\/07\/cropped-Logo-COMAU.png\",\"contentUrl\":\"https:\/\/www.comau.com\/wp-content\/uploads\/2024\/07\/cropped-Logo-COMAU.png\",\"width\":434,\"height\":434,\"caption\":\"Comau\"},\"image\":{\"@id\":\"https:\/\/www.comau.com\/it\/#\/schema\/logo\/image\/\"},\"sameAs\":[\"https:\/\/www.facebook.com\/COMAU\/\",\"https:\/\/x.com\/comaugroup\",\"https:\/\/www.instagram.com\/comaugroup\/\",\"https:\/\/www.linkedin.com\/company\/comau\",\"https:\/\/www.youtube.com\/user\/comau\"]}]}<\/script>\n<!-- \/ Yoast SEO plugin. -->","yoast_head_json":{"title":"Urane 25 - Comau","description":"Macchinario versatile per una lavorazione meccanica a secco o MQL precisa ed efficiente a lungo termine, senza usura.","robots":{"index":"index","follow":"follow","max-snippet":"max-snippet:-1","max-image-preview":"max-image-preview:large","max-video-preview":"max-video-preview:-1"},"canonical":"https:\/\/www.comau.com\/it\/competencies\/products-solutions\/machining-system-products\/urane-25\/","og_locale":"it_IT","og_type":"article","og_title":"Urane 25 - Comau","og_description":"Macchinario versatile per una lavorazione meccanica a secco o MQL precisa ed efficiente a lungo termine, senza usura.","og_url":"https:\/\/www.comau.com\/it\/competencies\/products-solutions\/machining-system-products\/urane-25\/","og_site_name":"Comau","article_publisher":"https:\/\/www.facebook.com\/COMAU\/","article_modified_time":"2021-08-27T14:11:20+00:00","og_image":[{"width":1280,"height":485,"url":"https:\/\/www.comau.com\/wp-content\/uploads\/2021\/06\/Urane25_header.jpg","type":"image\/jpeg"}],"twitter_card":"summary_large_image","twitter_site":"@comaugroup","twitter_misc":{"Tempo di lettura stimato":"2 minuti"},"schema":{"@context":"https:\/\/schema.org","@graph":[{"@type":"WebPage","@id":"https:\/\/www.comau.com\/it\/competencies\/products-solutions\/machining-system-products\/urane-25\/","url":"https:\/\/www.comau.com\/it\/competencies\/products-solutions\/machining-system-products\/urane-25\/","name":"Urane 25 - Comau","isPartOf":{"@id":"https:\/\/www.comau.com\/it\/#website"},"primaryImageOfPage":{"@id":"https:\/\/www.comau.com\/it\/competencies\/products-solutions\/machining-system-products\/urane-25\/#primaryimage"},"image":{"@id":"https:\/\/www.comau.com\/it\/competencies\/products-solutions\/machining-system-products\/urane-25\/#primaryimage"},"thumbnailUrl":"https:\/\/www.comau.com\/wp-content\/uploads\/2021\/06\/Urane25_header.jpg","datePublished":"2021-06-08T09:32:44+00:00","dateModified":"2021-08-27T14:11:20+00:00","description":"Macchinario versatile per una lavorazione meccanica a secco o MQL precisa ed efficiente a lungo termine, senza usura.","breadcrumb":{"@id":"https:\/\/www.comau.com\/it\/competencies\/products-solutions\/machining-system-products\/urane-25\/#breadcrumb"},"inLanguage":"it-IT","potentialAction":[{"@type":"ReadAction","target":["https:\/\/www.comau.com\/it\/competencies\/products-solutions\/machining-system-products\/urane-25\/"]}]},{"@type":"ImageObject","inLanguage":"it-IT","@id":"https:\/\/www.comau.com\/it\/competencies\/products-solutions\/machining-system-products\/urane-25\/#primaryimage","url":"https:\/\/www.comau.com\/wp-content\/uploads\/2021\/06\/Urane25_header.jpg","contentUrl":"https:\/\/www.comau.com\/wp-content\/uploads\/2021\/06\/Urane25_header.jpg","width":1280,"height":485},{"@type":"BreadcrumbList","@id":"https:\/\/www.comau.com\/it\/competencies\/products-solutions\/machining-system-products\/urane-25\/#breadcrumb","itemListElement":[{"@type":"ListItem","position":1,"name":"Home","item":"https:\/\/www.comau.com\/it\/"},{"@type":"ListItem","position":2,"name":"Le Nostre Competenze","item":"https:\/\/www.comau.com\/it\/competencies\/"},{"@type":"ListItem","position":3,"name":"Powertrain &#038; Machining","item":"https:\/\/www.comau.com\/it\/competencies\/powertrain-machining\/"},{"@type":"ListItem","position":4,"name":"Machining System &amp; Products","item":"https:\/\/www.comau.com\/it\/competencies\/powertrain-machining\/machining-system-products\/"},{"@type":"ListItem","position":5,"name":"Urane 25"}]},{"@type":"WebSite","@id":"https:\/\/www.comau.com\/it\/#website","url":"https:\/\/www.comau.com\/it\/","name":"Comau","description":"Industrial automation and robotics","publisher":{"@id":"https:\/\/www.comau.com\/it\/#organization"},"potentialAction":[{"@type":"SearchAction","target":{"@type":"EntryPoint","urlTemplate":"https:\/\/www.comau.com\/it\/?s={search_term_string}"},"query-input":{"@type":"PropertyValueSpecification","valueRequired":true,"valueName":"search_term_string"}}],"inLanguage":"it-IT"},{"@type":"Organization","@id":"https:\/\/www.comau.com\/it\/#organization","name":"Comau","url":"https:\/\/www.comau.com\/it\/","logo":{"@type":"ImageObject","inLanguage":"it-IT","@id":"https:\/\/www.comau.com\/it\/#\/schema\/logo\/image\/","url":"https:\/\/www.comau.com\/wp-content\/uploads\/2024\/07\/cropped-Logo-COMAU.png","contentUrl":"https:\/\/www.comau.com\/wp-content\/uploads\/2024\/07\/cropped-Logo-COMAU.png","width":434,"height":434,"caption":"Comau"},"image":{"@id":"https:\/\/www.comau.com\/it\/#\/schema\/logo\/image\/"},"sameAs":["https:\/\/www.facebook.com\/COMAU\/","https:\/\/x.com\/comaugroup","https:\/\/www.instagram.com\/comaugroup\/","https:\/\/www.linkedin.com\/company\/comau","https:\/\/www.youtube.com\/user\/comau"]}]}},"_links":{"self":[{"href":"https:\/\/www.comau.com\/it\/wp-json\/wp\/v2\/pages\/23091","targetHints":{"allow":["GET"]}}],"collection":[{"href":"https:\/\/www.comau.com\/it\/wp-json\/wp\/v2\/pages"}],"about":[{"href":"https:\/\/www.comau.com\/it\/wp-json\/wp\/v2\/types\/page"}],"author":[{"embeddable":true,"href":"https:\/\/www.comau.com\/it\/wp-json\/wp\/v2\/users\/11"}],"replies":[{"embeddable":true,"href":"https:\/\/www.comau.com\/it\/wp-json\/wp\/v2\/comments?post=23091"}],"version-history":[{"count":19,"href":"https:\/\/www.comau.com\/it\/wp-json\/wp\/v2\/pages\/23091\/revisions"}],"predecessor-version":[{"id":38542,"href":"https:\/\/www.comau.com\/it\/wp-json\/wp\/v2\/pages\/23091\/revisions\/38542"}],"up":[{"embeddable":true,"href":"https:\/\/www.comau.com\/it\/wp-json\/wp\/v2\/pages\/5837"}],"wp:featuredmedia":[{"embeddable":true,"href":"https:\/\/www.comau.com\/it\/wp-json\/wp\/v2\/media\/5918"}],"wp:attachment":[{"href":"https:\/\/www.comau.com\/it\/wp-json\/wp\/v2\/media?parent=23091"}],"curies":[{"name":"wp","href":"https:\/\/api.w.org\/{rel}","templated":true}]}}