{"id":23086,"date":"2021-06-08T11:32:26","date_gmt":"2021-06-08T09:32:26","guid":{"rendered":"https:\/\/www.comau.com\/?page_id=23086"},"modified":"2021-08-27T16:10:20","modified_gmt":"2021-08-27T14:10:20","slug":"smartdrivecomau-800l","status":"publish","type":"page","link":"https:\/\/www.comau.com\/it\/competencies\/products-solutions\/machining-system-products\/smartdrivecomau-800l\/","title":{"rendered":"SmartDriveComau 800L"},"content":{"rendered":"\n<h2 class=\"wp-block-heading\">Proposte di valore<\/h2>\n\n\n\n<ul class=\"wp-block-list\"><li>La lavorazione meccanica ad alta velocit\u00e0 con precisione dinamica assicura livelli superiori di produttivit\u00e0 e qualit\u00e0 dei processi.<\/li><li>Scelta di mandrini e magazzini utensili per far fronte alle applicazioni pi\u00f9 complesse di componenti principali del gruppo propulsore.<\/li><li>L\u2019esecuzione ad alta rigidezza della struttura assicura bassissimi livelli di vibrazione durante le operazioni di sbozzatura e finitura.<\/li><li>I tavoli rotativi (asse A, B o una combinazione di entrambi) sono azionati direttamente da motori a coppia elevata, assicurando ripetibilit\u00e0 precisa a lungo termine e assenza di usura.<\/li><li>Le configurazioni modulari di carico\/scarico offrono la possibilit\u00e0 di integrazione in sistemi avanzati di produzione flessibili e riutilizzabili.<\/li><li>Gestione della modalit\u00e0 di risparmio energetico. Consumo ridotto del fluido. Componenti di ultima generazione a basso consumo di energia.<\/li><li>Predisposta per la lavorazione meccanica a secco o MQL (Minimum Quantity of Lubrication).<\/li><li>Ingombro ridotto<\/li><\/ul>\n\n\n\n<figure class=\"wp-block-embed is-type-video is-provider-youtube wp-block-embed-youtube wp-embed-aspect-16-9 wp-has-aspect-ratio\"><div class=\"wp-block-embed__wrapper\">\n<iframe title=\"Comau SmartDrive 800L\" width=\"640\" height=\"360\" src=\"https:\/\/www.youtube.com\/embed\/z0-B4oYQ4ag?feature=oembed\" frameborder=\"0\" allow=\"accelerometer; autoplay; clipboard-write; encrypted-media; gyroscope; picture-in-picture; web-share\" referrerpolicy=\"strict-origin-when-cross-origin\" allowfullscreen><\/iframe>\n<\/div><\/figure>\n\n\n\n<h2 class=\"wp-block-heading\">Specifiche tecniche<\/h2>\n\n\n\n<figure class=\"wp-block-table is-style-stripes\"><table><tbody><tr><td><strong>Tecnologia di azionamento<\/strong><\/td><td>Motore lineare<\/td><\/tr><tr><td><strong>Corsa X (mm)<\/strong><\/td><td>800<\/td><\/tr><tr><td><strong>Corsa Y (mm)<\/strong><\/td><td>730<\/td><\/tr><tr><td><strong>Corsa Z (mm)<\/strong><\/td><td>800<\/td><\/tr><\/tbody><\/table><figcaption>Corsa e tecnologia degli assi<\/figcaption><\/figure>\n\n\n\n<p><\/p>\n","protected":false},"excerpt":{"rendered":"<p>Proposte di valore La lavorazione meccanica ad alta velocit\u00e0 con precisione dinamica assicura livelli superiori di produttivit\u00e0 e qualit\u00e0 dei processi. Scelta di mandrini e magazzini utensili per far fronte alle applicazioni pi\u00f9 complesse di componenti principali del gruppo propulsore. L\u2019esecuzione ad alta rigidezza della struttura assicura bassissimi livelli di vibrazione durante le operazioni di [&hellip;]<\/p>\n","protected":false},"author":11,"featured_media":5917,"parent":5837,"menu_order":5,"comment_status":"closed","ping_status":"closed","template":"","meta":{"_acf_changed":false,"ep_exclude_from_search":false,"footnotes":""},"class_list":["post-23086","page","type-page","status-publish","has-post-thumbnail","hentry"],"acf":[],"yoast_head":"<!-- This site is optimized with the Yoast SEO plugin v26.9 - https:\/\/yoast.com\/product\/yoast-seo-wordpress\/ -->\n<title>SmartDriveComau 800L - Comau<\/title>\n<meta name=\"description\" content=\"Lavorazione maccanica anche a secco o MQL. Produttivit\u00e0 all&#039;avanguardia altamente qualificata.\" \/>\n<meta name=\"robots\" content=\"index, follow, max-snippet:-1, max-image-preview:large, max-video-preview:-1\" \/>\n<link rel=\"canonical\" href=\"https:\/\/www.comau.com\/it\/competencies\/products-solutions\/machining-system-products\/smartdrivecomau-800l\/\" \/>\n<meta property=\"og:locale\" content=\"it_IT\" \/>\n<meta property=\"og:type\" content=\"article\" \/>\n<meta property=\"og:title\" content=\"SmartDriveComau 800L - Comau\" \/>\n<meta property=\"og:description\" content=\"Lavorazione maccanica anche a secco o MQL. Produttivit\u00e0 all&#039;avanguardia altamente qualificata.\" \/>\n<meta property=\"og:url\" content=\"https:\/\/www.comau.com\/it\/competencies\/products-solutions\/machining-system-products\/smartdrivecomau-800l\/\" \/>\n<meta property=\"og:site_name\" content=\"Comau\" \/>\n<meta property=\"article:publisher\" content=\"https:\/\/www.facebook.com\/COMAU\/\" \/>\n<meta property=\"article:modified_time\" content=\"2021-08-27T14:10:20+00:00\" \/>\n<meta property=\"og:image\" content=\"https:\/\/www.comau.com\/wp-content\/uploads\/2021\/06\/SmartDriveComau800L_header.jpg\" \/>\n\t<meta property=\"og:image:width\" content=\"1280\" \/>\n\t<meta property=\"og:image:height\" content=\"485\" \/>\n\t<meta property=\"og:image:type\" content=\"image\/jpeg\" \/>\n<meta name=\"twitter:card\" content=\"summary_large_image\" \/>\n<meta name=\"twitter:site\" content=\"@comaugroup\" \/>\n<meta name=\"twitter:label1\" content=\"Tempo di lettura stimato\" \/>\n\t<meta name=\"twitter:data1\" content=\"1 minuto\" \/>\n<script type=\"application\/ld+json\" class=\"yoast-schema-graph\">{\"@context\":\"https:\/\/schema.org\",\"@graph\":[{\"@type\":\"WebPage\",\"@id\":\"https:\/\/www.comau.com\/it\/competencies\/products-solutions\/machining-system-products\/smartdrivecomau-800l\/\",\"url\":\"https:\/\/www.comau.com\/it\/competencies\/products-solutions\/machining-system-products\/smartdrivecomau-800l\/\",\"name\":\"SmartDriveComau 800L - Comau\",\"isPartOf\":{\"@id\":\"https:\/\/www.comau.com\/it\/#website\"},\"primaryImageOfPage\":{\"@id\":\"https:\/\/www.comau.com\/it\/competencies\/products-solutions\/machining-system-products\/smartdrivecomau-800l\/#primaryimage\"},\"image\":{\"@id\":\"https:\/\/www.comau.com\/it\/competencies\/products-solutions\/machining-system-products\/smartdrivecomau-800l\/#primaryimage\"},\"thumbnailUrl\":\"https:\/\/www.comau.com\/wp-content\/uploads\/2021\/06\/SmartDriveComau800L_header.jpg\",\"datePublished\":\"2021-06-08T09:32:26+00:00\",\"dateModified\":\"2021-08-27T14:10:20+00:00\",\"description\":\"Lavorazione maccanica anche a secco o MQL. Produttivit\u00e0 all'avanguardia altamente qualificata.\",\"breadcrumb\":{\"@id\":\"https:\/\/www.comau.com\/it\/competencies\/products-solutions\/machining-system-products\/smartdrivecomau-800l\/#breadcrumb\"},\"inLanguage\":\"it-IT\",\"potentialAction\":[{\"@type\":\"ReadAction\",\"target\":[\"https:\/\/www.comau.com\/it\/competencies\/products-solutions\/machining-system-products\/smartdrivecomau-800l\/\"]}]},{\"@type\":\"ImageObject\",\"inLanguage\":\"it-IT\",\"@id\":\"https:\/\/www.comau.com\/it\/competencies\/products-solutions\/machining-system-products\/smartdrivecomau-800l\/#primaryimage\",\"url\":\"https:\/\/www.comau.com\/wp-content\/uploads\/2021\/06\/SmartDriveComau800L_header.jpg\",\"contentUrl\":\"https:\/\/www.comau.com\/wp-content\/uploads\/2021\/06\/SmartDriveComau800L_header.jpg\",\"width\":1280,\"height\":485},{\"@type\":\"BreadcrumbList\",\"@id\":\"https:\/\/www.comau.com\/it\/competencies\/products-solutions\/machining-system-products\/smartdrivecomau-800l\/#breadcrumb\",\"itemListElement\":[{\"@type\":\"ListItem\",\"position\":1,\"name\":\"Home\",\"item\":\"https:\/\/www.comau.com\/it\/\"},{\"@type\":\"ListItem\",\"position\":2,\"name\":\"Le Nostre Competenze\",\"item\":\"https:\/\/www.comau.com\/it\/competencies\/\"},{\"@type\":\"ListItem\",\"position\":3,\"name\":\"Powertrain &#038; Machining\",\"item\":\"https:\/\/www.comau.com\/it\/competencies\/powertrain-machining\/\"},{\"@type\":\"ListItem\",\"position\":4,\"name\":\"Machining System &amp; Products\",\"item\":\"https:\/\/www.comau.com\/it\/competencies\/powertrain-machining\/machining-system-products\/\"},{\"@type\":\"ListItem\",\"position\":5,\"name\":\"SmartDriveComau 800L\"}]},{\"@type\":\"WebSite\",\"@id\":\"https:\/\/www.comau.com\/it\/#website\",\"url\":\"https:\/\/www.comau.com\/it\/\",\"name\":\"Comau\",\"description\":\"Industrial automation and robotics\",\"publisher\":{\"@id\":\"https:\/\/www.comau.com\/it\/#organization\"},\"potentialAction\":[{\"@type\":\"SearchAction\",\"target\":{\"@type\":\"EntryPoint\",\"urlTemplate\":\"https:\/\/www.comau.com\/it\/?s={search_term_string}\"},\"query-input\":{\"@type\":\"PropertyValueSpecification\",\"valueRequired\":true,\"valueName\":\"search_term_string\"}}],\"inLanguage\":\"it-IT\"},{\"@type\":\"Organization\",\"@id\":\"https:\/\/www.comau.com\/it\/#organization\",\"name\":\"Comau\",\"url\":\"https:\/\/www.comau.com\/it\/\",\"logo\":{\"@type\":\"ImageObject\",\"inLanguage\":\"it-IT\",\"@id\":\"https:\/\/www.comau.com\/it\/#\/schema\/logo\/image\/\",\"url\":\"https:\/\/www.comau.com\/wp-content\/uploads\/2024\/07\/cropped-Logo-COMAU.png\",\"contentUrl\":\"https:\/\/www.comau.com\/wp-content\/uploads\/2024\/07\/cropped-Logo-COMAU.png\",\"width\":434,\"height\":434,\"caption\":\"Comau\"},\"image\":{\"@id\":\"https:\/\/www.comau.com\/it\/#\/schema\/logo\/image\/\"},\"sameAs\":[\"https:\/\/www.facebook.com\/COMAU\/\",\"https:\/\/x.com\/comaugroup\",\"https:\/\/www.instagram.com\/comaugroup\/\",\"https:\/\/www.linkedin.com\/company\/comau\",\"https:\/\/www.youtube.com\/user\/comau\"]}]}<\/script>\n<!-- \/ Yoast SEO plugin. -->","yoast_head_json":{"title":"SmartDriveComau 800L - Comau","description":"Lavorazione maccanica anche a secco o MQL. Produttivit\u00e0 all'avanguardia altamente qualificata.","robots":{"index":"index","follow":"follow","max-snippet":"max-snippet:-1","max-image-preview":"max-image-preview:large","max-video-preview":"max-video-preview:-1"},"canonical":"https:\/\/www.comau.com\/it\/competencies\/products-solutions\/machining-system-products\/smartdrivecomau-800l\/","og_locale":"it_IT","og_type":"article","og_title":"SmartDriveComau 800L - Comau","og_description":"Lavorazione maccanica anche a secco o MQL. Produttivit\u00e0 all'avanguardia altamente qualificata.","og_url":"https:\/\/www.comau.com\/it\/competencies\/products-solutions\/machining-system-products\/smartdrivecomau-800l\/","og_site_name":"Comau","article_publisher":"https:\/\/www.facebook.com\/COMAU\/","article_modified_time":"2021-08-27T14:10:20+00:00","og_image":[{"width":1280,"height":485,"url":"https:\/\/www.comau.com\/wp-content\/uploads\/2021\/06\/SmartDriveComau800L_header.jpg","type":"image\/jpeg"}],"twitter_card":"summary_large_image","twitter_site":"@comaugroup","twitter_misc":{"Tempo di lettura stimato":"1 minuto"},"schema":{"@context":"https:\/\/schema.org","@graph":[{"@type":"WebPage","@id":"https:\/\/www.comau.com\/it\/competencies\/products-solutions\/machining-system-products\/smartdrivecomau-800l\/","url":"https:\/\/www.comau.com\/it\/competencies\/products-solutions\/machining-system-products\/smartdrivecomau-800l\/","name":"SmartDriveComau 800L - Comau","isPartOf":{"@id":"https:\/\/www.comau.com\/it\/#website"},"primaryImageOfPage":{"@id":"https:\/\/www.comau.com\/it\/competencies\/products-solutions\/machining-system-products\/smartdrivecomau-800l\/#primaryimage"},"image":{"@id":"https:\/\/www.comau.com\/it\/competencies\/products-solutions\/machining-system-products\/smartdrivecomau-800l\/#primaryimage"},"thumbnailUrl":"https:\/\/www.comau.com\/wp-content\/uploads\/2021\/06\/SmartDriveComau800L_header.jpg","datePublished":"2021-06-08T09:32:26+00:00","dateModified":"2021-08-27T14:10:20+00:00","description":"Lavorazione maccanica anche a secco o MQL. Produttivit\u00e0 all'avanguardia altamente qualificata.","breadcrumb":{"@id":"https:\/\/www.comau.com\/it\/competencies\/products-solutions\/machining-system-products\/smartdrivecomau-800l\/#breadcrumb"},"inLanguage":"it-IT","potentialAction":[{"@type":"ReadAction","target":["https:\/\/www.comau.com\/it\/competencies\/products-solutions\/machining-system-products\/smartdrivecomau-800l\/"]}]},{"@type":"ImageObject","inLanguage":"it-IT","@id":"https:\/\/www.comau.com\/it\/competencies\/products-solutions\/machining-system-products\/smartdrivecomau-800l\/#primaryimage","url":"https:\/\/www.comau.com\/wp-content\/uploads\/2021\/06\/SmartDriveComau800L_header.jpg","contentUrl":"https:\/\/www.comau.com\/wp-content\/uploads\/2021\/06\/SmartDriveComau800L_header.jpg","width":1280,"height":485},{"@type":"BreadcrumbList","@id":"https:\/\/www.comau.com\/it\/competencies\/products-solutions\/machining-system-products\/smartdrivecomau-800l\/#breadcrumb","itemListElement":[{"@type":"ListItem","position":1,"name":"Home","item":"https:\/\/www.comau.com\/it\/"},{"@type":"ListItem","position":2,"name":"Le Nostre Competenze","item":"https:\/\/www.comau.com\/it\/competencies\/"},{"@type":"ListItem","position":3,"name":"Powertrain &#038; Machining","item":"https:\/\/www.comau.com\/it\/competencies\/powertrain-machining\/"},{"@type":"ListItem","position":4,"name":"Machining System &amp; Products","item":"https:\/\/www.comau.com\/it\/competencies\/powertrain-machining\/machining-system-products\/"},{"@type":"ListItem","position":5,"name":"SmartDriveComau 800L"}]},{"@type":"WebSite","@id":"https:\/\/www.comau.com\/it\/#website","url":"https:\/\/www.comau.com\/it\/","name":"Comau","description":"Industrial automation and robotics","publisher":{"@id":"https:\/\/www.comau.com\/it\/#organization"},"potentialAction":[{"@type":"SearchAction","target":{"@type":"EntryPoint","urlTemplate":"https:\/\/www.comau.com\/it\/?s={search_term_string}"},"query-input":{"@type":"PropertyValueSpecification","valueRequired":true,"valueName":"search_term_string"}}],"inLanguage":"it-IT"},{"@type":"Organization","@id":"https:\/\/www.comau.com\/it\/#organization","name":"Comau","url":"https:\/\/www.comau.com\/it\/","logo":{"@type":"ImageObject","inLanguage":"it-IT","@id":"https:\/\/www.comau.com\/it\/#\/schema\/logo\/image\/","url":"https:\/\/www.comau.com\/wp-content\/uploads\/2024\/07\/cropped-Logo-COMAU.png","contentUrl":"https:\/\/www.comau.com\/wp-content\/uploads\/2024\/07\/cropped-Logo-COMAU.png","width":434,"height":434,"caption":"Comau"},"image":{"@id":"https:\/\/www.comau.com\/it\/#\/schema\/logo\/image\/"},"sameAs":["https:\/\/www.facebook.com\/COMAU\/","https:\/\/x.com\/comaugroup","https:\/\/www.instagram.com\/comaugroup\/","https:\/\/www.linkedin.com\/company\/comau","https:\/\/www.youtube.com\/user\/comau"]}]}},"_links":{"self":[{"href":"https:\/\/www.comau.com\/it\/wp-json\/wp\/v2\/pages\/23086","targetHints":{"allow":["GET"]}}],"collection":[{"href":"https:\/\/www.comau.com\/it\/wp-json\/wp\/v2\/pages"}],"about":[{"href":"https:\/\/www.comau.com\/it\/wp-json\/wp\/v2\/types\/page"}],"author":[{"embeddable":true,"href":"https:\/\/www.comau.com\/it\/wp-json\/wp\/v2\/users\/11"}],"replies":[{"embeddable":true,"href":"https:\/\/www.comau.com\/it\/wp-json\/wp\/v2\/comments?post=23086"}],"version-history":[{"count":18,"href":"https:\/\/www.comau.com\/it\/wp-json\/wp\/v2\/pages\/23086\/revisions"}],"predecessor-version":[{"id":38540,"href":"https:\/\/www.comau.com\/it\/wp-json\/wp\/v2\/pages\/23086\/revisions\/38540"}],"up":[{"embeddable":true,"href":"https:\/\/www.comau.com\/it\/wp-json\/wp\/v2\/pages\/5837"}],"wp:featuredmedia":[{"embeddable":true,"href":"https:\/\/www.comau.com\/it\/wp-json\/wp\/v2\/media\/5917"}],"wp:attachment":[{"href":"https:\/\/www.comau.com\/it\/wp-json\/wp\/v2\/media?parent=23086"}],"curies":[{"name":"wp","href":"https:\/\/api.w.org\/{rel}","templated":true}]}}