{"id":23056,"date":"2021-06-08T11:29:42","date_gmt":"2021-06-08T09:29:42","guid":{"rendered":"https:\/\/www.comau.com\/?page_id=23056"},"modified":"2021-12-03T16:50:48","modified_gmt":"2021-12-03T15:50:48","slug":"turnkey-systems","status":"publish","type":"page","link":"https:\/\/www.comau.com\/it\/competencies\/products-solutions\/machining-system-products\/turnkey-systems\/","title":{"rendered":"Sistemi chiavi in mano"},"content":{"rendered":"\n<h2 class=\"wp-block-heading\">Approccio completo all\u2019integrazione di sistemi<\/h2>\n\n\n\n<p>Indipendentemente dalla complessit\u00e0 delle esigenze di lavorazione meccanica, la nostra metodologia orientata ai risultati e la competenza nei sistemi pu\u00f2 aiutare a raggiungere velocemente la massima operativit\u00e0.  In Comau abbiamo la competenza necessaria per sviluppare qualsiasi processo di lavorazione meccanica e possiamo assicurare produttivit\u00e0, flessibilit\u00e0 e qualit\u00e0 a lungo termine con un\u2019ampia gamma di sistemi modulari che interessano l\u2019intera catena di produzione. In particolare, offriamo una gamma completa di attrezzature di assemblaggio e prove nell\u2019ambito del processo di lavorazione meccanica per assicurare maggiore uniformit\u00e0 nell\u2019intero ciclo di vita delle attrezzature stesse.<\/p>\n\n\n\n<div class=\"wp-block-columns is-layout-flex wp-container-core-columns-is-layout-9d6595d7 wp-block-columns-is-layout-flex\">\n<div class=\"wp-block-column is-layout-flow wp-block-column-is-layout-flow\">\n<div class=\"wp-block-getwid-image-box has-text-center has-mobile-layout-default has-mobile-alignment-default\"><div class=\"wp-block-getwid-image-box__image-container is-position-top\"><div class=\"wp-block-getwid-image-box__image-wrapper\"><img decoding=\"async\" width=\"184\" height=\"130\" src=\"https:\/\/www.comau.com\/wp-content\/uploads\/2021\/06\/global_experience.jpg\" alt=\"\" class=\"wp-block-getwid-image-box__image wp-image-9786\"\/><\/div><\/div><div class=\"wp-block-getwid-image-box__content\">\n<h3 class=\"wp-block-heading\"><\/h3>\n\n\n\n<p>Esperienza globale<\/p>\n<\/div><\/div>\n<\/div>\n\n\n\n<div class=\"wp-block-column is-layout-flow wp-block-column-is-layout-flow\">\n<div class=\"wp-block-getwid-image-box has-text-center has-mobile-layout-default has-mobile-alignment-default\"><div class=\"wp-block-getwid-image-box__image-container is-position-top\"><div class=\"wp-block-getwid-image-box__image-wrapper\"><img decoding=\"async\" width=\"184\" height=\"130\" src=\"https:\/\/www.comau.com\/wp-content\/uploads\/2021\/06\/integrated_systems_and_turn-key_solutions.jpg\" alt=\"\" class=\"wp-block-getwid-image-box__image wp-image-9791\"\/><\/div><\/div><div class=\"wp-block-getwid-image-box__content\">\n<h3 class=\"wp-block-heading\"><\/h3>\n\n\n\n<p>Sistemi integrati e soluzioni chiavi in mano<\/p>\n<\/div><\/div>\n<\/div>\n\n\n\n<div class=\"wp-block-column is-layout-flow wp-block-column-is-layout-flow\">\n<div class=\"wp-block-getwid-image-box has-text-center has-mobile-layout-default has-mobile-alignment-default\"><div class=\"wp-block-getwid-image-box__image-container is-position-top\"><div class=\"wp-block-getwid-image-box__image-wrapper\"><img decoding=\"async\" width=\"184\" height=\"130\" src=\"https:\/\/www.comau.com\/wp-content\/uploads\/2021\/06\/local_support.jpg\" alt=\"\" class=\"wp-block-getwid-image-box__image wp-image-9796\"\/><\/div><\/div><div class=\"wp-block-getwid-image-box__content\">\n<h3 class=\"wp-block-heading\"><\/h3>\n\n\n\n<p>Supporto locale<\/p>\n<\/div><\/div>\n<\/div>\n\n\n\n<div class=\"wp-block-column is-layout-flow wp-block-column-is-layout-flow\">\n<div class=\"wp-block-getwid-image-box has-text-center has-mobile-layout-default has-mobile-alignment-default\"><div class=\"wp-block-getwid-image-box__image-container is-position-top\"><div class=\"wp-block-getwid-image-box__image-wrapper\"><img decoding=\"async\" width=\"184\" height=\"130\" src=\"https:\/\/www.comau.com\/wp-content\/uploads\/2021\/06\/modular-service-adapted-to-your-business.jpg\" alt=\"\" class=\"wp-block-getwid-image-box__image wp-image-9801\"\/><\/div><\/div><div class=\"wp-block-getwid-image-box__content\">\n<h3 class=\"wp-block-heading\"><\/h3>\n\n\n\n<p>Servizi modulari adattati all\u2019attivit\u00e0 del cliente<\/p>\n<\/div><\/div>\n<\/div>\n<\/div>\n\n\n\n<h2 class=\"wp-block-heading\">Le nostre capacit\u00e0<\/h2>\n\n\n\n<ul class=\"wp-block-list\"><li>Ingegneria di processo<\/li><li>Moduli per lavorazione meccanica e sistemi ausiliari<\/li><li>Architettura di sistemi<\/li><li>Automazione<\/li><li>Logistica del flusso di lavoro e simulazione dell&#8217;efficacia totale degli impianti (OEE)<\/li><\/ul>\n\n\n\n<h3 class=\"wp-block-heading\">Le tue esigenze<\/h3>\n\n\n\n<ul class=\"wp-block-list\"><li>Conseguimento della qualit\u00e0<\/li><li>Riduzione del costo del ciclo di vita<\/li><li>Flessibilit\u00e0<\/li><\/ul>\n\n\n\n<h3 class=\"wp-block-heading\">I tuoi vantaggi<\/h3>\n\n\n\n<ul class=\"wp-block-list\"><li>Gestione pi\u00f9 facile dell\u2019interfaccia<\/li><li>Qualit\u00e0 del processo garantita<\/li><li>Elevata efficienza del sistema<\/li><\/ul>\n\n\n\n<h2 class=\"wp-block-heading\">Sistemi ausiliari<\/h2>\n\n\n\n<p>Assicuriamo produttivit\u00e0, qualit\u00e0 a lungo termine e affidabilit\u00e0 continua con una gamma di sistemi ausiliari che includono attrezzature di assemblaggio e prove nell\u2019ambito del processo di lavorazione meccanica. Svolgiamo inoltre varie attivit\u00e0 che vanno dalla marcatura e ispezione finale alla movimentazione\/logistica e integriamo operazioni esternalizzate per offrire sistemi chiavi in mano completi comprendenti levigatura, lavaggio e misurazione. In altri termini, offriamo soluzioni integrate che rispondono in pieno alle molteplici esigenze produttive dei clienti \u2013 oggi e domani.<\/p>\n\n\n\n<h3 class=\"wp-block-heading\">Perch\u00e9<\/h3>\n\n\n\n<ul class=\"wp-block-list\"><li>Per gestire l\u2019intero processo tramite un solo fornitore<\/li><li>Per ridurre i costi di gestione del progetto (singolo impianto di messa in servizio, logistica di parti di prova)<\/li><li>Per migliorare l\u2019uniformit\u00e0 del processo di lavorazione meccanica e assemblaggio<\/li><\/ul>\n\n\n\n<h3 class=\"wp-block-heading\">Cosa<\/h3>\n\n\n\n<ul class=\"wp-block-list\"><li>Una gamma completa di soluzioni di assemblaggio e prove <\/li><li>Soluzioni robotiche per un\u2019alta flessibilit\u00e0<\/li><li>Adatte per ogni tipo di processo, sia manuale che automatico<\/li><\/ul>\n\n\n\n<h3 class=\"wp-block-heading\">Proposte di valore<\/h3>\n\n\n\n<ul class=\"wp-block-list\"><li>Un solo fornitore per entrambi i processi di lavorazione meccanica e assemblaggio<\/li><li>Logistica ridotta delle parti di prova<\/li><li>Qualit\u00e0 del processo<\/li><li>Alto livello di flessibilit\u00e0 e riusabilit\u00e0<\/li><\/ul>\n\n\n\n<h3 class=\"wp-block-heading\">Elenco di sistemi ausiliari realizzati da Comau <\/h3>\n\n\n\n<ul class=\"wp-block-list\"><li>Stazione di assemblaggio di guide e sedi<\/li><li>Prova di perdite (intermedia e finale)<\/li><li>Stazione di assemblaggio di sfere in acciaio \/ tappi forati \/ spine di riferimento<\/li><li>Assemblaggio di cappelli \/ piani di appoggio \/ sottocarter<\/li><li>Stazione di marcatura<\/li><li>Ispezione finale<\/li><\/ul>\n\n\n\n<h2 class=\"wp-block-heading\">Automazione<\/h2>\n\n\n\n<figure class=\"wp-block-image size-large\"><img decoding=\"async\" width=\"1024\" height=\"388\" src=\"https:\/\/www.comau.com\/wp-content\/uploads\/2021\/06\/Canvas-interni-robot-1024x388.jpg\" alt=\"\" class=\"wp-image-5910\" srcset=\"https:\/\/www.comau.com\/wp-content\/uploads\/2021\/06\/Canvas-interni-robot-1024x388.jpg 1024w, https:\/\/www.comau.com\/wp-content\/uploads\/2021\/06\/Canvas-interni-robot-300x114.jpg 300w, https:\/\/www.comau.com\/wp-content\/uploads\/2021\/06\/Canvas-interni-robot-768x291.jpg 768w, https:\/\/www.comau.com\/wp-content\/uploads\/2021\/06\/Canvas-interni-robot.jpg 1280w\" sizes=\"(max-width: 1024px) 100vw, 1024px\" \/><\/figure>\n\n\n\n<h3 class=\"wp-block-heading\">Perch\u00e9<\/h3>\n\n\n\n<ul class=\"wp-block-list\"><li>Per gestire l\u2019intero processo tramite un solo fornitore<\/li><li>Per facilitare la realizzazione delle interfacce<\/li><li>Per l\u2019adattamento al requisito sui livelli di produzione<\/li><li>La logistica della linea di produzione \u00e8 la \u201cstruttura portante\u201d del sistema<\/li><\/ul>\n\n\n\n<h3 class=\"wp-block-heading\">Cosa<\/h3>\n\n\n\n<ul class=\"wp-block-list\"><li>Una gamma di soluzioni per la produzione<\/li><li>Fornitura di robot e integrazione<\/li><li>Ingegneria e fornitura di specifiche pinze e soluzioni per l\u2019automazione nelle sale<\/li><li>Commissioning virtuale<\/li><\/ul>\n\n\n\n<h3 class=\"wp-block-heading\">Proposte di valore<\/h3>\n\n\n\n<ul class=\"wp-block-list\"><li>Un fornitore chiave in mano che gestisce sia la logistica che le interfacce<\/li><li>Efficacia totale degli impianti (OEE) superiore<\/li><li>Alto livello di flessibilit\u00e0 e riusabilit\u00e0<\/li><li>Validazione del retooling o di attrezzature nuove previste tramite messa in servizio virtuale<\/li><\/ul>\n\n\n\n<h2 class=\"wp-block-heading\">Commissioning virtuale: il primo passo verso la trasformazione digitale<\/h2>\n\n\n\n<p>Il Virtual Commissioning consiste in una simulazione tridimensionale atta a verificare il funzionamento della linea di produzione in ambiente virtuale in anticipo rispetto al precollaudo e messa in funzione reale. Questa tecnologia permette di: ridurre i rischi, e i relativi costi, dei tempi di fermo linea, diminuisce i problemi di avvio consentendo una messa in funzione pi\u00f9 rapida.<\/p>\n\n\n\n<p>Il Virtual Commisioning consente inoltre di pianificare o validare modifiche da effettuare in un impianto esistente, costruire e visualizzare in ambiente virtuale interi impianti in anticipo rispetto alla costruzione fisica del plant o addestrare il personale addetto alle operazioni di routine o di manutenzione ordinaria e straordinaria.<\/p>\n\n\n\n<figure class=\"wp-block-embed is-type-video is-provider-youtube wp-block-embed-youtube wp-embed-aspect-16-9 wp-has-aspect-ratio\"><div class=\"wp-block-embed__wrapper\">\n<iframe title=\"Comau Virtual Commissioning: the first step to the Digital Transformation\" width=\"640\" height=\"360\" src=\"https:\/\/www.youtube.com\/embed\/lJ6m5JkPKMk?feature=oembed\" frameborder=\"0\" allow=\"accelerometer; autoplay; clipboard-write; encrypted-media; gyroscope; picture-in-picture; web-share\" referrerpolicy=\"strict-origin-when-cross-origin\" allowfullscreen><\/iframe>\n<\/div><\/figure>\n","protected":false},"excerpt":{"rendered":"<p>Approccio completo all\u2019integrazione di sistemi Indipendentemente dalla complessit\u00e0 delle esigenze di lavorazione meccanica, la nostra metodologia orientata ai risultati e la competenza nei sistemi pu\u00f2 aiutare a raggiungere velocemente la massima operativit\u00e0. In Comau abbiamo la competenza necessaria per sviluppare qualsiasi processo di lavorazione meccanica e possiamo assicurare produttivit\u00e0, flessibilit\u00e0 e qualit\u00e0 a lungo termine [&hellip;]<\/p>\n","protected":false},"author":11,"featured_media":5910,"parent":5837,"menu_order":2,"comment_status":"closed","ping_status":"closed","template":"","meta":{"_acf_changed":false,"ep_exclude_from_search":false,"footnotes":""},"class_list":["post-23056","page","type-page","status-publish","has-post-thumbnail","hentry"],"acf":[],"yoast_head":"<!-- This site is optimized with the Yoast SEO plugin v26.9 - https:\/\/yoast.com\/product\/yoast-seo-wordpress\/ -->\n<title>Integrazione di Sistemi di Lavorazione e Logistica | Comau<\/title>\n<meta name=\"description\" content=\"Scopri le soluzioni e l&#039;integrazione dei sistemi di lavorazione e automazione logistica di Comau: ottimizza la tua azienda!\" \/>\n<meta name=\"robots\" content=\"index, follow, max-snippet:-1, max-image-preview:large, max-video-preview:-1\" \/>\n<link rel=\"canonical\" href=\"https:\/\/www.comau.com\/it\/competencies\/products-solutions\/machining-system-products\/turnkey-systems\/\" \/>\n<meta property=\"og:locale\" content=\"it_IT\" \/>\n<meta property=\"og:type\" content=\"article\" \/>\n<meta property=\"og:title\" content=\"Integrazione di Sistemi di Lavorazione e Logistica | Comau\" \/>\n<meta property=\"og:description\" content=\"Scopri le soluzioni e l&#039;integrazione dei sistemi di lavorazione e automazione logistica di Comau: ottimizza la tua azienda!\" \/>\n<meta property=\"og:url\" content=\"https:\/\/www.comau.com\/it\/competencies\/products-solutions\/machining-system-products\/turnkey-systems\/\" \/>\n<meta property=\"og:site_name\" content=\"Comau\" \/>\n<meta property=\"article:publisher\" content=\"https:\/\/www.facebook.com\/COMAU\/\" \/>\n<meta property=\"article:modified_time\" content=\"2021-12-03T15:50:48+00:00\" \/>\n<meta property=\"og:image\" content=\"https:\/\/www.comau.com\/wp-content\/uploads\/2021\/06\/Canvas-interni-robot.jpg\" \/>\n\t<meta property=\"og:image:width\" content=\"1280\" \/>\n\t<meta property=\"og:image:height\" content=\"485\" \/>\n\t<meta property=\"og:image:type\" content=\"image\/jpeg\" \/>\n<meta name=\"twitter:card\" content=\"summary_large_image\" \/>\n<meta name=\"twitter:site\" content=\"@comaugroup\" \/>\n<meta name=\"twitter:label1\" content=\"Tempo di lettura stimato\" \/>\n\t<meta name=\"twitter:data1\" content=\"4 minuti\" \/>\n<script type=\"application\/ld+json\" class=\"yoast-schema-graph\">{\"@context\":\"https:\/\/schema.org\",\"@graph\":[{\"@type\":\"WebPage\",\"@id\":\"https:\/\/www.comau.com\/it\/competencies\/products-solutions\/machining-system-products\/turnkey-systems\/\",\"url\":\"https:\/\/www.comau.com\/it\/competencies\/products-solutions\/machining-system-products\/turnkey-systems\/\",\"name\":\"Integrazione di Sistemi di Lavorazione e Logistica | Comau\",\"isPartOf\":{\"@id\":\"https:\/\/www.comau.com\/it\/#website\"},\"primaryImageOfPage\":{\"@id\":\"https:\/\/www.comau.com\/it\/competencies\/products-solutions\/machining-system-products\/turnkey-systems\/#primaryimage\"},\"image\":{\"@id\":\"https:\/\/www.comau.com\/it\/competencies\/products-solutions\/machining-system-products\/turnkey-systems\/#primaryimage\"},\"thumbnailUrl\":\"https:\/\/www.comau.com\/wp-content\/uploads\/2021\/06\/Canvas-interni-robot.jpg\",\"datePublished\":\"2021-06-08T09:29:42+00:00\",\"dateModified\":\"2021-12-03T15:50:48+00:00\",\"description\":\"Scopri le soluzioni e l'integrazione dei sistemi di lavorazione e automazione logistica di Comau: ottimizza la tua azienda!\",\"breadcrumb\":{\"@id\":\"https:\/\/www.comau.com\/it\/competencies\/products-solutions\/machining-system-products\/turnkey-systems\/#breadcrumb\"},\"inLanguage\":\"it-IT\",\"potentialAction\":[{\"@type\":\"ReadAction\",\"target\":[\"https:\/\/www.comau.com\/it\/competencies\/products-solutions\/machining-system-products\/turnkey-systems\/\"]}]},{\"@type\":\"ImageObject\",\"inLanguage\":\"it-IT\",\"@id\":\"https:\/\/www.comau.com\/it\/competencies\/products-solutions\/machining-system-products\/turnkey-systems\/#primaryimage\",\"url\":\"https:\/\/www.comau.com\/wp-content\/uploads\/2021\/06\/Canvas-interni-robot.jpg\",\"contentUrl\":\"https:\/\/www.comau.com\/wp-content\/uploads\/2021\/06\/Canvas-interni-robot.jpg\",\"width\":1280,\"height\":485},{\"@type\":\"BreadcrumbList\",\"@id\":\"https:\/\/www.comau.com\/it\/competencies\/products-solutions\/machining-system-products\/turnkey-systems\/#breadcrumb\",\"itemListElement\":[{\"@type\":\"ListItem\",\"position\":1,\"name\":\"Home\",\"item\":\"https:\/\/www.comau.com\/it\/\"},{\"@type\":\"ListItem\",\"position\":2,\"name\":\"Le Nostre Competenze\",\"item\":\"https:\/\/www.comau.com\/it\/competencies\/\"},{\"@type\":\"ListItem\",\"position\":3,\"name\":\"Powertrain &#038; Machining\",\"item\":\"https:\/\/www.comau.com\/it\/competencies\/powertrain-machining\/\"},{\"@type\":\"ListItem\",\"position\":4,\"name\":\"Machining System &amp; Products\",\"item\":\"https:\/\/www.comau.com\/it\/competencies\/powertrain-machining\/machining-system-products\/\"},{\"@type\":\"ListItem\",\"position\":5,\"name\":\"Sistemi chiavi in mano\"}]},{\"@type\":\"WebSite\",\"@id\":\"https:\/\/www.comau.com\/it\/#website\",\"url\":\"https:\/\/www.comau.com\/it\/\",\"name\":\"Comau\",\"description\":\"Industrial automation and robotics\",\"publisher\":{\"@id\":\"https:\/\/www.comau.com\/it\/#organization\"},\"potentialAction\":[{\"@type\":\"SearchAction\",\"target\":{\"@type\":\"EntryPoint\",\"urlTemplate\":\"https:\/\/www.comau.com\/it\/?s={search_term_string}\"},\"query-input\":{\"@type\":\"PropertyValueSpecification\",\"valueRequired\":true,\"valueName\":\"search_term_string\"}}],\"inLanguage\":\"it-IT\"},{\"@type\":\"Organization\",\"@id\":\"https:\/\/www.comau.com\/it\/#organization\",\"name\":\"Comau\",\"url\":\"https:\/\/www.comau.com\/it\/\",\"logo\":{\"@type\":\"ImageObject\",\"inLanguage\":\"it-IT\",\"@id\":\"https:\/\/www.comau.com\/it\/#\/schema\/logo\/image\/\",\"url\":\"https:\/\/www.comau.com\/wp-content\/uploads\/2024\/07\/cropped-Logo-COMAU.png\",\"contentUrl\":\"https:\/\/www.comau.com\/wp-content\/uploads\/2024\/07\/cropped-Logo-COMAU.png\",\"width\":434,\"height\":434,\"caption\":\"Comau\"},\"image\":{\"@id\":\"https:\/\/www.comau.com\/it\/#\/schema\/logo\/image\/\"},\"sameAs\":[\"https:\/\/www.facebook.com\/COMAU\/\",\"https:\/\/x.com\/comaugroup\",\"https:\/\/www.instagram.com\/comaugroup\/\",\"https:\/\/www.linkedin.com\/company\/comau\",\"https:\/\/www.youtube.com\/user\/comau\"]}]}<\/script>\n<!-- \/ Yoast SEO plugin. -->","yoast_head_json":{"title":"Integrazione di Sistemi di Lavorazione e Logistica | Comau","description":"Scopri le soluzioni e l'integrazione dei sistemi di lavorazione e automazione logistica di Comau: ottimizza la tua azienda!","robots":{"index":"index","follow":"follow","max-snippet":"max-snippet:-1","max-image-preview":"max-image-preview:large","max-video-preview":"max-video-preview:-1"},"canonical":"https:\/\/www.comau.com\/it\/competencies\/products-solutions\/machining-system-products\/turnkey-systems\/","og_locale":"it_IT","og_type":"article","og_title":"Integrazione di Sistemi di Lavorazione e Logistica | Comau","og_description":"Scopri le soluzioni e l'integrazione dei sistemi di lavorazione e automazione logistica di Comau: ottimizza la tua azienda!","og_url":"https:\/\/www.comau.com\/it\/competencies\/products-solutions\/machining-system-products\/turnkey-systems\/","og_site_name":"Comau","article_publisher":"https:\/\/www.facebook.com\/COMAU\/","article_modified_time":"2021-12-03T15:50:48+00:00","og_image":[{"width":1280,"height":485,"url":"https:\/\/www.comau.com\/wp-content\/uploads\/2021\/06\/Canvas-interni-robot.jpg","type":"image\/jpeg"}],"twitter_card":"summary_large_image","twitter_site":"@comaugroup","twitter_misc":{"Tempo di lettura stimato":"4 minuti"},"schema":{"@context":"https:\/\/schema.org","@graph":[{"@type":"WebPage","@id":"https:\/\/www.comau.com\/it\/competencies\/products-solutions\/machining-system-products\/turnkey-systems\/","url":"https:\/\/www.comau.com\/it\/competencies\/products-solutions\/machining-system-products\/turnkey-systems\/","name":"Integrazione di Sistemi di Lavorazione e Logistica | Comau","isPartOf":{"@id":"https:\/\/www.comau.com\/it\/#website"},"primaryImageOfPage":{"@id":"https:\/\/www.comau.com\/it\/competencies\/products-solutions\/machining-system-products\/turnkey-systems\/#primaryimage"},"image":{"@id":"https:\/\/www.comau.com\/it\/competencies\/products-solutions\/machining-system-products\/turnkey-systems\/#primaryimage"},"thumbnailUrl":"https:\/\/www.comau.com\/wp-content\/uploads\/2021\/06\/Canvas-interni-robot.jpg","datePublished":"2021-06-08T09:29:42+00:00","dateModified":"2021-12-03T15:50:48+00:00","description":"Scopri le soluzioni e l'integrazione dei sistemi di lavorazione e automazione logistica di Comau: ottimizza la tua azienda!","breadcrumb":{"@id":"https:\/\/www.comau.com\/it\/competencies\/products-solutions\/machining-system-products\/turnkey-systems\/#breadcrumb"},"inLanguage":"it-IT","potentialAction":[{"@type":"ReadAction","target":["https:\/\/www.comau.com\/it\/competencies\/products-solutions\/machining-system-products\/turnkey-systems\/"]}]},{"@type":"ImageObject","inLanguage":"it-IT","@id":"https:\/\/www.comau.com\/it\/competencies\/products-solutions\/machining-system-products\/turnkey-systems\/#primaryimage","url":"https:\/\/www.comau.com\/wp-content\/uploads\/2021\/06\/Canvas-interni-robot.jpg","contentUrl":"https:\/\/www.comau.com\/wp-content\/uploads\/2021\/06\/Canvas-interni-robot.jpg","width":1280,"height":485},{"@type":"BreadcrumbList","@id":"https:\/\/www.comau.com\/it\/competencies\/products-solutions\/machining-system-products\/turnkey-systems\/#breadcrumb","itemListElement":[{"@type":"ListItem","position":1,"name":"Home","item":"https:\/\/www.comau.com\/it\/"},{"@type":"ListItem","position":2,"name":"Le Nostre Competenze","item":"https:\/\/www.comau.com\/it\/competencies\/"},{"@type":"ListItem","position":3,"name":"Powertrain &#038; Machining","item":"https:\/\/www.comau.com\/it\/competencies\/powertrain-machining\/"},{"@type":"ListItem","position":4,"name":"Machining System &amp; Products","item":"https:\/\/www.comau.com\/it\/competencies\/powertrain-machining\/machining-system-products\/"},{"@type":"ListItem","position":5,"name":"Sistemi chiavi in mano"}]},{"@type":"WebSite","@id":"https:\/\/www.comau.com\/it\/#website","url":"https:\/\/www.comau.com\/it\/","name":"Comau","description":"Industrial automation and robotics","publisher":{"@id":"https:\/\/www.comau.com\/it\/#organization"},"potentialAction":[{"@type":"SearchAction","target":{"@type":"EntryPoint","urlTemplate":"https:\/\/www.comau.com\/it\/?s={search_term_string}"},"query-input":{"@type":"PropertyValueSpecification","valueRequired":true,"valueName":"search_term_string"}}],"inLanguage":"it-IT"},{"@type":"Organization","@id":"https:\/\/www.comau.com\/it\/#organization","name":"Comau","url":"https:\/\/www.comau.com\/it\/","logo":{"@type":"ImageObject","inLanguage":"it-IT","@id":"https:\/\/www.comau.com\/it\/#\/schema\/logo\/image\/","url":"https:\/\/www.comau.com\/wp-content\/uploads\/2024\/07\/cropped-Logo-COMAU.png","contentUrl":"https:\/\/www.comau.com\/wp-content\/uploads\/2024\/07\/cropped-Logo-COMAU.png","width":434,"height":434,"caption":"Comau"},"image":{"@id":"https:\/\/www.comau.com\/it\/#\/schema\/logo\/image\/"},"sameAs":["https:\/\/www.facebook.com\/COMAU\/","https:\/\/x.com\/comaugroup","https:\/\/www.instagram.com\/comaugroup\/","https:\/\/www.linkedin.com\/company\/comau","https:\/\/www.youtube.com\/user\/comau"]}]}},"_links":{"self":[{"href":"https:\/\/www.comau.com\/it\/wp-json\/wp\/v2\/pages\/23056","targetHints":{"allow":["GET"]}}],"collection":[{"href":"https:\/\/www.comau.com\/it\/wp-json\/wp\/v2\/pages"}],"about":[{"href":"https:\/\/www.comau.com\/it\/wp-json\/wp\/v2\/types\/page"}],"author":[{"embeddable":true,"href":"https:\/\/www.comau.com\/it\/wp-json\/wp\/v2\/users\/11"}],"replies":[{"embeddable":true,"href":"https:\/\/www.comau.com\/it\/wp-json\/wp\/v2\/comments?post=23056"}],"version-history":[{"count":69,"href":"https:\/\/www.comau.com\/it\/wp-json\/wp\/v2\/pages\/23056\/revisions"}],"predecessor-version":[{"id":40133,"href":"https:\/\/www.comau.com\/it\/wp-json\/wp\/v2\/pages\/23056\/revisions\/40133"}],"up":[{"embeddable":true,"href":"https:\/\/www.comau.com\/it\/wp-json\/wp\/v2\/pages\/5837"}],"wp:featuredmedia":[{"embeddable":true,"href":"https:\/\/www.comau.com\/it\/wp-json\/wp\/v2\/media\/5910"}],"wp:attachment":[{"href":"https:\/\/www.comau.com\/it\/wp-json\/wp\/v2\/media?parent=23056"}],"curies":[{"name":"wp","href":"https:\/\/api.w.org\/{rel}","templated":true}]}}