{"id":22296,"date":"2021-06-08T14:51:32","date_gmt":"2021-06-08T12:51:32","guid":{"rendered":"https:\/\/www.comau.com\/?page_id=22296"},"modified":"2022-09-27T12:56:26","modified_gmt":"2022-09-27T10:56:26","slug":"teach-pendant","status":"publish","type":"page","link":"https:\/\/www.comau.com\/it\/competencies\/products-solutions\/robotic-control-and-software\/teach-pendant\/","title":{"rendered":"Teach pendant"},"content":{"rendered":"\n<p>Ergonomia migliorata, riduzione dell\u2019affaticamento del polso, facilit\u00e0 di utilizzo, riduzione del peso complessivo, maggiore mobilit\u00e0. La potenza \u00e8 nelle tue mani.<\/p>\n\n\n\n<div class=\"wp-block-getwid-images-slider has-arrows-inside has-dots-outside has-images-center has-cropped-images\"><div class=\"wp-block-getwid-images-slider__wrapper\" data-effect=\"slide\" data-slides-show=\"1\" data-slides-show-laptop=\"1\" data-slides-show-tablet=\"1\" data-slides-show-mobile=\"1\" data-slides-scroll=\"1\" data-autoplay=\"true\" data-autoplay-speed=\"6000\" data-infinite=\"true\" data-animation-speed=\"800\" data-center-mode=\"false\" data-variable-width=\"false\" data-arrows=\"inside\" data-dots=\"outside\" data-spacing=\"none\"><div class=\"wp-block-getwid-images-slider__item\"><figure><img decoding=\"async\" width=\"1179\" height=\"401\" src=\"https:\/\/www.comau.com\/wp-content\/uploads\/2021\/06\/TP5_1.jpg\" data-id=\"938\" data-link=\"https:\/\/www.comau.com\/competencies\/robotics-automation\/controls-auxiliary-equipment\/teach-pendant\/tp5_1\/\" data-original-link=\"https:\/\/www.comau.com\/wp-content\/uploads\/2021\/06\/TP5_1.jpg\" class=\"wp-block-getwid-images-slider__image wp-image-9911\" srcset=\"https:\/\/www.comau.com\/wp-content\/uploads\/2021\/06\/TP5_1.jpg 1179w, https:\/\/www.comau.com\/wp-content\/uploads\/2021\/06\/TP5_1-300x102.jpg 300w, https:\/\/www.comau.com\/wp-content\/uploads\/2021\/06\/TP5_1-1024x348.jpg 1024w, https:\/\/www.comau.com\/wp-content\/uploads\/2021\/06\/TP5_1-768x261.jpg 768w\" sizes=\"(max-width: 1179px) 100vw, 1179px\" \/><\/figure><\/div><div class=\"wp-block-getwid-images-slider__item\"><figure><img decoding=\"async\" width=\"1179\" height=\"401\" src=\"https:\/\/www.comau.com\/wp-content\/uploads\/2021\/06\/TP5_2.jpg\" data-id=\"939\" data-link=\"https:\/\/www.comau.com\/competencies\/robotics-automation\/controls-auxiliary-equipment\/teach-pendant\/tp5_2\/\" data-original-link=\"https:\/\/www.comau.com\/wp-content\/uploads\/2021\/06\/TP5_2.jpg\" class=\"wp-block-getwid-images-slider__image wp-image-9916\" srcset=\"https:\/\/www.comau.com\/wp-content\/uploads\/2021\/06\/TP5_2.jpg 1179w, https:\/\/www.comau.com\/wp-content\/uploads\/2021\/06\/TP5_2-300x102.jpg 300w, https:\/\/www.comau.com\/wp-content\/uploads\/2021\/06\/TP5_2-1024x348.jpg 1024w, https:\/\/www.comau.com\/wp-content\/uploads\/2021\/06\/TP5_2-768x261.jpg 768w\" sizes=\"(max-width: 1179px) 100vw, 1179px\" \/><\/figure><\/div><div class=\"wp-block-getwid-images-slider__item\"><figure><img decoding=\"async\" width=\"1179\" height=\"401\" src=\"https:\/\/www.comau.com\/wp-content\/uploads\/2021\/06\/TP5_4.jpg\" data-id=\"940\" data-link=\"https:\/\/www.comau.com\/competencies\/robotics-automation\/controls-auxiliary-equipment\/teach-pendant\/tp5_4\/\" data-original-link=\"https:\/\/www.comau.com\/wp-content\/uploads\/2021\/06\/TP5_4.jpg\" class=\"wp-block-getwid-images-slider__image wp-image-9921\" srcset=\"https:\/\/www.comau.com\/wp-content\/uploads\/2021\/06\/TP5_4.jpg 1179w, https:\/\/www.comau.com\/wp-content\/uploads\/2021\/06\/TP5_4-300x102.jpg 300w, https:\/\/www.comau.com\/wp-content\/uploads\/2021\/06\/TP5_4-1024x348.jpg 1024w, https:\/\/www.comau.com\/wp-content\/uploads\/2021\/06\/TP5_4-768x261.jpg 768w\" sizes=\"(max-width: 1179px) 100vw, 1179px\" \/><\/figure><\/div><div class=\"wp-block-getwid-images-slider__item\"><figure><img decoding=\"async\" width=\"1179\" height=\"401\" src=\"https:\/\/www.comau.com\/wp-content\/uploads\/2021\/06\/TP5_5.jpg\" data-id=\"941\" data-link=\"https:\/\/www.comau.com\/competencies\/robotics-automation\/controls-auxiliary-equipment\/teach-pendant\/tp5_5\/\" data-original-link=\"https:\/\/www.comau.com\/wp-content\/uploads\/2021\/06\/TP5_5.jpg\" class=\"wp-block-getwid-images-slider__image wp-image-9926\" srcset=\"https:\/\/www.comau.com\/wp-content\/uploads\/2021\/06\/TP5_5.jpg 1179w, https:\/\/www.comau.com\/wp-content\/uploads\/2021\/06\/TP5_5-300x102.jpg 300w, https:\/\/www.comau.com\/wp-content\/uploads\/2021\/06\/TP5_5-1024x348.jpg 1024w, https:\/\/www.comau.com\/wp-content\/uploads\/2021\/06\/TP5_5-768x261.jpg 768w\" sizes=\"(max-width: 1179px) 100vw, 1179px\" \/><\/figure><\/div><\/div><\/div>\n\n\n\n<h2 class=\"wp-block-heading\">Involucro e cavo<\/h2>\n\n\n\n<ul class=\"wp-block-list\"><li>Design intensivo e attenzione ai dettagli per garantire una migliore ergonomia<\/li><li>I tasti sul retro riducono l&#8217;affaticamento del polso e assicurano un uso pi\u00f9 facile dell&#8217;area centrale della tastiera<\/li><li>Utilizzabile in molti modi per ridurre l&#8217;affaticamento dell&#8217;operatore al lavoro<\/li><li>Leggerezza e ottima maneggevolezza<\/li><li>La pratica maniglia superiore consente di appendere il TP e di usarlo anche lontano dal controller<\/li><\/ul>\n\n\n\n<h2 class=\"wp-block-heading\">Un senso di famiglia<\/h2>\n\n\n\n<p>La facilit\u00e0 d&#8217;uso consente un rapido apprendimento da parte dell&#8217;operatore, grazie ad una &#8220;evoluzione naturale&#8221; rispetto alle versioni precedenti<\/p>\n\n\n\n<h2 class=\"wp-block-heading\">Architettura hardware e software<\/h2>\n\n\n\n<ul class=\"wp-block-list\"><li>Grafica migliorata per un uso pi\u00f9 intuitivo<\/li><li>Porta USB pi\u00f9 veloce<\/li><\/ul>\n\n\n\n<h2 class=\"wp-block-heading\">Display e tastiera<\/h2>\n\n\n\n<ul class=\"wp-block-list\"><li>Il touchscreen da 7 pollici offre un\u2019interazione semplificata e pi\u00f9 veloce<\/li><li>Operazioni ottimizzate, anche quando si usa la sola tastiera, per un uso pi\u00f9 efficiente in ambienti di produzione difficili<\/li><li>La tastiera semplificata \u00e8 stata pensata per consentire di individuare i tasti pi\u00f9 agevolmente durante la fase di programmazione grazie agli speciali riferimenti tattili sulla membrana<\/li><li>Risposta migliorata della tastiera quando si premono i pulsanti<\/li><\/ul>\n","protected":false},"excerpt":{"rendered":"<p>Ergonomia migliorata, riduzione dell\u2019affaticamento del polso, facilit\u00e0 di utilizzo, riduzione del peso complessivo, maggiore mobilit\u00e0. La potenza \u00e8 nelle tue mani. Involucro e cavo Design intensivo e attenzione ai dettagli per garantire una migliore ergonomia I tasti sul retro riducono l&#8217;affaticamento del polso e assicurano un uso pi\u00f9 facile dell&#8217;area centrale della tastiera Utilizzabile in [&hellip;]<\/p>\n","protected":false},"author":11,"featured_media":6029,"parent":65671,"menu_order":4,"comment_status":"closed","ping_status":"closed","template":"","meta":{"_acf_changed":false,"ep_exclude_from_search":false,"footnotes":""},"class_list":["post-22296","page","type-page","status-publish","has-post-thumbnail","hentry"],"acf":[],"yoast_head":"<!-- This site is optimized with the Yoast SEO plugin v26.9 - https:\/\/yoast.com\/product\/yoast-seo-wordpress\/ -->\n<title>Tech Pendant: Programmatore Portatile Ergonomico | Comau<\/title>\n<meta name=\"description\" content=\"Il teach pendant di Comau \u00e8 stato studiato per essere ergonomico, pratico e leggero per non affaticare: scoprilo ora!\" \/>\n<meta name=\"robots\" content=\"index, follow, max-snippet:-1, max-image-preview:large, max-video-preview:-1\" \/>\n<link rel=\"canonical\" href=\"https:\/\/www.comau.com\/it\/competencies\/products-solutions\/robotic-control-and-software\/teach-pendant\/\" \/>\n<meta property=\"og:locale\" content=\"it_IT\" \/>\n<meta property=\"og:type\" content=\"article\" \/>\n<meta property=\"og:title\" content=\"Tech Pendant: Programmatore Portatile Ergonomico | Comau\" \/>\n<meta property=\"og:description\" content=\"Il teach pendant di Comau \u00e8 stato studiato per essere ergonomico, pratico e leggero per non affaticare: scoprilo ora!\" \/>\n<meta property=\"og:url\" content=\"https:\/\/www.comau.com\/it\/competencies\/products-solutions\/robotic-control-and-software\/teach-pendant\/\" \/>\n<meta property=\"og:site_name\" content=\"Comau\" \/>\n<meta property=\"article:publisher\" content=\"https:\/\/www.facebook.com\/COMAU\/\" \/>\n<meta property=\"article:modified_time\" content=\"2022-09-27T10:56:26+00:00\" \/>\n<meta property=\"og:image\" content=\"https:\/\/www.comau.com\/wp-content\/uploads\/2021\/06\/tech-pendant_header.jpg\" \/>\n\t<meta property=\"og:image:width\" content=\"1280\" \/>\n\t<meta property=\"og:image:height\" content=\"485\" \/>\n\t<meta property=\"og:image:type\" content=\"image\/jpeg\" \/>\n<meta name=\"twitter:card\" content=\"summary_large_image\" \/>\n<meta name=\"twitter:site\" content=\"@comaugroup\" \/>\n<meta name=\"twitter:label1\" content=\"Tempo di lettura stimato\" \/>\n\t<meta name=\"twitter:data1\" content=\"2 minuti\" \/>\n<script type=\"application\/ld+json\" class=\"yoast-schema-graph\">{\"@context\":\"https:\/\/schema.org\",\"@graph\":[{\"@type\":\"WebPage\",\"@id\":\"https:\/\/www.comau.com\/it\/competencies\/products-solutions\/robotic-control-and-software\/teach-pendant\/\",\"url\":\"https:\/\/www.comau.com\/it\/competencies\/products-solutions\/robotic-control-and-software\/teach-pendant\/\",\"name\":\"Tech Pendant: Programmatore Portatile Ergonomico | Comau\",\"isPartOf\":{\"@id\":\"https:\/\/www.comau.com\/it\/#website\"},\"primaryImageOfPage\":{\"@id\":\"https:\/\/www.comau.com\/it\/competencies\/products-solutions\/robotic-control-and-software\/teach-pendant\/#primaryimage\"},\"image\":{\"@id\":\"https:\/\/www.comau.com\/it\/competencies\/products-solutions\/robotic-control-and-software\/teach-pendant\/#primaryimage\"},\"thumbnailUrl\":\"https:\/\/www.comau.com\/wp-content\/uploads\/2021\/06\/tech-pendant_header.jpg\",\"datePublished\":\"2021-06-08T12:51:32+00:00\",\"dateModified\":\"2022-09-27T10:56:26+00:00\",\"description\":\"Il teach pendant di Comau \u00e8 stato studiato per essere ergonomico, pratico e leggero per non affaticare: scoprilo ora!\",\"breadcrumb\":{\"@id\":\"https:\/\/www.comau.com\/it\/competencies\/products-solutions\/robotic-control-and-software\/teach-pendant\/#breadcrumb\"},\"inLanguage\":\"it-IT\",\"potentialAction\":[{\"@type\":\"ReadAction\",\"target\":[\"https:\/\/www.comau.com\/it\/competencies\/products-solutions\/robotic-control-and-software\/teach-pendant\/\"]}]},{\"@type\":\"ImageObject\",\"inLanguage\":\"it-IT\",\"@id\":\"https:\/\/www.comau.com\/it\/competencies\/products-solutions\/robotic-control-and-software\/teach-pendant\/#primaryimage\",\"url\":\"https:\/\/www.comau.com\/wp-content\/uploads\/2021\/06\/tech-pendant_header.jpg\",\"contentUrl\":\"https:\/\/www.comau.com\/wp-content\/uploads\/2021\/06\/tech-pendant_header.jpg\",\"width\":1280,\"height\":485},{\"@type\":\"BreadcrumbList\",\"@id\":\"https:\/\/www.comau.com\/it\/competencies\/products-solutions\/robotic-control-and-software\/teach-pendant\/#breadcrumb\",\"itemListElement\":[{\"@type\":\"ListItem\",\"position\":1,\"name\":\"Home\",\"item\":\"https:\/\/www.comau.com\/it\/\"},{\"@type\":\"ListItem\",\"position\":2,\"name\":\"Le Nostre Competenze\",\"item\":\"https:\/\/www.comau.com\/it\/competencies\/\"},{\"@type\":\"ListItem\",\"position\":3,\"name\":\"Robotics &amp; Automation\",\"item\":\"https:\/\/www.comau.com\/it\/competencies\/robotics-automation\/\"},{\"@type\":\"ListItem\",\"position\":4,\"name\":\"Unit\u00e0 di controllo e Attrezzature ausiliari\",\"item\":\"https:\/\/www.comau.com\/it\/competencies\/robotics-automation\/controls-auxiliary-equipment\/\"},{\"@type\":\"ListItem\",\"position\":5,\"name\":\"Teach pendant\"}]},{\"@type\":\"WebSite\",\"@id\":\"https:\/\/www.comau.com\/it\/#website\",\"url\":\"https:\/\/www.comau.com\/it\/\",\"name\":\"Comau\",\"description\":\"Industrial automation and robotics\",\"publisher\":{\"@id\":\"https:\/\/www.comau.com\/it\/#organization\"},\"potentialAction\":[{\"@type\":\"SearchAction\",\"target\":{\"@type\":\"EntryPoint\",\"urlTemplate\":\"https:\/\/www.comau.com\/it\/?s={search_term_string}\"},\"query-input\":{\"@type\":\"PropertyValueSpecification\",\"valueRequired\":true,\"valueName\":\"search_term_string\"}}],\"inLanguage\":\"it-IT\"},{\"@type\":\"Organization\",\"@id\":\"https:\/\/www.comau.com\/it\/#organization\",\"name\":\"Comau\",\"url\":\"https:\/\/www.comau.com\/it\/\",\"logo\":{\"@type\":\"ImageObject\",\"inLanguage\":\"it-IT\",\"@id\":\"https:\/\/www.comau.com\/it\/#\/schema\/logo\/image\/\",\"url\":\"https:\/\/www.comau.com\/wp-content\/uploads\/2024\/07\/cropped-Logo-COMAU.png\",\"contentUrl\":\"https:\/\/www.comau.com\/wp-content\/uploads\/2024\/07\/cropped-Logo-COMAU.png\",\"width\":434,\"height\":434,\"caption\":\"Comau\"},\"image\":{\"@id\":\"https:\/\/www.comau.com\/it\/#\/schema\/logo\/image\/\"},\"sameAs\":[\"https:\/\/www.facebook.com\/COMAU\/\",\"https:\/\/x.com\/comaugroup\",\"https:\/\/www.instagram.com\/comaugroup\/\",\"https:\/\/www.linkedin.com\/company\/comau\",\"https:\/\/www.youtube.com\/user\/comau\"]}]}<\/script>\n<!-- \/ Yoast SEO plugin. -->","yoast_head_json":{"title":"Tech Pendant: Programmatore Portatile Ergonomico | Comau","description":"Il teach pendant di Comau \u00e8 stato studiato per essere ergonomico, pratico e leggero per non affaticare: scoprilo ora!","robots":{"index":"index","follow":"follow","max-snippet":"max-snippet:-1","max-image-preview":"max-image-preview:large","max-video-preview":"max-video-preview:-1"},"canonical":"https:\/\/www.comau.com\/it\/competencies\/products-solutions\/robotic-control-and-software\/teach-pendant\/","og_locale":"it_IT","og_type":"article","og_title":"Tech Pendant: Programmatore Portatile Ergonomico | Comau","og_description":"Il teach pendant di Comau \u00e8 stato studiato per essere ergonomico, pratico e leggero per non affaticare: scoprilo ora!","og_url":"https:\/\/www.comau.com\/it\/competencies\/products-solutions\/robotic-control-and-software\/teach-pendant\/","og_site_name":"Comau","article_publisher":"https:\/\/www.facebook.com\/COMAU\/","article_modified_time":"2022-09-27T10:56:26+00:00","og_image":[{"width":1280,"height":485,"url":"https:\/\/www.comau.com\/wp-content\/uploads\/2021\/06\/tech-pendant_header.jpg","type":"image\/jpeg"}],"twitter_card":"summary_large_image","twitter_site":"@comaugroup","twitter_misc":{"Tempo di lettura stimato":"2 minuti"},"schema":{"@context":"https:\/\/schema.org","@graph":[{"@type":"WebPage","@id":"https:\/\/www.comau.com\/it\/competencies\/products-solutions\/robotic-control-and-software\/teach-pendant\/","url":"https:\/\/www.comau.com\/it\/competencies\/products-solutions\/robotic-control-and-software\/teach-pendant\/","name":"Tech Pendant: Programmatore Portatile Ergonomico | Comau","isPartOf":{"@id":"https:\/\/www.comau.com\/it\/#website"},"primaryImageOfPage":{"@id":"https:\/\/www.comau.com\/it\/competencies\/products-solutions\/robotic-control-and-software\/teach-pendant\/#primaryimage"},"image":{"@id":"https:\/\/www.comau.com\/it\/competencies\/products-solutions\/robotic-control-and-software\/teach-pendant\/#primaryimage"},"thumbnailUrl":"https:\/\/www.comau.com\/wp-content\/uploads\/2021\/06\/tech-pendant_header.jpg","datePublished":"2021-06-08T12:51:32+00:00","dateModified":"2022-09-27T10:56:26+00:00","description":"Il teach pendant di Comau \u00e8 stato studiato per essere ergonomico, pratico e leggero per non affaticare: scoprilo ora!","breadcrumb":{"@id":"https:\/\/www.comau.com\/it\/competencies\/products-solutions\/robotic-control-and-software\/teach-pendant\/#breadcrumb"},"inLanguage":"it-IT","potentialAction":[{"@type":"ReadAction","target":["https:\/\/www.comau.com\/it\/competencies\/products-solutions\/robotic-control-and-software\/teach-pendant\/"]}]},{"@type":"ImageObject","inLanguage":"it-IT","@id":"https:\/\/www.comau.com\/it\/competencies\/products-solutions\/robotic-control-and-software\/teach-pendant\/#primaryimage","url":"https:\/\/www.comau.com\/wp-content\/uploads\/2021\/06\/tech-pendant_header.jpg","contentUrl":"https:\/\/www.comau.com\/wp-content\/uploads\/2021\/06\/tech-pendant_header.jpg","width":1280,"height":485},{"@type":"BreadcrumbList","@id":"https:\/\/www.comau.com\/it\/competencies\/products-solutions\/robotic-control-and-software\/teach-pendant\/#breadcrumb","itemListElement":[{"@type":"ListItem","position":1,"name":"Home","item":"https:\/\/www.comau.com\/it\/"},{"@type":"ListItem","position":2,"name":"Le Nostre Competenze","item":"https:\/\/www.comau.com\/it\/competencies\/"},{"@type":"ListItem","position":3,"name":"Robotics &amp; Automation","item":"https:\/\/www.comau.com\/it\/competencies\/robotics-automation\/"},{"@type":"ListItem","position":4,"name":"Unit\u00e0 di controllo e Attrezzature ausiliari","item":"https:\/\/www.comau.com\/it\/competencies\/robotics-automation\/controls-auxiliary-equipment\/"},{"@type":"ListItem","position":5,"name":"Teach pendant"}]},{"@type":"WebSite","@id":"https:\/\/www.comau.com\/it\/#website","url":"https:\/\/www.comau.com\/it\/","name":"Comau","description":"Industrial automation and robotics","publisher":{"@id":"https:\/\/www.comau.com\/it\/#organization"},"potentialAction":[{"@type":"SearchAction","target":{"@type":"EntryPoint","urlTemplate":"https:\/\/www.comau.com\/it\/?s={search_term_string}"},"query-input":{"@type":"PropertyValueSpecification","valueRequired":true,"valueName":"search_term_string"}}],"inLanguage":"it-IT"},{"@type":"Organization","@id":"https:\/\/www.comau.com\/it\/#organization","name":"Comau","url":"https:\/\/www.comau.com\/it\/","logo":{"@type":"ImageObject","inLanguage":"it-IT","@id":"https:\/\/www.comau.com\/it\/#\/schema\/logo\/image\/","url":"https:\/\/www.comau.com\/wp-content\/uploads\/2024\/07\/cropped-Logo-COMAU.png","contentUrl":"https:\/\/www.comau.com\/wp-content\/uploads\/2024\/07\/cropped-Logo-COMAU.png","width":434,"height":434,"caption":"Comau"},"image":{"@id":"https:\/\/www.comau.com\/it\/#\/schema\/logo\/image\/"},"sameAs":["https:\/\/www.facebook.com\/COMAU\/","https:\/\/x.com\/comaugroup","https:\/\/www.instagram.com\/comaugroup\/","https:\/\/www.linkedin.com\/company\/comau","https:\/\/www.youtube.com\/user\/comau"]}]}},"_links":{"self":[{"href":"https:\/\/www.comau.com\/it\/wp-json\/wp\/v2\/pages\/22296","targetHints":{"allow":["GET"]}}],"collection":[{"href":"https:\/\/www.comau.com\/it\/wp-json\/wp\/v2\/pages"}],"about":[{"href":"https:\/\/www.comau.com\/it\/wp-json\/wp\/v2\/types\/page"}],"author":[{"embeddable":true,"href":"https:\/\/www.comau.com\/it\/wp-json\/wp\/v2\/users\/11"}],"replies":[{"embeddable":true,"href":"https:\/\/www.comau.com\/it\/wp-json\/wp\/v2\/comments?post=22296"}],"version-history":[{"count":24,"href":"https:\/\/www.comau.com\/it\/wp-json\/wp\/v2\/pages\/22296\/revisions"}],"predecessor-version":[{"id":47666,"href":"https:\/\/www.comau.com\/it\/wp-json\/wp\/v2\/pages\/22296\/revisions\/47666"}],"up":[{"embeddable":true,"href":"https:\/\/www.comau.com\/it\/wp-json\/wp\/v2\/pages\/65671"}],"wp:featuredmedia":[{"embeddable":true,"href":"https:\/\/www.comau.com\/it\/wp-json\/wp\/v2\/media\/6029"}],"wp:attachment":[{"href":"https:\/\/www.comau.com\/it\/wp-json\/wp\/v2\/media?parent=22296"}],"curies":[{"name":"wp","href":"https:\/\/api.w.org\/{rel}","templated":true}]}}