{"id":22279,"date":"2021-06-08T18:15:25","date_gmt":"2021-06-08T16:15:25","guid":{"rendered":"https:\/\/www.comau.com\/?page_id=22279"},"modified":"2021-08-27T16:15:58","modified_gmt":"2021-08-27T14:15:58","slug":"c5g","status":"publish","type":"page","link":"https:\/\/www.comau.com\/it\/competencies\/products-solutions\/controls-auxiliary-equipment\/c5g\/","title":{"rendered":"C5G"},"content":{"rendered":"\n<h2 class=\"wp-block-heading\">Ogni tua esigenza sotto controllo<\/h2>\n\n\n\n<p>Elaborazione veloce, sistema modulare per le unit\u00e0 di azionamento, I\/O e fieldbus, spazio libero ed ergonomico per le funzioni di integrazione delle applicazioni, dimensioni compatte. Ogni tua esigenza sotto controllo.<\/p>\n\n\n\n<div class=\"wp-block-getwid-images-slider has-arrows-inside has-dots-outside has-images-center has-cropped-images\"><div class=\"wp-block-getwid-images-slider__wrapper\" data-effect=\"slide\" data-slides-show=\"1\" data-slides-show-laptop=\"1\" data-slides-show-tablet=\"1\" data-slides-show-mobile=\"1\" data-slides-scroll=\"1\" data-autoplay=\"true\" data-autoplay-speed=\"6000\" data-infinite=\"true\" data-animation-speed=\"800\" data-center-mode=\"false\" data-variable-width=\"false\" data-arrows=\"inside\" data-dots=\"outside\" data-spacing=\"none\"><div class=\"wp-block-getwid-images-slider__item\"><figure><img decoding=\"async\" width=\"1179\" height=\"401\" src=\"https:\/\/www.comau.com\/wp-content\/uploads\/2021\/06\/CSG5_1.jpg\" data-id=\"922\" data-link=\"https:\/\/www.comau.com\/competencies\/robotics-automation\/controls-auxiliary-equipment\/c5g\/csg5_1\/\" data-original-link=\"https:\/\/www.comau.com\/wp-content\/uploads\/2021\/06\/CSG5_1.jpg\" class=\"wp-block-getwid-images-slider__image wp-image-9901\" srcset=\"https:\/\/www.comau.com\/wp-content\/uploads\/2021\/06\/CSG5_1.jpg 1179w, https:\/\/www.comau.com\/wp-content\/uploads\/2021\/06\/CSG5_1-300x102.jpg 300w, https:\/\/www.comau.com\/wp-content\/uploads\/2021\/06\/CSG5_1-1024x348.jpg 1024w, https:\/\/www.comau.com\/wp-content\/uploads\/2021\/06\/CSG5_1-768x261.jpg 768w\" sizes=\"(max-width: 1179px) 100vw, 1179px\" \/><\/figure><\/div><div class=\"wp-block-getwid-images-slider__item\"><figure><img decoding=\"async\" width=\"1179\" height=\"401\" src=\"https:\/\/www.comau.com\/wp-content\/uploads\/2021\/06\/CSG5_2.jpg\" data-id=\"923\" data-link=\"https:\/\/www.comau.com\/competencies\/robotics-automation\/controls-auxiliary-equipment\/c5g\/csg5_2\/\" data-original-link=\"https:\/\/www.comau.com\/wp-content\/uploads\/2021\/06\/CSG5_2.jpg\" class=\"wp-block-getwid-images-slider__image wp-image-9906\" srcset=\"https:\/\/www.comau.com\/wp-content\/uploads\/2021\/06\/CSG5_2.jpg 1179w, https:\/\/www.comau.com\/wp-content\/uploads\/2021\/06\/CSG5_2-300x102.jpg 300w, https:\/\/www.comau.com\/wp-content\/uploads\/2021\/06\/CSG5_2-1024x348.jpg 1024w, https:\/\/www.comau.com\/wp-content\/uploads\/2021\/06\/CSG5_2-768x261.jpg 768w\" sizes=\"(max-width: 1179px) 100vw, 1179px\" \/><\/figure><\/div><\/div><\/div>\n\n\n\n<h2 class=\"wp-block-heading\">Elevata potenza di elaborazione<\/h2>\n\n\n\n<p>Il CG5 utilizza PC industriali APC820 di ultima generazione con CPU Core2 Duo technology, in grado di ottenere elevate prestazioni a basso consumo energetico.<\/p>\n\n\n\n<h2 class=\"wp-block-heading\">Risparmio energetico<\/h2>\n\n\n\n<ul class=\"wp-block-list\"><li>Livello di consumo pi\u00f9 basso possibile in fase di standby e basso durante le operazioni<\/li><li>Sistema di raffreddamento proporzionale alle operazioni dell\u2019unit\u00e0 di controllo<\/li><li>Sistema di recupero di energia della rete con un programma di elevato contenuto dinamico<\/li><\/ul>\n\n\n\n<h2 class=\"wp-block-heading\">Flessibilit\u00e0 e affidabilit\u00e0<\/h2>\n\n\n\n<p>La nuova generazione di fieldbus basati sulla tecnologia Hilscher, integrata da B&amp;R nella loro unit\u00e0 di controllo della famiglia I\/O X20, garantisce un\u2019interfaccia flessibile e affidabile per ogni applicazione del cliente. Sono disponibili anche interfacce modulari come ad esempio I\/O digitali, I\/O analogici e molti tipi di encoder trasduttori di posizione, resolver, etc.<\/p>\n\n\n\n<h2 class=\"wp-block-heading\">RobotSAFE<\/h2>\n\n\n\n<p>Le unit\u00e0 di controllo dei robot con configurazione safe consentono una gestione della sicurezza  del movimento del robot (modo congiunto o cartesiano) e della velocit\u00e0 tramite sensori, con vantaggi in termini di layout ridotti e assenza di recinzioni fisiche. Forniamo la sicurezza per la tua cella automatica senza compromettere la produttivit\u00e0.<\/p>\n\n\n\n<h2 class=\"wp-block-heading\">Modularit\u00e0 \/ Espandibilit\u00e0<\/h2>\n\n\n\n<p>Sistema modulare per le unit\u00e0 fino a 13 assi nella funzione base del quadro elettrico e in base al modello di robot.<\/p>\n\n\n\n<h2 class=\"wp-block-heading\">Gestione simultanea di diversi robot<\/h2>\n\n\n\n<p>Architettura hardware progettata per gestire fino a 16 assi in configurazione &#8220;multibraccio&#8221; con application box. <\/p>\n\n\n\n<div class=\"wp-block-columns compact-rows is-layout-flex wp-container-core-columns-is-layout-9d6595d7 wp-block-columns-is-layout-flex\">\n<div class=\"wp-block-column is-layout-flow wp-block-column-is-layout-flow\">\n<h2 class=\"wp-block-heading\">Involucro e cavo<\/h2>\n\n\n\n<ul class=\"wp-block-list\"><li>Elaborazione veloce con architettura dual core<\/li><li>Sistema modulare per unit\u00e0 di azionamento e I\/O e fieldbus<\/li><li>Spazio libero ed ergonomico per l&#8217;integrazione di funzioni applicative<\/li><li>Sistema di risparmio energetico<\/li><li>Disponibile anche in versione safe<\/li><li>Disponibile anche in versione open controller<\/li><\/ul>\n<\/div>\n\n\n\n<div class=\"wp-block-column is-layout-flow wp-block-column-is-layout-flow\">\n<h2 class=\"wp-block-heading\">Dati tecnici principali<\/h2>\n\n\n\n<ul class=\"wp-block-list\"><li>Dimensioni: 800x500x1100 mm<\/li><li>Temperatura in attivit\u00e0: da 5 a 45\u00b0C (da 5 a 55\u00b0C con refrigeratore)<\/li><li>Umidit\u00e0: 90% massima, no condensazione<\/li><li>Gamma di potenza in linea estesa: da 400 a 500V<\/li><\/ul>\n<\/div>\n<\/div>\n\n\n\n<h2 class=\"wp-block-heading\">Specifiche tecniche<\/h2>\n\n\n\n<figure class=\"wp-block-table is-style-stripes\"><table class=\"has-fixed-layout\"><tbody><tr><td><strong>Altezza x larghezza x profondit\u00e0 (versione base senza optional)<\/strong><\/td><td>1110 x 800 x 510 mm<br>43.31 x 31.50 x 20.08 in<\/td><\/tr><tr><td><strong>Altezza con opzione ruota<\/strong><\/td><td>Nessuna differenza<\/td><\/tr><tr><td><strong>Altezza con l\u2019opzione di rising socket 100 mm<\/strong><\/td><td>+100 mm (+3.94 in)<\/td><\/tr><tr><td><strong>Altezza con opzione Application Box *3\u2028<\/strong><\/td><td>+540 mm (+21.26 in)<\/td><\/tr><tr><td><strong>Altezza con opzione di aria condizionata<\/strong><\/td><td>+340 mm (+13.38 in)<\/td><\/tr><tr><td><strong>Altezza con opzione autotrasformatore<\/strong><\/td><td>+200 mm (+7.87 in)<\/td><\/tr><\/tbody><\/table><figcaption>Dimensioni<\/figcaption><\/figure>\n\n\n\n<figure class=\"wp-block-table is-style-stripes\"><table class=\"has-fixed-layout\"><tbody><tr><td><strong>Unit\u00e0 di controllo (versione standard). Il peso specificato pu\u00f2 cambiare a seconda della configurazione, in particolare per la versione con Application Box e autotrasformatore. Fare sempre riferimento alla targa posta sull\u2019unit\u00e0 di controllo<\/strong><\/td><td>125 kg \/ 275 lb without packaging<\/td><\/tr><tr><td><strong>Condizionatore (opzionale)<\/strong><\/td><td>+31 kg \/ 68 lb<\/td><\/tr><tr><td><strong>Autotrasformatore (opzionale)<\/strong><\/td><td>+40 kg \/ 88 lb<\/td><\/tr><\/tbody><\/table><figcaption>Peso<\/figcaption><\/figure>\n\n\n\n<figure class=\"wp-block-table is-style-stripes\"><table class=\"has-fixed-layout\"><tbody><tr><td><strong>Tensione di alimentazione\u2028(Secondo lo standard EN 60204-1 \u00a7 4.3.3, interruzione della tensione non superiore a 20 ms)<\/strong><\/td><td>from 400 Vac -10% to 480 Vac +10%<br>(optional from a 500 Vac -10% to 575 Vac +10%)*1<\/td><\/tr><tr><td><strong>Frequenza (Secondo lo standard EN 60204-1 \u00a7 4.3.3)<\/strong><\/td><td>50 a 60 Hz (\u00b12 Hz)<\/td><\/tr><tr><td><strong>Potere di interruzione dell\u2019interruttore principale<\/strong><\/td><td>Nota: sull\u2019unit\u00e0 di controllo del modello per il Nord America il dispositivo di sezionamento \u00e8 un sezionatore puro<\/td><\/tr><tr><td><strong>Potenza installata<\/strong><\/td><td>from 4 to 12 kVA (see Tab. 3.2)<\/td><\/tr><tr><td><strong>Potenza circuiti ausiliari<\/strong><\/td><td>24 Vdc<\/td><\/tr><\/tbody><\/table><figcaption>Dati relativi all\u2019alimentazione<\/figcaption><\/figure>\n\n\n\n<figure class=\"wp-block-table is-style-stripes\"><table class=\"has-fixed-layout\"><tbody><tr><td><strong>Protezione del quadro elettrico (vano posteriore escluso) (secondo lo standard EN 60529)<\/strong><\/td><td>IP 54 \/ NEMA 12<\/td><\/tr><tr><td><strong>Protezione vano posteriore (secondo lo standard EN 60529)<\/strong><\/td><td>IP 2x<\/td><\/tr><tr><td><strong>Temperatura dell\u2019ambiente senza sistemi di raffreddamento (condizioni di test conformi allo EN 60068-2-14)<\/strong><\/td><td>from +5 \u00b0C to +45 \u00b0C *2 <br>from +41 \u00b0F a 113 \u00b0F<\/td><\/tr><tr><td><strong>Temperatura dell\u2019ambiente con sistemi di raffreddamento (condizioni di test conformi allo EN 60068-2-14)<\/strong><\/td><td>from +5 \u00b0C to +55 \u00b0C *2<br>from +41 \u00b0F a 131 \u00b0F<\/td><\/tr><tr><td><strong>Temperatura di conservazione dell\u2019ambiente (secondo lo standard EN 60204-1 \u00a7 4.5)<\/strong><\/td><td>from -25 \u00b0C a +55 \u00b0C<br>from -13 \u00b0F a 131 \u00b0F<br>+70 \u00b0C \/ 158 \u00b0F for periods shorter one hour.<\/td><\/tr><tr><td><strong>Massima gradiente di temperatura<\/strong><\/td><td>1,5 \u00b0C\/minute<br>2,7 \u00b0F\/minute<\/td><\/tr><tr><td><strong>Umidit\u00e0 relative (secondo lo standard EN 60204-1 \u00a7 4.4.4, condizioni di test HD 323.2.3. S2)<\/strong><\/td><td>from 5% to 95% without condensation<\/td><\/tr><tr><td><strong>Altitudine del luogo di installazione (secondo lo standard EN 60204-1 \u00a7 4.4.5)<\/strong><\/td><td>from 0 a 1.000 m \/ 0 to 3280 ft above mean sea level<\/td><\/tr><\/tbody><\/table><figcaption>Condizioni ambientali<\/figcaption><\/figure>\n\n\n\n<figure class=\"wp-block-table is-style-stripes\"><table class=\"has-fixed-layout\"><tbody><tr><td><strong>Totale per il sistema<\/strong><\/td><td>up to 16 axes<\/td><\/tr><tr><td><strong>Unit\u00e0 di controllo senza cabine di espansione<\/strong><\/td><td>up to 11 axes<\/td><\/tr><\/tbody><\/table><figcaption>Capacit\u00e0 di controllo degli assi<\/figcaption><\/figure>\n\n\n\n<figure class=\"wp-block-table is-style-stripes\"><table class=\"has-fixed-layout\"><tbody><tr><td><strong>Modello di cabina standard<\/strong><\/td><td>Convenzione naturale<\/td><\/tr><tr><td><strong>Cabina con opzioni di raffreddamento<\/strong><\/td><td>Condizionatore<\/td><\/tr><tr><td><strong>Comando di azionamento<\/strong><\/td><td>Ricircolo forzato dell\u2019aria<\/td><\/tr><\/tbody><\/table><figcaption>Raffreddamento<\/figcaption><\/figure>\n\n\n\n<figure class=\"wp-block-table is-style-stripes\"><table class=\"has-fixed-layout\"><tbody><tr><td><strong>Vibrazioni sinusoidali (secondo lo standard EN 60068-2-64)<\/strong><\/td><td>Frequenza 10 &#8211; 250 Hz, Accelerazione asse Z: 0,6 g rms, Accelerazione assi X-Y: 0,2 g rms<\/td><\/tr><\/tbody><\/table><figcaption>Vibrazioni e urti<\/figcaption><\/figure>\n","protected":false},"excerpt":{"rendered":"<p>Ogni tua esigenza sotto controllo Elaborazione veloce, sistema modulare per le unit\u00e0 di azionamento, I\/O e fieldbus, spazio libero ed ergonomico per le funzioni di integrazione delle applicazioni, dimensioni compatte. Ogni tua esigenza sotto controllo. Elevata potenza di elaborazione Il CG5 utilizza PC industriali APC820 di ultima generazione con CPU Core2 Duo technology, in grado [&hellip;]<\/p>\n","protected":false},"author":11,"featured_media":6027,"parent":5978,"menu_order":1,"comment_status":"closed","ping_status":"closed","template":"","meta":{"_acf_changed":false,"ep_exclude_from_search":false,"footnotes":""},"class_list":["post-22279","page","type-page","status-publish","has-post-thumbnail","hentry"],"acf":[],"yoast_head":"<!-- This site is optimized with the Yoast SEO plugin v26.9 - https:\/\/yoast.com\/product\/yoast-seo-wordpress\/ -->\n<title>Unit\u00e0 di controllo: C5G - Comau<\/title>\n<meta name=\"description\" content=\"Gestisci in maniera simultanea pi\u00f9 di un braccio robotico durante la fase produttiva, scopri la nostra Unit\u00e0 di controllo C5G con application box.\" \/>\n<meta name=\"robots\" content=\"index, follow, max-snippet:-1, max-image-preview:large, max-video-preview:-1\" \/>\n<link rel=\"canonical\" href=\"https:\/\/www.comau.com\/it\/competencies\/products-solutions\/controls-auxiliary-equipment\/c5g\/\" \/>\n<meta property=\"og:locale\" content=\"it_IT\" \/>\n<meta property=\"og:type\" content=\"article\" \/>\n<meta property=\"og:title\" content=\"Unit\u00e0 di controllo: C5G - Comau\" \/>\n<meta property=\"og:description\" content=\"Gestisci in maniera simultanea pi\u00f9 di un braccio robotico durante la fase produttiva, scopri la nostra Unit\u00e0 di controllo C5G con application box.\" \/>\n<meta property=\"og:url\" content=\"https:\/\/www.comau.com\/it\/competencies\/products-solutions\/controls-auxiliary-equipment\/c5g\/\" \/>\n<meta property=\"og:site_name\" content=\"Comau\" \/>\n<meta property=\"article:publisher\" content=\"https:\/\/www.facebook.com\/COMAU\/\" \/>\n<meta property=\"article:modified_time\" content=\"2021-08-27T14:15:58+00:00\" \/>\n<meta property=\"og:image\" content=\"https:\/\/www.comau.com\/wp-content\/uploads\/2021\/06\/controls_header.jpg\" \/>\n\t<meta property=\"og:image:width\" content=\"1280\" \/>\n\t<meta property=\"og:image:height\" content=\"485\" \/>\n\t<meta property=\"og:image:type\" content=\"image\/jpeg\" \/>\n<meta name=\"twitter:card\" content=\"summary_large_image\" \/>\n<meta name=\"twitter:site\" content=\"@comaugroup\" \/>\n<meta name=\"twitter:label1\" content=\"Tempo di lettura stimato\" \/>\n\t<meta name=\"twitter:data1\" content=\"4 minuti\" \/>\n<script type=\"application\/ld+json\" class=\"yoast-schema-graph\">{\"@context\":\"https:\/\/schema.org\",\"@graph\":[{\"@type\":\"WebPage\",\"@id\":\"https:\/\/www.comau.com\/it\/competencies\/products-solutions\/controls-auxiliary-equipment\/c5g\/\",\"url\":\"https:\/\/www.comau.com\/it\/competencies\/products-solutions\/controls-auxiliary-equipment\/c5g\/\",\"name\":\"Unit\u00e0 di controllo: C5G - Comau\",\"isPartOf\":{\"@id\":\"https:\/\/www.comau.com\/it\/#website\"},\"primaryImageOfPage\":{\"@id\":\"https:\/\/www.comau.com\/it\/competencies\/products-solutions\/controls-auxiliary-equipment\/c5g\/#primaryimage\"},\"image\":{\"@id\":\"https:\/\/www.comau.com\/it\/competencies\/products-solutions\/controls-auxiliary-equipment\/c5g\/#primaryimage\"},\"thumbnailUrl\":\"https:\/\/www.comau.com\/wp-content\/uploads\/2021\/06\/controls_header.jpg\",\"datePublished\":\"2021-06-08T16:15:25+00:00\",\"dateModified\":\"2021-08-27T14:15:58+00:00\",\"description\":\"Gestisci in maniera simultanea pi\u00f9 di un braccio robotico durante la fase produttiva, scopri la nostra Unit\u00e0 di controllo C5G con application box.\",\"breadcrumb\":{\"@id\":\"https:\/\/www.comau.com\/it\/competencies\/products-solutions\/controls-auxiliary-equipment\/c5g\/#breadcrumb\"},\"inLanguage\":\"it-IT\",\"potentialAction\":[{\"@type\":\"ReadAction\",\"target\":[\"https:\/\/www.comau.com\/it\/competencies\/products-solutions\/controls-auxiliary-equipment\/c5g\/\"]}]},{\"@type\":\"ImageObject\",\"inLanguage\":\"it-IT\",\"@id\":\"https:\/\/www.comau.com\/it\/competencies\/products-solutions\/controls-auxiliary-equipment\/c5g\/#primaryimage\",\"url\":\"https:\/\/www.comau.com\/wp-content\/uploads\/2021\/06\/controls_header.jpg\",\"contentUrl\":\"https:\/\/www.comau.com\/wp-content\/uploads\/2021\/06\/controls_header.jpg\",\"width\":1280,\"height\":485},{\"@type\":\"BreadcrumbList\",\"@id\":\"https:\/\/www.comau.com\/it\/competencies\/products-solutions\/controls-auxiliary-equipment\/c5g\/#breadcrumb\",\"itemListElement\":[{\"@type\":\"ListItem\",\"position\":1,\"name\":\"Home\",\"item\":\"https:\/\/www.comau.com\/it\/\"},{\"@type\":\"ListItem\",\"position\":2,\"name\":\"Le Nostre Competenze\",\"item\":\"https:\/\/www.comau.com\/it\/competencies\/\"},{\"@type\":\"ListItem\",\"position\":3,\"name\":\"Robotics &amp; Automation\",\"item\":\"https:\/\/www.comau.com\/it\/competencies\/robotics-automation\/\"},{\"@type\":\"ListItem\",\"position\":4,\"name\":\"Unit\u00e0 di controllo e Attrezzature ausiliari\",\"item\":\"https:\/\/www.comau.com\/it\/competencies\/robotics-automation\/controls-auxiliary-equipment\/\"},{\"@type\":\"ListItem\",\"position\":5,\"name\":\"C5G\"}]},{\"@type\":\"WebSite\",\"@id\":\"https:\/\/www.comau.com\/it\/#website\",\"url\":\"https:\/\/www.comau.com\/it\/\",\"name\":\"Comau\",\"description\":\"Industrial automation and robotics\",\"publisher\":{\"@id\":\"https:\/\/www.comau.com\/it\/#organization\"},\"potentialAction\":[{\"@type\":\"SearchAction\",\"target\":{\"@type\":\"EntryPoint\",\"urlTemplate\":\"https:\/\/www.comau.com\/it\/?s={search_term_string}\"},\"query-input\":{\"@type\":\"PropertyValueSpecification\",\"valueRequired\":true,\"valueName\":\"search_term_string\"}}],\"inLanguage\":\"it-IT\"},{\"@type\":\"Organization\",\"@id\":\"https:\/\/www.comau.com\/it\/#organization\",\"name\":\"Comau\",\"url\":\"https:\/\/www.comau.com\/it\/\",\"logo\":{\"@type\":\"ImageObject\",\"inLanguage\":\"it-IT\",\"@id\":\"https:\/\/www.comau.com\/it\/#\/schema\/logo\/image\/\",\"url\":\"https:\/\/www.comau.com\/wp-content\/uploads\/2024\/07\/cropped-Logo-COMAU.png\",\"contentUrl\":\"https:\/\/www.comau.com\/wp-content\/uploads\/2024\/07\/cropped-Logo-COMAU.png\",\"width\":434,\"height\":434,\"caption\":\"Comau\"},\"image\":{\"@id\":\"https:\/\/www.comau.com\/it\/#\/schema\/logo\/image\/\"},\"sameAs\":[\"https:\/\/www.facebook.com\/COMAU\/\",\"https:\/\/x.com\/comaugroup\",\"https:\/\/www.instagram.com\/comaugroup\/\",\"https:\/\/www.linkedin.com\/company\/comau\",\"https:\/\/www.youtube.com\/user\/comau\"]}]}<\/script>\n<!-- \/ Yoast SEO plugin. -->","yoast_head_json":{"title":"Unit\u00e0 di controllo: C5G - Comau","description":"Gestisci in maniera simultanea pi\u00f9 di un braccio robotico durante la fase produttiva, scopri la nostra Unit\u00e0 di controllo C5G con application box.","robots":{"index":"index","follow":"follow","max-snippet":"max-snippet:-1","max-image-preview":"max-image-preview:large","max-video-preview":"max-video-preview:-1"},"canonical":"https:\/\/www.comau.com\/it\/competencies\/products-solutions\/controls-auxiliary-equipment\/c5g\/","og_locale":"it_IT","og_type":"article","og_title":"Unit\u00e0 di controllo: C5G - Comau","og_description":"Gestisci in maniera simultanea pi\u00f9 di un braccio robotico durante la fase produttiva, scopri la nostra Unit\u00e0 di controllo C5G con application box.","og_url":"https:\/\/www.comau.com\/it\/competencies\/products-solutions\/controls-auxiliary-equipment\/c5g\/","og_site_name":"Comau","article_publisher":"https:\/\/www.facebook.com\/COMAU\/","article_modified_time":"2021-08-27T14:15:58+00:00","og_image":[{"width":1280,"height":485,"url":"https:\/\/www.comau.com\/wp-content\/uploads\/2021\/06\/controls_header.jpg","type":"image\/jpeg"}],"twitter_card":"summary_large_image","twitter_site":"@comaugroup","twitter_misc":{"Tempo di lettura stimato":"4 minuti"},"schema":{"@context":"https:\/\/schema.org","@graph":[{"@type":"WebPage","@id":"https:\/\/www.comau.com\/it\/competencies\/products-solutions\/controls-auxiliary-equipment\/c5g\/","url":"https:\/\/www.comau.com\/it\/competencies\/products-solutions\/controls-auxiliary-equipment\/c5g\/","name":"Unit\u00e0 di controllo: C5G - Comau","isPartOf":{"@id":"https:\/\/www.comau.com\/it\/#website"},"primaryImageOfPage":{"@id":"https:\/\/www.comau.com\/it\/competencies\/products-solutions\/controls-auxiliary-equipment\/c5g\/#primaryimage"},"image":{"@id":"https:\/\/www.comau.com\/it\/competencies\/products-solutions\/controls-auxiliary-equipment\/c5g\/#primaryimage"},"thumbnailUrl":"https:\/\/www.comau.com\/wp-content\/uploads\/2021\/06\/controls_header.jpg","datePublished":"2021-06-08T16:15:25+00:00","dateModified":"2021-08-27T14:15:58+00:00","description":"Gestisci in maniera simultanea pi\u00f9 di un braccio robotico durante la fase produttiva, scopri la nostra Unit\u00e0 di controllo C5G con application box.","breadcrumb":{"@id":"https:\/\/www.comau.com\/it\/competencies\/products-solutions\/controls-auxiliary-equipment\/c5g\/#breadcrumb"},"inLanguage":"it-IT","potentialAction":[{"@type":"ReadAction","target":["https:\/\/www.comau.com\/it\/competencies\/products-solutions\/controls-auxiliary-equipment\/c5g\/"]}]},{"@type":"ImageObject","inLanguage":"it-IT","@id":"https:\/\/www.comau.com\/it\/competencies\/products-solutions\/controls-auxiliary-equipment\/c5g\/#primaryimage","url":"https:\/\/www.comau.com\/wp-content\/uploads\/2021\/06\/controls_header.jpg","contentUrl":"https:\/\/www.comau.com\/wp-content\/uploads\/2021\/06\/controls_header.jpg","width":1280,"height":485},{"@type":"BreadcrumbList","@id":"https:\/\/www.comau.com\/it\/competencies\/products-solutions\/controls-auxiliary-equipment\/c5g\/#breadcrumb","itemListElement":[{"@type":"ListItem","position":1,"name":"Home","item":"https:\/\/www.comau.com\/it\/"},{"@type":"ListItem","position":2,"name":"Le Nostre Competenze","item":"https:\/\/www.comau.com\/it\/competencies\/"},{"@type":"ListItem","position":3,"name":"Robotics &amp; Automation","item":"https:\/\/www.comau.com\/it\/competencies\/robotics-automation\/"},{"@type":"ListItem","position":4,"name":"Unit\u00e0 di controllo e Attrezzature ausiliari","item":"https:\/\/www.comau.com\/it\/competencies\/robotics-automation\/controls-auxiliary-equipment\/"},{"@type":"ListItem","position":5,"name":"C5G"}]},{"@type":"WebSite","@id":"https:\/\/www.comau.com\/it\/#website","url":"https:\/\/www.comau.com\/it\/","name":"Comau","description":"Industrial automation and robotics","publisher":{"@id":"https:\/\/www.comau.com\/it\/#organization"},"potentialAction":[{"@type":"SearchAction","target":{"@type":"EntryPoint","urlTemplate":"https:\/\/www.comau.com\/it\/?s={search_term_string}"},"query-input":{"@type":"PropertyValueSpecification","valueRequired":true,"valueName":"search_term_string"}}],"inLanguage":"it-IT"},{"@type":"Organization","@id":"https:\/\/www.comau.com\/it\/#organization","name":"Comau","url":"https:\/\/www.comau.com\/it\/","logo":{"@type":"ImageObject","inLanguage":"it-IT","@id":"https:\/\/www.comau.com\/it\/#\/schema\/logo\/image\/","url":"https:\/\/www.comau.com\/wp-content\/uploads\/2024\/07\/cropped-Logo-COMAU.png","contentUrl":"https:\/\/www.comau.com\/wp-content\/uploads\/2024\/07\/cropped-Logo-COMAU.png","width":434,"height":434,"caption":"Comau"},"image":{"@id":"https:\/\/www.comau.com\/it\/#\/schema\/logo\/image\/"},"sameAs":["https:\/\/www.facebook.com\/COMAU\/","https:\/\/x.com\/comaugroup","https:\/\/www.instagram.com\/comaugroup\/","https:\/\/www.linkedin.com\/company\/comau","https:\/\/www.youtube.com\/user\/comau"]}]}},"_links":{"self":[{"href":"https:\/\/www.comau.com\/it\/wp-json\/wp\/v2\/pages\/22279","targetHints":{"allow":["GET"]}}],"collection":[{"href":"https:\/\/www.comau.com\/it\/wp-json\/wp\/v2\/pages"}],"about":[{"href":"https:\/\/www.comau.com\/it\/wp-json\/wp\/v2\/types\/page"}],"author":[{"embeddable":true,"href":"https:\/\/www.comau.com\/it\/wp-json\/wp\/v2\/users\/11"}],"replies":[{"embeddable":true,"href":"https:\/\/www.comau.com\/it\/wp-json\/wp\/v2\/comments?post=22279"}],"version-history":[{"count":76,"href":"https:\/\/www.comau.com\/it\/wp-json\/wp\/v2\/pages\/22279\/revisions"}],"predecessor-version":[{"id":38549,"href":"https:\/\/www.comau.com\/it\/wp-json\/wp\/v2\/pages\/22279\/revisions\/38549"}],"up":[{"embeddable":true,"href":"https:\/\/www.comau.com\/it\/wp-json\/wp\/v2\/pages\/5978"}],"wp:featuredmedia":[{"embeddable":true,"href":"https:\/\/www.comau.com\/it\/wp-json\/wp\/v2\/media\/6027"}],"wp:attachment":[{"href":"https:\/\/www.comau.com\/it\/wp-json\/wp\/v2\/media?parent=22279"}],"curies":[{"name":"wp","href":"https:\/\/api.w.org\/{rel}","templated":true}]}}