{"id":13545,"date":"2021-06-01T00:02:23","date_gmt":"2021-05-31T22:02:23","guid":{"rendered":"https:\/\/www.comau.com\/?page_id=13545"},"modified":"2024-07-10T18:06:05","modified_gmt":"2024-07-10T16:06:05","slug":"our-vision-humanufacturing","status":"publish","type":"page","link":"https:\/\/www.comau.com\/it\/about-us\/our-vision-humanufacturing\/","title":{"rendered":"Vision: HUMANufacturing"},"content":{"rendered":"\n<p>L\u2019innovazione \u00e8 un tema ricorrente che accompagna quasi ogni attivit\u00e0 in Comau \u2013 dai prodotti ai sistemi e dal training ai rapporti con i clienti \u2013 e si estende per introdurre a una nuova era dell\u2019automazione che sia aperta e connessa nonch\u00e9 facile da capire e usare. <\/p>\n\n\n\n<p>Con l\u2019ausilio di una combinazione vincente di know-how tecnologico avanzato e di esperienza a lungo termine, l\u2019innovazione in Comau d\u00e0 impulso allo sviluppo di nuovi prodotti, di tecnologie avanzate e a un potente concetto della fabbrica che ottimizza l\u2019automazione orientata all\u2019uomo e alla macchina. Lo abbiamo denominato HUMANufacturing. <\/p>\n\n\n\n<figure class=\"wp-block-embed is-type-video is-provider-youtube wp-block-embed-youtube wp-embed-aspect-16-9 wp-has-aspect-ratio\"><div class=\"wp-block-embed__wrapper\">\n<iframe title=\"Video Comau Humanufacturing\" width=\"640\" height=\"360\" src=\"https:\/\/www.youtube.com\/embed\/Cdxo-YCzvbA?feature=oembed\" frameborder=\"0\" allow=\"accelerometer; autoplay; clipboard-write; encrypted-media; gyroscope; picture-in-picture; web-share\" referrerpolicy=\"strict-origin-when-cross-origin\" allowfullscreen><\/iframe>\n<\/div><\/figure>\n\n\n\n<h2 class=\"wp-block-heading\">Un nuovo modo di produrre<\/h2>\n\n\n\n<p>HUMANufacturing definisce il nostro approccio per far fronte alle sfide e rispondere alle esigenze di un mercato in continua evoluzione. <\/p>\n\n\n<div class=\"wp-block-image\">\n<figure class=\"aligncenter size-large\"><img decoding=\"async\" width=\"790\" height=\"300\" src=\"https:\/\/www.comau.com\/wp-content\/uploads\/2021\/06\/1.jpg\" alt=\"\" class=\"wp-image-13564\" srcset=\"https:\/\/www.comau.com\/wp-content\/uploads\/2021\/06\/1.jpg 790w, https:\/\/www.comau.com\/wp-content\/uploads\/2021\/06\/1-300x114.jpg 300w, https:\/\/www.comau.com\/wp-content\/uploads\/2021\/06\/1-768x292.jpg 768w\" sizes=\"(max-width: 790px) 100vw, 790px\" \/><\/figure>\n<\/div>\n\n\n<p>Combinando soluzioni abilitate per Industry 4.0 con tecniche di trasferimento dei dati in tempo reale, la tecnologia della realt\u00e0 virtuale e innovativi dispositivi indossabili, stiamo aiutando le aziende a utilizzare il potenziale dell\u2019automazione dimensionata appropriatamente per snellire i loro processi, assicurare una qualit\u00e0 superiore e migliorare la flessibilit\u00e0 del loro potenziale di produzione. <\/p>\n\n\n\n<p>\u00c8 un esempio concreto di come Comau stia sfruttando oltre quattro decenni di esperienza nell\u2019automazione per progettare infrastrutture della fabbrica intelligenti che sii ispirino all\u2019innovazione e si appoggino alle conoscenze, alla cultura e alla visione. E soprattutto, HUMANufacturing colloca l\u2019uomo al centro di un ambiente di produzione collaborativo, sicuro e sinergico.<\/p>\n\n\n\n<h2 class=\"wp-block-heading\">I pilastri della nostra innovazione<\/h2>\n\n\n\n<p>Innovazione aperta e co-creazione rappresentano una parte forte del nostro approccio HUMANufacturing. L\u2019innovazione aperta ci consente di mettere a frutto le idee e l\u2019energia di persone esterne alla nostra azienda per generare innovazioni dirompenti in relazione a prodotti e soluzioni. Il nostro modello di innovazione aperta \u00e8 focalizzato sui seguenti punti:<\/p>\n\n\n\n<h3 class=\"wp-block-heading\">Soluzioni di facile uso<\/h3>\n\n\n\n<p>Architetture di produzione sempre pi\u00f9 sensibili alle richieste dinamiche del mercato, molte delle quali richiedono modifiche radicali in termini di topologie di produzione. \u201cDi facile uso\u201d \u00e8 un aspetto cruciale di qualsiasi prodotto o soluzione realizzati da Comau. Questo \u00e8 stato il fattore trainante dell\u2019interfaccia uomo-macchina sviluppata da Comau. \u00c8 anche ci\u00f2 che spinge i nostri ingegneri di controllo a progettare soluzioni intuitive \u2013 facili da capire e da apprendere \u2013 che mantengono semplice l\u2019automazione nascondendo le tecnologie e caratteristiche innovative che potrebbero essere troppo complesse per l\u2019utente finale.<\/p>\n\n\n\n<h3 class=\"wp-block-heading\">Soluzioni di produzione a valore aggiunto che si appoggiano a tecnologie avanzate<\/h3>\n\n\n\n<p>Dando priorit\u00e0 all\u2019innovazione sostieniamo lo sviluppo, il perfezionamento e l\u2019attuazione di un set completo di tecnologie di produzione abilitanti e di processi innovativi che facilitano la flessibilit\u00e0, l\u2019uso di materiali avanzati, il conseguimento di prestazioni elevate in termini di qualit\u00e0 e produttivit\u00e0 (precisione e azzeramento dei difetti), efficienza nell\u2019uso dell\u2019energia e dei materiali, e una riduzione drastica delle emissioni.<\/p>\n\n\n\n<h3 class=\"wp-block-heading\">\nCollaborazione tra uomo e robot<\/h3>\n\n\n\n<p>Il focus delle attivit\u00e0 di innovazione alla base di questa priorit\u00e0 \u00e8 sui rapporti simbiotici tra uomo e macchina, che cercano una comprensione pi\u00f9 profonda del comportamento umano e vanno oltre gli approcci convenzionali.<\/p>\n","protected":false},"excerpt":{"rendered":"<p>L\u2019innovazione \u00e8 un tema ricorrente che accompagna quasi ogni attivit\u00e0 in Comau \u2013 dai prodotti ai sistemi e dal training ai rapporti con i clienti \u2013 e si estende per introdurre a una nuova era dell\u2019automazione che sia aperta e connessa nonch\u00e9 facile da capire e usare. Con l\u2019ausilio di una combinazione vincente di know-how [&hellip;]<\/p>\n","protected":false},"author":11,"featured_media":3709,"parent":3681,"menu_order":2,"comment_status":"closed","ping_status":"closed","template":"","meta":{"_acf_changed":false,"ep_exclude_from_search":false,"footnotes":""},"class_list":["post-13545","page","type-page","status-publish","has-post-thumbnail","hentry"],"acf":[],"yoast_head":"<!-- This site is optimized with the Yoast SEO plugin v26.9 - https:\/\/yoast.com\/product\/yoast-seo-wordpress\/ -->\n<title>The art of HUMANufacturing: comunicazione innovativa - Comau<\/title>\n<meta name=\"description\" content=\"The Art of HUMANufacturing\u201d, un progetto di comunicazione pensato per raccontare in modo non convenzionale e attraverso l\u2019arte visiva l&#039;industria 4.0.\" \/>\n<meta name=\"robots\" content=\"index, follow, max-snippet:-1, max-image-preview:large, max-video-preview:-1\" \/>\n<link rel=\"canonical\" href=\"https:\/\/www.comau.com\/it\/about-us\/our-vision-humanufacturing\/\" \/>\n<meta property=\"og:locale\" content=\"it_IT\" \/>\n<meta property=\"og:type\" content=\"article\" \/>\n<meta property=\"og:title\" content=\"The art of HUMANufacturing: comunicazione innovativa - Comau\" \/>\n<meta property=\"og:description\" content=\"The Art of HUMANufacturing\u201d, un progetto di comunicazione pensato per raccontare in modo non convenzionale e attraverso l\u2019arte visiva l&#039;industria 4.0.\" \/>\n<meta property=\"og:url\" content=\"https:\/\/www.comau.com\/it\/about-us\/our-vision-humanufacturing\/\" \/>\n<meta property=\"og:site_name\" content=\"Comau\" \/>\n<meta property=\"article:publisher\" content=\"https:\/\/www.facebook.com\/COMAU\/\" \/>\n<meta property=\"article:modified_time\" content=\"2024-07-10T16:06:05+00:00\" \/>\n<meta property=\"og:image\" content=\"https:\/\/www.comau.com\/wp-content\/uploads\/2021\/06\/Comau_Humanufaturing_HannoverMesse_header.jpg\" \/>\n\t<meta property=\"og:image:width\" content=\"1280\" \/>\n\t<meta property=\"og:image:height\" content=\"485\" \/>\n\t<meta property=\"og:image:type\" content=\"image\/jpeg\" \/>\n<meta name=\"twitter:card\" content=\"summary_large_image\" \/>\n<meta name=\"twitter:site\" content=\"@comaugroup\" \/>\n<meta name=\"twitter:label1\" content=\"Tempo di lettura stimato\" \/>\n\t<meta name=\"twitter:data1\" content=\"3 minuti\" \/>\n<script type=\"application\/ld+json\" class=\"yoast-schema-graph\">{\"@context\":\"https:\/\/schema.org\",\"@graph\":[{\"@type\":\"WebPage\",\"@id\":\"https:\/\/www.comau.com\/it\/about-us\/our-vision-humanufacturing\/\",\"url\":\"https:\/\/www.comau.com\/it\/about-us\/our-vision-humanufacturing\/\",\"name\":\"The art of HUMANufacturing: comunicazione innovativa - Comau\",\"isPartOf\":{\"@id\":\"https:\/\/www.comau.com\/it\/#website\"},\"primaryImageOfPage\":{\"@id\":\"https:\/\/www.comau.com\/it\/about-us\/our-vision-humanufacturing\/#primaryimage\"},\"image\":{\"@id\":\"https:\/\/www.comau.com\/it\/about-us\/our-vision-humanufacturing\/#primaryimage\"},\"thumbnailUrl\":\"https:\/\/www.comau.com\/wp-content\/uploads\/2021\/06\/Comau_Humanufaturing_HannoverMesse_header.jpg\",\"datePublished\":\"2021-05-31T22:02:23+00:00\",\"dateModified\":\"2024-07-10T16:06:05+00:00\",\"description\":\"The Art of HUMANufacturing\u201d, un progetto di comunicazione pensato per raccontare in modo non convenzionale e attraverso l\u2019arte visiva l'industria 4.0.\",\"breadcrumb\":{\"@id\":\"https:\/\/www.comau.com\/it\/about-us\/our-vision-humanufacturing\/#breadcrumb\"},\"inLanguage\":\"it-IT\",\"potentialAction\":[{\"@type\":\"ReadAction\",\"target\":[\"https:\/\/www.comau.com\/it\/about-us\/our-vision-humanufacturing\/\"]}]},{\"@type\":\"ImageObject\",\"inLanguage\":\"it-IT\",\"@id\":\"https:\/\/www.comau.com\/it\/about-us\/our-vision-humanufacturing\/#primaryimage\",\"url\":\"https:\/\/www.comau.com\/wp-content\/uploads\/2021\/06\/Comau_Humanufaturing_HannoverMesse_header.jpg\",\"contentUrl\":\"https:\/\/www.comau.com\/wp-content\/uploads\/2021\/06\/Comau_Humanufaturing_HannoverMesse_header.jpg\",\"width\":1280,\"height\":485},{\"@type\":\"BreadcrumbList\",\"@id\":\"https:\/\/www.comau.com\/it\/about-us\/our-vision-humanufacturing\/#breadcrumb\",\"itemListElement\":[{\"@type\":\"ListItem\",\"position\":1,\"name\":\"Home\",\"item\":\"https:\/\/www.comau.com\/it\/\"},{\"@type\":\"ListItem\",\"position\":2,\"name\":\"Questa \u00e8 Comau\",\"item\":\"https:\/\/www.comau.com\/it\/about-us\/\"},{\"@type\":\"ListItem\",\"position\":3,\"name\":\"Vision: HUMANufacturing\"}]},{\"@type\":\"WebSite\",\"@id\":\"https:\/\/www.comau.com\/it\/#website\",\"url\":\"https:\/\/www.comau.com\/it\/\",\"name\":\"Comau\",\"description\":\"Industrial automation and robotics\",\"publisher\":{\"@id\":\"https:\/\/www.comau.com\/it\/#organization\"},\"potentialAction\":[{\"@type\":\"SearchAction\",\"target\":{\"@type\":\"EntryPoint\",\"urlTemplate\":\"https:\/\/www.comau.com\/it\/?s={search_term_string}\"},\"query-input\":{\"@type\":\"PropertyValueSpecification\",\"valueRequired\":true,\"valueName\":\"search_term_string\"}}],\"inLanguage\":\"it-IT\"},{\"@type\":\"Organization\",\"@id\":\"https:\/\/www.comau.com\/it\/#organization\",\"name\":\"Comau\",\"url\":\"https:\/\/www.comau.com\/it\/\",\"logo\":{\"@type\":\"ImageObject\",\"inLanguage\":\"it-IT\",\"@id\":\"https:\/\/www.comau.com\/it\/#\/schema\/logo\/image\/\",\"url\":\"https:\/\/www.comau.com\/wp-content\/uploads\/2024\/07\/cropped-Logo-COMAU.png\",\"contentUrl\":\"https:\/\/www.comau.com\/wp-content\/uploads\/2024\/07\/cropped-Logo-COMAU.png\",\"width\":434,\"height\":434,\"caption\":\"Comau\"},\"image\":{\"@id\":\"https:\/\/www.comau.com\/it\/#\/schema\/logo\/image\/\"},\"sameAs\":[\"https:\/\/www.facebook.com\/COMAU\/\",\"https:\/\/x.com\/comaugroup\",\"https:\/\/www.instagram.com\/comaugroup\/\",\"https:\/\/www.linkedin.com\/company\/comau\",\"https:\/\/www.youtube.com\/user\/comau\"]}]}<\/script>\n<!-- \/ Yoast SEO plugin. -->","yoast_head_json":{"title":"The art of HUMANufacturing: comunicazione innovativa - Comau","description":"The Art of HUMANufacturing\u201d, un progetto di comunicazione pensato per raccontare in modo non convenzionale e attraverso l\u2019arte visiva l'industria 4.0.","robots":{"index":"index","follow":"follow","max-snippet":"max-snippet:-1","max-image-preview":"max-image-preview:large","max-video-preview":"max-video-preview:-1"},"canonical":"https:\/\/www.comau.com\/it\/about-us\/our-vision-humanufacturing\/","og_locale":"it_IT","og_type":"article","og_title":"The art of HUMANufacturing: comunicazione innovativa - Comau","og_description":"The Art of HUMANufacturing\u201d, un progetto di comunicazione pensato per raccontare in modo non convenzionale e attraverso l\u2019arte visiva l'industria 4.0.","og_url":"https:\/\/www.comau.com\/it\/about-us\/our-vision-humanufacturing\/","og_site_name":"Comau","article_publisher":"https:\/\/www.facebook.com\/COMAU\/","article_modified_time":"2024-07-10T16:06:05+00:00","og_image":[{"width":1280,"height":485,"url":"https:\/\/www.comau.com\/wp-content\/uploads\/2021\/06\/Comau_Humanufaturing_HannoverMesse_header.jpg","type":"image\/jpeg"}],"twitter_card":"summary_large_image","twitter_site":"@comaugroup","twitter_misc":{"Tempo di lettura stimato":"3 minuti"},"schema":{"@context":"https:\/\/schema.org","@graph":[{"@type":"WebPage","@id":"https:\/\/www.comau.com\/it\/about-us\/our-vision-humanufacturing\/","url":"https:\/\/www.comau.com\/it\/about-us\/our-vision-humanufacturing\/","name":"The art of HUMANufacturing: comunicazione innovativa - Comau","isPartOf":{"@id":"https:\/\/www.comau.com\/it\/#website"},"primaryImageOfPage":{"@id":"https:\/\/www.comau.com\/it\/about-us\/our-vision-humanufacturing\/#primaryimage"},"image":{"@id":"https:\/\/www.comau.com\/it\/about-us\/our-vision-humanufacturing\/#primaryimage"},"thumbnailUrl":"https:\/\/www.comau.com\/wp-content\/uploads\/2021\/06\/Comau_Humanufaturing_HannoverMesse_header.jpg","datePublished":"2021-05-31T22:02:23+00:00","dateModified":"2024-07-10T16:06:05+00:00","description":"The Art of HUMANufacturing\u201d, un progetto di comunicazione pensato per raccontare in modo non convenzionale e attraverso l\u2019arte visiva l'industria 4.0.","breadcrumb":{"@id":"https:\/\/www.comau.com\/it\/about-us\/our-vision-humanufacturing\/#breadcrumb"},"inLanguage":"it-IT","potentialAction":[{"@type":"ReadAction","target":["https:\/\/www.comau.com\/it\/about-us\/our-vision-humanufacturing\/"]}]},{"@type":"ImageObject","inLanguage":"it-IT","@id":"https:\/\/www.comau.com\/it\/about-us\/our-vision-humanufacturing\/#primaryimage","url":"https:\/\/www.comau.com\/wp-content\/uploads\/2021\/06\/Comau_Humanufaturing_HannoverMesse_header.jpg","contentUrl":"https:\/\/www.comau.com\/wp-content\/uploads\/2021\/06\/Comau_Humanufaturing_HannoverMesse_header.jpg","width":1280,"height":485},{"@type":"BreadcrumbList","@id":"https:\/\/www.comau.com\/it\/about-us\/our-vision-humanufacturing\/#breadcrumb","itemListElement":[{"@type":"ListItem","position":1,"name":"Home","item":"https:\/\/www.comau.com\/it\/"},{"@type":"ListItem","position":2,"name":"Questa \u00e8 Comau","item":"https:\/\/www.comau.com\/it\/about-us\/"},{"@type":"ListItem","position":3,"name":"Vision: HUMANufacturing"}]},{"@type":"WebSite","@id":"https:\/\/www.comau.com\/it\/#website","url":"https:\/\/www.comau.com\/it\/","name":"Comau","description":"Industrial automation and robotics","publisher":{"@id":"https:\/\/www.comau.com\/it\/#organization"},"potentialAction":[{"@type":"SearchAction","target":{"@type":"EntryPoint","urlTemplate":"https:\/\/www.comau.com\/it\/?s={search_term_string}"},"query-input":{"@type":"PropertyValueSpecification","valueRequired":true,"valueName":"search_term_string"}}],"inLanguage":"it-IT"},{"@type":"Organization","@id":"https:\/\/www.comau.com\/it\/#organization","name":"Comau","url":"https:\/\/www.comau.com\/it\/","logo":{"@type":"ImageObject","inLanguage":"it-IT","@id":"https:\/\/www.comau.com\/it\/#\/schema\/logo\/image\/","url":"https:\/\/www.comau.com\/wp-content\/uploads\/2024\/07\/cropped-Logo-COMAU.png","contentUrl":"https:\/\/www.comau.com\/wp-content\/uploads\/2024\/07\/cropped-Logo-COMAU.png","width":434,"height":434,"caption":"Comau"},"image":{"@id":"https:\/\/www.comau.com\/it\/#\/schema\/logo\/image\/"},"sameAs":["https:\/\/www.facebook.com\/COMAU\/","https:\/\/x.com\/comaugroup","https:\/\/www.instagram.com\/comaugroup\/","https:\/\/www.linkedin.com\/company\/comau","https:\/\/www.youtube.com\/user\/comau"]}]}},"_links":{"self":[{"href":"https:\/\/www.comau.com\/it\/wp-json\/wp\/v2\/pages\/13545","targetHints":{"allow":["GET"]}}],"collection":[{"href":"https:\/\/www.comau.com\/it\/wp-json\/wp\/v2\/pages"}],"about":[{"href":"https:\/\/www.comau.com\/it\/wp-json\/wp\/v2\/types\/page"}],"author":[{"embeddable":true,"href":"https:\/\/www.comau.com\/it\/wp-json\/wp\/v2\/users\/11"}],"replies":[{"embeddable":true,"href":"https:\/\/www.comau.com\/it\/wp-json\/wp\/v2\/comments?post=13545"}],"version-history":[{"count":48,"href":"https:\/\/www.comau.com\/it\/wp-json\/wp\/v2\/pages\/13545\/revisions"}],"predecessor-version":[{"id":65029,"href":"https:\/\/www.comau.com\/it\/wp-json\/wp\/v2\/pages\/13545\/revisions\/65029"}],"up":[{"embeddable":true,"href":"https:\/\/www.comau.com\/it\/wp-json\/wp\/v2\/pages\/3681"}],"wp:featuredmedia":[{"embeddable":true,"href":"https:\/\/www.comau.com\/it\/wp-json\/wp\/v2\/media\/3709"}],"wp:attachment":[{"href":"https:\/\/www.comau.com\/it\/wp-json\/wp\/v2\/media?parent=13545"}],"curies":[{"name":"wp","href":"https:\/\/api.w.org\/{rel}","templated":true}]}}