{"id":6496,"date":"2021-05-31T02:13:25","date_gmt":"2021-05-31T00:13:25","guid":{"rendered":"https:\/\/www.comau.com\/company-info\/"},"modified":"2025-01-14T16:50:27","modified_gmt":"2025-01-14T15:50:27","slug":"company-info","status":"publish","type":"page","link":"https:\/\/www.comau.com\/fr\/company-info\/","title":{"rendered":"Company Info"},"content":{"rendered":"\n<h2 class=\"wp-block-heading has-large-font-size\">Comau est un leader mondial dans la fourniture de solutions d\u2019automatisation avanc\u00e9es et durables.<\/h2>\n\n\n\n<p>Avec 50 ans d\u2019exp\u00e9rience et une pr\u00e9sence mondiale, Comau aide les entreprises de toutes tailles dans presque tous les secteurs \u00e0 tirer parti des avantages de l\u2019automatisation. <\/p>\n\n\n\n<p>Soutenu par un engagement continu dans la conception et le d\u00e9veloppement de technologies innovantes et faciles \u00e0 utiliser, son portefeuille comprend des produits et des syst\u00e8mes pour la fabrication de v\u00e9hicules, avec une forte pr\u00e9sence dans l\u2019e-mobilit\u00e9, ainsi que des solutions robotiques et num\u00e9riques avanc\u00e9es pour r\u00e9pondre \u00e0 la croissance rapide des march\u00e9s dans les secteurs industriels. L\u2019offre de l\u2019entreprise s\u2019\u00e9tend \u00e9galement \u00e0 la gestion de projets et au conseil. <\/p>\n\n\n\n<p>Gr\u00e2ce aux activit\u00e9s de formation organis\u00e9es par son Acad\u00e9mie, Comau s\u2019engage \u00e0 faire progresser les connaissances techniques et manag\u00e9riales n\u00e9cessaires pour relever les d\u00e9fis li\u00e9s \u00e0 l\u2019automatisation et tirer parti des opportunit\u00e9s d\u2019un march\u00e9 en constante \u00e9volution. <\/p>\n\n\n\n<p>Bas\u00e9 \u00e0 Turin, en Italie, Comau dispose d\u2019un r\u00e9seau international de 7 centres d\u2019innovation et de 12 usines de fabrication r\u00e9partis dans 12 pays et employant 3 700 personnes. Avec son vaste r\u00e9seau de distributeurs et de partenaires, l\u2019entreprise est en mesure de r\u00e9pondre rapidement aux besoins de ses clients, o\u00f9 qu\u2019ils se trouvent dans le monde. www.comau.com<\/p>\n\n\n\n<div style=\"height:100px\" aria-hidden=\"true\" class=\"wp-block-spacer\"><\/div>\n\n\n\n<h2 class=\"wp-block-heading\">Comau S.p.A.<\/h2>\n\n\n\n<p>Registered Office: Via Rivalta, 30, 10095 Grugliasco (TO) \u2013 Italy<br>Fully Paid Share Capital: Euro 48,013,959<br>Registered in the REA Torino 474119<br>Registered in the Register of Torino Companies, Tax Code and VAT n. 00952120012<br>EEC IT00952120012<\/p>\n","protected":false},"excerpt":{"rendered":"<p>Comau est un leader mondial dans la fourniture de solutions d\u2019automatisation avanc\u00e9es et durables. Avec 50 ans d\u2019exp\u00e9rience et une pr\u00e9sence mondiale, Comau aide les entreprises de toutes tailles dans presque tous les secteurs \u00e0 tirer parti des avantages de l\u2019automatisation. Soutenu par un engagement continu dans la conception et le d\u00e9veloppement de technologies innovantes [&hellip;]<\/p>\n","protected":false},"author":11,"featured_media":0,"parent":0,"menu_order":13,"comment_status":"closed","ping_status":"closed","template":"","meta":{"_acf_changed":false,"ep_exclude_from_search":false,"footnotes":""},"class_list":["post-6496","page","type-page","status-publish","hentry"],"acf":[],"yoast_head":"<!-- This site is optimized with the Yoast SEO plugin v26.9 - https:\/\/yoast.com\/product\/yoast-seo-wordpress\/ -->\n<title>Company profile - Comau<\/title>\n<meta name=\"description\" content=\"Read more on Comau, Italian industrial automation company, and keep up to date on the world of robotics.\" \/>\n<meta name=\"robots\" content=\"index, follow, max-snippet:-1, max-image-preview:large, max-video-preview:-1\" \/>\n<link rel=\"canonical\" href=\"https:\/\/www.comau.com\/fr\/company-info\/\" \/>\n<meta property=\"og:locale\" content=\"fr_FR\" \/>\n<meta property=\"og:type\" content=\"article\" \/>\n<meta property=\"og:title\" content=\"Company profile - Comau\" \/>\n<meta property=\"og:description\" content=\"Read more on Comau, Italian industrial automation company, and keep up to date on the world of robotics.\" \/>\n<meta property=\"og:url\" content=\"https:\/\/www.comau.com\/fr\/company-info\/\" \/>\n<meta property=\"og:site_name\" content=\"Comau\" \/>\n<meta property=\"article:publisher\" content=\"https:\/\/www.facebook.com\/COMAU\/\" \/>\n<meta property=\"article:modified_time\" content=\"2025-01-14T15:50:27+00:00\" \/>\n<meta name=\"twitter:card\" content=\"summary_large_image\" \/>\n<meta name=\"twitter:site\" content=\"@comaugroup\" \/>\n<meta name=\"twitter:label1\" content=\"Dur\u00e9e de lecture estim\u00e9e\" \/>\n\t<meta name=\"twitter:data1\" content=\"2 minutes\" \/>\n<script type=\"application\/ld+json\" class=\"yoast-schema-graph\">{\"@context\":\"https:\/\/schema.org\",\"@graph\":[{\"@type\":\"WebPage\",\"@id\":\"https:\/\/www.comau.com\/fr\/company-info\/\",\"url\":\"https:\/\/www.comau.com\/fr\/company-info\/\",\"name\":\"Company profile - Comau\",\"isPartOf\":{\"@id\":\"https:\/\/www.comau.com\/fr\/#website\"},\"datePublished\":\"2021-05-31T00:13:25+00:00\",\"dateModified\":\"2025-01-14T15:50:27+00:00\",\"description\":\"Read more on Comau, Italian industrial automation company, and keep up to date on the world of robotics.\",\"breadcrumb\":{\"@id\":\"https:\/\/www.comau.com\/fr\/company-info\/#breadcrumb\"},\"inLanguage\":\"fr-FR\",\"potentialAction\":[{\"@type\":\"ReadAction\",\"target\":[\"https:\/\/www.comau.com\/fr\/company-info\/\"]}]},{\"@type\":\"BreadcrumbList\",\"@id\":\"https:\/\/www.comau.com\/fr\/company-info\/#breadcrumb\",\"itemListElement\":[{\"@type\":\"ListItem\",\"position\":1,\"name\":\"Home\",\"item\":\"https:\/\/www.comau.com\/fr\/\"},{\"@type\":\"ListItem\",\"position\":2,\"name\":\"Company Info\"}]},{\"@type\":\"WebSite\",\"@id\":\"https:\/\/www.comau.com\/fr\/#website\",\"url\":\"https:\/\/www.comau.com\/fr\/\",\"name\":\"Comau\",\"description\":\"Industrial automation and robotics\",\"publisher\":{\"@id\":\"https:\/\/www.comau.com\/fr\/#organization\"},\"potentialAction\":[{\"@type\":\"SearchAction\",\"target\":{\"@type\":\"EntryPoint\",\"urlTemplate\":\"https:\/\/www.comau.com\/fr\/?s={search_term_string}\"},\"query-input\":{\"@type\":\"PropertyValueSpecification\",\"valueRequired\":true,\"valueName\":\"search_term_string\"}}],\"inLanguage\":\"fr-FR\"},{\"@type\":\"Organization\",\"@id\":\"https:\/\/www.comau.com\/fr\/#organization\",\"name\":\"Comau\",\"url\":\"https:\/\/www.comau.com\/fr\/\",\"logo\":{\"@type\":\"ImageObject\",\"inLanguage\":\"fr-FR\",\"@id\":\"https:\/\/www.comau.com\/fr\/#\/schema\/logo\/image\/\",\"url\":\"https:\/\/www.comau.com\/wp-content\/uploads\/2024\/07\/cropped-Logo-COMAU.png\",\"contentUrl\":\"https:\/\/www.comau.com\/wp-content\/uploads\/2024\/07\/cropped-Logo-COMAU.png\",\"width\":434,\"height\":434,\"caption\":\"Comau\"},\"image\":{\"@id\":\"https:\/\/www.comau.com\/fr\/#\/schema\/logo\/image\/\"},\"sameAs\":[\"https:\/\/www.facebook.com\/COMAU\/\",\"https:\/\/x.com\/comaugroup\",\"https:\/\/www.instagram.com\/comaugroup\/\",\"https:\/\/www.linkedin.com\/company\/comau\",\"https:\/\/www.youtube.com\/user\/comau\"]}]}<\/script>\n<!-- \/ Yoast SEO plugin. -->","yoast_head_json":{"title":"Company profile - Comau","description":"Read more on Comau, Italian industrial automation company, and keep up to date on the world of robotics.","robots":{"index":"index","follow":"follow","max-snippet":"max-snippet:-1","max-image-preview":"max-image-preview:large","max-video-preview":"max-video-preview:-1"},"canonical":"https:\/\/www.comau.com\/fr\/company-info\/","og_locale":"fr_FR","og_type":"article","og_title":"Company profile - Comau","og_description":"Read more on Comau, Italian industrial automation company, and keep up to date on the world of robotics.","og_url":"https:\/\/www.comau.com\/fr\/company-info\/","og_site_name":"Comau","article_publisher":"https:\/\/www.facebook.com\/COMAU\/","article_modified_time":"2025-01-14T15:50:27+00:00","twitter_card":"summary_large_image","twitter_site":"@comaugroup","twitter_misc":{"Dur\u00e9e de lecture estim\u00e9e":"2 minutes"},"schema":{"@context":"https:\/\/schema.org","@graph":[{"@type":"WebPage","@id":"https:\/\/www.comau.com\/fr\/company-info\/","url":"https:\/\/www.comau.com\/fr\/company-info\/","name":"Company profile - Comau","isPartOf":{"@id":"https:\/\/www.comau.com\/fr\/#website"},"datePublished":"2021-05-31T00:13:25+00:00","dateModified":"2025-01-14T15:50:27+00:00","description":"Read more on Comau, Italian industrial automation company, and keep up to date on the world of robotics.","breadcrumb":{"@id":"https:\/\/www.comau.com\/fr\/company-info\/#breadcrumb"},"inLanguage":"fr-FR","potentialAction":[{"@type":"ReadAction","target":["https:\/\/www.comau.com\/fr\/company-info\/"]}]},{"@type":"BreadcrumbList","@id":"https:\/\/www.comau.com\/fr\/company-info\/#breadcrumb","itemListElement":[{"@type":"ListItem","position":1,"name":"Home","item":"https:\/\/www.comau.com\/fr\/"},{"@type":"ListItem","position":2,"name":"Company Info"}]},{"@type":"WebSite","@id":"https:\/\/www.comau.com\/fr\/#website","url":"https:\/\/www.comau.com\/fr\/","name":"Comau","description":"Industrial automation and robotics","publisher":{"@id":"https:\/\/www.comau.com\/fr\/#organization"},"potentialAction":[{"@type":"SearchAction","target":{"@type":"EntryPoint","urlTemplate":"https:\/\/www.comau.com\/fr\/?s={search_term_string}"},"query-input":{"@type":"PropertyValueSpecification","valueRequired":true,"valueName":"search_term_string"}}],"inLanguage":"fr-FR"},{"@type":"Organization","@id":"https:\/\/www.comau.com\/fr\/#organization","name":"Comau","url":"https:\/\/www.comau.com\/fr\/","logo":{"@type":"ImageObject","inLanguage":"fr-FR","@id":"https:\/\/www.comau.com\/fr\/#\/schema\/logo\/image\/","url":"https:\/\/www.comau.com\/wp-content\/uploads\/2024\/07\/cropped-Logo-COMAU.png","contentUrl":"https:\/\/www.comau.com\/wp-content\/uploads\/2024\/07\/cropped-Logo-COMAU.png","width":434,"height":434,"caption":"Comau"},"image":{"@id":"https:\/\/www.comau.com\/fr\/#\/schema\/logo\/image\/"},"sameAs":["https:\/\/www.facebook.com\/COMAU\/","https:\/\/x.com\/comaugroup","https:\/\/www.instagram.com\/comaugroup\/","https:\/\/www.linkedin.com\/company\/comau","https:\/\/www.youtube.com\/user\/comau"]}]}},"_links":{"self":[{"href":"https:\/\/www.comau.com\/fr\/wp-json\/wp\/v2\/pages\/6496","targetHints":{"allow":["GET"]}}],"collection":[{"href":"https:\/\/www.comau.com\/fr\/wp-json\/wp\/v2\/pages"}],"about":[{"href":"https:\/\/www.comau.com\/fr\/wp-json\/wp\/v2\/types\/page"}],"author":[{"embeddable":true,"href":"https:\/\/www.comau.com\/fr\/wp-json\/wp\/v2\/users\/11"}],"replies":[{"embeddable":true,"href":"https:\/\/www.comau.com\/fr\/wp-json\/wp\/v2\/comments?post=6496"}],"version-history":[{"count":5,"href":"https:\/\/www.comau.com\/fr\/wp-json\/wp\/v2\/pages\/6496\/revisions"}],"predecessor-version":[{"id":71801,"href":"https:\/\/www.comau.com\/fr\/wp-json\/wp\/v2\/pages\/6496\/revisions\/71801"}],"wp:attachment":[{"href":"https:\/\/www.comau.com\/fr\/wp-json\/wp\/v2\/media?parent=6496"}],"curies":[{"name":"wp","href":"https:\/\/api.w.org\/{rel}","templated":true}]}}