{"id":6461,"date":"2021-07-01T01:09:11","date_gmt":"2021-06-30T23:09:11","guid":{"rendered":"https:\/\/www.comau.com\/?page_id=6461"},"modified":"2021-07-20T17:06:20","modified_gmt":"2021-07-20T15:06:20","slug":"project-management","status":"publish","type":"page","link":"https:\/\/www.comau.com\/fr\/competencies\/systems\/consultancy-education\/project-management\/","title":{"rendered":"Gestion de projet"},"content":{"rendered":"\n<h2 class=\"wp-block-heading\">Cr\u00e9ation de valeur pour nos clients<\/h2>\n\n<p>Notre activit\u00e9 repose sur nos projets, et nos projets sont complexes. Tout d&rsquo;abord, ils doivent fournir des syst\u00e8mes automatis\u00e9s complexes ; deuxi\u00e8mement, nous travaillons dans un march\u00e9 mondial, c&rsquo;est pourquoi nous devons prendre en compte des contributions mondiales et des besoins mondiaux (en interne dans notre organisation et en externe, dans les organisations de nos clients).<\/p>\n\n<p>La gestion de projet n&rsquo;est pas seulement un besoin interne. Elle implique \u00e9galement de la valeur ajout\u00e9e pour nos clients. L&rsquo;objectif de nos projets est la r\u00e9ussite, et se traduit par le succ\u00e8s de nos clients, qui comptent sur nous pour r\u00e9aliser leurs strat\u00e9gies commerciales.<\/p>\n\n<p>Pour nous, la gestion de projet d\u00e9termine plus que le seul succ\u00e8s du projet actuel ; il s&rsquo;agit d&rsquo;un facteur essentiel dans la gestion de notre future croissance.<\/p>\n\n<p>La gestion de projet joue un r\u00f4le central dans notre strat\u00e9gie organisationnelle.<\/p>\n\n<p>C&rsquo;est pour cette raison que Comau a d\u00e9velopp\u00e9 des mod\u00e8les int\u00e9gr\u00e9s et des outils nous permettant de travailler mieux, plus intelligemment et plus efficacement.<\/p>\n\n<div class=\"wp-block-columns columns-bg-dark three-per-row is-layout-flex wp-container-core-columns-is-layout-9d6595d7 wp-block-columns-is-layout-flex\">\n<div class=\"wp-block-column is-layout-flow wp-block-column-is-layout-flow\">\n<h3 class=\"wp-block-heading\">Project Management Office<\/h3>\n\n\n\n<p><strong>Notre engagement envers le succ\u00e8s de votre projet prend sa source dans les valeurs cl\u00e9s de Comau<\/strong><\/p>\n\n\n\n<p>La seule mani\u00e8re de g\u00e9rer un projet est de permettre que des contributions venant de diff\u00e9rentes parties de l&rsquo;entreprise soient rassembl\u00e9es et puissent collaborer. C&rsquo;est l&rsquo;objectif principal de notre Project Management Office (PMO), qui travaille sur des processus, des outils et des m\u00e9thodologies qui peuvent renforcer le niveau de coop\u00e9ration \u00e0 l&rsquo;\u00e9chelle de l&rsquo;entreprise.<\/p>\n<\/div>\n\n\n\n<div class=\"wp-block-column is-layout-flow wp-block-column-is-layout-flow\">\n<h3 class=\"wp-block-heading\">Gestion des risques<\/h3>\n\n\n\n<p><strong>Savoir que c\u2019est la responsabilit\u00e9 de chacun<\/strong><\/p>\n\n\n\n<p>Comau est pleinement conscient que le risque fait partie int\u00e9grante du d\u00e9fi quotidien de la gouvernance de son activit\u00e9. La gestion effective des risques cr\u00e9e des opportunit\u00e9s et des avantages concurrentiels pour Comau, et nous aide \u00e0 gagner la confiance de nos clients et partenaires commerciaux.<\/p>\n\n\n\n<div class=\"wp-block-buttons is-layout-flex wp-block-buttons-is-layout-flex\">\n<div class=\"wp-block-button\"><a class=\"wp-block-button__link\" href=\"https:\/\/www.comau.com\/fr\/competencies\/systems\/consultancy-education\/project-management\/risk-management\/\">Lire la suite<\/a><\/div>\n<\/div>\n<\/div>\n\n\n\n<div class=\"wp-block-column is-layout-flow wp-block-column-is-layout-flow\">\n<h3 class=\"wp-block-heading\">Project Management Academy<\/h3>\n\n\n\n<p><strong>Am\u00e9liorer l\u2019efficacit\u00e9 des personnes<\/strong><\/p>\n\n\n\n<p>La Project Management Academy est le lieu de rencontre entre la th\u00e9orie et la pratique afin de soutenir les personnes dans leur d\u00e9veloppement. Pour nous, les personnes repr\u00e9sentent le facteur fondamental de r\u00e9ussite des projets.<\/p>\n\n\n\n<div class=\"wp-block-buttons is-layout-flex wp-block-buttons-is-layout-flex\">\n<div class=\"wp-block-button\"><a class=\"wp-block-button__link\" href=\"https:\/\/www.comau.com\/fr\/competencies\/services\/project-management-academy\/\">Lire la suite<\/a><\/div>\n<\/div>\n<\/div>\n<\/div>\n\n<h2 class=\"wp-block-heading\">Nous proposons des solutions syst\u00e8mes<\/h2>\n\n<p>Nous d\u00e9veloppons des solutions sur mesure en collaboration \u00e9troite avec nos clients et les fournisseurs les plus professionnels du march\u00e9. La r\u00e9alisation de nos projets est une r\u00e9ussite gr\u00e2ce \u00e0 une boucle de feed-back continue bas\u00e9e sur des syst\u00e8mes d&rsquo;\u00e9change sur la gestion de projet, des processus d&rsquo;entreprise forts et des \u00e9quipes de gestion de projet d\u00e9di\u00e9es. Nous travaillons ensemble et en tandem, en restant toujours focalis\u00e9s sur la r\u00e9alisation et la gestion des objectifs dans le temps. <\/p>\n\n<p>En outre, le partenariat que nous construisons avec nos clients pendant un projet ne se termine pas \u00e0 la fin du projet, mais se poursuit longtemps apr\u00e8s sa mise en \u0153uvre (services apr\u00e8s-vente, projets de r\u00e9outillage, am\u00e9lioration des processus de production).<\/p>\n\n<h2 class=\"wp-block-heading\">Nous encourageons la comp\u00e9tence dans la gestion des projets et des programmes<\/h2>\n\n<p>Nous sommes convaincus que la gestion de projet ax\u00e9e sur le leadership peut faire la diff\u00e9rence entre le succ\u00e8s et l&rsquo;\u00e9chec, et avons cr\u00e9\u00e9 une Project Management Academy (Comau PM Academy) pour aider les gestionnaires de tous niveaux \u00e0 affiner leurs comp\u00e9tences et leur culture du leadearship. <\/p>\n\n<p>La PM Academy, qui est devenue un v\u00e9ritable centre d&rsquo;excellence au sein du Stellantis N.V., est un REP\u00ae (Registered Education Provider) agr\u00e9\u00e9. Officiellement reconnue par le Project Management Institute (PMI)\u00ae la plus grande association de gestion de projet professionnelle internationale du monde, elle offre des cours de d\u00e9veloppement de PM sur diff\u00e9rents sites autour du monde.<\/p>\n\n<p>PMI is a registered mark of the Project Management Institute, Inc.<\/p>\n\n<h2 class=\"wp-block-heading\">Nous investissons dans la certification PMI\u00ae \u00e0 l&rsquo;\u00e9chelle mondiale<\/h2>\n\n<div class=\"wp-block-image\"><figure class=\"aligncenter size-large\"><img decoding=\"async\" width=\"590\" height=\"405\" src=\"https:\/\/www.comau.com\/wp-content\/uploads\/2021\/06\/grafico-PMP-certification_2.jpg\" alt=\"\" class=\"wp-image-6471\" srcset=\"https:\/\/www.comau.com\/wp-content\/uploads\/2021\/06\/grafico-PMP-certification_2.jpg 590w, https:\/\/www.comau.com\/wp-content\/uploads\/2021\/06\/grafico-PMP-certification_2-300x206.jpg 300w\" sizes=\"(max-width: 590px) 100vw, 590px\" \/><figcaption>The chart bars represent the Comau Managers who have PMP\u00ae Certification.<br\/>PMP is a registered marks of the Project Management Institute, Inc.<\/figcaption><\/figure><\/div>\n\n<div class=\"wp-block-buttons is-layout-flex wp-block-buttons-is-layout-flex\">\n<div class=\"wp-block-button\"><a class=\"wp-block-button__link\" href=\"https:\/\/www.pmi.org\/\" target=\"_blank\" rel=\"noreferrer noopener\">Explorez le portail PMI<\/a><\/div>\n<\/div>\n\n<h2 class=\"wp-block-heading\">Gestion de projet multiculturelle &#8211; Le nouveau d\u00e9fi<\/h2>\n\n<p>Au sein de Comau, la majorit\u00e9 de nos projets sont multinationaux. Parfois, des besoins culturellement diff\u00e9rents se rejoignent, et savoir les prendre en compte est un facteur de r\u00e9ussite crucial. C&rsquo;est pourquoi nous attendons de nos gestionnaires de projet qu&rsquo;ils soient des agents multiculturels, capables de soutenir de fa\u00e7on proactive la cr\u00e9ation d&rsquo;\u00e9quipes interculturelles et de diriger des projets interculturels. Pour r\u00e9pondre \u00e0 ce besoin, nous avons d\u00e9velopp\u00e9 un programme multiculturel sp\u00e9cial de gestion de projet pour faciliter la collaboration entre des \u00e9quipes compos\u00e9es de personnes de diff\u00e9rentes nationalit\u00e9s.<\/p>\n\n<p>Les outils pratiques produits ont \u00e9t\u00e9 rassembl\u00e9s dans une bo\u00eete \u00e0 outils que nos gestionnaires de projet utilisent dans leurs projets.<\/p>\n\n<h2 class=\"wp-block-heading\">Bo\u00eete \u00e0 outils multiculturelle<\/h2>\n\n<p>Notre bo\u00eete \u00e0 outils comprend trois zones reli\u00e9es aux principales phases du cycle de vie d&rsquo;une \u00e9quipe pendant un projet : \u2028<\/p>\n\n<ul class=\"wp-block-list\"><li><strong>Cr\u00e9ation d&rsquo;une \u00e9quipe de projet<\/strong> &#8211; inclut des outils pour soutenir les activit\u00e9s de lancement dans un projet <\/li><li><strong>Gestion d&rsquo;une \u00e9quipe de projet<\/strong> &#8211; inclut des outils pour soutenir la planification, l&rsquo;ex\u00e9cution, la surveillance et les <\/li><li><strong>Bilan d&rsquo;une \u00e9quipe de projet<\/strong> &#8211; inclut des outils pour soutenir les activit\u00e9s de cl\u00f4ture <\/li><\/ul>\n\n<p>Ces treize outils pratiques, r\u00e9partis sur ces trois secteurs, forment la base de la gestion r\u00e9ussie d&rsquo;une \u00e9quipe multiculturelle.<\/p>\n\n<h3 class=\"wp-block-heading\">Cr\u00e9ation d&rsquo;une \u00e9quipe de projet<\/h3>\n\n<ul class=\"wp-block-list\"><li>Audit des ressources d&rsquo;\u00e9quipe<\/li><li>Portrait de culture d&rsquo;\u00e9quipe<\/li><li>Vie de l&rsquo;arbre de projet<\/li><li>Objectif commun<\/li><li>R\u00e8gles de base de l&rsquo;\u00e9quipe<\/li><li>Profil de communication<\/li><\/ul>\n\n<h3 class=\"wp-block-heading\">Gestion d&rsquo;une \u00e9quipe de projet<\/h3>\n\n<ul class=\"wp-block-list\"><li>Alignement des pratiques de travail <\/li><li>Audit de communication de projet <\/li><li>Diversit\u00e9 culturelle et communication \u00e9crite <\/li><li>Plan des styles d&rsquo;influence <\/li><li>Matrice de style de conflit<\/li><\/ul>\n\n<h3 class=\"wp-block-heading\">Bilan d&rsquo;une \u00e9quipe de projet<\/h3>\n\n<ul class=\"wp-block-list\"><li>R\u00e9vision, r\u00e9flexion, modification <\/li><li>Carte heuristique de diss\u00e9mination<\/li><\/ul>\n\n<div class=\"wp-block-columns align-items-center wide-section-light-1 is-layout-flex wp-container-core-columns-is-layout-9d6595d7 wp-block-columns-is-layout-flex\">\n<div class=\"wp-block-column is-layout-flow wp-block-column-is-layout-flow\">\n<h2 class=\"wp-block-heading\">Managing Challenges Across Cultures<\/h2>\n\n\n\n<p>La bo\u00eete \u00e0 outils Comau est d\u00e9sormais disponible via une nouvelle publication de la Comau Academy, Managing Challenges Across Cultures &#8211; A multicultural project team toolbox. Ce guide complet fournit une source unique pour l&rsquo;information strat\u00e9gique et pratique, adaptable selon des besoins sp\u00e9cifiques, pour la gestion de projets dans un contexte international et interculturel.<\/p>\n\n\n\n<div class=\"wp-block-buttons is-layout-flex wp-block-buttons-is-layout-flex\">\n<div class=\"wp-block-button\"><a class=\"wp-block-button__link\" href=\"https:\/\/www.comau.com\/fr\/competencies\/systems\/consultancy-education\/publications\/\">Lire la suite<\/a><\/div>\n<\/div>\n<\/div>\n\n\n\n<div class=\"wp-block-column is-layout-flow wp-block-column-is-layout-flow\">\n<figure class=\"wp-block-image size-large\"><img decoding=\"async\" width=\"709\" height=\"578\" src=\"https:\/\/www.comau.com\/wp-content\/uploads\/2021\/06\/comau_book.png\" alt=\"\" class=\"wp-image-6472\" srcset=\"https:\/\/www.comau.com\/wp-content\/uploads\/2021\/06\/comau_book.png 709w, https:\/\/www.comau.com\/wp-content\/uploads\/2021\/06\/comau_book-300x245.png 300w\" sizes=\"(max-width: 709px) 100vw, 709px\" \/><\/figure>\n<\/div>\n<\/div>\n","protected":false},"excerpt":{"rendered":"<p>Cr\u00e9ation de valeur pour nos clients Notre activit\u00e9 repose sur nos projets, et nos projets sont complexes. Tout d&rsquo;abord, ils doivent fournir des syst\u00e8mes automatis\u00e9s complexes ; deuxi\u00e8mement, nous travaillons dans un march\u00e9 mondial, c&rsquo;est pourquoi nous devons prendre en compte des contributions mondiales et des besoins mondiaux (en interne dans notre organisation et en [&hellip;]<\/p>\n","protected":false},"author":11,"featured_media":6470,"parent":6241,"menu_order":9,"comment_status":"closed","ping_status":"closed","template":"","meta":{"_acf_changed":false,"ep_exclude_from_search":false,"footnotes":""},"class_list":["post-6461","page","type-page","status-publish","has-post-thumbnail","hentry"],"acf":[],"yoast_head":"<!-- This site is optimized with the Yoast SEO plugin v26.9 - https:\/\/yoast.com\/product\/yoast-seo-wordpress\/ -->\n<title>Gestion de projet - Comau<\/title>\n<meta name=\"robots\" content=\"index, follow, max-snippet:-1, max-image-preview:large, max-video-preview:-1\" \/>\n<link rel=\"canonical\" href=\"https:\/\/www.comau.com\/fr\/competencies\/systems\/consultancy-education\/project-management\/\" \/>\n<meta property=\"og:locale\" content=\"fr_FR\" \/>\n<meta property=\"og:type\" content=\"article\" \/>\n<meta property=\"og:title\" content=\"Gestion de projet - Comau\" \/>\n<meta property=\"og:description\" content=\"Cr\u00e9ation de valeur pour nos clients Notre activit\u00e9 repose sur nos projets, et nos projets sont complexes. Tout d&rsquo;abord, ils doivent fournir des syst\u00e8mes automatis\u00e9s complexes ; deuxi\u00e8mement, nous travaillons dans un march\u00e9 mondial, c&rsquo;est pourquoi nous devons prendre en compte des contributions mondiales et des besoins mondiaux (en interne dans notre organisation et en [&hellip;]\" \/>\n<meta property=\"og:url\" content=\"https:\/\/www.comau.com\/fr\/competencies\/systems\/consultancy-education\/project-management\/\" \/>\n<meta property=\"og:site_name\" content=\"Comau\" \/>\n<meta property=\"article:publisher\" content=\"https:\/\/www.facebook.com\/COMAU\/\" \/>\n<meta property=\"article:modified_time\" content=\"2021-07-20T15:06:20+00:00\" \/>\n<meta property=\"og:image\" content=\"https:\/\/www.comau.com\/wp-content\/uploads\/2021\/06\/project-management_header.jpg\" \/>\n\t<meta property=\"og:image:width\" content=\"1280\" \/>\n\t<meta property=\"og:image:height\" content=\"485\" \/>\n\t<meta property=\"og:image:type\" content=\"image\/jpeg\" \/>\n<meta name=\"twitter:card\" content=\"summary_large_image\" \/>\n<meta name=\"twitter:site\" content=\"@comaugroup\" \/>\n<meta name=\"twitter:label1\" content=\"Dur\u00e9e de lecture estim\u00e9e\" \/>\n\t<meta name=\"twitter:data1\" content=\"5 minutes\" \/>\n<script type=\"application\/ld+json\" class=\"yoast-schema-graph\">{\"@context\":\"https:\/\/schema.org\",\"@graph\":[{\"@type\":\"WebPage\",\"@id\":\"https:\/\/www.comau.com\/fr\/competencies\/systems\/consultancy-education\/project-management\/\",\"url\":\"https:\/\/www.comau.com\/fr\/competencies\/systems\/consultancy-education\/project-management\/\",\"name\":\"Gestion de projet - Comau\",\"isPartOf\":{\"@id\":\"https:\/\/www.comau.com\/fr\/#website\"},\"primaryImageOfPage\":{\"@id\":\"https:\/\/www.comau.com\/fr\/competencies\/systems\/consultancy-education\/project-management\/#primaryimage\"},\"image\":{\"@id\":\"https:\/\/www.comau.com\/fr\/competencies\/systems\/consultancy-education\/project-management\/#primaryimage\"},\"thumbnailUrl\":\"https:\/\/www.comau.com\/wp-content\/uploads\/2021\/06\/project-management_header.jpg\",\"datePublished\":\"2021-06-30T23:09:11+00:00\",\"dateModified\":\"2021-07-20T15:06:20+00:00\",\"breadcrumb\":{\"@id\":\"https:\/\/www.comau.com\/fr\/competencies\/systems\/consultancy-education\/project-management\/#breadcrumb\"},\"inLanguage\":\"fr-FR\",\"potentialAction\":[{\"@type\":\"ReadAction\",\"target\":[\"https:\/\/www.comau.com\/fr\/competencies\/systems\/consultancy-education\/project-management\/\"]}]},{\"@type\":\"ImageObject\",\"inLanguage\":\"fr-FR\",\"@id\":\"https:\/\/www.comau.com\/fr\/competencies\/systems\/consultancy-education\/project-management\/#primaryimage\",\"url\":\"https:\/\/www.comau.com\/wp-content\/uploads\/2021\/06\/project-management_header.jpg\",\"contentUrl\":\"https:\/\/www.comau.com\/wp-content\/uploads\/2021\/06\/project-management_header.jpg\",\"width\":1280,\"height\":485},{\"@type\":\"BreadcrumbList\",\"@id\":\"https:\/\/www.comau.com\/fr\/competencies\/systems\/consultancy-education\/project-management\/#breadcrumb\",\"itemListElement\":[{\"@type\":\"ListItem\",\"position\":1,\"name\":\"Home\",\"item\":\"https:\/\/www.comau.com\/fr\/\"},{\"@type\":\"ListItem\",\"position\":2,\"name\":\"Nos comp\u00e9tences\",\"item\":\"https:\/\/www.comau.com\/fr\/competencies\/\"},{\"@type\":\"ListItem\",\"position\":3,\"name\":\"Consultancy &amp; Education\",\"item\":\"https:\/\/www.comau.com\/fr\/competencies\/consultancy-education\/\"},{\"@type\":\"ListItem\",\"position\":4,\"name\":\"Gestion de projet\"}]},{\"@type\":\"WebSite\",\"@id\":\"https:\/\/www.comau.com\/fr\/#website\",\"url\":\"https:\/\/www.comau.com\/fr\/\",\"name\":\"Comau\",\"description\":\"Industrial automation and robotics\",\"publisher\":{\"@id\":\"https:\/\/www.comau.com\/fr\/#organization\"},\"potentialAction\":[{\"@type\":\"SearchAction\",\"target\":{\"@type\":\"EntryPoint\",\"urlTemplate\":\"https:\/\/www.comau.com\/fr\/?s={search_term_string}\"},\"query-input\":{\"@type\":\"PropertyValueSpecification\",\"valueRequired\":true,\"valueName\":\"search_term_string\"}}],\"inLanguage\":\"fr-FR\"},{\"@type\":\"Organization\",\"@id\":\"https:\/\/www.comau.com\/fr\/#organization\",\"name\":\"Comau\",\"url\":\"https:\/\/www.comau.com\/fr\/\",\"logo\":{\"@type\":\"ImageObject\",\"inLanguage\":\"fr-FR\",\"@id\":\"https:\/\/www.comau.com\/fr\/#\/schema\/logo\/image\/\",\"url\":\"https:\/\/www.comau.com\/wp-content\/uploads\/2024\/07\/cropped-Logo-COMAU.png\",\"contentUrl\":\"https:\/\/www.comau.com\/wp-content\/uploads\/2024\/07\/cropped-Logo-COMAU.png\",\"width\":434,\"height\":434,\"caption\":\"Comau\"},\"image\":{\"@id\":\"https:\/\/www.comau.com\/fr\/#\/schema\/logo\/image\/\"},\"sameAs\":[\"https:\/\/www.facebook.com\/COMAU\/\",\"https:\/\/x.com\/comaugroup\",\"https:\/\/www.instagram.com\/comaugroup\/\",\"https:\/\/www.linkedin.com\/company\/comau\",\"https:\/\/www.youtube.com\/user\/comau\"]}]}<\/script>\n<!-- \/ Yoast SEO plugin. -->","yoast_head_json":{"title":"Gestion de projet - Comau","robots":{"index":"index","follow":"follow","max-snippet":"max-snippet:-1","max-image-preview":"max-image-preview:large","max-video-preview":"max-video-preview:-1"},"canonical":"https:\/\/www.comau.com\/fr\/competencies\/systems\/consultancy-education\/project-management\/","og_locale":"fr_FR","og_type":"article","og_title":"Gestion de projet - Comau","og_description":"Cr\u00e9ation de valeur pour nos clients Notre activit\u00e9 repose sur nos projets, et nos projets sont complexes. Tout d&rsquo;abord, ils doivent fournir des syst\u00e8mes automatis\u00e9s complexes ; deuxi\u00e8mement, nous travaillons dans un march\u00e9 mondial, c&rsquo;est pourquoi nous devons prendre en compte des contributions mondiales et des besoins mondiaux (en interne dans notre organisation et en [&hellip;]","og_url":"https:\/\/www.comau.com\/fr\/competencies\/systems\/consultancy-education\/project-management\/","og_site_name":"Comau","article_publisher":"https:\/\/www.facebook.com\/COMAU\/","article_modified_time":"2021-07-20T15:06:20+00:00","og_image":[{"width":1280,"height":485,"url":"https:\/\/www.comau.com\/wp-content\/uploads\/2021\/06\/project-management_header.jpg","type":"image\/jpeg"}],"twitter_card":"summary_large_image","twitter_site":"@comaugroup","twitter_misc":{"Dur\u00e9e de lecture estim\u00e9e":"5 minutes"},"schema":{"@context":"https:\/\/schema.org","@graph":[{"@type":"WebPage","@id":"https:\/\/www.comau.com\/fr\/competencies\/systems\/consultancy-education\/project-management\/","url":"https:\/\/www.comau.com\/fr\/competencies\/systems\/consultancy-education\/project-management\/","name":"Gestion de projet - Comau","isPartOf":{"@id":"https:\/\/www.comau.com\/fr\/#website"},"primaryImageOfPage":{"@id":"https:\/\/www.comau.com\/fr\/competencies\/systems\/consultancy-education\/project-management\/#primaryimage"},"image":{"@id":"https:\/\/www.comau.com\/fr\/competencies\/systems\/consultancy-education\/project-management\/#primaryimage"},"thumbnailUrl":"https:\/\/www.comau.com\/wp-content\/uploads\/2021\/06\/project-management_header.jpg","datePublished":"2021-06-30T23:09:11+00:00","dateModified":"2021-07-20T15:06:20+00:00","breadcrumb":{"@id":"https:\/\/www.comau.com\/fr\/competencies\/systems\/consultancy-education\/project-management\/#breadcrumb"},"inLanguage":"fr-FR","potentialAction":[{"@type":"ReadAction","target":["https:\/\/www.comau.com\/fr\/competencies\/systems\/consultancy-education\/project-management\/"]}]},{"@type":"ImageObject","inLanguage":"fr-FR","@id":"https:\/\/www.comau.com\/fr\/competencies\/systems\/consultancy-education\/project-management\/#primaryimage","url":"https:\/\/www.comau.com\/wp-content\/uploads\/2021\/06\/project-management_header.jpg","contentUrl":"https:\/\/www.comau.com\/wp-content\/uploads\/2021\/06\/project-management_header.jpg","width":1280,"height":485},{"@type":"BreadcrumbList","@id":"https:\/\/www.comau.com\/fr\/competencies\/systems\/consultancy-education\/project-management\/#breadcrumb","itemListElement":[{"@type":"ListItem","position":1,"name":"Home","item":"https:\/\/www.comau.com\/fr\/"},{"@type":"ListItem","position":2,"name":"Nos comp\u00e9tences","item":"https:\/\/www.comau.com\/fr\/competencies\/"},{"@type":"ListItem","position":3,"name":"Consultancy &amp; Education","item":"https:\/\/www.comau.com\/fr\/competencies\/consultancy-education\/"},{"@type":"ListItem","position":4,"name":"Gestion de projet"}]},{"@type":"WebSite","@id":"https:\/\/www.comau.com\/fr\/#website","url":"https:\/\/www.comau.com\/fr\/","name":"Comau","description":"Industrial automation and robotics","publisher":{"@id":"https:\/\/www.comau.com\/fr\/#organization"},"potentialAction":[{"@type":"SearchAction","target":{"@type":"EntryPoint","urlTemplate":"https:\/\/www.comau.com\/fr\/?s={search_term_string}"},"query-input":{"@type":"PropertyValueSpecification","valueRequired":true,"valueName":"search_term_string"}}],"inLanguage":"fr-FR"},{"@type":"Organization","@id":"https:\/\/www.comau.com\/fr\/#organization","name":"Comau","url":"https:\/\/www.comau.com\/fr\/","logo":{"@type":"ImageObject","inLanguage":"fr-FR","@id":"https:\/\/www.comau.com\/fr\/#\/schema\/logo\/image\/","url":"https:\/\/www.comau.com\/wp-content\/uploads\/2024\/07\/cropped-Logo-COMAU.png","contentUrl":"https:\/\/www.comau.com\/wp-content\/uploads\/2024\/07\/cropped-Logo-COMAU.png","width":434,"height":434,"caption":"Comau"},"image":{"@id":"https:\/\/www.comau.com\/fr\/#\/schema\/logo\/image\/"},"sameAs":["https:\/\/www.facebook.com\/COMAU\/","https:\/\/x.com\/comaugroup","https:\/\/www.instagram.com\/comaugroup\/","https:\/\/www.linkedin.com\/company\/comau","https:\/\/www.youtube.com\/user\/comau"]}]}},"_links":{"self":[{"href":"https:\/\/www.comau.com\/fr\/wp-json\/wp\/v2\/pages\/6461","targetHints":{"allow":["GET"]}}],"collection":[{"href":"https:\/\/www.comau.com\/fr\/wp-json\/wp\/v2\/pages"}],"about":[{"href":"https:\/\/www.comau.com\/fr\/wp-json\/wp\/v2\/types\/page"}],"author":[{"embeddable":true,"href":"https:\/\/www.comau.com\/fr\/wp-json\/wp\/v2\/users\/11"}],"replies":[{"embeddable":true,"href":"https:\/\/www.comau.com\/fr\/wp-json\/wp\/v2\/comments?post=6461"}],"version-history":[{"count":54,"href":"https:\/\/www.comau.com\/fr\/wp-json\/wp\/v2\/pages\/6461\/revisions"}],"predecessor-version":[{"id":28159,"href":"https:\/\/www.comau.com\/fr\/wp-json\/wp\/v2\/pages\/6461\/revisions\/28159"}],"up":[{"embeddable":true,"href":"https:\/\/www.comau.com\/fr\/wp-json\/wp\/v2\/pages\/6241"}],"wp:featuredmedia":[{"embeddable":true,"href":"https:\/\/www.comau.com\/fr\/wp-json\/wp\/v2\/media\/6470"}],"wp:attachment":[{"href":"https:\/\/www.comau.com\/fr\/wp-json\/wp\/v2\/media?parent=6461"}],"curies":[{"name":"wp","href":"https:\/\/api.w.org\/{rel}","templated":true}]}}