{"id":6399,"date":"2021-07-01T01:06:36","date_gmt":"2021-06-30T23:06:36","guid":{"rendered":"https:\/\/www.comau.com\/?page_id=6399"},"modified":"2022-10-19T11:41:37","modified_gmt":"2022-10-19T09:41:37","slug":"web-academy","status":"publish","type":"page","link":"https:\/\/www.comau.com\/fr\/competencies\/systems\/consultancy-education\/web-academy\/","title":{"rendered":"Web Academy"},"content":{"rendered":"\n<h2 class=\"wp-block-heading\">Formation l\u00e0 et au moment choisi<\/h2>\n\n\n\n<p>La Web Acad\u00e9mie Comau offre des solutions de formation personnalis\u00e9es aux soci\u00e9t\u00e9s, aux \u00e9coles et aux professionnels individuels. Dispens\u00e9e par une plate-forme d\u2019apprentissage LMS interactive et facile \u00e0 utiliser, la formation de l\u2019Acad\u00e9mie Web combine un contenu th\u00e9orique avec des outils multim\u00e9dia et une formation pratique dans le cadre d\u2019une exp\u00e9rience d\u2019apprentissage innovante.<\/p>\n\n\n\n<p>Tous les cours sont accessibles depuis un PC ou une tablette, et peuvent \u00eatre utilis\u00e9s avec ou sans acc\u00e8s \u00e0 un robot physique. Qui plus est, l\u2019offre de formation de l\u2019Acad\u00e9mie Web peut \u00eatre modul\u00e9e pour r\u00e9pondre \u00e0 vos besoins sp\u00e9cifiques, depuis une formation enti\u00e8rement en ligne \u00e0 des retours personnalis\u00e9s et\/ou des cours guid\u00e9s.<\/p>\n\n\n\n<h2 class=\"wp-block-heading\">Version d\u2019essai<\/h2>\n\n\n\n<figure class=\"wp-block-image size-large\"><a href=\"https:\/\/trial.comauwebacademy.com\/uep\/en\/story_html5.html\" target=\"_blank\" rel=\"noopener\"><img decoding=\"async\" width=\"1024\" height=\"388\" src=\"https:\/\/www.comau.com\/wp-content\/uploads\/2021\/06\/01-1-1024x388.png\" alt=\"\" class=\"wp-image-1249\" srcset=\"https:\/\/www.comau.com\/wp-content\/uploads\/2021\/06\/01-1-1024x388.png 1024w, https:\/\/www.comau.com\/wp-content\/uploads\/2021\/06\/01-1-300x114.png 300w, https:\/\/www.comau.com\/wp-content\/uploads\/2021\/06\/01-1-768x291.png 768w, https:\/\/www.comau.com\/wp-content\/uploads\/2021\/06\/01-1.png 1280w\" sizes=\"(max-width: 1024px) 100vw, 1024px\" \/><\/a><\/figure>\n\n\n\n<h2 class=\"wp-block-heading\">Chiffres li\u00e9s \u00e0 l\u2019Acad\u00e9mie Web<\/h2>\n\n\n\n<div class=\"wp-block-columns is-layout-flex wp-container-core-columns-is-layout-9d6595d7 wp-block-columns-is-layout-flex\">\n<div class=\"wp-block-column is-layout-flow wp-block-column-is-layout-flow\">\n<div class=\"wp-block-getwid-image-box has-text-center has-mobile-layout-default has-mobile-alignment-default\"><div class=\"wp-block-getwid-image-box__image-container is-position-top\"><div class=\"wp-block-getwid-image-box__image-wrapper\"><img decoding=\"async\" width=\"184\" height=\"130\" src=\"https:\/\/www.comau.com\/wp-content\/uploads\/2021\/06\/international-training-partners.jpg\" alt=\"\" class=\"wp-block-getwid-image-box__image wp-image-1256\" \/><\/div><\/div><div class=\"wp-block-getwid-image-box__content\">\n<h3 class=\"wp-block-heading\"><\/h3>\n\n\n\n<p><strong>10,000<\/strong> utilisateurs inscrits<\/p>\n<\/div><\/div>\n<\/div>\n\n\n\n<div class=\"wp-block-column is-layout-flow wp-block-column-is-layout-flow\">\n<div class=\"wp-block-getwid-image-box has-text-center has-mobile-layout-default has-mobile-alignment-default\"><div class=\"wp-block-getwid-image-box__image-container is-position-top\"><div class=\"wp-block-getwid-image-box__image-wrapper\"><img decoding=\"async\" width=\"184\" height=\"130\" src=\"https:\/\/www.comau.com\/wp-content\/uploads\/2021\/06\/plants.jpg\" alt=\"\" class=\"wp-block-getwid-image-box__image wp-image-1257\" \/><\/div><\/div><div class=\"wp-block-getwid-image-box__content\">\n<h3 class=\"wp-block-heading\"><\/h3>\n\n\n\n<p><strong>+150<\/strong> soci\u00e9t\u00e9s<\/p>\n<\/div><\/div>\n<\/div>\n\n\n\n<div class=\"wp-block-column is-layout-flow wp-block-column-is-layout-flow\">\n<div class=\"wp-block-getwid-image-box has-text-center has-mobile-layout-default has-mobile-alignment-default\"><div class=\"wp-block-getwid-image-box__image-container is-position-top\"><div class=\"wp-block-getwid-image-box__image-wrapper\"><img decoding=\"async\" width=\"184\" height=\"130\" src=\"https:\/\/www.comau.com\/wp-content\/uploads\/2021\/06\/plants.jpg\" alt=\"\" class=\"wp-block-getwid-image-box__image wp-image-1257\" \/><\/div><\/div><div class=\"wp-block-getwid-image-box__content\">\n<h3 class=\"wp-block-heading\"><\/h3>\n\n\n\n<p><strong>200+<\/strong> \u00e9coles<\/p>\n<\/div><\/div>\n<\/div>\n<\/div>\n\n\n\n<h2 class=\"wp-block-heading\">Solutions personnalis\u00e9es pour r\u00e9pondre \u00e0 vos besoins<\/h2>\n\n\n\n<p>Avec l\u2019Acad\u00e9mie Web Comau, vous pouvez choisir la solution de formation la mieux adapt\u00e9e \u00e0 vos besoins. Chaque cours comprend quatre modules et la plate-forme LMS permet aux utilisateurs d\u2019apprendre \u00e0 son rythme, ce qui signifie que vous pouvez interrompre et red\u00e9marrer votre formation autant de fois que vous le souhaitez.<\/p>\n\n\n\n<p>Nos cours enti\u00e8rement en ligne offrent la libert\u00e9 d\u2019apprendre l\u00e0 et au moment choisi. Une \u00e9valuation est pr\u00e9vue via des questionnaires et exercices en ligne et les participants re\u00e7oivent un certificat de r\u00e9ussite apr\u00e8s leur examen d\u2019\u00e9valuation finale. Pour une assistance plus personnalis\u00e9e, l\u2019Acad\u00e9mie Web propose un cours en ligne combin\u00e9 au cours duquel les utilisateurs sont guid\u00e9s et \u00e9valu\u00e9s en ligne avec un retour d\u2019information donn\u00e9 par un formateur professionnel. Les soci\u00e9t\u00e9s et les individus qui pr\u00e9f\u00e8rent b\u00e9n\u00e9ficier d\u2019un acc\u00e8s direct \u00e0 un formateur Comau peuvent choisir de participer au cours en ligne dans l\u2019une des installations de formation de l\u2019Acad\u00e9mie Comau.<\/p>\n\n\n\n<h3 class=\"wp-block-heading\">Solution 1\u00a0: apprentissage en ligne<\/h3>\n\n\n\n<ul class=\"wp-block-list\"><li>Contenu th\u00e9orique<\/li><li>Contenu pratique (exercices et simulations)<\/li><li>\u00c9valuation et analyse<\/li><li>Test final + certificat de r\u00e9ussite<\/li><\/ul>\n\n\n\n<h3 class=\"wp-block-heading\">Solution 2\u00a0: apprentissage en ligne + retour formateur<\/h3>\n\n\n\n<ul class=\"wp-block-list\"><li>Contenu th\u00e9orique<\/li><li>Contenu pratique (exercices et simulations)<\/li><li>Analyse approfondie + retour<\/li><li>Test final + retour<\/li><li>Certificat en robotique<\/li><\/ul>\n\n\n\n<h3 class=\"wp-block-heading\">Solution 3\u00a0: apprentissage en ligne + formation sur site<\/h3>\n\n\n\n<ul class=\"wp-block-list\"><li>Cours en salle multim\u00e9dia<\/li><li>Contenu pratique (exercices et simulations)<\/li><li>Activit\u00e9s et exercices pratiques chez Comau<\/li><li>Retour et partage avec des experts Comau<\/li><li>Test final + retour<\/li><li>Certificat en robotique<\/li><\/ul>\n\n\n\n<h2 class=\"wp-block-heading\">Commencer<\/h2>\n\n\n\n<p>Il vous suffit d\u2019acheter une licence sur l\u2019Acad\u00e9mie Web pour commencer votre processus de formation. Contactez tout simplement Comau pour confirmer votre int\u00e9r\u00eat et vous recevrez votre mot de passe et les instructions. Vous aurez un plein acc\u00e8s \u00e0 tous les cours pour lesquels vous vous serez inscrit et vous pourrez interrompre et reprendre votre formation quand vous voulez.<\/p>\n","protected":false},"excerpt":{"rendered":"<p>Formation l\u00e0 et au moment choisi La Web Acad\u00e9mie Comau offre des solutions de formation personnalis\u00e9es aux soci\u00e9t\u00e9s, aux \u00e9coles et aux professionnels individuels. Dispens\u00e9e par une plate-forme d\u2019apprentissage LMS interactive et facile \u00e0 utiliser, la formation de l\u2019Acad\u00e9mie Web combine un contenu th\u00e9orique avec des outils multim\u00e9dia et une formation pratique dans le cadre [&hellip;]<\/p>\n","protected":false},"author":11,"featured_media":6410,"parent":6241,"menu_order":6,"comment_status":"closed","ping_status":"closed","template":"","meta":{"_acf_changed":false,"ep_exclude_from_search":false,"footnotes":""},"class_list":["post-6399","page","type-page","status-publish","has-post-thumbnail","hentry"],"acf":[],"yoast_head":"<!-- This site is optimized with the Yoast SEO plugin v26.9 - https:\/\/yoast.com\/product\/yoast-seo-wordpress\/ -->\n<title>Web Academy - Comau<\/title>\n<meta name=\"robots\" content=\"index, follow, max-snippet:-1, max-image-preview:large, max-video-preview:-1\" \/>\n<link rel=\"canonical\" href=\"https:\/\/www.comau.com\/fr\/competencies\/systems\/consultancy-education\/web-academy\/\" \/>\n<meta property=\"og:locale\" content=\"fr_FR\" \/>\n<meta property=\"og:type\" content=\"article\" \/>\n<meta property=\"og:title\" content=\"Web Academy - Comau\" \/>\n<meta property=\"og:description\" content=\"Formation l\u00e0 et au moment choisi La Web Acad\u00e9mie Comau offre des solutions de formation personnalis\u00e9es aux soci\u00e9t\u00e9s, aux \u00e9coles et aux professionnels individuels. Dispens\u00e9e par une plate-forme d\u2019apprentissage LMS interactive et facile \u00e0 utiliser, la formation de l\u2019Acad\u00e9mie Web combine un contenu th\u00e9orique avec des outils multim\u00e9dia et une formation pratique dans le cadre [&hellip;]\" \/>\n<meta property=\"og:url\" content=\"https:\/\/www.comau.com\/fr\/competencies\/systems\/consultancy-education\/web-academy\/\" \/>\n<meta property=\"og:site_name\" content=\"Comau\" \/>\n<meta property=\"article:publisher\" content=\"https:\/\/www.facebook.com\/COMAU\/\" \/>\n<meta property=\"article:modified_time\" content=\"2022-10-19T09:41:37+00:00\" \/>\n<meta property=\"og:image\" content=\"https:\/\/www.comau.com\/wp-content\/uploads\/2021\/06\/WebAcademy_header.jpg\" \/>\n\t<meta property=\"og:image:width\" content=\"1280\" \/>\n\t<meta property=\"og:image:height\" content=\"485\" \/>\n\t<meta property=\"og:image:type\" content=\"image\/jpeg\" \/>\n<meta name=\"twitter:card\" content=\"summary_large_image\" \/>\n<meta name=\"twitter:site\" content=\"@comaugroup\" \/>\n<meta name=\"twitter:label1\" content=\"Dur\u00e9e de lecture estim\u00e9e\" \/>\n\t<meta name=\"twitter:data1\" content=\"4 minutes\" \/>\n<script type=\"application\/ld+json\" class=\"yoast-schema-graph\">{\"@context\":\"https:\/\/schema.org\",\"@graph\":[{\"@type\":\"WebPage\",\"@id\":\"https:\/\/www.comau.com\/fr\/competencies\/systems\/consultancy-education\/web-academy\/\",\"url\":\"https:\/\/www.comau.com\/fr\/competencies\/systems\/consultancy-education\/web-academy\/\",\"name\":\"Web Academy - Comau\",\"isPartOf\":{\"@id\":\"https:\/\/www.comau.com\/fr\/#website\"},\"primaryImageOfPage\":{\"@id\":\"https:\/\/www.comau.com\/fr\/competencies\/systems\/consultancy-education\/web-academy\/#primaryimage\"},\"image\":{\"@id\":\"https:\/\/www.comau.com\/fr\/competencies\/systems\/consultancy-education\/web-academy\/#primaryimage\"},\"thumbnailUrl\":\"https:\/\/www.comau.com\/wp-content\/uploads\/2021\/06\/WebAcademy_header.jpg\",\"datePublished\":\"2021-06-30T23:06:36+00:00\",\"dateModified\":\"2022-10-19T09:41:37+00:00\",\"breadcrumb\":{\"@id\":\"https:\/\/www.comau.com\/fr\/competencies\/systems\/consultancy-education\/web-academy\/#breadcrumb\"},\"inLanguage\":\"fr-FR\",\"potentialAction\":[{\"@type\":\"ReadAction\",\"target\":[\"https:\/\/www.comau.com\/fr\/competencies\/systems\/consultancy-education\/web-academy\/\"]}]},{\"@type\":\"ImageObject\",\"inLanguage\":\"fr-FR\",\"@id\":\"https:\/\/www.comau.com\/fr\/competencies\/systems\/consultancy-education\/web-academy\/#primaryimage\",\"url\":\"https:\/\/www.comau.com\/wp-content\/uploads\/2021\/06\/WebAcademy_header.jpg\",\"contentUrl\":\"https:\/\/www.comau.com\/wp-content\/uploads\/2021\/06\/WebAcademy_header.jpg\",\"width\":1280,\"height\":485},{\"@type\":\"BreadcrumbList\",\"@id\":\"https:\/\/www.comau.com\/fr\/competencies\/systems\/consultancy-education\/web-academy\/#breadcrumb\",\"itemListElement\":[{\"@type\":\"ListItem\",\"position\":1,\"name\":\"Home\",\"item\":\"https:\/\/www.comau.com\/fr\/\"},{\"@type\":\"ListItem\",\"position\":2,\"name\":\"Nos comp\u00e9tences\",\"item\":\"https:\/\/www.comau.com\/fr\/competencies\/\"},{\"@type\":\"ListItem\",\"position\":3,\"name\":\"Consultancy &amp; Education\",\"item\":\"https:\/\/www.comau.com\/fr\/competencies\/consultancy-education\/\"},{\"@type\":\"ListItem\",\"position\":4,\"name\":\"Web Academy\"}]},{\"@type\":\"WebSite\",\"@id\":\"https:\/\/www.comau.com\/fr\/#website\",\"url\":\"https:\/\/www.comau.com\/fr\/\",\"name\":\"Comau\",\"description\":\"Industrial automation and robotics\",\"publisher\":{\"@id\":\"https:\/\/www.comau.com\/fr\/#organization\"},\"potentialAction\":[{\"@type\":\"SearchAction\",\"target\":{\"@type\":\"EntryPoint\",\"urlTemplate\":\"https:\/\/www.comau.com\/fr\/?s={search_term_string}\"},\"query-input\":{\"@type\":\"PropertyValueSpecification\",\"valueRequired\":true,\"valueName\":\"search_term_string\"}}],\"inLanguage\":\"fr-FR\"},{\"@type\":\"Organization\",\"@id\":\"https:\/\/www.comau.com\/fr\/#organization\",\"name\":\"Comau\",\"url\":\"https:\/\/www.comau.com\/fr\/\",\"logo\":{\"@type\":\"ImageObject\",\"inLanguage\":\"fr-FR\",\"@id\":\"https:\/\/www.comau.com\/fr\/#\/schema\/logo\/image\/\",\"url\":\"https:\/\/www.comau.com\/wp-content\/uploads\/2024\/07\/cropped-Logo-COMAU.png\",\"contentUrl\":\"https:\/\/www.comau.com\/wp-content\/uploads\/2024\/07\/cropped-Logo-COMAU.png\",\"width\":434,\"height\":434,\"caption\":\"Comau\"},\"image\":{\"@id\":\"https:\/\/www.comau.com\/fr\/#\/schema\/logo\/image\/\"},\"sameAs\":[\"https:\/\/www.facebook.com\/COMAU\/\",\"https:\/\/x.com\/comaugroup\",\"https:\/\/www.instagram.com\/comaugroup\/\",\"https:\/\/www.linkedin.com\/company\/comau\",\"https:\/\/www.youtube.com\/user\/comau\"]}]}<\/script>\n<!-- \/ Yoast SEO plugin. -->","yoast_head_json":{"title":"Web Academy - Comau","robots":{"index":"index","follow":"follow","max-snippet":"max-snippet:-1","max-image-preview":"max-image-preview:large","max-video-preview":"max-video-preview:-1"},"canonical":"https:\/\/www.comau.com\/fr\/competencies\/systems\/consultancy-education\/web-academy\/","og_locale":"fr_FR","og_type":"article","og_title":"Web Academy - Comau","og_description":"Formation l\u00e0 et au moment choisi La Web Acad\u00e9mie Comau offre des solutions de formation personnalis\u00e9es aux soci\u00e9t\u00e9s, aux \u00e9coles et aux professionnels individuels. Dispens\u00e9e par une plate-forme d\u2019apprentissage LMS interactive et facile \u00e0 utiliser, la formation de l\u2019Acad\u00e9mie Web combine un contenu th\u00e9orique avec des outils multim\u00e9dia et une formation pratique dans le cadre [&hellip;]","og_url":"https:\/\/www.comau.com\/fr\/competencies\/systems\/consultancy-education\/web-academy\/","og_site_name":"Comau","article_publisher":"https:\/\/www.facebook.com\/COMAU\/","article_modified_time":"2022-10-19T09:41:37+00:00","og_image":[{"width":1280,"height":485,"url":"https:\/\/www.comau.com\/wp-content\/uploads\/2021\/06\/WebAcademy_header.jpg","type":"image\/jpeg"}],"twitter_card":"summary_large_image","twitter_site":"@comaugroup","twitter_misc":{"Dur\u00e9e de lecture estim\u00e9e":"4 minutes"},"schema":{"@context":"https:\/\/schema.org","@graph":[{"@type":"WebPage","@id":"https:\/\/www.comau.com\/fr\/competencies\/systems\/consultancy-education\/web-academy\/","url":"https:\/\/www.comau.com\/fr\/competencies\/systems\/consultancy-education\/web-academy\/","name":"Web Academy - Comau","isPartOf":{"@id":"https:\/\/www.comau.com\/fr\/#website"},"primaryImageOfPage":{"@id":"https:\/\/www.comau.com\/fr\/competencies\/systems\/consultancy-education\/web-academy\/#primaryimage"},"image":{"@id":"https:\/\/www.comau.com\/fr\/competencies\/systems\/consultancy-education\/web-academy\/#primaryimage"},"thumbnailUrl":"https:\/\/www.comau.com\/wp-content\/uploads\/2021\/06\/WebAcademy_header.jpg","datePublished":"2021-06-30T23:06:36+00:00","dateModified":"2022-10-19T09:41:37+00:00","breadcrumb":{"@id":"https:\/\/www.comau.com\/fr\/competencies\/systems\/consultancy-education\/web-academy\/#breadcrumb"},"inLanguage":"fr-FR","potentialAction":[{"@type":"ReadAction","target":["https:\/\/www.comau.com\/fr\/competencies\/systems\/consultancy-education\/web-academy\/"]}]},{"@type":"ImageObject","inLanguage":"fr-FR","@id":"https:\/\/www.comau.com\/fr\/competencies\/systems\/consultancy-education\/web-academy\/#primaryimage","url":"https:\/\/www.comau.com\/wp-content\/uploads\/2021\/06\/WebAcademy_header.jpg","contentUrl":"https:\/\/www.comau.com\/wp-content\/uploads\/2021\/06\/WebAcademy_header.jpg","width":1280,"height":485},{"@type":"BreadcrumbList","@id":"https:\/\/www.comau.com\/fr\/competencies\/systems\/consultancy-education\/web-academy\/#breadcrumb","itemListElement":[{"@type":"ListItem","position":1,"name":"Home","item":"https:\/\/www.comau.com\/fr\/"},{"@type":"ListItem","position":2,"name":"Nos comp\u00e9tences","item":"https:\/\/www.comau.com\/fr\/competencies\/"},{"@type":"ListItem","position":3,"name":"Consultancy &amp; Education","item":"https:\/\/www.comau.com\/fr\/competencies\/consultancy-education\/"},{"@type":"ListItem","position":4,"name":"Web Academy"}]},{"@type":"WebSite","@id":"https:\/\/www.comau.com\/fr\/#website","url":"https:\/\/www.comau.com\/fr\/","name":"Comau","description":"Industrial automation and robotics","publisher":{"@id":"https:\/\/www.comau.com\/fr\/#organization"},"potentialAction":[{"@type":"SearchAction","target":{"@type":"EntryPoint","urlTemplate":"https:\/\/www.comau.com\/fr\/?s={search_term_string}"},"query-input":{"@type":"PropertyValueSpecification","valueRequired":true,"valueName":"search_term_string"}}],"inLanguage":"fr-FR"},{"@type":"Organization","@id":"https:\/\/www.comau.com\/fr\/#organization","name":"Comau","url":"https:\/\/www.comau.com\/fr\/","logo":{"@type":"ImageObject","inLanguage":"fr-FR","@id":"https:\/\/www.comau.com\/fr\/#\/schema\/logo\/image\/","url":"https:\/\/www.comau.com\/wp-content\/uploads\/2024\/07\/cropped-Logo-COMAU.png","contentUrl":"https:\/\/www.comau.com\/wp-content\/uploads\/2024\/07\/cropped-Logo-COMAU.png","width":434,"height":434,"caption":"Comau"},"image":{"@id":"https:\/\/www.comau.com\/fr\/#\/schema\/logo\/image\/"},"sameAs":["https:\/\/www.facebook.com\/COMAU\/","https:\/\/x.com\/comaugroup","https:\/\/www.instagram.com\/comaugroup\/","https:\/\/www.linkedin.com\/company\/comau","https:\/\/www.youtube.com\/user\/comau"]}]}},"_links":{"self":[{"href":"https:\/\/www.comau.com\/fr\/wp-json\/wp\/v2\/pages\/6399","targetHints":{"allow":["GET"]}}],"collection":[{"href":"https:\/\/www.comau.com\/fr\/wp-json\/wp\/v2\/pages"}],"about":[{"href":"https:\/\/www.comau.com\/fr\/wp-json\/wp\/v2\/types\/page"}],"author":[{"embeddable":true,"href":"https:\/\/www.comau.com\/fr\/wp-json\/wp\/v2\/users\/11"}],"replies":[{"embeddable":true,"href":"https:\/\/www.comau.com\/fr\/wp-json\/wp\/v2\/comments?post=6399"}],"version-history":[{"count":3,"href":"https:\/\/www.comau.com\/fr\/wp-json\/wp\/v2\/pages\/6399\/revisions"}],"predecessor-version":[{"id":48488,"href":"https:\/\/www.comau.com\/fr\/wp-json\/wp\/v2\/pages\/6399\/revisions\/48488"}],"up":[{"embeddable":true,"href":"https:\/\/www.comau.com\/fr\/wp-json\/wp\/v2\/pages\/6241"}],"wp:featuredmedia":[{"embeddable":true,"href":"https:\/\/www.comau.com\/fr\/wp-json\/wp\/v2\/media\/6410"}],"wp:attachment":[{"href":"https:\/\/www.comau.com\/fr\/wp-json\/wp\/v2\/media?parent=6399"}],"curies":[{"name":"wp","href":"https:\/\/api.w.org\/{rel}","templated":true}]}}