{"id":6379,"date":"2021-07-01T01:05:19","date_gmt":"2021-06-30T23:05:19","guid":{"rendered":"https:\/\/www.comau.com\/?page_id=6379"},"modified":"2023-02-14T17:53:50","modified_gmt":"2023-02-14T16:53:50","slug":"robotics-license","status":"publish","type":"page","link":"https:\/\/www.comau.com\/fr\/competencies\/systems\/consultancy-education\/robotics-license\/","title":{"rendered":"Licence en robotique"},"content":{"rendered":"\n<p>Avec CampuStore, leader dans le secteur de l\u2019enseignement, nous offrons aux \u00e9tudiants l\u2019opportunit\u00e9 de d\u00e9crocher une <strong>licence en robotique<\/strong>, un dipl\u00f4me reconnu \u00e0 l\u2019international.<\/p>\n\n\n\n<div class=\"wp-block-getwid-toggle download-dropdown has-icon-left\">\n<div class=\"wp-block-getwid-toggle__row\"><div class=\"wp-block-getwid-toggle__header-wrapper\"><span class=\"wp-block-getwid-toggle__header\"><a href=\"#\"><span class=\"wp-block-getwid-toggle__header-title\">Download the brochure<\/span><span class=\"wp-block-getwid-toggle__icon is-active\"><i class=\"fas fa-plus\"><\/i><\/span><span class=\"wp-block-getwid-toggle__icon is-passive\"><i class=\"fas fa-minus\"><\/i><\/span><\/a><\/span><\/div><div class=\"wp-block-getwid-toggle__content-wrapper\"><div class=\"wp-block-getwid-toggle__content\">\n<div class=\"wp-block-getwid-button-group\"><div class=\"wp-block-getwid-button-group__wrapper\">\n<div class=\"wp-block-button\"><a class=\"wp-block-button__link\" href=\"https:\/\/www.comau.com\/wp-content\/uploads\/2023\/02\/Brochure-Licenses-ENG-2020.pdf\" target=\"_blank\" rel=\"noreferrer noopener\">ComauAcademy Licenses<\/a><\/div>\n<\/div><\/div>\n<\/div><\/div><\/div>\n<\/div>\n\n\n\n<h2 class=\"wp-block-heading\">Pourquoi une licence en robotique ?<\/h2>\n\n\n\n<p>Pour proposer aux enseignants et aux \u00e9coles un excellent projet d\u2019enseignement qui leur permettra d\u2019am\u00e9liorer leur offre de formation, et offrir aux \u00e9tudiants un passeport pour le monde du travail.<\/p>\n\n\n\n<ol class=\"fancy-numbered-list wp-block-list\"><li><strong><em>Qu\u2019est-ce que la licence en robotique ?<\/em><\/strong><br>Il s\u2019agit d\u2019un <strong>dipl\u00f4me d\u2019utilisation et de programmation de robots industriels<\/strong> reconnu \u00e0 l\u2019international. <\/li><li><strong><em>Pourquoi int\u00e9grer la robotique dans l\u2019enseignement ?<\/em><\/strong><br>Parce que la robotique et l\u2019Industrie 4.0 font d\u00e9j\u00e0 <strong>partie de nos vies<\/strong> et qu\u2019il est essentiel de proposer des formations dans ce domaine aux nouvelles g\u00e9n\u00e9rations.<\/li><li><strong><em>Quels sont les avantages pour les \u00e9tudiants ?<\/em><\/strong><br>Les \u00e9tudiants de troisi\u00e8me ann\u00e9e peuvent obtenir un <strong>dipl\u00f4me \u00e9quivalent \u00e0 celui des professionnels<\/strong> \u00e0 l\u2019issue d\u2019un examen cl\u00f4turant un cursus de formation.<\/li><li><strong><em>Existe-t-il un cursus scolaire professionnel officiel ?<\/em><\/strong><br>L\u2019offre d\u2019enseignement a \u00e9t\u00e9 reconnue par le <strong>Minist\u00e8re italien de l\u2019\u00c9ducation, des Universit\u00e9s et de la Recherche comme un cursus scolaire professionnel officiel<\/strong> , avec un total de 100 heures par \u00e9tudiant. <\/li><li><strong><em>Quels sont les avantages pour l\u2019enseignant ?<\/em><\/strong><br>Le projet inclut un <strong>cursus de formation certifi\u00e9 de 40 heures<\/strong> pour les enseignants. Cette comp\u00e9tence reste disponible \u00e0 titre personnel pour les diff\u00e9rents enseignants dans l&rsquo;\u00e9cole. <\/li><li><strong><em>Quels sont les avantages pour l\u2019\u00e9cole ?<\/em><\/strong><br>Les \u00e9coles peuvent <strong>b\u00e9n\u00e9ficier d\u2019un financement<\/strong> pour les projets li\u00e9s \u00e0 l\u2019enseignement num\u00e9rique et \u00e0 la robotique. <\/li><\/ol>\n\n\n\n<h2 class=\"wp-block-heading\">Le cursus de formation pour les enseignants et les \u00e9tudiants<\/h2>\n\n\n\n<div class=\"wp-block-columns is-layout-flex wp-container-core-columns-is-layout-9d6595d7 wp-block-columns-is-layout-flex\">\n<div class=\"wp-block-column is-layout-flow wp-block-column-is-layout-flow\">\n<h3 class=\"wp-block-heading\">Enseignants<\/h3>\n\n\n\n<h3 class=\"wp-block-heading\">Formation gratuite d&rsquo;un professeur d&rsquo;\u00e9cole<\/h3>\n\n\n\n<p>Par des formateurs autoris\u00e9s par l&rsquo;Acad\u00e9mie CampuStore et Comau, pour chaque classe d&rsquo;environ 20 \u00e9tudiants, environ 40 heures en mode mixte.<\/p>\n\n\n\n<div class=\"wp-block-buttons is-layout-flex wp-block-buttons-is-layout-flex\"><\/div>\n<\/div>\n\n\n\n<div class=\"wp-block-column is-layout-flow wp-block-column-is-layout-flow\">\n<h3 class=\"wp-block-heading\">\u00c9tudiants<\/h3>\n\n\n\n<h3 class=\"wp-block-heading\">Formation pour les \u00e9tudiants<\/h3>\n\n\n\n<p>Plus de 60 heures de formation asynchrone, \u00e0 usage libre plus 30 heures en pr\u00e9sence, par les enseignants de l&rsquo;\u00e9cole (pr\u00e9alablement form\u00e9s par CampuStore Academy et Comau), \u00e0 r\u00e9aliser dans l&rsquo;\u00e9cole, pendant les heures de cours ou p\u00e9riscolaires selon les rythmes et sp\u00e9cificit\u00e9s de l&rsquo;\u00e9cole.<\/p>\n\n\n\n<div class=\"wp-block-buttons is-layout-flex wp-block-buttons-is-layout-flex\"><\/div>\n<\/div>\n<\/div>\n","protected":false},"excerpt":{"rendered":"<p>Avec CampuStore, leader dans le secteur de l\u2019enseignement, nous offrons aux \u00e9tudiants l\u2019opportunit\u00e9 de d\u00e9crocher une licence en robotique, un dipl\u00f4me reconnu \u00e0 l\u2019international. Pourquoi une licence en robotique ? Pour proposer aux enseignants et aux \u00e9coles un excellent projet d\u2019enseignement qui leur permettra d\u2019am\u00e9liorer leur offre de formation, et offrir aux \u00e9tudiants un passeport [&hellip;]<\/p>\n","protected":false},"author":11,"featured_media":6387,"parent":6241,"menu_order":5,"comment_status":"closed","ping_status":"closed","template":"","meta":{"_acf_changed":false,"ep_exclude_from_search":false,"footnotes":""},"class_list":["post-6379","page","type-page","status-publish","has-post-thumbnail","hentry"],"acf":[],"yoast_head":"<!-- This site is optimized with the Yoast SEO plugin v26.9 - https:\/\/yoast.com\/product\/yoast-seo-wordpress\/ -->\n<title>Licence en robotique - Comau<\/title>\n<meta name=\"robots\" content=\"index, follow, max-snippet:-1, max-image-preview:large, max-video-preview:-1\" \/>\n<link rel=\"canonical\" href=\"https:\/\/www.comau.com\/fr\/competencies\/systems\/consultancy-education\/robotics-license\/\" \/>\n<meta property=\"og:locale\" content=\"fr_FR\" \/>\n<meta property=\"og:type\" content=\"article\" \/>\n<meta property=\"og:title\" content=\"Licence en robotique - Comau\" \/>\n<meta property=\"og:description\" content=\"Avec CampuStore, leader dans le secteur de l\u2019enseignement, nous offrons aux \u00e9tudiants l\u2019opportunit\u00e9 de d\u00e9crocher une licence en robotique, un dipl\u00f4me reconnu \u00e0 l\u2019international. Pourquoi une licence en robotique ? Pour proposer aux enseignants et aux \u00e9coles un excellent projet d\u2019enseignement qui leur permettra d\u2019am\u00e9liorer leur offre de formation, et offrir aux \u00e9tudiants un passeport [&hellip;]\" \/>\n<meta property=\"og:url\" content=\"https:\/\/www.comau.com\/fr\/competencies\/systems\/consultancy-education\/robotics-license\/\" \/>\n<meta property=\"og:site_name\" content=\"Comau\" \/>\n<meta property=\"article:publisher\" content=\"https:\/\/www.facebook.com\/COMAU\/\" \/>\n<meta property=\"article:modified_time\" content=\"2023-02-14T16:53:50+00:00\" \/>\n<meta property=\"og:image\" content=\"https:\/\/www.comau.com\/wp-content\/uploads\/2021\/06\/header_MAT3138.png\" \/>\n\t<meta property=\"og:image:width\" content=\"1280\" \/>\n\t<meta property=\"og:image:height\" content=\"485\" \/>\n\t<meta property=\"og:image:type\" content=\"image\/png\" \/>\n<meta name=\"twitter:card\" content=\"summary_large_image\" \/>\n<meta name=\"twitter:site\" content=\"@comaugroup\" \/>\n<meta name=\"twitter:label1\" content=\"Dur\u00e9e de lecture estim\u00e9e\" \/>\n\t<meta name=\"twitter:data1\" content=\"2 minutes\" \/>\n<script type=\"application\/ld+json\" class=\"yoast-schema-graph\">{\"@context\":\"https:\/\/schema.org\",\"@graph\":[{\"@type\":\"WebPage\",\"@id\":\"https:\/\/www.comau.com\/fr\/competencies\/systems\/consultancy-education\/robotics-license\/\",\"url\":\"https:\/\/www.comau.com\/fr\/competencies\/systems\/consultancy-education\/robotics-license\/\",\"name\":\"Licence en robotique - Comau\",\"isPartOf\":{\"@id\":\"https:\/\/www.comau.com\/fr\/#website\"},\"primaryImageOfPage\":{\"@id\":\"https:\/\/www.comau.com\/fr\/competencies\/systems\/consultancy-education\/robotics-license\/#primaryimage\"},\"image\":{\"@id\":\"https:\/\/www.comau.com\/fr\/competencies\/systems\/consultancy-education\/robotics-license\/#primaryimage\"},\"thumbnailUrl\":\"https:\/\/www.comau.com\/wp-content\/uploads\/2021\/06\/header_MAT3138.png\",\"datePublished\":\"2021-06-30T23:05:19+00:00\",\"dateModified\":\"2023-02-14T16:53:50+00:00\",\"breadcrumb\":{\"@id\":\"https:\/\/www.comau.com\/fr\/competencies\/systems\/consultancy-education\/robotics-license\/#breadcrumb\"},\"inLanguage\":\"fr-FR\",\"potentialAction\":[{\"@type\":\"ReadAction\",\"target\":[\"https:\/\/www.comau.com\/fr\/competencies\/systems\/consultancy-education\/robotics-license\/\"]}]},{\"@type\":\"ImageObject\",\"inLanguage\":\"fr-FR\",\"@id\":\"https:\/\/www.comau.com\/fr\/competencies\/systems\/consultancy-education\/robotics-license\/#primaryimage\",\"url\":\"https:\/\/www.comau.com\/wp-content\/uploads\/2021\/06\/header_MAT3138.png\",\"contentUrl\":\"https:\/\/www.comau.com\/wp-content\/uploads\/2021\/06\/header_MAT3138.png\",\"width\":1280,\"height\":485},{\"@type\":\"BreadcrumbList\",\"@id\":\"https:\/\/www.comau.com\/fr\/competencies\/systems\/consultancy-education\/robotics-license\/#breadcrumb\",\"itemListElement\":[{\"@type\":\"ListItem\",\"position\":1,\"name\":\"Home\",\"item\":\"https:\/\/www.comau.com\/fr\/\"},{\"@type\":\"ListItem\",\"position\":2,\"name\":\"Nos comp\u00e9tences\",\"item\":\"https:\/\/www.comau.com\/fr\/competencies\/\"},{\"@type\":\"ListItem\",\"position\":3,\"name\":\"Consultancy &amp; Education\",\"item\":\"https:\/\/www.comau.com\/fr\/competencies\/consultancy-education\/\"},{\"@type\":\"ListItem\",\"position\":4,\"name\":\"Licence en robotique\"}]},{\"@type\":\"WebSite\",\"@id\":\"https:\/\/www.comau.com\/fr\/#website\",\"url\":\"https:\/\/www.comau.com\/fr\/\",\"name\":\"Comau\",\"description\":\"Industrial automation and robotics\",\"publisher\":{\"@id\":\"https:\/\/www.comau.com\/fr\/#organization\"},\"potentialAction\":[{\"@type\":\"SearchAction\",\"target\":{\"@type\":\"EntryPoint\",\"urlTemplate\":\"https:\/\/www.comau.com\/fr\/?s={search_term_string}\"},\"query-input\":{\"@type\":\"PropertyValueSpecification\",\"valueRequired\":true,\"valueName\":\"search_term_string\"}}],\"inLanguage\":\"fr-FR\"},{\"@type\":\"Organization\",\"@id\":\"https:\/\/www.comau.com\/fr\/#organization\",\"name\":\"Comau\",\"url\":\"https:\/\/www.comau.com\/fr\/\",\"logo\":{\"@type\":\"ImageObject\",\"inLanguage\":\"fr-FR\",\"@id\":\"https:\/\/www.comau.com\/fr\/#\/schema\/logo\/image\/\",\"url\":\"https:\/\/www.comau.com\/wp-content\/uploads\/2024\/07\/cropped-Logo-COMAU.png\",\"contentUrl\":\"https:\/\/www.comau.com\/wp-content\/uploads\/2024\/07\/cropped-Logo-COMAU.png\",\"width\":434,\"height\":434,\"caption\":\"Comau\"},\"image\":{\"@id\":\"https:\/\/www.comau.com\/fr\/#\/schema\/logo\/image\/\"},\"sameAs\":[\"https:\/\/www.facebook.com\/COMAU\/\",\"https:\/\/x.com\/comaugroup\",\"https:\/\/www.instagram.com\/comaugroup\/\",\"https:\/\/www.linkedin.com\/company\/comau\",\"https:\/\/www.youtube.com\/user\/comau\"]}]}<\/script>\n<!-- \/ Yoast SEO plugin. -->","yoast_head_json":{"title":"Licence en robotique - Comau","robots":{"index":"index","follow":"follow","max-snippet":"max-snippet:-1","max-image-preview":"max-image-preview:large","max-video-preview":"max-video-preview:-1"},"canonical":"https:\/\/www.comau.com\/fr\/competencies\/systems\/consultancy-education\/robotics-license\/","og_locale":"fr_FR","og_type":"article","og_title":"Licence en robotique - Comau","og_description":"Avec CampuStore, leader dans le secteur de l\u2019enseignement, nous offrons aux \u00e9tudiants l\u2019opportunit\u00e9 de d\u00e9crocher une licence en robotique, un dipl\u00f4me reconnu \u00e0 l\u2019international. Pourquoi une licence en robotique ? Pour proposer aux enseignants et aux \u00e9coles un excellent projet d\u2019enseignement qui leur permettra d\u2019am\u00e9liorer leur offre de formation, et offrir aux \u00e9tudiants un passeport [&hellip;]","og_url":"https:\/\/www.comau.com\/fr\/competencies\/systems\/consultancy-education\/robotics-license\/","og_site_name":"Comau","article_publisher":"https:\/\/www.facebook.com\/COMAU\/","article_modified_time":"2023-02-14T16:53:50+00:00","og_image":[{"width":1280,"height":485,"url":"https:\/\/www.comau.com\/wp-content\/uploads\/2021\/06\/header_MAT3138.png","type":"image\/png"}],"twitter_card":"summary_large_image","twitter_site":"@comaugroup","twitter_misc":{"Dur\u00e9e de lecture estim\u00e9e":"2 minutes"},"schema":{"@context":"https:\/\/schema.org","@graph":[{"@type":"WebPage","@id":"https:\/\/www.comau.com\/fr\/competencies\/systems\/consultancy-education\/robotics-license\/","url":"https:\/\/www.comau.com\/fr\/competencies\/systems\/consultancy-education\/robotics-license\/","name":"Licence en robotique - Comau","isPartOf":{"@id":"https:\/\/www.comau.com\/fr\/#website"},"primaryImageOfPage":{"@id":"https:\/\/www.comau.com\/fr\/competencies\/systems\/consultancy-education\/robotics-license\/#primaryimage"},"image":{"@id":"https:\/\/www.comau.com\/fr\/competencies\/systems\/consultancy-education\/robotics-license\/#primaryimage"},"thumbnailUrl":"https:\/\/www.comau.com\/wp-content\/uploads\/2021\/06\/header_MAT3138.png","datePublished":"2021-06-30T23:05:19+00:00","dateModified":"2023-02-14T16:53:50+00:00","breadcrumb":{"@id":"https:\/\/www.comau.com\/fr\/competencies\/systems\/consultancy-education\/robotics-license\/#breadcrumb"},"inLanguage":"fr-FR","potentialAction":[{"@type":"ReadAction","target":["https:\/\/www.comau.com\/fr\/competencies\/systems\/consultancy-education\/robotics-license\/"]}]},{"@type":"ImageObject","inLanguage":"fr-FR","@id":"https:\/\/www.comau.com\/fr\/competencies\/systems\/consultancy-education\/robotics-license\/#primaryimage","url":"https:\/\/www.comau.com\/wp-content\/uploads\/2021\/06\/header_MAT3138.png","contentUrl":"https:\/\/www.comau.com\/wp-content\/uploads\/2021\/06\/header_MAT3138.png","width":1280,"height":485},{"@type":"BreadcrumbList","@id":"https:\/\/www.comau.com\/fr\/competencies\/systems\/consultancy-education\/robotics-license\/#breadcrumb","itemListElement":[{"@type":"ListItem","position":1,"name":"Home","item":"https:\/\/www.comau.com\/fr\/"},{"@type":"ListItem","position":2,"name":"Nos comp\u00e9tences","item":"https:\/\/www.comau.com\/fr\/competencies\/"},{"@type":"ListItem","position":3,"name":"Consultancy &amp; Education","item":"https:\/\/www.comau.com\/fr\/competencies\/consultancy-education\/"},{"@type":"ListItem","position":4,"name":"Licence en robotique"}]},{"@type":"WebSite","@id":"https:\/\/www.comau.com\/fr\/#website","url":"https:\/\/www.comau.com\/fr\/","name":"Comau","description":"Industrial automation and robotics","publisher":{"@id":"https:\/\/www.comau.com\/fr\/#organization"},"potentialAction":[{"@type":"SearchAction","target":{"@type":"EntryPoint","urlTemplate":"https:\/\/www.comau.com\/fr\/?s={search_term_string}"},"query-input":{"@type":"PropertyValueSpecification","valueRequired":true,"valueName":"search_term_string"}}],"inLanguage":"fr-FR"},{"@type":"Organization","@id":"https:\/\/www.comau.com\/fr\/#organization","name":"Comau","url":"https:\/\/www.comau.com\/fr\/","logo":{"@type":"ImageObject","inLanguage":"fr-FR","@id":"https:\/\/www.comau.com\/fr\/#\/schema\/logo\/image\/","url":"https:\/\/www.comau.com\/wp-content\/uploads\/2024\/07\/cropped-Logo-COMAU.png","contentUrl":"https:\/\/www.comau.com\/wp-content\/uploads\/2024\/07\/cropped-Logo-COMAU.png","width":434,"height":434,"caption":"Comau"},"image":{"@id":"https:\/\/www.comau.com\/fr\/#\/schema\/logo\/image\/"},"sameAs":["https:\/\/www.facebook.com\/COMAU\/","https:\/\/x.com\/comaugroup","https:\/\/www.instagram.com\/comaugroup\/","https:\/\/www.linkedin.com\/company\/comau","https:\/\/www.youtube.com\/user\/comau"]}]}},"_links":{"self":[{"href":"https:\/\/www.comau.com\/fr\/wp-json\/wp\/v2\/pages\/6379","targetHints":{"allow":["GET"]}}],"collection":[{"href":"https:\/\/www.comau.com\/fr\/wp-json\/wp\/v2\/pages"}],"about":[{"href":"https:\/\/www.comau.com\/fr\/wp-json\/wp\/v2\/types\/page"}],"author":[{"embeddable":true,"href":"https:\/\/www.comau.com\/fr\/wp-json\/wp\/v2\/users\/11"}],"replies":[{"embeddable":true,"href":"https:\/\/www.comau.com\/fr\/wp-json\/wp\/v2\/comments?post=6379"}],"version-history":[{"count":32,"href":"https:\/\/www.comau.com\/fr\/wp-json\/wp\/v2\/pages\/6379\/revisions"}],"predecessor-version":[{"id":50453,"href":"https:\/\/www.comau.com\/fr\/wp-json\/wp\/v2\/pages\/6379\/revisions\/50453"}],"up":[{"embeddable":true,"href":"https:\/\/www.comau.com\/fr\/wp-json\/wp\/v2\/pages\/6241"}],"wp:featuredmedia":[{"embeddable":true,"href":"https:\/\/www.comau.com\/fr\/wp-json\/wp\/v2\/media\/6387"}],"wp:attachment":[{"href":"https:\/\/www.comau.com\/fr\/wp-json\/wp\/v2\/media?parent=6379"}],"curies":[{"name":"wp","href":"https:\/\/api.w.org\/{rel}","templated":true}]}}