{"id":6286,"date":"2021-06-01T01:02:36","date_gmt":"2021-05-31T23:02:36","guid":{"rendered":"https:\/\/www.comau.com\/?page_id=6286"},"modified":"2022-02-07T12:41:21","modified_gmt":"2022-02-07T11:41:21","slug":"schools-education","status":"publish","type":"page","link":"https:\/\/www.comau.com\/fr\/competencies\/systems\/consultancy-education\/schools-education\/","title":{"rendered":"Schools &#038; Education"},"content":{"rendered":"\n<h2 class=\"wp-block-heading\" id=\"un-enseignement-inspirant-et-captivant\">Un enseignement inspirant et captivant<\/h2>\n\n\n\n<p>Comau s\u2019est engag\u00e9 \u00e0 travailler \u00e9troitement avec les \u00e9tudiants et les enseignants pour faire \u00e9voluer l\u2019utilisation des robots en tant qu&rsquo;outils innovants pour l\u2019apprentissage, en commen\u00e7ant par la plate-forme de service robotique e.DO\u2122.<\/p>\n\n\n\n<p>e.DO est un robot flexible, interactif et open-source, con\u00e7u pour stimuler la cr\u00e9ativit\u00e9 et la participation sp\u00e9cifiques ou non au registre d\u2019une salle de classe. Ce robot 4.0 fait partie d\u2019un \u00e9cosyst\u00e8me ouvert et modulaire qui aide les enseignants \u00e0 d\u00e9ployer la robotique et r\u00e9pondre aux diff\u00e9rents int\u00e9r\u00eats et groupes cibles, dans le cadre d\u2019une d\u00e9marche p\u00e9dagogique moderne et extr\u00eamement pertinente.<\/p>\n\n\n\n<div class=\"wp-block-getwid-toggle download-dropdown has-icon-left\">\n<div class=\"wp-block-getwid-toggle__row\"><div class=\"wp-block-getwid-toggle__header-wrapper\"><span class=\"wp-block-getwid-toggle__header\"><a href=\"#\"><span class=\"wp-block-getwid-toggle__header-title\">Download the brochure<\/span><span class=\"wp-block-getwid-toggle__icon is-active\"><i class=\"fas fa-plus\"><\/i><\/span><span class=\"wp-block-getwid-toggle__icon is-passive\"><i class=\"fas fa-minus\"><\/i><\/span><\/a><\/span><\/div><div class=\"wp-block-getwid-toggle__content-wrapper\"><div class=\"wp-block-getwid-toggle__content\">\n<div class=\"wp-block-getwid-button-group\"><div class=\"wp-block-getwid-button-group__wrapper\">\n<div class=\"wp-block-button\"><a class=\"wp-block-button__link\" href=\"https:\/\/www.comau.com\/wp-content\/uploads\/2021\/06\/Brochure_e.DOExperience.pdf\" target=\"_blank\" rel=\"noreferrer noopener\">Brochure_e.DOExperience_EN<\/a><\/div>\n\n\n\n<div class=\"wp-block-button\"><a class=\"wp-block-button__link\" href=\"https:\/\/www.comau.com\/wp-content\/uploads\/2021\/06\/Comau_e.DOExperience_Brochure_PT.pdf\" target=\"_blank\" rel=\"noreferrer noopener\">Brochure_e.DOExperience_PT<\/a><\/div>\n<\/div><\/div>\n<\/div><\/div><\/div>\n<\/div>\n\n\n\n<h2 class=\"wp-block-heading\" id=\"un-nouveau-paradigme-dans-la-formation-interactive\">Un nouveau paradigme dans la formation interactive <\/h2>\n\n\n\n<p>\u200bLa Suite e.DO\u2122 Experience se base sur une approche interdisciplinaire de l\u2019apprentissage qui int\u00e8gre et renforce les domaines de comp\u00e9tence cl\u00e9s. Ceux-ci incluent la robotique, les mati\u00e8res scientifiques et techniques, la collaboration, la communication, le travail d&rsquo;\u00e9quipe, la cr\u00e9ativit\u00e9 et d\u2019autres comp\u00e9tences personnelles, ainsi que l\u2019introduction \u00e0 la culture comp\u00e9titive et industrielle de r\u00e9solution des probl\u00e8mes et une approche bas\u00e9e sur les r\u00e9sultats. <\/p>\n\n\n\n<h2 class=\"wp-block-heading\" id=\"aider-les-enseignants-a-atteindre-les-objectifs-pedagogiques\">Aider les enseignants \u00e0 atteindre les objectifs p\u00e9dagogiques <\/h2>\n\n\n\n<p>\u200bLa Suite e.DO\u2122 Experience a \u00e9t\u00e9 cr\u00e9\u00e9e dans le but de faciliter une approche pragmatique de l\u2019apprentissage qui couvre une multitude de mati\u00e8res et s\u2019adapte \u00e0 diff\u00e9rentes tranches d\u2019\u00e2ge. Dans une classe ou lors d&rsquo;un \u00e9v\u00e9nement, e.DO peut favoriser une exp\u00e9rience concr\u00e8te encourageant la participation, la collaboration et l&rsquo;inclusion chez les participants. e.DO fournit \u00e9galement une m\u00e9thode d\u2019apprentissage captivante et hors des sentiers battus et d\u00e9veloppe la capacit\u00e9 \u00e0 relier l\u2019apprentissage des mati\u00e8res au monde dans sa globalit\u00e9. <\/p>\n\n\n\n<h2 class=\"wp-block-heading\" id=\"l-e-do-experience-est-accessible-a-tous\">L\u2019e.DO\u2122 Experience est accessible \u00e0 tous <\/h2>\n\n\n\n<p>\u200bComau met \u00e0 disposition de chaque public cible &#8211; enfants, \u00e9tudiants, professeurs, familles, professionnels, passionn\u00e9s de robots, participants aux conf\u00e9rences et aux \u00e9v\u00e9nements et visiteurs de mus\u00e9es &#8211; une plateforme e.DO\u2122 Experience coh\u00e9rente avec le style d\u2019apprentissage de sa g\u00e9n\u00e9ration pour r\u00e9pondre \u00e0 ses besoins sp\u00e9cifiques.<\/p>\n\n\n\n<div class=\"wp-block-getwid-images-slider has-arrows-inside has-dots-outside has-images-center has-cropped-images\"><div class=\"wp-block-getwid-images-slider__wrapper\" data-effect=\"slide\" data-slides-show=\"1\" data-slides-show-laptop=\"1\" data-slides-show-tablet=\"1\" data-slides-show-mobile=\"1\" data-slides-scroll=\"1\" data-autoplay=\"true\" data-autoplay-speed=\"6000\" data-infinite=\"true\" data-animation-speed=\"800\" data-center-mode=\"false\" data-variable-width=\"false\" data-arrows=\"inside\" data-dots=\"outside\" data-spacing=\"none\"><div class=\"wp-block-getwid-images-slider__item\"><figure><img decoding=\"async\" width=\"800\" height=\"400\" src=\"https:\/\/www.comau.com\/wp-content\/uploads\/2021\/06\/01-3.jpg\" data-id=\"1200\" data-link=\"https:\/\/www.comau.com\/competencies\/consultancy-education\/schools-educatio\/01-3\/\" data-original-link=\"https:\/\/www.comau.com\/wp-content\/uploads\/2021\/06\/01-3.jpg\" class=\"wp-block-getwid-images-slider__image wp-image-6303\" srcset=\"https:\/\/www.comau.com\/wp-content\/uploads\/2021\/06\/01-3.jpg 800w, https:\/\/www.comau.com\/wp-content\/uploads\/2021\/06\/01-3-300x150.jpg 300w, https:\/\/www.comau.com\/wp-content\/uploads\/2021\/06\/01-3-768x384.jpg 768w\" sizes=\"(max-width: 800px) 100vw, 800px\" \/><\/figure><\/div><div class=\"wp-block-getwid-images-slider__item\"><figure><img decoding=\"async\" width=\"800\" height=\"400\" src=\"https:\/\/www.comau.com\/wp-content\/uploads\/2021\/06\/02-1.jpg\" data-id=\"1201\" data-link=\"https:\/\/www.comau.com\/competencies\/consultancy-education\/schools-educatio\/02-3\/\" data-original-link=\"https:\/\/www.comau.com\/wp-content\/uploads\/2021\/06\/02-1.jpg\" class=\"wp-block-getwid-images-slider__image wp-image-6305\" srcset=\"https:\/\/www.comau.com\/wp-content\/uploads\/2021\/06\/02-1.jpg 800w, https:\/\/www.comau.com\/wp-content\/uploads\/2021\/06\/02-1-300x150.jpg 300w, https:\/\/www.comau.com\/wp-content\/uploads\/2021\/06\/02-1-768x384.jpg 768w\" sizes=\"(max-width: 800px) 100vw, 800px\" \/><\/figure><\/div><div class=\"wp-block-getwid-images-slider__item\"><figure><img decoding=\"async\" width=\"800\" height=\"400\" src=\"https:\/\/www.comau.com\/wp-content\/uploads\/2021\/06\/03-1.jpg\" data-id=\"1202\" data-link=\"https:\/\/www.comau.com\/competencies\/consultancy-education\/schools-educatio\/03-3\/\" data-original-link=\"https:\/\/www.comau.com\/wp-content\/uploads\/2021\/06\/03-1.jpg\" class=\"wp-block-getwid-images-slider__image wp-image-6306\" srcset=\"https:\/\/www.comau.com\/wp-content\/uploads\/2021\/06\/03-1.jpg 800w, https:\/\/www.comau.com\/wp-content\/uploads\/2021\/06\/03-1-300x150.jpg 300w, https:\/\/www.comau.com\/wp-content\/uploads\/2021\/06\/03-1-768x384.jpg 768w\" sizes=\"(max-width: 800px) 100vw, 800px\" \/><\/figure><\/div><div class=\"wp-block-getwid-images-slider__item\"><figure><img decoding=\"async\" width=\"800\" height=\"400\" src=\"https:\/\/www.comau.com\/wp-content\/uploads\/2021\/06\/04-1.jpg\" data-id=\"1203\" data-link=\"https:\/\/www.comau.com\/competencies\/consultancy-education\/schools-educatio\/04-3\/\" data-original-link=\"https:\/\/www.comau.com\/wp-content\/uploads\/2021\/06\/04-1.jpg\" class=\"wp-block-getwid-images-slider__image wp-image-6307\" srcset=\"https:\/\/www.comau.com\/wp-content\/uploads\/2021\/06\/04-1.jpg 800w, https:\/\/www.comau.com\/wp-content\/uploads\/2021\/06\/04-1-300x150.jpg 300w, https:\/\/www.comau.com\/wp-content\/uploads\/2021\/06\/04-1-768x384.jpg 768w\" sizes=\"(max-width: 800px) 100vw, 800px\" \/><\/figure><\/div><div class=\"wp-block-getwid-images-slider__item\"><figure><img decoding=\"async\" width=\"800\" height=\"400\" src=\"https:\/\/www.comau.com\/wp-content\/uploads\/2021\/06\/05-1.jpg\" data-id=\"1204\" data-link=\"https:\/\/www.comau.com\/competencies\/consultancy-education\/schools-educatio\/05-3\/\" data-original-link=\"https:\/\/www.comau.com\/wp-content\/uploads\/2021\/06\/05-1.jpg\" class=\"wp-block-getwid-images-slider__image wp-image-6308\" srcset=\"https:\/\/www.comau.com\/wp-content\/uploads\/2021\/06\/05-1.jpg 800w, https:\/\/www.comau.com\/wp-content\/uploads\/2021\/06\/05-1-300x150.jpg 300w, https:\/\/www.comau.com\/wp-content\/uploads\/2021\/06\/05-1-768x384.jpg 768w\" sizes=\"(max-width: 800px) 100vw, 800px\" \/><\/figure><\/div><div class=\"wp-block-getwid-images-slider__item\"><figure><img decoding=\"async\" width=\"800\" height=\"400\" src=\"https:\/\/www.comau.com\/wp-content\/uploads\/2021\/06\/06-1.jpg\" data-id=\"1205\" data-link=\"https:\/\/www.comau.com\/competencies\/consultancy-education\/schools-educatio\/06-3\/\" data-original-link=\"https:\/\/www.comau.com\/wp-content\/uploads\/2021\/06\/06-1.jpg\" class=\"wp-block-getwid-images-slider__image wp-image-6309\" srcset=\"https:\/\/www.comau.com\/wp-content\/uploads\/2021\/06\/06-1.jpg 800w, https:\/\/www.comau.com\/wp-content\/uploads\/2021\/06\/06-1-300x150.jpg 300w, https:\/\/www.comau.com\/wp-content\/uploads\/2021\/06\/06-1-768x384.jpg 768w\" sizes=\"(max-width: 800px) 100vw, 800px\" \/><\/figure><\/div><div class=\"wp-block-getwid-images-slider__item\"><figure><img decoding=\"async\" width=\"800\" height=\"400\" src=\"https:\/\/www.comau.com\/wp-content\/uploads\/2021\/06\/07-1.jpg\" data-id=\"1206\" data-link=\"https:\/\/www.comau.com\/competencies\/consultancy-education\/schools-educatio\/07-3\/\" data-original-link=\"https:\/\/www.comau.com\/wp-content\/uploads\/2021\/06\/07-1.jpg\" class=\"wp-block-getwid-images-slider__image wp-image-6310\" srcset=\"https:\/\/www.comau.com\/wp-content\/uploads\/2021\/06\/07-1.jpg 800w, https:\/\/www.comau.com\/wp-content\/uploads\/2021\/06\/07-1-300x150.jpg 300w, https:\/\/www.comau.com\/wp-content\/uploads\/2021\/06\/07-1-768x384.jpg 768w\" sizes=\"(max-width: 800px) 100vw, 800px\" \/><\/figure><\/div><div class=\"wp-block-getwid-images-slider__item\"><figure><img decoding=\"async\" width=\"800\" height=\"400\" src=\"https:\/\/www.comau.com\/wp-content\/uploads\/2021\/06\/08-1.jpg\" data-id=\"1207\" data-link=\"https:\/\/www.comau.com\/competencies\/consultancy-education\/schools-educatio\/08-2\/\" data-original-link=\"https:\/\/www.comau.com\/wp-content\/uploads\/2021\/06\/08-1.jpg\" class=\"wp-block-getwid-images-slider__image wp-image-6311\" srcset=\"https:\/\/www.comau.com\/wp-content\/uploads\/2021\/06\/08-1.jpg 800w, https:\/\/www.comau.com\/wp-content\/uploads\/2021\/06\/08-1-300x150.jpg 300w, https:\/\/www.comau.com\/wp-content\/uploads\/2021\/06\/08-1-768x384.jpg 768w\" sizes=\"(max-width: 800px) 100vw, 800px\" \/><\/figure><\/div><div class=\"wp-block-getwid-images-slider__item\"><figure><img decoding=\"async\" width=\"800\" height=\"400\" src=\"https:\/\/www.comau.com\/wp-content\/uploads\/2021\/06\/09.jpg\" data-id=\"1208\" data-link=\"https:\/\/www.comau.com\/competencies\/consultancy-education\/schools-educatio\/attachment\/09\/\" data-original-link=\"https:\/\/www.comau.com\/wp-content\/uploads\/2021\/06\/09.jpg\" class=\"wp-block-getwid-images-slider__image wp-image-6312\" srcset=\"https:\/\/www.comau.com\/wp-content\/uploads\/2021\/06\/09.jpg 800w, https:\/\/www.comau.com\/wp-content\/uploads\/2021\/06\/09-300x150.jpg 300w, https:\/\/www.comau.com\/wp-content\/uploads\/2021\/06\/09-768x384.jpg 768w\" sizes=\"(max-width: 800px) 100vw, 800px\" \/><\/figure><\/div><\/div><\/div>\n","protected":false},"excerpt":{"rendered":"<p>Un enseignement inspirant et captivant Comau s\u2019est engag\u00e9 \u00e0 travailler \u00e9troitement avec les \u00e9tudiants et les enseignants pour faire \u00e9voluer l\u2019utilisation des robots en tant qu&rsquo;outils innovants pour l\u2019apprentissage, en commen\u00e7ant par la plate-forme de service robotique e.DO\u2122. e.DO est un robot flexible, interactif et open-source, con\u00e7u pour stimuler la cr\u00e9ativit\u00e9 et la participation sp\u00e9cifiques [&hellip;]<\/p>\n","protected":false},"author":11,"featured_media":6302,"parent":6241,"menu_order":2,"comment_status":"closed","ping_status":"closed","template":"","meta":{"_acf_changed":false,"ep_exclude_from_search":false,"footnotes":""},"class_list":["post-6286","page","type-page","status-publish","has-post-thumbnail","hentry"],"acf":[],"yoast_head":"<!-- This site is optimized with the Yoast SEO plugin v26.9 - https:\/\/yoast.com\/product\/yoast-seo-wordpress\/ -->\n<title>Robots pour l&#039;\u00e9ducation &amp; l&#039;enseignement | Comau<\/title>\n<meta name=\"description\" content=\"D\u00e9couvrez les robots didactiques Comau\u00a0: une plateforme robotique qui permet de conjuguer apprentissage et cr\u00e9ativit\u00e9.\" \/>\n<meta name=\"robots\" content=\"index, follow, max-snippet:-1, max-image-preview:large, max-video-preview:-1\" \/>\n<link rel=\"canonical\" href=\"https:\/\/www.comau.com\/fr\/competencies\/systems\/consultancy-education\/schools-education\/\" \/>\n<meta property=\"og:locale\" content=\"fr_FR\" \/>\n<meta property=\"og:type\" content=\"article\" \/>\n<meta property=\"og:title\" content=\"Robots pour l&#039;\u00e9ducation &amp; l&#039;enseignement | Comau\" \/>\n<meta property=\"og:description\" content=\"D\u00e9couvrez les robots didactiques Comau\u00a0: une plateforme robotique qui permet de conjuguer apprentissage et cr\u00e9ativit\u00e9.\" \/>\n<meta property=\"og:url\" content=\"https:\/\/www.comau.com\/fr\/competencies\/systems\/consultancy-education\/schools-education\/\" \/>\n<meta property=\"og:site_name\" content=\"Comau\" \/>\n<meta property=\"article:publisher\" content=\"https:\/\/www.facebook.com\/COMAU\/\" \/>\n<meta property=\"article:modified_time\" content=\"2022-02-07T11:41:21+00:00\" \/>\n<meta property=\"og:image\" content=\"https:\/\/www.comau.com\/wp-content\/uploads\/2021\/06\/e.DoAcademy_header.jpg\" \/>\n\t<meta property=\"og:image:width\" content=\"1280\" \/>\n\t<meta property=\"og:image:height\" content=\"485\" \/>\n\t<meta property=\"og:image:type\" content=\"image\/jpeg\" \/>\n<meta name=\"twitter:card\" content=\"summary_large_image\" \/>\n<meta name=\"twitter:site\" content=\"@comaugroup\" \/>\n<meta name=\"twitter:label1\" content=\"Dur\u00e9e de lecture estim\u00e9e\" \/>\n\t<meta name=\"twitter:data1\" content=\"4 minutes\" \/>\n<script type=\"application\/ld+json\" class=\"yoast-schema-graph\">{\"@context\":\"https:\/\/schema.org\",\"@graph\":[{\"@type\":\"WebPage\",\"@id\":\"https:\/\/www.comau.com\/fr\/competencies\/systems\/consultancy-education\/schools-education\/\",\"url\":\"https:\/\/www.comau.com\/fr\/competencies\/systems\/consultancy-education\/schools-education\/\",\"name\":\"Robots pour l'\u00e9ducation & l'enseignement | Comau\",\"isPartOf\":{\"@id\":\"https:\/\/www.comau.com\/fr\/#website\"},\"primaryImageOfPage\":{\"@id\":\"https:\/\/www.comau.com\/fr\/competencies\/systems\/consultancy-education\/schools-education\/#primaryimage\"},\"image\":{\"@id\":\"https:\/\/www.comau.com\/fr\/competencies\/systems\/consultancy-education\/schools-education\/#primaryimage\"},\"thumbnailUrl\":\"https:\/\/www.comau.com\/wp-content\/uploads\/2021\/06\/e.DoAcademy_header.jpg\",\"datePublished\":\"2021-05-31T23:02:36+00:00\",\"dateModified\":\"2022-02-07T11:41:21+00:00\",\"description\":\"D\u00e9couvrez les robots didactiques Comau\u00a0: une plateforme robotique qui permet de conjuguer apprentissage et cr\u00e9ativit\u00e9.\",\"breadcrumb\":{\"@id\":\"https:\/\/www.comau.com\/fr\/competencies\/systems\/consultancy-education\/schools-education\/#breadcrumb\"},\"inLanguage\":\"fr-FR\",\"potentialAction\":[{\"@type\":\"ReadAction\",\"target\":[\"https:\/\/www.comau.com\/fr\/competencies\/systems\/consultancy-education\/schools-education\/\"]}]},{\"@type\":\"ImageObject\",\"inLanguage\":\"fr-FR\",\"@id\":\"https:\/\/www.comau.com\/fr\/competencies\/systems\/consultancy-education\/schools-education\/#primaryimage\",\"url\":\"https:\/\/www.comau.com\/wp-content\/uploads\/2021\/06\/e.DoAcademy_header.jpg\",\"contentUrl\":\"https:\/\/www.comau.com\/wp-content\/uploads\/2021\/06\/e.DoAcademy_header.jpg\",\"width\":1280,\"height\":485},{\"@type\":\"BreadcrumbList\",\"@id\":\"https:\/\/www.comau.com\/fr\/competencies\/systems\/consultancy-education\/schools-education\/#breadcrumb\",\"itemListElement\":[{\"@type\":\"ListItem\",\"position\":1,\"name\":\"Home\",\"item\":\"https:\/\/www.comau.com\/fr\/\"},{\"@type\":\"ListItem\",\"position\":2,\"name\":\"Nos comp\u00e9tences\",\"item\":\"https:\/\/www.comau.com\/fr\/competencies\/\"},{\"@type\":\"ListItem\",\"position\":3,\"name\":\"Consultancy &amp; Education\",\"item\":\"https:\/\/www.comau.com\/fr\/competencies\/consultancy-education\/\"},{\"@type\":\"ListItem\",\"position\":4,\"name\":\"Schools &#038; Education\"}]},{\"@type\":\"WebSite\",\"@id\":\"https:\/\/www.comau.com\/fr\/#website\",\"url\":\"https:\/\/www.comau.com\/fr\/\",\"name\":\"Comau\",\"description\":\"Industrial automation and robotics\",\"publisher\":{\"@id\":\"https:\/\/www.comau.com\/fr\/#organization\"},\"potentialAction\":[{\"@type\":\"SearchAction\",\"target\":{\"@type\":\"EntryPoint\",\"urlTemplate\":\"https:\/\/www.comau.com\/fr\/?s={search_term_string}\"},\"query-input\":{\"@type\":\"PropertyValueSpecification\",\"valueRequired\":true,\"valueName\":\"search_term_string\"}}],\"inLanguage\":\"fr-FR\"},{\"@type\":\"Organization\",\"@id\":\"https:\/\/www.comau.com\/fr\/#organization\",\"name\":\"Comau\",\"url\":\"https:\/\/www.comau.com\/fr\/\",\"logo\":{\"@type\":\"ImageObject\",\"inLanguage\":\"fr-FR\",\"@id\":\"https:\/\/www.comau.com\/fr\/#\/schema\/logo\/image\/\",\"url\":\"https:\/\/www.comau.com\/wp-content\/uploads\/2024\/07\/cropped-Logo-COMAU.png\",\"contentUrl\":\"https:\/\/www.comau.com\/wp-content\/uploads\/2024\/07\/cropped-Logo-COMAU.png\",\"width\":434,\"height\":434,\"caption\":\"Comau\"},\"image\":{\"@id\":\"https:\/\/www.comau.com\/fr\/#\/schema\/logo\/image\/\"},\"sameAs\":[\"https:\/\/www.facebook.com\/COMAU\/\",\"https:\/\/x.com\/comaugroup\",\"https:\/\/www.instagram.com\/comaugroup\/\",\"https:\/\/www.linkedin.com\/company\/comau\",\"https:\/\/www.youtube.com\/user\/comau\"]}]}<\/script>\n<!-- \/ Yoast SEO plugin. -->","yoast_head_json":{"title":"Robots pour l'\u00e9ducation & l'enseignement | Comau","description":"D\u00e9couvrez les robots didactiques Comau\u00a0: une plateforme robotique qui permet de conjuguer apprentissage et cr\u00e9ativit\u00e9.","robots":{"index":"index","follow":"follow","max-snippet":"max-snippet:-1","max-image-preview":"max-image-preview:large","max-video-preview":"max-video-preview:-1"},"canonical":"https:\/\/www.comau.com\/fr\/competencies\/systems\/consultancy-education\/schools-education\/","og_locale":"fr_FR","og_type":"article","og_title":"Robots pour l'\u00e9ducation & l'enseignement | Comau","og_description":"D\u00e9couvrez les robots didactiques Comau\u00a0: une plateforme robotique qui permet de conjuguer apprentissage et cr\u00e9ativit\u00e9.","og_url":"https:\/\/www.comau.com\/fr\/competencies\/systems\/consultancy-education\/schools-education\/","og_site_name":"Comau","article_publisher":"https:\/\/www.facebook.com\/COMAU\/","article_modified_time":"2022-02-07T11:41:21+00:00","og_image":[{"width":1280,"height":485,"url":"https:\/\/www.comau.com\/wp-content\/uploads\/2021\/06\/e.DoAcademy_header.jpg","type":"image\/jpeg"}],"twitter_card":"summary_large_image","twitter_site":"@comaugroup","twitter_misc":{"Dur\u00e9e de lecture estim\u00e9e":"4 minutes"},"schema":{"@context":"https:\/\/schema.org","@graph":[{"@type":"WebPage","@id":"https:\/\/www.comau.com\/fr\/competencies\/systems\/consultancy-education\/schools-education\/","url":"https:\/\/www.comau.com\/fr\/competencies\/systems\/consultancy-education\/schools-education\/","name":"Robots pour l'\u00e9ducation & l'enseignement | Comau","isPartOf":{"@id":"https:\/\/www.comau.com\/fr\/#website"},"primaryImageOfPage":{"@id":"https:\/\/www.comau.com\/fr\/competencies\/systems\/consultancy-education\/schools-education\/#primaryimage"},"image":{"@id":"https:\/\/www.comau.com\/fr\/competencies\/systems\/consultancy-education\/schools-education\/#primaryimage"},"thumbnailUrl":"https:\/\/www.comau.com\/wp-content\/uploads\/2021\/06\/e.DoAcademy_header.jpg","datePublished":"2021-05-31T23:02:36+00:00","dateModified":"2022-02-07T11:41:21+00:00","description":"D\u00e9couvrez les robots didactiques Comau\u00a0: une plateforme robotique qui permet de conjuguer apprentissage et cr\u00e9ativit\u00e9.","breadcrumb":{"@id":"https:\/\/www.comau.com\/fr\/competencies\/systems\/consultancy-education\/schools-education\/#breadcrumb"},"inLanguage":"fr-FR","potentialAction":[{"@type":"ReadAction","target":["https:\/\/www.comau.com\/fr\/competencies\/systems\/consultancy-education\/schools-education\/"]}]},{"@type":"ImageObject","inLanguage":"fr-FR","@id":"https:\/\/www.comau.com\/fr\/competencies\/systems\/consultancy-education\/schools-education\/#primaryimage","url":"https:\/\/www.comau.com\/wp-content\/uploads\/2021\/06\/e.DoAcademy_header.jpg","contentUrl":"https:\/\/www.comau.com\/wp-content\/uploads\/2021\/06\/e.DoAcademy_header.jpg","width":1280,"height":485},{"@type":"BreadcrumbList","@id":"https:\/\/www.comau.com\/fr\/competencies\/systems\/consultancy-education\/schools-education\/#breadcrumb","itemListElement":[{"@type":"ListItem","position":1,"name":"Home","item":"https:\/\/www.comau.com\/fr\/"},{"@type":"ListItem","position":2,"name":"Nos comp\u00e9tences","item":"https:\/\/www.comau.com\/fr\/competencies\/"},{"@type":"ListItem","position":3,"name":"Consultancy &amp; Education","item":"https:\/\/www.comau.com\/fr\/competencies\/consultancy-education\/"},{"@type":"ListItem","position":4,"name":"Schools &#038; Education"}]},{"@type":"WebSite","@id":"https:\/\/www.comau.com\/fr\/#website","url":"https:\/\/www.comau.com\/fr\/","name":"Comau","description":"Industrial automation and robotics","publisher":{"@id":"https:\/\/www.comau.com\/fr\/#organization"},"potentialAction":[{"@type":"SearchAction","target":{"@type":"EntryPoint","urlTemplate":"https:\/\/www.comau.com\/fr\/?s={search_term_string}"},"query-input":{"@type":"PropertyValueSpecification","valueRequired":true,"valueName":"search_term_string"}}],"inLanguage":"fr-FR"},{"@type":"Organization","@id":"https:\/\/www.comau.com\/fr\/#organization","name":"Comau","url":"https:\/\/www.comau.com\/fr\/","logo":{"@type":"ImageObject","inLanguage":"fr-FR","@id":"https:\/\/www.comau.com\/fr\/#\/schema\/logo\/image\/","url":"https:\/\/www.comau.com\/wp-content\/uploads\/2024\/07\/cropped-Logo-COMAU.png","contentUrl":"https:\/\/www.comau.com\/wp-content\/uploads\/2024\/07\/cropped-Logo-COMAU.png","width":434,"height":434,"caption":"Comau"},"image":{"@id":"https:\/\/www.comau.com\/fr\/#\/schema\/logo\/image\/"},"sameAs":["https:\/\/www.facebook.com\/COMAU\/","https:\/\/x.com\/comaugroup","https:\/\/www.instagram.com\/comaugroup\/","https:\/\/www.linkedin.com\/company\/comau","https:\/\/www.youtube.com\/user\/comau"]}]}},"_links":{"self":[{"href":"https:\/\/www.comau.com\/fr\/wp-json\/wp\/v2\/pages\/6286","targetHints":{"allow":["GET"]}}],"collection":[{"href":"https:\/\/www.comau.com\/fr\/wp-json\/wp\/v2\/pages"}],"about":[{"href":"https:\/\/www.comau.com\/fr\/wp-json\/wp\/v2\/types\/page"}],"author":[{"embeddable":true,"href":"https:\/\/www.comau.com\/fr\/wp-json\/wp\/v2\/users\/11"}],"replies":[{"embeddable":true,"href":"https:\/\/www.comau.com\/fr\/wp-json\/wp\/v2\/comments?post=6286"}],"version-history":[{"count":14,"href":"https:\/\/www.comau.com\/fr\/wp-json\/wp\/v2\/pages\/6286\/revisions"}],"predecessor-version":[{"id":41998,"href":"https:\/\/www.comau.com\/fr\/wp-json\/wp\/v2\/pages\/6286\/revisions\/41998"}],"up":[{"embeddable":true,"href":"https:\/\/www.comau.com\/fr\/wp-json\/wp\/v2\/pages\/6241"}],"wp:featuredmedia":[{"embeddable":true,"href":"https:\/\/www.comau.com\/fr\/wp-json\/wp\/v2\/media\/6302"}],"wp:attachment":[{"href":"https:\/\/www.comau.com\/fr\/wp-json\/wp\/v2\/media?parent=6286"}],"curies":[{"name":"wp","href":"https:\/\/api.w.org\/{rel}","templated":true}]}}