{"id":6271,"date":"2021-07-01T01:01:19","date_gmt":"2021-06-30T23:01:19","guid":{"rendered":"https:\/\/www.comau.com\/?page_id=6271"},"modified":"2021-07-26T12:14:01","modified_gmt":"2021-07-26T10:14:01","slug":"companies-professionals","status":"publish","type":"page","link":"https:\/\/www.comau.com\/fr\/competencies\/systems\/consultancy-education\/companies-professionals\/","title":{"rendered":"Companies &#038; Professionals"},"content":{"rendered":"\n<h2 class=\"wp-block-heading\">Ayez une longueur d\u2019avance sur vos concurrents ou d\u00e9marrez votre carri\u00e8re avec la formation Comau pour entreprises et professionnels<\/h2>\n\n<p>Nos programmes de formation utilisent les ressources d\u2019apprentissage les plus avanc\u00e9es afin de d\u00e9velopper les comp\u00e9tences techniques n\u00e9cessaires pour faire face aux nouveaux d\u00e9fis de production. <\/p>\n\n<p>Avoir un meilleur produit ou une technologie plus avanc\u00e9e ne suffit plus. Les industries d\u2019aujourd&rsquo;hui doivent sans cesse am\u00e9liorer leurs processus de production pour rester comp\u00e9titives.  \n<\/p>\n\n<p>Notre expertise en automatisation industrielle, d\u00e9velopp\u00e9e sur plus de 40 ans, est l\u00e0 pour enseigner aux entreprises de toutes tailles \u00e0 moderniser leurs technologies de ligne de production et \u00e0 transformer leurs capacit\u00e9s de fabrication.  <\/p>\n\n<p>Par l\u2019entremise de cours cibl\u00e9s en automatisation industrielle, nous mettons notre culture de l\u2019automatisation au service des entreprises du monde entier. Notre approche unique et pratique permet \u00e0 ces organisations d\u2019am\u00e9liorer la qualit\u00e9 de leurs effectifs. Elles consolident \u00e9galement leurs comp\u00e9tences techniques et apprennent \u00e0 ma\u00eetriser des processus, syst\u00e8mes et technologies innovants. <\/p>\n\n<p>La Comau Project Management Academy (formations en gestion de projet &#8211; Comau PM Academy) m\u00eale des cours th\u00e9oriques en pr\u00e9sentiel, un partage des connaissances et une coop\u00e9ration avec d\u2019autres institutions pour former les entreprises et particuliers du monde entier. La Comau PM Academy est un prestataire de formation mondial certifi\u00e9 REP\u00ae (Registered Education Provider). Elle est officiellement reconnue par le Project Management Institute (PMI)\u00ae, qui est la plus grande association professionnelle de gestion de projet au monde. Toutes les formations sont \u00e9labor\u00e9es en interne et dispens\u00e9es par des professionnels de la gestion de projet de Comau. Nous utilisons ainsi notre exp\u00e9rience v\u00e9rifi\u00e9e sur le terrain, associ\u00e9e \u00e0 des projets complexes (approche pragmatique) et \u00e0 des m\u00e9thodes de gestion de projet internationalement reconnues (approche th\u00e9orique).<\/p>\n\n<p>PMI est une marque d\u00e9pos\u00e9e du Project Management Institute, Inc..<\/p>\n\n<div class=\"wp-block-columns columns-bg-dark three-per-row is-layout-flex wp-container-core-columns-is-layout-9d6595d7 wp-block-columns-is-layout-flex\">\n<div class=\"wp-block-column is-layout-flow wp-block-column-is-layout-flow\">\n<h3 class=\"wp-block-heading\">Master en Automatisation de la fabrication et transformation num\u00e9rique<\/h3>\n\n\n\n<p>D\u00e9crochez un Master en Automatisation de la fabrication et transformation num\u00e9rique, tout en acqu\u00e9rant les comp\u00e9tences techniques et manag\u00e9riales n\u00e9cessaires pour concevoir et g\u00e9rer des solutions d\u2019automatisation industrielle de pointe. Ce programme innovant combine l\u2019automatisation industrielle, la gestion d\u2019\u00e9quipe et de projet et le travail de projet en mettant l\u2019accent sur des sujets d\u2019automatisation de pointe. <br\/><br\/><strong>\nDur\u00e9e : 260 heures <br\/>4 modules sur 3 sites internationaux <\/strong><\/p>\n\n\n\n<div class=\"wp-block-buttons is-layout-flex wp-block-buttons-is-layout-flex\">\n<div class=\"wp-block-button\"><a class=\"wp-block-button__link\" href=\"https:\/\/www.comau.com\/fr\/competencies\/consultancy-education\/companies-professionals\/executive-master-in-manufacturing-automation-and-digital-transformation\/\">Lire la suite<\/a><\/div>\n<\/div>\n<\/div>\n\n\n\n<div class=\"wp-block-column is-layout-flow wp-block-column-is-layout-flow\">\n<h3 class=\"wp-block-heading\">Workshop \u2013 Industry 4.0<\/h3>\n\n\n\n<p>\u00cates-vous pr\u00eat \u00e0 explorer les <strong>opportunit\u00e9s et d\u00e9fis qui accompagnent la num\u00e9risation progressive des entreprises d&rsquo;aujourd&rsquo;hui<\/strong> dans un centre de formation de renomm\u00e9e internationale qui a \u00e9t\u00e9 cr\u00e9\u00e9 dans le but de mettre les 45 ans d&rsquo;exp\u00e9rience de Comau \u00e0 la disposition des organisations et des individus ?<\/p>\n\n\n\n<div class=\"wp-block-buttons is-layout-flex wp-block-buttons-is-layout-flex\">\n<div class=\"wp-block-button\"><a class=\"wp-block-button__link\" href=\"https:\/\/www.comau.com\/en\/our-offer\/systems\/consultancy-education\/companies-professionals\/workshop-industry-4-0\/\">Lire la suite<\/a><\/div>\n<\/div>\n<\/div>\n\n\n\n<div class=\"wp-block-column is-layout-flow wp-block-column-is-layout-flow\">\n<h3 class=\"wp-block-heading\">\u00c9l\u00e9ments fondamentaux de la gestion des risques<\/h3>\n\n\n\n<p>D\u00e9veloppez vos connaissances en gestion des risques li\u00e9s aux projets, notamment en ce qui concerne la d\u00e9tection des risques et les mesures pour \u00e9liminer, r\u00e9duire et consciemment traiter les risques, en accord avec les champs de connaissances pertinents du \u00ab\u202fA Guide to the Project Management Body of Knowledge (PMBOK\u00ae Guide) \u2013 Fifth Edition, Project Management Institute, Inc., 2013\u202f\u00bb. PMBOK est une marque d\u00e9pos\u00e9e du Project Management Institute, Inc. <br\/><br\/><strong>Dur\u00e9e : 16 heures<\/strong><\/p>\n\n\n\n<div class=\"wp-block-buttons is-layout-flex wp-block-buttons-is-layout-flex\">\n<div class=\"wp-block-button\"><a class=\"wp-block-button__link\" href=\"https:\/\/www.comau.com\/fr\/competencies\/consultancy-education\/companies-professionals\/risk-management-fundamentals\/\">Lire la suite<\/a><\/div>\n<\/div>\n<\/div>\n<\/div>\n\n<div class=\"wp-block-columns columns-bg-dark three-per-row is-layout-flex wp-container-core-columns-is-layout-9d6595d7 wp-block-columns-is-layout-flex\">\n<div class=\"wp-block-column is-layout-flow wp-block-column-is-layout-flow\">\n<h3 class=\"wp-block-heading\">PMF &#8211; \u00c9l\u00e9ments fondamentaux de la gestion de projet<\/h3>\n\n\n\n<p>Ma\u00eetrisez mieux l\u2019application des processus et pratiques de gestion de projet en mettant l\u2019accent sur la d\u00e9finition, la mise en \u0153uvre, la gestion, la conduite, la surveillance et le contr\u00f4le des projets et de leurs composants.<br\/><br\/><strong>Dur\u00e9e : 3 jours<br\/>24 PDU (Professional Development Units &#8211; Unit\u00e9s de formation professionnelle) ou heures de contact<\/strong><\/p>\n\n\n\n<div class=\"wp-block-buttons is-layout-flex wp-block-buttons-is-layout-flex\">\n<div class=\"wp-block-button\"><a class=\"wp-block-button__link\" href=\"https:\/\/www.comau.com\/fr\/competencies\/consultancy-education\/companies-professionals\/pmf-project-management-fundamentals\/\">Lire la suite<\/a><\/div>\n<\/div>\n<\/div>\n\n\n\n<div class=\"wp-block-column is-layout-flow wp-block-column-is-layout-flow\">\n<h3 class=\"wp-block-heading\">PMP\u00ae &#8211; Certification Professionnel de la gestion de projet<\/h3>\n\n\n\n<p>Formation intensive destin\u00e9e \u00e0 couvrir tous les processus du Project Management Institute (PMI)\u00ae, ses \u00e9l\u00e9ments de base, ses outils, ses techniques et ses r\u00e9sultats. Elle apporte aussi des connaissances suppl\u00e9mentaires (ressources humaines, th\u00e9ories sur la qualit\u00e9, et responsabilit\u00e9 \u00e9thique et professionnelle) n\u00e9cessaires pour r\u00e9ussir l\u2019examen PMP\u00ae. PMP est une marque d\u00e9pos\u00e9e du Project Management Institute, Inc.<br\/><br\/><strong>Dur\u00e9e : 6 jours<br\/>42 PDU (Professional Development Units &#8211; Unit\u00e9s de formation professionnelle) ou heures de contact <\/strong><\/p>\n\n\n\n<div class=\"wp-block-buttons is-layout-flex wp-block-buttons-is-layout-flex\">\n<div class=\"wp-block-button\"><a class=\"wp-block-button__link\" href=\"https:\/\/www.comau.com\/fr\/competencies\/consultancy-education\/companies-professionals\/professional-project-management-with-pmp-certification\/\">Lire la suite<\/a><\/div>\n<\/div>\n<\/div>\n\n\n\n<div class=\"wp-block-column is-layout-flow wp-block-column-is-layout-flow\">\n<h3 class=\"wp-block-heading\">PME &#8211; \u00c9l\u00e9ments essentiels de la gestion de projet<\/h3>\n\n\n\n<p>Affinez votre compr\u00e9hension de l\u2019environnement de projet et am\u00e9liorez votre capacit\u00e9 \u00e0 appliquer efficacement les processus de gestion de projet.<br\/><br\/><strong>Dur\u00e9e : 2 jours <br\/>15 PDU (Professional Development Units &#8211; Unit\u00e9s de formation professionnelle) ou heures de contact<\/strong><\/p>\n\n\n\n<div class=\"wp-block-buttons is-layout-flex wp-block-buttons-is-layout-flex\">\n<div class=\"wp-block-button\"><a class=\"wp-block-button__link\" href=\"https:\/\/www.comau.com\/fr\/competencies\/consultancy-education\/companies-professionals\/project-management-essentials-pme\/\">Lire la suite<\/a><\/div>\n<\/div>\n<\/div>\n<\/div>\n\n<div class=\"wp-block-columns columns-bg-dark four-per-row is-layout-flex wp-container-core-columns-is-layout-9d6595d7 wp-block-columns-is-layout-flex\">\n<div class=\"wp-block-column is-layout-flow wp-block-column-is-layout-flow\">\n<h3 class=\"wp-block-heading\">Utilisation et programmation<\/h3>\n\n\n\n<p>Apprenez les rudiments relatifs \u00e0 l\u2019utilisation et \u00e0 la programmation des syst\u00e8mes robotiques.\n<br\/><br\/><strong>\n1 cours<br\/>\n4 modules<br\/>\n4 jours<\/strong><\/p>\n\n\n\n<div class=\"wp-block-buttons is-layout-flex wp-block-buttons-is-layout-flex\">\n<div class=\"wp-block-button\"><a class=\"wp-block-button__link\" href=\"https:\/\/www.comau.com\/fr\/competencies\/consultancy-education\/companies-professionals\/robotics-training-use-and-programming\/\">Lire la suite<\/a><\/div>\n<\/div>\n<\/div>\n\n\n\n<div class=\"wp-block-column is-layout-flow wp-block-column-is-layout-flow\">\n<h3 class=\"wp-block-heading\">Programmation et int\u00e9gration avanc\u00e9es <\/h3>\n\n\n\n<p>D\u00e9veloppez vos comp\u00e9tences relatives aux moyens de communication et \u00e0 la programmation PDL2.\n<br\/><br\/>\n2 cours<br\/>\n2\/4 modules<br\/>\n2\/4 jours<\/p>\n\n\n\n<div class=\"wp-block-buttons is-layout-flex wp-block-buttons-is-layout-flex\">\n<div class=\"wp-block-button\"><a class=\"wp-block-button__link\" href=\"https:\/\/www.comau.com\/fr\/competencies\/consultancy-education\/companies-professionals\/robotics-training-advanced-programming-and-integration\/\">Lire la suite<\/a><\/div>\n<\/div>\n<\/div>\n\n\n\n<div class=\"wp-block-column is-layout-flow wp-block-column-is-layout-flow\">\n<h3 class=\"wp-block-heading\">Application<\/h3>\n\n\n\n<p>Am\u00e9liorez vos comp\u00e9tences et apprenez \u00e0 utiliser les interfaces des logiciels d\u2019application.\n<br\/><br\/>\n6 cours<br\/>\n2 modules<br\/>\n2 jours<\/p>\n\n\n\n<div class=\"wp-block-buttons is-layout-flex wp-block-buttons-is-layout-flex\">\n<div class=\"wp-block-button\"><a class=\"wp-block-button__link\" href=\"https:\/\/www.comau.com\/fr\/competencies\/consultancy-education\/companies-professionals\/robotics-training-application\/\">Lire la suite<\/a><\/div>\n<\/div>\n<\/div>\n\n\n\n<div class=\"wp-block-column is-layout-flow wp-block-column-is-layout-flow\">\n<h3 class=\"wp-block-heading\">Maintenance<\/h3>\n\n\n\n<p>D\u00e9veloppez vos comp\u00e9tences en maintenance \u00e9lectrique et m\u00e9canique.\n<br\/><br\/>\n2 cours<br\/>\n3\/4 modules<br\/>\n3\/4 jours<\/p>\n\n\n\n<div class=\"wp-block-buttons is-layout-flex wp-block-buttons-is-layout-flex\">\n<div class=\"wp-block-button\"><a class=\"wp-block-button__link\" href=\"https:\/\/www.comau.com\/fr\/competencies\/consultancy-education\/companies-professionals\/robotics-training-maintenance\/\">Lire la suite<\/a><\/div>\n<\/div>\n<\/div>\n<\/div>\n","protected":false},"excerpt":{"rendered":"<p>Ayez une longueur d\u2019avance sur vos concurrents ou d\u00e9marrez votre carri\u00e8re avec la formation Comau pour entreprises et professionnels Nos programmes de formation utilisent les ressources d\u2019apprentissage les plus avanc\u00e9es afin de d\u00e9velopper les comp\u00e9tences techniques n\u00e9cessaires pour faire face aux nouveaux d\u00e9fis de production. Avoir un meilleur produit ou une technologie plus avanc\u00e9e ne [&hellip;]<\/p>\n","protected":false},"author":11,"featured_media":6282,"parent":6241,"menu_order":1,"comment_status":"closed","ping_status":"closed","template":"","meta":{"_acf_changed":false,"ep_exclude_from_search":false,"footnotes":""},"class_list":["post-6271","page","type-page","status-publish","has-post-thumbnail","hentry"],"acf":[],"yoast_head":"<!-- This site is optimized with the Yoast SEO plugin v26.9 - https:\/\/yoast.com\/product\/yoast-seo-wordpress\/ -->\n<title>Companies &amp; Professionals - Comau<\/title>\n<meta name=\"robots\" content=\"index, follow, max-snippet:-1, max-image-preview:large, max-video-preview:-1\" \/>\n<link rel=\"canonical\" href=\"https:\/\/www.comau.com\/fr\/competencies\/systems\/consultancy-education\/companies-professionals\/\" \/>\n<meta property=\"og:locale\" content=\"fr_FR\" \/>\n<meta property=\"og:type\" content=\"article\" \/>\n<meta property=\"og:title\" content=\"Companies &amp; Professionals - Comau\" \/>\n<meta property=\"og:description\" content=\"Ayez une longueur d\u2019avance sur vos concurrents ou d\u00e9marrez votre carri\u00e8re avec la formation Comau pour entreprises et professionnels Nos programmes de formation utilisent les ressources d\u2019apprentissage les plus avanc\u00e9es afin de d\u00e9velopper les comp\u00e9tences techniques n\u00e9cessaires pour faire face aux nouveaux d\u00e9fis de production. Avoir un meilleur produit ou une technologie plus avanc\u00e9e ne [&hellip;]\" \/>\n<meta property=\"og:url\" content=\"https:\/\/www.comau.com\/fr\/competencies\/systems\/consultancy-education\/companies-professionals\/\" \/>\n<meta property=\"og:site_name\" content=\"Comau\" \/>\n<meta property=\"article:publisher\" content=\"https:\/\/www.facebook.com\/COMAU\/\" \/>\n<meta property=\"article:modified_time\" content=\"2021-07-26T10:14:01+00:00\" \/>\n<meta property=\"og:image\" content=\"https:\/\/www.comau.com\/wp-content\/uploads\/2021\/06\/header_DSC1940.png\" \/>\n\t<meta property=\"og:image:width\" content=\"1280\" \/>\n\t<meta property=\"og:image:height\" content=\"485\" \/>\n\t<meta property=\"og:image:type\" content=\"image\/png\" \/>\n<meta name=\"twitter:card\" content=\"summary_large_image\" \/>\n<meta name=\"twitter:site\" content=\"@comaugroup\" \/>\n<meta name=\"twitter:label1\" content=\"Dur\u00e9e de lecture estim\u00e9e\" \/>\n\t<meta name=\"twitter:data1\" content=\"4 minutes\" \/>\n<script type=\"application\/ld+json\" class=\"yoast-schema-graph\">{\"@context\":\"https:\/\/schema.org\",\"@graph\":[{\"@type\":\"WebPage\",\"@id\":\"https:\/\/www.comau.com\/fr\/competencies\/systems\/consultancy-education\/companies-professionals\/\",\"url\":\"https:\/\/www.comau.com\/fr\/competencies\/systems\/consultancy-education\/companies-professionals\/\",\"name\":\"Companies & Professionals - Comau\",\"isPartOf\":{\"@id\":\"https:\/\/www.comau.com\/fr\/#website\"},\"primaryImageOfPage\":{\"@id\":\"https:\/\/www.comau.com\/fr\/competencies\/systems\/consultancy-education\/companies-professionals\/#primaryimage\"},\"image\":{\"@id\":\"https:\/\/www.comau.com\/fr\/competencies\/systems\/consultancy-education\/companies-professionals\/#primaryimage\"},\"thumbnailUrl\":\"https:\/\/www.comau.com\/wp-content\/uploads\/2021\/06\/header_DSC1940.png\",\"datePublished\":\"2021-06-30T23:01:19+00:00\",\"dateModified\":\"2021-07-26T10:14:01+00:00\",\"breadcrumb\":{\"@id\":\"https:\/\/www.comau.com\/fr\/competencies\/systems\/consultancy-education\/companies-professionals\/#breadcrumb\"},\"inLanguage\":\"fr-FR\",\"potentialAction\":[{\"@type\":\"ReadAction\",\"target\":[\"https:\/\/www.comau.com\/fr\/competencies\/systems\/consultancy-education\/companies-professionals\/\"]}]},{\"@type\":\"ImageObject\",\"inLanguage\":\"fr-FR\",\"@id\":\"https:\/\/www.comau.com\/fr\/competencies\/systems\/consultancy-education\/companies-professionals\/#primaryimage\",\"url\":\"https:\/\/www.comau.com\/wp-content\/uploads\/2021\/06\/header_DSC1940.png\",\"contentUrl\":\"https:\/\/www.comau.com\/wp-content\/uploads\/2021\/06\/header_DSC1940.png\",\"width\":1280,\"height\":485},{\"@type\":\"BreadcrumbList\",\"@id\":\"https:\/\/www.comau.com\/fr\/competencies\/systems\/consultancy-education\/companies-professionals\/#breadcrumb\",\"itemListElement\":[{\"@type\":\"ListItem\",\"position\":1,\"name\":\"Home\",\"item\":\"https:\/\/www.comau.com\/fr\/\"},{\"@type\":\"ListItem\",\"position\":2,\"name\":\"Nos comp\u00e9tences\",\"item\":\"https:\/\/www.comau.com\/fr\/competencies\/\"},{\"@type\":\"ListItem\",\"position\":3,\"name\":\"Consultancy &amp; Education\",\"item\":\"https:\/\/www.comau.com\/fr\/competencies\/consultancy-education\/\"},{\"@type\":\"ListItem\",\"position\":4,\"name\":\"Companies &#038; Professionals\"}]},{\"@type\":\"WebSite\",\"@id\":\"https:\/\/www.comau.com\/fr\/#website\",\"url\":\"https:\/\/www.comau.com\/fr\/\",\"name\":\"Comau\",\"description\":\"Industrial automation and robotics\",\"publisher\":{\"@id\":\"https:\/\/www.comau.com\/fr\/#organization\"},\"potentialAction\":[{\"@type\":\"SearchAction\",\"target\":{\"@type\":\"EntryPoint\",\"urlTemplate\":\"https:\/\/www.comau.com\/fr\/?s={search_term_string}\"},\"query-input\":{\"@type\":\"PropertyValueSpecification\",\"valueRequired\":true,\"valueName\":\"search_term_string\"}}],\"inLanguage\":\"fr-FR\"},{\"@type\":\"Organization\",\"@id\":\"https:\/\/www.comau.com\/fr\/#organization\",\"name\":\"Comau\",\"url\":\"https:\/\/www.comau.com\/fr\/\",\"logo\":{\"@type\":\"ImageObject\",\"inLanguage\":\"fr-FR\",\"@id\":\"https:\/\/www.comau.com\/fr\/#\/schema\/logo\/image\/\",\"url\":\"https:\/\/www.comau.com\/wp-content\/uploads\/2024\/07\/cropped-Logo-COMAU.png\",\"contentUrl\":\"https:\/\/www.comau.com\/wp-content\/uploads\/2024\/07\/cropped-Logo-COMAU.png\",\"width\":434,\"height\":434,\"caption\":\"Comau\"},\"image\":{\"@id\":\"https:\/\/www.comau.com\/fr\/#\/schema\/logo\/image\/\"},\"sameAs\":[\"https:\/\/www.facebook.com\/COMAU\/\",\"https:\/\/x.com\/comaugroup\",\"https:\/\/www.instagram.com\/comaugroup\/\",\"https:\/\/www.linkedin.com\/company\/comau\",\"https:\/\/www.youtube.com\/user\/comau\"]}]}<\/script>\n<!-- \/ Yoast SEO plugin. -->","yoast_head_json":{"title":"Companies & Professionals - Comau","robots":{"index":"index","follow":"follow","max-snippet":"max-snippet:-1","max-image-preview":"max-image-preview:large","max-video-preview":"max-video-preview:-1"},"canonical":"https:\/\/www.comau.com\/fr\/competencies\/systems\/consultancy-education\/companies-professionals\/","og_locale":"fr_FR","og_type":"article","og_title":"Companies & Professionals - Comau","og_description":"Ayez une longueur d\u2019avance sur vos concurrents ou d\u00e9marrez votre carri\u00e8re avec la formation Comau pour entreprises et professionnels Nos programmes de formation utilisent les ressources d\u2019apprentissage les plus avanc\u00e9es afin de d\u00e9velopper les comp\u00e9tences techniques n\u00e9cessaires pour faire face aux nouveaux d\u00e9fis de production. Avoir un meilleur produit ou une technologie plus avanc\u00e9e ne [&hellip;]","og_url":"https:\/\/www.comau.com\/fr\/competencies\/systems\/consultancy-education\/companies-professionals\/","og_site_name":"Comau","article_publisher":"https:\/\/www.facebook.com\/COMAU\/","article_modified_time":"2021-07-26T10:14:01+00:00","og_image":[{"width":1280,"height":485,"url":"https:\/\/www.comau.com\/wp-content\/uploads\/2021\/06\/header_DSC1940.png","type":"image\/png"}],"twitter_card":"summary_large_image","twitter_site":"@comaugroup","twitter_misc":{"Dur\u00e9e de lecture estim\u00e9e":"4 minutes"},"schema":{"@context":"https:\/\/schema.org","@graph":[{"@type":"WebPage","@id":"https:\/\/www.comau.com\/fr\/competencies\/systems\/consultancy-education\/companies-professionals\/","url":"https:\/\/www.comau.com\/fr\/competencies\/systems\/consultancy-education\/companies-professionals\/","name":"Companies & Professionals - Comau","isPartOf":{"@id":"https:\/\/www.comau.com\/fr\/#website"},"primaryImageOfPage":{"@id":"https:\/\/www.comau.com\/fr\/competencies\/systems\/consultancy-education\/companies-professionals\/#primaryimage"},"image":{"@id":"https:\/\/www.comau.com\/fr\/competencies\/systems\/consultancy-education\/companies-professionals\/#primaryimage"},"thumbnailUrl":"https:\/\/www.comau.com\/wp-content\/uploads\/2021\/06\/header_DSC1940.png","datePublished":"2021-06-30T23:01:19+00:00","dateModified":"2021-07-26T10:14:01+00:00","breadcrumb":{"@id":"https:\/\/www.comau.com\/fr\/competencies\/systems\/consultancy-education\/companies-professionals\/#breadcrumb"},"inLanguage":"fr-FR","potentialAction":[{"@type":"ReadAction","target":["https:\/\/www.comau.com\/fr\/competencies\/systems\/consultancy-education\/companies-professionals\/"]}]},{"@type":"ImageObject","inLanguage":"fr-FR","@id":"https:\/\/www.comau.com\/fr\/competencies\/systems\/consultancy-education\/companies-professionals\/#primaryimage","url":"https:\/\/www.comau.com\/wp-content\/uploads\/2021\/06\/header_DSC1940.png","contentUrl":"https:\/\/www.comau.com\/wp-content\/uploads\/2021\/06\/header_DSC1940.png","width":1280,"height":485},{"@type":"BreadcrumbList","@id":"https:\/\/www.comau.com\/fr\/competencies\/systems\/consultancy-education\/companies-professionals\/#breadcrumb","itemListElement":[{"@type":"ListItem","position":1,"name":"Home","item":"https:\/\/www.comau.com\/fr\/"},{"@type":"ListItem","position":2,"name":"Nos comp\u00e9tences","item":"https:\/\/www.comau.com\/fr\/competencies\/"},{"@type":"ListItem","position":3,"name":"Consultancy &amp; Education","item":"https:\/\/www.comau.com\/fr\/competencies\/consultancy-education\/"},{"@type":"ListItem","position":4,"name":"Companies &#038; Professionals"}]},{"@type":"WebSite","@id":"https:\/\/www.comau.com\/fr\/#website","url":"https:\/\/www.comau.com\/fr\/","name":"Comau","description":"Industrial automation and robotics","publisher":{"@id":"https:\/\/www.comau.com\/fr\/#organization"},"potentialAction":[{"@type":"SearchAction","target":{"@type":"EntryPoint","urlTemplate":"https:\/\/www.comau.com\/fr\/?s={search_term_string}"},"query-input":{"@type":"PropertyValueSpecification","valueRequired":true,"valueName":"search_term_string"}}],"inLanguage":"fr-FR"},{"@type":"Organization","@id":"https:\/\/www.comau.com\/fr\/#organization","name":"Comau","url":"https:\/\/www.comau.com\/fr\/","logo":{"@type":"ImageObject","inLanguage":"fr-FR","@id":"https:\/\/www.comau.com\/fr\/#\/schema\/logo\/image\/","url":"https:\/\/www.comau.com\/wp-content\/uploads\/2024\/07\/cropped-Logo-COMAU.png","contentUrl":"https:\/\/www.comau.com\/wp-content\/uploads\/2024\/07\/cropped-Logo-COMAU.png","width":434,"height":434,"caption":"Comau"},"image":{"@id":"https:\/\/www.comau.com\/fr\/#\/schema\/logo\/image\/"},"sameAs":["https:\/\/www.facebook.com\/COMAU\/","https:\/\/x.com\/comaugroup","https:\/\/www.instagram.com\/comaugroup\/","https:\/\/www.linkedin.com\/company\/comau","https:\/\/www.youtube.com\/user\/comau"]}]}},"_links":{"self":[{"href":"https:\/\/www.comau.com\/fr\/wp-json\/wp\/v2\/pages\/6271","targetHints":{"allow":["GET"]}}],"collection":[{"href":"https:\/\/www.comau.com\/fr\/wp-json\/wp\/v2\/pages"}],"about":[{"href":"https:\/\/www.comau.com\/fr\/wp-json\/wp\/v2\/types\/page"}],"author":[{"embeddable":true,"href":"https:\/\/www.comau.com\/fr\/wp-json\/wp\/v2\/users\/11"}],"replies":[{"embeddable":true,"href":"https:\/\/www.comau.com\/fr\/wp-json\/wp\/v2\/comments?post=6271"}],"version-history":[{"count":38,"href":"https:\/\/www.comau.com\/fr\/wp-json\/wp\/v2\/pages\/6271\/revisions"}],"predecessor-version":[{"id":37343,"href":"https:\/\/www.comau.com\/fr\/wp-json\/wp\/v2\/pages\/6271\/revisions\/37343"}],"up":[{"embeddable":true,"href":"https:\/\/www.comau.com\/fr\/wp-json\/wp\/v2\/pages\/6241"}],"wp:featuredmedia":[{"embeddable":true,"href":"https:\/\/www.comau.com\/fr\/wp-json\/wp\/v2\/media\/6282"}],"wp:attachment":[{"href":"https:\/\/www.comau.com\/fr\/wp-json\/wp\/v2\/media?parent=6271"}],"curies":[{"name":"wp","href":"https:\/\/api.w.org\/{rel}","templated":true}]}}