{"id":6241,"date":"2021-07-01T00:06:04","date_gmt":"2021-06-30T22:06:04","guid":{"rendered":"https:\/\/www.comau.com\/?page_id=6241"},"modified":"2022-10-19T11:05:44","modified_gmt":"2022-10-19T09:05:44","slug":"consultancy-education","status":"publish","type":"page","link":"https:\/\/www.comau.com\/fr\/competencies\/systems\/consultancy-education\/","title":{"rendered":"Consultancy &amp; Education"},"content":{"rendered":"\n<h2 class=\"wp-block-heading\">L&rsquo;apprentissage par l&rsquo;exp\u00e9rience<\/h2>\n\n\n\n<p>Notre soci\u00e9t\u00e9 est constitu\u00e9e de personnes et de leur savoir-faire. <\/p>\n\n\n\n<p>Nous sommes la culture de l&rsquo;automatisation et la Comau Academy se veut un moyen de partager nos connaissances en proposant des masters, des programmes de formation, des s\u00e9minaires et des publications aux entreprises, professionnels et jeunes talents.<\/p>\n\n\n\n<h2 class=\"wp-block-heading\">Formations<\/h2>\n\n\n\n<p>La Comau Academy offre une grande panoplie de formations sp\u00e9cialement destin\u00e9es aux professionnels et aux jeunes talents. <\/p>\n\n\n\n<p>D\u00e9couvrez notre offre et faites le choix d&rsquo;investir dans votre avenir.<\/p>\n\n\n\n<p><em>D\u00e9veloppez les comp\u00e9tences techniques et manag\u00e9riales n\u00e9cessaires pour concevoir et g\u00e9rer des solutions d&rsquo;automatisation industrielle de pointe.<\/em><\/p>\n\n\n\n<h2 class=\"wp-block-heading\">Programmes de formation pourEntrepriseset professionnels<\/h2>\n\n\n\n<p>Le monde de la fabrication change.<br>Les nouveaux d\u00e9fis de production n\u00e9cessitent les meilleures personnes.<\/p>\n\n\n\n<figure class=\"wp-block-image size-large\"><img decoding=\"async\" width=\"1024\" height=\"388\" src=\"https:\/\/www.comau.com\/wp-content\/uploads\/2021\/06\/header_DSC1940-1024x388.png\" alt=\"\" class=\"wp-image-1080\" srcset=\"https:\/\/www.comau.com\/wp-content\/uploads\/2021\/06\/header_DSC1940-1024x388.png 1024w, https:\/\/www.comau.com\/wp-content\/uploads\/2021\/06\/header_DSC1940-300x114.png 300w, https:\/\/www.comau.com\/wp-content\/uploads\/2021\/06\/header_DSC1940-768x291.png 768w, https:\/\/www.comau.com\/wp-content\/uploads\/2021\/06\/header_DSC1940.png 1280w\" sizes=\"(max-width: 1024px) 100vw, 1024px\" \/><\/figure>\n\n\n\n<div class=\"wp-block-buttons is-layout-flex wp-block-buttons-is-layout-flex\">\n<div class=\"wp-block-button\"><a class=\"wp-block-button__link\" href=\"https:\/\/www.comau.com\/fr\/competencies\/systems\/consultancy-education\/companies-professionals\/\">D\u00e9couvrir plus<\/a><\/div>\n<\/div>\n\n\n\n<h2 class=\"wp-block-heading\">Formations \u00e0 la robotique<\/h2>\n\n\n\n<figure class=\"wp-block-image size-large\"><img decoding=\"async\" width=\"1024\" height=\"388\" src=\"https:\/\/www.comau.com\/wp-content\/uploads\/2021\/07\/Edo-per-research.jpg\" alt=\"\" class=\"wp-image-6255\" srcset=\"https:\/\/www.comau.com\/wp-content\/uploads\/2021\/07\/Edo-per-research.jpg 1024w, https:\/\/www.comau.com\/wp-content\/uploads\/2021\/07\/Edo-per-research-300x114.jpg 300w, https:\/\/www.comau.com\/wp-content\/uploads\/2021\/07\/Edo-per-research-768x291.jpg 768w\" sizes=\"(max-width: 1024px) 100vw, 1024px\" \/><\/figure>\n\n\n\n<figure class=\"wp-block-embed is-type-wp-embed is-provider-comau wp-block-embed-comau\"><div class=\"wp-block-embed__wrapper\">\n<blockquote class=\"wp-embedded-content\" data-secret=\"RFj0ZuYgDD\"><a href=\"https:\/\/www.comau.com\/en\/competencies\/consultancy-education\/robotics-license\/\">Robotics License<\/a><\/blockquote><iframe class=\"wp-embedded-content\" sandbox=\"allow-scripts\" security=\"restricted\" style=\"position: absolute; clip: rect(1px, 1px, 1px, 1px);\" title=\"\u00ab\u00a0Robotics License\u00a0\u00bb &#8212; Comau\" src=\"https:\/\/www.comau.com\/en\/competencies\/consultancy-education\/robotics-license\/embed\/#?secret=chXZUz7tba#?secret=RFj0ZuYgDD\" data-secret=\"RFj0ZuYgDD\" width=\"600\" height=\"338\" frameborder=\"0\" marginwidth=\"0\" marginheight=\"0\" scrolling=\"no\"><\/iframe>\n<\/div><\/figure>\n\n\n\n<div class=\"wp-block-buttons is-layout-flex wp-block-buttons-is-layout-flex\">\n<div class=\"wp-block-button\"><a class=\"wp-block-button__link\" href=\"https:\/\/www.comau.com\/fr\/competencies\/systems\/consultancy-education\/robotics-license\/\">D\u00e9couvrir plus<\/a><\/div>\n<\/div>\n\n\n\n<h2 class=\"wp-block-heading\">Programmes de formation pour Jeunes Talents<\/h2>\n\n\n\n<p>Comau croit dans les jeunes talents et souhaite continuer \u00e0 investir dans l\u2019avenir.<\/p>\n\n\n\n<figure class=\"wp-block-image size-large\"><img decoding=\"async\" width=\"1024\" height=\"388\" src=\"https:\/\/www.comau.com\/wp-content\/uploads\/2021\/06\/header_DSC1951-1024x388.png\" alt=\"\" class=\"wp-image-1212\" srcset=\"https:\/\/www.comau.com\/wp-content\/uploads\/2021\/06\/header_DSC1951-1024x388.png 1024w, https:\/\/www.comau.com\/wp-content\/uploads\/2021\/06\/header_DSC1951-300x114.png 300w, https:\/\/www.comau.com\/wp-content\/uploads\/2021\/06\/header_DSC1951-768x291.png 768w, https:\/\/www.comau.com\/wp-content\/uploads\/2021\/06\/header_DSC1951.png 1280w\" sizes=\"(max-width: 1024px) 100vw, 1024px\" \/><\/figure>\n\n\n\n<div class=\"wp-block-buttons is-layout-flex wp-block-buttons-is-layout-flex\">\n<div class=\"wp-block-button\"><a class=\"wp-block-button__link\" href=\"https:\/\/www.comau.com\/fr\/competencies\/systems\/consultancy-education\/young-talents\/\">D\u00e9couvrir plus<\/a><\/div>\n<\/div>\n\n\n\n<h2 class=\"wp-block-heading\">L&rsquo; Exp\u00e9rience e.DO\u2122- inspiration et engagement <\/h2>\n\n\n\n<p>Chez Comau, <strong>\u200b\nnous travaillons directement avec les \u00e9tudiants et les professeurs pour faire \u00e9voluer l&rsquo;usage de la robotique et l&rsquo;appr\u00e9hender comme un outil de formation innovant.<\/strong><\/p>\n\n\n\n<p><strong>e.DO\u2122<\/strong><strong> is a flexible and highly versatile interactive robot<\/strong> designed to stimulate <strong>critical thinking<\/strong> and <strong>problem solving<\/strong> and students\u2019 participation inside and outside the classroom.<\/p>\n\n\n\n<p>From <strong>activity-based Math lessons for primary schools to advanced Mathematics with aspects of Physics and Economics for high school students,<\/strong> e.DO makes learning fun while helping prepare students of all ages for the future.<\/p>\n\n\n\n<p>Our robotics-based learning offering even includes helping high school students acquire an <strong>internationally-recognized robotics certificate<\/strong>. The e.DO educational philosophy is helping more and more teachers deploy robotics within the classroom as part of a modern and highly-relevant school-to-work learning path.<\/p>\n\n\n\n<div class=\"wp-block-buttons is-layout-flex wp-block-buttons-is-layout-flex\">\n<div class=\"wp-block-button\"><a class=\"wp-block-button__link\" href=\"https:\/\/www.comau.com\/fr\/competencies\/systems\/consultancy-education\/e-do-experience\/\">D\u00e9couvrir plus<\/a><\/div>\n\n\n\n<div class=\"wp-block-button\"><a class=\"wp-block-button__link\" href=\"https:\/\/edo.cloud\/\" target=\"_blank\" rel=\"noreferrer noopener\">Discover e.DO\u2122 Experience<\/a><\/div>\n<\/div>\n\n\n\n<h2 class=\"wp-block-heading\">Web Academy<\/h2>\n\n\n\n<p>Am\u00e9liorez vos comp\u00e9tences depuis votre bureau avec nos Web Academy.<\/p>\n\n\n\n<figure class=\"wp-block-image size-large\"><img decoding=\"async\" width=\"1024\" height=\"404\" src=\"https:\/\/www.comau.com\/wp-content\/uploads\/2021\/06\/online-courses-1024x404.jpg\" alt=\"\" class=\"wp-image-1141\" srcset=\"https:\/\/www.comau.com\/wp-content\/uploads\/2021\/06\/online-courses-1024x404.jpg 1024w, https:\/\/www.comau.com\/wp-content\/uploads\/2021\/06\/online-courses-300x118.jpg 300w, https:\/\/www.comau.com\/wp-content\/uploads\/2021\/06\/online-courses-768x303.jpg 768w, https:\/\/www.comau.com\/wp-content\/uploads\/2021\/06\/online-courses.jpg 1180w\" sizes=\"(max-width: 1024px) 100vw, 1024px\" \/><\/figure>\n\n\n\n<div class=\"wp-block-buttons is-layout-flex wp-block-buttons-is-layout-flex\">\n<div class=\"wp-block-button\"><a class=\"wp-block-button__link\" href=\"https:\/\/www.comau.com\/fr\/competencies\/systems\/consultancy-education\/web-academy\/\">D\u00e9couvrir plus<\/a><\/div>\n<\/div>\n\n\n\n<div class=\"wp-block-columns align-items-center compact-rows wide-section-light-1 is-layout-flex wp-container-core-columns-is-layout-9d6595d7 wp-block-columns-is-layout-flex\">\n<div class=\"wp-block-column is-layout-flow wp-block-column-is-layout-flow\">\n<h2 class=\"wp-block-heading\">Publications<\/h2>\n\n\n\n<p>Issues de 45\u00a0ans d\u2019exp\u00e9rience dans l\u2019Automatisation industrielle, Comau a publi\u00e9 de nombreux guides op\u00e9rationnels, de gestion et pratiques. <strong>Project &amp; People Management \u2013 An Operational Guide<\/strong> pr\u00e9sente les exp\u00e9riences, m\u00e9thodologies et pratiques utilis\u00e9es globalement par le Groupe Comau en termes de gestion des projets et des ressources.<\/p>\n\n\n\n<p><strong>Managing Challenges Across Cultures \u2013 A Multicultural Project Team Toolbox<\/strong> pr\u00e9sente les r\u00e9sultats d\u2019un programme r\u00e9alis\u00e9 sur plusieurs ann\u00e9es par l\u2019Acad\u00e9mie de gestion de projets Comau en collaboration avec TCO International.<\/p>\n\n\n\n<p>Publi\u00e9 en 2018,<strong> Giovani, Universit\u00e0 e Azienda: il nuovo perimetro formativo- L\u2019esperienza della Project &amp; People Management School <\/strong>(Les jeunes, les universit\u00e9s et les entreprises\u00a0: le nouveau p\u00e9rim\u00e8tre de formation \u2013 L\u2019exp\u00e9rience de la Project &amp; People Management School) pr\u00e9sente le mod\u00e8le de formation de la P&amp;PM School Comau, une expression de collaboration strat\u00e9gique entre le monde acad\u00e9mique et le monde professionnel.<\/p>\n\n\n\n<div class=\"wp-block-buttons is-layout-flex wp-block-buttons-is-layout-flex\">\n<div class=\"wp-block-button\"><a class=\"wp-block-button__link\" href=\"https:\/\/www.comau.com\/fr\/competencies\/systems\/consultancy-education\/publications\/\">Lire la suite<\/a><\/div>\n<\/div>\n<\/div>\n\n\n\n<div class=\"wp-block-column is-layout-flow wp-block-column-is-layout-flow\">\n<figure class=\"wp-block-image size-large\"><img decoding=\"async\" width=\"600\" height=\"563\" src=\"https:\/\/www.comau.com\/wp-content\/uploads\/2021\/06\/comau_book_academy.png\" alt=\"\" class=\"wp-image-6254\" srcset=\"https:\/\/www.comau.com\/wp-content\/uploads\/2021\/06\/comau_book_academy.png 600w, https:\/\/www.comau.com\/wp-content\/uploads\/2021\/06\/comau_book_academy-300x282.png 300w\" sizes=\"(max-width: 600px) 100vw, 600px\" \/><\/figure>\n<\/div>\n<\/div>\n\n\n\n<figure class=\"wp-block-embed is-type-video is-provider-youtube wp-block-embed-youtube wp-embed-aspect-16-9 wp-has-aspect-ratio\"><div class=\"wp-block-embed__wrapper\">\n<iframe title=\"Comau. Sharing to educate - Ezio Fregnan\" width=\"640\" height=\"360\" src=\"https:\/\/www.youtube.com\/embed\/aoiU6vYPPJI?feature=oembed\" frameborder=\"0\" allow=\"accelerometer; autoplay; clipboard-write; encrypted-media; gyroscope; picture-in-picture; web-share\" referrerpolicy=\"strict-origin-when-cross-origin\" allowfullscreen><\/iframe>\n<\/div><\/figure>\n","protected":false},"excerpt":{"rendered":"<p>L&rsquo;apprentissage par l&rsquo;exp\u00e9rience Notre soci\u00e9t\u00e9 est constitu\u00e9e de personnes et de leur savoir-faire. Nous sommes la culture de l&rsquo;automatisation et la Comau Academy se veut un moyen de partager nos connaissances en proposant des masters, des programmes de formation, des s\u00e9minaires et des publications aux entreprises, professionnels et jeunes talents. Formations La Comau Academy offre [&hellip;]<\/p>\n","protected":false},"author":11,"featured_media":6252,"parent":65257,"menu_order":6,"comment_status":"closed","ping_status":"closed","template":"","meta":{"_acf_changed":false,"ep_exclude_from_search":false,"footnotes":""},"class_list":["post-6241","page","type-page","status-publish","has-post-thumbnail","hentry"],"acf":[],"yoast_head":"<!-- This site is optimized with the Yoast SEO plugin v26.9 - https:\/\/yoast.com\/product\/yoast-seo-wordpress\/ -->\n<title>Consultancy &amp; Education - Comau<\/title>\n<meta name=\"robots\" content=\"index, follow, max-snippet:-1, max-image-preview:large, max-video-preview:-1\" \/>\n<link rel=\"canonical\" href=\"https:\/\/www.comau.com\/fr\/competencies\/systems\/consultancy-education\/\" \/>\n<meta property=\"og:locale\" content=\"fr_FR\" \/>\n<meta property=\"og:type\" content=\"article\" \/>\n<meta property=\"og:title\" content=\"Consultancy &amp; Education - Comau\" \/>\n<meta property=\"og:description\" content=\"L&rsquo;apprentissage par l&rsquo;exp\u00e9rience Notre soci\u00e9t\u00e9 est constitu\u00e9e de personnes et de leur savoir-faire. Nous sommes la culture de l&rsquo;automatisation et la Comau Academy se veut un moyen de partager nos connaissances en proposant des masters, des programmes de formation, des s\u00e9minaires et des publications aux entreprises, professionnels et jeunes talents. Formations La Comau Academy offre [&hellip;]\" \/>\n<meta property=\"og:url\" content=\"https:\/\/www.comau.com\/fr\/competencies\/systems\/consultancy-education\/\" \/>\n<meta property=\"og:site_name\" content=\"Comau\" \/>\n<meta property=\"article:publisher\" content=\"https:\/\/www.facebook.com\/COMAU\/\" \/>\n<meta property=\"article:modified_time\" content=\"2022-10-19T09:05:44+00:00\" \/>\n<meta property=\"og:image\" content=\"https:\/\/www.comau.com\/wp-content\/uploads\/2021\/06\/academy-overview_header.jpg\" \/>\n\t<meta property=\"og:image:width\" content=\"1280\" \/>\n\t<meta property=\"og:image:height\" content=\"485\" \/>\n\t<meta property=\"og:image:type\" content=\"image\/jpeg\" \/>\n<meta name=\"twitter:card\" content=\"summary_large_image\" \/>\n<meta name=\"twitter:site\" content=\"@comaugroup\" \/>\n<meta name=\"twitter:label1\" content=\"Dur\u00e9e de lecture estim\u00e9e\" \/>\n\t<meta name=\"twitter:data1\" content=\"4 minutes\" \/>\n<script type=\"application\/ld+json\" class=\"yoast-schema-graph\">{\"@context\":\"https:\/\/schema.org\",\"@graph\":[{\"@type\":\"WebPage\",\"@id\":\"https:\/\/www.comau.com\/fr\/competencies\/systems\/consultancy-education\/\",\"url\":\"https:\/\/www.comau.com\/fr\/competencies\/systems\/consultancy-education\/\",\"name\":\"Consultancy &amp; Education - Comau\",\"isPartOf\":{\"@id\":\"https:\/\/www.comau.com\/fr\/#website\"},\"primaryImageOfPage\":{\"@id\":\"https:\/\/www.comau.com\/fr\/competencies\/systems\/consultancy-education\/#primaryimage\"},\"image\":{\"@id\":\"https:\/\/www.comau.com\/fr\/competencies\/systems\/consultancy-education\/#primaryimage\"},\"thumbnailUrl\":\"https:\/\/www.comau.com\/wp-content\/uploads\/2021\/06\/academy-overview_header.jpg\",\"datePublished\":\"2021-06-30T22:06:04+00:00\",\"dateModified\":\"2022-10-19T09:05:44+00:00\",\"breadcrumb\":{\"@id\":\"https:\/\/www.comau.com\/fr\/competencies\/systems\/consultancy-education\/#breadcrumb\"},\"inLanguage\":\"fr-FR\",\"potentialAction\":[{\"@type\":\"ReadAction\",\"target\":[\"https:\/\/www.comau.com\/fr\/competencies\/systems\/consultancy-education\/\"]}]},{\"@type\":\"ImageObject\",\"inLanguage\":\"fr-FR\",\"@id\":\"https:\/\/www.comau.com\/fr\/competencies\/systems\/consultancy-education\/#primaryimage\",\"url\":\"https:\/\/www.comau.com\/wp-content\/uploads\/2021\/06\/academy-overview_header.jpg\",\"contentUrl\":\"https:\/\/www.comau.com\/wp-content\/uploads\/2021\/06\/academy-overview_header.jpg\",\"width\":1280,\"height\":485},{\"@type\":\"BreadcrumbList\",\"@id\":\"https:\/\/www.comau.com\/fr\/competencies\/systems\/consultancy-education\/#breadcrumb\",\"itemListElement\":[{\"@type\":\"ListItem\",\"position\":1,\"name\":\"Home\",\"item\":\"https:\/\/www.comau.com\/fr\/\"},{\"@type\":\"ListItem\",\"position\":2,\"name\":\"Nos comp\u00e9tences\",\"item\":\"https:\/\/www.comau.com\/fr\/competencies\/\"},{\"@type\":\"ListItem\",\"position\":3,\"name\":\"Consultancy &amp; Education\"}]},{\"@type\":\"WebSite\",\"@id\":\"https:\/\/www.comau.com\/fr\/#website\",\"url\":\"https:\/\/www.comau.com\/fr\/\",\"name\":\"Comau\",\"description\":\"Industrial automation and robotics\",\"publisher\":{\"@id\":\"https:\/\/www.comau.com\/fr\/#organization\"},\"potentialAction\":[{\"@type\":\"SearchAction\",\"target\":{\"@type\":\"EntryPoint\",\"urlTemplate\":\"https:\/\/www.comau.com\/fr\/?s={search_term_string}\"},\"query-input\":{\"@type\":\"PropertyValueSpecification\",\"valueRequired\":true,\"valueName\":\"search_term_string\"}}],\"inLanguage\":\"fr-FR\"},{\"@type\":\"Organization\",\"@id\":\"https:\/\/www.comau.com\/fr\/#organization\",\"name\":\"Comau\",\"url\":\"https:\/\/www.comau.com\/fr\/\",\"logo\":{\"@type\":\"ImageObject\",\"inLanguage\":\"fr-FR\",\"@id\":\"https:\/\/www.comau.com\/fr\/#\/schema\/logo\/image\/\",\"url\":\"https:\/\/www.comau.com\/wp-content\/uploads\/2024\/07\/cropped-Logo-COMAU.png\",\"contentUrl\":\"https:\/\/www.comau.com\/wp-content\/uploads\/2024\/07\/cropped-Logo-COMAU.png\",\"width\":434,\"height\":434,\"caption\":\"Comau\"},\"image\":{\"@id\":\"https:\/\/www.comau.com\/fr\/#\/schema\/logo\/image\/\"},\"sameAs\":[\"https:\/\/www.facebook.com\/COMAU\/\",\"https:\/\/x.com\/comaugroup\",\"https:\/\/www.instagram.com\/comaugroup\/\",\"https:\/\/www.linkedin.com\/company\/comau\",\"https:\/\/www.youtube.com\/user\/comau\"]}]}<\/script>\n<!-- \/ Yoast SEO plugin. -->","yoast_head_json":{"title":"Consultancy &amp; Education - Comau","robots":{"index":"index","follow":"follow","max-snippet":"max-snippet:-1","max-image-preview":"max-image-preview:large","max-video-preview":"max-video-preview:-1"},"canonical":"https:\/\/www.comau.com\/fr\/competencies\/systems\/consultancy-education\/","og_locale":"fr_FR","og_type":"article","og_title":"Consultancy &amp; Education - Comau","og_description":"L&rsquo;apprentissage par l&rsquo;exp\u00e9rience Notre soci\u00e9t\u00e9 est constitu\u00e9e de personnes et de leur savoir-faire. Nous sommes la culture de l&rsquo;automatisation et la Comau Academy se veut un moyen de partager nos connaissances en proposant des masters, des programmes de formation, des s\u00e9minaires et des publications aux entreprises, professionnels et jeunes talents. Formations La Comau Academy offre [&hellip;]","og_url":"https:\/\/www.comau.com\/fr\/competencies\/systems\/consultancy-education\/","og_site_name":"Comau","article_publisher":"https:\/\/www.facebook.com\/COMAU\/","article_modified_time":"2022-10-19T09:05:44+00:00","og_image":[{"width":1280,"height":485,"url":"https:\/\/www.comau.com\/wp-content\/uploads\/2021\/06\/academy-overview_header.jpg","type":"image\/jpeg"}],"twitter_card":"summary_large_image","twitter_site":"@comaugroup","twitter_misc":{"Dur\u00e9e de lecture estim\u00e9e":"4 minutes"},"schema":{"@context":"https:\/\/schema.org","@graph":[{"@type":"WebPage","@id":"https:\/\/www.comau.com\/fr\/competencies\/systems\/consultancy-education\/","url":"https:\/\/www.comau.com\/fr\/competencies\/systems\/consultancy-education\/","name":"Consultancy &amp; Education - Comau","isPartOf":{"@id":"https:\/\/www.comau.com\/fr\/#website"},"primaryImageOfPage":{"@id":"https:\/\/www.comau.com\/fr\/competencies\/systems\/consultancy-education\/#primaryimage"},"image":{"@id":"https:\/\/www.comau.com\/fr\/competencies\/systems\/consultancy-education\/#primaryimage"},"thumbnailUrl":"https:\/\/www.comau.com\/wp-content\/uploads\/2021\/06\/academy-overview_header.jpg","datePublished":"2021-06-30T22:06:04+00:00","dateModified":"2022-10-19T09:05:44+00:00","breadcrumb":{"@id":"https:\/\/www.comau.com\/fr\/competencies\/systems\/consultancy-education\/#breadcrumb"},"inLanguage":"fr-FR","potentialAction":[{"@type":"ReadAction","target":["https:\/\/www.comau.com\/fr\/competencies\/systems\/consultancy-education\/"]}]},{"@type":"ImageObject","inLanguage":"fr-FR","@id":"https:\/\/www.comau.com\/fr\/competencies\/systems\/consultancy-education\/#primaryimage","url":"https:\/\/www.comau.com\/wp-content\/uploads\/2021\/06\/academy-overview_header.jpg","contentUrl":"https:\/\/www.comau.com\/wp-content\/uploads\/2021\/06\/academy-overview_header.jpg","width":1280,"height":485},{"@type":"BreadcrumbList","@id":"https:\/\/www.comau.com\/fr\/competencies\/systems\/consultancy-education\/#breadcrumb","itemListElement":[{"@type":"ListItem","position":1,"name":"Home","item":"https:\/\/www.comau.com\/fr\/"},{"@type":"ListItem","position":2,"name":"Nos comp\u00e9tences","item":"https:\/\/www.comau.com\/fr\/competencies\/"},{"@type":"ListItem","position":3,"name":"Consultancy &amp; Education"}]},{"@type":"WebSite","@id":"https:\/\/www.comau.com\/fr\/#website","url":"https:\/\/www.comau.com\/fr\/","name":"Comau","description":"Industrial automation and robotics","publisher":{"@id":"https:\/\/www.comau.com\/fr\/#organization"},"potentialAction":[{"@type":"SearchAction","target":{"@type":"EntryPoint","urlTemplate":"https:\/\/www.comau.com\/fr\/?s={search_term_string}"},"query-input":{"@type":"PropertyValueSpecification","valueRequired":true,"valueName":"search_term_string"}}],"inLanguage":"fr-FR"},{"@type":"Organization","@id":"https:\/\/www.comau.com\/fr\/#organization","name":"Comau","url":"https:\/\/www.comau.com\/fr\/","logo":{"@type":"ImageObject","inLanguage":"fr-FR","@id":"https:\/\/www.comau.com\/fr\/#\/schema\/logo\/image\/","url":"https:\/\/www.comau.com\/wp-content\/uploads\/2024\/07\/cropped-Logo-COMAU.png","contentUrl":"https:\/\/www.comau.com\/wp-content\/uploads\/2024\/07\/cropped-Logo-COMAU.png","width":434,"height":434,"caption":"Comau"},"image":{"@id":"https:\/\/www.comau.com\/fr\/#\/schema\/logo\/image\/"},"sameAs":["https:\/\/www.facebook.com\/COMAU\/","https:\/\/x.com\/comaugroup","https:\/\/www.instagram.com\/comaugroup\/","https:\/\/www.linkedin.com\/company\/comau","https:\/\/www.youtube.com\/user\/comau"]}]}},"_links":{"self":[{"href":"https:\/\/www.comau.com\/fr\/wp-json\/wp\/v2\/pages\/6241","targetHints":{"allow":["GET"]}}],"collection":[{"href":"https:\/\/www.comau.com\/fr\/wp-json\/wp\/v2\/pages"}],"about":[{"href":"https:\/\/www.comau.com\/fr\/wp-json\/wp\/v2\/types\/page"}],"author":[{"embeddable":true,"href":"https:\/\/www.comau.com\/fr\/wp-json\/wp\/v2\/users\/11"}],"replies":[{"embeddable":true,"href":"https:\/\/www.comau.com\/fr\/wp-json\/wp\/v2\/comments?post=6241"}],"version-history":[{"count":27,"href":"https:\/\/www.comau.com\/fr\/wp-json\/wp\/v2\/pages\/6241\/revisions"}],"predecessor-version":[{"id":48485,"href":"https:\/\/www.comau.com\/fr\/wp-json\/wp\/v2\/pages\/6241\/revisions\/48485"}],"up":[{"embeddable":true,"href":"https:\/\/www.comau.com\/fr\/wp-json\/wp\/v2\/pages\/65257"}],"wp:featuredmedia":[{"embeddable":true,"href":"https:\/\/www.comau.com\/fr\/wp-json\/wp\/v2\/media\/6252"}],"wp:attachment":[{"href":"https:\/\/www.comau.com\/fr\/wp-json\/wp\/v2\/media?parent=6241"}],"curies":[{"name":"wp","href":"https:\/\/api.w.org\/{rel}","templated":true}]}}