{"id":6216,"date":"2021-07-01T01:02:21","date_gmt":"2021-06-30T23:02:21","guid":{"rendered":"https:\/\/www.comau.com\/?page_id=6216"},"modified":"2022-10-19T10:27:57","modified_gmt":"2022-10-19T08:27:57","slug":"technologies","status":"publish","type":"page","link":"https:\/\/www.comau.com\/fr\/competencies\/products-solutions\/digital-initiatives\/technologies\/","title":{"rendered":"Technologies"},"content":{"rendered":"\n<p>Chez Comau, l&rsquo;innovation est un \u00e9tat d&rsquo;esprit et un moteur d&rsquo;excellence. C&rsquo;est un domaine dans lequel nous sommes consid\u00e9r\u00e9s comme bien meilleurs que nos concurrents. C&rsquo;est ce qui nous pousse \u00e0 atteindre de nouveaux sommets et c&rsquo;est pourquoi nous engageons des ressources humaines et financi\u00e8res significatives en R&amp;D, afin de rester \u00e0 la pointe de l&rsquo;innovation dans le domaine de la production industrielle. <\/p>\n\n\n\n<p>Un exemple concret de notre engagement dans l&rsquo;innovation est symbolis\u00e9 par nos nombreuses premi\u00e8res, notre capacit\u00e9 \u00e0 anticiper les tendances technologiques et la mise en \u0153uvre de projets pilotes contribuant \u00e0 red\u00e9finir les paradigmes de fabrication.<\/p>\n\n\n\n<h2 class=\"wp-block-heading\">Projets pilotes<\/h2>\n\n\n\n<div class=\"wp-block-columns columns-bg-dark compact-rows is-layout-flex wp-container-core-columns-is-layout-9d6595d7 wp-block-columns-is-layout-flex\">\n<div class=\"wp-block-column is-layout-flow wp-block-column-is-layout-flow\">\n<h3 class=\"wp-block-heading\">M.I.O.<\/h3>\n\n\n\n<p>M.I.O. La modularit\u00e9 apporte des r\u00e9ponses \u00e0 l&rsquo;exigence de pr\u00e9paration pour la possibilit\u00e9 de reconfiguration des lignes de production modernes, ce qui favorise l&rsquo;optimisation des co\u00fbts pour les proc\u00e9d\u00e9s de logistique interne. Cette solution intelligente, hautement polyvalente et parfaitement adapt\u00e9e \u00e0 la logistique s&rsquo;applique facilement et de bout en bout au flux des mat\u00e9riaux (de l&rsquo;entrep\u00f4t aux lignes de production) et ce, dans une grande vari\u00e9t\u00e9 de secteurs industriels.<\/p>\n\n\n\n<div class=\"wp-block-buttons is-layout-flex wp-block-buttons-is-layout-flex\">\n<div class=\"wp-block-button\"><a class=\"wp-block-button__link\" href=\"https:\/\/www.comau.com\/fr\/competencies\/products-solutions\/digital-initiatives\/technologies\/m-i-o\/\">Lire la suite<\/a><\/div>\n<\/div>\n<\/div>\n\n\n\n<div class=\"wp-block-column is-layout-flow wp-block-column-is-layout-flow\">\n<h3 class=\"wp-block-heading\">In.Grid<\/h3>\n\n\n\n<p>Notre plate-forme r\u00e9seau innovante combine les univers num\u00e9rique et physique via la sensorisation, l&rsquo;analyse des donn\u00e9es et la surveillance en temps r\u00e9el de l&rsquo;\u00e9quipement et des syst\u00e8mes et de la ligne de production.<\/p>\n\n\n\n<div class=\"wp-block-buttons is-layout-flex wp-block-buttons-is-layout-flex\">\n<div class=\"wp-block-button\"><a class=\"wp-block-button__link\" href=\"https:\/\/www.comau.com\/fr\/competencies\/products-solutions\/digital-initiatives\/technologies\/in-grid\/\">Lire la suite<\/a><\/div>\n<\/div>\n<\/div>\n\n\n\n<div class=\"wp-block-column is-layout-flow wp-block-column-is-layout-flow\">\n<h3 class=\"wp-block-heading\">Vir.GIL<\/h3>\n\n\n\n<p>Simple et intuitif, le syst\u00e8me Vir.GIL combine les technologies num\u00e9riques, des capteurs et un logiciel de contr\u00f4le pour guider les op\u00e9rateurs lors de l&rsquo;ex\u00e9cution des op\u00e9rations manuelles en \u00e9tablissant une interaction de type humaine entre l&rsquo;op\u00e9rateur et la machine.<\/p>\n\n\n\n<div class=\"wp-block-buttons is-layout-flex wp-block-buttons-is-layout-flex\">\n<div class=\"wp-block-button\"><a class=\"wp-block-button__link\" href=\"https:\/\/www.comau.com\/fr\/competencies\/products-solutions\/digital-initiatives\/technologies\/vir-gil\/\">Lire la suite<\/a><\/div>\n<\/div>\n<\/div>\n<\/div>\n\n\n\n<h2 class=\"wp-block-heading\">Brevets<\/h2>\n\n\n\n<p>L\u2019innovation est un th\u00e8me r\u00e9current qui accompagne quasiment chaque activit\u00e9 chez Comau et qui s\u2019exprime par une combinaison de technologie et de style.<\/p>\n\n\n\n<p>C\u2019est un \u00e9tat d\u2019esprit et un moteur d\u2019excellence.<\/p>\n\n\n\n<p>C\u2019est le domaine dans lequel nous sommes consid\u00e9r\u00e9s nettement sup\u00e9rieurs \u00e0 la concurrence.<\/p>\n\n\n\n<p>C\u2019est ce qui nous incite \u00e0 atteindre de nouveaux sommets dans la cr\u00e9ation de la culture de l\u2019automatisation.<\/p>\n\n\n\n<div class=\"wp-block-buttons is-layout-flex wp-block-buttons-is-layout-flex\">\n<div class=\"wp-block-button\"><a class=\"wp-block-button__link\" href=\"https:\/\/www.comau.com\/wp-content\/uploads\/2021\/06\/Comau-Granted-Patents-rev.-Sept-19-website.pdf\" target=\"_blank\" rel=\"noreferrer noopener\">Liste des brevets enregistr\u00e9s<\/a><\/div>\n<\/div>\n","protected":false},"excerpt":{"rendered":"<p>Chez Comau, l&rsquo;innovation est un \u00e9tat d&rsquo;esprit et un moteur d&rsquo;excellence. C&rsquo;est un domaine dans lequel nous sommes consid\u00e9r\u00e9s comme bien meilleurs que nos concurrents. C&rsquo;est ce qui nous pousse \u00e0 atteindre de nouveaux sommets et c&rsquo;est pourquoi nous engageons des ressources humaines et financi\u00e8res significatives en R&amp;D, afin de rester \u00e0 la pointe de [&hellip;]<\/p>\n","protected":false},"author":11,"featured_media":6233,"parent":6211,"menu_order":2,"comment_status":"closed","ping_status":"closed","template":"","meta":{"_acf_changed":false,"ep_exclude_from_search":false,"footnotes":""},"class_list":["post-6216","page","type-page","status-publish","has-post-thumbnail","hentry"],"acf":[],"yoast_head":"<!-- This site is optimized with the Yoast SEO plugin v26.9 - https:\/\/yoast.com\/product\/yoast-seo-wordpress\/ -->\n<title>Technologies - Comau<\/title>\n<meta name=\"robots\" content=\"index, follow, max-snippet:-1, max-image-preview:large, max-video-preview:-1\" \/>\n<link rel=\"canonical\" href=\"https:\/\/www.comau.com\/fr\/competencies\/products-solutions\/digital-initiatives\/technologies\/\" \/>\n<meta property=\"og:locale\" content=\"fr_FR\" \/>\n<meta property=\"og:type\" content=\"article\" \/>\n<meta property=\"og:title\" content=\"Technologies - Comau\" \/>\n<meta property=\"og:description\" content=\"Chez Comau, l&rsquo;innovation est un \u00e9tat d&rsquo;esprit et un moteur d&rsquo;excellence. C&rsquo;est un domaine dans lequel nous sommes consid\u00e9r\u00e9s comme bien meilleurs que nos concurrents. C&rsquo;est ce qui nous pousse \u00e0 atteindre de nouveaux sommets et c&rsquo;est pourquoi nous engageons des ressources humaines et financi\u00e8res significatives en R&amp;D, afin de rester \u00e0 la pointe de [&hellip;]\" \/>\n<meta property=\"og:url\" content=\"https:\/\/www.comau.com\/fr\/competencies\/products-solutions\/digital-initiatives\/technologies\/\" \/>\n<meta property=\"og:site_name\" content=\"Comau\" \/>\n<meta property=\"article:publisher\" content=\"https:\/\/www.facebook.com\/COMAU\/\" \/>\n<meta property=\"article:modified_time\" content=\"2022-10-19T08:27:57+00:00\" \/>\n<meta property=\"og:image\" content=\"https:\/\/www.comau.com\/wp-content\/uploads\/2021\/06\/innovation_header.jpg\" \/>\n\t<meta property=\"og:image:width\" content=\"1280\" \/>\n\t<meta property=\"og:image:height\" content=\"485\" \/>\n\t<meta property=\"og:image:type\" content=\"image\/jpeg\" \/>\n<meta name=\"twitter:card\" content=\"summary_large_image\" \/>\n<meta name=\"twitter:site\" content=\"@comaugroup\" \/>\n<meta name=\"twitter:label1\" content=\"Dur\u00e9e de lecture estim\u00e9e\" \/>\n\t<meta name=\"twitter:data1\" content=\"2 minutes\" \/>\n<script type=\"application\/ld+json\" class=\"yoast-schema-graph\">{\"@context\":\"https:\/\/schema.org\",\"@graph\":[{\"@type\":\"WebPage\",\"@id\":\"https:\/\/www.comau.com\/fr\/competencies\/products-solutions\/digital-initiatives\/technologies\/\",\"url\":\"https:\/\/www.comau.com\/fr\/competencies\/products-solutions\/digital-initiatives\/technologies\/\",\"name\":\"Technologies - Comau\",\"isPartOf\":{\"@id\":\"https:\/\/www.comau.com\/fr\/#website\"},\"primaryImageOfPage\":{\"@id\":\"https:\/\/www.comau.com\/fr\/competencies\/products-solutions\/digital-initiatives\/technologies\/#primaryimage\"},\"image\":{\"@id\":\"https:\/\/www.comau.com\/fr\/competencies\/products-solutions\/digital-initiatives\/technologies\/#primaryimage\"},\"thumbnailUrl\":\"https:\/\/www.comau.com\/wp-content\/uploads\/2021\/06\/innovation_header.jpg\",\"datePublished\":\"2021-06-30T23:02:21+00:00\",\"dateModified\":\"2022-10-19T08:27:57+00:00\",\"breadcrumb\":{\"@id\":\"https:\/\/www.comau.com\/fr\/competencies\/products-solutions\/digital-initiatives\/technologies\/#breadcrumb\"},\"inLanguage\":\"fr-FR\",\"potentialAction\":[{\"@type\":\"ReadAction\",\"target\":[\"https:\/\/www.comau.com\/fr\/competencies\/products-solutions\/digital-initiatives\/technologies\/\"]}]},{\"@type\":\"ImageObject\",\"inLanguage\":\"fr-FR\",\"@id\":\"https:\/\/www.comau.com\/fr\/competencies\/products-solutions\/digital-initiatives\/technologies\/#primaryimage\",\"url\":\"https:\/\/www.comau.com\/wp-content\/uploads\/2021\/06\/innovation_header.jpg\",\"contentUrl\":\"https:\/\/www.comau.com\/wp-content\/uploads\/2021\/06\/innovation_header.jpg\",\"width\":1280,\"height\":485},{\"@type\":\"BreadcrumbList\",\"@id\":\"https:\/\/www.comau.com\/fr\/competencies\/products-solutions\/digital-initiatives\/technologies\/#breadcrumb\",\"itemListElement\":[{\"@type\":\"ListItem\",\"position\":1,\"name\":\"Home\",\"item\":\"https:\/\/www.comau.com\/fr\/\"},{\"@type\":\"ListItem\",\"position\":2,\"name\":\"Nos comp\u00e9tences\",\"item\":\"https:\/\/www.comau.com\/fr\/competencies\/\"},{\"@type\":\"ListItem\",\"position\":3,\"name\":\"Digital initiatives\",\"item\":\"https:\/\/www.comau.com\/fr\/competencies\/digital-initiatives\/\"},{\"@type\":\"ListItem\",\"position\":4,\"name\":\"Technologies\"}]},{\"@type\":\"WebSite\",\"@id\":\"https:\/\/www.comau.com\/fr\/#website\",\"url\":\"https:\/\/www.comau.com\/fr\/\",\"name\":\"Comau\",\"description\":\"Industrial automation and robotics\",\"publisher\":{\"@id\":\"https:\/\/www.comau.com\/fr\/#organization\"},\"potentialAction\":[{\"@type\":\"SearchAction\",\"target\":{\"@type\":\"EntryPoint\",\"urlTemplate\":\"https:\/\/www.comau.com\/fr\/?s={search_term_string}\"},\"query-input\":{\"@type\":\"PropertyValueSpecification\",\"valueRequired\":true,\"valueName\":\"search_term_string\"}}],\"inLanguage\":\"fr-FR\"},{\"@type\":\"Organization\",\"@id\":\"https:\/\/www.comau.com\/fr\/#organization\",\"name\":\"Comau\",\"url\":\"https:\/\/www.comau.com\/fr\/\",\"logo\":{\"@type\":\"ImageObject\",\"inLanguage\":\"fr-FR\",\"@id\":\"https:\/\/www.comau.com\/fr\/#\/schema\/logo\/image\/\",\"url\":\"https:\/\/www.comau.com\/wp-content\/uploads\/2024\/07\/cropped-Logo-COMAU.png\",\"contentUrl\":\"https:\/\/www.comau.com\/wp-content\/uploads\/2024\/07\/cropped-Logo-COMAU.png\",\"width\":434,\"height\":434,\"caption\":\"Comau\"},\"image\":{\"@id\":\"https:\/\/www.comau.com\/fr\/#\/schema\/logo\/image\/\"},\"sameAs\":[\"https:\/\/www.facebook.com\/COMAU\/\",\"https:\/\/x.com\/comaugroup\",\"https:\/\/www.instagram.com\/comaugroup\/\",\"https:\/\/www.linkedin.com\/company\/comau\",\"https:\/\/www.youtube.com\/user\/comau\"]}]}<\/script>\n<!-- \/ Yoast SEO plugin. -->","yoast_head_json":{"title":"Technologies - Comau","robots":{"index":"index","follow":"follow","max-snippet":"max-snippet:-1","max-image-preview":"max-image-preview:large","max-video-preview":"max-video-preview:-1"},"canonical":"https:\/\/www.comau.com\/fr\/competencies\/products-solutions\/digital-initiatives\/technologies\/","og_locale":"fr_FR","og_type":"article","og_title":"Technologies - Comau","og_description":"Chez Comau, l&rsquo;innovation est un \u00e9tat d&rsquo;esprit et un moteur d&rsquo;excellence. C&rsquo;est un domaine dans lequel nous sommes consid\u00e9r\u00e9s comme bien meilleurs que nos concurrents. C&rsquo;est ce qui nous pousse \u00e0 atteindre de nouveaux sommets et c&rsquo;est pourquoi nous engageons des ressources humaines et financi\u00e8res significatives en R&amp;D, afin de rester \u00e0 la pointe de [&hellip;]","og_url":"https:\/\/www.comau.com\/fr\/competencies\/products-solutions\/digital-initiatives\/technologies\/","og_site_name":"Comau","article_publisher":"https:\/\/www.facebook.com\/COMAU\/","article_modified_time":"2022-10-19T08:27:57+00:00","og_image":[{"width":1280,"height":485,"url":"https:\/\/www.comau.com\/wp-content\/uploads\/2021\/06\/innovation_header.jpg","type":"image\/jpeg"}],"twitter_card":"summary_large_image","twitter_site":"@comaugroup","twitter_misc":{"Dur\u00e9e de lecture estim\u00e9e":"2 minutes"},"schema":{"@context":"https:\/\/schema.org","@graph":[{"@type":"WebPage","@id":"https:\/\/www.comau.com\/fr\/competencies\/products-solutions\/digital-initiatives\/technologies\/","url":"https:\/\/www.comau.com\/fr\/competencies\/products-solutions\/digital-initiatives\/technologies\/","name":"Technologies - Comau","isPartOf":{"@id":"https:\/\/www.comau.com\/fr\/#website"},"primaryImageOfPage":{"@id":"https:\/\/www.comau.com\/fr\/competencies\/products-solutions\/digital-initiatives\/technologies\/#primaryimage"},"image":{"@id":"https:\/\/www.comau.com\/fr\/competencies\/products-solutions\/digital-initiatives\/technologies\/#primaryimage"},"thumbnailUrl":"https:\/\/www.comau.com\/wp-content\/uploads\/2021\/06\/innovation_header.jpg","datePublished":"2021-06-30T23:02:21+00:00","dateModified":"2022-10-19T08:27:57+00:00","breadcrumb":{"@id":"https:\/\/www.comau.com\/fr\/competencies\/products-solutions\/digital-initiatives\/technologies\/#breadcrumb"},"inLanguage":"fr-FR","potentialAction":[{"@type":"ReadAction","target":["https:\/\/www.comau.com\/fr\/competencies\/products-solutions\/digital-initiatives\/technologies\/"]}]},{"@type":"ImageObject","inLanguage":"fr-FR","@id":"https:\/\/www.comau.com\/fr\/competencies\/products-solutions\/digital-initiatives\/technologies\/#primaryimage","url":"https:\/\/www.comau.com\/wp-content\/uploads\/2021\/06\/innovation_header.jpg","contentUrl":"https:\/\/www.comau.com\/wp-content\/uploads\/2021\/06\/innovation_header.jpg","width":1280,"height":485},{"@type":"BreadcrumbList","@id":"https:\/\/www.comau.com\/fr\/competencies\/products-solutions\/digital-initiatives\/technologies\/#breadcrumb","itemListElement":[{"@type":"ListItem","position":1,"name":"Home","item":"https:\/\/www.comau.com\/fr\/"},{"@type":"ListItem","position":2,"name":"Nos comp\u00e9tences","item":"https:\/\/www.comau.com\/fr\/competencies\/"},{"@type":"ListItem","position":3,"name":"Digital initiatives","item":"https:\/\/www.comau.com\/fr\/competencies\/digital-initiatives\/"},{"@type":"ListItem","position":4,"name":"Technologies"}]},{"@type":"WebSite","@id":"https:\/\/www.comau.com\/fr\/#website","url":"https:\/\/www.comau.com\/fr\/","name":"Comau","description":"Industrial automation and robotics","publisher":{"@id":"https:\/\/www.comau.com\/fr\/#organization"},"potentialAction":[{"@type":"SearchAction","target":{"@type":"EntryPoint","urlTemplate":"https:\/\/www.comau.com\/fr\/?s={search_term_string}"},"query-input":{"@type":"PropertyValueSpecification","valueRequired":true,"valueName":"search_term_string"}}],"inLanguage":"fr-FR"},{"@type":"Organization","@id":"https:\/\/www.comau.com\/fr\/#organization","name":"Comau","url":"https:\/\/www.comau.com\/fr\/","logo":{"@type":"ImageObject","inLanguage":"fr-FR","@id":"https:\/\/www.comau.com\/fr\/#\/schema\/logo\/image\/","url":"https:\/\/www.comau.com\/wp-content\/uploads\/2024\/07\/cropped-Logo-COMAU.png","contentUrl":"https:\/\/www.comau.com\/wp-content\/uploads\/2024\/07\/cropped-Logo-COMAU.png","width":434,"height":434,"caption":"Comau"},"image":{"@id":"https:\/\/www.comau.com\/fr\/#\/schema\/logo\/image\/"},"sameAs":["https:\/\/www.facebook.com\/COMAU\/","https:\/\/x.com\/comaugroup","https:\/\/www.instagram.com\/comaugroup\/","https:\/\/www.linkedin.com\/company\/comau","https:\/\/www.youtube.com\/user\/comau"]}]}},"_links":{"self":[{"href":"https:\/\/www.comau.com\/fr\/wp-json\/wp\/v2\/pages\/6216","targetHints":{"allow":["GET"]}}],"collection":[{"href":"https:\/\/www.comau.com\/fr\/wp-json\/wp\/v2\/pages"}],"about":[{"href":"https:\/\/www.comau.com\/fr\/wp-json\/wp\/v2\/types\/page"}],"author":[{"embeddable":true,"href":"https:\/\/www.comau.com\/fr\/wp-json\/wp\/v2\/users\/11"}],"replies":[{"embeddable":true,"href":"https:\/\/www.comau.com\/fr\/wp-json\/wp\/v2\/comments?post=6216"}],"version-history":[{"count":12,"href":"https:\/\/www.comau.com\/fr\/wp-json\/wp\/v2\/pages\/6216\/revisions"}],"predecessor-version":[{"id":48483,"href":"https:\/\/www.comau.com\/fr\/wp-json\/wp\/v2\/pages\/6216\/revisions\/48483"}],"up":[{"embeddable":true,"href":"https:\/\/www.comau.com\/fr\/wp-json\/wp\/v2\/pages\/6211"}],"wp:featuredmedia":[{"embeddable":true,"href":"https:\/\/www.comau.com\/fr\/wp-json\/wp\/v2\/media\/6233"}],"wp:attachment":[{"href":"https:\/\/www.comau.com\/fr\/wp-json\/wp\/v2\/media?parent=6216"}],"curies":[{"name":"wp","href":"https:\/\/api.w.org\/{rel}","templated":true}]}}