{"id":6211,"date":"2021-07-01T00:05:48","date_gmt":"2021-06-30T22:05:48","guid":{"rendered":"https:\/\/www.comau.com\/?page_id=6211"},"modified":"2023-04-20T17:36:09","modified_gmt":"2023-04-20T15:36:09","slug":"digital-initiatives","status":"publish","type":"page","link":"https:\/\/www.comau.com\/fr\/competencies\/products-solutions\/digital-initiatives\/","title":{"rendered":"Digital initiatives"},"content":{"rendered":"\n<h2 class=\"wp-block-heading\" id=\"exploiter-la-puissance-de-l-industrie-numerique\">Exploiter la puissance de l\u2019industrie num\u00e9rique<\/h2>\n\n\n\n<p>Le monde de l\u2019industrie \u00e9volue pour mieux r\u00e9pondre aux besoins des clients et aux d\u00e9fis du march\u00e9 et Comau montre l\u2019exemple. Notre approche de la mise en r\u00e9seau d\u2019hommes, de processus, d\u2019\u00e9quipements et de syst\u00e8mes est \u00e0 la base de la cr\u00e9ation de r\u00e9seaux de valeur capables de collecter, d\u2019analyser et d\u2019utiliser une intelligence interconnect\u00e9e pour devenir flexible, rapide et pro-actif. Gr\u00e2ce \u00e0 nos 50 ans d\u2019exp\u00e9rience dans le secteur de l\u2019automatisation industrielle et \u00e0 des connaissances approfondies des processus de production, notre environnement num\u00e9rique est con\u00e7u pour les usines nouvelles ou d\u00e9j\u00e0 existantes et pour tous les \u00e9quipements install\u00e9s, quelle que soit la marque.<\/p>\n\n\n\n<h2 class=\"wp-block-heading\" id=\"le-defi-de-la-reconfiguration\">Le d\u00e9fi de la reconfiguration<\/h2>\n\n\n\n<p>Un des plus grands d\u00e9fis de la production personnalis\u00e9e est l\u2019accroissement de la variabilit\u00e9 d\u2019\u00e9chelle et de la convertibilit\u00e9 des divers processus de production. Cela signifie davantage d\u2019int\u00e9gration et d\u2019interaction entre les lignes et les \u00e9quipements de production et n\u00e9cessite de meilleurs diagnostics pouvant pr\u00e9voir et pr\u00e9venir les d\u00e9fauts et non-conformit\u00e9s de qualit\u00e9. Pour r\u00e9pondre \u00e0 ces d\u00e9fis, nous d\u00e9veloppons des produits, solutions et services sources qui exploitent la num\u00e9risation et les m\u00e9thodes analytiques pour fournir une visibilit\u00e9 \u00e0 360\u00b0 de l\u2019ensemble des op\u00e9rations. <\/p>\n\n\n\n<h2 class=\"wp-block-heading\" id=\"l-usine-interconnectee\">L\u2019usine interconnect\u00e9e<\/h2>\n\n\n\n<p>Nous proposons une \u00e9volution vers une production plus efficace et tourn\u00e9e vers la qualit\u00e9 via une sensorisation cibl\u00e9e, des m\u00e9thodes analytiques avanc\u00e9es et la mise en \u0153uvre d\u2019environnements virtuels qui simulent des modifications de ligne et des param\u00e8tres de fabrication par lots.<\/p>\n\n\n\n<p>La num\u00e9risation permet une communication en temps r\u00e9el entre les op\u00e9rateurs et le syst\u00e8me de production. Elle fournit \u00e9galement une intelligence renforc\u00e9e pour rationaliser les processus et optimiser la cha\u00eene de valeur. Ainsi, la num\u00e9risation peut vous aider \u00e0 am\u00e9liorer votre productivit\u00e9, \u00e0 acc\u00e9l\u00e9rer la mise sur le march\u00e9, \u00e0 r\u00e9duire les co\u00fbts d\u2019exploitation et \u00e0 \u00e9viter les risques de retards de fonctionnement. De plus, la num\u00e9risation peut \u00eatre appliqu\u00e9e \u00e0 une seule machine, \u00e0 une ligne ou \u00e0 l\u2019ensemble de l\u2019usine.<\/p>\n\n\n\n<h2 class=\"wp-block-heading\" id=\"decouvrez-notre-chemin-vers-la-numerisation\">D\u00e9couvrez notre chemin vers la num\u00e9risation<\/h2>\n\n\n\n<figure class=\"wp-block-embed is-type-video is-provider-youtube wp-block-embed-youtube wp-embed-aspect-16-9 wp-has-aspect-ratio\"><div class=\"wp-block-embed__wrapper\">\n<iframe title=\"Comau&#039;s Way to Digitalization\" width=\"640\" height=\"360\" src=\"https:\/\/www.youtube.com\/embed\/DF-KlIRQsJ0?feature=oembed\" frameborder=\"0\" allow=\"accelerometer; autoplay; clipboard-write; encrypted-media; gyroscope; picture-in-picture; web-share\" referrerpolicy=\"strict-origin-when-cross-origin\" allowfullscreen><\/iframe>\n<\/div><\/figure>\n\n\n\n<h2 class=\"wp-block-heading\" id=\"notre-approche-strategique\">Notre approche strat\u00e9gique<\/h2>\n\n\n\n<ul class=\"wp-block-list\">\n<li>Identifier les besoins, les objectifs strat\u00e9giques et les indicateurs cl\u00e9s de performance mesurables<\/li>\n\n\n\n<li>D\u00e9ployer la collecte des donn\u00e9es et cr\u00e9er des mod\u00e8les analytiques et d\u2019activit\u00e9 afin d\u2019optimiser les performances et les co\u00fbts<\/li>\n\n\n\n<li>Partager l\u2019intelligence en temps r\u00e9el via des outils num\u00e9riques et des technologies portables<\/li>\n\n\n\n<li>Application progressive de solutions num\u00e9riques sur les lignes existantes et des usines enti\u00e8res<\/li>\n\n\n\n<li>Mise en \u0153uvre de IdO sur les nouvelles installations<\/li>\n<\/ul>\n\n\n\n<h2 class=\"wp-block-heading\" id=\"des-resultats-tangibles\">Des r\u00e9sultats tangibles<\/h2>\n\n\n\n<ul class=\"wp-block-list\">\n<li>Surveillance en temps r\u00e9el des conditions et entretien pr\u00e9ventif<\/li>\n\n\n\n<li>Am\u00e9lioration du temps moyen entre les d\u00e9faillances (Mean Time Between Failure &#8211; MTBF)<\/li>\n\n\n\n<li>R\u00e9duction des inventaires et des co\u00fbts d\u2019entretien pr\u00e9ventif<\/li>\n\n\n\n<li>Production rationalis\u00e9e, augmentation des ratios de production, qualit\u00e9 am\u00e9lior\u00e9e<\/li>\n<\/ul>\n\n\n\n<div class=\"wp-block-columns columns-bg-dark is-layout-flex wp-container-core-columns-is-layout-9d6595d7 wp-block-columns-is-layout-flex\">\n<div class=\"wp-block-column is-layout-flow wp-block-column-is-layout-flow\">\n<h3 class=\"wp-block-heading\" id=\"research-and-innovation-projects\">Research and innovation Projects<\/h3>\n\n\n\n<p>Nous travaillons activement au sein d\u2019un r\u00e9seau international, compos\u00e9 d\u2019entreprises, d\u2019institutions et d\u2019universit\u00e9s, pour la r\u00e9alisation de projets innovants capables de r\u00e9pondre aux exigences d\u2019un syst\u00e8me industriel en \u00e9volution constante.<\/p>\n\n\n\n<div class=\"wp-block-buttons is-layout-flex wp-block-buttons-is-layout-flex\">\n<div class=\"wp-block-button\"><a class=\"wp-block-button__link wp-element-button\" href=\"https:\/\/www.comau.com\/fr\/about-us\/funded-projects\/\">Lire la suite<\/a><\/div>\n<\/div>\n<\/div>\n\n\n\n<div class=\"wp-block-column is-layout-flow wp-block-column-is-layout-flow\">\n<h3 class=\"wp-block-heading\" id=\"technologies\">Technologies<\/h3>\n\n\n\n<p>Chez Comau, l&rsquo;innovation est un \u00e9tat d&rsquo;esprit et un moteur d&rsquo;excellence. C&rsquo;est un domaine dans lequel nous sommes consid\u00e9r\u00e9s comme bien meilleurs que nos concurrents. C&rsquo;est ce qui nous pousse \u00e0 atteindre de nouveaux sommets et c&rsquo;est pourquoi nous engageons des ressources humaines et financi\u00e8res significatives en R&amp;D, afin de rester \u00e0 la pointe de l&rsquo;innovation dans le domaine de la production industrielle. <\/p>\n\n\n\n<div class=\"wp-block-buttons is-layout-flex wp-block-buttons-is-layout-flex\">\n<div class=\"wp-block-button\"><a class=\"wp-block-button__link wp-element-button\" href=\"https:\/\/www.comau.com\/fr\/competencies\/products-solutions\/digital-initiatives\/technologies\/\">Lire la suite<\/a><\/div>\n<\/div>\n<\/div>\n<\/div>\n\n\n\n<div class=\"wp-block-columns columns-bg-dark is-layout-flex wp-container-core-columns-is-layout-9d6595d7 wp-block-columns-is-layout-flex\">\n<div class=\"wp-block-column is-layout-flow wp-block-column-is-layout-flow\">\n<h3 class=\"wp-block-heading\" id=\"m-i-o\">M.I.O.<\/h3>\n\n\n\n<p>M.I.O. La modularit\u00e9 apporte des r\u00e9ponses \u00e0 l&rsquo;exigence de pr\u00e9paration pour la possibilit\u00e9 de reconfiguration des lignes de production modernes, ce qui favorise l&rsquo;optimisation des co\u00fbts pour les proc\u00e9d\u00e9s de logistique interne. Cette solution intelligente, hautement polyvalente et parfaitement adapt\u00e9e \u00e0 la logistique s&rsquo;applique facilement et de bout en bout au flux des mat\u00e9riaux (de l&rsquo;entrep\u00f4t aux lignes de production) et ce, dans une grande vari\u00e9t\u00e9 de secteurs industriels.<\/p>\n\n\n\n<div class=\"wp-block-buttons is-layout-flex wp-block-buttons-is-layout-flex\">\n<div class=\"wp-block-button\"><a class=\"wp-block-button__link wp-element-button\" href=\"https:\/\/www.comau.com\/fr\/competencies\/products-solutions\/digital-initiatives\/technologies\/m-i-o\/\">Lire la suite<\/a><\/div>\n<\/div>\n<\/div>\n\n\n\n<div class=\"wp-block-column is-layout-flow wp-block-column-is-layout-flow\">\n<h3 class=\"wp-block-heading\" id=\"in-grid\">In.Grid<\/h3>\n\n\n\n<p>Notre plate-forme r\u00e9seau innovante combine les univers num\u00e9rique et physique via la sensorisation, l&rsquo;analyse des donn\u00e9es et la surveillance en temps r\u00e9el de l&rsquo;\u00e9quipement et des syst\u00e8mes et de la ligne de production.<\/p>\n\n\n\n<div class=\"wp-block-buttons is-layout-flex wp-block-buttons-is-layout-flex\">\n<div class=\"wp-block-button\"><a class=\"wp-block-button__link wp-element-button\" href=\"https:\/\/www.comau.com\/fr\/competencies\/products-solutions\/digital-initiatives\/technologies\/in-grid\/\">Lire la suite<\/a><\/div>\n<\/div>\n<\/div>\n\n\n\n<div class=\"wp-block-column is-layout-flow wp-block-column-is-layout-flow\">\n<h3 class=\"wp-block-heading\" id=\"vir-gil\">Vir.GIL<\/h3>\n\n\n\n<p>Simple et intuitif, le syst\u00e8me Vir.GIL combine les technologies num\u00e9riques, des capteurs et un logiciel de contr\u00f4le pour guider les op\u00e9rateurs lors de l&rsquo;ex\u00e9cution des op\u00e9rations manuelles en \u00e9tablissant une interaction de type humaine entre l&rsquo;op\u00e9rateur et la machine.<\/p>\n\n\n\n<div class=\"wp-block-buttons is-layout-flex wp-block-buttons-is-layout-flex\">\n<div class=\"wp-block-button\"><a class=\"wp-block-button__link wp-element-button\" href=\"https:\/\/www.comau.com\/fr\/competencies\/products-solutions\/digital-initiatives\/technologies\/vir-gil\/\">Lire la suite<\/a><\/div>\n<\/div>\n<\/div>\n<\/div>\n","protected":false},"excerpt":{"rendered":"<p>Exploiter la puissance de l\u2019industrie num\u00e9rique Le monde de l\u2019industrie \u00e9volue pour mieux r\u00e9pondre aux besoins des clients et aux d\u00e9fis du march\u00e9 et Comau montre l\u2019exemple. Notre approche de la mise en r\u00e9seau d\u2019hommes, de processus, d\u2019\u00e9quipements et de syst\u00e8mes est \u00e0 la base de la cr\u00e9ation de r\u00e9seaux de valeur capables de collecter, [&hellip;]<\/p>\n","protected":false},"author":11,"featured_media":6223,"parent":65268,"menu_order":5,"comment_status":"closed","ping_status":"closed","template":"","meta":{"_acf_changed":false,"ep_exclude_from_search":false,"footnotes":""},"class_list":["post-6211","page","type-page","status-publish","has-post-thumbnail","hentry"],"acf":[],"yoast_head":"<!-- This site is optimized with the Yoast SEO plugin v26.9 - https:\/\/yoast.com\/product\/yoast-seo-wordpress\/ -->\n<title>Digital Manufactoring\u00a0: Fabrication num\u00e9rique | Comau<\/title>\n<meta name=\"description\" content=\"Comau collabore activement au digital manufactoring avec institutions, entreprises et universit\u00e9s\u00a0: d\u00e9couvrez notre site\u00a0!\" \/>\n<meta name=\"robots\" content=\"index, follow, max-snippet:-1, max-image-preview:large, max-video-preview:-1\" \/>\n<link rel=\"canonical\" href=\"https:\/\/www.comau.com\/fr\/competencies\/products-solutions\/digital-initiatives\/\" \/>\n<meta property=\"og:locale\" content=\"fr_FR\" \/>\n<meta property=\"og:type\" content=\"article\" \/>\n<meta property=\"og:title\" content=\"Digital Manufactoring\u00a0: Fabrication num\u00e9rique | Comau\" \/>\n<meta property=\"og:description\" content=\"Comau collabore activement au digital manufactoring avec institutions, entreprises et universit\u00e9s\u00a0: d\u00e9couvrez notre site\u00a0!\" \/>\n<meta property=\"og:url\" content=\"https:\/\/www.comau.com\/fr\/competencies\/products-solutions\/digital-initiatives\/\" \/>\n<meta property=\"og:site_name\" content=\"Comau\" \/>\n<meta property=\"article:publisher\" content=\"https:\/\/www.facebook.com\/COMAU\/\" \/>\n<meta property=\"article:modified_time\" content=\"2023-04-20T15:36:09+00:00\" \/>\n<meta property=\"og:image\" content=\"https:\/\/www.comau.com\/wp-content\/uploads\/2021\/06\/Heder_DigitalSolutions.jpg\" \/>\n\t<meta property=\"og:image:width\" content=\"1280\" \/>\n\t<meta property=\"og:image:height\" content=\"485\" \/>\n\t<meta property=\"og:image:type\" content=\"image\/jpeg\" \/>\n<meta name=\"twitter:card\" content=\"summary_large_image\" \/>\n<meta name=\"twitter:site\" content=\"@comaugroup\" \/>\n<meta name=\"twitter:label1\" content=\"Dur\u00e9e de lecture estim\u00e9e\" \/>\n\t<meta name=\"twitter:data1\" content=\"4 minutes\" \/>\n<script type=\"application\/ld+json\" class=\"yoast-schema-graph\">{\"@context\":\"https:\/\/schema.org\",\"@graph\":[{\"@type\":\"WebPage\",\"@id\":\"https:\/\/www.comau.com\/fr\/competencies\/products-solutions\/digital-initiatives\/\",\"url\":\"https:\/\/www.comau.com\/fr\/competencies\/products-solutions\/digital-initiatives\/\",\"name\":\"Digital Manufactoring\u00a0: Fabrication num\u00e9rique | Comau\",\"isPartOf\":{\"@id\":\"https:\/\/www.comau.com\/fr\/#website\"},\"primaryImageOfPage\":{\"@id\":\"https:\/\/www.comau.com\/fr\/competencies\/products-solutions\/digital-initiatives\/#primaryimage\"},\"image\":{\"@id\":\"https:\/\/www.comau.com\/fr\/competencies\/products-solutions\/digital-initiatives\/#primaryimage\"},\"thumbnailUrl\":\"https:\/\/www.comau.com\/wp-content\/uploads\/2021\/06\/Heder_DigitalSolutions.jpg\",\"datePublished\":\"2021-06-30T22:05:48+00:00\",\"dateModified\":\"2023-04-20T15:36:09+00:00\",\"description\":\"Comau collabore activement au digital manufactoring avec institutions, entreprises et universit\u00e9s\u00a0: d\u00e9couvrez notre site\u00a0!\",\"breadcrumb\":{\"@id\":\"https:\/\/www.comau.com\/fr\/competencies\/products-solutions\/digital-initiatives\/#breadcrumb\"},\"inLanguage\":\"fr-FR\",\"potentialAction\":[{\"@type\":\"ReadAction\",\"target\":[\"https:\/\/www.comau.com\/fr\/competencies\/products-solutions\/digital-initiatives\/\"]}]},{\"@type\":\"ImageObject\",\"inLanguage\":\"fr-FR\",\"@id\":\"https:\/\/www.comau.com\/fr\/competencies\/products-solutions\/digital-initiatives\/#primaryimage\",\"url\":\"https:\/\/www.comau.com\/wp-content\/uploads\/2021\/06\/Heder_DigitalSolutions.jpg\",\"contentUrl\":\"https:\/\/www.comau.com\/wp-content\/uploads\/2021\/06\/Heder_DigitalSolutions.jpg\",\"width\":1280,\"height\":485},{\"@type\":\"BreadcrumbList\",\"@id\":\"https:\/\/www.comau.com\/fr\/competencies\/products-solutions\/digital-initiatives\/#breadcrumb\",\"itemListElement\":[{\"@type\":\"ListItem\",\"position\":1,\"name\":\"Home\",\"item\":\"https:\/\/www.comau.com\/fr\/\"},{\"@type\":\"ListItem\",\"position\":2,\"name\":\"Nos comp\u00e9tences\",\"item\":\"https:\/\/www.comau.com\/fr\/competencies\/\"},{\"@type\":\"ListItem\",\"position\":3,\"name\":\"Digital initiatives\"}]},{\"@type\":\"WebSite\",\"@id\":\"https:\/\/www.comau.com\/fr\/#website\",\"url\":\"https:\/\/www.comau.com\/fr\/\",\"name\":\"Comau\",\"description\":\"Industrial automation and robotics\",\"publisher\":{\"@id\":\"https:\/\/www.comau.com\/fr\/#organization\"},\"potentialAction\":[{\"@type\":\"SearchAction\",\"target\":{\"@type\":\"EntryPoint\",\"urlTemplate\":\"https:\/\/www.comau.com\/fr\/?s={search_term_string}\"},\"query-input\":{\"@type\":\"PropertyValueSpecification\",\"valueRequired\":true,\"valueName\":\"search_term_string\"}}],\"inLanguage\":\"fr-FR\"},{\"@type\":\"Organization\",\"@id\":\"https:\/\/www.comau.com\/fr\/#organization\",\"name\":\"Comau\",\"url\":\"https:\/\/www.comau.com\/fr\/\",\"logo\":{\"@type\":\"ImageObject\",\"inLanguage\":\"fr-FR\",\"@id\":\"https:\/\/www.comau.com\/fr\/#\/schema\/logo\/image\/\",\"url\":\"https:\/\/www.comau.com\/wp-content\/uploads\/2024\/07\/cropped-Logo-COMAU.png\",\"contentUrl\":\"https:\/\/www.comau.com\/wp-content\/uploads\/2024\/07\/cropped-Logo-COMAU.png\",\"width\":434,\"height\":434,\"caption\":\"Comau\"},\"image\":{\"@id\":\"https:\/\/www.comau.com\/fr\/#\/schema\/logo\/image\/\"},\"sameAs\":[\"https:\/\/www.facebook.com\/COMAU\/\",\"https:\/\/x.com\/comaugroup\",\"https:\/\/www.instagram.com\/comaugroup\/\",\"https:\/\/www.linkedin.com\/company\/comau\",\"https:\/\/www.youtube.com\/user\/comau\"]}]}<\/script>\n<!-- \/ Yoast SEO plugin. -->","yoast_head_json":{"title":"Digital Manufactoring\u00a0: Fabrication num\u00e9rique | Comau","description":"Comau collabore activement au digital manufactoring avec institutions, entreprises et universit\u00e9s\u00a0: d\u00e9couvrez notre site\u00a0!","robots":{"index":"index","follow":"follow","max-snippet":"max-snippet:-1","max-image-preview":"max-image-preview:large","max-video-preview":"max-video-preview:-1"},"canonical":"https:\/\/www.comau.com\/fr\/competencies\/products-solutions\/digital-initiatives\/","og_locale":"fr_FR","og_type":"article","og_title":"Digital Manufactoring\u00a0: Fabrication num\u00e9rique | Comau","og_description":"Comau collabore activement au digital manufactoring avec institutions, entreprises et universit\u00e9s\u00a0: d\u00e9couvrez notre site\u00a0!","og_url":"https:\/\/www.comau.com\/fr\/competencies\/products-solutions\/digital-initiatives\/","og_site_name":"Comau","article_publisher":"https:\/\/www.facebook.com\/COMAU\/","article_modified_time":"2023-04-20T15:36:09+00:00","og_image":[{"width":1280,"height":485,"url":"https:\/\/www.comau.com\/wp-content\/uploads\/2021\/06\/Heder_DigitalSolutions.jpg","type":"image\/jpeg"}],"twitter_card":"summary_large_image","twitter_site":"@comaugroup","twitter_misc":{"Dur\u00e9e de lecture estim\u00e9e":"4 minutes"},"schema":{"@context":"https:\/\/schema.org","@graph":[{"@type":"WebPage","@id":"https:\/\/www.comau.com\/fr\/competencies\/products-solutions\/digital-initiatives\/","url":"https:\/\/www.comau.com\/fr\/competencies\/products-solutions\/digital-initiatives\/","name":"Digital Manufactoring\u00a0: Fabrication num\u00e9rique | Comau","isPartOf":{"@id":"https:\/\/www.comau.com\/fr\/#website"},"primaryImageOfPage":{"@id":"https:\/\/www.comau.com\/fr\/competencies\/products-solutions\/digital-initiatives\/#primaryimage"},"image":{"@id":"https:\/\/www.comau.com\/fr\/competencies\/products-solutions\/digital-initiatives\/#primaryimage"},"thumbnailUrl":"https:\/\/www.comau.com\/wp-content\/uploads\/2021\/06\/Heder_DigitalSolutions.jpg","datePublished":"2021-06-30T22:05:48+00:00","dateModified":"2023-04-20T15:36:09+00:00","description":"Comau collabore activement au digital manufactoring avec institutions, entreprises et universit\u00e9s\u00a0: d\u00e9couvrez notre site\u00a0!","breadcrumb":{"@id":"https:\/\/www.comau.com\/fr\/competencies\/products-solutions\/digital-initiatives\/#breadcrumb"},"inLanguage":"fr-FR","potentialAction":[{"@type":"ReadAction","target":["https:\/\/www.comau.com\/fr\/competencies\/products-solutions\/digital-initiatives\/"]}]},{"@type":"ImageObject","inLanguage":"fr-FR","@id":"https:\/\/www.comau.com\/fr\/competencies\/products-solutions\/digital-initiatives\/#primaryimage","url":"https:\/\/www.comau.com\/wp-content\/uploads\/2021\/06\/Heder_DigitalSolutions.jpg","contentUrl":"https:\/\/www.comau.com\/wp-content\/uploads\/2021\/06\/Heder_DigitalSolutions.jpg","width":1280,"height":485},{"@type":"BreadcrumbList","@id":"https:\/\/www.comau.com\/fr\/competencies\/products-solutions\/digital-initiatives\/#breadcrumb","itemListElement":[{"@type":"ListItem","position":1,"name":"Home","item":"https:\/\/www.comau.com\/fr\/"},{"@type":"ListItem","position":2,"name":"Nos comp\u00e9tences","item":"https:\/\/www.comau.com\/fr\/competencies\/"},{"@type":"ListItem","position":3,"name":"Digital initiatives"}]},{"@type":"WebSite","@id":"https:\/\/www.comau.com\/fr\/#website","url":"https:\/\/www.comau.com\/fr\/","name":"Comau","description":"Industrial automation and robotics","publisher":{"@id":"https:\/\/www.comau.com\/fr\/#organization"},"potentialAction":[{"@type":"SearchAction","target":{"@type":"EntryPoint","urlTemplate":"https:\/\/www.comau.com\/fr\/?s={search_term_string}"},"query-input":{"@type":"PropertyValueSpecification","valueRequired":true,"valueName":"search_term_string"}}],"inLanguage":"fr-FR"},{"@type":"Organization","@id":"https:\/\/www.comau.com\/fr\/#organization","name":"Comau","url":"https:\/\/www.comau.com\/fr\/","logo":{"@type":"ImageObject","inLanguage":"fr-FR","@id":"https:\/\/www.comau.com\/fr\/#\/schema\/logo\/image\/","url":"https:\/\/www.comau.com\/wp-content\/uploads\/2024\/07\/cropped-Logo-COMAU.png","contentUrl":"https:\/\/www.comau.com\/wp-content\/uploads\/2024\/07\/cropped-Logo-COMAU.png","width":434,"height":434,"caption":"Comau"},"image":{"@id":"https:\/\/www.comau.com\/fr\/#\/schema\/logo\/image\/"},"sameAs":["https:\/\/www.facebook.com\/COMAU\/","https:\/\/x.com\/comaugroup","https:\/\/www.instagram.com\/comaugroup\/","https:\/\/www.linkedin.com\/company\/comau","https:\/\/www.youtube.com\/user\/comau"]}]}},"_links":{"self":[{"href":"https:\/\/www.comau.com\/fr\/wp-json\/wp\/v2\/pages\/6211","targetHints":{"allow":["GET"]}}],"collection":[{"href":"https:\/\/www.comau.com\/fr\/wp-json\/wp\/v2\/pages"}],"about":[{"href":"https:\/\/www.comau.com\/fr\/wp-json\/wp\/v2\/types\/page"}],"author":[{"embeddable":true,"href":"https:\/\/www.comau.com\/fr\/wp-json\/wp\/v2\/users\/11"}],"replies":[{"embeddable":true,"href":"https:\/\/www.comau.com\/fr\/wp-json\/wp\/v2\/comments?post=6211"}],"version-history":[{"count":35,"href":"https:\/\/www.comau.com\/fr\/wp-json\/wp\/v2\/pages\/6211\/revisions"}],"predecessor-version":[{"id":52649,"href":"https:\/\/www.comau.com\/fr\/wp-json\/wp\/v2\/pages\/6211\/revisions\/52649"}],"up":[{"embeddable":true,"href":"https:\/\/www.comau.com\/fr\/wp-json\/wp\/v2\/pages\/65268"}],"wp:featuredmedia":[{"embeddable":true,"href":"https:\/\/www.comau.com\/fr\/wp-json\/wp\/v2\/media\/6223"}],"wp:attachment":[{"href":"https:\/\/www.comau.com\/fr\/wp-json\/wp\/v2\/media?parent=6211"}],"curies":[{"name":"wp","href":"https:\/\/api.w.org\/{rel}","templated":true}]}}