{"id":6186,"date":"2021-07-01T01:03:10","date_gmt":"2021-06-30T23:03:10","guid":{"rendered":"https:\/\/www.comau.com\/?page_id=6186"},"modified":"2024-03-27T04:53:23","modified_gmt":"2024-03-27T03:53:23","slug":"e-drives-and-transmission-assembly","status":"publish","type":"page","link":"https:\/\/www.comau.com\/fr\/competencies\/electromobility\/e-drives-and-transmission-assembly\/","title":{"rendered":"E-Drives and transmission assembly"},"content":{"rendered":"\n<h2 class=\"wp-block-heading\" id=\"rotors-and-stators-to-e-motors-and-e-drivelines\">Rotors et stators sur moteurs \u00e9lectriques et cha\u00eenes cin\u00e9matiques \u00e9lectriques<\/h2>\n\n\n\n<p>\u200bNous nous sommes engag\u00e9s \u00e0 fournir la bonne combinaison de connaissance des proc\u00e9d\u00e9s, de flexibilit\u00e9 des syst\u00e8mes et d\u2019efficacit\u00e9 des performances pour soutenir votre projet tout au long du proc\u00e9d\u00e9 complet de production de cha\u00eene cin\u00e9matique \u00e9lectrique.<br>Nos lignes de production E-Drive peuvent g\u00e9rer des volumes limit\u00e9s comme des volumes cons\u00e9quents, tout en r\u00e9pondant \u00e0 tous vos besoins de fabrication&nbsp;:<\/p>\n\n\n\n<ul class=\"wp-block-list\">\n<li>Assemblage de rotor et de stator&nbsp;&nbsp;&nbsp;&nbsp;&nbsp;&nbsp;&nbsp;&nbsp;&nbsp;&nbsp;&nbsp;&nbsp;&nbsp;&nbsp;&nbsp;&nbsp;&nbsp;&nbsp;&nbsp;&nbsp;<\/li>\n\n\n\n<li>Assemblage final de moteurs \u00e9lectriques<\/li>\n\n\n\n<li>Assemblage d\u2019essieu \u00e9lectrique<\/li>\n\n\n\n<li>Assemblage final de cha\u00eene cin\u00e9matique et de transmission<\/li>\n\n\n\n<li>Test de fin de ligne (EOL<\/li>\n<\/ul>\n\n\n\n<h2 class=\"wp-block-heading\" id=\"fournisseur-de-service-complet\">Fournisseur de service complet\/Full-service provider<\/h2>\n\n\n\n<div class=\"wp-block-getwid-table has-table-layout-fixed has-border-collapse-separate\"><table class=\"has-background has-text-color has-white-color\" style=\"background-color:#f4f4f4\"><tbody><tr><td style=\"background-color:#0046ad;padding-left:10px;padding-top:10px;padding-right:10px;padding-bottom:10px\"><strong>ROTOR ASSEMBLY<br>TECHNOLOGIES<\/strong><\/td><td style=\"background-color:#0046ad;padding-top:10px;padding-right:10px;padding-bottom:10px;padding-left:10px\"><strong>STATOR ASSEMBLY<br>TECHNOLOGIES<\/strong><\/td><td style=\"background-color:#0046ad;padding-top:10px;padding-right:10px;padding-bottom:10px;padding-left:10px\"><strong>E-MOTOR\/TRANSMISSION<br>HOUSING MACHINING<\/strong><\/td><td style=\"background-color:#0046ad;padding-top:10px;padding-bottom:10px;padding-left:10px;padding-right:10px\"><strong>EDS<br>FINAL ASSEMBLY<\/strong><\/td><\/tr><tr><td style=\"color:#000000;text-align:left;vertical-align:top;padding-top:10px;padding-right:10px;padding-bottom:10px;padding-left:10px;border-left-color:#8ed1fc;border-left-width:2px;border-style:dotted;background-color:#f4f4f4\">Gluing<br><br>Magnet Insertion<br><br>Stack and End Plate Forming<br><br>Rotor Stack Heating<br><br>Shaft Cooling<br><br>Shaft Insertion<br><br>Balancing<br><br>Magnetizing<br><br>E-Performance Test<\/td><td style=\"color:#000000;text-align:left;vertical-align:top;padding-top:5px;padding-right:5px;padding-bottom:5px;padding-left:10px;border-left-color:#8ed1fc;border-left-width:2px;border-style:dotted;background-color:#f4f4f4\">Wire Preparation<br><br>Slot Insultation Paper<br>Insertion &amp; Swaging<br><br>Wire Insertion<br><br>Wire Widening<br><br>Wire Twisting<br><br>Wire Terminal Cutting<br><br>Wire Terminal Laser<br>Welding<br><br>Trickling &amp; <br>Impregnation<br><br>Busbar Welding<br><br>Coating<br><br>E-Performance Test<br><\/td><td style=\"color:#000000;text-align:left;vertical-align:top;padding-left:10px;padding-top:10px;padding-right:10px;padding-bottom:10px;border-left-color:#8ed1fc;border-left-width:2px;border-style:dotted\">High speed cutting<br><br>Accurate axes with<br>linear drives<br><br>Accurate rotary tables<br>with direct torque motor<br><br>Milling\/Drilling operation<\/td><td style=\"color:#000000;text-align:left;vertical-align:top;padding-left:10px;padding-top:10px;padding-right:10px;padding-bottom:10px;border-left-color:#8ed1fc;border-left-width:2px;border-style:dotted\">Sealant and Lubricant<br>applications<br><br>Press fitting<br><br>2D\/3D vision systems<br><br>Plasma treatment<br><br>Leak Test<br><br>Material Handling<br><br>End of Line Tests (EOL)<\/td><\/tr><\/tbody><\/table><\/div>\n\n\n\n<div style=\"height:var(--wp--preset--spacing--40)\" aria-hidden=\"true\" class=\"wp-block-spacer\"><\/div>\n\n\n\n<h2 class=\"wp-block-heading\" id=\"avantages\">Avantages<\/h2>\n\n\n\n<p>Avec plus de quatre d\u00e9cennies d\u2019expertise en transmissions et entra\u00eenements, nous sommes en mesure de r\u00e9pondre \u00e0 vos besoins de production d\u2019entra\u00eenements \u00e9lectriques et de vous offrir les avantages suivants&nbsp;: &nbsp;<\/p>\n\n\n\n<ul class=\"wp-block-list\">\n<li>Capacit\u00e9s d\u2019int\u00e9gration avec des fournisseurs de technologies de pointe<\/li>\n\n\n\n<li>Gestion de programme<\/li>\n\n\n\n<li>Mise sur le march\u00e9 rapide<\/li>\n\n\n\n<li>Haute dynamique et productivit\u00e9 \u00e9lev\u00e9e<\/li>\n\n\n\n<li>Pr\u00e9cision stable \u00e0 long terme<\/li>\n\n\n\n<li>Flexibilit\u00e9 et r\u00e9utilisabilit\u00e9<\/li>\n<\/ul>\n","protected":false},"excerpt":{"rendered":"<p>Rotors et stators sur moteurs \u00e9lectriques et cha\u00eenes cin\u00e9matiques \u00e9lectriques \u200bNous nous sommes engag\u00e9s \u00e0 fournir la bonne combinaison de connaissance des proc\u00e9d\u00e9s, de flexibilit\u00e9 des syst\u00e8mes et d\u2019efficacit\u00e9 des performances pour soutenir votre projet tout au long du proc\u00e9d\u00e9 complet de production de cha\u00eene cin\u00e9matique \u00e9lectrique.Nos lignes de production E-Drive peuvent g\u00e9rer des volumes [&hellip;]<\/p>\n","protected":false},"author":11,"featured_media":5956,"parent":6166,"menu_order":3,"comment_status":"closed","ping_status":"closed","template":"","meta":{"_acf_changed":false,"ep_exclude_from_search":false,"footnotes":""},"class_list":["post-6186","page","type-page","status-publish","has-post-thumbnail","hentry"],"acf":[],"yoast_head":"<!-- This site is optimized with the Yoast SEO plugin v26.9 - https:\/\/yoast.com\/product\/yoast-seo-wordpress\/ -->\n<title>Assemblage rotors et stators pour moteurs \u00e9lectriques | Comau<\/title>\n<meta name=\"description\" content=\"D\u00e9couvrez les lignes de montage de moteurs \u00e9lectriques, rotors et stators de Comau\u00a0: choisissez la solution adapt\u00e9e \u00e0 vos exigences.\" \/>\n<meta name=\"robots\" content=\"index, follow, max-snippet:-1, max-image-preview:large, max-video-preview:-1\" \/>\n<link rel=\"canonical\" href=\"https:\/\/www.comau.com\/fr\/competencies\/electromobility\/e-drives-and-transmission-assembly\/\" \/>\n<meta property=\"og:locale\" content=\"fr_FR\" \/>\n<meta property=\"og:type\" content=\"article\" \/>\n<meta property=\"og:title\" content=\"Assemblage rotors et stators pour moteurs \u00e9lectriques | Comau\" \/>\n<meta property=\"og:description\" content=\"D\u00e9couvrez les lignes de montage de moteurs \u00e9lectriques, rotors et stators de Comau\u00a0: choisissez la solution adapt\u00e9e \u00e0 vos exigences.\" \/>\n<meta property=\"og:url\" content=\"https:\/\/www.comau.com\/fr\/competencies\/electromobility\/e-drives-and-transmission-assembly\/\" \/>\n<meta property=\"og:site_name\" content=\"Comau\" \/>\n<meta property=\"article:publisher\" content=\"https:\/\/www.facebook.com\/COMAU\/\" \/>\n<meta property=\"article:modified_time\" content=\"2024-03-27T03:53:23+00:00\" \/>\n<meta property=\"og:image\" content=\"https:\/\/www.comau.com\/wp-content\/uploads\/2021\/06\/emobility_header2.png\" \/>\n\t<meta property=\"og:image:width\" content=\"1280\" \/>\n\t<meta property=\"og:image:height\" content=\"485\" \/>\n\t<meta property=\"og:image:type\" content=\"image\/png\" \/>\n<meta name=\"twitter:card\" content=\"summary_large_image\" \/>\n<meta name=\"twitter:site\" content=\"@comaugroup\" \/>\n<meta name=\"twitter:label1\" content=\"Dur\u00e9e de lecture estim\u00e9e\" \/>\n\t<meta name=\"twitter:data1\" content=\"2 minutes\" \/>\n<script type=\"application\/ld+json\" class=\"yoast-schema-graph\">{\"@context\":\"https:\/\/schema.org\",\"@graph\":[{\"@type\":\"WebPage\",\"@id\":\"https:\/\/www.comau.com\/fr\/competencies\/electromobility\/e-drives-and-transmission-assembly\/\",\"url\":\"https:\/\/www.comau.com\/fr\/competencies\/electromobility\/e-drives-and-transmission-assembly\/\",\"name\":\"Assemblage rotors et stators pour moteurs \u00e9lectriques | Comau\",\"isPartOf\":{\"@id\":\"https:\/\/www.comau.com\/fr\/#website\"},\"primaryImageOfPage\":{\"@id\":\"https:\/\/www.comau.com\/fr\/competencies\/electromobility\/e-drives-and-transmission-assembly\/#primaryimage\"},\"image\":{\"@id\":\"https:\/\/www.comau.com\/fr\/competencies\/electromobility\/e-drives-and-transmission-assembly\/#primaryimage\"},\"thumbnailUrl\":\"https:\/\/www.comau.com\/wp-content\/uploads\/2021\/06\/emobility_header2.png\",\"datePublished\":\"2021-06-30T23:03:10+00:00\",\"dateModified\":\"2024-03-27T03:53:23+00:00\",\"description\":\"D\u00e9couvrez les lignes de montage de moteurs \u00e9lectriques, rotors et stators de Comau\u00a0: choisissez la solution adapt\u00e9e \u00e0 vos exigences.\",\"breadcrumb\":{\"@id\":\"https:\/\/www.comau.com\/fr\/competencies\/electromobility\/e-drives-and-transmission-assembly\/#breadcrumb\"},\"inLanguage\":\"fr-FR\",\"potentialAction\":[{\"@type\":\"ReadAction\",\"target\":[\"https:\/\/www.comau.com\/fr\/competencies\/electromobility\/e-drives-and-transmission-assembly\/\"]}]},{\"@type\":\"ImageObject\",\"inLanguage\":\"fr-FR\",\"@id\":\"https:\/\/www.comau.com\/fr\/competencies\/electromobility\/e-drives-and-transmission-assembly\/#primaryimage\",\"url\":\"https:\/\/www.comau.com\/wp-content\/uploads\/2021\/06\/emobility_header2.png\",\"contentUrl\":\"https:\/\/www.comau.com\/wp-content\/uploads\/2021\/06\/emobility_header2.png\",\"width\":1280,\"height\":485},{\"@type\":\"BreadcrumbList\",\"@id\":\"https:\/\/www.comau.com\/fr\/competencies\/electromobility\/e-drives-and-transmission-assembly\/#breadcrumb\",\"itemListElement\":[{\"@type\":\"ListItem\",\"position\":1,\"name\":\"Home\",\"item\":\"https:\/\/www.comau.com\/fr\/\"},{\"@type\":\"ListItem\",\"position\":2,\"name\":\"Nos comp\u00e9tences\",\"item\":\"https:\/\/www.comau.com\/fr\/competencies\/\"},{\"@type\":\"ListItem\",\"position\":3,\"name\":\"E-mobilit\u00e9\",\"item\":\"https:\/\/www.comau.com\/fr\/competencies\/electromobility\/\"},{\"@type\":\"ListItem\",\"position\":4,\"name\":\"E-Drives and transmission assembly\"}]},{\"@type\":\"WebSite\",\"@id\":\"https:\/\/www.comau.com\/fr\/#website\",\"url\":\"https:\/\/www.comau.com\/fr\/\",\"name\":\"Comau\",\"description\":\"Industrial automation and robotics\",\"publisher\":{\"@id\":\"https:\/\/www.comau.com\/fr\/#organization\"},\"potentialAction\":[{\"@type\":\"SearchAction\",\"target\":{\"@type\":\"EntryPoint\",\"urlTemplate\":\"https:\/\/www.comau.com\/fr\/?s={search_term_string}\"},\"query-input\":{\"@type\":\"PropertyValueSpecification\",\"valueRequired\":true,\"valueName\":\"search_term_string\"}}],\"inLanguage\":\"fr-FR\"},{\"@type\":\"Organization\",\"@id\":\"https:\/\/www.comau.com\/fr\/#organization\",\"name\":\"Comau\",\"url\":\"https:\/\/www.comau.com\/fr\/\",\"logo\":{\"@type\":\"ImageObject\",\"inLanguage\":\"fr-FR\",\"@id\":\"https:\/\/www.comau.com\/fr\/#\/schema\/logo\/image\/\",\"url\":\"https:\/\/www.comau.com\/wp-content\/uploads\/2024\/07\/cropped-Logo-COMAU.png\",\"contentUrl\":\"https:\/\/www.comau.com\/wp-content\/uploads\/2024\/07\/cropped-Logo-COMAU.png\",\"width\":434,\"height\":434,\"caption\":\"Comau\"},\"image\":{\"@id\":\"https:\/\/www.comau.com\/fr\/#\/schema\/logo\/image\/\"},\"sameAs\":[\"https:\/\/www.facebook.com\/COMAU\/\",\"https:\/\/x.com\/comaugroup\",\"https:\/\/www.instagram.com\/comaugroup\/\",\"https:\/\/www.linkedin.com\/company\/comau\",\"https:\/\/www.youtube.com\/user\/comau\"]}]}<\/script>\n<!-- \/ Yoast SEO plugin. -->","yoast_head_json":{"title":"Assemblage rotors et stators pour moteurs \u00e9lectriques | Comau","description":"D\u00e9couvrez les lignes de montage de moteurs \u00e9lectriques, rotors et stators de Comau\u00a0: choisissez la solution adapt\u00e9e \u00e0 vos exigences.","robots":{"index":"index","follow":"follow","max-snippet":"max-snippet:-1","max-image-preview":"max-image-preview:large","max-video-preview":"max-video-preview:-1"},"canonical":"https:\/\/www.comau.com\/fr\/competencies\/electromobility\/e-drives-and-transmission-assembly\/","og_locale":"fr_FR","og_type":"article","og_title":"Assemblage rotors et stators pour moteurs \u00e9lectriques | Comau","og_description":"D\u00e9couvrez les lignes de montage de moteurs \u00e9lectriques, rotors et stators de Comau\u00a0: choisissez la solution adapt\u00e9e \u00e0 vos exigences.","og_url":"https:\/\/www.comau.com\/fr\/competencies\/electromobility\/e-drives-and-transmission-assembly\/","og_site_name":"Comau","article_publisher":"https:\/\/www.facebook.com\/COMAU\/","article_modified_time":"2024-03-27T03:53:23+00:00","og_image":[{"width":1280,"height":485,"url":"https:\/\/www.comau.com\/wp-content\/uploads\/2021\/06\/emobility_header2.png","type":"image\/png"}],"twitter_card":"summary_large_image","twitter_site":"@comaugroup","twitter_misc":{"Dur\u00e9e de lecture estim\u00e9e":"2 minutes"},"schema":{"@context":"https:\/\/schema.org","@graph":[{"@type":"WebPage","@id":"https:\/\/www.comau.com\/fr\/competencies\/electromobility\/e-drives-and-transmission-assembly\/","url":"https:\/\/www.comau.com\/fr\/competencies\/electromobility\/e-drives-and-transmission-assembly\/","name":"Assemblage rotors et stators pour moteurs \u00e9lectriques | Comau","isPartOf":{"@id":"https:\/\/www.comau.com\/fr\/#website"},"primaryImageOfPage":{"@id":"https:\/\/www.comau.com\/fr\/competencies\/electromobility\/e-drives-and-transmission-assembly\/#primaryimage"},"image":{"@id":"https:\/\/www.comau.com\/fr\/competencies\/electromobility\/e-drives-and-transmission-assembly\/#primaryimage"},"thumbnailUrl":"https:\/\/www.comau.com\/wp-content\/uploads\/2021\/06\/emobility_header2.png","datePublished":"2021-06-30T23:03:10+00:00","dateModified":"2024-03-27T03:53:23+00:00","description":"D\u00e9couvrez les lignes de montage de moteurs \u00e9lectriques, rotors et stators de Comau\u00a0: choisissez la solution adapt\u00e9e \u00e0 vos exigences.","breadcrumb":{"@id":"https:\/\/www.comau.com\/fr\/competencies\/electromobility\/e-drives-and-transmission-assembly\/#breadcrumb"},"inLanguage":"fr-FR","potentialAction":[{"@type":"ReadAction","target":["https:\/\/www.comau.com\/fr\/competencies\/electromobility\/e-drives-and-transmission-assembly\/"]}]},{"@type":"ImageObject","inLanguage":"fr-FR","@id":"https:\/\/www.comau.com\/fr\/competencies\/electromobility\/e-drives-and-transmission-assembly\/#primaryimage","url":"https:\/\/www.comau.com\/wp-content\/uploads\/2021\/06\/emobility_header2.png","contentUrl":"https:\/\/www.comau.com\/wp-content\/uploads\/2021\/06\/emobility_header2.png","width":1280,"height":485},{"@type":"BreadcrumbList","@id":"https:\/\/www.comau.com\/fr\/competencies\/electromobility\/e-drives-and-transmission-assembly\/#breadcrumb","itemListElement":[{"@type":"ListItem","position":1,"name":"Home","item":"https:\/\/www.comau.com\/fr\/"},{"@type":"ListItem","position":2,"name":"Nos comp\u00e9tences","item":"https:\/\/www.comau.com\/fr\/competencies\/"},{"@type":"ListItem","position":3,"name":"E-mobilit\u00e9","item":"https:\/\/www.comau.com\/fr\/competencies\/electromobility\/"},{"@type":"ListItem","position":4,"name":"E-Drives and transmission assembly"}]},{"@type":"WebSite","@id":"https:\/\/www.comau.com\/fr\/#website","url":"https:\/\/www.comau.com\/fr\/","name":"Comau","description":"Industrial automation and robotics","publisher":{"@id":"https:\/\/www.comau.com\/fr\/#organization"},"potentialAction":[{"@type":"SearchAction","target":{"@type":"EntryPoint","urlTemplate":"https:\/\/www.comau.com\/fr\/?s={search_term_string}"},"query-input":{"@type":"PropertyValueSpecification","valueRequired":true,"valueName":"search_term_string"}}],"inLanguage":"fr-FR"},{"@type":"Organization","@id":"https:\/\/www.comau.com\/fr\/#organization","name":"Comau","url":"https:\/\/www.comau.com\/fr\/","logo":{"@type":"ImageObject","inLanguage":"fr-FR","@id":"https:\/\/www.comau.com\/fr\/#\/schema\/logo\/image\/","url":"https:\/\/www.comau.com\/wp-content\/uploads\/2024\/07\/cropped-Logo-COMAU.png","contentUrl":"https:\/\/www.comau.com\/wp-content\/uploads\/2024\/07\/cropped-Logo-COMAU.png","width":434,"height":434,"caption":"Comau"},"image":{"@id":"https:\/\/www.comau.com\/fr\/#\/schema\/logo\/image\/"},"sameAs":["https:\/\/www.facebook.com\/COMAU\/","https:\/\/x.com\/comaugroup","https:\/\/www.instagram.com\/comaugroup\/","https:\/\/www.linkedin.com\/company\/comau","https:\/\/www.youtube.com\/user\/comau"]}]}},"_links":{"self":[{"href":"https:\/\/www.comau.com\/fr\/wp-json\/wp\/v2\/pages\/6186","targetHints":{"allow":["GET"]}}],"collection":[{"href":"https:\/\/www.comau.com\/fr\/wp-json\/wp\/v2\/pages"}],"about":[{"href":"https:\/\/www.comau.com\/fr\/wp-json\/wp\/v2\/types\/page"}],"author":[{"embeddable":true,"href":"https:\/\/www.comau.com\/fr\/wp-json\/wp\/v2\/users\/11"}],"replies":[{"embeddable":true,"href":"https:\/\/www.comau.com\/fr\/wp-json\/wp\/v2\/comments?post=6186"}],"version-history":[{"count":7,"href":"https:\/\/www.comau.com\/fr\/wp-json\/wp\/v2\/pages\/6186\/revisions"}],"predecessor-version":[{"id":61736,"href":"https:\/\/www.comau.com\/fr\/wp-json\/wp\/v2\/pages\/6186\/revisions\/61736"}],"up":[{"embeddable":true,"href":"https:\/\/www.comau.com\/fr\/wp-json\/wp\/v2\/pages\/6166"}],"wp:featuredmedia":[{"embeddable":true,"href":"https:\/\/www.comau.com\/fr\/wp-json\/wp\/v2\/media\/5956"}],"wp:attachment":[{"href":"https:\/\/www.comau.com\/fr\/wp-json\/wp\/v2\/media?parent=6186"}],"curies":[{"name":"wp","href":"https:\/\/api.w.org\/{rel}","templated":true}]}}