{"id":6181,"date":"2021-07-01T01:02:53","date_gmt":"2021-06-30T23:02:53","guid":{"rendered":"https:\/\/www.comau.com\/?page_id=6181"},"modified":"2024-03-27T03:50:44","modified_gmt":"2024-03-27T02:50:44","slug":"battery-manufacturing","status":"publish","type":"page","link":"https:\/\/www.comau.com\/fr\/competencies\/electromobility\/battery-manufacturing\/","title":{"rendered":"Battery manufacturing"},"content":{"rendered":"\n<h2 class=\"wp-block-heading\" id=\"cells-modules-packs-cases-and-more\">Cellules, modules, ensembles, bo\u00eetiers etc.<\/h2>\n\n\n\n<p>\u200bNous comprenons la complexit\u00e9 inh\u00e9rente aux options d\u2019alimentation par batteries et pouvons contribuer \u00e0 l\u2019\u00e9volution de votre produit d\u00e8s le d\u00e9but. En tant que fournisseur unique pour l\u2019ensemble du syst\u00e8me de production de batteries, notre offre comprend des solutions d\u00e9di\u00e9es, notamment :<\/p>\n\n\n\n<ul class=\"wp-block-list\">\n<li>Essais des cellules de batterie et formation<\/li>\n\n\n\n<li>Assemblage des modules de batterie<\/li>\n\n\n\n<li>Assemblage de l\u2019ensemble de batteries<\/li>\n\n\n\n<li>Assemblage de l\u2019ensemble de stockage fixe<\/li>\n\n\n\n<li>Essais de fin de ligne<\/li>\n\n\n\n<li>Usinage des bo\u00eetiers de batterie<\/li>\n<\/ul>\n\n\n\n<h2 class=\"wp-block-heading\" id=\"fournisseur-de-service-complet\">Fournisseur de service complet<\/h2>\n\n\n\n<p>Notre porte-feuille de solutions de batteries repose sur une technologie et des produits exclusifs Comau. Nos syst\u00e8mes peuvent facilement g\u00e9rer des configurations de cellules prismatiques, en forme de cylindre ou de poche, ce qui permet de prot\u00e9ger votre investissement tout en vous offrant la libert\u00e9 de choix.<\/p>\n\n\n<div class=\"wp-block-image\">\n<figure class=\"aligncenter size-large\"><img decoding=\"async\" width=\"768\" height=\"656\" src=\"https:\/\/www.comau.com\/wp-content\/uploads\/2021\/06\/E-Batteries.png\" alt=\"\" class=\"wp-image-6198\" srcset=\"https:\/\/www.comau.com\/wp-content\/uploads\/2021\/06\/E-Batteries.png 768w, https:\/\/www.comau.com\/wp-content\/uploads\/2021\/06\/E-Batteries-300x256.png 300w\" sizes=\"(max-width: 768px) 100vw, 768px\" \/><\/figure>\n<\/div>\n\n\n<h2 class=\"wp-block-heading\" id=\"avantages\">Avantages<\/h2>\n\n\n\n<p>Laissez Comau travailler pour vous. Forts du savoir-faire appropri\u00e9, nous pouvons d\u00e8s maintenant vous aider \u00e0 g\u00e9rer l\u2019op\u00e9ration d\u2019assemblage des batteries tout en atteignant des r\u00e9sultats qui vous permettront de b\u00e9n\u00e9ficier&nbsp;:<\/p>\n\n\n\n<ul class=\"wp-block-list\">\n<li>De temps de commercialisation rapides<\/li>\n\n\n\n<li>Un support pour le d\u00e9veloppement de processus d\u2019un produit en \u00e9volution<\/li>\n\n\n\n<li>Un laboratoire de soudage laser interne Comau pour la validation et la configuration du proc\u00e9d\u00e9<\/li>\n\n\n\n<li>Un laboratoire de production de prototype de&nbsp; batte rie<\/li>\n\n\n\n<li>Une modularit\u00e9 et une possibilit\u00e9 de&nbsp; reconfiguration facile de la ligne d\u2019assemblage<\/li>\n<\/ul>\n","protected":false},"excerpt":{"rendered":"<p>Cellules, modules, ensembles, bo\u00eetiers etc. \u200bNous comprenons la complexit\u00e9 inh\u00e9rente aux options d\u2019alimentation par batteries et pouvons contribuer \u00e0 l\u2019\u00e9volution de votre produit d\u00e8s le d\u00e9but. En tant que fournisseur unique pour l\u2019ensemble du syst\u00e8me de production de batteries, notre offre comprend des solutions d\u00e9di\u00e9es, notamment : Fournisseur de service complet Notre porte-feuille de solutions [&hellip;]<\/p>\n","protected":false},"author":11,"featured_media":5956,"parent":6166,"menu_order":2,"comment_status":"closed","ping_status":"closed","template":"","meta":{"_acf_changed":false,"ep_exclude_from_search":false,"footnotes":""},"class_list":["post-6181","page","type-page","status-publish","has-post-thumbnail","hentry"],"acf":[],"yoast_head":"<!-- This site is optimized with the Yoast SEO plugin v26.9 - https:\/\/yoast.com\/product\/yoast-seo-wordpress\/ -->\n<title>Batteries voitures \u00e9lectriques\u00a0: production et assemblage | Comau<\/title>\n<meta name=\"description\" content=\"D\u00e9couvrez le syst\u00e8me de production de batteries et les solutions d\u00e9di\u00e9es Comau\u00a0: de la production jusqu&#039;au contr\u00f4le.\" \/>\n<meta name=\"robots\" content=\"index, follow, max-snippet:-1, max-image-preview:large, max-video-preview:-1\" \/>\n<link rel=\"canonical\" href=\"https:\/\/www.comau.com\/fr\/competencies\/electromobility\/battery-manufacturing\/\" \/>\n<meta property=\"og:locale\" content=\"fr_FR\" \/>\n<meta property=\"og:type\" content=\"article\" \/>\n<meta property=\"og:title\" content=\"Batteries voitures \u00e9lectriques\u00a0: production et assemblage | Comau\" \/>\n<meta property=\"og:description\" content=\"D\u00e9couvrez le syst\u00e8me de production de batteries et les solutions d\u00e9di\u00e9es Comau\u00a0: de la production jusqu&#039;au contr\u00f4le.\" \/>\n<meta property=\"og:url\" content=\"https:\/\/www.comau.com\/fr\/competencies\/electromobility\/battery-manufacturing\/\" \/>\n<meta property=\"og:site_name\" content=\"Comau\" \/>\n<meta property=\"article:publisher\" content=\"https:\/\/www.facebook.com\/COMAU\/\" \/>\n<meta property=\"article:modified_time\" content=\"2024-03-27T02:50:44+00:00\" \/>\n<meta property=\"og:image\" content=\"https:\/\/www.comau.com\/wp-content\/uploads\/2021\/06\/emobility_header2.png\" \/>\n\t<meta property=\"og:image:width\" content=\"1280\" \/>\n\t<meta property=\"og:image:height\" content=\"485\" \/>\n\t<meta property=\"og:image:type\" content=\"image\/png\" \/>\n<meta name=\"twitter:card\" content=\"summary_large_image\" \/>\n<meta name=\"twitter:site\" content=\"@comaugroup\" \/>\n<meta name=\"twitter:label1\" content=\"Dur\u00e9e de lecture estim\u00e9e\" \/>\n\t<meta name=\"twitter:data1\" content=\"2 minutes\" \/>\n<script type=\"application\/ld+json\" class=\"yoast-schema-graph\">{\"@context\":\"https:\/\/schema.org\",\"@graph\":[{\"@type\":\"WebPage\",\"@id\":\"https:\/\/www.comau.com\/fr\/competencies\/electromobility\/battery-manufacturing\/\",\"url\":\"https:\/\/www.comau.com\/fr\/competencies\/electromobility\/battery-manufacturing\/\",\"name\":\"Batteries voitures \u00e9lectriques\u00a0: production et assemblage | Comau\",\"isPartOf\":{\"@id\":\"https:\/\/www.comau.com\/fr\/#website\"},\"primaryImageOfPage\":{\"@id\":\"https:\/\/www.comau.com\/fr\/competencies\/electromobility\/battery-manufacturing\/#primaryimage\"},\"image\":{\"@id\":\"https:\/\/www.comau.com\/fr\/competencies\/electromobility\/battery-manufacturing\/#primaryimage\"},\"thumbnailUrl\":\"https:\/\/www.comau.com\/wp-content\/uploads\/2021\/06\/emobility_header2.png\",\"datePublished\":\"2021-06-30T23:02:53+00:00\",\"dateModified\":\"2024-03-27T02:50:44+00:00\",\"description\":\"D\u00e9couvrez le syst\u00e8me de production de batteries et les solutions d\u00e9di\u00e9es Comau\u00a0: de la production jusqu'au contr\u00f4le.\",\"breadcrumb\":{\"@id\":\"https:\/\/www.comau.com\/fr\/competencies\/electromobility\/battery-manufacturing\/#breadcrumb\"},\"inLanguage\":\"fr-FR\",\"potentialAction\":[{\"@type\":\"ReadAction\",\"target\":[\"https:\/\/www.comau.com\/fr\/competencies\/electromobility\/battery-manufacturing\/\"]}]},{\"@type\":\"ImageObject\",\"inLanguage\":\"fr-FR\",\"@id\":\"https:\/\/www.comau.com\/fr\/competencies\/electromobility\/battery-manufacturing\/#primaryimage\",\"url\":\"https:\/\/www.comau.com\/wp-content\/uploads\/2021\/06\/emobility_header2.png\",\"contentUrl\":\"https:\/\/www.comau.com\/wp-content\/uploads\/2021\/06\/emobility_header2.png\",\"width\":1280,\"height\":485},{\"@type\":\"BreadcrumbList\",\"@id\":\"https:\/\/www.comau.com\/fr\/competencies\/electromobility\/battery-manufacturing\/#breadcrumb\",\"itemListElement\":[{\"@type\":\"ListItem\",\"position\":1,\"name\":\"Home\",\"item\":\"https:\/\/www.comau.com\/fr\/\"},{\"@type\":\"ListItem\",\"position\":2,\"name\":\"Nos comp\u00e9tences\",\"item\":\"https:\/\/www.comau.com\/fr\/competencies\/\"},{\"@type\":\"ListItem\",\"position\":3,\"name\":\"E-mobilit\u00e9\",\"item\":\"https:\/\/www.comau.com\/fr\/competencies\/electromobility\/\"},{\"@type\":\"ListItem\",\"position\":4,\"name\":\"Battery manufacturing\"}]},{\"@type\":\"WebSite\",\"@id\":\"https:\/\/www.comau.com\/fr\/#website\",\"url\":\"https:\/\/www.comau.com\/fr\/\",\"name\":\"Comau\",\"description\":\"Industrial automation and robotics\",\"publisher\":{\"@id\":\"https:\/\/www.comau.com\/fr\/#organization\"},\"potentialAction\":[{\"@type\":\"SearchAction\",\"target\":{\"@type\":\"EntryPoint\",\"urlTemplate\":\"https:\/\/www.comau.com\/fr\/?s={search_term_string}\"},\"query-input\":{\"@type\":\"PropertyValueSpecification\",\"valueRequired\":true,\"valueName\":\"search_term_string\"}}],\"inLanguage\":\"fr-FR\"},{\"@type\":\"Organization\",\"@id\":\"https:\/\/www.comau.com\/fr\/#organization\",\"name\":\"Comau\",\"url\":\"https:\/\/www.comau.com\/fr\/\",\"logo\":{\"@type\":\"ImageObject\",\"inLanguage\":\"fr-FR\",\"@id\":\"https:\/\/www.comau.com\/fr\/#\/schema\/logo\/image\/\",\"url\":\"https:\/\/www.comau.com\/wp-content\/uploads\/2024\/07\/cropped-Logo-COMAU.png\",\"contentUrl\":\"https:\/\/www.comau.com\/wp-content\/uploads\/2024\/07\/cropped-Logo-COMAU.png\",\"width\":434,\"height\":434,\"caption\":\"Comau\"},\"image\":{\"@id\":\"https:\/\/www.comau.com\/fr\/#\/schema\/logo\/image\/\"},\"sameAs\":[\"https:\/\/www.facebook.com\/COMAU\/\",\"https:\/\/x.com\/comaugroup\",\"https:\/\/www.instagram.com\/comaugroup\/\",\"https:\/\/www.linkedin.com\/company\/comau\",\"https:\/\/www.youtube.com\/user\/comau\"]}]}<\/script>\n<!-- \/ Yoast SEO plugin. -->","yoast_head_json":{"title":"Batteries voitures \u00e9lectriques\u00a0: production et assemblage | Comau","description":"D\u00e9couvrez le syst\u00e8me de production de batteries et les solutions d\u00e9di\u00e9es Comau\u00a0: de la production jusqu'au contr\u00f4le.","robots":{"index":"index","follow":"follow","max-snippet":"max-snippet:-1","max-image-preview":"max-image-preview:large","max-video-preview":"max-video-preview:-1"},"canonical":"https:\/\/www.comau.com\/fr\/competencies\/electromobility\/battery-manufacturing\/","og_locale":"fr_FR","og_type":"article","og_title":"Batteries voitures \u00e9lectriques\u00a0: production et assemblage | Comau","og_description":"D\u00e9couvrez le syst\u00e8me de production de batteries et les solutions d\u00e9di\u00e9es Comau\u00a0: de la production jusqu'au contr\u00f4le.","og_url":"https:\/\/www.comau.com\/fr\/competencies\/electromobility\/battery-manufacturing\/","og_site_name":"Comau","article_publisher":"https:\/\/www.facebook.com\/COMAU\/","article_modified_time":"2024-03-27T02:50:44+00:00","og_image":[{"width":1280,"height":485,"url":"https:\/\/www.comau.com\/wp-content\/uploads\/2021\/06\/emobility_header2.png","type":"image\/png"}],"twitter_card":"summary_large_image","twitter_site":"@comaugroup","twitter_misc":{"Dur\u00e9e de lecture estim\u00e9e":"2 minutes"},"schema":{"@context":"https:\/\/schema.org","@graph":[{"@type":"WebPage","@id":"https:\/\/www.comau.com\/fr\/competencies\/electromobility\/battery-manufacturing\/","url":"https:\/\/www.comau.com\/fr\/competencies\/electromobility\/battery-manufacturing\/","name":"Batteries voitures \u00e9lectriques\u00a0: production et assemblage | Comau","isPartOf":{"@id":"https:\/\/www.comau.com\/fr\/#website"},"primaryImageOfPage":{"@id":"https:\/\/www.comau.com\/fr\/competencies\/electromobility\/battery-manufacturing\/#primaryimage"},"image":{"@id":"https:\/\/www.comau.com\/fr\/competencies\/electromobility\/battery-manufacturing\/#primaryimage"},"thumbnailUrl":"https:\/\/www.comau.com\/wp-content\/uploads\/2021\/06\/emobility_header2.png","datePublished":"2021-06-30T23:02:53+00:00","dateModified":"2024-03-27T02:50:44+00:00","description":"D\u00e9couvrez le syst\u00e8me de production de batteries et les solutions d\u00e9di\u00e9es Comau\u00a0: de la production jusqu'au contr\u00f4le.","breadcrumb":{"@id":"https:\/\/www.comau.com\/fr\/competencies\/electromobility\/battery-manufacturing\/#breadcrumb"},"inLanguage":"fr-FR","potentialAction":[{"@type":"ReadAction","target":["https:\/\/www.comau.com\/fr\/competencies\/electromobility\/battery-manufacturing\/"]}]},{"@type":"ImageObject","inLanguage":"fr-FR","@id":"https:\/\/www.comau.com\/fr\/competencies\/electromobility\/battery-manufacturing\/#primaryimage","url":"https:\/\/www.comau.com\/wp-content\/uploads\/2021\/06\/emobility_header2.png","contentUrl":"https:\/\/www.comau.com\/wp-content\/uploads\/2021\/06\/emobility_header2.png","width":1280,"height":485},{"@type":"BreadcrumbList","@id":"https:\/\/www.comau.com\/fr\/competencies\/electromobility\/battery-manufacturing\/#breadcrumb","itemListElement":[{"@type":"ListItem","position":1,"name":"Home","item":"https:\/\/www.comau.com\/fr\/"},{"@type":"ListItem","position":2,"name":"Nos comp\u00e9tences","item":"https:\/\/www.comau.com\/fr\/competencies\/"},{"@type":"ListItem","position":3,"name":"E-mobilit\u00e9","item":"https:\/\/www.comau.com\/fr\/competencies\/electromobility\/"},{"@type":"ListItem","position":4,"name":"Battery manufacturing"}]},{"@type":"WebSite","@id":"https:\/\/www.comau.com\/fr\/#website","url":"https:\/\/www.comau.com\/fr\/","name":"Comau","description":"Industrial automation and robotics","publisher":{"@id":"https:\/\/www.comau.com\/fr\/#organization"},"potentialAction":[{"@type":"SearchAction","target":{"@type":"EntryPoint","urlTemplate":"https:\/\/www.comau.com\/fr\/?s={search_term_string}"},"query-input":{"@type":"PropertyValueSpecification","valueRequired":true,"valueName":"search_term_string"}}],"inLanguage":"fr-FR"},{"@type":"Organization","@id":"https:\/\/www.comau.com\/fr\/#organization","name":"Comau","url":"https:\/\/www.comau.com\/fr\/","logo":{"@type":"ImageObject","inLanguage":"fr-FR","@id":"https:\/\/www.comau.com\/fr\/#\/schema\/logo\/image\/","url":"https:\/\/www.comau.com\/wp-content\/uploads\/2024\/07\/cropped-Logo-COMAU.png","contentUrl":"https:\/\/www.comau.com\/wp-content\/uploads\/2024\/07\/cropped-Logo-COMAU.png","width":434,"height":434,"caption":"Comau"},"image":{"@id":"https:\/\/www.comau.com\/fr\/#\/schema\/logo\/image\/"},"sameAs":["https:\/\/www.facebook.com\/COMAU\/","https:\/\/x.com\/comaugroup","https:\/\/www.instagram.com\/comaugroup\/","https:\/\/www.linkedin.com\/company\/comau","https:\/\/www.youtube.com\/user\/comau"]}]}},"_links":{"self":[{"href":"https:\/\/www.comau.com\/fr\/wp-json\/wp\/v2\/pages\/6181","targetHints":{"allow":["GET"]}}],"collection":[{"href":"https:\/\/www.comau.com\/fr\/wp-json\/wp\/v2\/pages"}],"about":[{"href":"https:\/\/www.comau.com\/fr\/wp-json\/wp\/v2\/types\/page"}],"author":[{"embeddable":true,"href":"https:\/\/www.comau.com\/fr\/wp-json\/wp\/v2\/users\/11"}],"replies":[{"embeddable":true,"href":"https:\/\/www.comau.com\/fr\/wp-json\/wp\/v2\/comments?post=6181"}],"version-history":[{"count":7,"href":"https:\/\/www.comau.com\/fr\/wp-json\/wp\/v2\/pages\/6181\/revisions"}],"predecessor-version":[{"id":61709,"href":"https:\/\/www.comau.com\/fr\/wp-json\/wp\/v2\/pages\/6181\/revisions\/61709"}],"up":[{"embeddable":true,"href":"https:\/\/www.comau.com\/fr\/wp-json\/wp\/v2\/pages\/6166"}],"wp:featuredmedia":[{"embeddable":true,"href":"https:\/\/www.comau.com\/fr\/wp-json\/wp\/v2\/media\/5956"}],"wp:attachment":[{"href":"https:\/\/www.comau.com\/fr\/wp-json\/wp\/v2\/media?parent=6181"}],"curies":[{"name":"wp","href":"https:\/\/api.w.org\/{rel}","templated":true}]}}