{"id":6176,"date":"2022-05-13T09:44:44","date_gmt":"2022-05-13T07:44:44","guid":{"rendered":"https:\/\/www.comau.com\/?page_id=6176"},"modified":"2023-02-17T14:36:24","modified_gmt":"2023-02-17T13:36:24","slug":"real-solutions-for-real-projects","status":"publish","type":"page","link":"https:\/\/www.comau.com\/fr\/competencies\/electromobility\/real-solutions-for-real-projects\/","title":{"rendered":"Des solutions r\u00e9elles pour des projets r\u00e9els"},"content":{"rendered":"\n<h2 class=\"wp-block-heading\">\u00catre bon ne suffit pas<\/h2>\n\n\n\n<p>En mati\u00e8re d\u2019automatisation, peu de soci\u00e9t\u00e9s peuvent rivaliser avec l\u2019expertise de Comau et remporter autant de prix. L\u2019\u00e9lectrification est encore un nouveau jeu de balle o\u00f9 \u00eatre bon ne constitue que le premier pas. C\u2019est la raison pour laquelle nous favorisons l\u2019ADN Comau et l\u2019approche du travail d\u2019\u00e9quipe pour couvrir toute la cha\u00eene des valeurs \u00e9lectriques avec des r\u00e9ponses r\u00e9elles \u00e0 un vaste \u00e9ventail de sc\u00e9narios de projets r\u00e9els.<\/p>\n\n\n\n<p>Avec un porte-feuille complet de produits et de technologies de proc\u00e9d\u00e9 pour soutenir la transformation et l\u2019utilisation de l\u2019alimentation \u00e9lectrique, nous ouvrons la voie \u00e0 l\u2019\u00e9lectrification avec des solutions modulaires, \u00e9volutives et rentables en termes d\u2019investissements. Par ailleurs, notre \u00e9quipe mondiale de plus de 200&nbsp; ressources d\u00e9di\u00e9es et nos 3 centres de recherche ont aid\u00e9 plus de 40 soci\u00e9t\u00e9s dans le monde entier \u00e0 mettre en \u0153uvre leurs strat\u00e9gies en termes d\u2019\u00e9lectrification.<\/p>\n\n\n\n<h2 class=\"wp-block-heading\">Assurance bas\u00e9e sur l\u2019IA<\/h2>\n\n\n\n<p>\u200bEn mati\u00e8re de v\u00e9rification de l\u2019efficacit\u00e9 des solutions e-power, le paradigme des essais et des commandes automatis\u00e9s exclusifs de Comau est sans \u00e9gal. Le processus non-invasif, reposant sur l\u2019acquisition en ligne d\u2019images thermiques, v\u00e9rifie avec pr\u00e9cision la r\u00e9sistance \u00e9lectrique et la qualit\u00e9 d\u2019assemblage de chaque assemblage de fa\u00e7on rapide et efficace. En \u00e9valuant la qualit\u00e9 de chaque assemblage avant l\u2019assemblage final, les constructeurs peuvent garantir la s\u00e9curit\u00e9 des batteries et la r\u00e9duction des d\u00e9chets. La solution ne n\u00e9cessitant pas sa propre source d\u2019\u00e9nergie, elle peut \u00eatre ajout\u00e9e \u00e0 n\u2019importe quelle ligne de fabrication de batterie industrielle sans incidence sur les temps de cycle ou l\u2019agencement de fabrication.<\/p>\n\n\n<div class=\"wp-block-image\">\n<figure class=\"aligncenter size-large\"><img decoding=\"async\" src=\"https:\/\/www.comau.com\/wp-content\/uploads\/2021\/06\/Comau_Real-solutions-for-real-projects_Image1.jpg\" alt=\"\" \/><\/figure>\n<\/div>\n\n\n<h2 class=\"wp-block-heading\">Installation ext\u00e9rieure d\u2019automatisation<\/h2>\n\n\n\n<p>L\u2019un des meilleurs enjeux de l\u2019ing\u00e9nierie innovante est de trouver des solutions \u00e0 des probl\u00e8mes pas encore identifi\u00e9s. Prenez par exemple Hyperion, un syst\u00e8me d\u2019installation ext\u00e9rieure mobile et unique ayant \u00e9t\u00e9 con\u00e7u par Comau pour transporter, manipuler et installer de mani\u00e8re autonome 30&nbsp;kg de panneaux solaires en plein champ dans quasiment toutes les conditions.<\/p>\n\n\n\n<p>La solution est un parfait exemple de l\u2019approche de Comau en termes d\u2019automatisation ouverte. En identifiant la possibilit\u00e9 d\u2019industrialiser un proc\u00e9d\u00e9 manuel, Comau a travaill\u00e9 en \u00e9troite collaboration avec le client pour concevoir, d\u00e9velopper et d\u00e9ployer un syst\u00e8me d\u2019installation mobile (comprenant un v\u00e9hicule \u00e0 chenilles automatis\u00e9 et un robot articul\u00e9 \u00e0 charge utile \u00e9lev\u00e9e) en moins de 7&nbsp;mois. Aujourd\u2019hui, le syst\u00e8me d\u2019installation mobile complet et pr\u00eat \u00e0 \u00eatre utilis\u00e9 peut \u00eatre facilement d\u00e9ploy\u00e9 dans des champs solaires nouveaux et existants pour simplifier le d\u00e9ploiement d\u2019installations photovolta\u00efques et limiter les op\u00e9rations qui, sinon, devraient \u00eatre r\u00e9alis\u00e9es par des ouvriers dans des conditions ext\u00e9rieures difficiles comme la pluie et des temp\u00e9ratures \u00e9lev\u00e9es\/basses.<\/p>\n\n\n<div class=\"wp-block-image\">\n<figure class=\"aligncenter size-large\"><img decoding=\"async\" src=\"https:\/\/www.comau.com\/wp-content\/uploads\/2021\/06\/Comau_Real-solutions-for-real-projects_Image2.jpg\" alt=\"\" \/><\/figure>\n<\/div>\n\n\n<h2 class=\"wp-block-heading\">Batteries pour navires<\/h2>\n\n\n\n<p>\u00c0 la diff\u00e9rence de l\u2019automatisation standardis\u00e9e de grand volume de l\u2019industrie automobile, la fabrication des batteries est similaire \u00e0 une production de niche en ce sens que deux modules ne sont jamais exactement identiques. Jusqu\u2019\u00e0 tout r\u00e9cemment, la fabrication des batteries pour le transport lourd, l\u2019industrie navale et l\u2019industrie ferroviaire reposait essentiellement sur un proc\u00e9d\u00e9 manuel dict\u00e9 par le besoin de r\u00e9pondre \u00e0 une s\u00e9rie de variances inh\u00e9rentes en raison des exigences d\u2019utilisation finale.<\/p>\n\n\n\n<p>En travaillant avec l\u2019un des principaux fournisseurs mondiaux de solutions d\u2019\u00e9nergie \u00e9lectrique du secteur naval, Comau a industrialis\u00e9 un proc\u00e9d\u00e9 de fabrication de cellules de batterie au lithium-ion par l\u2019automatisation de bout-en-bout bas\u00e9e sur un environnement de soudage innovant associant la robotique, le soudage laser, l\u2019IA et la validation automatique de la r\u00e9sistance m\u00e9canique et \u00e9lectrique pour garantir une flexibilit\u00e9 de configuration multimodule de modules de batteries hautes performances.<\/p>\n","protected":false},"excerpt":{"rendered":"<p>\u00catre bon ne suffit pas En mati\u00e8re d\u2019automatisation, peu de soci\u00e9t\u00e9s peuvent rivaliser avec l\u2019expertise de Comau et remporter autant de prix. L\u2019\u00e9lectrification est encore un nouveau jeu de balle o\u00f9 \u00eatre bon ne constitue que le premier pas. C\u2019est la raison pour laquelle nous favorisons l\u2019ADN Comau et l\u2019approche du travail d\u2019\u00e9quipe pour couvrir [&hellip;]<\/p>\n","protected":false},"author":11,"featured_media":5956,"parent":6166,"menu_order":1,"comment_status":"closed","ping_status":"closed","template":"","meta":{"_acf_changed":false,"ep_exclude_from_search":false,"footnotes":""},"class_list":["post-6176","page","type-page","status-publish","has-post-thumbnail","hentry"],"acf":[],"yoast_head":"<!-- This site is optimized with the Yoast SEO plugin v26.9 - https:\/\/yoast.com\/product\/yoast-seo-wordpress\/ -->\n<title>Des solutions r\u00e9elles pour des projets r\u00e9els - Comau<\/title>\n<meta name=\"robots\" content=\"index, follow, max-snippet:-1, max-image-preview:large, max-video-preview:-1\" \/>\n<link rel=\"canonical\" href=\"https:\/\/www.comau.com\/fr\/competencies\/electromobility\/real-solutions-for-real-projects\/\" \/>\n<meta property=\"og:locale\" content=\"fr_FR\" \/>\n<meta property=\"og:type\" content=\"article\" \/>\n<meta property=\"og:title\" content=\"Des solutions r\u00e9elles pour des projets r\u00e9els - Comau\" \/>\n<meta property=\"og:description\" content=\"\u00catre bon ne suffit pas En mati\u00e8re d\u2019automatisation, peu de soci\u00e9t\u00e9s peuvent rivaliser avec l\u2019expertise de Comau et remporter autant de prix. L\u2019\u00e9lectrification est encore un nouveau jeu de balle o\u00f9 \u00eatre bon ne constitue que le premier pas. C\u2019est la raison pour laquelle nous favorisons l\u2019ADN Comau et l\u2019approche du travail d\u2019\u00e9quipe pour couvrir [&hellip;]\" \/>\n<meta property=\"og:url\" content=\"https:\/\/www.comau.com\/fr\/competencies\/electromobility\/real-solutions-for-real-projects\/\" \/>\n<meta property=\"og:site_name\" content=\"Comau\" \/>\n<meta property=\"article:publisher\" content=\"https:\/\/www.facebook.com\/COMAU\/\" \/>\n<meta property=\"article:modified_time\" content=\"2023-02-17T13:36:24+00:00\" \/>\n<meta property=\"og:image\" content=\"https:\/\/www.comau.com\/wp-content\/uploads\/2021\/06\/emobility_header2.png\" \/>\n\t<meta property=\"og:image:width\" content=\"1280\" \/>\n\t<meta property=\"og:image:height\" content=\"485\" \/>\n\t<meta property=\"og:image:type\" content=\"image\/png\" \/>\n<meta name=\"twitter:card\" content=\"summary_large_image\" \/>\n<meta name=\"twitter:site\" content=\"@comaugroup\" \/>\n<meta name=\"twitter:label1\" content=\"Dur\u00e9e de lecture estim\u00e9e\" \/>\n\t<meta name=\"twitter:data1\" content=\"3 minutes\" \/>\n<script type=\"application\/ld+json\" class=\"yoast-schema-graph\">{\"@context\":\"https:\/\/schema.org\",\"@graph\":[{\"@type\":\"WebPage\",\"@id\":\"https:\/\/www.comau.com\/fr\/competencies\/electromobility\/real-solutions-for-real-projects\/\",\"url\":\"https:\/\/www.comau.com\/fr\/competencies\/electromobility\/real-solutions-for-real-projects\/\",\"name\":\"Des solutions r\u00e9elles pour des projets r\u00e9els - Comau\",\"isPartOf\":{\"@id\":\"https:\/\/www.comau.com\/fr\/#website\"},\"primaryImageOfPage\":{\"@id\":\"https:\/\/www.comau.com\/fr\/competencies\/electromobility\/real-solutions-for-real-projects\/#primaryimage\"},\"image\":{\"@id\":\"https:\/\/www.comau.com\/fr\/competencies\/electromobility\/real-solutions-for-real-projects\/#primaryimage\"},\"thumbnailUrl\":\"https:\/\/www.comau.com\/wp-content\/uploads\/2021\/06\/emobility_header2.png\",\"datePublished\":\"2022-05-13T07:44:44+00:00\",\"dateModified\":\"2023-02-17T13:36:24+00:00\",\"breadcrumb\":{\"@id\":\"https:\/\/www.comau.com\/fr\/competencies\/electromobility\/real-solutions-for-real-projects\/#breadcrumb\"},\"inLanguage\":\"fr-FR\",\"potentialAction\":[{\"@type\":\"ReadAction\",\"target\":[\"https:\/\/www.comau.com\/fr\/competencies\/electromobility\/real-solutions-for-real-projects\/\"]}]},{\"@type\":\"ImageObject\",\"inLanguage\":\"fr-FR\",\"@id\":\"https:\/\/www.comau.com\/fr\/competencies\/electromobility\/real-solutions-for-real-projects\/#primaryimage\",\"url\":\"https:\/\/www.comau.com\/wp-content\/uploads\/2021\/06\/emobility_header2.png\",\"contentUrl\":\"https:\/\/www.comau.com\/wp-content\/uploads\/2021\/06\/emobility_header2.png\",\"width\":1280,\"height\":485},{\"@type\":\"BreadcrumbList\",\"@id\":\"https:\/\/www.comau.com\/fr\/competencies\/electromobility\/real-solutions-for-real-projects\/#breadcrumb\",\"itemListElement\":[{\"@type\":\"ListItem\",\"position\":1,\"name\":\"Home\",\"item\":\"https:\/\/www.comau.com\/fr\/\"},{\"@type\":\"ListItem\",\"position\":2,\"name\":\"Nos comp\u00e9tences\",\"item\":\"https:\/\/www.comau.com\/fr\/competencies\/\"},{\"@type\":\"ListItem\",\"position\":3,\"name\":\"E-mobilit\u00e9\",\"item\":\"https:\/\/www.comau.com\/fr\/competencies\/electromobility\/\"},{\"@type\":\"ListItem\",\"position\":4,\"name\":\"Des solutions r\u00e9elles pour des projets r\u00e9els\"}]},{\"@type\":\"WebSite\",\"@id\":\"https:\/\/www.comau.com\/fr\/#website\",\"url\":\"https:\/\/www.comau.com\/fr\/\",\"name\":\"Comau\",\"description\":\"Industrial automation and robotics\",\"publisher\":{\"@id\":\"https:\/\/www.comau.com\/fr\/#organization\"},\"potentialAction\":[{\"@type\":\"SearchAction\",\"target\":{\"@type\":\"EntryPoint\",\"urlTemplate\":\"https:\/\/www.comau.com\/fr\/?s={search_term_string}\"},\"query-input\":{\"@type\":\"PropertyValueSpecification\",\"valueRequired\":true,\"valueName\":\"search_term_string\"}}],\"inLanguage\":\"fr-FR\"},{\"@type\":\"Organization\",\"@id\":\"https:\/\/www.comau.com\/fr\/#organization\",\"name\":\"Comau\",\"url\":\"https:\/\/www.comau.com\/fr\/\",\"logo\":{\"@type\":\"ImageObject\",\"inLanguage\":\"fr-FR\",\"@id\":\"https:\/\/www.comau.com\/fr\/#\/schema\/logo\/image\/\",\"url\":\"https:\/\/www.comau.com\/wp-content\/uploads\/2024\/07\/cropped-Logo-COMAU.png\",\"contentUrl\":\"https:\/\/www.comau.com\/wp-content\/uploads\/2024\/07\/cropped-Logo-COMAU.png\",\"width\":434,\"height\":434,\"caption\":\"Comau\"},\"image\":{\"@id\":\"https:\/\/www.comau.com\/fr\/#\/schema\/logo\/image\/\"},\"sameAs\":[\"https:\/\/www.facebook.com\/COMAU\/\",\"https:\/\/x.com\/comaugroup\",\"https:\/\/www.instagram.com\/comaugroup\/\",\"https:\/\/www.linkedin.com\/company\/comau\",\"https:\/\/www.youtube.com\/user\/comau\"]}]}<\/script>\n<!-- \/ Yoast SEO plugin. -->","yoast_head_json":{"title":"Des solutions r\u00e9elles pour des projets r\u00e9els - Comau","robots":{"index":"index","follow":"follow","max-snippet":"max-snippet:-1","max-image-preview":"max-image-preview:large","max-video-preview":"max-video-preview:-1"},"canonical":"https:\/\/www.comau.com\/fr\/competencies\/electromobility\/real-solutions-for-real-projects\/","og_locale":"fr_FR","og_type":"article","og_title":"Des solutions r\u00e9elles pour des projets r\u00e9els - Comau","og_description":"\u00catre bon ne suffit pas En mati\u00e8re d\u2019automatisation, peu de soci\u00e9t\u00e9s peuvent rivaliser avec l\u2019expertise de Comau et remporter autant de prix. L\u2019\u00e9lectrification est encore un nouveau jeu de balle o\u00f9 \u00eatre bon ne constitue que le premier pas. C\u2019est la raison pour laquelle nous favorisons l\u2019ADN Comau et l\u2019approche du travail d\u2019\u00e9quipe pour couvrir [&hellip;]","og_url":"https:\/\/www.comau.com\/fr\/competencies\/electromobility\/real-solutions-for-real-projects\/","og_site_name":"Comau","article_publisher":"https:\/\/www.facebook.com\/COMAU\/","article_modified_time":"2023-02-17T13:36:24+00:00","og_image":[{"width":1280,"height":485,"url":"https:\/\/www.comau.com\/wp-content\/uploads\/2021\/06\/emobility_header2.png","type":"image\/png"}],"twitter_card":"summary_large_image","twitter_site":"@comaugroup","twitter_misc":{"Dur\u00e9e de lecture estim\u00e9e":"3 minutes"},"schema":{"@context":"https:\/\/schema.org","@graph":[{"@type":"WebPage","@id":"https:\/\/www.comau.com\/fr\/competencies\/electromobility\/real-solutions-for-real-projects\/","url":"https:\/\/www.comau.com\/fr\/competencies\/electromobility\/real-solutions-for-real-projects\/","name":"Des solutions r\u00e9elles pour des projets r\u00e9els - Comau","isPartOf":{"@id":"https:\/\/www.comau.com\/fr\/#website"},"primaryImageOfPage":{"@id":"https:\/\/www.comau.com\/fr\/competencies\/electromobility\/real-solutions-for-real-projects\/#primaryimage"},"image":{"@id":"https:\/\/www.comau.com\/fr\/competencies\/electromobility\/real-solutions-for-real-projects\/#primaryimage"},"thumbnailUrl":"https:\/\/www.comau.com\/wp-content\/uploads\/2021\/06\/emobility_header2.png","datePublished":"2022-05-13T07:44:44+00:00","dateModified":"2023-02-17T13:36:24+00:00","breadcrumb":{"@id":"https:\/\/www.comau.com\/fr\/competencies\/electromobility\/real-solutions-for-real-projects\/#breadcrumb"},"inLanguage":"fr-FR","potentialAction":[{"@type":"ReadAction","target":["https:\/\/www.comau.com\/fr\/competencies\/electromobility\/real-solutions-for-real-projects\/"]}]},{"@type":"ImageObject","inLanguage":"fr-FR","@id":"https:\/\/www.comau.com\/fr\/competencies\/electromobility\/real-solutions-for-real-projects\/#primaryimage","url":"https:\/\/www.comau.com\/wp-content\/uploads\/2021\/06\/emobility_header2.png","contentUrl":"https:\/\/www.comau.com\/wp-content\/uploads\/2021\/06\/emobility_header2.png","width":1280,"height":485},{"@type":"BreadcrumbList","@id":"https:\/\/www.comau.com\/fr\/competencies\/electromobility\/real-solutions-for-real-projects\/#breadcrumb","itemListElement":[{"@type":"ListItem","position":1,"name":"Home","item":"https:\/\/www.comau.com\/fr\/"},{"@type":"ListItem","position":2,"name":"Nos comp\u00e9tences","item":"https:\/\/www.comau.com\/fr\/competencies\/"},{"@type":"ListItem","position":3,"name":"E-mobilit\u00e9","item":"https:\/\/www.comau.com\/fr\/competencies\/electromobility\/"},{"@type":"ListItem","position":4,"name":"Des solutions r\u00e9elles pour des projets r\u00e9els"}]},{"@type":"WebSite","@id":"https:\/\/www.comau.com\/fr\/#website","url":"https:\/\/www.comau.com\/fr\/","name":"Comau","description":"Industrial automation and robotics","publisher":{"@id":"https:\/\/www.comau.com\/fr\/#organization"},"potentialAction":[{"@type":"SearchAction","target":{"@type":"EntryPoint","urlTemplate":"https:\/\/www.comau.com\/fr\/?s={search_term_string}"},"query-input":{"@type":"PropertyValueSpecification","valueRequired":true,"valueName":"search_term_string"}}],"inLanguage":"fr-FR"},{"@type":"Organization","@id":"https:\/\/www.comau.com\/fr\/#organization","name":"Comau","url":"https:\/\/www.comau.com\/fr\/","logo":{"@type":"ImageObject","inLanguage":"fr-FR","@id":"https:\/\/www.comau.com\/fr\/#\/schema\/logo\/image\/","url":"https:\/\/www.comau.com\/wp-content\/uploads\/2024\/07\/cropped-Logo-COMAU.png","contentUrl":"https:\/\/www.comau.com\/wp-content\/uploads\/2024\/07\/cropped-Logo-COMAU.png","width":434,"height":434,"caption":"Comau"},"image":{"@id":"https:\/\/www.comau.com\/fr\/#\/schema\/logo\/image\/"},"sameAs":["https:\/\/www.facebook.com\/COMAU\/","https:\/\/x.com\/comaugroup","https:\/\/www.instagram.com\/comaugroup\/","https:\/\/www.linkedin.com\/company\/comau","https:\/\/www.youtube.com\/user\/comau"]}]}},"_links":{"self":[{"href":"https:\/\/www.comau.com\/fr\/wp-json\/wp\/v2\/pages\/6176","targetHints":{"allow":["GET"]}}],"collection":[{"href":"https:\/\/www.comau.com\/fr\/wp-json\/wp\/v2\/pages"}],"about":[{"href":"https:\/\/www.comau.com\/fr\/wp-json\/wp\/v2\/types\/page"}],"author":[{"embeddable":true,"href":"https:\/\/www.comau.com\/fr\/wp-json\/wp\/v2\/users\/11"}],"replies":[{"embeddable":true,"href":"https:\/\/www.comau.com\/fr\/wp-json\/wp\/v2\/comments?post=6176"}],"version-history":[{"count":8,"href":"https:\/\/www.comau.com\/fr\/wp-json\/wp\/v2\/pages\/6176\/revisions"}],"predecessor-version":[{"id":50535,"href":"https:\/\/www.comau.com\/fr\/wp-json\/wp\/v2\/pages\/6176\/revisions\/50535"}],"up":[{"embeddable":true,"href":"https:\/\/www.comau.com\/fr\/wp-json\/wp\/v2\/pages\/6166"}],"wp:featuredmedia":[{"embeddable":true,"href":"https:\/\/www.comau.com\/fr\/wp-json\/wp\/v2\/media\/5956"}],"wp:attachment":[{"href":"https:\/\/www.comau.com\/fr\/wp-json\/wp\/v2\/media?parent=6176"}],"curies":[{"name":"wp","href":"https:\/\/api.w.org\/{rel}","templated":true}]}}