{"id":6166,"date":"2021-07-01T00:04:28","date_gmt":"2021-06-30T22:04:28","guid":{"rendered":"https:\/\/www.comau.com\/?page_id=6166"},"modified":"2022-10-19T10:02:48","modified_gmt":"2022-10-19T08:02:48","slug":"electromobility","status":"publish","type":"page","link":"https:\/\/www.comau.com\/fr\/competencies\/electromobility\/","title":{"rendered":"E-mobilit\u00e9"},"content":{"rendered":"\n<h2 class=\"wp-block-heading\" id=\"know-how-right-now\">Apprenez comment maintenant<\/h2>\n\n\n\n<p>\u200bNotre expertise \u00e9prouv\u00e9e sur le terrain en automatisation, digitalisation et technologies intelligentes couvre toute la cha\u00eene de valeurs \u00e9lectriques en tirant parti d\u2019un ensemble de comp\u00e9tences unique issus de l\u2019exp\u00e9rience concr\u00e8te dans des dizaines de projets ex\u00e9cut\u00e9s \u00e0 l\u2019\u00e9chelle mondiale. Nous aidons des soci\u00e9t\u00e9s \u00e9tablies et \u00e9mergentes \u00e0 s\u2019engager ou \u00e0 \u00e9voluer dans leur parcours d\u2019\u00e9lectrification. Plus important encore, notre culture de l\u2019excellence de l\u2019innovation nous permet de concevoir des solutions personnalis\u00e9es concr\u00e8tes et durables qui vous aideront \u00e0 d\u00e9velopper rapidement vos activit\u00e9s.<\/p>\n\n\n\n<h2 class=\"wp-block-heading\" id=\"designed-innovation\">Innovation con\u00e7ue<\/h2>\n\n\n\n<p>\u200bOutre nos solutions \u00e9prouv\u00e9es sur le terrain et notre technologie exclusive, nous sommes sp\u00e9cialis\u00e9s dans l\u2019identification de vos besoins, en d\u00e9terminant notamment ceux qui ne sont pas satisfaits et en concevant ensuite des solutions d&rsquo;automatisation concr\u00e8tes et durables \u00e0 valeur ajout\u00e9e pour y r\u00e9pondre. En vous aidant \u00e0 faire \u00e9voluer vos id\u00e9es, Comau fait office de catalyseur de r\u00e9ussite pour des projets r\u00e9volutionnaires.<\/p>\n\n\n\n<figure class=\"wp-block-embed is-type-video is-provider-youtube wp-block-embed-youtube wp-embed-aspect-16-9 wp-has-aspect-ratio\"><div class=\"wp-block-embed__wrapper\">\n<iframe title=\"Know How Right Now\" width=\"640\" height=\"360\" src=\"https:\/\/www.youtube.com\/embed\/3Wk4GSaRjGE?feature=oembed\" frameborder=\"0\" allow=\"accelerometer; autoplay; clipboard-write; encrypted-media; gyroscope; picture-in-picture; web-share\" referrerpolicy=\"strict-origin-when-cross-origin\" allowfullscreen><\/iframe>\n<\/div><\/figure>\n\n\n\n<h2 class=\"wp-block-heading\" id=\"flexible-systems\">Syst\u00e8mes flexibles<\/h2>\n\n\n\n<p>Quand la pr\u00e9visibilit\u00e9 du march\u00e9 est faible, mais que les d\u00e9lais de commercialisation sont courts, la haute standardisation et la r\u00e9utilisabilit\u00e9 \u00e9lev\u00e9e de nos solutions de fabrication flexibles bas\u00e9es sur des arch\u00e9types vous donnent un avantage concurrentiel. Avec une approche modulaire et une adaptabilit\u00e9 de conception, nous vous aidons \u00e0 r\u00e9pondre de fa\u00e7on \u00e9conomique aux demandes variables du march\u00e9 de l\u2019\u00e9lectrification dans des d\u00e9lais tr\u00e8s comp\u00e9titifs. Qui plus est, nous comprenons que la flexibilit\u00e9 et l\u2019adaptabilit\u00e9 dans votre environnement de production est un facteur de r\u00e9ussite cl\u00e9, c\u2019est la raison pour laquelle nous sommes positionn\u00e9s de fa\u00e7on unique pour r\u00e9pondre \u00e0 vos besoins actuels et futurs avec des solutions sur lesquelles vous pouvez compter.<\/p>\n\n\n\n<ul class=\"wp-block-list\"><li>Syst\u00e8mes d\u2019assemblage et d\u2019usinage en flux tendu modulaires et \u00e9volutifs<\/li><li>Technologies de processus<\/li><li>Produits standard Comau<\/li><li>Solutions num\u00e9riques et architectures de l\u2019Industrie 4.0<\/li><li>Solutions logistiques int\u00e9gr\u00e9es<\/li><\/ul>\n\n\n\n<h2 class=\"wp-block-heading\" id=\"real-solutions-for-real-projects\">Des solutions r\u00e9elles pour des projets r\u00e9els<\/h2>\n\n\n\n<p>Parce que chaque client a des besoins diff\u00e9rents, notre \u00e9quipe d\u2019ing\u00e9nierie travaille en \u00e9troite collaboration avec vous pour identifier le meilleur produit et la solution de proc\u00e9d\u00e9 optimale pour le projet en question. Cette approche nous permet d\u2019amener une certaine logique et une m\u00e9thode dans le monde en constante \u00e9volution de l\u2019\u00e9lectrification, en cr\u00e9ant des solutions de pointe, des ressources personnalis\u00e9es et de nouvelles technologies avec une approche ax\u00e9e sur l\u2019innovation.<\/p>\n\n\n\n<div class=\"wp-block-buttons is-layout-flex wp-block-buttons-is-layout-flex\">\n<div class=\"wp-block-button\"><a class=\"wp-block-button__link\" href=\"https:\/\/www.comau.com\/en\/our-offer\/systems\/battery-manufacturing-and-assembly\/electromobility\/real-solutions-for-real-projects\/\">D\u00e9couvrir plus<\/a><\/div>\n<\/div>\n\n\n\n<h2 class=\"wp-block-heading\" id=\"single-source-provider\">Fournisseur unique<\/h2>\n\n\n\n<p>\u200bEn tant que partenaire en termes d\u2019\u00e9lectrification, nous agissons comme un partenaire cl\u00e9 en mains afin d\u2019harmoniser la collaboration entre les sp\u00e9cialistes, les soci\u00e9t\u00e9s de technologies et les int\u00e9grateurs de syst\u00e8mes afin d\u2019amener de nouvelles innovations et de nouveaux proc\u00e9d\u00e9s sur la table. Depuis les sources d\u2019\u00e9nergie au stockage et \u00e0 la transformation, nous avons tout pr\u00e9vu.<\/p>\n\n\n\n<h2 class=\"wp-block-heading\" id=\"offre-entierement-integree\">Offre enti\u00e8rement int\u00e9gr\u00e9e<\/h2>\n\n\n\n<div class=\"wp-block-columns columns-bg-dark is-layout-flex wp-container-core-columns-is-layout-9d6595d7 wp-block-columns-is-layout-flex\">\n<div class=\"wp-block-column is-layout-flow wp-block-column-is-layout-flow\">\n<h3 class=\"wp-block-heading\" id=\"battery-manufacturing-cells\">Cellules de fabrication de batteries<\/h3>\n\n\n\n<p>Nous vous aidons \u00e0 passer rapidement du prototype et du processus de validation \u00e0 l\u2019industrialisation compl\u00e8te. Faites confiance \u00e0 nos syst\u00e8mes d\u2019assemblage \u00e9prouv\u00e9s sur le terrain pour les ensembles de batteries et aux modules pour acc\u00e9l\u00e9rer votre d\u00e9lai de commercialisation.<\/p>\n\n\n\n<div class=\"wp-block-buttons is-layout-flex wp-block-buttons-is-layout-flex\">\n<div class=\"wp-block-button\"><a class=\"wp-block-button__link\" href=\"https:\/\/www.comau.com\/fr\/competencies\/electromobility\/battery-manufacturing\/\">Lire la suite<\/a><\/div>\n<\/div>\n<\/div>\n\n\n\n<div class=\"wp-block-column is-layout-flow wp-block-column-is-layout-flow\">\n<h3 class=\"wp-block-heading\" id=\"e-drive-manufacturing\">Fabrication e-Drive<\/h3>\n\n\n\n<p>Nous fournissons des syst\u00e8mes puissants pour toute la cha\u00eene cin\u00e9matique, depuis l\u2019assemblage et l\u2019\u00e9quilibrage jusqu\u2019\u00e0 l\u2019usinage et \u00e0 l\u2019assemblage de moteurs \u00e9lectriques et de transmissions \u00e9lectriques sans oublier les essais complets.<\/p>\n\n\n\n<div class=\"wp-block-buttons is-layout-flex wp-block-buttons-is-layout-flex\">\n<div class=\"wp-block-button\"><a class=\"wp-block-button__link\" href=\"https:\/\/www.comau.com\/fr\/competencies\/electromobility\/e-drives-and-transmission-assembly\/\">Lire la suite<\/a><\/div>\n<\/div>\n<\/div>\n<\/div>\n","protected":false},"excerpt":{"rendered":"<p>Apprenez comment maintenant \u200bNotre expertise \u00e9prouv\u00e9e sur le terrain en automatisation, digitalisation et technologies intelligentes couvre toute la cha\u00eene de valeurs \u00e9lectriques en tirant parti d\u2019un ensemble de comp\u00e9tences unique issus de l\u2019exp\u00e9rience concr\u00e8te dans des dizaines de projets ex\u00e9cut\u00e9s \u00e0 l\u2019\u00e9chelle mondiale. Nous aidons des soci\u00e9t\u00e9s \u00e9tablies et \u00e9mergentes \u00e0 s\u2019engager ou \u00e0 \u00e9voluer [&hellip;]<\/p>\n","protected":false},"author":11,"featured_media":5956,"parent":4762,"menu_order":4,"comment_status":"closed","ping_status":"closed","template":"","meta":{"_acf_changed":false,"ep_exclude_from_search":false,"footnotes":""},"class_list":["post-6166","page","type-page","status-publish","has-post-thumbnail","hentry"],"acf":[],"yoast_head":"<!-- This site is optimized with the Yoast SEO plugin v26.9 - https:\/\/yoast.com\/product\/yoast-seo-wordpress\/ -->\n<title>Mobilit\u00e9 \u00e9lectrique\u00a0: automatisation industrie automobile | Comau<\/title>\n<meta name=\"description\" content=\"D\u00e9couvrez les services Comau de gestion des processus de production pour l&#039;automatisation industrielle du secteur automobile !\" \/>\n<meta name=\"robots\" content=\"index, follow, max-snippet:-1, max-image-preview:large, max-video-preview:-1\" \/>\n<link rel=\"canonical\" href=\"https:\/\/www.comau.com\/fr\/competencies\/electromobility\/\" \/>\n<meta property=\"og:locale\" content=\"fr_FR\" \/>\n<meta property=\"og:type\" content=\"article\" \/>\n<meta property=\"og:title\" content=\"Mobilit\u00e9 \u00e9lectrique\u00a0: automatisation industrie automobile | Comau\" \/>\n<meta property=\"og:description\" content=\"D\u00e9couvrez les services Comau de gestion des processus de production pour l&#039;automatisation industrielle du secteur automobile !\" \/>\n<meta property=\"og:url\" content=\"https:\/\/www.comau.com\/fr\/competencies\/electromobility\/\" \/>\n<meta property=\"og:site_name\" content=\"Comau\" \/>\n<meta property=\"article:publisher\" content=\"https:\/\/www.facebook.com\/COMAU\/\" \/>\n<meta property=\"article:modified_time\" content=\"2022-10-19T08:02:48+00:00\" \/>\n<meta property=\"og:image\" content=\"https:\/\/www.comau.com\/wp-content\/uploads\/2021\/06\/emobility_header2.png\" \/>\n\t<meta property=\"og:image:width\" content=\"1280\" \/>\n\t<meta property=\"og:image:height\" content=\"485\" \/>\n\t<meta property=\"og:image:type\" content=\"image\/png\" \/>\n<meta name=\"twitter:card\" content=\"summary_large_image\" \/>\n<meta name=\"twitter:site\" content=\"@comaugroup\" \/>\n<meta name=\"twitter:label1\" content=\"Dur\u00e9e de lecture estim\u00e9e\" \/>\n\t<meta name=\"twitter:data1\" content=\"3 minutes\" \/>\n<script type=\"application\/ld+json\" class=\"yoast-schema-graph\">{\"@context\":\"https:\/\/schema.org\",\"@graph\":[{\"@type\":\"WebPage\",\"@id\":\"https:\/\/www.comau.com\/fr\/competencies\/electromobility\/\",\"url\":\"https:\/\/www.comau.com\/fr\/competencies\/electromobility\/\",\"name\":\"Mobilit\u00e9 \u00e9lectrique\u00a0: automatisation industrie automobile | Comau\",\"isPartOf\":{\"@id\":\"https:\/\/www.comau.com\/fr\/#website\"},\"primaryImageOfPage\":{\"@id\":\"https:\/\/www.comau.com\/fr\/competencies\/electromobility\/#primaryimage\"},\"image\":{\"@id\":\"https:\/\/www.comau.com\/fr\/competencies\/electromobility\/#primaryimage\"},\"thumbnailUrl\":\"https:\/\/www.comau.com\/wp-content\/uploads\/2021\/06\/emobility_header2.png\",\"datePublished\":\"2021-06-30T22:04:28+00:00\",\"dateModified\":\"2022-10-19T08:02:48+00:00\",\"description\":\"D\u00e9couvrez les services Comau de gestion des processus de production pour l'automatisation industrielle du secteur automobile !\",\"breadcrumb\":{\"@id\":\"https:\/\/www.comau.com\/fr\/competencies\/electromobility\/#breadcrumb\"},\"inLanguage\":\"fr-FR\",\"potentialAction\":[{\"@type\":\"ReadAction\",\"target\":[\"https:\/\/www.comau.com\/fr\/competencies\/electromobility\/\"]}]},{\"@type\":\"ImageObject\",\"inLanguage\":\"fr-FR\",\"@id\":\"https:\/\/www.comau.com\/fr\/competencies\/electromobility\/#primaryimage\",\"url\":\"https:\/\/www.comau.com\/wp-content\/uploads\/2021\/06\/emobility_header2.png\",\"contentUrl\":\"https:\/\/www.comau.com\/wp-content\/uploads\/2021\/06\/emobility_header2.png\",\"width\":1280,\"height\":485},{\"@type\":\"BreadcrumbList\",\"@id\":\"https:\/\/www.comau.com\/fr\/competencies\/electromobility\/#breadcrumb\",\"itemListElement\":[{\"@type\":\"ListItem\",\"position\":1,\"name\":\"Home\",\"item\":\"https:\/\/www.comau.com\/fr\/\"},{\"@type\":\"ListItem\",\"position\":2,\"name\":\"Nos comp\u00e9tences\",\"item\":\"https:\/\/www.comau.com\/fr\/competencies\/\"},{\"@type\":\"ListItem\",\"position\":3,\"name\":\"E-mobilit\u00e9\"}]},{\"@type\":\"WebSite\",\"@id\":\"https:\/\/www.comau.com\/fr\/#website\",\"url\":\"https:\/\/www.comau.com\/fr\/\",\"name\":\"Comau\",\"description\":\"Industrial automation and robotics\",\"publisher\":{\"@id\":\"https:\/\/www.comau.com\/fr\/#organization\"},\"potentialAction\":[{\"@type\":\"SearchAction\",\"target\":{\"@type\":\"EntryPoint\",\"urlTemplate\":\"https:\/\/www.comau.com\/fr\/?s={search_term_string}\"},\"query-input\":{\"@type\":\"PropertyValueSpecification\",\"valueRequired\":true,\"valueName\":\"search_term_string\"}}],\"inLanguage\":\"fr-FR\"},{\"@type\":\"Organization\",\"@id\":\"https:\/\/www.comau.com\/fr\/#organization\",\"name\":\"Comau\",\"url\":\"https:\/\/www.comau.com\/fr\/\",\"logo\":{\"@type\":\"ImageObject\",\"inLanguage\":\"fr-FR\",\"@id\":\"https:\/\/www.comau.com\/fr\/#\/schema\/logo\/image\/\",\"url\":\"https:\/\/www.comau.com\/wp-content\/uploads\/2024\/07\/cropped-Logo-COMAU.png\",\"contentUrl\":\"https:\/\/www.comau.com\/wp-content\/uploads\/2024\/07\/cropped-Logo-COMAU.png\",\"width\":434,\"height\":434,\"caption\":\"Comau\"},\"image\":{\"@id\":\"https:\/\/www.comau.com\/fr\/#\/schema\/logo\/image\/\"},\"sameAs\":[\"https:\/\/www.facebook.com\/COMAU\/\",\"https:\/\/x.com\/comaugroup\",\"https:\/\/www.instagram.com\/comaugroup\/\",\"https:\/\/www.linkedin.com\/company\/comau\",\"https:\/\/www.youtube.com\/user\/comau\"]}]}<\/script>\n<!-- \/ Yoast SEO plugin. -->","yoast_head_json":{"title":"Mobilit\u00e9 \u00e9lectrique\u00a0: automatisation industrie automobile | Comau","description":"D\u00e9couvrez les services Comau de gestion des processus de production pour l'automatisation industrielle du secteur automobile !","robots":{"index":"index","follow":"follow","max-snippet":"max-snippet:-1","max-image-preview":"max-image-preview:large","max-video-preview":"max-video-preview:-1"},"canonical":"https:\/\/www.comau.com\/fr\/competencies\/electromobility\/","og_locale":"fr_FR","og_type":"article","og_title":"Mobilit\u00e9 \u00e9lectrique\u00a0: automatisation industrie automobile | Comau","og_description":"D\u00e9couvrez les services Comau de gestion des processus de production pour l'automatisation industrielle du secteur automobile !","og_url":"https:\/\/www.comau.com\/fr\/competencies\/electromobility\/","og_site_name":"Comau","article_publisher":"https:\/\/www.facebook.com\/COMAU\/","article_modified_time":"2022-10-19T08:02:48+00:00","og_image":[{"width":1280,"height":485,"url":"https:\/\/www.comau.com\/wp-content\/uploads\/2021\/06\/emobility_header2.png","type":"image\/png"}],"twitter_card":"summary_large_image","twitter_site":"@comaugroup","twitter_misc":{"Dur\u00e9e de lecture estim\u00e9e":"3 minutes"},"schema":{"@context":"https:\/\/schema.org","@graph":[{"@type":"WebPage","@id":"https:\/\/www.comau.com\/fr\/competencies\/electromobility\/","url":"https:\/\/www.comau.com\/fr\/competencies\/electromobility\/","name":"Mobilit\u00e9 \u00e9lectrique\u00a0: automatisation industrie automobile | Comau","isPartOf":{"@id":"https:\/\/www.comau.com\/fr\/#website"},"primaryImageOfPage":{"@id":"https:\/\/www.comau.com\/fr\/competencies\/electromobility\/#primaryimage"},"image":{"@id":"https:\/\/www.comau.com\/fr\/competencies\/electromobility\/#primaryimage"},"thumbnailUrl":"https:\/\/www.comau.com\/wp-content\/uploads\/2021\/06\/emobility_header2.png","datePublished":"2021-06-30T22:04:28+00:00","dateModified":"2022-10-19T08:02:48+00:00","description":"D\u00e9couvrez les services Comau de gestion des processus de production pour l'automatisation industrielle du secteur automobile !","breadcrumb":{"@id":"https:\/\/www.comau.com\/fr\/competencies\/electromobility\/#breadcrumb"},"inLanguage":"fr-FR","potentialAction":[{"@type":"ReadAction","target":["https:\/\/www.comau.com\/fr\/competencies\/electromobility\/"]}]},{"@type":"ImageObject","inLanguage":"fr-FR","@id":"https:\/\/www.comau.com\/fr\/competencies\/electromobility\/#primaryimage","url":"https:\/\/www.comau.com\/wp-content\/uploads\/2021\/06\/emobility_header2.png","contentUrl":"https:\/\/www.comau.com\/wp-content\/uploads\/2021\/06\/emobility_header2.png","width":1280,"height":485},{"@type":"BreadcrumbList","@id":"https:\/\/www.comau.com\/fr\/competencies\/electromobility\/#breadcrumb","itemListElement":[{"@type":"ListItem","position":1,"name":"Home","item":"https:\/\/www.comau.com\/fr\/"},{"@type":"ListItem","position":2,"name":"Nos comp\u00e9tences","item":"https:\/\/www.comau.com\/fr\/competencies\/"},{"@type":"ListItem","position":3,"name":"E-mobilit\u00e9"}]},{"@type":"WebSite","@id":"https:\/\/www.comau.com\/fr\/#website","url":"https:\/\/www.comau.com\/fr\/","name":"Comau","description":"Industrial automation and robotics","publisher":{"@id":"https:\/\/www.comau.com\/fr\/#organization"},"potentialAction":[{"@type":"SearchAction","target":{"@type":"EntryPoint","urlTemplate":"https:\/\/www.comau.com\/fr\/?s={search_term_string}"},"query-input":{"@type":"PropertyValueSpecification","valueRequired":true,"valueName":"search_term_string"}}],"inLanguage":"fr-FR"},{"@type":"Organization","@id":"https:\/\/www.comau.com\/fr\/#organization","name":"Comau","url":"https:\/\/www.comau.com\/fr\/","logo":{"@type":"ImageObject","inLanguage":"fr-FR","@id":"https:\/\/www.comau.com\/fr\/#\/schema\/logo\/image\/","url":"https:\/\/www.comau.com\/wp-content\/uploads\/2024\/07\/cropped-Logo-COMAU.png","contentUrl":"https:\/\/www.comau.com\/wp-content\/uploads\/2024\/07\/cropped-Logo-COMAU.png","width":434,"height":434,"caption":"Comau"},"image":{"@id":"https:\/\/www.comau.com\/fr\/#\/schema\/logo\/image\/"},"sameAs":["https:\/\/www.facebook.com\/COMAU\/","https:\/\/x.com\/comaugroup","https:\/\/www.instagram.com\/comaugroup\/","https:\/\/www.linkedin.com\/company\/comau","https:\/\/www.youtube.com\/user\/comau"]}]}},"_links":{"self":[{"href":"https:\/\/www.comau.com\/fr\/wp-json\/wp\/v2\/pages\/6166","targetHints":{"allow":["GET"]}}],"collection":[{"href":"https:\/\/www.comau.com\/fr\/wp-json\/wp\/v2\/pages"}],"about":[{"href":"https:\/\/www.comau.com\/fr\/wp-json\/wp\/v2\/types\/page"}],"author":[{"embeddable":true,"href":"https:\/\/www.comau.com\/fr\/wp-json\/wp\/v2\/users\/11"}],"replies":[{"embeddable":true,"href":"https:\/\/www.comau.com\/fr\/wp-json\/wp\/v2\/comments?post=6166"}],"version-history":[{"count":18,"href":"https:\/\/www.comau.com\/fr\/wp-json\/wp\/v2\/pages\/6166\/revisions"}],"predecessor-version":[{"id":48475,"href":"https:\/\/www.comau.com\/fr\/wp-json\/wp\/v2\/pages\/6166\/revisions\/48475"}],"up":[{"embeddable":true,"href":"https:\/\/www.comau.com\/fr\/wp-json\/wp\/v2\/pages\/4762"}],"wp:featuredmedia":[{"embeddable":true,"href":"https:\/\/www.comau.com\/fr\/wp-json\/wp\/v2\/media\/5956"}],"wp:attachment":[{"href":"https:\/\/www.comau.com\/fr\/wp-json\/wp\/v2\/media?parent=6166"}],"curies":[{"name":"wp","href":"https:\/\/api.w.org\/{rel}","templated":true}]}}